{"id":2038,"date":"2024-04-19T14:36:49","date_gmt":"2024-04-19T14:36:49","guid":{"rendered":"https:\/\/nfc-readers.com\/?post_type=product&#038;p=2038"},"modified":"2024-09-29T07:24:42","modified_gmt":"2024-09-29T07:24:42","slug":"d20-smart-mpos","status":"publish","type":"product","link":"https:\/\/nfc-readers.com\/vi\/ic-reader\/d20-smart-mpos\/","title":{"rendered":"MPO th\u00f4ng minh D20"},"content":{"rendered":"<h1>MPO th\u00f4ng minh D20<\/h1>\n<div class=\"p\">M\u00e1y POS th\u00f4ng minh Android \u0111\u01b0\u1ee3c thi\u1ebft k\u1ebf ti\u1ec7n d\u1ee5ng, v\u1eeba v\u1eb7n trong tay. M\u00e0n h\u00ecnh c\u1ea3m \u1ee9ng 4\u201d, m\u00e1y qu\u00e9t m\u00e3 QR v\u00e0 nhi\u1ec1u t\u00f9y ch\u1ecdn k\u1ebft n\u1ed1i \u0111a d\u1ea1ng s\u1ebd ch\u00e0o \u0111\u00f3n b\u1ea1n v\u1edbi tr\u1ea3i nghi\u1ec7m thanh to\u00e1n tho\u1ea3i m\u00e1i h\u01a1n.<\/div>\n<div><\/div>\n<div class=\"p_list\">\n<div class=\"span clearfix\">Hi\u1ec7u su\u1ea5t cao<\/div>\n<div><\/div>\n<div class=\"span clearfix\">\u0110a k\u1ebft n\u1ed1i: 4G\/3G\/2G\/WIFI\/BT<\/div>\n<div><\/div>\n<div class=\"span clearfix\">H\u1ed7 tr\u1ee3 thanh to\u00e1n ho\u00e0n ch\u1ec9nh: MSR\/IC\/NFC<\/div>\n<div><\/div>\n<\/div>\n<table width=\"539\">\n<tbody>\n<tr>\n<td width=\"166\">h\u1ec7 \u0111i\u1ec1u h\u00e0nh<\/td>\n<td width=\"373\">Android 10<\/td>\n<\/tr>\n<tr>\n<td width=\"166\"><\/td>\n<td rowspan=\"2\" width=\"373\">CPU \u1ee9ng d\u1ee5ng: 4*A53@ 1.8GHz CPU b\u1ea3o m\u1eadt: ARM 32-bit 192 MHz<\/td>\n<\/tr>\n<tr>\n<td width=\"166\">B\u1ed9 x\u1eed l\u00fd<\/td>\n<\/tr>\n<tr>\n<td rowspan=\"2\" width=\"166\">K\u00fd \u1ee9c<\/td>\n<td width=\"373\">1GB + 16GB<\/td>\n<\/tr>\n<tr>\n<td width=\"373\">2GB + 16GB (T\u00f9y ch\u1ecdn)<\/td>\n<\/tr>\n<tr>\n<td width=\"166\"><\/td>\n<td width=\"373\">M\u00e0n h\u00ecnh IPS 4.0\u201d 480*800 TFT<\/td>\n<\/tr>\n<tr>\n<td width=\"166\">Tr\u01b0ng b\u00e0y<\/td>\n<td width=\"373\">M\u00e0n h\u00ecnh c\u1ea3m \u1ee9ng<\/td>\n<\/tr>\n<tr>\n<td width=\"166\"><\/td>\n<td width=\"373\">LTE t\u00f4i WCDMA v\u00e0 GSM<\/td>\n<\/tr>\n<tr>\n<td width=\"166\">Truy\u1ec1n th\u00f4ng<\/td>\n<td width=\"373\">Bluetooth 5.0 I WiFi: 802.11 a\/b\/g\/n\/ac, 2.4GHz&amp;5G, H\u1ed7 tr\u1ee3 AP<\/td>\n<\/tr>\n<tr>\n<td width=\"166\">\u0110\u1ecbnh v\u1ecb v\u1ec7 tinh<\/td>\n<td width=\"373\">GPS | A-GPS | GLONASS<\/td>\n<\/tr>\n<tr>\n<td width=\"166\">M\u00e1y \u1ea3nh<\/td>\n<td width=\"373\">Ph\u00eda sau: 0,3M FF pixel<\/td>\n<\/tr>\n<tr>\n<td width=\"166\">\u0110\u1ea7u \u0111\u1ecdc th\u1ebb EMV<\/td>\n<td width=\"373\">EMV L1&amp;L2<\/td>\n<\/tr>\n<tr>\n<td width=\"166\">\u0110\u1ea7u \u0111\u1ecdc NFC<\/td>\n<td width=\"373\">EMV kh\u00f4ng ti\u1ebfp x\u00fac L1<\/td>\n<\/tr>\n<tr>\n<td width=\"166\">\u0110\u1ea7u \u0111\u1ecdc th\u1ebb s\u1ecdc t\u1eeb<\/td>\n<td width=\"373\">ISO-7811\/7813\/7810<\/td>\n<\/tr>\n<tr>\n<td width=\"166\"><\/td>\n<td width=\"373\">PCI PTS 5.x SRED<\/td>\n<\/tr>\n<tr>\n<td width=\"166\"><\/td>\n<td width=\"373\">EMV L1&amp;L2, EMV kh\u00f4ng ti\u1ebfp x\u00fac L1<\/td>\n<\/tr>\n<tr>\n<td width=\"166\">Ch\u1ee9ng nh\u1eadn<\/td>\n<td width=\"373\">Visa Paywave, MasterCard Paypass, Amex Expresspay Discovery D-PAS, Rupay qSPARC<\/td>\n<\/tr>\n<tr>\n<td width=\"166\"><\/td>\n<td width=\"373\">B\u1ea3o m\u1eadt PCI PIN, MasterCard TQM CE, FCC, BQB, RoHS, WEEE<\/td>\n<\/tr>\n<tr>\n<td width=\"166\">B\u1ed9 chuy\u1ec3n \u0111\u1ed5i<\/td>\n<td width=\"373\">DC 5V\/1A<\/td>\n<\/tr>\n<tr>\n<td width=\"166\">\u1eaec quy<\/td>\n<td width=\"373\">4,35V\/2450mAh<\/td>\n<\/tr>\n<tr>\n<td width=\"166\">\u00c2m thanh<\/td>\n<td width=\"373\">Loa<\/td>\n<\/tr>\n<tr>\n<td width=\"166\"><\/td>\n<td width=\"373\">1 Lo\u1ea1i C (OTG)<\/td>\n<\/tr>\n<tr>\n<td width=\"166\">C\u1ed5ng ngo\u1ea1i vi<\/td>\n<td width=\"373\">1 Nano SIM + 1 Mini SIM + 1 Mini SAM<\/td>\n<\/tr>\n<tr>\n<td width=\"166\"><\/td>\n<td width=\"373\">1 Khe c\u1eafm th\u1ebb nh\u1edb Micro SD, h\u1ed7 tr\u1ee3 l\u00ean t\u1edbi 32 GB<\/td>\n<\/tr>\n<tr>\n<td width=\"166\"><\/td>\n<td width=\"373\">Nhi\u1ec7t \u0111\u1ed9 ho\u1ea1t \u0111\u1ed9ng: 0oC \u0111\u1ebfn + 45oC<\/td>\n<\/tr>\n<tr>\n<td width=\"166\">\u0110i\u1ec1u ki\u1ec7n m\u00f4i tr\u01b0\u1eddng<\/td>\n<td width=\"373\">Nhi\u1ec7t \u0111\u1ed9 b\u1ea3o qu\u1ea3n: 0oC \u0111\u1ebfn + 50oC<\/td>\n<\/tr>\n<tr>\n<td width=\"166\"><\/td>\n<td width=\"373\">\u0110\u1ed9 \u1ea9m t\u01b0\u01a1ng \u0111\u1ed1i: 10% \u0111\u1ebfn 90% kh\u00f4ng ng\u01b0ng t\u1ee5<\/td>\n<\/tr>\n<tr>\n<td width=\"166\">K\u00edch th\u01b0\u1edbc<\/td>\n<td width=\"373\">129mm x 68,5mm x 17,4mm, 168g (\u0110\u00e3 bao g\u1ed3m pin)<\/td>\n<\/tr>\n<\/tbody>\n<\/table>","protected":false},"excerpt":{"rendered":"<p>Thi\u1ebft b\u1ecb mPOS Android ti\u1ec7n d\u1ee5ng n\u00e0y c\u00f3 m\u00e0n h\u00ecnh c\u1ea3m \u1ee9ng 4 inch v\u00e0 m\u00e1y qu\u00e9t m\u00e3 QR, \u0111\u1ea3m b\u1ea3o tr\u1ea3i nghi\u1ec7m thanh to\u00e1n li\u1ec1n m\u1ea1ch v\u1edbi c\u00e1c t\u00f9y ch\u1ecdn k\u1ebft n\u1ed1i m\u1ea1nh m\u1ebd.<\/p>","protected":false},"featured_media":2039,"template":"","meta":[],"product_brand":[],"product_cat":[15],"product_tag":[],"class_list":{"0":"post-2038","1":"product","2":"type-product","3":"status-publish","4":"has-post-thumbnail","6":"product_cat-pos-machine","8":"first","9":"instock","10":"shipping-taxable","11":"product-type-simple"},"_links":{"self":[{"href":"https:\/\/nfc-readers.com\/vi\/wp-json\/wp\/v2\/product\/2038","targetHints":{"allow":["GET"]}}],"collection":[{"href":"https:\/\/nfc-readers.com\/vi\/wp-json\/wp\/v2\/product"}],"about":[{"href":"https:\/\/nfc-readers.com\/vi\/wp-json\/wp\/v2\/types\/product"}],"wp:featuredmedia":[{"embeddable":true,"href":"https:\/\/nfc-readers.com\/vi\/wp-json\/wp\/v2\/media\/2039"}],"wp:attachment":[{"href":"https:\/\/nfc-readers.com\/vi\/wp-json\/wp\/v2\/media?parent=2038"}],"wp:term":[{"taxonomy":"product_brand","embeddable":true,"href":"https:\/\/nfc-readers.com\/vi\/wp-json\/wp\/v2\/product_brand?post=2038"},{"taxonomy":"product_cat","embeddable":true,"href":"https:\/\/nfc-readers.com\/vi\/wp-json\/wp\/v2\/product_cat?post=2038"},{"taxonomy":"product_tag","embeddable":true,"href":"https:\/\/nfc-readers.com\/vi\/wp-json\/wp\/v2\/product_tag?post=2038"}],"curies":[{"name":"wp","href":"https:\/\/api.w.org\/{rel}","templated":true}]}}