{"id":2052,"date":"2024-10-20T12:32:11","date_gmt":"2024-10-20T12:32:11","guid":{"rendered":"https:\/\/nfc-readers.com\/?post_type=product&#038;p=2052"},"modified":"2024-10-28T13:56:29","modified_gmt":"2024-10-28T13:56:29","slug":"mifare-desfire-ev2-2k-4k-8k-card","status":"publish","type":"product","link":"https:\/\/nfc-readers.com\/vi\/ic-reader\/mifare-desfire-ev2-2k-4k-8k-card\/","title":{"rendered":"\u00a0Th\u1ebb MIFARE Desfire EV2 2K 4K 8K\u00a0"},"content":{"rendered":"<h1><span class=\"AnswerParser_TextContainer__z_Iiv\" data-testid=\"youchat-text\">\u00a0<strong>Th\u1ebb MIFARE Desfire EV2 2K 4K 8K<\/strong>\u00a0<\/span><\/h1>\n<p><span class=\"AnswerParser_TextContainer__z_Iiv\" data-testid=\"youchat-text\"><strong>Th\u1ebb MIFARE Desfire EV2 2K 4K 8K<\/strong>\u00a0n\u1ed5i b\u1eadt nh\u01b0 m\u1ed9t ng\u1ecdn h\u1ea3i \u0111\u0103ng c\u1ee7a s\u1ef1 \u0111\u1ed5i m\u1edbi v\u00e0 \u0111\u1ed9 tin c\u1eady. \u0110\u01b0\u1ee3c thi\u1ebft k\u1ebf b\u1edfi NXP, th\u1ebb n\u00e0y l\u00e0 s\u1ef1 ph\u00e1t tri\u1ec3n th\u1ee9 hai trong d\u00f2ng MIFARE DESFire, cung c\u1ea5p kh\u1ea3 n\u0103ng b\u1ea3o m\u1eadt n\u00e2ng cao, hi\u1ec7u su\u1ea5t v\u01b0\u1ee3t tr\u1ed9i v\u00e0 h\u1ed7 tr\u1ee3 nhi\u1ec1u \u1ee9ng d\u1ee5ng. Cho d\u00f9 l\u00e0 \u0111\u1ec3 b\u00e1n v\u00e9 ph\u01b0\u01a1ng ti\u1ec7n giao th\u00f4ng c\u00f4ng c\u1ed9ng, qu\u1ea3n l\u00fd truy c\u1eadp an to\u00e0n hay thanh to\u00e1n vi m\u00f4, MIFARE Desfire EV2 l\u00e0 s\u1ef1 l\u1ef1a ch\u1ecdn l\u00fd t\u01b0\u1edfng cho c\u00e1c nh\u00e0 \u0111i\u1ec1u h\u00e0nh v\u00e0 nh\u00e0 ph\u00e1t tri\u1ec3n h\u1ec7 th\u1ed1ng \u0111ang t\u00ecm ki\u1ebfm c\u00e1c gi\u1ea3i ph\u00e1p kh\u00f4ng ti\u1ebfp x\u00fac c\u00f3 kh\u1ea3 n\u0103ng m\u1edf r\u1ed9ng v\u00e0 t\u01b0\u01a1ng t\u00e1c.<\/span><\/p>\n<h2 class=\"AnswerParser_AnswerParserH2__SIHnF\">B\u1ea3o m\u1eadt v\u00e0 hi\u1ec7u su\u1ea5t v\u00f4 song<\/h2>\n<p><span class=\"AnswerParser_TextContainer__z_Iiv\" data-testid=\"youchat-text\">C\u00e1c\u00a0<strong>MIFARE Desfire EV2<\/strong>\u00a0\u0111\u01b0\u1ee3c x\u00e2y d\u1ef1ng tr\u00ean c\u00e1c ti\u00eau chu\u1ea9n to\u00e0n c\u1ea7u m\u1edf, \u0111\u1ea3m b\u1ea3o kh\u1ea3 n\u0103ng t\u01b0\u01a1ng th\u00edch v\u00e0 b\u1ea3o m\u1eadt tr\u00ean nhi\u1ec1u \u1ee9ng d\u1ee5ng kh\u00e1c nhau. N\u00f3 h\u1ed7 tr\u1ee3 c\u00e1c thu\u1eadt to\u00e1n m\u00e3 h\u00f3a ph\u1ea7n c\u1ee9ng DES, 2K3DES, 3K3DES v\u00e0 AES, cung c\u1ea5p kh\u1ea3 n\u0103ng b\u1ea3o v\u1ec7 m\u1ea1nh m\u1ebd cho vi\u1ec7c truy\u1ec1n d\u1eef li\u1ec7u. Th\u1ebb n\u00e0y \u0111\u01b0\u1ee3c ch\u1ee9ng nh\u1eadn theo Ti\u00eau chu\u1ea9n chung EAL5+, m\u1ee9c \u0111\u1ed9 b\u1ea3o m\u1eadt t\u01b0\u01a1ng \u0111\u01b0\u01a1ng v\u1edbi m\u1ee9c \u0111\u01b0\u1ee3c s\u1eed d\u1ee5ng trong th\u1ebb ng\u00e2n h\u00e0ng v\u00e0 h\u1ed9 chi\u1ebfu \u0111i\u1ec7n t\u1eed, \u0111\u1ea3m b\u1ea3o r\u1eb1ng c\u00e1c giao d\u1ecbch c\u1ee7a b\u1ea1n an to\u00e0n v\u00e0 \u0111\u00e1ng tin c\u1eady.<\/span><\/p>\n<h3 class=\"AnswerParser_AnswerParserH3__Mpe4s\">Kh\u1ea3 n\u0103ng \u0111a \u1ee9ng d\u1ee5ng<\/h3>\n<p><span class=\"AnswerParser_TextContainer__z_Iiv\" data-testid=\"youchat-text\">M\u1ed9t trong nh\u1eefng t\u00ednh n\u0103ng n\u1ed5i b\u1eadt c\u1ee7a\u00a0<strong>MIFARE Desfire EV2<\/strong>\u00a0l\u00e0 kh\u1ea3 n\u0103ng h\u1ed7 tr\u1ee3 nhi\u1ec1u \u1ee9ng d\u1ee5ng tr\u00ean m\u1ed9t th\u1ebb duy nh\u1ea5t. T\u00ednh linh ho\u1ea1t n\u00e0y cho ph\u00e9p t\u00edch h\u1ee3p nhi\u1ec1u d\u1ecbch v\u1ee5 kh\u00e1c nhau, ch\u1eb3ng h\u1ea1n nh\u01b0 ph\u01b0\u01a1ng ti\u1ec7n giao th\u00f4ng c\u00f4ng c\u1ed9ng, chia s\u1ebb \u00f4 t\u00f4 ho\u1eb7c xe \u0111\u1ea1p v\u00e0 quy\u1ec1n truy c\u1eadp v\u00e0o c\u00e1c \u0111i\u1ec3m tham quan c\u1ee7a th\u00e0nh ph\u1ed1, t\u1ea5t c\u1ea3 tr\u00ean m\u1ed9t th\u1ebb. Kh\u1ea3 n\u0103ng n\u00e0y kh\u00f4ng ch\u1ec9 \u0111\u01a1n gi\u1ea3n h\u00f3a tr\u1ea3i nghi\u1ec7m c\u1ee7a ng\u01b0\u1eddi d\u00f9ng m\u00e0 c\u00f2n h\u1ed7 tr\u1ee3 c\u00e1c m\u00f4 h\u00ecnh kinh doanh m\u1edbi b\u1eb1ng c\u00e1ch k\u1ebft h\u1ee3p c\u00e1c d\u1ecbch v\u1ee5 nh\u01b0 \u1ee9ng d\u1ee5ng thanh to\u00e1n \u0111i\u1ec7n t\u1eed v\u00f2ng k\u00edn v\u00e0 c\u00e1c ch\u01b0\u01a1ng tr\u00ecnh kh\u00e1ch h\u00e0ng th\u00e2n thi\u1ebft t\u1ea1i \u0111\u1ecba ph\u01b0\u01a1ng\u00a0<\/span><\/p>\n<h3 class=\"AnswerParser_AnswerParserH3__Mpe4s\">Th\u00f4ng s\u1ed1 k\u1ef9 thu\u1eadt<\/h3>\n<p><span class=\"AnswerParser_TextContainer__z_Iiv\" data-testid=\"youchat-text\">C\u00e1c\u00a0<strong>MIFARE Desfire EV2<\/strong>\u00a0cung c\u1ea5p nhi\u1ec1u t\u00f9y ch\u1ecdn b\u1ed9 nh\u1edb, bao g\u1ed3m 2K, 4K v\u00e0 8K byte, cho ph\u00e9p l\u01b0u tr\u1eef d\u1eef li\u1ec7u v\u00e0 qu\u1ea3n l\u00fd \u1ee9ng d\u1ee5ng r\u1ed9ng r\u00e3i. N\u00f3 tu\u00e2n th\u1ee7 c\u00e1c ti\u00eau chu\u1ea9n ISO\/IEC 14443A v\u00e0 h\u1ed7 tr\u1ee3 c\u00e1c l\u1ec7nh ISO\/IEC 7816-4 t\u00f9y ch\u1ecdn, \u0111\u1ea3m b\u1ea3o kh\u1ea3 n\u0103ng t\u01b0\u01a1ng t\u00e1c v\u1edbi c\u01a1 s\u1edf h\u1ea1 t\u1ea7ng \u0111\u1ea7u \u0111\u1ecdc NFC hi\u1ec7n c\u00f3. T\u1ed1c \u0111\u1ed9 truy\u1ec1n d\u1eef li\u1ec7u nhanh c\u1ee7a th\u1ebb, t\u1eeb 106 kbit\/gi\u00e2y \u0111\u1ebfn 848 kbit\/gi\u00e2y, \u0111\u1ea3m b\u1ea3o c\u00e1c giao d\u1ecbch hi\u1ec7u qu\u1ea3 v\u00e0 nhanh ch\u00f3ng.<\/span><\/p>\n<div class=\"AnswerParser_TableContainer__Erb6v\" data-testid=\"table-container\">\n<table style=\"height: 195px;\" width=\"657\">\n<thead>\n<tr>\n<th>\n<p style=\"text-align: left;\">\u0110\u1eb7c \u0111i\u1ec3m k\u1ef9 thu\u1eadt<\/p>\n<\/th>\n<th style=\"text-align: left;\">Chi ti\u1ebft<\/th>\n<\/tr>\n<\/thead>\n<tbody>\n<tr>\n<td>T\u00f9y ch\u1ecdn b\u1ed9 nh\u1edb<\/td>\n<td>2K, 4K, 8K byte<\/td>\n<\/tr>\n<tr>\n<td>M\u00e3 h\u00f3a<\/td>\n<td>DES, 2K3DES, 3K3DES, AES<\/td>\n<\/tr>\n<tr>\n<td>Ch\u1ee9ng nh\u1eadn<\/td>\n<td>Ti\u00eau chu\u1ea9n chung EAL5+<\/td>\n<\/tr>\n<tr>\n<td>T\u1ed1c \u0111\u1ed9 truy\u1ec1n d\u1eef li\u1ec7u<\/td>\n<td>106 kbit\/gi\u00e2y \u0111\u1ebfn 848 kbit\/gi\u00e2y<\/td>\n<\/tr>\n<tr>\n<td>Ti\u00eau chu\u1ea9n<\/td>\n<td>Ti\u00eau chu\u1ea9n ISO\/IEC 14443A, Ti\u00eau chu\u1ea9n ISO\/IEC 7816-4<\/td>\n<\/tr>\n<\/tbody>\n<\/table>\n<\/div>\n<h2 class=\"AnswerParser_AnswerParserH2__SIHnF\">\u1ee8ng d\u1ee5ng \u0111a n\u0103ng<\/h2>\n<h3 class=\"AnswerParser_AnswerParserH3__Mpe4s\">V\u00e9 giao th\u00f4ng c\u00f4ng c\u1ed9ng an to\u00e0n<\/h3>\n<p><span class=\"AnswerParser_TextContainer__z_Iiv\" data-testid=\"youchat-text\">C\u00e1c\u00a0<strong>MIFARE Desfire EV2<\/strong>\u00a0l\u00fd t\u01b0\u1edfng cho vi\u1ec7c b\u00e1n v\u00e9 ph\u01b0\u01a1ng ti\u1ec7n giao th\u00f4ng c\u00f4ng c\u1ed9ng an to\u00e0n, cung c\u1ea5p gi\u1ea3i ph\u00e1p \u0111\u00e1ng tin c\u1eady v\u00e0 hi\u1ec7u qu\u1ea3 \u0111\u1ec3 qu\u1ea3n l\u00fd vi\u1ec7c thu ti\u1ec1n v\u00e9 v\u00e0 ki\u1ec3m so\u00e1t ra v\u00e0o. C\u00e1c t\u00ednh n\u0103ng b\u1ea3o m\u1eadt m\u1ea1nh m\u1ebd c\u1ee7a n\u00f3 \u0111\u1ea3m b\u1ea3o r\u1eb1ng c\u00e1c giao d\u1ecbch \u0111\u01b0\u1ee3c b\u1ea3o v\u1ec7 ch\u1ed1ng l\u1ea1i gian l\u1eadn, mang l\u1ea1i s\u1ef1 an t\u00e2m cho c\u1ea3 ng\u01b0\u1eddi v\u1eadn h\u00e0nh v\u00e0 ng\u01b0\u1eddi d\u00f9ng.<\/span><\/p>\n<h3 class=\"AnswerParser_AnswerParserH3__Mpe4s\">Th\u1ebb di chuy\u1ec3n v\u00e0 th\u00e0nh ph\u1ed1 th\u00f4ng minh \u0111a \u1ee9ng d\u1ee5ng<\/h3>\n<p><span class=\"AnswerParser_TextContainer__z_Iiv\" data-testid=\"youchat-text\">Trong m\u00f4i tr\u01b0\u1eddng th\u00e0nh ph\u1ed1 th\u00f4ng minh,\u00a0<strong>MIFARE Desfire EV2<\/strong>\u00a0\u0111\u00f3ng vai tr\u00f2 l\u00e0 th\u1ebb \u0111a \u1ee9ng d\u1ee5ng, t\u00edch h\u1ee3p nhi\u1ec1u d\u1ecbch v\u1ee5 kh\u00e1c nhau nh\u01b0 giao th\u00f4ng c\u00f4ng c\u1ed9ng, b\u00e3i \u0111\u1eadu xe v\u00e0 ti\u1ebfp c\u1eadn c\u00e1c ti\u1ec7n \u00edch c\u1ee7a th\u00e0nh ph\u1ed1. S\u1ef1 t\u00edch h\u1ee3p n\u00e0y gi\u00fap \u0111\u01a1n gi\u1ea3n h\u00f3a tr\u1ea3i nghi\u1ec7m c\u1ee7a ng\u01b0\u1eddi d\u00f9ng v\u00e0 n\u00e2ng cao hi\u1ec7u qu\u1ea3 c\u1ee7a c\u00e1c gi\u1ea3i ph\u00e1p di chuy\u1ec3n trong \u0111\u00f4 th\u1ecb.<\/span><\/p>\n<h3 class=\"AnswerParser_AnswerParserH3__Mpe4s\">Qu\u1ea3n l\u00fd truy c\u1eadp an to\u00e0n<\/h3>\n<p><span class=\"AnswerParser_TextContainer__z_Iiv\" data-testid=\"youchat-text\">\u0110\u1ed1i v\u1edbi c\u00e1c t\u1ed5 ch\u1ee9c y\u00eau c\u1ea7u qu\u1ea3n l\u00fd truy c\u1eadp an to\u00e0n,\u00a0<strong>MIFARE Desfire EV2<\/strong>\u00a0cung c\u1ea5p gi\u1ea3i ph\u00e1p \u0111\u00e1ng tin c\u1eady. Ph\u01b0\u01a1ng ph\u00e1p m\u00e3 h\u00f3a v\u00e0 x\u00e1c th\u1ef1c ti\u00ean ti\u1ebfn \u0111\u1ea3m b\u1ea3o ch\u1ec9 nh\u1eefng c\u00e1 nh\u00e2n \u0111\u01b0\u1ee3c \u1ee7y quy\u1ec1n m\u1edbi c\u00f3 th\u1ec3 truy c\u1eadp v\u00e0o c\u00e1c khu v\u1ef1c nh\u1ea1y c\u1ea3m, t\u0103ng c\u01b0\u1eddng b\u1ea3o m\u1eadt v\u00e0 hi\u1ec7u qu\u1ea3 ho\u1ea1t \u0111\u1ed9ng.<\/span><\/p>\n<h2 class=\"AnswerParser_AnswerParserH2__SIHnF\">\u0110\u00e1nh gi\u00e1 v\u00e0 l\u1eddi ch\u1ee9ng th\u1ef1c c\u1ee7a kh\u00e1ch h\u00e0ng<\/h2>\n<p><span class=\"AnswerParser_TextContainer__z_Iiv\" data-testid=\"youchat-text\"><strong>Ng\u01b0\u1eddi s\u1eed d\u1ee5ng MIFARE Desfire EV2<\/strong>\u00a0\u0111\u00e3 li\u00ean t\u1ee5c ca ng\u1ee3i \u0111\u1ed9 tin c\u1eady v\u00e0 t\u00ednh linh ho\u1ea1t c\u1ee7a n\u00f3. M\u1ed9t kh\u00e1ch h\u00e0ng l\u01b0u \u00fd, \u201cKh\u1ea3 n\u0103ng t\u00edch h\u1ee3p nhi\u1ec1u \u1ee9ng d\u1ee5ng tr\u00ean m\u1ed9t th\u1ebb duy nh\u1ea5t \u0111\u00e3 h\u1ee3p l\u00fd h\u00f3a ho\u1ea1t \u0111\u1ed9ng c\u1ee7a ch\u00fang t\u00f4i \u0111\u00e1ng k\u1ec3.\u201d M\u1ed9t ng\u01b0\u1eddi d\u00f9ng kh\u00e1c nh\u1ea5n m\u1ea1nh c\u00e1c t\u00ednh n\u0103ng b\u1ea3o m\u1eadt c\u1ee7a th\u1ebb, n\u00f3i r\u1eb1ng, \u201cM\u00e3 h\u00f3a m\u1ea1nh m\u1ebd gi\u00fap ch\u00fang t\u00f4i tin t\u01b0\u1edfng v\u00e0o t\u00ednh b\u1ea3o m\u1eadt c\u1ee7a c\u00e1c giao d\u1ecbch c\u1ee7a m\u00ecnh.\u201d<\/span><\/p>\n<h2 class=\"AnswerParser_AnswerParserH2__SIHnF\">Nh\u1eefng c\u00e2u h\u1ecfi th\u01b0\u1eddng g\u1eb7p<\/h2>\n<p><span class=\"AnswerParser_TextContainer__z_Iiv\" data-testid=\"youchat-text\"><strong>H: \u0110i\u1ec1u g\u00ec khi\u1ebfn MIFARE Desfire EV2 ph\u00f9 h\u1ee3p \u0111\u1ec3 s\u1eed d\u1ee5ng cho nhi\u1ec1u m\u1ee5c \u0111\u00edch?<\/strong><br \/>\nA: Kh\u1ea3 n\u0103ng h\u1ed7 tr\u1ee3 nhi\u1ec1u \u1ee9ng d\u1ee5ng tr\u00ean m\u1ed9t th\u1ebb duy nh\u1ea5t, k\u1ebft h\u1ee3p v\u1edbi c\u00e1c t\u00ednh n\u0103ng b\u1ea3o m\u1eadt m\u1ea1nh m\u1ebd, khi\u1ebfn n\u00f3 tr\u1edf n\u00ean l\u00fd t\u01b0\u1edfng \u0111\u1ec3 t\u00edch h\u1ee3p nhi\u1ec1u d\u1ecbch v\u1ee5 kh\u00e1c nhau.<\/span><span class=\"AnswerParser_TextContainer__z_Iiv\" data-testid=\"youchat-text\"><strong>H: MIFARE Desfire EV2 \u0111\u1ea3m b\u1ea3o an ninh d\u1eef li\u1ec7u nh\u01b0 th\u1ebf n\u00e0o?<\/strong><br \/>\nA: Th\u1ebb s\u1eed d\u1ee5ng c\u00e1c thu\u1eadt to\u00e1n m\u00e3 h\u00f3a ti\u00ean ti\u1ebfn, bao g\u1ed3m AES v\u00e0 \u0111\u01b0\u1ee3c ch\u1ee9ng nh\u1eadn theo ti\u00eau chu\u1ea9n chung EAL5+, \u0111\u1ea3m b\u1ea3o m\u1ee9c \u0111\u1ed9 b\u1ea3o v\u1ec7 d\u1eef li\u1ec7u cao.<\/span><span class=\"AnswerParser_TextContainer__z_Iiv\" data-testid=\"youchat-text\"><strong>H: MIFARE Desfire EV2 c\u00f3 th\u1ec3 s\u1eed d\u1ee5ng v\u1edbi c\u01a1 s\u1edf h\u1ea1 t\u1ea7ng NFC hi\u1ec7n c\u00f3 kh\u00f4ng?<\/strong><br \/>\nA: C\u00f3, n\u00f3 ho\u00e0n to\u00e0n t\u01b0\u01a1ng th\u00edch v\u1edbi c\u01a1 s\u1edf h\u1ea1 t\u1ea7ng \u0111\u1ea7u \u0111\u1ecdc NFC hi\u1ec7n c\u00f3, \u0111\u1ea3m b\u1ea3o t\u00edch h\u1ee3p li\u1ec1n m\u1ea1ch.<\/span><\/p>\n<h2 class=\"AnswerParser_AnswerParserH2__SIHnF\">T\u00e1c \u0111\u1ed9ng m\u00f4i tr\u01b0\u1eddng v\u00e0 t\u00ednh b\u1ec1n v\u1eefng<\/h2>\n<p><span class=\"AnswerParser_TextContainer__z_Iiv\" data-testid=\"youchat-text\">C\u00e1c\u00a0<strong>MIFARE Desfire EV2<\/strong>\u00a0\u0111\u01b0\u1ee3c thi\u1ebft k\u1ebf v\u1edbi t\u00ednh b\u1ec1n v\u1eefng. C\u1ea5u tr\u00fac b\u1ec1n b\u1ec9 c\u1ee7a n\u00f3 \u0111\u1ea3m b\u1ea3o tu\u1ed5i th\u1ecd s\u1ea3n ph\u1ea9m l\u00e2u d\u00e0i, gi\u1ea3m thi\u1ec3u ch\u1ea5t th\u1ea3i v\u00e0 nhu c\u1ea7u thay th\u1ebf th\u01b0\u1eddng xuy\u00ean. B\u1eb1ng c\u00e1ch h\u1ed7 tr\u1ee3 nhi\u1ec1u \u1ee9ng d\u1ee5ng tr\u00ean m\u1ed9t th\u1ebb, n\u00f3 c\u0169ng gi\u1ea3m thi\u1ec3u t\u00e1c \u0111\u1ed9ng m\u00f4i tr\u01b0\u1eddng li\u00ean quan \u0111\u1ebfn vi\u1ec7c s\u1ea3n xu\u1ea5t v\u00e0 th\u1ea3i b\u1ecf nhi\u1ec1u th\u1ebb\u00a0<\/span><\/p>\n<h2 class=\"AnswerParser_AnswerParserH2__SIHnF\">K\u1ebft lu\u1eadn: T\u1ea1i sao n\u00ean ch\u1ecdn MIFARE Desfire EV2?<\/h2>\n<p><span class=\"AnswerParser_TextContainer__z_Iiv\" data-testid=\"youchat-text\">C\u00e1c\u00a0<strong>Th\u1ebb MIFARE Desfire EV2 2K 4K 8K<\/strong>\u00a0cung c\u1ea5p s\u1ef1 k\u1ebft h\u1ee3p ho\u00e0n h\u1ea3o gi\u1eefa b\u1ea3o m\u1eadt, hi\u1ec7u su\u1ea5t v\u00e0 t\u00ednh linh ho\u1ea1t cho b\u1ea5t k\u1ef3 gi\u1ea3i ph\u00e1p kh\u00f4ng ti\u1ebfp x\u00fac n\u00e0o. Cho d\u00f9 b\u1ea1n \u0111ang mu\u1ed1n n\u00e2ng cao h\u1ec7 th\u1ed1ng giao th\u00f4ng c\u00f4ng c\u1ed9ng, qu\u1ea3n l\u00fd quy\u1ec1n truy c\u1eadp an to\u00e0n hay t\u00edch h\u1ee3p nhi\u1ec1u d\u1ecbch v\u1ee5 trong m\u00f4i tr\u01b0\u1eddng th\u00e0nh ph\u1ed1 th\u00f4ng minh, th\u1ebb n\u00e0y cung c\u1ea5p m\u1ed9t t\u00f9y ch\u1ecdn m\u1ea1nh m\u1ebd v\u00e0 \u0111\u00e1ng tin c\u1eady. Kh\u1ea3 n\u0103ng m\u00e3 h\u00f3a ti\u00ean ti\u1ebfn v\u00e0 h\u1ed7 tr\u1ee3 nhi\u1ec1u \u1ee9ng d\u1ee5ng c\u1ee7a n\u00f3 khi\u1ebfn n\u00f3 tr\u1edf th\u00e0nh kho\u1ea3n \u0111\u1ea7u t\u01b0 \u0111\u00e1ng gi\u00e1 cho c\u00e1c t\u1ed5 ch\u1ee9c \u01b0u ti\u00ean b\u1ea3o m\u1eadt v\u00e0 hi\u1ec7u qu\u1ea3.<\/span><span class=\"AnswerParser_TextContainer__z_Iiv\" data-testid=\"youchat-text\">\u0110\u1ec3 bi\u1ebft th\u00eam th\u00f4ng tin ho\u1eb7c \u0111\u1eb7t h\u00e0ng,\u00a0<strong>li\u00ean h\u1ec7 v\u1edbi ch\u00fang t\u00f4i<\/strong>\u00a0ngay h\u00f4m nay. M\u1edf kh\u00f3a hi\u1ec7u qu\u1ea3 v\u00e0 b\u1ea3o m\u1eadt \u1edf c\u1ea5p \u0111\u1ed9 ti\u1ebfp theo v\u1edbi MIFARE Desfire EV2.<\/span><\/p>","protected":false},"excerpt":{"rendered":"<p><span class=\"AnswerParser_TextContainer__z_Iiv\" data-testid=\"youchat-text\">\u00a0<strong>Th\u1ebb MIFARE Desfire EV2 2K 4K 8K<\/strong> <\/span>l\u00e0 chip NFC \u0111a n\u0103ng c\u00f3 t\u00ednh b\u1ea3o m\u1eadt cao, ph\u00f9 h\u1ee3p cho c\u00e1c \u1ee9ng d\u1ee5ng RFID trong v\u1eadn t\u1ea3i, ki\u1ec3m so\u00e1t ra v\u00e0o v\u00e0 thanh to\u00e1n.<\/p>","protected":false},"featured_media":2054,"template":"","meta":[],"product_brand":[],"product_cat":[46],"product_tag":[],"class_list":{"0":"post-2052","1":"product","2":"type-product","3":"status-publish","4":"has-post-thumbnail","6":"product_cat-nfc-cards","8":"first","9":"instock","10":"shipping-taxable","11":"product-type-simple"},"_links":{"self":[{"href":"https:\/\/nfc-readers.com\/vi\/wp-json\/wp\/v2\/product\/2052","targetHints":{"allow":["GET"]}}],"collection":[{"href":"https:\/\/nfc-readers.com\/vi\/wp-json\/wp\/v2\/product"}],"about":[{"href":"https:\/\/nfc-readers.com\/vi\/wp-json\/wp\/v2\/types\/product"}],"wp:featuredmedia":[{"embeddable":true,"href":"https:\/\/nfc-readers.com\/vi\/wp-json\/wp\/v2\/media\/2054"}],"wp:attachment":[{"href":"https:\/\/nfc-readers.com\/vi\/wp-json\/wp\/v2\/media?parent=2052"}],"wp:term":[{"taxonomy":"product_brand","embeddable":true,"href":"https:\/\/nfc-readers.com\/vi\/wp-json\/wp\/v2\/product_brand?post=2052"},{"taxonomy":"product_cat","embeddable":true,"href":"https:\/\/nfc-readers.com\/vi\/wp-json\/wp\/v2\/product_cat?post=2052"},{"taxonomy":"product_tag","embeddable":true,"href":"https:\/\/nfc-readers.com\/vi\/wp-json\/wp\/v2\/product_tag?post=2052"}],"curies":[{"name":"wp","href":"https:\/\/api.w.org\/{rel}","templated":true}]}}