{"id":2081,"date":"2024-10-22T01:16:34","date_gmt":"2024-10-22T01:16:34","guid":{"rendered":"https:\/\/nfc-readers.com\/?post_type=product&#038;p=2081"},"modified":"2024-10-28T14:02:37","modified_gmt":"2024-10-28T14:02:37","slug":"mifare-plus-s-2k-4k-rfid-cards","status":"publish","type":"product","link":"https:\/\/nfc-readers.com\/vi\/ic-reader\/mifare-plus-s-2k-4k-rfid-cards\/","title":{"rendered":"\u00a0Th\u1ebb RFID MIFARE Plus\u00ae S 2k 4k"},"content":{"rendered":"<h1>\u00a0Th\u1ebb RFID MIFARE Plus\u00ae S 2k 4k<\/h1>\n<table style=\"height: 505px;\" width=\"655\">\n<tbody>\n<tr style=\"font-style: inherit; font-weight: inherit;\">\n<td style=\"font-style: inherit;\" width=\"172\">\n<p data-spm-anchor-id=\"a2700.details.0.i71.17213ba4RCuUOM\">M\u1ee5c<\/p>\n<\/td>\n<td style=\"font-style: inherit;\" width=\"252\">\u00a0Th\u1ebb RFID MIFARE Plus\u00ae S 2k 4k<\/td>\n<\/tr>\n<tr style=\"font-style: inherit; font-weight: inherit;\">\n<td style=\"font-style: inherit;\" width=\"172\">T\u00ednh n\u0103ng \u0111\u1eb7c bi\u1ec7t<\/td>\n<td style=\"font-style: inherit;\" width=\"252\">Kh\u00f4ng th\u1ea5m n\u01b0\u1edbc \/ Th\u1eddi ti\u1ebft<\/td>\n<\/tr>\n<tr style=\"font-style: inherit; font-weight: inherit;\">\n<td style=\"font-style: inherit;\" width=\"172\">Ph\u01b0\u01a1ng th\u1ee9c giao ti\u1ebfp<\/td>\n<td style=\"font-style: inherit;\" width=\"252\">RFID<\/td>\n<\/tr>\n<tr style=\"font-style: inherit; font-weight: inherit;\">\n<td style=\"font-style: inherit;\" width=\"172\">Ngu\u1ed3n g\u1ed1c<\/td>\n<td style=\"font-style: inherit;\" width=\"252\">Qu\u1ea3ng \u0110\u00f4ng, Trung Qu\u1ed1c<\/td>\n<\/tr>\n<tr style=\"font-style: inherit; font-weight: inherit;\">\n<td style=\"font-style: inherit;\" width=\"172\">T\u00ednh th\u01b0\u1eddng xuy\u00ean<\/td>\n<td style=\"font-style: inherit;\" width=\"252\">13,56 MHz<\/td>\n<\/tr>\n<tr style=\"font-style: inherit; font-weight: inherit;\">\n<td style=\"font-style: inherit;\" width=\"172\">Chip<\/td>\n<td style=\"font-style: inherit;\" width=\"252\">MIFARE Plus\u00ae S 2K(MIFARE\u00ae v\u00e0 MIFARE Plus\u00ae l\u00e0 nh\u00e3n hi\u1ec7u \u0111\u00e3 \u0111\u0103ng k\u00fd c\u1ee7a NXP BV v\u00e0 \u0111\u01b0\u1ee3c s\u1eed d\u1ee5ng theo gi\u1ea5y ph\u00e9p.)<\/td>\n<\/tr>\n<tr style=\"font-style: inherit; font-weight: inherit;\">\n<td style=\"font-style: inherit;\" width=\"172\">V\u1eadt li\u1ec7u<\/td>\n<td style=\"font-style: inherit;\" width=\"252\">PVC<\/td>\n<\/tr>\n<tr style=\"font-style: inherit; font-weight: inherit;\">\n<td style=\"font-style: inherit;\" width=\"172\">\u1ee8ng d\u1ee5ng<\/td>\n<td style=\"font-style: inherit;\" width=\"252\">H\u1ec7 th\u1ed1ng ki\u1ec3m so\u00e1t truy c\u1eadp<\/td>\n<\/tr>\n<tr style=\"font-style: inherit; font-weight: inherit;\">\n<td style=\"font-style: inherit;\" width=\"172\">Giao th\u1ee9c<\/td>\n<td style=\"font-style: inherit;\" width=\"252\">ISO 14443A<\/td>\n<\/tr>\n<tr style=\"font-style: inherit; font-weight: inherit;\">\n<td style=\"font-style: inherit;\" width=\"172\">\u0111\u1ed9 d\u00e0y<\/td>\n<td style=\"font-style: inherit;\" width=\"252\">0,84mm\/T\u00f9y ch\u1ec9nh<\/td>\n<\/tr>\n<tr style=\"font-style: inherit; font-weight: inherit;\">\n<td style=\"font-style: inherit;\" width=\"172\">Ho\u00e0n thi\u1ec7n b\u1ec1 m\u1eb7t<\/td>\n<td style=\"font-style: inherit;\" width=\"252\">B\u00f3ng.m\u1edd.matte<\/td>\n<\/tr>\n<tr style=\"font-style: inherit; font-weight: inherit;\">\n<td style=\"font-style: inherit;\" width=\"172\">\u0110i\u1ec7n dung \u0111\u1ea7u v\u00e0o [pF]<\/td>\n<td style=\"font-style: inherit;\" width=\"252\">17\/70 PF<\/td>\n<\/tr>\n<tr style=\"font-style: inherit; font-weight: inherit;\">\n<td style=\"font-style: inherit;\" width=\"172\">\u0110\u1ed9 d\u00e0i kh\u00f3a<\/td>\n<td style=\"font-style: inherit;\" width=\"252\">48-bit Crypto-1, AES 128-bit<\/td>\n<\/tr>\n<tr style=\"font-style: inherit; font-weight: inherit;\">\n<td style=\"font-style: inherit;\" width=\"172\">M\u00f4 h\u00ecnh b\u1ed9 nh\u1edb<\/td>\n<td style=\"font-style: inherit;\" width=\"252\">Nh\u1ecf g\u1ecdn, cung v\u00e0 kh\u1ed1i 16 byte<\/td>\n<\/tr>\n<tr style=\"font-style: inherit; font-weight: inherit;\">\n<td style=\"font-style: inherit;\" width=\"172\">Tu\u00e2n th\u1ee7 NFC<\/td>\n<td style=\"font-style: inherit;\" width=\"252\">C\u00f3 kh\u1ea3 n\u0103ng NFC trong SL3<\/td>\n<\/tr>\n<\/tbody>\n<\/table>\n<p>&nbsp;<\/p>\n<p><span class=\"AnswerParser_TextContainer__z_Iiv\" data-testid=\"youchat-text\"><strong>Th\u1ebb RFID MIFARE Plus\u00ae S 2k 4k<\/strong>\u00a0l\u00e0 gi\u1ea3i ph\u00e1p c\u1ee7a ng\u00e0nh \u0111\u1ec3 n\u00e2ng c\u1ea5p h\u1ec7 th\u1ed1ng hi\u1ec7n t\u1ea1i c\u1ee7a b\u1ea1n l\u00ean c\u1ea5p \u0111\u1ed9 ti\u1ebfp theo. C\u00e1c th\u1ebb n\u00e0y cung c\u1ea5p kh\u1ea3 n\u0103ng di chuy\u1ec3n li\u1ec1n m\u1ea1ch t\u1eeb MIFARE Classic, \u0111\u1ea3m b\u1ea3o t\u00ednh b\u1ea3o m\u1eadt cao h\u01a1n th\u00f4ng qua m\u00e3 h\u00f3a AES-128 v\u00e0 duy tr\u00ec kh\u1ea3 n\u0103ng t\u01b0\u01a1ng th\u00edch v\u1edbi c\u01a1 s\u1edf h\u1ea1 t\u1ea7ng hi\u1ec7n t\u1ea1i c\u1ee7a b\u1ea1n. V\u1edbi t\u00ednh to\u00e0n v\u1eb9n d\u1eef li\u1ec7u v\u01b0\u1ee3t tr\u1ed9i v\u00e0 giao ti\u1ebfp an to\u00e0n, ch\u00fang l\u00e0 l\u1ef1a ch\u1ecdn t\u1ed1i \u01b0u \u0111\u1ec3 n\u00e2ng cao c\u00e1c \u1ee9ng d\u1ee5ng RFID c\u1ee7a b\u1ea1n.<\/span><\/p>\n<h2 class=\"AnswerParser_AnswerParserH2__SIHnF\">M\u1edf kh\u00f3a c\u00e1c gi\u1ea3i ph\u00e1p b\u1ea3o m\u1eadt cao v\u1edbi MIFARE Plus\u00ae S<\/h2>\n<p><span class=\"AnswerParser_TextContainer__z_Iiv\" data-testid=\"youchat-text\">C\u00e1c\u00a0<strong>Th\u1ebb RFID MIFARE Plus\u00ae S 2k 4k<\/strong>\u00a0n\u1ed5i b\u1eadt nh\u01b0 m\u1ed9t l\u1ef1a ch\u1ecdn linh ho\u1ea1t cho c\u00e1c t\u1ed5 ch\u1ee9c mu\u1ed1n n\u00e2ng c\u1ea5p h\u1ec7 th\u1ed1ng c\u1ee7a h\u1ecd. \u0110\u01b0\u1ee3c thi\u1ebft k\u1ebf t\u1eadp trung v\u00e0o b\u1ea3o m\u1eadt, c\u00e1c th\u1ebb n\u00e0y tri\u1ec3n khai m\u00e3 h\u00f3a AES-128, \u0111\u1ea3m b\u1ea3o d\u1eef li\u1ec7u c\u1ee7a b\u1ea1n v\u1eabn \u0111\u01b0\u1ee3c b\u1ea3o v\u1ec7 kh\u1ecfi truy c\u1eadp tr\u00e1i ph\u00e9p. Vi\u1ec7c s\u1eed d\u1ee5ng c\u00e1c ph\u01b0\u01a1ng ph\u00e1p m\u00e3 h\u00f3a ti\u00ean ti\u1ebfn \u0111\u1ea3m b\u1ea3o th\u00f4ng tin c\u1ee7a b\u1ea1n v\u1eabn gi\u1eef \u0111\u01b0\u1ee3c t\u00ednh to\u00e0n v\u1eb9n v\u00e0 b\u1ea3o m\u1eadt.<\/span><span class=\"AnswerParser_TextContainer__z_Iiv\" data-testid=\"youchat-text\">C\u00e1c th\u1ebb th\u00f4ng minh n\u00e0y t\u01b0\u01a1ng th\u00edch v\u1edbi MIFARE Classic, gi\u00fap doanh nghi\u1ec7p d\u1ec5 d\u00e0ng chuy\u1ec3n \u0111\u1ed5i m\u00e0 kh\u00f4ng c\u1ea7n thay th\u1ebf ph\u1ea7n c\u1ee9ng hi\u1ec7n c\u00f3. Kh\u1ea3 n\u0103ng t\u01b0\u01a1ng th\u00edch n\u00e0y cho ph\u00e9p n\u00e2ng c\u1ea5p ti\u1ebft ki\u1ec7m chi ph\u00ed, cung c\u1ea5p c\u00e1c t\u00ednh n\u0103ng b\u1ea3o m\u1eadt n\u00e2ng cao m\u00e0 kh\u00f4ng l\u00e0m gi\u00e1n \u0111o\u1ea1n ho\u1ea1t \u0111\u1ed9ng c\u1ee7a b\u1ea1n.<\/span><\/p>\n<h3 class=\"AnswerParser_AnswerParserH3__Mpe4s\">C\u00f4ng ngh\u1ec7 RFID m\u1ea1nh m\u1ebd<\/h3>\n<p><span class=\"AnswerParser_TextContainer__z_Iiv\" data-testid=\"youchat-text\">V\u1edbi t\u1ea7n s\u1ed1 13,56MHz,\u00a0<strong>Th\u1ebb RFID MIFARE Plus\u00ae S 2k 4k<\/strong>\u00a0cung c\u1ea5p kh\u1ea3 n\u0103ng giao ti\u1ebfp \u0111\u00e1ng tin c\u1eady v\u00e0 hi\u1ec7u qu\u1ea3. C\u00e1c th\u1ebb \u0111\u01b0\u1ee3c ch\u1ebf t\u1ea1o \u0111\u1ec3 ch\u1ecbu \u0111\u01b0\u1ee3c nhi\u1ec1u \u0111i\u1ec1u ki\u1ec7n m\u00f4i tr\u01b0\u1eddng kh\u00e1c nhau, nh\u1edd c\u1ea5u tr\u00fac ch\u1ed1ng th\u1ea5m n\u01b0\u1edbc v\u00e0 ch\u1ed1ng ch\u1ecbu th\u1eddi ti\u1ebft. \u0110\u01b0\u1ee3c ch\u1ebf t\u1ea1o t\u1eeb v\u1eadt li\u1ec7u PVC b\u1ec1n, ch\u00fang \u0111\u01b0\u1ee3c thi\u1ebft k\u1ebf \u0111\u1ec3 s\u1eed d\u1ee5ng l\u00e2u d\u00e0i trong m\u1ecdi ho\u00e0n c\u1ea3nh.<\/span><span class=\"AnswerParser_TextContainer__z_Iiv\" data-testid=\"youchat-text\">Thi\u1ebft k\u1ebf nh\u1ecf g\u1ecdn c\u1ee7a nh\u1eefng th\u1ebb RFID n\u00e0y, c\u00f3 \u0111\u1ed9 d\u00e0y 0,84mm, \u0111\u1ea3m b\u1ea3o t\u00edch h\u1ee3p d\u1ec5 d\u00e0ng v\u00e0o h\u1ec7 th\u1ed1ng hi\u1ec7n t\u1ea1i c\u1ee7a b\u1ea1n. C\u00e1c t\u00f9y ch\u1ecdn ho\u00e0n thi\u1ec7n b\u1ec1 m\u1eb7t t\u00f9y ch\u1ec9nh c\u1ee7a ch\u00fang, bao g\u1ed3m b\u00f3ng, m\u1edd v\u00e0 m\u1edd, cung c\u1ea5p th\u00eam t\u00ednh linh ho\u1ea1t \u0111\u1ec3 \u0111\u00e1p \u1ee9ng nhu c\u1ea7u thi\u1ebft k\u1ebf c\u1ee5 th\u1ec3 c\u1ee7a b\u1ea1n.<\/span><\/p>\n<h3 class=\"AnswerParser_AnswerParserH3__Mpe4s\">T\u00ednh n\u0103ng b\u1ea3o m\u1eadt n\u00e2ng cao<\/h3>\n<p><span class=\"AnswerParser_TextContainer__z_Iiv\" data-testid=\"youchat-text\">An ninh l\u00e0 tr\u1ecdng t\u00e2m c\u1ee7a\u00a0<strong>Th\u1ebb RFID MIFARE Plus\u00ae S 2k 4k<\/strong>. B\u1eb1ng c\u00e1ch k\u1ebft h\u1ee3p m\u00e3 h\u00f3a AES-128, c\u00e1c th\u1ebb n\u00e0y cung c\u1ea5p m\u1ee9c \u0111\u1ed9 b\u1ea3o v\u1ec7 n\u00e2ng cao. Ph\u01b0\u01a1ng ph\u00e1p m\u00e3 h\u00f3a n\u00e0y kh\u00f4ng ch\u1ec9 x\u00e1c th\u1ef1c ng\u01b0\u1eddi d\u00f9ng m\u00e0 c\u00f2n \u0111\u1ea3m b\u1ea3o t\u00ednh to\u00e0n v\u1eb9n v\u00e0 m\u00e3 h\u00f3a d\u1eef li\u1ec7u, b\u1ea3o v\u1ec7 th\u00f4ng tin nh\u1ea1y c\u1ea3m kh\u1ecfi c\u00e1c m\u1ed1i \u0111e d\u1ecda ti\u1ec1m \u1ea9n.<\/span><span class=\"AnswerParser_TextContainer__z_Iiv\" data-testid=\"youchat-text\">Th\u1ebb h\u1ed7 tr\u1ee3 \u0111\u1ed9 d\u00e0i kh\u00f3a Crypto-1 48 bit v\u00e0 AES 128 bit, cung c\u1ea5p nhi\u1ec1u l\u1edbp b\u1ea3o m\u1eadt. \u0110i\u1ec1u n\u00e0y l\u00e0m cho ch\u00fang l\u00fd t\u01b0\u1edfng cho c\u00e1c \u1ee9ng d\u1ee5ng y\u00eau c\u1ea7u m\u1ee9c \u0111\u1ed9 b\u1ea3o v\u1ec7 cao, ch\u1eb3ng h\u1ea1n nh\u01b0 h\u1ec7 th\u1ed1ng ki\u1ec3m so\u00e1t truy c\u1eadp c\u1ee7a c\u00f4ng ty, giao th\u00f4ng c\u00f4ng c\u1ed9ng v\u00e0 giao d\u1ecbch t\u00e0i ch\u00ednh.<\/span><\/p>\n<h3 class=\"AnswerParser_AnswerParserH3__Mpe4s\">T\u00edch h\u1ee3p v\u00e0 t\u01b0\u01a1ng th\u00edch li\u1ec1n m\u1ea1ch<\/h3>\n<p><span class=\"AnswerParser_TextContainer__z_Iiv\" data-testid=\"youchat-text\">M\u1ed9t trong nh\u1eefng l\u1ee3i th\u1ebf \u0111\u00e1ng k\u1ec3 c\u1ee7a\u00a0<strong>Th\u1ebb RFID MIFARE Plus\u00ae S 2k 4k<\/strong>\u00a0l\u00e0 s\u1ef1 t\u00edch h\u1ee3p li\u1ec1n m\u1ea1ch c\u1ee7a ch\u00fang v\u1edbi c\u00e1c h\u1ec7 th\u1ed1ng hi\u1ec7n c\u00f3. C\u00e1c th\u1ebb n\u00e0y kh\u00f4ng ch\u1ec9 t\u01b0\u01a1ng th\u00edch v\u1edbi MIFARE Classic m\u00e0 c\u00f2n tu\u00e2n th\u1ee7 c\u00e1c ti\u00eau chu\u1ea9n giao th\u1ee9c ISO 14443A, \u0111\u1ea3m b\u1ea3o k\u1ebft h\u1ee3p tr\u01a1n tru v\u00e0o c\u01a1 s\u1edf h\u1ea1 t\u1ea7ng hi\u1ec7n t\u1ea1i c\u1ee7a b\u1ea1n. S\u1ef1 tu\u00e2n th\u1ee7 NFC trong SL3 c\u00e0ng n\u00e2ng cao kh\u1ea3 n\u0103ng \u1ee9ng d\u1ee5ng c\u1ee7a ch\u00fang trong nhi\u1ec1u m\u00f4i tr\u01b0\u1eddng kh\u00e1c nhau.<\/span><\/p>\n<h3 class=\"AnswerParser_AnswerParserH3__Mpe4s\">\u0110\u00e1nh gi\u00e1 v\u00e0 l\u1eddi ch\u1ee9ng th\u1ef1c c\u1ee7a kh\u00e1ch h\u00e0ng<\/h3>\n<p><span class=\"AnswerParser_TextContainer__z_Iiv\" data-testid=\"youchat-text\"><strong>Kh\u00e1ch h\u00e0ng \u0111\u00e3 khen ng\u1ee3i Th\u1ebb RFID MIFARE Plus\u00ae S 2k 4k<\/strong>\u00a0v\u00ec \u0111\u1ed9 tin c\u1eady v\u00e0 d\u1ec5 s\u1eed d\u1ee5ng c\u1ee7a ch\u00fang. M\u1ed9t ng\u01b0\u1eddi d\u00f9ng l\u01b0u \u00fd, \u201cVi\u1ec7c n\u00e2ng c\u1ea5p h\u1ec7 th\u1ed1ng ki\u1ec3m so\u00e1t ra v\u00e0o c\u1ee7a ch\u00fang t\u00f4i b\u1eb1ng nh\u1eefng th\u1ebb n\u00e0y di\u1ec5n ra li\u1ec1n m\u1ea1ch. C\u00e1c t\u00ednh n\u0103ng b\u1ea3o m\u1eadt n\u00e2ng cao mang l\u1ea1i cho ch\u00fang t\u00f4i s\u1ef1 an t\u00e2m.\u201d M\u1ed9t ng\u01b0\u1eddi kh\u00e1c n\u00f3i th\u00eam, \u201cCh\u00fang t\u00f4i \u0111\u00e1nh gi\u00e1 cao \u0111\u1ed9 b\u1ec1n v\u00e0 hi\u1ec7u su\u1ea5t nh\u1ea5t qu\u00e1n c\u1ee7a nh\u1eefng th\u1ebb n\u00e0y trong nhi\u1ec1u m\u00f4i tr\u01b0\u1eddng kh\u00e1c nhau.\u201d<\/span><\/p>\n<h3 class=\"AnswerParser_AnswerParserH3__Mpe4s\">Nh\u1eefng c\u00e2u h\u1ecfi th\u01b0\u1eddng g\u1eb7p<\/h3>\n<p><span class=\"AnswerParser_TextContainer__z_Iiv\" data-testid=\"youchat-text\"><strong>H: Th\u1ebb RFID MIFARE Plus\u00ae S 2k 4k t\u0103ng c\u01b0\u1eddng t\u00ednh b\u1ea3o m\u1eadt nh\u01b0 th\u1ebf n\u00e0o?<\/strong><br \/>\nA: C\u00e1c th\u1ebb n\u00e0y s\u1eed d\u1ee5ng m\u00e3 h\u00f3a AES-128, \u0111\u1ea3m b\u1ea3o t\u00ednh to\u00e0n v\u1eb9n c\u1ee7a d\u1eef li\u1ec7u v\u00e0 ch\u1ed1ng l\u1ea1i truy c\u1eadp tr\u00e1i ph\u00e9p.<\/span><\/p>\n<p><span class=\"AnswerParser_TextContainer__z_Iiv\" data-testid=\"youchat-text\"><strong>H: Nh\u1eefng th\u1ebb n\u00e0y c\u00f3 t\u01b0\u01a1ng th\u00edch v\u1edbi h\u1ec7 th\u1ed1ng MIFARE Classic hi\u1ec7n t\u1ea1i kh\u00f4ng?<\/strong><br \/>\nA: C\u00f3, ch\u00fang t\u01b0\u01a1ng th\u00edch v\u1edbi MIFARE Classic, cho ph\u00e9p chuy\u1ec3n \u0111\u1ed5i su\u00f4n s\u1ebb m\u00e0 kh\u00f4ng c\u1ea7n ph\u1ea7n c\u1ee9ng m\u1edbi.<\/span><\/p>\n<p><span class=\"AnswerParser_TextContainer__z_Iiv\" data-testid=\"youchat-text\"><strong>H: \u1ee8ng d\u1ee5ng \u0111i\u1ec3n h\u00ecnh c\u1ee7a th\u1ebb RFID n\u00e0y l\u00e0 g\u00ec?<\/strong><br \/>\nA: Ch\u00fang l\u00fd t\u01b0\u1edfng cho c\u00e1c h\u1ec7 th\u1ed1ng ki\u1ec3m so\u00e1t ra v\u00e0o, m\u00f4i tr\u01b0\u1eddng doanh nghi\u1ec7p v\u00e0 h\u1ec7 th\u1ed1ng giao th\u00f4ng c\u00f4ng c\u1ed9ng y\u00eau c\u1ea7u t\u00ednh b\u1ea3o m\u1eadt cao.<\/span><\/p>\n<h3 class=\"AnswerParser_AnswerParserH3__Mpe4s\">T\u00e1c \u0111\u1ed9ng m\u00f4i tr\u01b0\u1eddng v\u00e0 t\u00ednh b\u1ec1n v\u1eefng<\/h3>\n<p><span class=\"AnswerParser_TextContainer__z_Iiv\" data-testid=\"youchat-text\">C\u00e1c\u00a0<strong>Th\u1ebb RFID MIFARE Plus\u00ae S 2k 4k<\/strong>\u00a0\u0111\u01b0\u1ee3c thi\u1ebft k\u1ebf v\u1edbi t\u00ednh b\u1ec1n v\u1eefng. C\u1ea5u tr\u00fac PVC b\u1ec1n b\u1ec9 c\u1ee7a ch\u00fang \u0111\u1ea3m b\u1ea3o tu\u1ed5i th\u1ecd s\u1ea3n ph\u1ea9m l\u00e2u d\u00e0i, gi\u1ea3m thi\u1ec3u ch\u1ea5t th\u1ea3i v\u00e0 nhu c\u1ea7u thay th\u1ebf th\u01b0\u1eddng xuy\u00ean. B\u1eb1ng c\u00e1ch n\u00e2ng c\u1ea5p l\u00ean MIFARE Plus, c\u00e1c t\u1ed5 ch\u1ee9c c\u0169ng c\u00f3 th\u1ec3 gi\u1ea3m thi\u1ec3u d\u1ea5u ch\u00e2n m\u00f4i tr\u01b0\u1eddng c\u1ee7a m\u00ecnh b\u1eb1ng c\u00e1ch k\u00e9o d\u00e0i tu\u1ed5i th\u1ecd c\u1ee7a c\u00e1c h\u1ec7 th\u1ed1ng hi\u1ec7n c\u00f3 thay v\u00ec thay th\u1ebf ho\u00e0n to\u00e0n.<\/span><\/p>\n<h3 class=\"AnswerParser_AnswerParserH3__Mpe4s\">K\u1ebft lu\u1eadn: T\u1ea1i sao n\u00ean ch\u1ecdn th\u1ebb RFID MIFARE Plus\u00ae S 2k 4k?<\/h3>\n<p><span class=\"AnswerParser_TextContainer__z_Iiv\" data-testid=\"youchat-text\">C\u00e1c\u00a0<strong>Th\u1ebb RFID MIFARE Plus\u00ae S 2k 4k<\/strong>\u00a0cung c\u1ea5p s\u1ef1 c\u00e2n b\u1eb1ng ho\u00e0n h\u1ea3o gi\u1eefa b\u1ea3o m\u1eadt, kh\u1ea3 n\u0103ng t\u01b0\u01a1ng th\u00edch v\u00e0 \u0111\u1ed9 b\u1ec1n cho b\u1ea5t k\u1ef3 h\u1ec7 th\u1ed1ng ki\u1ec3m so\u00e1t truy c\u1eadp n\u00e0o. Cho d\u00f9 b\u1ea1n \u0111ang mu\u1ed1n n\u00e2ng c\u1ea5p c\u01a1 s\u1edf h\u1ea1 t\u1ea7ng hi\u1ec7n t\u1ea1i hay t\u00ecm ki\u1ebfm gi\u1ea3i ph\u00e1p \u0111\u00e1ng tin c\u1eady cho c\u00e1c c\u00e0i \u0111\u1eb7t m\u1edbi, c\u00e1c th\u1ebb n\u00e0y \u0111\u1ec1u cung c\u1ea5p t\u00f9y ch\u1ecdn m\u1ea1nh m\u1ebd v\u00e0 an to\u00e0n. Kh\u1ea3 n\u0103ng m\u00e3 h\u00f3a ti\u00ean ti\u1ebfn v\u00e0 t\u00edch h\u1ee3p li\u1ec1n m\u1ea1ch c\u1ee7a ch\u00fang khi\u1ebfn ch\u00fang tr\u1edf th\u00e0nh kho\u1ea3n \u0111\u1ea7u t\u01b0 \u0111\u00e1ng gi\u00e1 cho c\u00e1c t\u1ed5 ch\u1ee9c \u01b0u ti\u00ean b\u1ea3o m\u1eadt v\u00e0 hi\u1ec7u qu\u1ea3.<\/span><span class=\"AnswerParser_TextContainer__z_Iiv\" data-testid=\"youchat-text\">\u0110\u1ec3 bi\u1ebft th\u00eam th\u00f4ng tin ho\u1eb7c \u0111\u1eb7t h\u00e0ng,\u00a0<strong>li\u00ean h\u1ec7 v\u1edbi ch\u00fang t\u00f4i<\/strong>\u00a0ngay h\u00f4m nay. M\u1edf kh\u00f3a hi\u1ec7u qu\u1ea3 v\u00e0 b\u1ea3o m\u1eadt \u1edf c\u1ea5p \u0111\u1ed9 ti\u1ebfp theo v\u1edbi MIFARE Plus.<\/span><\/p>","protected":false},"excerpt":{"rendered":"<p>Th\u1ebb MIFARE Plus c\u1ee7a NXP l\u00e0 gi\u1ea3i ph\u00e1p chip NFC an to\u00e0n tu\u00e2n th\u1ee7 c\u00e1c ti\u00eau chu\u1ea9n RFID, l\u00fd t\u01b0\u1edfng cho giao th\u00f4ng c\u00f4ng c\u1ed9ng, ki\u1ec3m so\u00e1t ra v\u00e0o v\u00e0 c\u00e1c \u1ee9ng d\u1ee5ng thanh to\u00e1n.<\/p>","protected":false},"featured_media":2082,"template":"","meta":[],"product_brand":[],"product_cat":[46],"product_tag":[],"class_list":{"0":"post-2081","1":"product","2":"type-product","3":"status-publish","4":"has-post-thumbnail","6":"product_cat-nfc-cards","8":"first","9":"instock","10":"shipping-taxable","11":"product-type-simple"},"_links":{"self":[{"href":"https:\/\/nfc-readers.com\/vi\/wp-json\/wp\/v2\/product\/2081","targetHints":{"allow":["GET"]}}],"collection":[{"href":"https:\/\/nfc-readers.com\/vi\/wp-json\/wp\/v2\/product"}],"about":[{"href":"https:\/\/nfc-readers.com\/vi\/wp-json\/wp\/v2\/types\/product"}],"wp:featuredmedia":[{"embeddable":true,"href":"https:\/\/nfc-readers.com\/vi\/wp-json\/wp\/v2\/media\/2082"}],"wp:attachment":[{"href":"https:\/\/nfc-readers.com\/vi\/wp-json\/wp\/v2\/media?parent=2081"}],"wp:term":[{"taxonomy":"product_brand","embeddable":true,"href":"https:\/\/nfc-readers.com\/vi\/wp-json\/wp\/v2\/product_brand?post=2081"},{"taxonomy":"product_cat","embeddable":true,"href":"https:\/\/nfc-readers.com\/vi\/wp-json\/wp\/v2\/product_cat?post=2081"},{"taxonomy":"product_tag","embeddable":true,"href":"https:\/\/nfc-readers.com\/vi\/wp-json\/wp\/v2\/product_tag?post=2081"}],"curies":[{"name":"wp","href":"https:\/\/api.w.org\/{rel}","templated":true}]}}