{"id":2089,"date":"2024-04-22T01:36:23","date_gmt":"2024-04-22T01:36:23","guid":{"rendered":"https:\/\/nfc-readers.com\/?post_type=product&#038;p=2089"},"modified":"2024-09-29T05:37:31","modified_gmt":"2024-09-29T05:37:31","slug":"ntags21x","status":"publish","type":"product","link":"https:\/\/nfc-readers.com\/vi\/ic-reader\/ntags21x\/","title":{"rendered":"TH\u1eba NFC 213 215 216"},"content":{"rendered":"<h1>TH\u1eba NFC 213 215 216<\/h1>\n<p>&nbsp;<\/p>\n<table width=\"326\">\n<tbody>\n<tr style=\"font-style: inherit; font-weight: inherit;\">\n<td style=\"font-style: inherit;\" width=\"120\">\n<p data-spm-anchor-id=\"a2700.details.0.i72.7a3f2684UtmBLe\">M\u1ee5c<\/p>\n<\/td>\n<td style=\"font-style: inherit;\" width=\"206\">Th\u1ebb NFC c\u00f3 th\u1ec3 l\u1eadp tr\u00ecnh in t\u00f9y ch\u1ec9nh NTAG215 Google Review<\/td>\n<\/tr>\n<tr style=\"font-style: inherit; font-weight: inherit;\">\n<td style=\"font-style: inherit;\" width=\"120\">V\u1eadt li\u1ec7u<\/td>\n<td style=\"font-style: inherit;\" width=\"206\">PVC\/Acrylic<\/td>\n<\/tr>\n<tr style=\"font-style: inherit; font-weight: inherit;\">\n<td style=\"font-style: inherit;\" width=\"120\">K\u00edch c\u1ee1<\/td>\n<td style=\"font-style: inherit;\" width=\"206\">88,5mmx54mm\/T\u00f9y ch\u1ec9nh<\/td>\n<\/tr>\n<tr style=\"font-style: inherit; font-weight: inherit;\">\n<td style=\"font-style: inherit;\" width=\"120\">\u0111\u1ed9 d\u00e0y<\/td>\n<td style=\"font-style: inherit;\" width=\"206\">0,88mm\/T\u00f9y ch\u1ec9nh<\/td>\n<\/tr>\n<tr style=\"font-style: inherit; font-weight: inherit;\">\n<td style=\"font-style: inherit;\" width=\"120\">B\u1ec1 m\u1eb7t<\/td>\n<td style=\"font-style: inherit;\" width=\"206\">\n<p data-spm-anchor-id=\"a2700.details.0.i73.7a3f2684UtmBLe\">M\u1edd\/B\u00f3ng\/M\u1edd<\/p>\n<\/td>\n<\/tr>\n<tr style=\"font-style: inherit; font-weight: inherit;\">\n<td style=\"font-style: inherit;\" width=\"120\">Chip c\u00f3 s\u1eb5n<\/td>\n<td style=\"font-style: inherit;\" width=\"206\">NTAG213\/NTAG215\/NTAG216<\/td>\n<\/tr>\n<tr style=\"font-style: inherit; font-weight: inherit;\">\n<td style=\"font-style: inherit;\" width=\"120\">\u1ee8ng d\u1ee5ng<\/td>\n<td style=\"font-style: inherit;\" width=\"206\">Ki\u1ec3m so\u00e1t truy c\u1eadp, Qu\u1ea3n l\u00fd th\u00e0nh vi\u00ean, Li\u00ean h\u1ec7 c\u00f4ng vi\u1ec7c, v.v.<\/td>\n<\/tr>\n<\/tbody>\n<\/table>","protected":false},"excerpt":{"rendered":"<p>Th\u1ebb NFC NTAG213, NTAG215 v\u00e0 NTAG216 c\u1ee7a NXP l\u00e0 gi\u1ea3i ph\u00e1p chip NFC \u0111a n\u0103ng \u0111\u01b0\u1ee3c s\u1eed d\u1ee5ng trong c\u00e1c \u1ee9ng d\u1ee5ng RFID nh\u01b0 ti\u1ebfp th\u1ecb, x\u00e1c th\u1ef1c s\u1ea3n ph\u1ea9m v\u00e0 \u00e1p ph\u00edch th\u00f4ng minh.<\/p>","protected":false},"featured_media":2090,"template":"","meta":[],"product_brand":[],"product_cat":[47],"product_tag":[],"class_list":{"0":"post-2089","1":"product","2":"type-product","3":"status-publish","4":"has-post-thumbnail","6":"product_cat-nfc-tags","8":"first","9":"instock","10":"shipping-taxable","11":"product-type-simple"},"_links":{"self":[{"href":"https:\/\/nfc-readers.com\/vi\/wp-json\/wp\/v2\/product\/2089","targetHints":{"allow":["GET"]}}],"collection":[{"href":"https:\/\/nfc-readers.com\/vi\/wp-json\/wp\/v2\/product"}],"about":[{"href":"https:\/\/nfc-readers.com\/vi\/wp-json\/wp\/v2\/types\/product"}],"wp:featuredmedia":[{"embeddable":true,"href":"https:\/\/nfc-readers.com\/vi\/wp-json\/wp\/v2\/media\/2090"}],"wp:attachment":[{"href":"https:\/\/nfc-readers.com\/vi\/wp-json\/wp\/v2\/media?parent=2089"}],"wp:term":[{"taxonomy":"product_brand","embeddable":true,"href":"https:\/\/nfc-readers.com\/vi\/wp-json\/wp\/v2\/product_brand?post=2089"},{"taxonomy":"product_cat","embeddable":true,"href":"https:\/\/nfc-readers.com\/vi\/wp-json\/wp\/v2\/product_cat?post=2089"},{"taxonomy":"product_tag","embeddable":true,"href":"https:\/\/nfc-readers.com\/vi\/wp-json\/wp\/v2\/product_tag?post=2089"}],"curies":[{"name":"wp","href":"https:\/\/api.w.org\/{rel}","templated":true}]}}