{"id":2094,"date":"2024-04-22T01:51:57","date_gmt":"2024-04-22T01:51:57","guid":{"rendered":"https:\/\/nfc-readers.com\/?post_type=product&#038;p=2094"},"modified":"2024-09-29T05:36:02","modified_gmt":"2024-09-29T05:36:02","slug":"mifare-ultralightcev1","status":"publish","type":"product","link":"https:\/\/nfc-readers.com\/vi\/ic-reader\/mifare-ultralightcev1\/","title":{"rendered":"mifare UltralightC UltralightEV1"},"content":{"rendered":"<h1>mifare UltralightC UltralightEV1<\/h1>\n<table width=\"586\">\n<tbody>\n<tr>\n<td colspan=\"2\" width=\"229\">M\u1ee5c:<\/td>\n<td colspan=\"3\" width=\"357\">V\u00f2ng \u0111eo tay M\u1ed8T L\u1ea7n<\/td>\n<\/tr>\n<tr>\n<td colspan=\"2\" width=\"229\">V\u1eadt li\u1ec7u:<\/td>\n<td colspan=\"3\" width=\"357\">Gi\u1ea5y d\u00f9ng m\u1ed9t l\u1ea7n<\/td>\n<\/tr>\n<tr>\n<td colspan=\"2\" width=\"229\">T\u00ednh n\u0103ng:<\/td>\n<td colspan=\"3\" width=\"357\">Ch\u1ea5t li\u1ec7u th\u00e2n thi\u1ec7n v\u1edbi m\u00f4i tr\u01b0\u1eddng, Kh\u00f4ng th\u1ea5m n\u01b0\u1edbc, Ch\u1ed1ng c\u1ed3n.<\/td>\n<\/tr>\n<tr>\n<td colspan=\"2\" width=\"229\">Nhi\u1ec7t \u0111\u1ed9 ho\u1ea1t \u0111\u1ed9ng:<\/td>\n<td colspan=\"3\" width=\"357\">-10oC \u0111\u1ebfn 60oC<\/td>\n<\/tr>\n<tr>\n<td colspan=\"2\" width=\"229\">Nhi\u1ec7t \u0111\u1ed9 b\u1ea3o qu\u1ea3n:<\/td>\n<td colspan=\"3\" width=\"357\">-30oC \u0111\u1ebfn 85oC<\/td>\n<\/tr>\n<tr>\n<td colspan=\"2\" width=\"229\">\u0110\u1ed9 \u1ea9m:<\/td>\n<td colspan=\"3\" width=\"357\">40% \u0111\u1ebfn 80% RH<\/td>\n<\/tr>\n<tr>\n<td colspan=\"2\" width=\"229\">T\u00f9y ch\u1ecdn m\u00e0u s\u1eafc:<\/td>\n<td colspan=\"3\" width=\"357\">\u0110\u1ecf, Xanh lam, V\u00e0ng, Cam, Tr\u1eafng, Xanh l\u1ee5c, T\u00edm ho\u1eb7c b\u1ea5t k\u1ef3 m\u00e0u pantone n\u00e0o ho\u1eb7c t\u00f9y ch\u1ec9nh<\/td>\n<\/tr>\n<tr>\n<td colspan=\"2\" width=\"229\">\u0102ng ten :<\/td>\n<td colspan=\"3\" width=\"357\">LF\/HF: \u0103ng-ten \u0111\u1ed3ng, UHF: \u0103ng-ten kh\u1eafc AL<\/td>\n<\/tr>\n<tr>\n<td colspan=\"2\" width=\"229\">\u1ee8ng d\u1ee5ng:<\/td>\n<td colspan=\"3\" width=\"357\">v\u00e9, nh\u1eadn d\u1ea1ng, h\u1ed9i h\u1ecdp, trang tr\u00ed ng\u00e0y l\u1ec5, th\u1ec3 thao<\/td>\n<\/tr>\n<tr>\n<td colspan=\"2\" width=\"229\">Th\u1eddi gian d\u1eabn:<\/td>\n<td colspan=\"3\" width=\"357\">7 ng\u00e0y l\u00e0m vi\u1ec7c<\/td>\n<\/tr>\n<tr>\n<td colspan=\"2\" width=\"229\">L\u01b0u tr\u1eef d\u1eef li\u1ec7u:<\/td>\n<td colspan=\"3\" width=\"357\">\u226510 n\u0103m<\/td>\n<\/tr>\n<\/tbody>\n<\/table>\n<p><img loading=\"lazy\" decoding=\"async\" class=\"alignnone wp-image-2095\" src=\"https:\/\/nfc-readers.com\/wp-content\/uploads\/2024\/04\/H51686452074d454db06d99f0f933769fW-229x300.jpg\" alt=\"\" width=\"639\" height=\"837\" srcset=\"https:\/\/nfc-readers.com\/wp-content\/uploads\/2024\/04\/H51686452074d454db06d99f0f933769fW-229x300.jpg 229w, https:\/\/nfc-readers.com\/wp-content\/uploads\/2024\/04\/H51686452074d454db06d99f0f933769fW-781x1024.jpg 781w, https:\/\/nfc-readers.com\/wp-content\/uploads\/2024\/04\/H51686452074d454db06d99f0f933769fW-768x1007.jpg 768w, https:\/\/nfc-readers.com\/wp-content\/uploads\/2024\/04\/H51686452074d454db06d99f0f933769fW-600x787.jpg 600w, https:\/\/nfc-readers.com\/wp-content\/uploads\/2024\/04\/H51686452074d454db06d99f0f933769fW.jpg 790w\" sizes=\"auto, (max-width: 639px) 100vw, 639px\" \/><\/p>\n<p><img loading=\"lazy\" decoding=\"async\" class=\"alignnone wp-image-2096\" src=\"https:\/\/nfc-readers.com\/wp-content\/uploads\/2024\/04\/H37c0c85a896b42d3ad20f78e6d7e5905q-300x182.jpg\" alt=\"\" width=\"640\" height=\"388\" srcset=\"https:\/\/nfc-readers.com\/wp-content\/uploads\/2024\/04\/H37c0c85a896b42d3ad20f78e6d7e5905q-300x182.jpg 300w, https:\/\/nfc-readers.com\/wp-content\/uploads\/2024\/04\/H37c0c85a896b42d3ad20f78e6d7e5905q-768x467.jpg 768w, https:\/\/nfc-readers.com\/wp-content\/uploads\/2024\/04\/H37c0c85a896b42d3ad20f78e6d7e5905q-600x365.jpg 600w, https:\/\/nfc-readers.com\/wp-content\/uploads\/2024\/04\/H37c0c85a896b42d3ad20f78e6d7e5905q.jpg 790w\" sizes=\"auto, (max-width: 640px) 100vw, 640px\" \/><\/p>\n<p><img loading=\"lazy\" decoding=\"async\" class=\"alignnone wp-image-2097\" src=\"https:\/\/nfc-readers.com\/wp-content\/uploads\/2024\/04\/H589c2531e7974fb2a252d17a9e1d8811T-300x170.jpg\" alt=\"\" width=\"637\" height=\"361\" srcset=\"https:\/\/nfc-readers.com\/wp-content\/uploads\/2024\/04\/H589c2531e7974fb2a252d17a9e1d8811T-300x170.jpg 300w, https:\/\/nfc-readers.com\/wp-content\/uploads\/2024\/04\/H589c2531e7974fb2a252d17a9e1d8811T-768x436.jpg 768w, https:\/\/nfc-readers.com\/wp-content\/uploads\/2024\/04\/H589c2531e7974fb2a252d17a9e1d8811T-600x340.jpg 600w, https:\/\/nfc-readers.com\/wp-content\/uploads\/2024\/04\/H589c2531e7974fb2a252d17a9e1d8811T.jpg 790w\" sizes=\"auto, (max-width: 637px) 100vw, 637px\" \/><\/p>","protected":false},"excerpt":{"rendered":"<p>Th\u1ebb NFC C \/ EV1 si\u00eau nh\u1eb9 cung c\u1ea5p gi\u1ea3i ph\u00e1p chip NFC ti\u1ebft ki\u1ec7m chi ph\u00ed cho \u1ee9ng d\u1ee5ng v\u00e9 d\u00f9ng m\u1ed9t l\u1ea7n, d\u00e1n nh\u00e3n v\u00e0 c\u00e1c \u1ee9ng d\u1ee5ng RFID kh\u00e1c c\u1ea7n b\u1ea3o m\u1eadt.<\/p>","protected":false},"featured_media":2098,"template":"","meta":[],"product_brand":[],"product_cat":[47],"product_tag":[],"class_list":{"0":"post-2094","1":"product","2":"type-product","3":"status-publish","4":"has-post-thumbnail","6":"product_cat-nfc-tags","8":"first","9":"instock","10":"shipping-taxable","11":"product-type-simple"},"_links":{"self":[{"href":"https:\/\/nfc-readers.com\/vi\/wp-json\/wp\/v2\/product\/2094","targetHints":{"allow":["GET"]}}],"collection":[{"href":"https:\/\/nfc-readers.com\/vi\/wp-json\/wp\/v2\/product"}],"about":[{"href":"https:\/\/nfc-readers.com\/vi\/wp-json\/wp\/v2\/types\/product"}],"wp:featuredmedia":[{"embeddable":true,"href":"https:\/\/nfc-readers.com\/vi\/wp-json\/wp\/v2\/media\/2098"}],"wp:attachment":[{"href":"https:\/\/nfc-readers.com\/vi\/wp-json\/wp\/v2\/media?parent=2094"}],"wp:term":[{"taxonomy":"product_brand","embeddable":true,"href":"https:\/\/nfc-readers.com\/vi\/wp-json\/wp\/v2\/product_brand?post=2094"},{"taxonomy":"product_cat","embeddable":true,"href":"https:\/\/nfc-readers.com\/vi\/wp-json\/wp\/v2\/product_cat?post=2094"},{"taxonomy":"product_tag","embeddable":true,"href":"https:\/\/nfc-readers.com\/vi\/wp-json\/wp\/v2\/product_tag?post=2094"}],"curies":[{"name":"wp","href":"https:\/\/api.w.org\/{rel}","templated":true}]}}