{"id":2103,"date":"2024-04-22T02:06:11","date_gmt":"2024-04-22T02:06:11","guid":{"rendered":"https:\/\/nfc-readers.com\/?post_type=product&#038;p=2103"},"modified":"2024-09-29T02:13:25","modified_gmt":"2024-09-29T02:13:25","slug":"ntag424","status":"publish","type":"product","link":"https:\/\/nfc-readers.com\/vi\/ic-reader\/ntag424\/","title":{"rendered":"DNA NTAG 424"},"content":{"rendered":"<h1>DNA NTAG 424<\/h1>\n<table width=\"537\">\n<tbody>\n<tr style=\"font-style: inherit; font-weight: inherit;\">\n<td style=\"font-style: inherit;\" width=\"95\" data-spm-anchor-id=\"a2700.details.0.i69.1fd12d83P0Adf1\"><span style=\"font-style: inherit; font-weight: inherit;\">V\u1eadt li\u1ec7u<\/span><\/td>\n<td style=\"font-style: inherit;\" width=\"442\"><span style=\"font-style: inherit; font-weight: inherit;\">Gi\u1ea5y, PVC, PET ho\u1eb7c t\u00f9y ch\u1ec9nh<\/span><\/td>\n<\/tr>\n<tr style=\"font-style: inherit; font-weight: inherit;\">\n<td style=\"font-style: inherit;\" width=\"95\"><span style=\"font-style: inherit; font-weight: inherit;\">In \u1ea5n<\/span><\/td>\n<td style=\"font-style: inherit;\" width=\"442\"><span style=\"font-style: inherit; font-weight: inherit;\">in offset ho\u1eb7c in k\u1ef9 thu\u1eadt s\u1ed1, in l\u1ee5a ect<\/span><\/td>\n<\/tr>\n<tr style=\"font-style: inherit; font-weight: inherit;\">\n<td style=\"font-style: inherit;\" width=\"95\"><span style=\"font-style: inherit; font-weight: inherit;\">th\u1ee7 c\u00f4ng<\/span><\/td>\n<td style=\"font-style: inherit;\" width=\"442\"><span style=\"font-style: inherit; font-weight: inherit;\">S\u1ecdc t\u1eeb, M\u00e3 v\u1ea1ch \/ M\u00e3 QR, B\u00f3ng \/ Th\u1ea3m \/ ph\u1ee7 s\u01b0\u01a1ng ect<\/span><\/td>\n<\/tr>\n<tr style=\"font-style: inherit; font-weight: inherit;\">\n<td style=\"font-style: inherit;\" width=\"95\"><span style=\"font-style: inherit; font-weight: inherit;\">K\u00edch th\u01b0\u1edbc<\/span><\/td>\n<td style=\"font-style: inherit;\" width=\"442\" data-spm-anchor-id=\"a2700.details.0.i68.1fd12d83P0Adf1\"><span style=\"font-style: inherit; font-weight: inherit;\">40*25mm,25mm,30mm,45*45mm ho\u1eb7c t\u00f9y ch\u1ec9nh<\/span><\/td>\n<\/tr>\n<tr style=\"font-style: inherit; font-weight: inherit;\">\n<td style=\"font-style: inherit;\" width=\"95\"><span style=\"font-style: inherit; font-weight: inherit;\">T\u00ednh th\u01b0\u1eddng xuy\u00ean<\/span><\/td>\n<td style=\"font-style: inherit;\" width=\"442\"><span style=\"font-style: inherit; font-weight: inherit;\">13,56 MHz<\/span><\/td>\n<\/tr>\n<tr style=\"font-style: inherit; font-weight: inherit;\">\n<td style=\"font-style: inherit;\" width=\"95\"><span style=\"font-style: inherit; font-weight: inherit;\">Ph\u1ea1m vi \u0111\u1ecdc<\/span><\/td>\n<td style=\"font-style: inherit;\" width=\"442\"><span style=\"font-style: inherit; font-weight: inherit;\">1-10cm t\u00f9y thu\u1ed9c v\u00e0o ng\u01b0\u1eddi \u0111\u1ecdc v\u00e0 m\u00f4i tr\u01b0\u1eddng \u0111\u1ecdc<\/span><\/td>\n<\/tr>\n<tr style=\"font-style: inherit; font-weight: inherit;\">\n<td style=\"font-style: inherit;\" width=\"95\"><span style=\"font-style: inherit; font-weight: inherit;\">\u1ee8ng d\u1ee5ng<\/span><\/td>\n<td style=\"font-style: inherit;\" width=\"442\"><span style=\"font-style: inherit; font-weight: inherit;\">Ho\u1ea1t \u0111\u1ed9ng, nh\u00e3n s\u1ea3n ph\u1ea9m ect<\/span><\/td>\n<\/tr>\n<tr style=\"font-style: inherit; font-weight: inherit;\">\n<td style=\"font-style: inherit;\" width=\"95\"><span style=\"font-style: inherit; font-weight: inherit;\">th\u1eddi gian d\u1eabn<\/span><\/td>\n<td style=\"font-style: inherit;\" width=\"442\"><span style=\"font-style: inherit; font-weight: inherit;\">N\u00f3i chung kho\u1ea3ng 7-8 ng\u00e0y l\u00e0m vi\u1ec7c, n\u00f3 ph\u1ee5 thu\u1ed9c v\u00e0o s\u1ed1 l\u01b0\u1ee3ng v\u00e0 y\u00eau c\u1ea7u c\u1ee7a b\u1ea1n<\/span><\/td>\n<\/tr>\n<tr style=\"font-style: inherit; font-weight: inherit;\">\n<td style=\"font-style: inherit;\" width=\"95\"><span style=\"font-style: inherit; font-weight: inherit;\">C\u00e1ch thanh to\u00e1n<\/span><\/td>\n<td style=\"font-style: inherit;\" width=\"442\"><span style=\"font-style: inherit; font-weight: inherit;\">WesterUnion, TT, \u0110\u1ea3m b\u1ea3o th\u01b0\u01a1ng m\u1ea1i ho\u1eb7c paypal ect<\/span><\/td>\n<\/tr>\n<\/tbody>\n<\/table>\n<p>Th\u00eam t\u00f9y ch\u1ecdn chip \u0111\u1ec3 l\u1ef1a ch\u1ecdn<\/p>\n<table width=\"537\">\n<tbody>\n<tr style=\"font-style: inherit; font-weight: inherit;\">\n<td style=\"font-style: inherit;\" width=\"95\" data-spm-anchor-id=\"a2700.details.0.i71.1fd12d83P0Adf1\"><span style=\"font-style: inherit; font-weight: inherit;\" data-spm-anchor-id=\"a2700.details.0.i72.1fd12d83P0Adf1\">rotocol<\/span><\/td>\n<td style=\"font-style: inherit;\" width=\"442\"><span style=\"font-style: inherit; font-weight: inherit;\">Khoai t\u00e2y chi\u00ean<\/span><\/td>\n<\/tr>\n<tr style=\"font-style: inherit; font-weight: inherit;\">\n<td style=\"font-style: inherit;\" rowspan=\"8\" width=\"95\"><span style=\"font-style: inherit; font-weight: inherit;\">ISO14443A<\/span><\/td>\n<td style=\"font-style: inherit;\" width=\"442\"><span style=\"font-style: inherit; font-weight: inherit;\">MIFARE C\u1ed5 \u0110i\u1ec3n\u00ae 1K, MIFARE C\u1ed5 \u0110i\u1ec3n\u00ae 4K<\/span><\/td>\n<\/tr>\n<tr>\n<td width=\"442\"><span style=\"font-style: inherit; font-weight: inherit;\">MIFARE\u00ae Mini<\/span><\/td>\n<\/tr>\n<tr>\n<td width=\"442\"><span style=\"font-style: inherit; font-weight: inherit;\">MIFARE Ultralight\u00ae, MIFARE Ultralight\u00ae EV1, MIFARE Ultralight\u00ae C<\/span><\/td>\n<\/tr>\n<tr>\n<td width=\"442\"><span style=\"font-style: inherit; font-weight: inherit;\">NTAG213 \/ NTAG215 \/ NTAG216<\/span><\/td>\n<\/tr>\n<tr>\n<td width=\"442\"><span style=\"font-style: inherit; font-weight: inherit;\">MIFARE \u00ae DESFire\u00ae EV1 (2K\/4K\/8K)<\/span><\/td>\n<\/tr>\n<tr>\n<td width=\"442\"><span style=\"font-style: inherit; font-weight: inherit;\">MIFARE \u00ae DESFire\u00ae EV2 (2K\/4K\/8K)<\/span><\/td>\n<\/tr>\n<tr>\n<td width=\"442\"><span style=\"font-style: inherit; font-weight: inherit;\">MIFARE Plus\u00ae (2K\/4K)<\/span><\/td>\n<\/tr>\n<tr>\n<td width=\"442\"><span style=\"font-style: inherit; font-weight: inherit;\">Topaz 512<\/span><\/td>\n<\/tr>\n<tr style=\"font-style: inherit; font-weight: inherit;\">\n<td style=\"font-style: inherit;\" width=\"95\"><span style=\"font-style: inherit; font-weight: inherit;\">ISO15693<\/span><\/td>\n<td style=\"font-style: inherit;\" width=\"442\"><span style=\"font-style: inherit; font-weight: inherit;\">ICODE SLIX, ICODE SLI-S<\/span><\/td>\n<\/tr>\n<\/tbody>\n<\/table>\n<p><img loading=\"lazy\" decoding=\"async\" class=\"alignnone wp-image-2108\" src=\"https:\/\/nfc-readers.com\/wp-content\/uploads\/2024\/04\/Hde00c6f42d8549a48e8df66ca6d59227x-300x226.png\" alt=\"\" width=\"572\" height=\"431\" srcset=\"https:\/\/nfc-readers.com\/wp-content\/uploads\/2024\/04\/Hde00c6f42d8549a48e8df66ca6d59227x-300x226.png 300w, https:\/\/nfc-readers.com\/wp-content\/uploads\/2024\/04\/Hde00c6f42d8549a48e8df66ca6d59227x-600x451.png 600w, https:\/\/nfc-readers.com\/wp-content\/uploads\/2024\/04\/Hde00c6f42d8549a48e8df66ca6d59227x.png 750w\" sizes=\"auto, (max-width: 572px) 100vw, 572px\" \/><\/p>","protected":false},"excerpt":{"rendered":"<p>NTAG 424 DNA l\u00e0 th\u1ebb NFC an to\u00e0n, cung c\u1ea5p kh\u1ea3 n\u0103ng b\u1ea3o v\u1ec7 c\u1ea5p ng\u00e2n h\u00e0ng v\u1ec1 ch\u1ed1ng l\u00e0m gi\u1ea3, an to\u00e0n th\u01b0\u01a1ng hi\u1ec7u, ki\u1ec3m so\u00e1t v\u00e9 an to\u00e0n v\u00e0 x\u00e1c minh danh t\u00ednh trong c\u00e1c \u1ee9ng d\u1ee5ng RFID.<\/p>","protected":false},"featured_media":2104,"template":"","meta":[],"product_brand":[],"product_cat":[47],"product_tag":[],"class_list":{"0":"post-2103","1":"product","2":"type-product","3":"status-publish","4":"has-post-thumbnail","6":"product_cat-nfc-tags","8":"first","9":"instock","10":"shipping-taxable","11":"product-type-simple"},"_links":{"self":[{"href":"https:\/\/nfc-readers.com\/vi\/wp-json\/wp\/v2\/product\/2103","targetHints":{"allow":["GET"]}}],"collection":[{"href":"https:\/\/nfc-readers.com\/vi\/wp-json\/wp\/v2\/product"}],"about":[{"href":"https:\/\/nfc-readers.com\/vi\/wp-json\/wp\/v2\/types\/product"}],"wp:featuredmedia":[{"embeddable":true,"href":"https:\/\/nfc-readers.com\/vi\/wp-json\/wp\/v2\/media\/2104"}],"wp:attachment":[{"href":"https:\/\/nfc-readers.com\/vi\/wp-json\/wp\/v2\/media?parent=2103"}],"wp:term":[{"taxonomy":"product_brand","embeddable":true,"href":"https:\/\/nfc-readers.com\/vi\/wp-json\/wp\/v2\/product_brand?post=2103"},{"taxonomy":"product_cat","embeddable":true,"href":"https:\/\/nfc-readers.com\/vi\/wp-json\/wp\/v2\/product_cat?post=2103"},{"taxonomy":"product_tag","embeddable":true,"href":"https:\/\/nfc-readers.com\/vi\/wp-json\/wp\/v2\/product_tag?post=2103"}],"curies":[{"name":"wp","href":"https:\/\/api.w.org\/{rel}","templated":true}]}}