{"id":2109,"date":"2024-04-22T02:26:55","date_gmt":"2024-04-22T02:26:55","guid":{"rendered":"https:\/\/nfc-readers.com\/?post_type=product&#038;p=2109"},"modified":"2024-09-29T01:56:55","modified_gmt":"2024-09-29T01:56:55","slug":"nfc-stickers-ntag213216","status":"publish","type":"product","link":"https:\/\/nfc-readers.com\/vi\/ic-reader\/nfc-stickers-ntag213216\/","title":{"rendered":"Mi\u1ebfng d\u00e1n NFC NTAG213 215 216"},"content":{"rendered":"<h1>Mi\u1ebfng d\u00e1n NFC NTAG213 215 216<\/h1>\n<table width=\"534\">\n<tbody>\n<tr style=\"font-style: inherit; font-weight: inherit;\">\n<td style=\"font-style: inherit;\" width=\"215\">\n<p data-spm-anchor-id=\"a2700.pc-decorate.0.i49.7c5c3333IeSDv6\">m\u1ee5c<\/p>\n<\/td>\n<td width=\"319\">\u0110\u1eb7c t\u00ednh<\/td>\n<\/tr>\n<tr style=\"font-style: inherit; font-weight: inherit;\">\n<td style=\"font-style: inherit;\" width=\"215\">\n<p data-spm-anchor-id=\"a2700.pc-decorate.0.i22.bd1b3333wXnVY0\">Ngu\u1ed3n g\u1ed1c<\/p>\n<\/td>\n<td width=\"319\">Trung Qu\u1ed1c<\/td>\n<\/tr>\n<tr style=\"font-style: inherit; font-weight: inherit;\">\n<td style=\"font-style: inherit;\" width=\"215\">\n<p data-spm-anchor-id=\"0.0.0.i10.277b4f05XiiaMd\">Ch\u1ee9ng nh\u1eadn<\/p>\n<\/td>\n<td width=\"319\">\n<p data-spm-anchor-id=\"a2700.pc-decorate.0.i10.bd1b3333wXnVY0\">CE\/ROHS<\/p>\n<\/td>\n<\/tr>\n<tr style=\"font-style: inherit; font-weight: inherit;\">\n<td style=\"font-style: inherit;\" width=\"215\">V\u1eadt li\u1ec7u<\/td>\n<td width=\"319\">\n<p data-spm-anchor-id=\"a2700.pc-decorate.0.i50.7c5c3333IeSDv6\">PET, gi\u1ea5y tr\u00e1ng, epoxy, gi\u1ea5y nhi\u1ec7t, v.v.<\/p>\n<\/td>\n<\/tr>\n<tr style=\"font-style: inherit; font-weight: inherit;\">\n<td style=\"font-style: inherit;\" width=\"215\">Chip<\/td>\n<td width=\"319\">\n<p data-spm-anchor-id=\"a2700.pc-decorate.0.i50.bd1b3333wXnVY0\">NTAG 213\/NTAG 215\/Ntag 216\/Fudan F08 ho\u1eb7c t\u00f9y ch\u1ec9nh<\/p>\n<\/td>\n<\/tr>\n<tr style=\"font-style: inherit; font-weight: inherit;\">\n<td style=\"font-style: inherit;\" width=\"215\">T\u00ednh th\u01b0\u1eddng xuy\u00ean<\/td>\n<td width=\"319\">\n<p data-spm-anchor-id=\"0.0.0.i5.277b4f05QIK8KU\">13,56 MHz<\/p>\n<\/td>\n<\/tr>\n<tr style=\"font-style: inherit; font-weight: inherit;\">\n<td style=\"font-style: inherit;\" width=\"215\">\n<p data-spm-anchor-id=\"a2700.pc-decorate.0.i90.6e273333nK6FqH\">Giao th\u1ee9c<\/p>\n<\/td>\n<td width=\"319\">\n<p data-spm-anchor-id=\"a2700.pc-decorate.0.i51.bd1b3333wXnVY0\">ISO 14443A<\/p>\n<\/td>\n<\/tr>\n<tr style=\"font-style: inherit; font-weight: inherit;\">\n<td style=\"font-style: inherit;\" rowspan=\"3\" width=\"215\">K\u00edch c\u1ee1<\/td>\n<td width=\"319\">\n<p data-spm-anchor-id=\"a2700.pc-decorate.0.i53.bd1b3333wXnVY0\">V\u00f2ng 18,25, 30, 35,40mm<\/p>\n<\/td>\n<\/tr>\n<tr>\n<td width=\"319\">\n<p data-spm-anchor-id=\"a2700.pc-decorate.0.i53.bd1b3333wXnVY0\">H\u00ecnh vu\u00f4ng 86*54,40*25,55*18,10*20,18*18,30*15<\/p>\n<\/td>\n<\/tr>\n<tr>\n<td width=\"319\">\n<p data-spm-anchor-id=\"a2700.pc-decorate.0.i53.bd1b3333wXnVY0\">ho\u1eb7c k\u00edch th\u01b0\u1edbc t\u00f9y ch\u1ec9nh<\/p>\n<\/td>\n<\/tr>\n<tr style=\"font-style: inherit; font-weight: inherit;\">\n<td style=\"font-style: inherit;\" width=\"215\">\n<p data-spm-anchor-id=\"0.0.0.i1.277b4f05XiiaMd\">T\u00ednh n\u0103ng<\/p>\n<\/td>\n<td width=\"319\">\n<p data-spm-anchor-id=\"a2700.pc-decorate.0.i47.bd1b3333wXnVY0\">\u0111\u01b0\u1ee3c ph\u00e9p chia s\u1ebb d\u1eef li\u1ec7u b\u1eb1ng \u0111i\u1ec7n tho\u1ea1i h\u1ed7 tr\u1ee3 nfc, nhanh h\u01a1n v\u00e0 thu\u1eadn ti\u1ec7n h\u01a1n th\u1ebb th\u00f4ng th\u01b0\u1eddng<\/p>\n<\/td>\n<\/tr>\n<tr style=\"font-style: inherit; font-weight: inherit;\">\n<td style=\"font-style: inherit;\" width=\"215\">\n<p data-spm-anchor-id=\"0.0.0.i8.277b4f05XiiaMd\">V\u1eadt m\u1eabu<\/p>\n<\/td>\n<td width=\"319\">\n<p data-spm-anchor-id=\"a2700.pc-decorate.0.i39.6e273333nK6FqH\">mi\u1ec5n ph\u00ed c\u00f3 s\u1eb5n<\/p>\n<\/td>\n<\/tr>\n<tr style=\"font-style: inherit; font-weight: inherit;\">\n<td style=\"font-style: inherit;\" width=\"215\">\n<p data-spm-anchor-id=\"a2700.pc-decorate.0.i95.6e273333nK6FqH\">\u0110\u1ecdc kho\u1ea3ng c\u00e1ch<\/p>\n<\/td>\n<td width=\"319\">\n<p data-spm-anchor-id=\"a2700.pc-decorate.0.i89.6e273333nK6FqH\">0-10cm<\/p>\n<\/td>\n<\/tr>\n<tr style=\"font-style: inherit; font-weight: inherit;\">\n<td style=\"font-style: inherit;\" width=\"215\">\n<p data-spm-anchor-id=\"a2700.pc-decorate.0.i35.6e273333nK6FqH\">T\u00ean s\u1ea3n ph\u1ea9m<\/p>\n<\/td>\n<td width=\"319\">\n<p data-spm-anchor-id=\"a2700.pc-decorate.0.i12.bd1b3333wXnVY0\">T\u00f9y Ch\u1ec9nh NTAG 213 Mi\u1ebfng D\u00e1n NFC Tr\u00f2n 18 Mm Tr\u1ed1ng Nh\u00e3n Tr\u1eafng NTAG 213 Th\u1ebb Ho\u1ea1t \u0110\u1ed9ng Ho\u00e0n H\u1ea3o V\u1edbi \u0110i\u1ec7n Tho\u1ea1i Di \u0110\u1ed9ng H\u1ed7 Tr\u1ee3 NFC<\/p>\n<\/td>\n<\/tr>\n<tr style=\"font-style: inherit; font-weight: inherit;\">\n<td style=\"font-style: inherit;\" rowspan=\"3\" width=\"215\">C\u00e1 nh\u00e2n h\u00f3a<\/td>\n<td style=\"font-style: inherit;\" width=\"319\">-logo t\u00f9y ch\u1ec9nh, in m\u00e0u cho gi\u1ea5y b\u1ec1 m\u1eb7t<\/td>\n<\/tr>\n<tr>\n<td width=\"319\">-v\u1eadt li\u1ec7u b\u1ec1 m\u1eb7t t\u00f9y ch\u1ec9nh<\/td>\n<\/tr>\n<tr>\n<td width=\"319\">-th\u00f4ng tin d\u1eef li\u1ec7u t\u00f9y ch\u1ec9nh c\u00f3 th\u1ec3 ghi trong chip, nh\u01b0 url (trang web), s\u1ed1 s\u00ea-ri, v.v.<\/td>\n<\/tr>\n<tr style=\"font-style: inherit; font-weight: inherit;\">\n<td style=\"font-style: inherit;\" rowspan=\"3\" width=\"215\">\u1ee8ng d\u1ee5ng<\/td>\n<td style=\"font-style: inherit;\" width=\"319\">Ph\u01b0\u01a1ng ti\u1ec7n truy\u1ec1n th\u00f4ng x\u00e3 h\u1ed9i NFC, H\u1eadu c\u1ea7n, qu\u1ea3n l\u00fd, qu\u1ea3n l\u00fd t\u00e0i s\u1ea3n, qu\u1ea3n l\u00fd chu\u1ed7i cung \u1ee9ng, qu\u1ea3n l\u00fd ph\u01b0\u01a1ng ti\u1ec7n, ki\u1ec3m so\u00e1t s\u1ea3n xu\u1ea5t,<\/td>\n<\/tr>\n<tr>\n<td width=\"319\">qu\u1ea3n l\u00fd kho h\u00e0ng, qu\u1ea3n l\u00fd s\u1ea3n ph\u1ea9m, x\u00e1c minh s\u1ea3n ph\u1ea9m, theo d\u00f5i t\u00e0i s\u1ea3n, theo d\u00f5i x\u1eed l\u00fd h\u00e0nh l\u00fd, qu\u1ea3n l\u00fd h\u00e0ng t\u1ed3n kho,<\/td>\n<\/tr>\n<tr>\n<td width=\"319\">v\u00e2n v\u00e2n.<\/td>\n<\/tr>\n<\/tbody>\n<\/table>\n<p>&nbsp;<\/p>\n<p><img loading=\"lazy\" decoding=\"async\" class=\"alignnone wp-image-2110\" src=\"https:\/\/nfc-readers.com\/wp-content\/uploads\/2024\/04\/H13e28f218c5e4df380794f87c5769ff4e-300x252.jpg\" alt=\"\" width=\"573\" height=\"481\" srcset=\"https:\/\/nfc-readers.com\/wp-content\/uploads\/2024\/04\/H13e28f218c5e4df380794f87c5769ff4e-300x252.jpg 300w, https:\/\/nfc-readers.com\/wp-content\/uploads\/2024\/04\/H13e28f218c5e4df380794f87c5769ff4e-600x503.jpg 600w, https:\/\/nfc-readers.com\/wp-content\/uploads\/2024\/04\/H13e28f218c5e4df380794f87c5769ff4e.jpg 750w\" sizes=\"auto, (max-width: 573px) 100vw, 573px\" \/><\/p>\n<div class=\"J_module\">\n<div class=\"detail-decorate-json-renderer-container\">\n<div class=\"magic-1\">\n<div class=\"magic-2\">\n<div class=\"magic-3\">\n<div class=\"magic-4\">\n<div class=\"magic-5\" data-spm-anchor-id=\"a2700.details.0.i69.2c8dabc3vwGabt\"><b class=\"magic-6\"><span class=\"magic-7\">T\u00f9y Ch\u1ec9nh NTAG 213 Mi\u1ebfng D\u00e1n NFC Tr\u00f2n 18 Mm Tr\u1ed1ng Nh\u00e3n Tr\u1eafng NTAG 213 Th\u1ebb Ho\u1ea1t \u0110\u1ed9ng Ho\u00e0n H\u1ea3o V\u1edbi \u0110i\u1ec7n Tho\u1ea1i Di \u0110\u1ed9ng H\u1ed7 Tr\u1ee3 NFC<\/span><\/b><\/div>\n<div>\n<div><\/div>\n<\/div>\n<\/div>\n<\/div>\n<\/div>\n<\/div>\n<\/div>\n<\/div>\n<div class=\"J_module\">\n<div class=\"detail-decorate-json-renderer-container\">\n<div class=\"magic-1\">\n<div class=\"magic-2\">\n<div class=\"magic-3\">\n<div class=\"magic-4\"><b><span class=\"magic-8\">Th\u1ebb NFC l\u00e0 g\u00ec v\u00e0 n\u00f3 ho\u1ea1t \u0111\u1ed9ng nh\u01b0 th\u1ebf n\u00e0o <\/span><\/b><br \/>\nNFC, Giao ti\u1ebfp tr\u01b0\u1eddng g\u1ea7n, th\u1ebb l\u00e0 c\u00e1c m\u1ea1ch t\u00edch h\u1ee3p nh\u1ecf \u0111\u01b0\u1ee3c thi\u1ebft k\u1ebf \u0111\u1ec3 l\u01b0u tr\u1eef th\u00f4ng tin c\u00f3 th\u1ec3 \u0111\u01b0\u1ee3c truy xu\u1ea5t b\u1eb1ng<br \/>\nC\u00e1c thi\u1ebft b\u1ecb h\u1ed7 tr\u1ee3 NFC nh\u01b0 \u0111i\u1ec7n tho\u1ea1i th\u00f4ng minh v\u00e0 m\u00e1y t\u00ednh b\u1ea3ng. Ch\u00fang l\u00e0 nh\u1eefng mi\u1ebfng d\u00e1n nh\u1ecf, c\u00f3 h\u00ecnh tr\u00f2n ho\u1eb7c h\u00ecnh vu\u00f4ng v\u00e0 c\u00f3 k\u00edch th\u01b0\u1edbc b\u1eb1ng m\u1ed9t \u0111\u1ed3ng xu l\u1edbn. Nh\u1eefng mi\u1ebfng d\u00e1n nh\u1ecf c\u1ee7a c\u00f4ng ngh\u1ec7 kh\u00f4ng d\u00e2y n\u00e0y c\u0169ng cho ph\u00e9p truy\u1ec1n d\u1eef li\u1ec7u gi\u1eefa hai thi\u1ebft b\u1ecb h\u1ed7 tr\u1ee3 NFC.<\/p>\n<div>\n<div>Th\u1ebb NFC c\u00f3 th\u1ec3 c\u00f3 dung l\u01b0\u1ee3ng b\u1ed9 nh\u1edb kh\u00e1c nhau; b\u1ea1n c\u00f3 th\u1ec3 l\u01b0u tr\u1eef s\u1ed1 \u0111i\u1ec7n tho\u1ea1i ho\u1eb7c URL (\u0111\u1ecba ch\u1ec9 web) v\u00e0 \u0111\u1ec3 t\u0103ng c\u01b0\u1eddng b\u1ea3o v\u1ec7, th\u1ebb NFC c\u00f3 th\u1ec3 b\u1ecb kh\u00f3a \u0111\u1ec3 khi d\u1eef li\u1ec7u \u0111\u00e3 \u0111\u01b0\u1ee3c ghi th\u00ec kh\u00f4ng th\u1ec3 thay \u0111\u1ed5i \u0111\u01b0\u1ee3c. Tuy nhi\u00ean, ch\u00fang c\u00f3 th\u1ec3 \u0111\u01b0\u1ee3c m\u00e3 h\u00f3a l\u1ea1i nhi\u1ec1u l\u1ea7n cho \u0111\u1ebfn khi b\u1ecb kh\u00f3a v\u00e0 sau khi b\u1ecb kh\u00f3a, th\u1ebb NFC s\u1ebd kh\u00f4ng th\u1ec3 m\u1edf kh\u00f3a \u0111\u01b0\u1ee3c.<\/div>\n<div><\/div>\n<div>\u0110\u1ec3 s\u1eed d\u1ee5ng th\u1ebb NFC, b\u1ea1n c\u1ea7n ch\u1ea1m v\u00e0o nh\u00e3n d\u00e1n b\u1eb1ng thi\u1ebft b\u1ecb h\u1ed7 tr\u1ee3 NFC ho\u1eb7c b\u1ea1n c\u1ea7n \u0111\u01b0a thi\u1ebft b\u1ecb c\u1ee7a m\u00ecnh \u0111\u1ebfn \u0111\u1ee7 g\u1ea7n (c\u00f3 th\u1ec3 c\u00e1ch nhau m\u1ed9t inch) \u0111\u1ec3 thi\u1ebft b\u1ecb th\u1ef1c hi\u1ec7n \u0111\u1eb7t gi\u00e1 th\u1ea7u \u0111\u01b0\u1ee3c l\u1eadp tr\u00ecnh c\u1ee7a b\u1ea1n.<\/div>\n<\/div>\n<\/div>\n<\/div>\n<\/div>\n<\/div>\n<\/div>\n<\/div>\n<div class=\"J_module\">\n<div class=\"detail-decorate-json-renderer-container\">\n<div class=\"magic-1\">\n<div class=\"magic-2\">\n<div class=\"magic-3\">\n<div class=\"magic-4\"><span class=\"magic-9\"><span class=\"magic-10\"><b>Th\u1ebb rfid 13,56mhz, th\u1ebb nfc d\u1ec5 d\u00e0ng l\u1eadp tr\u00ecnh, nh\u01b0 m\u00e3 h\u00f3a URL, \u0111\u1ec3 n\u00f3 c\u00f3 th\u1ec3 ho\u1ea1t \u0111\u1ed9ng v\u1edbi \u0111i\u1ec7n tho\u1ea1i th\u00f4ng minh Andriod\/IOS c\u00f3 NFC.<br \/>\nKhi th\u1ebb NFC \u0111\u00f3ng v\u00e0o v\u1ecb tr\u00ed NFC tr\u00ean \u0111i\u1ec7n tho\u1ea1i th\u00f4ng minh, li\u00ean k\u1ebft trang web \u0111\u01b0\u1ee3c l\u1eadp tr\u00ecnh s\u1ebd xu\u1ea5t hi\u1ec7n ngay l\u1eadp t\u1ee9c. N\u00f3 ch\u1ee7 y\u1ebfu \u0111\u01b0\u1ee3c s\u1eed d\u1ee5ng cho nhi\u1ec1u \u1ee9ng d\u1ee5ng nh\u01b0 danh thi\u1ebfp, qu\u1ea3ng c\u00e1o c\u00f4ng ty, \u00e1p ph\u00edch th\u00f4ng minh, b\u00e1n v\u00e9 s\u1ef1 ki\u1ec7n, s\u1eed d\u1ee5ng c\u00f4ng nghi\u1ec7p, v.v.<\/b><\/span><\/span><\/p>\n<div><b><span class=\"magic-9\">\u00a0<\/span><\/b><\/div>\n<div><span class=\"magic-10\"><b class=\"magic-9\">C\u00e1c t\u00ednh n\u0103ng c\u1ee7a ch\u00fang t\u00f4i:<br \/>\n<\/b><span class=\"magic-11\" style=\"font-family: Arial;\">1. T\u00f9y ch\u1ec9nh<br \/>\n2. T\u1ed1c \u0111\u1ed9 giao h\u00e0ng nhanh<br \/>\nC\u1ea5u tr\u00fac th\u1ebb 3.RFID: Chip RFID + Anten RFID + V\u1eadt li\u1ec7u b\u1ec1 m\u1eb7t<br \/>\n4. Nh\u00e0 cung c\u1ea5p s\u1ea3n ph\u1ea9m rfid chuy\u00ean nghi\u1ec7p<\/span><\/span><\/div>\n<\/div>\n<\/div>\n<\/div>\n<\/div>\n<\/div>\n<\/div>\n<p>&nbsp;<\/p>\n<p>&nbsp;<\/p>","protected":false},"excerpt":{"rendered":"<p>Nh\u00e3n d\u00e1n NFC nh\u1ecf g\u1ecdn v\u1edbi chip NTAG213 215 216 cho ph\u00e9p qu\u1ea3ng c\u00e1o th\u00f4ng minh, x\u00e1c th\u1ef1c s\u1ea3n ph\u1ea9m v\u00e0 gh\u00e9p n\u1ed1i nhanh, gi\u00fap gi\u1ea3i ph\u00e1p RFID d\u1ec5 ti\u1ebfp c\u1eadn v\u00e0 hi\u1ec7u qu\u1ea3.<\/p>","protected":false},"featured_media":2111,"template":"","meta":[],"product_brand":[],"product_cat":[48],"product_tag":[],"class_list":{"0":"post-2109","1":"product","2":"type-product","3":"status-publish","4":"has-post-thumbnail","6":"product_cat-nfc-stickers","8":"first","9":"instock","10":"shipping-taxable","11":"product-type-simple"},"_links":{"self":[{"href":"https:\/\/nfc-readers.com\/vi\/wp-json\/wp\/v2\/product\/2109","targetHints":{"allow":["GET"]}}],"collection":[{"href":"https:\/\/nfc-readers.com\/vi\/wp-json\/wp\/v2\/product"}],"about":[{"href":"https:\/\/nfc-readers.com\/vi\/wp-json\/wp\/v2\/types\/product"}],"wp:featuredmedia":[{"embeddable":true,"href":"https:\/\/nfc-readers.com\/vi\/wp-json\/wp\/v2\/media\/2111"}],"wp:attachment":[{"href":"https:\/\/nfc-readers.com\/vi\/wp-json\/wp\/v2\/media?parent=2109"}],"wp:term":[{"taxonomy":"product_brand","embeddable":true,"href":"https:\/\/nfc-readers.com\/vi\/wp-json\/wp\/v2\/product_brand?post=2109"},{"taxonomy":"product_cat","embeddable":true,"href":"https:\/\/nfc-readers.com\/vi\/wp-json\/wp\/v2\/product_cat?post=2109"},{"taxonomy":"product_tag","embeddable":true,"href":"https:\/\/nfc-readers.com\/vi\/wp-json\/wp\/v2\/product_tag?post=2109"}],"curies":[{"name":"wp","href":"https:\/\/api.w.org\/{rel}","templated":true}]}}