{"id":2127,"date":"2024-04-22T02:58:46","date_gmt":"2024-04-22T02:58:46","guid":{"rendered":"https:\/\/nfc-readers.com\/?post_type=product&#038;p=2127"},"modified":"2024-09-24T06:40:32","modified_gmt":"2024-09-24T06:40:32","slug":"nfc-key-fobs","status":"publish","type":"product","link":"https:\/\/nfc-readers.com\/vi\/ic-reader\/nfc-key-fobs\/","title":{"rendered":"Th\u1ebb th\u00f4ng minh NFC (t\u00f9y ch\u1ec9nh)"},"content":{"rendered":"<h1>Th\u1ebb th\u00f4ng minh NFC (t\u00f9y ch\u1ec9nh)<\/h1>\n<table width=\"345\">\n<tbody>\n<tr style=\"font-style: inherit; font-weight: inherit;\">\n<td style=\"font-style: inherit;\" width=\"69\">\n<p data-spm-anchor-id=\"a2700.pc-decorate.0.i24.7f543333WPG8F0\"><span data-spm-anchor-id=\"a2700.pc-decorate.0.i23.7f543333WPG8F0\">M\u1ee5c<\/span><\/p>\n<\/td>\n<td colspan=\"4\" width=\"276\">Th\u1ebb kh\u00f3a RFID \/Keyfob<\/td>\n<\/tr>\n<tr style=\"font-style: inherit; font-weight: inherit;\">\n<td style=\"font-style: inherit;\" width=\"69\">\n<p data-spm-anchor-id=\"a2700.pc-decorate.0.i22.7f543333WPG8F0\"><span data-spm-anchor-id=\"a2700.pc-decorate.0.i10.7f543333WPG8F0\">V\u1eadt li\u1ec7u<\/span><\/p>\n<\/td>\n<td colspan=\"4\" width=\"276\"><span style=\"font-style: inherit; font-weight: inherit;\" data-spm-anchor-id=\"a2700.pc-decorate.0.i5.4f1a3333tE72jd\">ABS, PVC, s\u1ee3i th\u1ee7y tinh, Epoxy, v.v.<\/span><\/td>\n<\/tr>\n<tr style=\"font-style: inherit; font-weight: inherit;\">\n<td style=\"font-style: inherit;\" width=\"69\">\n<p data-spm-anchor-id=\"a2700.pc-decorate.0.i34.7f543333WPG8F0\">Chip<\/p>\n<\/td>\n<td colspan=\"4\" width=\"276\"><span data-spm-anchor-id=\"a2700.pc-decorate.0.i15.2d9b33330HxdWZ\">Chip LF, HF<\/span><\/td>\n<\/tr>\n<tr style=\"font-style: inherit; font-weight: inherit;\">\n<td style=\"font-style: inherit;\" width=\"69\">K\u00edch c\u1ee1<\/td>\n<td colspan=\"4\" width=\"276\">41*33*4.3mm\/ 51*33*5.9mm\/ 37*30*8.16mm\/ 36*29*6.6mm<\/td>\n<\/tr>\n<tr style=\"font-style: inherit; font-weight: inherit;\">\n<td style=\"font-style: inherit;\" width=\"69\">\n<p data-spm-anchor-id=\"a2700.pc-decorate.0.i33.7f543333WPG8F0\">M\u00e0u s\u1eafc<\/p>\n<\/td>\n<td colspan=\"4\" width=\"276\">\u0110en, tr\u1eafng, v\u00e0ng, \u0111\u1ecf, xanh l\u00e1 c\u00e2y, xanh d\u01b0\u01a1ng, h\u1ed3ng ho\u1eb7c t\u00f9y ch\u1ec9nh.<\/td>\n<\/tr>\n<tr style=\"font-style: inherit; font-weight: inherit;\">\n<td style=\"font-style: inherit;\" width=\"69\">\n<p data-spm-anchor-id=\"a2700.pc-decorate.0.i8.271d3333RNCmsH\">\u0110\u1ed3 th\u1ee7 c\u00f4ng<\/p>\n<\/td>\n<td colspan=\"4\" width=\"276\">In m\u1ed9t m\u00e0u ho\u1eb7c nhi\u1ec1u m\u00e0u, in m\u00e3 v\u1ea1ch ho\u1eb7c m\u00e3 Laser, v.v.<\/td>\n<\/tr>\n<tr style=\"font-style: inherit; font-weight: inherit;\">\n<td style=\"font-style: inherit;\" width=\"69\"><span style=\"font-style: inherit; font-weight: inherit;\">C\u00e1c \u1ee9ng d\u1ee5ng<\/span><\/td>\n<td colspan=\"4\" width=\"276\">Ki\u1ec3m so\u00e1t truy c\u1eadp, Giao th\u00f4ng c\u00f4ng c\u1ed9ng, B\u00e3i \u0111\u1eadu xe, X\u00e1c th\u1ef1c danh t\u00ednh, Qu\u1ea3n l\u00fd ch\u1ea5m c\u00f4ng, V\u00e9,<\/td>\n<\/tr>\n<\/tbody>\n<\/table>\n<p><img loading=\"lazy\" decoding=\"async\" class=\"alignnone wp-image-2128\" src=\"https:\/\/nfc-readers.com\/wp-content\/uploads\/2024\/04\/Hbdbc426a8e3c4e04b6d5836c3de2a0d2H-248x300.png\" alt=\"\" width=\"526\" height=\"636\" srcset=\"https:\/\/nfc-readers.com\/wp-content\/uploads\/2024\/04\/Hbdbc426a8e3c4e04b6d5836c3de2a0d2H-248x300.png 248w, https:\/\/nfc-readers.com\/wp-content\/uploads\/2024\/04\/Hbdbc426a8e3c4e04b6d5836c3de2a0d2H-600x726.png 600w, https:\/\/nfc-readers.com\/wp-content\/uploads\/2024\/04\/Hbdbc426a8e3c4e04b6d5836c3de2a0d2H.png 759w\" sizes=\"auto, (max-width: 526px) 100vw, 526px\" \/><\/p>","protected":false},"excerpt":{"rendered":"<p>M\u00f3c kh\u00f3a NFC t\u00edch h\u1ee3p c\u00f4ng ngh\u1ec7 chip NFC cung c\u1ea5p gi\u1ea3i ph\u00e1p kh\u00f4ng d\u00e2y di \u0111\u1ed9ng \u0111\u1ec3 ki\u1ec3m so\u00e1t ra v\u00e0o v\u00e0 t\u00edch h\u1ee3p nh\u00e0 th\u00f4ng minh, t\u0103ng c\u01b0\u1eddng s\u1ef1 ti\u1ec7n l\u1ee3i v\u00e0 b\u1ea3o m\u1eadt.<\/p>","protected":false},"featured_media":2129,"template":"","meta":[],"product_brand":[],"product_cat":[49],"product_tag":[],"class_list":{"0":"post-2127","1":"product","2":"type-product","3":"status-publish","4":"has-post-thumbnail","6":"product_cat-nfc-key-fobs","8":"first","9":"instock","10":"shipping-taxable","11":"product-type-simple"},"_links":{"self":[{"href":"https:\/\/nfc-readers.com\/vi\/wp-json\/wp\/v2\/product\/2127","targetHints":{"allow":["GET"]}}],"collection":[{"href":"https:\/\/nfc-readers.com\/vi\/wp-json\/wp\/v2\/product"}],"about":[{"href":"https:\/\/nfc-readers.com\/vi\/wp-json\/wp\/v2\/types\/product"}],"wp:featuredmedia":[{"embeddable":true,"href":"https:\/\/nfc-readers.com\/vi\/wp-json\/wp\/v2\/media\/2129"}],"wp:attachment":[{"href":"https:\/\/nfc-readers.com\/vi\/wp-json\/wp\/v2\/media?parent=2127"}],"wp:term":[{"taxonomy":"product_brand","embeddable":true,"href":"https:\/\/nfc-readers.com\/vi\/wp-json\/wp\/v2\/product_brand?post=2127"},{"taxonomy":"product_cat","embeddable":true,"href":"https:\/\/nfc-readers.com\/vi\/wp-json\/wp\/v2\/product_cat?post=2127"},{"taxonomy":"product_tag","embeddable":true,"href":"https:\/\/nfc-readers.com\/vi\/wp-json\/wp\/v2\/product_tag?post=2127"}],"curies":[{"name":"wp","href":"https:\/\/api.w.org\/{rel}","templated":true}]}}