{"id":2133,"date":"2024-04-22T03:16:50","date_gmt":"2024-04-22T03:16:50","guid":{"rendered":"https:\/\/nfc-readers.com\/?post_type=product&#038;p=2133"},"modified":"2024-09-24T06:04:13","modified_gmt":"2024-09-24T06:04:13","slug":"silicone-rfid-nfc-wristbands","status":"publish","type":"product","link":"https:\/\/nfc-readers.com\/vi\/ic-reader\/silicone-rfid-nfc-wristbands\/","title":{"rendered":"V\u00f2ng tay NFC RFID b\u1eb1ng silicone"},"content":{"rendered":"<table width=\"476\">\n<tbody>\n<tr style=\"font-style: inherit; font-weight: inherit;\">\n<td style=\"font-style: inherit;\" width=\"187\"><span style=\"font-style: inherit; font-weight: inherit;\" data-spm-anchor-id=\"a2700.details.0.i62.23d334f5zYksZe\">S\u1ea3n ph\u1ea9m<\/span><\/td>\n<td style=\"font-style: inherit;\" width=\"289\"><span style=\"font-style: inherit; font-weight: inherit;\">\u00a0V\u00f2ng \u0111eo tay silicon RFID\u00a0<\/span><\/td>\n<\/tr>\n<tr style=\"font-style: inherit; font-weight: inherit;\">\n<td style=\"font-style: inherit;\" width=\"187\"><span style=\"font-style: inherit; font-weight: inherit;\">\u00a0V\u1eadt li\u1ec7u\u00a0<\/span><\/td>\n<td style=\"font-style: inherit;\" width=\"289\"><span style=\"font-style: inherit; font-weight: inherit;\">\u00a0Silicon<\/span><\/td>\n<\/tr>\n<tr style=\"font-style: inherit; font-weight: inherit;\">\n<td style=\"font-style: inherit;\" width=\"187\"><span style=\"font-style: inherit; font-weight: inherit;\">\u00a0K\u00edch c\u1ee1<\/span><\/td>\n<td style=\"font-style: inherit;\" width=\"289\"><span style=\"font-style: inherit; font-weight: inherit;\">\u00a0t\u00f9y ch\u1ec9nh<\/span><\/td>\n<\/tr>\n<tr style=\"font-style: inherit; font-weight: inherit;\">\n<td style=\"font-style: inherit;\" width=\"187\"><span style=\"font-style: inherit; font-weight: inherit;\">\u00a0M\u00e0u s\u1eafc<\/span><\/td>\n<td style=\"font-style: inherit;\" width=\"289\"><span style=\"font-style: inherit; font-weight: inherit;\">\u00a0M\u00e0u xanh\/\u0111\u1ecf\/\u0111en\/tr\u1eafng\/v\u00e0ng\/x\u00e1m\/xanh\/h\u1ed3ng, v.v. ho\u1eb7c t\u00f9y ch\u1ec9nh<\/span><\/td>\n<\/tr>\n<tr style=\"font-style: inherit; font-weight: inherit;\">\n<td style=\"font-style: inherit;\" width=\"187\"><span style=\"font-style: inherit; font-weight: inherit;\">\u00a0Giao th\u1ee9c<\/span><\/td>\n<td width=\"289\"><span style=\"font-style: inherit; font-weight: inherit;\">\u00a0ISO14443A, ISO15693<\/span><\/td>\n<\/tr>\n<tr style=\"font-style: inherit; font-weight: inherit;\">\n<td style=\"font-style: inherit;\" width=\"187\"><span style=\"font-style: inherit; font-weight: inherit;\">\u00a0Chip HF (13,56 MHz)\u00a0<\/span><\/td>\n<td style=\"font-style: inherit;\" width=\"289\"><span style=\"font-style: inherit; font-weight: inherit;\">\u00a0FM11RF08, S50, S70, M1K, th\u1ebb nfc213\/216, v.v.<\/span><\/td>\n<\/tr>\n<tr style=\"font-style: inherit; font-weight: inherit;\">\n<td style=\"font-style: inherit;\" rowspan=\"4\" width=\"187\"><span style=\"font-style: inherit; font-weight: inherit;\">\u00a0th\u1ee7 c\u00f4ng<\/span><\/td>\n<td style=\"font-style: inherit;\" width=\"289\"><span style=\"font-style: inherit; font-weight: inherit;\">\u00a0T\u00f9y ch\u1ec9nh in \u1ea5n<\/span><\/td>\n<\/tr>\n<tr>\n<td width=\"289\"><span style=\"font-style: inherit; font-weight: inherit;\">\u00a0D\u1ecbch v\u1ee5 m\u00e3 h\u00f3a c\u00f3 s\u1eb5n<\/span><\/td>\n<\/tr>\n<tr>\n<td width=\"289\">\u00a0Laser\/in UID ho\u1eb7c s\u1ed1 s\u00ea-ri tr\u00ean th\u1ebb<\/td>\n<\/tr>\n<tr>\n<td width=\"289\">\u00a0UID v\u00e0 s\u1ed1 s\u00ea-ri c\u00f3 th\u1ec3 \u0111\u01b0\u1ee3c cung c\u1ea5p \u1edf \u0111\u1ecbnh d\u1ea1ng excel<\/td>\n<\/tr>\n<tr style=\"font-style: inherit; font-weight: inherit;\">\n<td style=\"font-style: inherit;\" width=\"187\"><span style=\"font-style: inherit; font-weight: inherit;\">\u00a0\u0110\u1eb7c tr\u01b0ng<\/span><\/td>\n<td style=\"font-style: inherit;\" width=\"289\"><span style=\"font-style: inherit; font-weight: inherit;\">\u00a0D\u1ec5 m\u1eb7c v\u00e0 s\u1eed d\u1ee5ng, hi\u1ec7u su\u1ea5t cao, chi ph\u00ed th\u1ea5p, Th\u00e2n thi\u1ec7n v\u1edbi m\u00f4i tr\u01b0\u1eddng, Kh\u00f4ng \u0111\u1ed9c h\u1ea1i<\/span><\/td>\n<\/tr>\n<tr style=\"font-style: inherit; font-weight: inherit;\">\n<td style=\"font-style: inherit;\" width=\"187\"><span style=\"font-style: inherit; font-weight: inherit;\">\u00a0\u1ee8ng d\u1ee5ng\u00a0<\/span><\/td>\n<td style=\"font-style: inherit;\" width=\"289\"><span style=\"font-style: inherit; font-weight: inherit;\">\u00a0\u00c1p d\u1ee5ng r\u1ed9ng r\u00e3i trong c\u00e1c b\u1eefa ti\u1ec7c, s\u1ef1 ki\u1ec7n th\u1ec3 thao, ph\u00f2ng t\u1eadp th\u1ec3 d\u1ee5c, nh\u00e0 h\u00e0ng, marathon, v.v., nh\u01b0 ki\u1ec3m so\u00e1t truy c\u1eadp v\u00e0 thanh to\u00e1n<\/span><\/td>\n<\/tr>\n<\/tbody>\n<\/table>\n<div>V\u00f2ng tay silicon RFID<\/div>\n<div><\/div>\n<div>D\u00d2NG TAY RFID CHO C\u00d4NG VI\u00caN &amp; KHU C\u1eaeM TR\u1ea0I RV An to\u00e0n, ti\u1ec7n l\u1ee3i. S\u1eed d\u1ee5ng d\u00e2y \u0111eo c\u1ed5 tay RFID t\u1ea1i c\u00f4ng vi\u00ean RV ho\u1eb7c khu c\u1eafm tr\u1ea1i c\u1ee7a b\u1ea1n \u0111\u1ec3 cho ph\u00e9p ki\u1ec3m so\u00e1t truy c\u1eadp an to\u00e0n v\u00e0o c\u00e1c khu v\u1ef1c kh\u00e1c nhau trong c\u01a1 s\u1edf c\u1ee7a b\u1ea1n v\u00e0 t\u1ea1o ra m\u1ed9t t\u00e0i s\u1ea3n kh\u00f4ng d\u00f9ng ti\u1ec1n m\u1eb7t n\u01a1i m\u1ecdi th\u1ee9 \u0111\u01b0\u1ee3c x\u1eed l\u00fd ch\u1ec9 b\u1eb1ng m\u1ed9t c\u00fa ch\u1ea1m. Mua h\u00e0ng kh\u00f4ng d\u00f9ng ti\u1ec1n m\u1eb7t.<\/div>\n<div><\/div>\n<div>V\u00f2ng tay RFID cho trung t\u00e2m gi\u1ea3i tr\u00ed gia \u0111\u00ecnh. S\u1eed d\u1ee5ng d\u00e2y \u0111eo c\u1ed5 tay RFID c\u1ee7a ch\u00fang t\u00f4i \u0111\u1ec3 ghi n\u1ee3 an to\u00e0n, giao d\u1ecbch NFC v\u00e0 POS t\u1ea1i c\u00e1c trung t\u00e2m gi\u1ea3i tr\u00ed gia \u0111\u00ecnh, khu tr\u00f2 ch\u01a1i \u0111i\u1ec7n t\u1eed, s\u00f2ng b\u1ea1c v\u00e0 trung t\u00e2m tr\u00f2 ch\u01a1i.<\/div>\n<div><\/div>\n<div>\u0110\u1ed1i v\u1edbi b\u1ea5t k\u1ef3 \u1ee9ng d\u1ee5ng n\u00e0o. Tri\u1ec3n khai d\u00e2y \u0111eo c\u1ed5 tay RFID silicon ch\u1ed1ng th\u1ea5m n\u01b0\u1edbc c\u1ee7a ch\u00fang t\u00f4i \u1edf b\u1ea5t c\u1ee9 \u0111\u00e2u: ph\u00f2ng t\u1eadp th\u1ec3 d\u1ee5c, h\u1ed3 b\u01a1i, spa, c\u00f4ng vi\u00ean n\u01b0\u1edbc ho\u1eb7c kh\u00e1ch s\u1ea1n. Thanh to\u00e1n cho th\u1ef1c ph\u1ea9m, d\u1ecbch v\u1ee5 v\u00e0 ti\u1ec7n nghi ch\u1ec9 b\u1eb1ng m\u1ed9t c\u00fa ch\u1ea1m tr\u00ean h\u1ec7 th\u1ed1ng c\u1ee7a ch\u00fang t\u00f4i ho\u1eb7c tr\u00ean thi\u1ebft b\u1ecb \u0111\u1ea7u cu\u1ed1i POS c\u1ee7a b\u1ea1n. V\u00f2ng tay silicon RFID c\u0169ng ph\u00f9 h\u1ee3p cho c\u00e1c \u1ee9ng d\u1ee5ng ki\u1ec3m so\u00e1t truy c\u1eadp, kh\u00f3a v\u00e0 gi\u00e1m s\u00e1t nh\u00e2n vi\u00ean RFID t\u1ea1i t\u00f2a nh\u00e0, v\u0103n ph\u00f2ng, ph\u00f2ng th\u00ed nghi\u1ec7m ho\u1eb7c nh\u00e0 kho c\u1ee7a b\u1ea1n.<\/div>\n<div><\/div>\n<div><img loading=\"lazy\" decoding=\"async\" class=\"alignnone wp-image-2134\" src=\"https:\/\/nfc-readers.com\/wp-content\/uploads\/2024\/04\/H41cec2b20d6746e4bf71ea249b81ff01N-300x246.jpg\" alt=\"\" width=\"525\" height=\"431\" srcset=\"https:\/\/nfc-readers.com\/wp-content\/uploads\/2024\/04\/H41cec2b20d6746e4bf71ea249b81ff01N-300x246.jpg 300w, https:\/\/nfc-readers.com\/wp-content\/uploads\/2024\/04\/H41cec2b20d6746e4bf71ea249b81ff01N-1024x839.jpg 1024w, https:\/\/nfc-readers.com\/wp-content\/uploads\/2024\/04\/H41cec2b20d6746e4bf71ea249b81ff01N-768x629.jpg 768w, https:\/\/nfc-readers.com\/wp-content\/uploads\/2024\/04\/H41cec2b20d6746e4bf71ea249b81ff01N-1536x1258.jpg 1536w, https:\/\/nfc-readers.com\/wp-content\/uploads\/2024\/04\/H41cec2b20d6746e4bf71ea249b81ff01N-2048x1678.jpg 2048w, https:\/\/nfc-readers.com\/wp-content\/uploads\/2024\/04\/H41cec2b20d6746e4bf71ea249b81ff01N-600x491.jpg 600w\" sizes=\"auto, (max-width: 525px) 100vw, 525px\" \/><\/div>\n<div><img loading=\"lazy\" decoding=\"async\" class=\"alignnone wp-image-2135\" src=\"https:\/\/nfc-readers.com\/wp-content\/uploads\/2024\/04\/HTB1OdAhDr9YBuNjy0Fgq6AxcXXaH-300x300.jpg\" alt=\"\" width=\"527\" height=\"527\" srcset=\"https:\/\/nfc-readers.com\/wp-content\/uploads\/2024\/04\/HTB1OdAhDr9YBuNjy0Fgq6AxcXXaH-300x300.jpg 300w, https:\/\/nfc-readers.com\/wp-content\/uploads\/2024\/04\/HTB1OdAhDr9YBuNjy0Fgq6AxcXXaH-150x150.jpg 150w, https:\/\/nfc-readers.com\/wp-content\/uploads\/2024\/04\/HTB1OdAhDr9YBuNjy0Fgq6AxcXXaH-600x600.jpg 600w, https:\/\/nfc-readers.com\/wp-content\/uploads\/2024\/04\/HTB1OdAhDr9YBuNjy0Fgq6AxcXXaH-100x100.jpg 100w, https:\/\/nfc-readers.com\/wp-content\/uploads\/2024\/04\/HTB1OdAhDr9YBuNjy0Fgq6AxcXXaH.jpg 750w\" sizes=\"auto, (max-width: 527px) 100vw, 527px\" \/><\/div>\n<div><\/div>\n<div>\n<p>C\u00e2u h\u1ecfi th\u01b0\u1eddng g\u1eb7p:<\/p>\n<p><strong>1. B\u1ea0N C\u00d3 TH\u1ec2 CUNG C\u1ea4P CHO CH\u00daNG T\u00d4I M\u1ed8T S\u1ed0 M\u1eaaU?<\/strong><\/p>\n<p>Sau khi ch\u00fang t\u00f4i bi\u1ebft r\u00f5 b\u1ea1n c\u1ea7n s\u1ea3n ph\u1ea9m g\u00ec, ch\u00fang t\u00f4i c\u00f3 th\u1ec3 cung c\u1ea5p m\u1eabu hi\u1ec7n c\u00f3 t\u01b0\u01a1ng t\u1ef1 \u0111\u1ec3 b\u1ea1n tham kh\u1ea3o.<\/p>\n<p>M\u1eabu mi\u1ec5n ph\u00ed v\u1edbi chi ph\u00ed v\u1eadn chuy\u1ec3n b\u1ea1n \u0111\u00e3 tr\u1ea3.<\/p>\n<p>N\u1ebfu b\u1ea1n c\u1ea7n m\u1eabu th\u1ebb t\u00f9y ch\u1ec9nh d\u1ef1a tr\u00ean thi\u1ebft k\u1ebf v\u00e0 y\u00eau c\u1ea7u c\u1ee7a b\u1ea1n, th\u00ec chi ph\u00ed l\u1ea5y m\u1eabu h\u1ee3p l\u00fd s\u1ebd \u0111\u01b0\u1ee3c t\u00ednh t\u01b0\u01a1ng \u1ee9ng.<\/p>\n<p>&nbsp;<\/p>\n<p><strong>2. CH\u00daNG T\u00d4I KH\u00d4NG PH\u1ea2I L\u00c0 NG\u01af\u1edcI MUA CHUY\u00caN GIA V\u1ec0 C\u00d4NG NGH\u1ec6 C\u1ee6A B\u1ea0N, B\u1ea0N C\u1ea6N TH\u00d4NG TIN G\u00cc T\u1eea CH\u00daNG T\u00d4I \u0110\u1ec2 B\u00c1O GI\u00c1?<\/strong><\/p>\n<p>B\u1ea1n th\u00e2n m\u1ebfn, vui l\u00f2ng th\u00f4ng b\u00e1o r\u00f5 r\u00e0ng cho ch\u00fang t\u00f4i v\u1ec1 \u1ee9ng d\u1ee5ng c\u1ee7a th\u1ebb, m\u1ee5c ti\u00eau b\u1ea1n mu\u1ed1n \u0111\u1ea1t \u0111\u01b0\u1ee3c l\u00e0 g\u00ec,<\/p>\n<p>ch\u00fang t\u00f4i s\u1ebd \u0111\u1ec1 xu\u1ea5t cho b\u1ea1n s\u1ea3n ph\u1ea9m ph\u00f9 h\u1ee3p v\u1edbi gi\u00e1 t\u1ed1t<\/p>\n<p>&nbsp;<\/p>\n<p><strong>3. CH\u00daNG T\u00d4I C\u00d3 TH\u1ec2 THAM QUAN NH\u00c0 M\u00c1Y C\u1ee6A B\u1ea0N KH\u00d4NG?<\/strong><\/p>\n<p>V\u00e2ng, n\u1ed3ng nhi\u1ec7t ch\u00e0o \u0111\u00f3n chuy\u1ebfn tham quan nh\u00e0 m\u00e1y c\u1ee7a b\u1ea1n. V\u00e0 th\u1eadt vinh d\u1ef1 khi \u0111\u01b0\u1ee3c l\u00e0 ng\u01b0\u1eddi h\u01b0\u1edbng d\u1eabn cho chuy\u1ebfn \u0111i Trung Qu\u1ed1c c\u1ee7a b\u1ea1n.<\/p>\n<p>&nbsp;<\/p>\n<\/div>\n<p>&nbsp;<\/p>","protected":false},"excerpt":{"rendered":"<p>V\u00f2ng \u0111eo tay RFID silicon c\u00f3 c\u00f4ng ngh\u1ec7 chip NFC cho ph\u00e9p nh\u1eadn d\u1ea1ng kh\u00f4ng ti\u1ebfp x\u00fac \u0111\u1ec3 b\u00e1n v\u00e9, ki\u1ec3m so\u00e1t ra v\u00e0o v\u00e0 qu\u1ea3n l\u00fd s\u1ef1 ki\u1ec7n m\u1ed9t c\u00e1ch hi\u1ec7u qu\u1ea3.<\/p>","protected":false},"featured_media":2136,"template":"","meta":[],"product_brand":[],"product_cat":[50],"product_tag":[],"class_list":{"0":"post-2133","1":"product","2":"type-product","3":"status-publish","4":"has-post-thumbnail","6":"product_cat-silicone-rfid-nfc-wristbands","8":"first","9":"instock","10":"shipping-taxable","11":"product-type-simple"},"_links":{"self":[{"href":"https:\/\/nfc-readers.com\/vi\/wp-json\/wp\/v2\/product\/2133","targetHints":{"allow":["GET"]}}],"collection":[{"href":"https:\/\/nfc-readers.com\/vi\/wp-json\/wp\/v2\/product"}],"about":[{"href":"https:\/\/nfc-readers.com\/vi\/wp-json\/wp\/v2\/types\/product"}],"wp:featuredmedia":[{"embeddable":true,"href":"https:\/\/nfc-readers.com\/vi\/wp-json\/wp\/v2\/media\/2136"}],"wp:attachment":[{"href":"https:\/\/nfc-readers.com\/vi\/wp-json\/wp\/v2\/media?parent=2133"}],"wp:term":[{"taxonomy":"product_brand","embeddable":true,"href":"https:\/\/nfc-readers.com\/vi\/wp-json\/wp\/v2\/product_brand?post=2133"},{"taxonomy":"product_cat","embeddable":true,"href":"https:\/\/nfc-readers.com\/vi\/wp-json\/wp\/v2\/product_cat?post=2133"},{"taxonomy":"product_tag","embeddable":true,"href":"https:\/\/nfc-readers.com\/vi\/wp-json\/wp\/v2\/product_tag?post=2133"}],"curies":[{"name":"wp","href":"https:\/\/api.w.org\/{rel}","templated":true}]}}