{"id":2144,"date":"2024-04-22T03:53:51","date_gmt":"2024-04-22T03:53:51","guid":{"rendered":"https:\/\/nfc-readers.com\/?post_type=product&#038;p=2144"},"modified":"2024-09-24T06:02:28","modified_gmt":"2024-09-24T06:02:28","slug":"nfc-smart-ring","status":"publish","type":"product","link":"https:\/\/nfc-readers.com\/vi\/ic-reader\/nfc-smart-ring\/","title":{"rendered":"V\u00f2ng th\u00f4ng minh NFC"},"content":{"rendered":"<table width=\"443\">\n<tbody>\n<tr style=\"font-style: inherit; font-weight: inherit;\">\n<td style=\"font-style: inherit;\" width=\"152\">t\u00ean s\u1ea3n ph\u1ea9m<\/td>\n<td style=\"font-style: inherit;\" width=\"291\">V\u00f2ng NFC<\/td>\n<\/tr>\n<tr style=\"font-style: inherit; font-weight: inherit;\">\n<td style=\"font-style: inherit;\" width=\"152\">V\u1eadt li\u1ec7u<\/td>\n<td style=\"font-style: inherit;\" width=\"291\">Th\u00e2n ch\u00ednh b\u1eb1ng s\u1ee9 Zirconia, b\u1ec1 m\u1eb7t b\u1eb1ng nh\u1ef1a epoxy<\/td>\n<\/tr>\n<tr style=\"font-style: inherit; font-weight: inherit;\">\n<td style=\"font-style: inherit;\" width=\"152\">\u0110\u01b0\u1eddng k\u00ednh trong c\u1ee7a v\u00f2ng<\/td>\n<td style=\"font-style: inherit;\" width=\"291\">16mm, 17mm, 18mm, 19mm, 20mm, 21mm, 22mm, 23mm<\/td>\n<\/tr>\n<tr style=\"font-style: inherit; font-weight: inherit;\">\n<td style=\"font-style: inherit;\" width=\"152\">Chip<\/td>\n<td style=\"font-style: inherit;\" width=\"291\">NFC 215 213 216, IC(UID),ID(EM4305)<\/td>\n<\/tr>\n<tr style=\"font-style: inherit; font-weight: inherit;\">\n<td style=\"font-style: inherit;\" width=\"152\">Giao th\u1ee9c<\/td>\n<td style=\"font-style: inherit;\" width=\"291\">Di\u1ec5n \u0111\u00e0n NFC lo\u1ea1i 2 ISO14443A<\/td>\n<\/tr>\n<tr style=\"font-style: inherit; font-weight: inherit;\">\n<td style=\"font-style: inherit;\" width=\"152\">T\u00ednh th\u01b0\u1eddng xuy\u00ean<\/td>\n<td style=\"font-style: inherit;\" width=\"291\">13,56 MHz<\/td>\n<\/tr>\n<tr style=\"font-style: inherit; font-weight: inherit;\">\n<td style=\"font-style: inherit;\" width=\"152\">H\u01b0\u1edbng c\u1ea3m bi\u1ebfn<\/td>\n<td style=\"font-style: inherit;\" width=\"291\">C\u1ea3m bi\u1ebfn \u0111a h\u01b0\u1edbng<\/td>\n<\/tr>\n<tr style=\"font-style: inherit; font-weight: inherit;\">\n<td style=\"font-style: inherit;\" width=\"152\">Kho\u1ea3ng c\u00e1ch ph\u00e1t hi\u1ec7n<\/td>\n<td style=\"font-style: inherit;\" width=\"291\">0-10cm (T\u00f9y thu\u1ed9c v\u00e0o \u0111\u1ea7u \u0111\u1ecdc)<\/td>\n<\/tr>\n<tr style=\"font-style: inherit; font-weight: inherit;\">\n<td style=\"font-style: inherit;\" width=\"152\">B\u01b0u ki\u1ec7n<\/td>\n<td style=\"font-style: inherit;\" width=\"291\">V\u00f2ng NFC + h\u01b0\u1edbng d\u1eabn s\u1eed d\u1ee5ng<\/td>\n<\/tr>\n<\/tbody>\n<\/table>\n<p>&nbsp;<\/p>\n<p>T\u00ednh n\u0103ng:<br \/>\nV\u00f2ng th\u00f4ng minh l\u00e0 m\u1ed9t th\u00e0nh ph\u1ea7n ti\u1ec7n \u00edch c\u00f3 th\u1ec3 \u0111eo \u0111\u01b0\u1ee3c, ch\u1ea1y c\u00e1c ch\u1ee9c n\u0103ng ma thu\u1eadt tr\u00ean \u0111i\u1ec7n tho\u1ea1i di \u0111\u1ed9ng, v\u1eadn h\u00e0nh ch\u1ee9c n\u0103ng di \u0111\u1ed9ng v\u00e0 chia s\u1ebb d\u1eef li\u1ec7u b\u1eb1ng c\u00f4ng ngh\u1ec7 truy\u1ec1n th\u00f4ng t\u1ea7n s\u1ed1 kh\u00f4ng d\u00e2y NFC, c\u00e1c ch\u1ee9c n\u0103ng c\u1ee7a thi\u1ebft k\u1ebf ti\u00ean ti\u1ebfn nh\u01b0 sau: Kh\u00f3a APP, Ch\u1ea1y t\u1ef1 \u0111\u1ed9ng, \u1ea9n APP, Chia s\u1ebb danh thi\u1ebfp, Chia s\u1ebb li\u00ean k\u1ebft internet, Chia s\u1ebb v\u0103n b\u1ea3n v\u00e0 Chia s\u1ebb t\u1ec7p tr\u1ef1c tuy\u1ebfn. H\u00ecnh d\u1ea1ng s\u1ea3n ph\u1ea9m \u0111\u01b0\u1ee3c thi\u1ebft k\u1ebf theo c\u00e1c y\u1ebfu t\u1ed1 ph\u1ed5 bi\u1ebfn qu\u1ed1c t\u1ebf, \u0111\u01b0\u1ee3c t\u1ea1o ra b\u1edfi titan y t\u1ebf nguy\u00ean ch\u1ea5t, kh\u00f4ng c\u1ea7n s\u1ea1c, kh\u1ea3 n\u0103ng ch\u1ed1ng th\u1ea5m n\u01b0\u1edbc cao v\u00e0 ph\u00f9 h\u1ee3p v\u1edbi m\u1ecdi ng\u01b0\u1eddi v\u00e0o m\u1ecdi l\u00fac.<\/p>\n<p>&nbsp;<\/p>\n<p><iframe loading=\"lazy\" title=\"V\u00f2ng NFC\" width=\"1020\" height=\"574\" src=\"https:\/\/www.youtube.com\/embed\/rflL5fkvj6c?feature=oembed\" frameborder=\"0\" allow=\"accelerometer; autoplay; clipboard-write; encrypted-media; gyroscope; picture-in-picture; web-share\" referrerpolicy=\"strict-origin-when-cross-origin\" allowfullscreen><\/iframe><\/p>\n<p>&nbsp;<\/p>\n<p><span class=\"magic-26\"><b data-spm-anchor-id=\"a2700.details.0.i59.2acc580aDAbgjP\">A) L\u00e0m th\u1ebf n\u00e0o t\u00f4i c\u00f3 th\u1ec3 l\u1ea5y m\u1eabu? <\/b><\/span><\/p>\n<div><span class=\"magic-26\">Tr\u01b0\u1edbc khi ch\u00fang t\u00f4i nh\u1eadn \u0111\u01b0\u1ee3c \u0111\u01a1n \u0111\u1eb7t h\u00e0ng \u0111\u1ea7u ti\u00ean, vui l\u00f2ng tr\u1ea3 chi ph\u00ed m\u1eabu v\u00e0 ph\u00ed chuy\u1ec3n ph\u00e1t nhanh. Ch\u00fang t\u00f4i s\u1ebd tr\u1ea3 l\u1ea1i<br \/>\nchi ph\u00ed l\u1ea5y m\u1eabu l\u1ea1i cho b\u1ea1n trong \u0111\u01a1n \u0111\u1eb7t h\u00e0ng \u0111\u1ea7u ti\u00ean c\u1ee7a b\u1ea1n. <\/span><\/div>\n<div><\/div>\n<div><\/div>\n<div><\/div>\n<div><span class=\"magic-26\"><b>B) Li\u1ec7u b\u1ea1n c\u00f3 th\u1ec3 t\u1ea1o th\u01b0\u01a1ng hi\u1ec7u c\u1ee7a ch\u00fang t\u00f4i tr\u00ean s\u1ea3n ph\u1ea9m c\u1ee7a m\u00ecnh kh\u00f4ng?<\/b><\/span><\/div>\n<div><span class=\"magic-26\">\u0110\u00fang. Ch\u00fang t\u00f4i c\u00f3 th\u1ec3 in Logo c\u1ee7a b\u1ea1n tr\u00ean c\u1ea3 s\u1ea3n ph\u1ea9m v\u00e0 g\u00f3i h\u00e0ng n\u1ebfu b\u1ea1n c\u00f3 th\u1ec3 \u0111\u00e1p \u1ee9ng MOQ c\u1ee7a ch\u00fang t\u00f4i. <\/span><\/div>\n<div><span class=\"magic-26\">\u00a0<\/span><\/div>\n<div><span class=\"magic-26\"><b>C) Li\u1ec7u b\u1ea1n c\u00f3 th\u1ec3 t\u1ea1o ra s\u1ea3n ph\u1ea9m c\u1ee7a m\u00ecnh b\u1eb1ng m\u00e0u s\u1eafc c\u1ee7a ch\u00fang t\u00f4i kh\u00f4ng? <\/b><\/span><\/div>\n<div><span class=\"magic-26\">C\u00f3, M\u00e0u s\u1eafc c\u1ee7a s\u1ea3n ph\u1ea9m c\u00f3 th\u1ec3 \u0111\u01b0\u1ee3c t\u00f9y ch\u1ec9nh n\u1ebfu b\u1ea1n c\u00f3 th\u1ec3 \u0111\u00e1p \u1ee9ng MOQ c\u1ee7a ch\u00fang t\u00f4i. <\/span><\/div>\n<div><span class=\"magic-26\">\u00a0<\/span><\/div>\n<div><span class=\"magic-26\"><b>D) L\u00e0m th\u1ebf n\u00e0o \u0111\u1ec3 \u0111\u1ea3m b\u1ea3o ch\u1ea5t l\u01b0\u1ee3ng s\u1ea3n ph\u1ea9m c\u1ee7a b\u1ea1n? <\/b><\/span><\/div>\n<div><span class=\"magic-26\" data-spm-anchor-id=\"a2700.details.0.i60.2acc580aDAbgjP\">1) Ph\u00e1t hi\u1ec7n nghi\u00eam ng\u1eb7t trong qu\u00e1 tr\u00ecnh s\u1ea3n xu\u1ea5t. <\/span><\/div>\n<div><span class=\"magic-26\">2) Ki\u1ec3m tra l\u1ea5y m\u1eabu nghi\u00eam ng\u1eb7t tr\u00ean s\u1ea3n ph\u1ea9m tr\u01b0\u1edbc khi giao h\u00e0ng v\u00e0 \u0111\u1ea3m b\u1ea3o bao b\u00ec s\u1ea3n ph\u1ea9m c\u00f2n nguy\u00ean v\u1eb9n<\/span><\/div>","protected":false},"excerpt":{"rendered":"<p>Nh\u1eabn th\u00f4ng minh NFC, c\u00f3 chip NFC v\u00e0 c\u00f4ng ngh\u1ec7 RFID \u1edf m\u1ee9c 13,56M, mang \u0111\u1ebfn m\u1ed9t ph\u01b0\u01a1ng th\u1ee9c th\u1eddi trang \u0111\u1ec3 t\u01b0\u01a1ng t\u00e1c kh\u00f4ng d\u00e2y v\u1edbi \u0111i\u1ec7n tho\u1ea1i th\u00f4ng minh v\u00e0 h\u1ec7 th\u1ed1ng truy c\u1eadp.<\/p>","protected":false},"featured_media":2145,"template":"","meta":[],"product_brand":[],"product_cat":[52],"product_tag":[],"class_list":{"0":"post-2144","1":"product","2":"type-product","3":"status-publish","4":"has-post-thumbnail","6":"product_cat-nfc-smart-ring","8":"first","9":"instock","10":"shipping-taxable","11":"product-type-simple"},"_links":{"self":[{"href":"https:\/\/nfc-readers.com\/vi\/wp-json\/wp\/v2\/product\/2144","targetHints":{"allow":["GET"]}}],"collection":[{"href":"https:\/\/nfc-readers.com\/vi\/wp-json\/wp\/v2\/product"}],"about":[{"href":"https:\/\/nfc-readers.com\/vi\/wp-json\/wp\/v2\/types\/product"}],"wp:featuredmedia":[{"embeddable":true,"href":"https:\/\/nfc-readers.com\/vi\/wp-json\/wp\/v2\/media\/2145"}],"wp:attachment":[{"href":"https:\/\/nfc-readers.com\/vi\/wp-json\/wp\/v2\/media?parent=2144"}],"wp:term":[{"taxonomy":"product_brand","embeddable":true,"href":"https:\/\/nfc-readers.com\/vi\/wp-json\/wp\/v2\/product_brand?post=2144"},{"taxonomy":"product_cat","embeddable":true,"href":"https:\/\/nfc-readers.com\/vi\/wp-json\/wp\/v2\/product_cat?post=2144"},{"taxonomy":"product_tag","embeddable":true,"href":"https:\/\/nfc-readers.com\/vi\/wp-json\/wp\/v2\/product_tag?post=2144"}],"curies":[{"name":"wp","href":"https:\/\/api.w.org\/{rel}","templated":true}]}}