{"id":2259,"date":"2024-04-26T08:18:30","date_gmt":"2024-04-26T08:18:30","guid":{"rendered":"https:\/\/nfc-readers.com\/?post_type=product&#038;p=2259"},"modified":"2024-09-24T02:58:25","modified_gmt":"2024-09-24T02:58:25","slug":"apple-pay-mobile-walletmate-vas-nfc-reader","status":"publish","type":"product","link":"https:\/\/nfc-readers.com\/vi\/ic-reader\/apple-pay-mobile-walletmate-vas-nfc-reader\/","title":{"rendered":"V\u00ed di \u0111\u1ed9ng Apple PayMate VAS NFC Reader"},"content":{"rendered":"<h1>V\u00ed di \u0111\u1ed9ng Apple PayMate VAS NFC Reader<\/h1>\n<p>\u0110\u1ea7u \u0111\u1ecdc NFC c\u1ee7a V\u00ed di \u0111\u1ed9ng WalletMate l\u00e0 m\u1ed9t c\u00f4ng c\u1ee5 ti\u00ean ti\u1ebfn, k\u1ebft h\u1ee3p c\u00e1c giao th\u1ee9c VAS v\u00e0 ch\u1ee9c n\u0103ng \u0111\u1ecdc ki\u1ec3m so\u00e1t truy c\u1eadp nfc \u0111\u1ec3 mang l\u1ea1i tr\u1ea3i nghi\u1ec7m kh\u00f4ng c\u1ea7n th\u1ebb \u0111\u01b0\u1ee3c t\u1ed1i \u01b0u h\u00f3a. V\u1edbi vi\u1ec7c b\u1ed5 sung thi\u1ebft b\u1ecb \u0111\u1ea7u cu\u1ed1i pos c\u00f3 \u0111\u1ea7u \u0111\u1ecdc nfc, t\u00ednh b\u1ea3o m\u1eadt n\u00e2ng cao v\u00e0 kh\u1ea3 n\u0103ng t\u01b0\u01a1ng th\u00edch \u1ee9ng d\u1ee5ng r\u1ed9ng r\u00e3i, n\u00f3 m\u1edf ra m\u1ed9t k\u1ef7 nguy\u00ean m\u1edbi v\u1ec1 s\u1ef1 ti\u1ec7n l\u1ee3i v\u00e0 hi\u1ec7u qu\u1ea3. \u0110i\u1ec1u n\u00e0y khi\u1ebfn n\u00f3 tr\u1edf th\u00e0nh t\u00e0i s\u1ea3n thi\u1ebft y\u1ebfu cho ng\u01b0\u1eddi d\u00f9ng v\u00e0 doanh nghi\u1ec7p mu\u1ed1n khai th\u00e1c s\u1ee9c m\u1ea1nh c\u1ee7a c\u00f4ng ngh\u1ec7 NFC \u0111\u1ec3 th\u1ef1c hi\u1ec7n c\u00e1c giao d\u1ecbch li\u1ec1n m\u1ea1ch, an to\u00e0n v\u00e0 nhanh ch\u00f3ng.<\/p>\n<p><iframe loading=\"lazy\" title=\"ACS WalletMate C\u00f4ng c\u1ee5 ki\u1ec3m tra VAS c\u1ee7a Apple\/Google - Demo\" width=\"1020\" height=\"574\" src=\"https:\/\/www.youtube.com\/embed\/aOWbdgwvHDg?feature=oembed\" frameborder=\"0\" allow=\"accelerometer; autoplay; clipboard-write; encrypted-media; gyroscope; picture-in-picture; web-share\" referrerpolicy=\"strict-origin-when-cross-origin\" allowfullscreen><\/iframe><\/p>\n<ul>\n<li>\n<h2>Giao di\u1ec7n t\u1ed1c \u0111\u1ed9 \u0111\u1ea7y \u0111\u1ee7 USB 2.0<\/h2>\n<\/li>\n<li>\n<h2>Tu\u00e2n th\u1ee7 CCID<\/h2>\n<\/li>\n<li>\n<h2>V\u00ed di \u0111\u1ed9ng v\u00e0 \u0111\u1ea7u \u0111\u1ecdc th\u1ebb th\u00f4ng minh kh\u00f4ng ti\u1ebfp x\u00fac:<\/h2>\n<ul>\n<li>\n<h3>\u0110\u01b0\u1ee3c ch\u1ee9ng nh\u1eadn b\u1edfi Apple VAS v\u00e0 Google Smart Tap (WalletMate ch\u1ec9 d\u00e0nh cho VAS, kh\u00f4ng ph\u1ea3i thi\u1ebft b\u1ecb \u0111\u1ea7u cu\u1ed1i thanh to\u00e1n)<\/h3>\n<\/li>\n<\/ul>\n<\/li>\n<li>\n<h3>T\u1ed1c \u0111\u1ed9 \u0111\u1ecdc\/ghi l\u00ean t\u1edbi 424 kbps<\/h3>\n<\/li>\n<li>\n<h3>\u0102ng-ten t\u00edch h\u1ee3p \u0111\u1ec3 truy c\u1eadp th\u1ebb kh\u00f4ng ti\u1ebfp x\u00fac, v\u1edbi kho\u1ea3ng c\u00e1ch \u0111\u1ecdc th\u1ebb l\u00ean t\u1edbi 50 mm (t\u00f9y thu\u1ed9c v\u00e0o lo\u1ea1i th\u1ebb)<\/h3>\n<\/li>\n<li>\n<h3>H\u1ed7 tr\u1ee3 th\u1ebb ISO 14443 Lo\u1ea1i A v\u00e0 B, MIFARE\u00ae, FeliCa v\u00e0 t\u1ea5t c\u1ea3 4 lo\u1ea1i th\u1ebb NFC (ISO\/IEC 18092)<\/h3>\n<\/li>\n<li>\n<h3>H\u1ed7 tr\u1ee3 UID 7 byte MIFARE\u00ae, MIFARE\u00ae Plus v\u00e0 MIFARE\u00ae DESfire<\/h3>\n<\/li>\n<li>\n<h3>T\u00edch h\u1ee3p t\u00ednh n\u0103ng ch\u1ed1ng va ch\u1ea1m (m\u1ed7i l\u1ea7n ch\u1ec9 truy c\u1eadp 1 th\u1ebb)<\/h3>\n<\/li>\n<li>\n<h2>H\u1ed7 tr\u1ee3 NFC:<\/h2>\n<ul>\n<li>\n<h3>Ch\u1ebf \u0111\u1ed9 \u0111\u1ecdc\/ghi NFC<\/h3>\n<\/li>\n<li>\n<h3>Ch\u1ebf \u0111\u1ed9 ngang h\u00e0ng<\/h3>\n<\/li>\n<li>\n<h3>Ch\u1ebf \u0111\u1ed9 thi \u0111ua th\u1ebb<\/h3>\n<\/li>\n<\/ul>\n<\/li>\n<li>\n<h2>Giao di\u1ec7n l\u1eadp tr\u00ecnh \u1ee9ng d\u1ee5ng:<\/h2>\n<ul>\n<li>\n<h3>Apple VAS &amp; Google Smart Tap API d\u00e0nh cho n\u1ec1n t\u1ea3ng Windows v\u00e0 Linux<\/h3>\n<\/li>\n<li>\n<h3>H\u1ed7 tr\u1ee3 PC\/SC<\/h3>\n<\/li>\n<li>\n<h3>H\u1ed7 tr\u1ee3 CT-API (th\u00f4ng qua tr\u00ecnh bao b\u1ecdc tr\u00ean PC\/SC)<\/h3>\n<\/li>\n<\/ul>\n<\/li>\n<li>\n<h2>Thi\u1ebft b\u1ecb ngo\u1ea1i vi:<\/h2>\n<ul>\n<li>\n<h3>\u0110\u00e8n LED hai m\u00e0u do ng\u01b0\u1eddi d\u00f9ng \u0111i\u1ec1u khi\u1ec3n<\/h3>\n<\/li>\n<li>\n<h3>B\u1ed9 rung do ng\u01b0\u1eddi d\u00f9ng \u0111i\u1ec1u khi\u1ec3n<\/h3>\n<\/li>\n<\/ul>\n<\/li>\n<li>\n<h2>Kh\u1ea3 n\u0103ng n\u00e2ng c\u1ea5p ch\u01b0\u01a1ng tr\u00ecnh c\u01a1 s\u1edf USB<\/h2>\n<\/li>\n<li>\n<table width=\"559\">\n<tbody>\n<tr>\n<td colspan=\"2\" width=\"559\">T\u00ednh ch\u1ea5t v\u1eadt l\u00fd<\/td>\n<\/tr>\n<tr>\n<td width=\"214\">K\u00edch th\u01b0\u1edbc (mm)<\/td>\n<td width=\"345\">98,0 mm (L) x 65,0 mm (W) x 12,8 mm (H)<\/td>\n<\/tr>\n<tr>\n<td width=\"214\">Tr\u1ecdng l\u01b0\u1ee3ng (g)<\/td>\n<td width=\"345\">81g<\/td>\n<\/tr>\n<tr>\n<td colspan=\"2\" width=\"559\">Giao di\u1ec7n USB<\/td>\n<\/tr>\n<tr>\n<td width=\"214\">Giao th\u1ee9c<\/td>\n<td width=\"345\">USB CID<\/td>\n<\/tr>\n<tr>\n<td width=\"214\">lo\u1ea1i tr\u00ecnh k\u1ebft n\u1ed1i<\/td>\n<td width=\"345\">USB Lo\u1ea1i A (ACR1252U-MW)<\/td>\n<\/tr>\n<tr>\n<td width=\"214\">Ngu\u1ed3n n\u0103ng l\u01b0\u1ee3ng<\/td>\n<td width=\"345\">T\u1eeb c\u1ed5ng USB<\/td>\n<\/tr>\n<tr>\n<td width=\"214\">T\u1ed1c \u0111\u1ed9<\/td>\n<td width=\"345\">T\u1ed1c \u0111\u1ed9 t\u1ed1i \u0111a USB (12 Mb\/gi\u00e2y)<\/td>\n<\/tr>\n<tr>\n<td width=\"214\">Chi\u1ec1u d\u00e0i c\u00e1p<\/td>\n<td width=\"345\">1,0 m, kh\u00f4ng th\u1ec3 th\u00e1o r\u1eddi<\/td>\n<\/tr>\n<tr>\n<td colspan=\"2\" width=\"559\">Giao di\u1ec7n th\u1ebb th\u00f4ng minh kh\u00f4ng ti\u1ebfp x\u00fac<\/td>\n<\/tr>\n<tr>\n<td width=\"214\">Ti\u00eau chu\u1ea9n<\/td>\n<td width=\"345\">ISO\/IEC 18092 NFC, ISO 14443 Lo\u1ea1i A &amp; B, MIFARE\u00ae, FeliCa<\/td>\n<\/tr>\n<tr>\n<td rowspan=\"4\" width=\"214\">Giao th\u1ee9c<\/td>\n<td width=\"345\">Th\u1ebb tu\u00e2n th\u1ee7 ISO 14443-4, T=CL<\/td>\n<\/tr>\n<tr>\n<td width=\"345\">Th\u1ebb MIFARE\u00ae C\u1ed5 \u0111i\u1ec3n, T=CL<\/td>\n<\/tr>\n<tr>\n<td width=\"345\">ISO18092, Th\u1ebb NFC<\/td>\n<\/tr>\n<tr>\n<td width=\"345\">FeliCa<\/td>\n<\/tr>\n<tr>\n<td colspan=\"2\" width=\"559\">Thi\u1ebft b\u1ecb ngo\u1ea1i vi t\u00edch h\u1ee3p<\/td>\n<\/tr>\n<tr>\n<td width=\"214\">D\u1eaaN \u0110\u1ebeN<\/td>\n<td width=\"345\">1 hai m\u00e0u: \u0110\u1ecf v\u00e0 Xanh<\/td>\n<\/tr>\n<tr>\n<td width=\"214\">C\u00f2i<\/td>\n<td width=\"345\">Gi\u1ecdng b\u1eb1ng b\u1eb1ng<\/td>\n<\/tr>\n<tr>\n<td colspan=\"2\" width=\"559\">C\u00e1c t\u00ednh n\u0103ng kh\u00e1c<\/td>\n<\/tr>\n<tr>\n<td width=\"214\">N\u00e2ng c\u1ea5p ch\u01b0\u01a1ng tr\u00ecnh c\u01a1 s\u1edf<\/td>\n<td width=\"345\">\u0110\u01b0\u1ee3c h\u1ed7 tr\u1ee3<\/td>\n<\/tr>\n<tr>\n<td colspan=\"2\" width=\"559\">Ch\u1ee9ng nh\u1eadn\/Tu\u00e2n th\u1ee7<\/td>\n<\/tr>\n<tr>\n<td rowspan=\"4\" width=\"214\">Ch\u1ee9ng nh\u1eadn\/Tu\u00e2n th\u1ee7<\/td>\n<td width=\"345\">Ch\u1ee9ng nh\u1eadn:<\/td>\n<\/tr>\n<tr>\n<td width=\"345\">Apple VAS, Google Smart Tap, D\u1ea5u ch\u1ee9ng nh\u1eadn c\u1ee7a Di\u1ec5n \u0111\u00e0n NFC, IEC\/EN 62368, CE, FCC, UKCA, J-LIS, VCCI, TELEC, KC, BIS, RoHS, REACH, WEEE<\/td>\n<\/tr>\n<tr>\n<td width=\"345\">Tu\u00e2n th\u1ee7:<\/td>\n<\/tr>\n<tr>\n<td width=\"345\">USB CCID, PC\/SC<\/td>\n<\/tr>\n<tr>\n<td colspan=\"2\" width=\"559\">H\u1ed7 tr\u1ee3 h\u1ec7 \u0111i\u1ec1u h\u00e0nh tr\u00ecnh \u0111i\u1ec1u khi\u1ec3n thi\u1ebft b\u1ecb<\/td>\n<\/tr>\n<tr>\n<td width=\"214\">H\u1ed7 tr\u1ee3 h\u1ec7 \u0111i\u1ec1u h\u00e0nh tr\u00ecnh \u0111i\u1ec1u khi\u1ec3n thi\u1ebft b\u1ecb<\/td>\n<td width=\"345\">Windows\u00ae, Linux\u00ae, macOS (\u0110ang ph\u00e1t tri\u1ec3n), Android\u2122 (\u0110ang ph\u00e1t tri\u1ec3n)<\/td>\n<\/tr>\n<\/tbody>\n<\/table>\n<\/li>\n<\/ul>","protected":false},"excerpt":{"rendered":"<div>WalletMate, \u0111\u1ea7u \u0111\u1ecdc NFC c\u1ea3i ti\u1ebfn h\u1ed7 tr\u1ee3 thanh to\u00e1n kh\u00f4ng c\u1ea7n th\u1ebb b\u1eb1ng th\u1ebb k\u1ef9 thu\u1eadt s\u1ed1, \u0111\u01b0\u1ee3c h\u1ed7 tr\u1ee3 b\u1edfi VAS Apple v\u00e0 VAS Google cho c\u00e1c thi\u1ebft b\u1ecb iOS v\u00e0 Android.<\/div>","protected":false},"featured_media":2260,"template":"","meta":[],"product_brand":[],"product_cat":[45,40],"product_tag":[],"class_list":{"0":"post-2259","1":"product","2":"type-product","3":"status-publish","4":"has-post-thumbnail","6":"product_cat-contactless-nfc-reader","7":"product_cat-rfid-nfc-reader","9":"first","10":"instock","11":"shipping-taxable","12":"product-type-simple"},"_links":{"self":[{"href":"https:\/\/nfc-readers.com\/vi\/wp-json\/wp\/v2\/product\/2259","targetHints":{"allow":["GET"]}}],"collection":[{"href":"https:\/\/nfc-readers.com\/vi\/wp-json\/wp\/v2\/product"}],"about":[{"href":"https:\/\/nfc-readers.com\/vi\/wp-json\/wp\/v2\/types\/product"}],"wp:featuredmedia":[{"embeddable":true,"href":"https:\/\/nfc-readers.com\/vi\/wp-json\/wp\/v2\/media\/2260"}],"wp:attachment":[{"href":"https:\/\/nfc-readers.com\/vi\/wp-json\/wp\/v2\/media?parent=2259"}],"wp:term":[{"taxonomy":"product_brand","embeddable":true,"href":"https:\/\/nfc-readers.com\/vi\/wp-json\/wp\/v2\/product_brand?post=2259"},{"taxonomy":"product_cat","embeddable":true,"href":"https:\/\/nfc-readers.com\/vi\/wp-json\/wp\/v2\/product_cat?post=2259"},{"taxonomy":"product_tag","embeddable":true,"href":"https:\/\/nfc-readers.com\/vi\/wp-json\/wp\/v2\/product_tag?post=2259"}],"curies":[{"name":"wp","href":"https:\/\/api.w.org\/{rel}","templated":true}]}}