{"id":2262,"date":"2024-04-26T08:49:56","date_gmt":"2024-04-26T08:49:56","guid":{"rendered":"https:\/\/nfc-readers.com\/?post_type=product&#038;p=2262"},"modified":"2024-09-24T03:06:20","modified_gmt":"2024-09-24T03:06:20","slug":"pocketkey-fido-certified-usb-security-key","status":"publish","type":"product","link":"https:\/\/nfc-readers.com\/vi\/ic-reader\/pocketkey-fido-certified-usb-security-key\/","title":{"rendered":"Kh\u00f3a b\u1ea3o m\u1eadt USB \u0111\u01b0\u1ee3c ch\u1ee9ng nh\u1eadn FIDO\u00ae c\u1ee7a PocketKey"},"content":{"rendered":"<h1>Kh\u00f3a b\u1ea3o m\u1eadt USB \u0111\u01b0\u1ee3c ch\u1ee9ng nh\u1eadn FIDO\u00ae c\u1ee7a PocketKey<\/h1>\n<p>PocketKey kh\u1eb3ng \u0111\u1ecbnh m\u00ecnh l\u00e0 m\u1ed9t c\u00f4ng c\u1ee5 h\u1ea5p d\u1eabn trong l\u0129nh v\u1ef1c b\u1ea3o m\u1eadt k\u1ef9 thu\u1eadt s\u1ed1, th\u00fac \u0111\u1ea9y ph\u01b0\u01a1ng th\u1ee9c \u0111\u0103ng nh\u1eadp an to\u00e0n v\u00e0 kh\u00f4ng c\u1ea7n m\u1eadt kh\u1ea9u, d\u1ec5 v\u1eadn chuy\u1ec3n v\u00e0 s\u1eed d\u1ee5ng tr\u00ean c\u00e1c n\u1ec1n t\u1ea3ng kh\u00e1c nhau. X\u00e1c th\u1ef1c \u0111a y\u1ebfu t\u1ed1 m\u1ea1nh m\u1ebd, h\u1ed7 tr\u1ee3 \u0111a n\u1ec1n t\u1ea3ng v\u00e0 tri\u1ec3n khai d\u1ec5 d\u00e0ng khi\u1ebfn PocketKey tr\u1edf th\u00e0nh l\u1ef1a ch\u1ecdn h\u00e0ng \u0111\u1ea7u cho ng\u01b0\u1eddi d\u00f9ng v\u00e0 ch\u00ednh quy\u1ec1n h\u01b0\u1edbng t\u1edbi tr\u1ea3i nghi\u1ec7m x\u00e1c th\u1ef1c m\u1ea1nh m\u1ebd v\u00e0 hi\u1ec7u qu\u1ea3.<\/p>\n<ul>\n<li>\n<h2>\u00a0Ch\u1ee9ng nh\u1eadn\/Tu\u00e2n th\u1ee7<\/h2>\n<ul>\n<li>\n<h3>H\u1ec7 th\u1ed1ng\/Ti\u00eau chu\u1ea9n:<\/h3>\n<ul>\n<li>\n<h3>FIDO U2F<\/h3>\n<\/li>\n<li>\n<h3>FIDO2 L1<\/h3>\n<\/li>\n<\/ul>\n<\/li>\n<li>\n<h2>Quy \u0111\u1ecbnh\/M\u00f4i tr\u01b0\u1eddng:<\/h2>\n<ul>\n<li>\n<h3>CN<\/h3>\n<\/li>\n<li>\n<h3>UKCA<\/h3>\n<\/li>\n<li>\n<h3>FCC<\/h3>\n<\/li>\n<li>\n<h3>RoHS<\/h3>\n<\/li>\n<li>\n<h3>V\u1edaI T\u1edaI<\/h3>\n<\/li>\n<\/ul>\n<\/li>\n<\/ul>\n<\/li>\n<li>\n<h2>H\u1ed7 tr\u1ee3 c\u00e1c tr\u00ecnh duy\u1ec7t web ch\u00ednh<\/h2>\n<ul>\n<li>\n<h3>ChromeTM, Safari\u00ae, Microsoft Edge\u00ae v\u00e0 Firefox\u00ae<\/h3>\n<\/li>\n<\/ul>\n<\/li>\n<li>\n<h2>H\u1ed7 tr\u1ee3 Tr\u00ecnh qu\u1ea3n l\u00fd kh\u00f3a<\/h2>\n<\/li>\n<li>\n<h2>\u0110\u1eb7c t\u1ea3 m\u1eadt m\u00e3<\/h2>\n<ul>\n<li>\n<h3>ECC p256<\/h3>\n<\/li>\n<\/ul>\n<\/li>\n<li>\u00a0Thi\u1ebft b\u1ecb ngo\u1ea1i vi\n<ul>\n<li>C\u00f4ng t\u1eafc c\u01a1 h\u1ecdc \u0111\u1ec3 x\u00e1c nh\u1eadn s\u1ef1 hi\u1ec7n di\u1ec7n<\/li>\n<li>\n<table width=\"470\">\n<tbody>\n<tr>\n<td colspan=\"2\" width=\"470\">T\u00ednh ch\u1ea5t v\u1eadt l\u00fd<\/td>\n<\/tr>\n<tr>\n<td width=\"191\">K\u00edch th\u01b0\u1edbc (mm)<\/td>\n<td width=\"279\">29,0mm (D\u00e0i) \u00d7 14,5mm (R\u1ed9ng) \u00d7 10,5mm (Cao)<\/td>\n<\/tr>\n<tr>\n<td width=\"191\">Tr\u1ecdng l\u01b0\u1ee3ng (g)<\/td>\n<td width=\"279\">4,48 g \u00b1 0,44 g<\/td>\n<\/tr>\n<tr>\n<td colspan=\"2\" width=\"470\">Giao di\u1ec7n USB<\/td>\n<\/tr>\n<tr>\n<td width=\"191\">Giao th\u1ee9c<\/td>\n<td width=\"279\">USB \u1ea9n<\/td>\n<\/tr>\n<tr>\n<td width=\"191\">lo\u1ea1i tr\u00ecnh k\u1ebft n\u1ed1i<\/td>\n<td width=\"279\">USB ti\u00eau chu\u1ea9n lo\u1ea1i A<\/td>\n<\/tr>\n<tr>\n<td width=\"191\">Ngu\u1ed3n n\u0103ng l\u01b0\u1ee3ng<\/td>\n<td width=\"279\">T\u1eeb c\u1ed5ng USB<\/td>\n<\/tr>\n<tr>\n<td width=\"191\">T\u1ed1c \u0111\u1ed9<\/td>\n<td width=\"279\">USB 2.0 t\u1ed1c \u0111\u1ed9 t\u1ed1i \u0111a (12 Mb\/gi\u00e2y)<\/td>\n<\/tr>\n<tr>\n<td colspan=\"2\" width=\"470\">Giao di\u1ec7n th\u1ebb th\u00f4ng minh li\u00ean h\u1ec7<\/td>\n<\/tr>\n<tr>\n<td rowspan=\"6\" width=\"191\">Ng\u01b0\u1eddi kh\u00e1c<\/td>\n<td width=\"279\">Ngu\u1ed3n cung hi\u1ec7n t\u1ea1i<\/td>\n<\/tr>\n<tr>\n<td width=\"279\">T\u1ed1i \u0111a. 100mA<\/td>\n<\/tr>\n<tr>\n<td width=\"279\">\u0110\u1eb7c t\u1ea3 m\u1eadt m\u00e3<\/td>\n<\/tr>\n<tr>\n<td width=\"279\">ECC p256<\/td>\n<\/tr>\n<tr>\n<td width=\"279\">Tr\u00ecnh qu\u1ea3n l\u00fd kh\u00f3a<\/td>\n<\/tr>\n<tr>\n<td width=\"279\">\u1ee6ng h\u1ed9<\/td>\n<\/tr>\n<tr>\n<td colspan=\"2\" width=\"470\">C\u00e1c t\u00ednh n\u0103ng kh\u00e1c<\/td>\n<\/tr>\n<tr>\n<td rowspan=\"4\" width=\"191\">B\u1ea3o v\u1ec7<\/td>\n<td width=\"279\">Ng\u01b0\u1eddi x\u00e1c th\u1ef1c:<\/td>\n<\/tr>\n<tr>\n<td width=\"279\">FIDO U2F<\/td>\n<\/tr>\n<tr>\n<td width=\"279\">FIDO2<\/td>\n<\/tr>\n<tr>\n<td width=\"279\">FIDO2 CTAP2.1<\/td>\n<\/tr>\n<tr>\n<td colspan=\"2\" width=\"470\">Ch\u1ee9ng nh\u1eadn\/Tu\u00e2n th\u1ee7<\/td>\n<\/tr>\n<tr>\n<td rowspan=\"9\" width=\"191\">Ch\u1ee9ng nh\u1eadn\/Tu\u00e2n th\u1ee7<\/td>\n<td width=\"279\">H\u1ec7 th\u1ed1ng\/Ti\u00eau chu\u1ea9n:<\/td>\n<\/tr>\n<tr>\n<td width=\"279\">FIDO U2F<\/td>\n<\/tr>\n<tr>\n<td width=\"279\">FIDO2 L1<\/td>\n<\/tr>\n<tr>\n<td width=\"279\">Quy \u0111\u1ecbnh\/M\u00f4i tr\u01b0\u1eddng:<\/td>\n<\/tr>\n<tr>\n<td width=\"279\">CN<\/td>\n<\/tr>\n<tr>\n<td width=\"279\">UKCA<\/td>\n<\/tr>\n<tr>\n<td width=\"279\">FCC<\/td>\n<\/tr>\n<tr>\n<td width=\"279\">RoHS<\/td>\n<\/tr>\n<tr>\n<td width=\"279\">V\u1edaI T\u1edaI<\/td>\n<\/tr>\n<tr>\n<td colspan=\"2\" width=\"470\">H\u1ed7 tr\u1ee3 h\u1ec7 \u0111i\u1ec1u h\u00e0nh tr\u00ecnh \u0111i\u1ec1u khi\u1ec3n thi\u1ebft b\u1ecb<\/td>\n<\/tr>\n<tr>\n<td rowspan=\"9\" width=\"191\">H\u1ed7 tr\u1ee3 h\u1ec7 \u0111i\u1ec1u h\u00e0nh tr\u00ecnh \u0111i\u1ec1u khi\u1ec3n thi\u1ebft b\u1ecb<\/td>\n<td width=\"279\">Windows\u00ae<\/td>\n<\/tr>\n<tr>\n<td width=\"279\">Linux\u00ae<\/td>\n<\/tr>\n<tr>\n<td width=\"279\">h\u1ec7 \u0111i\u1ec1u h\u00e0nh Mac<\/td>\n<\/tr>\n<tr>\n<td width=\"279\">Android\u2122<\/td>\n<\/tr>\n<tr>\n<td width=\"279\">Tr\u00ecnh duy\u1ec7t:<\/td>\n<\/tr>\n<tr>\n<td width=\"279\">Chrome\u2122<\/td>\n<\/tr>\n<tr>\n<td width=\"279\">Safari\u00ae<\/td>\n<\/tr>\n<tr>\n<td width=\"279\">Firefox\u00ae<\/td>\n<\/tr>\n<tr>\n<td width=\"279\">Microsoft Edge\u00ae<\/td>\n<\/tr>\n<\/tbody>\n<\/table>\n<\/li>\n<li>1.\u00a0<a href=\"https:\/\/youtu.be\/fbDyXZaPvQM\" target=\"_blank\" rel=\"noopener\">Microsoft<sup>\u00ae<\/sup>\u00a0Quan \u0111i\u1ec3m<sup>TM<\/sup>\u00a0\u0110\u0103ng nh\u1eadp Demo<\/a><\/li>\n<li><iframe loading=\"lazy\" title=\"PocketKey: B\u1ea3n demo \u0111\u0103ng nh\u1eadp Microsoft\u00ae OutlookTM v\u1edbi x\u00e1c th\u1ef1c kh\u00f4ng c\u1ea7n m\u1eadt kh\u1ea9u\" width=\"1020\" height=\"574\" src=\"https:\/\/www.youtube.com\/embed\/fbDyXZaPvQM?feature=oembed\" frameborder=\"0\" allow=\"accelerometer; autoplay; clipboard-write; encrypted-media; gyroscope; picture-in-picture; web-share\" referrerpolicy=\"strict-origin-when-cross-origin\" allowfullscreen><\/iframe><\/li>\n<li>2.\u00a0<a href=\"https:\/\/www.youtube.com\/watch?v=1MTW9mSfv8A\" target=\"_blank\" rel=\"noopener\">\u00a0Google<sup>\u00ae<\/sup>\u00a0Demo \u0111\u0103ng nh\u1eadp t\u00e0i kho\u1ea3n<\/a><\/li>\n<li><iframe loading=\"lazy\" title=\"PocketKey: B\u1ea3n demo \u0111\u0103ng nh\u1eadp t\u00e0i kho\u1ea3n Google\u00ae\" width=\"1020\" height=\"574\" src=\"https:\/\/www.youtube.com\/embed\/1MTW9mSfv8A?feature=oembed\" frameborder=\"0\" allow=\"accelerometer; autoplay; clipboard-write; encrypted-media; gyroscope; picture-in-picture; web-share\" referrerpolicy=\"strict-origin-when-cross-origin\" allowfullscreen><\/iframe><\/li>\n<li>3. \u00a0<a href=\"https:\/\/youtu.be\/Pjeif9S-PMQ\" target=\"_blank\" rel=\"noopener\">ID Apple<sup>\u00ae<\/sup>\u00a0v\u00e0 iCloud<sup>\u00ae<\/sup>\u00a0Demo \u0111\u0103ng nh\u1eadp<\/a><\/li>\n<li><iframe loading=\"lazy\" title=\"PocketKey: B\u1ea3n demo \u0111\u0103ng nh\u1eadp Apple ID\u00ae v\u00e0 iCloud\u00ae\" width=\"1020\" height=\"574\" src=\"https:\/\/www.youtube.com\/embed\/Pjeif9S-PMQ?feature=oembed\" frameborder=\"0\" allow=\"accelerometer; autoplay; clipboard-write; encrypted-media; gyroscope; picture-in-picture; web-share\" referrerpolicy=\"strict-origin-when-cross-origin\" allowfullscreen><\/iframe><\/li>\n<\/ul>\n<\/li>\n<\/ul>","protected":false},"excerpt":{"rendered":"<p>PocketKey t\u0103ng c\u01b0\u1eddng b\u1ea3o m\u1eadt k\u1ef9 thu\u1eadt s\u1ed1 b\u1eb1ng x\u00e1c th\u1ef1c \u0111a y\u1ebfu t\u1ed1, thay th\u1ebf c\u00e1c h\u1ec7 th\u1ed1ng m\u1eadt kh\u1ea9u l\u1ed7i th\u1eddi v\u00e0 h\u1ed7 tr\u1ee3 giao th\u1ee9c FIDO U2F \u0111\u1ec3 truy c\u1eadp an to\u00e0n.<\/p>","protected":false},"featured_media":2263,"template":"","meta":[],"product_brand":[],"product_cat":[39,46],"product_tag":[],"class_list":{"0":"post-2262","1":"product","2":"type-product","3":"status-publish","4":"has-post-thumbnail","6":"product_cat-usb-ic-smartcard-reader","7":"product_cat-nfc-cards","9":"first","10":"instock","11":"shipping-taxable","12":"product-type-simple"},"_links":{"self":[{"href":"https:\/\/nfc-readers.com\/vi\/wp-json\/wp\/v2\/product\/2262","targetHints":{"allow":["GET"]}}],"collection":[{"href":"https:\/\/nfc-readers.com\/vi\/wp-json\/wp\/v2\/product"}],"about":[{"href":"https:\/\/nfc-readers.com\/vi\/wp-json\/wp\/v2\/types\/product"}],"wp:featuredmedia":[{"embeddable":true,"href":"https:\/\/nfc-readers.com\/vi\/wp-json\/wp\/v2\/media\/2263"}],"wp:attachment":[{"href":"https:\/\/nfc-readers.com\/vi\/wp-json\/wp\/v2\/media?parent=2262"}],"wp:term":[{"taxonomy":"product_brand","embeddable":true,"href":"https:\/\/nfc-readers.com\/vi\/wp-json\/wp\/v2\/product_brand?post=2262"},{"taxonomy":"product_cat","embeddable":true,"href":"https:\/\/nfc-readers.com\/vi\/wp-json\/wp\/v2\/product_cat?post=2262"},{"taxonomy":"product_tag","embeddable":true,"href":"https:\/\/nfc-readers.com\/vi\/wp-json\/wp\/v2\/product_tag?post=2262"}],"curies":[{"name":"wp","href":"https:\/\/api.w.org\/{rel}","templated":true}]}}