{"id":2730,"date":"2024-06-07T08:01:07","date_gmt":"2024-06-07T08:01:07","guid":{"rendered":"https:\/\/nfc-readers.com\/?post_type=product&#038;p=2730"},"modified":"2024-09-24T02:54:03","modified_gmt":"2024-09-24T02:54:03","slug":"wallet-mate-nfc-reader-writer-support-apple-pay-and-google-vas","status":"publish","type":"product","link":"https:\/\/nfc-readers.com\/vi\/ic-reader\/wallet-mate-nfc-reader-writer-support-apple-pay-and-google-vas\/","title":{"rendered":"Tr\u00ecnh ghi \u0111\u1ea7u \u0111\u1ecdc NFC c\u1ee7a Wallet Mate -H\u1ed7 tr\u1ee3 Apple Pay v\u00e0 Google VAS"},"content":{"rendered":"<h1>Tr\u00ecnh ghi \u0111\u1ea7u \u0111\u1ecdc NFC c\u1ee7a Wallet Mate -H\u1ed7 tr\u1ee3 Apple Pay v\u00e0 Google VAS<\/h1>\n<div><\/div>\n<div class=\"auto-hide-last-sibling-br paragraph_1252f paragraph-element\"><strong>\u0110\u1ea7u \u0111\u1ecdc NFC Wallet Mate<\/strong> n\u1ed5i l\u00ean nh\u01b0 m\u1ed9t ti\u1ec7n \u00edch hi\u1ec7n \u0111\u1ea1i, t\u00edch h\u1ee3p c\u00e1c giao th\u1ee9c VAS v\u00e0 c\u00e1c t\u00ednh n\u0103ng \u0111\u1ea7u \u0111\u1ecdc ki\u1ec3m so\u00e1t truy c\u1eadp NFC \u0111\u1ec3 t\u0103ng c\u01b0\u1eddng t\u01b0\u01a1ng t\u00e1c kh\u00f4ng c\u1ea7n th\u1ebb. \u0110i k\u00e8m v\u1edbi thi\u1ebft b\u1ecb \u0111\u1ea7u cu\u1ed1i POS c\u00f3 \u0111\u1ea7u \u0111\u1ecdc NFC, c\u00e1c bi\u1ec7n ph\u00e1p b\u1ea3o m\u1eadt m\u1ea1nh m\u1ebd v\u00e0 kh\u1ea3 n\u0103ng t\u01b0\u01a1ng th\u00edch \u1ee9ng d\u1ee5ng r\u1ed9ng r\u00e3i, n\u00f3 ti\u00ean phong cho m\u1ed9t ti\u00eau chu\u1ea9n m\u1edbi v\u1ec1 s\u1ef1 tho\u1ea3i m\u00e1i v\u00e0 hi\u1ec7u qu\u1ea3. Thi\u1ebft k\u1ebf v\u00e0 ch\u1ee9c n\u0103ng c\u1ee7a n\u00f3 khi\u1ebfn n\u00f3 tr\u1edf th\u00e0nh m\u1ed9t thi\u1ebft b\u1ecb kh\u00f4ng th\u1ec3 thi\u1ebfu \u0111\u1ed1i v\u1edbi nh\u1eefng ng\u01b0\u1eddi mu\u1ed1n s\u1eed d\u1ee5ng s\u1ee9c m\u1ea1nh c\u1ee7a c\u00f4ng ngh\u1ec7 NFC \u0111\u1ec3 giao d\u1ecbch an to\u00e0n, tr\u01a1n tru v\u00e0 nhanh ch\u00f3ng.<\/div>\n<div><\/div>\n<h2 class=\"auto-hide-last-sibling-br paragraph_1252f paragraph-element\">Giao di\u1ec7n t\u1ed1c \u0111\u1ed9 cao USB 2.0<\/h2>\n<h3 class=\"auto-hide-last-sibling-br paragraph_1252f paragraph-element\"><br class=\"container_e695a wrapper_ad07b undefined\" \/>Tu\u00e2n th\u1ee7 c\u00e1c ti\u00eau chu\u1ea9n CCID<br class=\"container_e695a wrapper_ad07b undefined\" \/>V\u00ed di \u0111\u1ed9ng v\u00e0 \u0111\u1ea7u \u0111\u1ecdc th\u1ebb th\u00f4ng minh kh\u00f4ng ti\u1ebfp x\u00fac:<br class=\"container_e695a wrapper_ad07b undefined\" \/>\u0110\u01b0\u1ee3c ch\u1ee9ng nh\u1eadn b\u1edfi Apple VAS &amp; Google Smart Tap (L\u01b0u \u00fd: WalletMate ch\u1ec9 \u0111\u01b0\u1ee3c ch\u1ee9ng nh\u1eadn cho VAS, kh\u00f4ng ph\u1ea3i cho thi\u1ebft b\u1ecb \u0111\u1ea7u cu\u1ed1i thanh to\u00e1n) T\u1ed1c \u0111\u1ed9 truy\u1ec1n d\u1eef li\u1ec7u \u0111\u1ea1t 424 kbps<br class=\"container_e695a wrapper_ad07b undefined\" \/>\u0102ng-ten t\u00edch h\u1ee3p \u0111\u1ec3 truy c\u1eadp th\u1ebb kh\u00f4ng ti\u1ebfp x\u00fac, cung c\u1ea5p kho\u1ea3ng c\u00e1ch \u0111\u1ecdc th\u1ebb l\u00ean t\u1edbi 50 mm (t\u00f9y thu\u1ed9c v\u00e0o lo\u1ea1i th\u1ebb)<br class=\"container_e695a wrapper_ad07b undefined\" \/>Kh\u1ea3 n\u0103ng t\u01b0\u01a1ng th\u00edch v\u1edbi th\u1ebb ISO 14443 Lo\u1ea1i A v\u00e0 B, MIFARE\u00ae, FeliCa v\u00e0 t\u1ea5t c\u1ea3 b\u1ed1n lo\u1ea1i th\u1ebb NFC (ISO\/IEC 18092)<br class=\"container_e695a wrapper_ad07b undefined\" \/>H\u1ed7 tr\u1ee3 cho MIFARE\u00ae 7-byte UID, MIFARE\u00ae Plus v\u00e0 MIFARE\u00ae DESfire<br class=\"container_e695a wrapper_ad07b undefined\" \/>T\u00ednh n\u0103ng ch\u1ed1ng va ch\u1ea1m t\u00edch h\u1ee3p (ch\u1ec9 c\u00f3 th\u1ec3 truy c\u1eadp m\u1ed9t th\u1ebb duy nh\u1ea5t t\u1ea1i b\u1ea5t k\u1ef3 th\u1eddi \u0111i\u1ec3m n\u00e0o)<\/h3>\n<h2 class=\"auto-hide-last-sibling-br paragraph_1252f paragraph-element\"><br class=\"container_e695a wrapper_ad07b undefined\" \/>H\u1ed7 tr\u1ee3 NFC:<\/h2>\n<h3 class=\"auto-hide-last-sibling-br paragraph_1252f paragraph-element\"><br class=\"container_e695a wrapper_ad07b undefined\" \/>Ch\u1ee9c n\u0103ng \u1edf ch\u1ebf \u0111\u1ed9 \u0111\u1ecdc\/ghi<br class=\"container_e695a wrapper_ad07b undefined\" \/>Ch\u1ebf \u0111\u1ed9 ngang h\u00e0ng<br class=\"container_e695a wrapper_ad07b undefined\" \/>Ch\u1ebf \u0111\u1ed9 thi \u0111ua th\u1ebb<\/h3>\n<h2 class=\"auto-hide-last-sibling-br paragraph_1252f paragraph-element\"><br class=\"container_e695a wrapper_ad07b undefined\" \/>Giao di\u1ec7n l\u1eadp tr\u00ecnh \u1ee9ng d\u1ee5ng:<\/h2>\n<h3 class=\"auto-hide-last-sibling-br paragraph_1252f paragraph-element\"><br class=\"container_e695a wrapper_ad07b undefined\" \/>Kh\u1ea3 n\u0103ng t\u01b0\u01a1ng th\u00edch c\u1ee7a Apple VAS &amp; Google Smart Tap API v\u1edbi n\u1ec1n t\u1ea3ng Windows v\u00e0 Linux<br class=\"container_e695a wrapper_ad07b undefined\" \/>H\u1ed7 tr\u1ee3 cho PC\/SC<br class=\"container_e695a wrapper_ad07b undefined\" \/>H\u1ed7 tr\u1ee3 cho CT-API (\u0111\u01b0\u1ee3c h\u1ed7 tr\u1ee3 b\u1edfi tr\u00ecnh bao b\u1ecdc d\u1ef1a tr\u00ean PC\/SC)<\/h3>\n<h2 class=\"auto-hide-last-sibling-br paragraph_1252f paragraph-element\">C\u00e1c t\u00ednh n\u0103ng b\u1ed5 sung:<\/h2>\n<h3 class=\"auto-hide-last-sibling-br paragraph_1252f paragraph-element\"><br class=\"container_e695a wrapper_ad07b undefined\" \/>\u0110\u00e8n LED hai m\u00e0u c\u00f3 th\u1ec3 \u0111i\u1ec1u khi\u1ec3n b\u1edfi ng\u01b0\u1eddi d\u00f9ng<br class=\"container_e695a wrapper_ad07b undefined\" \/>H\u1ec7 th\u1ed1ng c\u1ea3nh b\u00e1o b\u1eb1ng \u00e2m thanh do ng\u01b0\u1eddi d\u00f9ng \u0111i\u1ec1u khi\u1ec3n<br class=\"container_e695a wrapper_ad07b undefined\" \/>Kh\u1ea3 n\u0103ng c\u1eadp nh\u1eadt ch\u01b0\u01a1ng tr\u00ecnh c\u01a1 s\u1edf USB<\/h3>\n<p>&nbsp;<\/p>\n<ul>\n<li>\n<table width=\"559\">\n<tbody>\n<tr>\n<td colspan=\"2\" width=\"559\">T\u00ednh ch\u1ea5t v\u1eadt l\u00fd<\/td>\n<\/tr>\n<tr>\n<td width=\"214\">K\u00edch th\u01b0\u1edbc (mm)<\/td>\n<td width=\"345\">98,0 mm (L) x 65,0 mm (W) x 12,8 mm (H)<\/td>\n<\/tr>\n<tr>\n<td width=\"214\">Tr\u1ecdng l\u01b0\u1ee3ng (g)<\/td>\n<td width=\"345\">81g<\/td>\n<\/tr>\n<tr>\n<td colspan=\"2\" width=\"559\">Giao di\u1ec7n USB<\/td>\n<\/tr>\n<tr>\n<td width=\"214\">Giao th\u1ee9c<\/td>\n<td width=\"345\">USB CID<\/td>\n<\/tr>\n<tr>\n<td width=\"214\">lo\u1ea1i tr\u00ecnh k\u1ebft n\u1ed1i<\/td>\n<td width=\"345\">USB Lo\u1ea1i A (ACR1252U-MW)<\/td>\n<\/tr>\n<tr>\n<td width=\"214\">Ngu\u1ed3n n\u0103ng l\u01b0\u1ee3ng<\/td>\n<td width=\"345\">T\u1eeb c\u1ed5ng USB<\/td>\n<\/tr>\n<tr>\n<td width=\"214\">T\u1ed1c \u0111\u1ed9<\/td>\n<td width=\"345\">T\u1ed1c \u0111\u1ed9 t\u1ed1i \u0111a USB (12 Mb\/gi\u00e2y)<\/td>\n<\/tr>\n<tr>\n<td width=\"214\">Chi\u1ec1u d\u00e0i c\u00e1p<\/td>\n<td width=\"345\">1,0 m, kh\u00f4ng th\u1ec3 th\u00e1o r\u1eddi<\/td>\n<\/tr>\n<tr>\n<td colspan=\"2\" width=\"559\">Giao di\u1ec7n th\u1ebb th\u00f4ng minh kh\u00f4ng ti\u1ebfp x\u00fac<\/td>\n<\/tr>\n<tr>\n<td width=\"214\">Ti\u00eau chu\u1ea9n<\/td>\n<td width=\"345\">ISO\/IEC 18092 NFC, ISO 14443 Lo\u1ea1i A &amp; B, MIFARE\u00ae, FeliCa<\/td>\n<\/tr>\n<tr>\n<td rowspan=\"4\" width=\"214\">Giao th\u1ee9c<\/td>\n<td width=\"345\">Th\u1ebb tu\u00e2n th\u1ee7 ISO 14443-4, T=CL<\/td>\n<\/tr>\n<tr>\n<td width=\"345\">Th\u1ebb MIFARE\u00ae C\u1ed5 \u0111i\u1ec3n, T=CL<\/td>\n<\/tr>\n<tr>\n<td width=\"345\">ISO18092, Th\u1ebb NFC<\/td>\n<\/tr>\n<tr>\n<td width=\"345\">FeliCa<\/td>\n<\/tr>\n<tr>\n<td colspan=\"2\" width=\"559\">Thi\u1ebft b\u1ecb ngo\u1ea1i vi t\u00edch h\u1ee3p<\/td>\n<\/tr>\n<tr>\n<td width=\"214\">D\u1eaaN \u0110\u1ebeN<\/td>\n<td width=\"345\">1 hai m\u00e0u: \u0110\u1ecf v\u00e0 Xanh<\/td>\n<\/tr>\n<tr>\n<td width=\"214\">C\u00f2i<\/td>\n<td width=\"345\">Gi\u1ecdng b\u1eb1ng b\u1eb1ng<\/td>\n<\/tr>\n<tr>\n<td colspan=\"2\" width=\"559\">C\u00e1c t\u00ednh n\u0103ng kh\u00e1c<\/td>\n<\/tr>\n<tr>\n<td width=\"214\">N\u00e2ng c\u1ea5p ch\u01b0\u01a1ng tr\u00ecnh c\u01a1 s\u1edf<\/td>\n<td width=\"345\">\u0110\u01b0\u1ee3c h\u1ed7 tr\u1ee3<\/td>\n<\/tr>\n<tr>\n<td colspan=\"2\" width=\"559\">Ch\u1ee9ng nh\u1eadn\/Tu\u00e2n th\u1ee7<\/td>\n<\/tr>\n<tr>\n<td rowspan=\"4\" width=\"214\">Ch\u1ee9ng nh\u1eadn\/Tu\u00e2n th\u1ee7<\/td>\n<td width=\"345\">Ch\u1ee9ng nh\u1eadn:<\/td>\n<\/tr>\n<tr>\n<td width=\"345\">Apple VAS, Google Smart Tap, D\u1ea5u ch\u1ee9ng nh\u1eadn c\u1ee7a Di\u1ec5n \u0111\u00e0n NFC, IEC\/EN 62368, CE, FCC, UKCA, J-LIS, VCCI, TELEC, KC, BIS, RoHS, REACH, WEEE<\/td>\n<\/tr>\n<tr>\n<td width=\"345\">Tu\u00e2n th\u1ee7:<\/td>\n<\/tr>\n<tr>\n<td width=\"345\">USB CCID, PC\/SC<\/td>\n<\/tr>\n<tr>\n<td colspan=\"2\" width=\"559\">H\u1ed7 tr\u1ee3 h\u1ec7 \u0111i\u1ec1u h\u00e0nh tr\u00ecnh \u0111i\u1ec1u khi\u1ec3n thi\u1ebft b\u1ecb<\/td>\n<\/tr>\n<tr>\n<td width=\"214\">H\u1ed7 tr\u1ee3 h\u1ec7 \u0111i\u1ec1u h\u00e0nh tr\u00ecnh \u0111i\u1ec1u khi\u1ec3n thi\u1ebft b\u1ecb<\/td>\n<td width=\"345\">Windows\u00ae, Linux\u00ae, macOS (\u0110ang ph\u00e1t tri\u1ec3n), Android\u2122 (\u0110ang ph\u00e1t tri\u1ec3n)<\/td>\n<\/tr>\n<\/tbody>\n<\/table>\n<\/li>\n<\/ul>","protected":false},"excerpt":{"rendered":"<div>V\u00ed di \u0111\u1ed9ng, \u0111\u1ea7u \u0111\u1ecdc NFC c\u1ea3i ti\u1ebfn h\u1ed7 tr\u1ee3 thanh to\u00e1n kh\u00f4ng c\u1ea7n th\u1ebb b\u1eb1ng th\u1ebb k\u1ef9 thu\u1eadt s\u1ed1, \u0111\u01b0\u1ee3c h\u1ed7 tr\u1ee3 b\u1edfi VAS Apple v\u00e0 VAS Google cho c\u00e1c thi\u1ebft b\u1ecb iOS v\u00e0 Android.<\/div>\n<div><\/div>","protected":false},"featured_media":2731,"template":"","meta":[],"product_brand":[],"product_cat":[45,40],"product_tag":[],"class_list":{"0":"post-2730","1":"product","2":"type-product","3":"status-publish","4":"has-post-thumbnail","6":"product_cat-contactless-nfc-reader","7":"product_cat-rfid-nfc-reader","9":"first","10":"instock","11":"shipping-taxable","12":"product-type-simple"},"_links":{"self":[{"href":"https:\/\/nfc-readers.com\/vi\/wp-json\/wp\/v2\/product\/2730","targetHints":{"allow":["GET"]}}],"collection":[{"href":"https:\/\/nfc-readers.com\/vi\/wp-json\/wp\/v2\/product"}],"about":[{"href":"https:\/\/nfc-readers.com\/vi\/wp-json\/wp\/v2\/types\/product"}],"wp:featuredmedia":[{"embeddable":true,"href":"https:\/\/nfc-readers.com\/vi\/wp-json\/wp\/v2\/media\/2731"}],"wp:attachment":[{"href":"https:\/\/nfc-readers.com\/vi\/wp-json\/wp\/v2\/media?parent=2730"}],"wp:term":[{"taxonomy":"product_brand","embeddable":true,"href":"https:\/\/nfc-readers.com\/vi\/wp-json\/wp\/v2\/product_brand?post=2730"},{"taxonomy":"product_cat","embeddable":true,"href":"https:\/\/nfc-readers.com\/vi\/wp-json\/wp\/v2\/product_cat?post=2730"},{"taxonomy":"product_tag","embeddable":true,"href":"https:\/\/nfc-readers.com\/vi\/wp-json\/wp\/v2\/product_tag?post=2730"}],"curies":[{"name":"wp","href":"https:\/\/api.w.org\/{rel}","templated":true}]}}