{"id":2732,"date":"2024-10-07T08:34:31","date_gmt":"2024-10-07T08:34:31","guid":{"rendered":"https:\/\/nfc-readers.com\/?post_type=product&#038;p=2732"},"modified":"2024-10-28T14:32:27","modified_gmt":"2024-10-28T14:32:27","slug":"nfc-reader-writer-support-apple-pay-and-google-vas","status":"publish","type":"product","link":"https:\/\/nfc-readers.com\/vi\/ic-reader\/nfc-reader-writer-support-apple-pay-and-google-vas\/","title":{"rendered":"\u0110\u1ea7u \u0111\u1ecdc NFC h\u1ed7 tr\u1ee3 Apple Pay v\u00e0 Google VAS"},"content":{"rendered":"<div class=\"auto-hide-last-sibling-br paragraph_1252f paragraph-element\">\n<h1>\u0110\u1ea7u \u0111\u1ecdc NFC h\u1ed7 tr\u1ee3 Apple Pay v\u00e0 Google VAS<\/h1>\n<p>Nh\u1eadp v\u00e0o\u00a0<strong>\u0110\u1ea7u \u0111\u1ecdc NFC<\/strong>, m\u1ed9t c\u00f4ng ngh\u1ec7 tinh vi \u0111\u01b0\u1ee3c thi\u1ebft k\u1ebf \u0111\u1ec3 t\u0103ng c\u01b0\u1eddng c\u00e1c giao d\u1ecbch kh\u00f4ng ti\u1ebfp x\u00fac v\u00e0 h\u1ee3p l\u00fd h\u00f3a vi\u1ec7c ki\u1ec3m so\u00e1t truy c\u1eadp v\u1edbi hi\u1ec7u qu\u1ea3 v\u00f4 song. Cho d\u00f9 b\u1ea1n \u0111ang mu\u1ed1n th\u1ef1c hi\u1ec7n c\u00e1c giao d\u1ecbch nhanh h\u01a1n, t\u0103ng c\u01b0\u1eddng b\u1ea3o m\u1eadt hay ch\u1ec9 \u0111\u01a1n gi\u1ea3n l\u00e0 n\u00e2ng c\u1ea5p c\u00f4ng ngh\u1ec7 c\u1ee7a m\u00ecnh, \u0110\u1ea7u \u0111\u1ecdc NFC l\u00e0 m\u1ed9t c\u00f4ng c\u1ee5 thi\u1ebft y\u1ebfu trong kho v\u0169 kh\u00ed c\u1ee7a b\u1ea1n. V\u1edbi kh\u1ea3 n\u0103ng \u0111\u1ecdc v\u00e0 ghi\u00a0<strong>Th\u1ebb NFC<\/strong>\u00a0v\u00e0 th\u1ebb, bao g\u1ed3m c\u00e1c \u0111\u1ecbnh d\u1ea1ng ph\u1ed5 bi\u1ebfn nh\u01b0\u00a0<strong>MIFARE<\/strong>, thi\u1ebft b\u1ecb n\u00e0y \u0111i \u0111\u1ea7u trong c\u00e1c gi\u1ea3i ph\u00e1p thanh to\u00e1n s\u00e1ng t\u1ea1o.<\/p>\n<h2>L\u1ee3i \u00edch c\u1ee7a vi\u1ec7c l\u1ef1a ch\u1ecdn \u0111\u1ea7u \u0111\u1ecdc NFC<\/h2>\n<p>\u0110\u1ea7u t\u01b0 v\u00e0o \u0110\u1ea7u \u0111\u1ecdc NFC kh\u00f4ng ch\u1ec9 l\u00e0 m\u1ed9t giao d\u1ecbch mua; \u0111\u00f3 l\u00e0 s\u1ef1 n\u00e2ng c\u1ea5p kh\u1ea3 n\u0103ng thanh to\u00e1n c\u1ee7a b\u1ea1n, mang l\u1ea1i nhi\u1ec1u l\u1ee3i \u00edch. Tr\u01b0\u1edbc h\u1ebft, n\u00f3 t\u0103ng c\u01b0\u1eddng b\u1ea3o m\u1eadt b\u1eb1ng c\u00e1ch cho ph\u00e9p\u00a0<strong>kh\u00f4ng ti\u1ebfp x\u00fac<\/strong>\u00a0thanh to\u00e1n, gi\u1ea3m r\u1ee7i ro li\u00ean quan \u0111\u1ebfn giao d\u1ecbch ti\u1ec1n m\u1eb7t. N\u00f3 c\u0169ng \u0111\u01b0\u1ee3c thi\u1ebft k\u1ebf \u0111\u1ec3 d\u1ec5 s\u1eed d\u1ee5ng, t\u1ef1 h\u00e0o c\u00f3 quy tr\u00ecnh thi\u1ebft l\u1eadp \u0111\u01a1n gi\u1ea3n c\u00f3 th\u1ec3 k\u1ebft n\u1ed1i qua USB v\u1edbi nhi\u1ec1u lo\u1ea1i thi\u1ebft b\u1ecb, cho ph\u00e9p t\u00edch h\u1ee3p v\u1edbi c\u00e1c h\u1ec7 th\u1ed1ng hi\u1ec7n c\u00f3 c\u1ee7a b\u1ea1n. Thi\u1ebft k\u1ebf nh\u1ecf g\u1ecdn v\u00e0 di \u0111\u1ed9ng \u0111\u1ea3m b\u1ea3o r\u1eb1ng b\u1ea1n c\u00f3 th\u1ec3 mang theo kh\u1ea3 n\u0103ng NFC c\u1ee7a m\u00ecnh m\u1ecdi l\u00fac m\u1ecdi n\u01a1i, khi\u1ebfn n\u00f3 tr\u1edf n\u00ean l\u00fd t\u01b0\u1edfng cho c\u1ea3 ng\u01b0\u1eddi b\u00e1n h\u00e0ng v\u00e0 c\u00e1 nh\u00e2n.<\/p>\n<h3>1.\u00a0<strong>H\u1ed7 tr\u1ee3 NFC to\u00e0n di\u1ec7n<\/strong><\/h3>\n<p>C\u00e1c\u00a0<strong>\u0110\u1ea7u \u0111\u1ecdc NFC<\/strong>\u00a0h\u1ed7 tr\u1ee3 nhi\u1ec1u ch\u1ee9c n\u0103ng NFC, bao g\u1ed3m Ch\u1ebf \u0111\u1ed9 \u0111\u1ecdc\/ghi, Ch\u1ebf \u0111\u1ed9 ngang h\u00e0ng v\u00e0 Ch\u1ebf \u0111\u1ed9 m\u00f4 ph\u1ecfng th\u1ebb. T\u00ednh linh ho\u1ea1t n\u00e0y \u0111\u1ea3m b\u1ea3o kh\u1ea3 n\u0103ng t\u01b0\u01a1ng th\u00edch v\u1edbi nhi\u1ec1u giao d\u1ecbch kh\u00e1c nhau, t\u1eeb \u0111\u1ecdc\u00a0<strong>th\u1ebb NFC<\/strong>\u00a0\u0111\u1ec3 t\u1ea1o \u0111i\u1ec1u ki\u1ec7n thu\u1eadn l\u1ee3i cho thanh to\u00e1n di \u0111\u1ed9ng th\u00f4ng qua\u00a0<strong>Thanh to\u00e1n Google<\/strong>\u00a0V\u00e0\u00a0<strong>Thanh to\u00e1n Apple<\/strong>.<\/p>\n<h4>Ch\u1ebf \u0111\u1ed9 \u0111\u1ecdc\/ghi<\/h4>\n<p>V\u1edbi Ch\u1ebf \u0111\u1ed9 \u0110\u1ecdc\/Ghi, ng\u01b0\u1eddi d\u00f9ng c\u00f3 th\u1ec3 d\u1ec5 d\u00e0ng\u00a0<strong>\u0111\u1ecdc v\u00e0 vi\u1ebft<\/strong>\u00a0d\u1eef li\u1ec7u v\u00e0o th\u1ebb NFC, gi\u00fap thi\u1ebft b\u1ecb tr\u1edf n\u00ean ho\u00e0n h\u1ea3o cho c\u00e1c \u1ee9ng d\u1ee5ng qu\u1ea3n l\u00fd h\u00e0ng t\u1ed3n kho v\u00e0 chi\u1ebfn d\u1ecbch ti\u1ebfp th\u1ecb.<\/p>\n<h4>Ch\u1ebf \u0111\u1ed9 ngang h\u00e0ng<\/h4>\n<p>Ch\u1ebf \u0111\u1ed9 ngang h\u00e0ng t\u1ea1o \u0111i\u1ec1u ki\u1ec7n chia s\u1ebb d\u1eef li\u1ec7u gi\u1eefa hai thi\u1ebft b\u1ecb h\u1ed7 tr\u1ee3 NFC, cho ph\u00e9p giao d\u1ecbch ho\u1eb7c chuy\u1ec3n th\u00f4ng tin li\u1ec1n m\u1ea1ch, t\u0103ng c\u01b0\u1eddng s\u1ef1 ti\u1ec7n l\u1ee3i cho ng\u01b0\u1eddi d\u00f9ng.<\/p>\n<h3>2.\u00a0<strong>Ti\u00eau chu\u1ea9n t\u01b0\u01a1ng th\u00edch cao<\/strong><\/h3>\n<p>\u0110\u1ea7u \u0111\u1ecdc NFC n\u00e0y t\u01b0\u01a1ng th\u00edch v\u1edbi nhi\u1ec1u lo\u1ea1i th\u1ebb th\u00f4ng minh, bao g\u1ed3m th\u1ebb ISO 14443 Lo\u1ea1i A v\u00e0 B, khi\u1ebfn n\u00f3 tr\u1edf th\u00e0nh gi\u1ea3i ph\u00e1p chung cho c\u00e1c doanh nghi\u1ec7p y\u00eau c\u1ea7u\u00a0<strong>\u0111\u1ea7u \u0111\u1ecdc th\u1ebb<\/strong>\u00a0d\u00e0nh cho nhi\u1ec1u lo\u1ea1i th\u1ebb.<\/p>\n<h4>H\u1ed7 tr\u1ee3 nhi\u1ec1u lo\u1ea1i th\u1ebb NFC<\/h4>\n<p>Ngo\u00e0i c\u00e1c ti\u00eau chu\u1ea9n ISO, thi\u1ebft b\u1ecb c\u00f2n h\u1ed7 tr\u1ee3 c\u00e1c \u0111\u1ecbnh d\u1ea1ng nh\u01b0 MIFARE\u00ae v\u00e0 FeliCa, \u0111\u1ea3m b\u1ea3o h\u1ed7 tr\u1ee3 to\u00e0n di\u1ec7n cho h\u1ea7u h\u1ebft m\u1ecdi ng\u01b0\u1eddi d\u00f9ng.<\/p>\n<h4>K\u1ebft n\u1ed1i USB<\/h4>\n<p>V\u1edbi giao di\u1ec7n USB 2.0 t\u1ed1c \u0111\u1ed9 cao, b\u1ea1n c\u00f3 th\u1ec3 d\u1ec5 d\u00e0ng k\u1ebft n\u1ed1i \u0111\u1ea7u \u0111\u1ecdc NFC v\u1edbi \u0111i\u1ec7n tho\u1ea1i th\u00f4ng minh ho\u1eb7c m\u00e1y t\u00ednh b\u1ea3ng \u0111\u1ec3 truy\u1ec1n d\u1eef li\u1ec7u nhanh ch\u00f3ng\u2014m\u1ecdi th\u1ee9 \u0111\u1ec1u s\u1eb5n s\u00e0ng \u0111\u1ec3 s\u1eed d\u1ee5ng\u00a0<strong>qua USB<\/strong>.<\/p>\n<h3>3.\u00a0<strong>T\u00ednh n\u0103ng b\u1ea3o m\u1eadt m\u1ea1nh m\u1ebd<\/strong><\/h3>\n<p>T\u00ednh b\u1ea3o m\u1eadt l\u00e0 y\u1ebfu t\u1ed1 t\u1ed1i quan tr\u1ecdng \u0111\u1ed1i v\u1edbi m\u1ecdi thi\u1ebft b\u1ecb giao d\u1ecbch v\u00e0 \u0110\u1ea7u \u0111\u1ecdc NFC n\u1ed5i tr\u1ed9i v\u1edbi t\u00ednh n\u0103ng ch\u1ed1ng va ch\u1ea1m t\u00edch h\u1ee3p, \u0111\u1ea3m b\u1ea3o ch\u1ec9 c\u00f3 m\u1ed9t th\u1ebb \u0111\u01b0\u1ee3c \u0111\u1ecdc t\u1ea1i m\u1ed9t th\u1eddi \u0111i\u1ec3m, gi\u00fap gi\u1ea3m \u0111\u00e1ng k\u1ec3 kh\u1ea3 n\u0103ng d\u1eef li\u1ec7u b\u1ecb h\u1ecfng ho\u1eb7c gian l\u1eadn.<\/p>\n<h4>M\u00e3 h\u00f3a n\u00e2ng cao<\/h4>\n<p>\u0110\u1ea7u \u0111\u1ecdc NFC h\u1ed7 tr\u1ee3 nhi\u1ec1u k\u1ef9 thu\u1eadt m\u00e3 h\u00f3a kh\u00e1c nhau \u0111\u1ec3 truy\u1ec1n d\u1eef li\u1ec7u an to\u00e0n, \u0111\u1ea3m b\u1ea3o th\u00f4ng tin nh\u1ea1y c\u1ea3m \u0111\u01b0\u1ee3c b\u1ea3o v\u1ec7 trong su\u1ed1t qu\u00e1 tr\u00ecnh giao d\u1ecbch.<\/p>\n<h4>C\u1ea3nh b\u00e1o ng\u01b0\u1eddi d\u00f9ng<\/h4>\n<p>\u0110\u01b0\u1ee3c trang b\u1ecb h\u1ec7 th\u1ed1ng c\u1ea3nh b\u00e1o b\u1eb1ng \u00e2m thanh do ng\u01b0\u1eddi d\u00f9ng \u0111i\u1ec1u khi\u1ec3n, ng\u01b0\u1eddi d\u00f9ng c\u00f3 th\u1ec3 nh\u1eadn \u0111\u01b0\u1ee3c ph\u1ea3n h\u1ed3i ngay l\u1eadp t\u1ee9c trong qu\u00e1 tr\u00ecnh v\u1eadn h\u00e0nh, n\u00e2ng cao kh\u1ea3 n\u0103ng s\u1eed d\u1ee5ng v\u00e0 \u0111\u1ea3m b\u1ea3o ng\u01b0\u1eddi d\u00f9ng bi\u1ebft \u0111\u01b0\u1ee3c c\u00e1c l\u1ea7n \u0111\u1ecdc th\u00e0nh c\u00f4ng.<\/p>\n<h3>4.\u00a0<strong>T\u00e1c \u0111\u1ed9ng m\u00f4i tr\u01b0\u1eddng<\/strong><\/h3>\n<p>Khi c\u00e1c doanh nghi\u1ec7p ng\u00e0y c\u00e0ng \u00fd th\u1ee9c h\u01a1n v\u1ec1 d\u1ea5u ch\u00e2n m\u00f4i tr\u01b0\u1eddng c\u1ee7a m\u00ecnh, NFC Reader \u0111\u01b0\u1ee3c thi\u1ebft k\u1ebf v\u1edbi m\u1ee5c ti\u00eau ph\u00e1t tri\u1ec3n b\u1ec1n v\u1eefng. Thi\u1ebft b\u1ecb s\u1eed d\u1ee5ng \u00edt n\u0103ng l\u01b0\u1ee3ng v\u00e0 c\u00f3 th\u1ec3 g\u1eafn v\u00e0o c\u00e1c h\u1ec7 th\u1ed1ng hi\u1ec7n c\u00f3 m\u00e0 kh\u00f4ng c\u1ea7n n\u00e2ng c\u1ea5p ph\u1ea7n c\u1ee9ng nhi\u1ec1u, gi\u00fap gi\u1ea3m thi\u1ec3u ch\u1ea5t th\u1ea3i.<\/p>\n<h4>S\u1eed d\u1ee5ng n\u0103ng l\u01b0\u1ee3ng hi\u1ec7u qu\u1ea3<\/h4>\n<p>Ho\u1ea1t \u0111\u1ed9ng \u1edf t\u1ea7n s\u1ed1 13,56 MHz, \u0110\u1ea7u \u0111\u1ecdc NFC ti\u1ebft ki\u1ec7m n\u0103ng l\u01b0\u1ee3ng, cho ph\u00e9p s\u1eed d\u1ee5ng r\u1ed9ng r\u00e3i m\u00e0 kh\u00f4ng t\u1ed1n nhi\u1ec1u chi ph\u00ed \u0111i\u1ec7n. C\u00e1c c\u00f4ng ty c\u00f3 th\u1ec3 s\u1eed d\u1ee5ng c\u00f4ng ngh\u1ec7 n\u00e0y m\u00e0 kh\u00f4ng lo nhu c\u1ea7u n\u0103ng l\u01b0\u1ee3ng t\u0103ng cao.<\/p>\n<h3>5.\u00a0<strong>Thi\u1ebft k\u1ebf th\u00e2n thi\u1ec7n v\u1edbi ng\u01b0\u1eddi d\u00f9ng<\/strong><\/h3>\n<p>\u0110\u1ea7u \u0111\u1ecdc NFC c\u00f3 thi\u1ebft k\u1ebf nh\u1ecf g\u1ecdn v\u00e0 \u0111\u1eb9p m\u1eaft, t\u00edch h\u1ee3p li\u1ec1n m\u1ea1ch v\u00e0o quy tr\u00ecnh l\u00e0m vi\u1ec7c c\u1ee7a b\u1ea1n. \u0110\u00e8n LED hai m\u00e0u do ng\u01b0\u1eddi d\u00f9ng \u0111i\u1ec1u khi\u1ec3n cung c\u1ea5p ph\u1ea3n h\u1ed3i tr\u1ef1c quan ngay l\u1eadp t\u1ee9c trong qu\u00e1 tr\u00ecnh v\u1eadn h\u00e0nh, th\u00f4ng b\u00e1o cho ng\u01b0\u1eddi d\u00f9ng v\u1ec1 tr\u1ea1ng th\u00e1i giao d\u1ecbch m\u1ed9t c\u00e1ch hi\u1ec7u qu\u1ea3.<\/p>\n<h4>T\u00ednh di \u0111\u1ed9ng<\/h4>\n<p>Khung nh\u1eb9 khi\u1ebfn s\u1ea3n ph\u1ea9m tr\u1edf th\u00e0nh gi\u1ea3i ph\u00e1p l\u00fd t\u01b0\u1edfng cho c\u00e1c doanh nghi\u1ec7p di \u0111\u1ed9ng, t\u1eeb c\u1eeda h\u00e0ng b\u00e1n l\u1ebb \u0111\u1ebfn xe b\u00e1n th\u1ef1c ph\u1ea9m, cho ph\u00e9p tri\u1ec3n khai nhanh ch\u00f3ng \u1edf b\u1ea5t c\u1ee9 n\u01a1i n\u00e0o c\u1ea7n thi\u1ebft, do \u0111\u00f3 c\u00f3 hi\u1ec7u qu\u1ea3 cao cho c\u1ea3 l\u1eafp \u0111\u1eb7t t\u1ea1m th\u1eddi v\u00e0 c\u1ed1 \u0111\u1ecbnh.<\/p>\n<h3>6.\u00a0<strong>Kh\u1ea3 n\u0103ng t\u01b0\u01a1ng th\u00edch c\u1ee7a h\u1ec7 sinh th\u00e1i<\/strong><\/h3>\n<p>\u0110\u1ea7u \u0111\u1ecdc NFC t\u01b0\u01a1ng th\u00edch v\u1edbi nhi\u1ec1u h\u1ec7 \u0111i\u1ec1u h\u00e0nh kh\u00e1c nhau nh\u01b0 Windows, Linux v\u00e0 Android, cho ph\u00e9p \u1ee9ng d\u1ee5ng r\u1ed9ng r\u00e3i trong nhi\u1ec1u m\u00f4i tr\u01b0\u1eddng kh\u00e1c nhau.<\/p>\n<h4>T\u00edch h\u1ee3p d\u1ec5 d\u00e0ng v\u1edbi c\u00e1c h\u1ec7 th\u1ed1ng \u0111\u00e3 \u0111\u01b0\u1ee3c thi\u1ebft l\u1eadp<\/h4>\n<p>N\u00e2ng cao h\u1ec7 th\u1ed1ng POS hi\u1ec7n t\u1ea1i c\u1ee7a b\u1ea1n b\u1eb1ng c\u00e1ch s\u1eed d\u1ee5ng \u0110\u1ea7u \u0111\u1ecdc NFC \u0111\u1ed3ng th\u1eddi t\u1eadn d\u1ee5ng kh\u1ea3 n\u0103ng t\u01b0\u01a1ng th\u00edch v\u1edbi c\u00e1c c\u1eeda h\u00e0ng \u1ee9ng d\u1ee5ng ph\u1ed5 bi\u1ebfn \u0111\u1ec3 t\u1ea3i xu\u1ed1ng c\u00e1c \u1ee9ng d\u1ee5ng ph\u00f9 h\u1ee3p v\u1edbi nhu c\u1ea7u kinh doanh c\u1ee7a b\u1ea1n.<\/p>\n<\/div>\n<table width=\"559\">\n<tbody>\n<tr>\n<td colspan=\"2\" width=\"559\">T\u00ednh ch\u1ea5t v\u1eadt l\u00fd<\/td>\n<\/tr>\n<tr>\n<td width=\"214\">K\u00edch th\u01b0\u1edbc (mm)<\/td>\n<td width=\"345\">98,0 mm (L) x 65,0 mm (W) x 12,8 mm (H)<\/td>\n<\/tr>\n<tr>\n<td width=\"214\">Tr\u1ecdng l\u01b0\u1ee3ng (g)<\/td>\n<td width=\"345\">81g<\/td>\n<\/tr>\n<tr>\n<td colspan=\"2\" width=\"559\">Giao di\u1ec7n USB<\/td>\n<\/tr>\n<tr>\n<td width=\"214\">Giao th\u1ee9c<\/td>\n<td width=\"345\">USB CID<\/td>\n<\/tr>\n<tr>\n<td width=\"214\">lo\u1ea1i tr\u00ecnh k\u1ebft n\u1ed1i<\/td>\n<td width=\"345\">USB Lo\u1ea1i A (ACR1252U-MW)<\/td>\n<\/tr>\n<tr>\n<td width=\"214\">Ngu\u1ed3n n\u0103ng l\u01b0\u1ee3ng<\/td>\n<td width=\"345\">T\u1eeb c\u1ed5ng USB<\/td>\n<\/tr>\n<tr>\n<td width=\"214\">T\u1ed1c \u0111\u1ed9<\/td>\n<td width=\"345\">T\u1ed1c \u0111\u1ed9 t\u1ed1i \u0111a USB (12 Mb\/gi\u00e2y)<\/td>\n<\/tr>\n<tr>\n<td width=\"214\">Chi\u1ec1u d\u00e0i c\u00e1p<\/td>\n<td width=\"345\">1,0 m, kh\u00f4ng th\u1ec3 th\u00e1o r\u1eddi<\/td>\n<\/tr>\n<tr>\n<td colspan=\"2\" width=\"559\">Giao di\u1ec7n th\u1ebb th\u00f4ng minh kh\u00f4ng ti\u1ebfp x\u00fac<\/td>\n<\/tr>\n<tr>\n<td width=\"214\">Ti\u00eau chu\u1ea9n<\/td>\n<td width=\"345\">ISO\/IEC 18092 NFC, ISO 14443 Lo\u1ea1i A &amp; B, MIFARE\u00ae, FeliCa<\/td>\n<\/tr>\n<tr>\n<td rowspan=\"4\" width=\"214\">Giao th\u1ee9c<\/td>\n<td width=\"345\">Th\u1ebb tu\u00e2n th\u1ee7 ISO 14443-4, T=CL<\/td>\n<\/tr>\n<tr>\n<td width=\"345\">Th\u1ebb MIFARE\u00ae C\u1ed5 \u0111i\u1ec3n, T=CL<\/td>\n<\/tr>\n<tr>\n<td width=\"345\">ISO18092, Th\u1ebb NFC<\/td>\n<\/tr>\n<tr>\n<td width=\"345\">FeliCa<\/td>\n<\/tr>\n<tr>\n<td colspan=\"2\" width=\"559\">Thi\u1ebft b\u1ecb ngo\u1ea1i vi t\u00edch h\u1ee3p<\/td>\n<\/tr>\n<tr>\n<td width=\"214\">D\u1eaaN \u0110\u1ebeN<\/td>\n<td width=\"345\">1 hai m\u00e0u: \u0110\u1ecf v\u00e0 Xanh<\/td>\n<\/tr>\n<tr>\n<td width=\"214\">C\u00f2i<\/td>\n<td width=\"345\">Gi\u1ecdng b\u1eb1ng b\u1eb1ng<\/td>\n<\/tr>\n<tr>\n<td colspan=\"2\" width=\"559\">C\u00e1c t\u00ednh n\u0103ng kh\u00e1c<\/td>\n<\/tr>\n<tr>\n<td width=\"214\">N\u00e2ng c\u1ea5p ch\u01b0\u01a1ng tr\u00ecnh c\u01a1 s\u1edf<\/td>\n<td width=\"345\">\u0110\u01b0\u1ee3c h\u1ed7 tr\u1ee3<\/td>\n<\/tr>\n<tr>\n<td colspan=\"2\" width=\"559\">Ch\u1ee9ng nh\u1eadn\/Tu\u00e2n th\u1ee7<\/td>\n<\/tr>\n<tr>\n<td rowspan=\"4\" width=\"214\">Ch\u1ee9ng nh\u1eadn\/Tu\u00e2n th\u1ee7<\/td>\n<td width=\"345\">Ch\u1ee9ng nh\u1eadn:<\/td>\n<\/tr>\n<tr>\n<td width=\"345\">Apple VAS, Google Smart Tap, D\u1ea5u ch\u1ee9ng nh\u1eadn c\u1ee7a Di\u1ec5n \u0111\u00e0n NFC, IEC\/EN 62368, CE, FCC, UKCA, J-LIS, VCCI, TELEC, KC, BIS, RoHS, REACH, WEEE<\/td>\n<\/tr>\n<tr>\n<td width=\"345\">Tu\u00e2n th\u1ee7:<\/td>\n<\/tr>\n<tr>\n<td width=\"345\">USB CCID, PC\/SC<\/td>\n<\/tr>\n<tr>\n<td colspan=\"2\" width=\"559\">H\u1ed7 tr\u1ee3 h\u1ec7 \u0111i\u1ec1u h\u00e0nh tr\u00ecnh \u0111i\u1ec1u khi\u1ec3n thi\u1ebft b\u1ecb<\/td>\n<\/tr>\n<tr>\n<td width=\"214\">H\u1ed7 tr\u1ee3 h\u1ec7 \u0111i\u1ec1u h\u00e0nh tr\u00ecnh \u0111i\u1ec1u khi\u1ec3n thi\u1ebft b\u1ecb<\/td>\n<td width=\"345\">Windows\u00ae, Linux\u00ae, macOS (\u0110ang ph\u00e1t tri\u1ec3n), Android\u2122 (\u0110ang ph\u00e1t tri\u1ec3n)<\/td>\n<\/tr>\n<\/tbody>\n<\/table>\n<h2>\u0110\u00e1nh gi\u00e1 c\u1ee7a kh\u00e1ch h\u00e0ng<\/h2>\n<blockquote><p>\u201c\u0110\u1ea7u \u0111\u1ecdc NFC \u0111\u00e3 thay \u0111\u1ed5i c\u00e1ch ch\u00fang t\u00f4i x\u1eed l\u00fd thanh to\u00e1n. N\u00f3 nhanh ch\u00f3ng, an to\u00e0n v\u00e0 c\u1ef1c k\u1ef3 d\u1ec5 t\u00edch h\u1ee3p v\u1edbi c\u00e1c h\u1ec7 th\u1ed1ng hi\u1ec7n c\u00f3 c\u1ee7a ch\u00fang t\u00f4i!\u201d \u2013\u00a0<strong>James T.<\/strong>, Qu\u1ea3n l\u00fd b\u00e1n l\u1ebb<\/p><\/blockquote>\n<blockquote><p>\u201cT\u00f4i th\u00edch t\u00ednh di \u0111\u1ed9ng c\u1ee7a \u0111\u1ea7u \u0111\u1ecdc NFC n\u00e0y! N\u00f3 ho\u00e0n h\u1ea3o cho doanh nghi\u1ec7p xe b\u00e1n \u0111\u1ed3 \u0103n c\u1ee7a t\u00f4i.\u201d \u2013\u00a0<strong>Sandra W.<\/strong>, Ch\u1ee7 doanh nghi\u1ec7p nh\u1ecf<\/p><\/blockquote>\n<h2>Nh\u1eefng c\u00e2u h\u1ecfi th\u01b0\u1eddng g\u1eb7p (FAQ)<\/h2>\n<p><strong>1. \u0110\u1ea7u \u0111\u1ecdc NFC c\u00f3 th\u1ec3 \u0111\u1ecdc \u0111\u01b0\u1ee3c nh\u1eefng lo\u1ea1i th\u1ebb n\u00e0o?<\/strong><br \/>\n\u0110\u1ea7u \u0111\u1ecdc NFC h\u1ed7 tr\u1ee3 th\u1ebb ISO 14443 lo\u1ea1i A v\u00e0 B, MIFARE\u00ae, FeliCa v\u00e0 t\u1ea5t c\u1ea3 c\u00e1c th\u1ebb NFC tu\u00e2n th\u1ee7 ti\u00eau chu\u1ea9n ISO\/IEC 18092.<\/p>\n<p><strong>2. \u0110\u1ea7u \u0111\u1ecdc NFC c\u00f3 t\u01b0\u01a1ng th\u00edch v\u1edbi \u0111i\u1ec7n tho\u1ea1i th\u00f4ng minh kh\u00f4ng?<\/strong><br \/>\nC\u00f3, b\u1ea1n c\u00f3 th\u1ec3 d\u1ec5 d\u00e0ng k\u1ebft n\u1ed1i \u0110\u1ea7u \u0111\u1ecdc NFC v\u1edbi h\u1ea7u h\u1ebft c\u00e1c \u0111i\u1ec7n tho\u1ea1i th\u00f4ng minh qua USB \u0111\u1ec3 th\u1ef1c hi\u1ec7n giao d\u1ecbch nhanh ch\u00f3ng v\u00e0 chia s\u1ebb d\u1eef li\u1ec7u.<\/p>\n<p><strong>3. T\u00f4i c\u00f3 th\u1ec3 c\u1eadp nh\u1eadt ch\u01b0\u01a1ng tr\u00ecnh c\u01a1 s\u1edf kh\u00f4ng?<\/strong><br \/>\nC\u00f3, \u0110\u1ea7u \u0111\u1ecdc NFC h\u1ed7 tr\u1ee3 c\u1eadp nh\u1eadt ch\u01b0\u01a1ng tr\u00ecnh c\u01a1 s\u1edf USB, \u0111\u1ea3m b\u1ea3o b\u1ea1n c\u00f3 c\u00e1c t\u00ednh n\u0103ng v\u00e0 n\u00e2ng c\u1ea5p b\u1ea3o m\u1eadt m\u1edbi nh\u1ea5t.<\/p>\n<p><strong>4. T\u00f4i c\u00f3 th\u1ec3 \u0111\u1ecdc th\u1ebb NFC \u1edf kho\u1ea3ng c\u00e1ch bao xa?<\/strong><br \/>\n\u0110\u1ea7u \u0111\u1ecdc NFC c\u00f3 kho\u1ea3ng c\u00e1ch \u0111\u1ecdc l\u00ean t\u1edbi 50 mm, t\u00f9y thu\u1ed9c v\u00e0o lo\u1ea1i th\u1ebb v\u00e0 kh\u1ea3 n\u0103ng c\u1ee5 th\u1ec3 c\u1ee7a th\u1ebb.<\/p>\n<hr \/>\n<p>B\u1eb1ng c\u00e1ch ch\u1ecdn NFC Reader, b\u1ea1n kh\u00f4ng ch\u1ec9 \u0111\u1ea7u t\u01b0 v\u00e0o m\u1ed9t s\u1ea3n ph\u1ea9m; b\u1ea1n \u0111ang \u00e1p d\u1ee5ng m\u1ed9t c\u00e1ch th\u00f4ng minh h\u01a1n \u0111\u1ec3 giao d\u1ecbch. Cho d\u00f9 b\u1ea1n \u0111ang t\u00edch h\u1ee3p n\u00f3 cho m\u1ee5c \u0111\u00edch s\u1eed d\u1ee5ng c\u00e1 nh\u00e2n hay cho doanh nghi\u1ec7p, hi\u1ec7u qu\u1ea3, kh\u1ea3 n\u0103ng t\u01b0\u01a1ng th\u00edch v\u00e0 b\u1ea3o m\u1eadt c\u1ee7a thi\u1ebft b\u1ecb n\u00e0y khi\u1ebfn n\u00f3 th\u1ef1c s\u1ef1 kh\u00f4ng th\u1ec3 thi\u1ebfu. Tr\u1ea3i nghi\u1ec7m th\u1ebf h\u1ec7 thanh to\u00e1n kh\u00f4ng ti\u1ebfp x\u00fac ti\u1ebfp theo v\u00e0 kh\u00e1m ph\u00e1 s\u1ef1 kh\u00e1c bi\u1ec7t m\u00e0 n\u00f3 c\u00f3 th\u1ec3 t\u1ea1o ra trong c\u00e1c giao d\u1ecbch c\u1ee7a b\u1ea1n ngay h\u00f4m nay!<\/p>","protected":false},"excerpt":{"rendered":"<div>\u0110\u1ea7u \u0111\u1ecdc NFC h\u1ed7 tr\u1ee3 Apple Pay v\u00e0 Google VAS, \u0111\u01b0\u1ee3c VAS x\u00e1c nh\u1eadn<strong>\u00a0Apple v\u00e0 Google VAS (D\u1ecbch v\u1ee5 gi\u00e1 tr\u1ecb gia t\u0103ng) <\/strong> giao th\u1ee9c c\u1ee7a nh\u1eefng g\u00e3 kh\u1ed5ng l\u1ed3 trong ng\u00e0nh Apple v\u00e0 Google, thi\u1ebft b\u1ecb n\u00e0y m\u1edf \u0111\u01b0\u1eddng cho s\u1ef1 t\u01b0\u01a1ng t\u00e1c kh\u00f4ng c\u1ea7n th\u1ebb mang t\u00ednh c\u00e1ch m\u1ea1ng b\u1eb1ng c\u00e1ch x\u00e1c nh\u1eadn m\u1ed9t lo\u1ea1t th\u1ebb k\u1ef9 thu\u1eadt s\u1ed1, bao g\u1ed3m nh\u01b0ng kh\u00f4ng gi\u1edbi h\u1ea1n \u1edf c\u00e1c ch\u01b0\u01a1ng tr\u00ecnh kh\u00e1ch h\u00e0ng th\u00e2n thi\u1ebft, v\u00e9 truy c\u1eadp v\u00e0 th\u00f4ng tin nh\u1eadn d\u1ea1ng cho c\u00e1c c\u00e1 nh\u00e2n trong m\u00f4i tr\u01b0\u1eddng c\u00f4ng ty ho\u1eb7c gi\u00e1o d\u1ee5c tr\u00ean iOS v\u00e0 c\u00e1c thi\u1ebft b\u1ecb Android.<\/div>\n<div><\/div>","protected":false},"featured_media":2731,"template":"","meta":[],"product_brand":[],"product_cat":[45,40],"product_tag":[],"class_list":{"0":"post-2732","1":"product","2":"type-product","3":"status-publish","4":"has-post-thumbnail","6":"product_cat-contactless-nfc-reader","7":"product_cat-rfid-nfc-reader","9":"first","10":"instock","11":"shipping-taxable","12":"product-type-simple"},"_links":{"self":[{"href":"https:\/\/nfc-readers.com\/vi\/wp-json\/wp\/v2\/product\/2732","targetHints":{"allow":["GET"]}}],"collection":[{"href":"https:\/\/nfc-readers.com\/vi\/wp-json\/wp\/v2\/product"}],"about":[{"href":"https:\/\/nfc-readers.com\/vi\/wp-json\/wp\/v2\/types\/product"}],"wp:featuredmedia":[{"embeddable":true,"href":"https:\/\/nfc-readers.com\/vi\/wp-json\/wp\/v2\/media\/2731"}],"wp:attachment":[{"href":"https:\/\/nfc-readers.com\/vi\/wp-json\/wp\/v2\/media?parent=2732"}],"wp:term":[{"taxonomy":"product_brand","embeddable":true,"href":"https:\/\/nfc-readers.com\/vi\/wp-json\/wp\/v2\/product_brand?post=2732"},{"taxonomy":"product_cat","embeddable":true,"href":"https:\/\/nfc-readers.com\/vi\/wp-json\/wp\/v2\/product_cat?post=2732"},{"taxonomy":"product_tag","embeddable":true,"href":"https:\/\/nfc-readers.com\/vi\/wp-json\/wp\/v2\/product_tag?post=2732"}],"curies":[{"name":"wp","href":"https:\/\/api.w.org\/{rel}","templated":true}]}}