{"id":2744,"date":"2024-06-11T02:10:05","date_gmt":"2024-06-11T02:10:05","guid":{"rendered":"https:\/\/nfc-readers.com\/?post_type=product&#038;p=2744"},"modified":"2024-09-23T08:58:36","modified_gmt":"2024-09-23T08:58:36","slug":"acr123s-rs232-nfc-lcd-contactless-reader-writer","status":"publish","type":"product","link":"https:\/\/nfc-readers.com\/vi\/ic-reader\/acr123s-rs232-nfc-lcd-contactless-reader-writer\/","title":{"rendered":"ACR123S RS232 NFC LCD \u0110\u1ea7u \u0111\u1ecdc kh\u00f4ng ti\u1ebfp x\u00fac"},"content":{"rendered":"<h1>ACR123S RS232 NFC LCD \u0110\u1ea7u \u0111\u1ecdc kh\u00f4ng ti\u1ebfp x\u00fac<\/h1>\n<div><\/div>\n<div class=\"auto-hide-last-sibling-br paragraph_1252f paragraph-element\">S\u1ef1 ph\u00e1t tri\u1ec3n c\u1ee7a c\u00f4ng ngh\u1ec7 kh\u00f4ng ti\u1ebfp x\u00fac \u0111ang \u0111\u1ecbnh h\u00ecnh l\u1ea1i h\u00e0nh vi mua h\u00e0ng c\u1ee7a ng\u01b0\u1eddi ti\u00eau d\u00f9ng tr\u00ean to\u00e0n c\u1ea7u, l\u00e0m t\u0103ng nhu c\u1ea7u v\u1ec1 m\u1ed9t gi\u1ea3i ph\u00e1p v\u1eefng ch\u1eafc c\u00f3 th\u1ec3 h\u1ed7 tr\u1ee3 c\u00e1c \u1ee9ng d\u1ee5ng thanh to\u00e1n kh\u00f4ng ti\u1ebfp x\u00fac. ACR123S \u0111\u00e3 \u0111\u01b0\u1ee3c ph\u00e1t tri\u1ec3n \u0111\u1eb7c bi\u1ec7t \u0111\u1ec3 \u0111\u00e1p \u1ee9ng nhu c\u1ea7u ng\u00e0y c\u00e0ng t\u0103ng n\u00e0y.<\/div>\n<div class=\"auto-hide-last-sibling-br paragraph_1252f paragraph-element\">\u0110\u1ea7u \u0111\u1ecdc kh\u00f4ng ti\u1ebfp x\u00fac th\u00f4ng minh ACR123S l\u00e0 \u0111\u1ea7u \u0111\u1ecdc kh\u00f4ng ti\u1ebfp x\u00fac th\u00f4ng minh, linh ho\u1ea1t v\u00e0 ti\u1ebft ki\u1ec7m, c\u00f3 th\u1ec3 t\u00edch h\u1ee3p d\u1ec5 d\u00e0ng v\u00e0o c\u00e1c h\u1ec7 th\u1ed1ng POS (\u0110i\u1ec3m b\u00e1n h\u00e0ng) ho\u1eb7c m\u00e1y t\u00ednh ti\u1ec1n hi\u1ec7n c\u00f3, do \u0111\u00f3 mang l\u1ea1i nh\u1eefng l\u1ee3i th\u1ebf c\u1ee7a h\u1ec7 th\u1ed1ng thanh to\u00e1n kh\u00f4ng d\u00f9ng ti\u1ec1n m\u1eb7t. \u0110\u01b0\u1ee3c x\u00e2y d\u1ef1ng tr\u00ean c\u00f4ng ngh\u1ec7 kh\u00f4ng ti\u1ebfp x\u00fac (RFID) 13,56 MHz, n\u00f3 t\u01b0\u01a1ng th\u00edch v\u1edbi m\u1ecdi th\u1ebb kh\u00f4ng ti\u1ebfp x\u00fac tu\u00e2n theo ti\u00eau chu\u1ea9n ISO 14443-4.<\/div>\n<div>\n<ul>\n<li>\n<h2>Giao di\u1ec7n RS232 n\u1ed1i ti\u1ebfp v\u1edbi \u0111\u1ea7u n\u1ed1i RJ45<\/h2>\n<\/li>\n<li>\n<h2>Giao di\u1ec7n USB \u0111\u1ec3 cung c\u1ea5p \u0111i\u1ec7n<\/h2>\n<\/li>\n<li>\n<h2>B\u1ed9 x\u1eed l\u00fd ARM 32-bit CortexTM-M3<\/h2>\n<\/li>\n<li>\n<h2>\u0110\u1ea7u \u0111\u1ecdc th\u1ebb th\u00f4ng minh:<\/h2>\n<ul>\n<li>\n<h3>T\u1ed1c \u0111\u1ed9 \u0111\u1ecdc\/ghi l\u00ean t\u1edbi 848 kbps<\/h3>\n<\/li>\n<li>\n<h3>\u0102ng-ten t\u00edch h\u1ee3p \u0111\u1ec3 truy c\u1eadp th\u1ebb kh\u00f4ng ti\u1ebfp x\u00fac, v\u1edbi kho\u1ea3ng c\u00e1ch \u0111\u1ecdc th\u1ebb l\u00ean t\u1edbi 50 mm (t\u00f9y thu\u1ed9c v\u00e0o lo\u1ea1i th\u1ebb)<\/h3>\n<\/li>\n<li>\n<h3>H\u1ed7 tr\u1ee3 th\u1ebb ISO 14443 Ph\u1ea7n 4 Lo\u1ea1i A v\u00e0 B v\u00e0 d\u00f2ng MIFARE<\/h3>\n<\/li>\n<li>\n<h3>T\u00edch h\u1ee3p t\u00ednh n\u0103ng ch\u1ed1ng va ch\u1ea1m<\/h3>\n<\/li>\n<li>\n<h3>Ba khe c\u1eafm SAM tu\u00e2n th\u1ee7 ISO 7816<\/h3>\n<\/li>\n<\/ul>\n<\/li>\n<li>\n<h2>Thi\u1ebft b\u1ecb ngo\u1ea1i vi t\u00edch h\u1ee3p:<\/h2>\n<ul>\n<li>\n<h3>16 k\u00fd t\u1ef1 ch\u1eef v\u00e0 s\u1ed1 x 8 d\u00f2ng M\u00e0n h\u00ecnh LCD \u0111\u1ed3 h\u1ecda (128 x 64 pixel)<\/h3>\n<\/li>\n<li>\n<h3>B\u1ed1n \u0111\u00e8n LED do ng\u01b0\u1eddi d\u00f9ng \u0111i\u1ec1u khi\u1ec3n (Xanh lam, V\u00e0ng, Xanh l\u1ee5c v\u00e0 \u0110\u1ecf)<\/h3>\n<\/li>\n<li>\n<h3>\u0110\u00e8n n\u1ec1n v\u00f9ng khai th\u00e1c do ng\u01b0\u1eddi d\u00f9ng \u0111i\u1ec1u khi\u1ec3n (\u0110\u1ecf, Xanh l\u1ee5c v\u00e0 Xanh lam)<\/h3>\n<\/li>\n<li>\n<h3>Loa do ng\u01b0\u1eddi d\u00f9ng \u0111i\u1ec1u khi\u1ec3n (Ch\u1ec9 b\u00e1o \u00e2m thanh)<\/h3>\n<\/li>\n<\/ul>\n<\/li>\n<\/ul>\n<table width=\"514\">\n<tbody>\n<tr>\n<td colspan=\"2\" width=\"514\">T\u00ednh ch\u1ea5t v\u1eadt l\u00fd<\/td>\n<\/tr>\n<tr>\n<td rowspan=\"2\" width=\"233\">K\u00edch th\u01b0\u1edbc (mm)<\/td>\n<td width=\"281\">Th\u00e2n ch\u00ednh: 159,0 mm (L) x 100,0 mm (W) x 21,0 mm (H)<\/td>\n<\/tr>\n<tr>\n<td width=\"281\">C\u00f3 ch\u00e2n \u0111\u1ebf: 177,4 mm (L) x 100,0 mm (W) x 94,5 mm (H)<\/td>\n<\/tr>\n<tr>\n<td rowspan=\"2\" width=\"233\">Tr\u1ecdng l\u01b0\u1ee3ng (g)<\/td>\n<td width=\"281\">Th\u00e2n ch\u00ednh: 281 g<\/td>\n<\/tr>\n<tr>\n<td width=\"281\">C\u00f3 ch\u00e2n \u0111\u1ebf: 506 g<\/td>\n<\/tr>\n<tr>\n<td colspan=\"2\" width=\"514\">Giao di\u1ec7n n\u1ed1i ti\u1ebfp<\/td>\n<\/tr>\n<tr>\n<td width=\"233\">Giao th\u1ee9c<\/td>\n<td width=\"281\">RS-232<\/td>\n<\/tr>\n<tr>\n<td width=\"233\">lo\u1ea1i tr\u00ecnh k\u1ebft n\u1ed1i<\/td>\n<td width=\"281\">\u0110\u1ea7u n\u1ed1i RJ45<\/td>\n<\/tr>\n<tr>\n<td width=\"233\">Ngu\u1ed3n n\u0103ng l\u01b0\u1ee3ng<\/td>\n<td width=\"281\">T\u1eeb c\u1ed5ng USB<\/td>\n<\/tr>\n<tr>\n<td width=\"233\">Chi\u1ec1u d\u00e0i c\u00e1p<\/td>\n<td width=\"281\">1,5 m, \u0110\u00e3 s\u1eeda (RJ45 + USB)<\/td>\n<\/tr>\n<tr>\n<td colspan=\"2\" width=\"514\">Giao di\u1ec7n th\u1ebb th\u00f4ng minh kh\u00f4ng ti\u1ebfp x\u00fac<\/td>\n<\/tr>\n<tr>\n<td width=\"233\">Ti\u00eau chu\u1ea9n<\/td>\n<td width=\"281\">ISO 14443 A &amp; B Ph\u1ea7n 1-4<\/td>\n<\/tr>\n<tr>\n<td rowspan=\"2\" width=\"233\">Giao th\u1ee9c<\/td>\n<td width=\"281\">Th\u1ebb tu\u00e2n th\u1ee7 ISO 14443-4, T=CL<\/td>\n<\/tr>\n<tr>\n<td width=\"281\">Th\u1ebb MIFARE\u00ae C\u1ed5 \u0111i\u1ec3n, T=CL<\/td>\n<\/tr>\n<tr>\n<td colspan=\"2\" width=\"514\">Giao di\u1ec7n th\u1ebb SAM<\/td>\n<\/tr>\n<tr>\n<td width=\"233\">S\u1ed1 l\u01b0\u1ee3ng khe<\/td>\n<td width=\"281\">3 khe c\u1eafm th\u1ebb SIM ti\u00eau chu\u1ea9n<\/td>\n<\/tr>\n<tr>\n<td width=\"233\">Ti\u00eau chu\u1ea9n<\/td>\n<td width=\"281\">ISO 7816 Lo\u1ea1i A, B, C (5V, 3V, 1.8V)<\/td>\n<\/tr>\n<tr>\n<td width=\"233\">Giao th\u1ee9c<\/td>\n<td width=\"281\">T=0; T=1<\/td>\n<\/tr>\n<tr>\n<td colspan=\"2\" width=\"514\">Thi\u1ebft b\u1ecb ngo\u1ea1i vi t\u00edch h\u1ee3p<\/td>\n<\/tr>\n<tr>\n<td rowspan=\"3\" width=\"233\">LCD<\/td>\n<td width=\"281\">LCD \u0111\u1ed3 h\u1ecda c\u00f3 \u0111\u00e8n n\u1ec1n tr\u1eafng<\/td>\n<\/tr>\n<tr>\n<td width=\"281\">\u0110\u1ed9 ph\u00e2n gi\u1ea3i: 128 x 64 pixel<\/td>\n<\/tr>\n<tr>\n<td width=\"281\">S\u1ed1 k\u00fd t\u1ef1: 16 k\u00fd t\u1ef1 x 8 d\u00f2ng<\/td>\n<\/tr>\n<tr>\n<td width=\"233\">D\u1eaaN \u0110\u1ebeN<\/td>\n<td width=\"281\">4 m\u00e0u \u0111\u01a1n: Xanh lam, V\u00e0ng, Xanh l\u1ee5c v\u00e0 \u0110\u1ecf<\/td>\n<\/tr>\n<tr>\n<td width=\"233\">Khu v\u1ef1c khai th\u00e1c<\/td>\n<td width=\"281\">\u0110\u00e8n n\u1ec1n ba m\u00e0u: \u0110\u1ecf, Xanh l\u1ee5c v\u00e0 Xanh lam<\/td>\n<\/tr>\n<tr>\n<td width=\"233\">Loa<\/td>\n<td width=\"281\">Ch\u1ec9 b\u00e1o \u00e2m thanh<\/td>\n<\/tr>\n<tr>\n<td colspan=\"2\" width=\"514\">C\u00e1c t\u00ednh n\u0103ng kh\u00e1c<\/td>\n<\/tr>\n<tr>\n<td width=\"233\">B\u1ea3o v\u1ec7<\/td>\n<td width=\"281\">Tamper Switch (Ph\u00e1t hi\u1ec7n v\u00e0 b\u1ea3o v\u1ec7 ch\u1ed1ng x\u00e2m nh\u1eadp n\u1ed9i b\u1ed9)<\/td>\n<\/tr>\n<tr>\n<td width=\"233\">N\u00e2ng c\u1ea5p ch\u01b0\u01a1ng tr\u00ecnh c\u01a1 s\u1edf<\/td>\n<td width=\"281\">\u0110\u01b0\u1ee3c h\u1ed7 tr\u1ee3<\/td>\n<\/tr>\n<tr>\n<td width=\"233\">\u0110\u1ed3ng h\u1ed3 th\u1eddi gian th\u1ef1c<\/td>\n<td width=\"281\">\u0110\u01b0\u1ee3c h\u1ed7 tr\u1ee3<\/td>\n<\/tr>\n<tr>\n<td colspan=\"2\" width=\"514\">Ch\u1ee9ng nh\u1eadn\/Tu\u00e2n th\u1ee7<\/td>\n<\/tr>\n<tr>\n<td rowspan=\"8\" width=\"233\">Ch\u1ee9ng nh\u1eadn\/Tu\u00e2n th\u1ee7<\/td>\n<td width=\"281\">ISO 14443<\/td>\n<\/tr>\n<tr>\n<td width=\"281\">ISO 7816 (Khe c\u1eafm SAM)<\/td>\n<\/tr>\n<tr>\n<td width=\"281\">VCCI (Nh\u1eadt B\u1ea3n)<\/td>\n<\/tr>\n<tr>\n<td width=\"281\">KC (H\u00e0n Qu\u1ed1c)<\/td>\n<\/tr>\n<tr>\n<td width=\"281\">CN<\/td>\n<\/tr>\n<tr>\n<td width=\"281\">FCC<\/td>\n<\/tr>\n<tr>\n<td width=\"281\">RoHS 2<\/td>\n<\/tr>\n<tr>\n<td width=\"281\">V\u1edaI T\u1edaI<\/td>\n<\/tr>\n<tr>\n<td colspan=\"2\" width=\"514\">H\u1ed7 tr\u1ee3 h\u1ec7 \u0111i\u1ec1u h\u00e0nh tr\u00ecnh \u0111i\u1ec1u khi\u1ec3n thi\u1ebft b\u1ecb<\/td>\n<\/tr>\n<tr>\n<td rowspan=\"3\" width=\"233\">H\u1ed7 tr\u1ee3 h\u1ec7 \u0111i\u1ec1u h\u00e0nh tr\u00ecnh \u0111i\u1ec1u khi\u1ec3n thi\u1ebft b\u1ecb<\/td>\n<td width=\"281\">Windows\u00ae CE<\/td>\n<\/tr>\n<tr>\n<td width=\"281\">Windows\u00ae<\/td>\n<\/tr>\n<tr>\n<td width=\"281\">Linux\u00ae<\/td>\n<\/tr>\n<\/tbody>\n<\/table>\n<\/div>","protected":false},"excerpt":{"rendered":"<div class=\"auto-hide-last-sibling-br paragraph_1252f paragraph-element\">ACR123S l\u00e0 \u0111\u1ea7u \u0111\u1ecdc RFID USB 13,56 mhz LCD c\u1ea3i ti\u1ebfn gi\u00fap n\u00e2ng cao h\u1ec7 th\u1ed1ng POS v\u1edbi kh\u1ea3 n\u0103ng thanh to\u00e1n kh\u00f4ng ti\u1ebfp x\u00fac li\u1ec1n m\u1ea1ch \u0111\u1ec3 mang l\u1ea1i tr\u1ea3i nghi\u1ec7m thanh to\u00e1n m\u01b0\u1ee3t m\u00e0 h\u01a1n.<\/div>","protected":false},"featured_media":2745,"template":"","meta":[],"product_brand":[],"product_cat":[45],"product_tag":[],"class_list":{"0":"post-2744","1":"product","2":"type-product","3":"status-publish","4":"has-post-thumbnail","6":"product_cat-contactless-nfc-reader","8":"first","9":"instock","10":"shipping-taxable","11":"product-type-simple"},"_links":{"self":[{"href":"https:\/\/nfc-readers.com\/vi\/wp-json\/wp\/v2\/product\/2744","targetHints":{"allow":["GET"]}}],"collection":[{"href":"https:\/\/nfc-readers.com\/vi\/wp-json\/wp\/v2\/product"}],"about":[{"href":"https:\/\/nfc-readers.com\/vi\/wp-json\/wp\/v2\/types\/product"}],"wp:featuredmedia":[{"embeddable":true,"href":"https:\/\/nfc-readers.com\/vi\/wp-json\/wp\/v2\/media\/2745"}],"wp:attachment":[{"href":"https:\/\/nfc-readers.com\/vi\/wp-json\/wp\/v2\/media?parent=2744"}],"wp:term":[{"taxonomy":"product_brand","embeddable":true,"href":"https:\/\/nfc-readers.com\/vi\/wp-json\/wp\/v2\/product_brand?post=2744"},{"taxonomy":"product_cat","embeddable":true,"href":"https:\/\/nfc-readers.com\/vi\/wp-json\/wp\/v2\/product_cat?post=2744"},{"taxonomy":"product_tag","embeddable":true,"href":"https:\/\/nfc-readers.com\/vi\/wp-json\/wp\/v2\/product_tag?post=2744"}],"curies":[{"name":"wp","href":"https:\/\/api.w.org\/{rel}","templated":true}]}}