{"id":2752,"date":"2024-06-11T12:30:21","date_gmt":"2024-06-11T12:30:21","guid":{"rendered":"https:\/\/nfc-readers.com\/?post_type=product&#038;p=2752"},"modified":"2024-09-23T06:29:25","modified_gmt":"2024-09-23T06:29:25","slug":"acm1323u-hid-contactless-reader-writer","status":"publish","type":"product","link":"https:\/\/nfc-readers.com\/vi\/ic-reader\/acm1323u-hid-contactless-reader-writer\/","title":{"rendered":"ACM1323U HID \u0110\u1ea7u \u0111\u1ecdc kh\u00f4ng ti\u1ebfp x\u00fac"},"content":{"rendered":"<h1>ACM1323U HID \u0110\u1ea7u \u0111\u1ecdc kh\u00f4ng ti\u1ebfp x\u00fac<\/h1>\n<p>ACM1323 l\u00e0 m\u00f4-\u0111un \u0111\u1ea7u \u0111\u1ecdc th\u1ebb th\u00f4ng minh d\u1ef1a tr\u00ean c\u00f4ng ngh\u1ec7 kh\u00f4ng ti\u1ebfp x\u00fac 13,56 MHz. N\u00f3 s\u1eed d\u1ee5ng giao th\u1ee9c HID v\u00e0 kh\u00f4ng c\u00f3 tr\u00ecnh \u0111i\u1ec1u khi\u1ec3n n\u00e0o \u0111\u01b0\u1ee3c c\u00e0i \u0111\u1eb7t trong giao di\u1ec7n USB. N\u00f3 h\u1ed7 tr\u1ee3 \u0111\u1ecdc v\u00e0 ghi th\u1ebb th\u00f4ng minh Lo\u1ea1i A tu\u00e2n th\u1ee7 ISO144431 \u0111\u1ebfn Ph\u1ea7n 4, bao g\u1ed3m th\u1ebb CPU, MIFARE Classic, Mifare 1K\/4K, Mifare Plus v\u00e0 DESFire. ACM1323 l\u00e0 m\u1ed9t thi\u1ebft b\u1ecb c\u1eafm v\u00e0 ch\u1ea1y \u0111\u00edch th\u1ef1c, c\u00f3 th\u1ec3 s\u1eed d\u1ee5ng m\u00e0 kh\u00f4ng c\u1ea7n b\u1ea5t k\u1ef3 tr\u00ecnh \u0111i\u1ec1u khi\u1ec3n n\u00e0o v\u00e0 \u0111\u01b0\u1ee3c thi\u1ebft k\u1ebf \u0111\u1ec3 t\u00edch h\u1ee3p nhanh ch\u00f3ng v\u00e0o c\u00e1c h\u1ec7 th\u1ed1ng nh\u00fang, ph\u00f9 h\u1ee3p v\u1edbi nhi\u1ec1u t\u00ecnh hu\u1ed1ng \u1ee9ng d\u1ee5ng nh\u01b0 \u0111i\u1ec3m s\u1ea1c, m\u00e1y t\u00ednh b\u1ea3ng, m\u00e1y b\u00e1n h\u00e0ng t\u1ef1 \u0111\u1ed9ng, giao th\u00f4ng c\u00f4ng c\u1ed9ng, ki\u1ec3m so\u00e1t truy c\u1eadp m\u1ea1ng, tham d\u1ef1 v\u00e0 c\u00e1c h\u1ec7 th\u1ed1ng t\u00edch h\u1ee3p kh\u00e1c. N\u00f3 c\u0169ng h\u1ed7 tr\u1ee3 n\u00e2ng c\u1ea5p ch\u01b0\u01a1ng tr\u00ecnh c\u01a1 s\u1edf m\u00e0 kh\u00f4ng c\u1ea7n s\u1eeda \u0111\u1ed5i ph\u1ea7n c\u1ee9ng b\u1ed5 sung.<\/p>\n<table width=\"628\">\n<tbody>\n<tr>\n<td colspan=\"2\" width=\"628\">T\u00ednh ch\u1ea5t v\u1eadt l\u00fd<\/td>\n<\/tr>\n<tr>\n<td width=\"335\">K\u00edch th\u01b0\u1edbc (mm)<\/td>\n<td width=\"293\">73,5 x40,0 x 5,0<\/td>\n<\/tr>\n<tr>\n<td width=\"335\">Tr\u1ecdng l\u01b0\u1ee3ng (g)<\/td>\n<td width=\"293\">7.2<\/td>\n<\/tr>\n<tr>\n<td colspan=\"2\" width=\"628\">Giao di\u1ec7n USB<\/td>\n<\/tr>\n<tr>\n<td width=\"335\">Giao th\u1ee9c<\/td>\n<td width=\"293\">GI\u1ea4U<\/td>\n<\/tr>\n<tr>\n<td width=\"335\">lo\u1ea1i tr\u00ecnh k\u1ebft n\u1ed1i<\/td>\n<td width=\"293\">USB<\/td>\n<\/tr>\n<tr>\n<td width=\"335\">Ngu\u1ed3n n\u0103ng l\u01b0\u1ee3ng<\/td>\n<td width=\"293\">T\u1eeb c\u1ed5ng USB<\/td>\n<\/tr>\n<tr>\n<td width=\"335\">T\u1ed1c \u0111\u1ed9<\/td>\n<td width=\"293\">USB 2.0 T\u1ed1c \u0111\u1ed9 t\u1ed1i \u0111a (12 Mb\/gi\u00e2y) t\u01b0\u01a1ng th\u00edch v\u1edbi USB 3.0<\/td>\n<\/tr>\n<tr>\n<td width=\"335\">Chi\u1ec1u d\u00e0i c\u00e1p<\/td>\n<td width=\"293\">1m, c\u00f3 th\u1ec3 th\u00e1o r\u1eddi (Theo y\u00eau c\u1ea7u)<\/td>\n<\/tr>\n<tr>\n<td colspan=\"2\" width=\"628\">Giao di\u1ec7n th\u1ebb th\u00f4ng minh kh\u00f4ng ti\u1ebfp x\u00fac<\/td>\n<\/tr>\n<tr>\n<td width=\"335\">Ti\u00eau chu\u1ea9n<\/td>\n<td width=\"293\">ISO 14443 Th\u1ebb CPU lo\u1ea1i A MIFARE Classic, Mifare 1K\/4K, Mifare Plus v\u00e0 DESFire<\/td>\n<\/tr>\n<tr>\n<td rowspan=\"2\" width=\"335\">Giao th\u1ee9c<\/td>\n<td width=\"293\">Th\u1ebb tu\u00e2n th\u1ee7 ISO 14443-4, T=CL<\/td>\n<\/tr>\n<tr>\n<td width=\"293\">Th\u1ebb MIFARE\u00ae C\u1ed5 \u0111i\u1ec3n, T=CL<\/td>\n<\/tr>\n<tr>\n<td colspan=\"2\" width=\"628\">Thi\u1ebft b\u1ecb ngo\u1ea1i vi t\u00edch h\u1ee3p<\/td>\n<\/tr>\n<tr>\n<td width=\"335\">D\u1eaaN \u0110\u1ebeN<\/td>\n<td width=\"293\">1 hai m\u00e0u: Xanh d\u01b0\u01a1ng v\u00e0 Xanh l\u1ee5c<\/td>\n<\/tr>\n<tr>\n<td colspan=\"2\" width=\"628\">C\u00e1c t\u00ednh n\u0103ng kh\u00e1c<\/td>\n<\/tr>\n<tr>\n<td rowspan=\"3\" width=\"335\">C\u00e1c t\u00ednh n\u0103ng kh\u00e1c<\/td>\n<td width=\"293\">C\u00e1c lo\u1ea1i th\u1ebb \u0111\u01b0\u1ee3c h\u1ed7 tr\u1ee3:<\/td>\n<\/tr>\n<tr>\n<td width=\"293\">ISO 14443 Lo\u1ea1i A &amp; B Ph\u1ea7n 1-4,<\/td>\n<\/tr>\n<tr>\n<td width=\"293\">MIFARE Classic\u00ae, MIFARE DESFire\u00ae, MIFARE Ultralight\u00ae, MIFARE Plus\u00ae<\/td>\n<\/tr>\n<tr>\n<td width=\"335\">N\u00e2ng c\u1ea5p ch\u01b0\u01a1ng tr\u00ecnh c\u01a1 s\u1edf<\/td>\n<td width=\"293\">\u0110\u01b0\u1ee3c h\u1ed7 tr\u1ee3<\/td>\n<\/tr>\n<tr>\n<td colspan=\"2\" width=\"628\">Ch\u1ee9ng nh\u1eadn\/Tu\u00e2n th\u1ee7<\/td>\n<\/tr>\n<tr>\n<td rowspan=\"4\" width=\"335\">Ch\u1ee9ng nh\u1eadn\/Tu\u00e2n th\u1ee7<\/td>\n<td width=\"293\">Ch\u1ee9ng nh\u1eadn:<\/td>\n<\/tr>\n<tr>\n<td width=\"293\">IEC\/EN 62368, CE, UKCA, FCC, VCCI, RoHS, REACH, WEEE, Microsoft\u00ae WHQL<\/td>\n<\/tr>\n<tr>\n<td width=\"293\">\u00a0 S\u1ef1 tu\u00e2n th\u1ee7:<\/td>\n<\/tr>\n<tr>\n<td width=\"293\">gi\u1ea5u<\/td>\n<\/tr>\n<tr>\n<td colspan=\"2\" width=\"628\">H\u1ed7 tr\u1ee3 h\u1ec7 \u0111i\u1ec1u h\u00e0nh tr\u00ecnh \u0111i\u1ec1u khi\u1ec3n thi\u1ebft b\u1ecb<\/td>\n<\/tr>\n<tr>\n<td width=\"335\">H\u1ed7 tr\u1ee3 h\u1ec7 \u0111i\u1ec1u h\u00e0nh tr\u00ecnh \u0111i\u1ec1u khi\u1ec3n thi\u1ebft b\u1ecb<\/td>\n<td width=\"293\">Windows\u00ae, Linux\u00ae, macOS, Android\u2122<\/td>\n<\/tr>\n<\/tbody>\n<\/table>","protected":false},"excerpt":{"rendered":"<p>ACM1323U l\u00e0 \u0111\u1ea7u \u0111\u1ecdc th\u1ebb USB HID \u0111a n\u0103ng h\u1ed7 tr\u1ee3 nhi\u1ec1u lo\u1ea1i th\u1ebb Class A v\u00e0 t\u00edch h\u1ee3p li\u1ec1n m\u1ea1ch v\u00e0o c\u00e1c h\u1ec7 th\u1ed1ng nh\u00fang.<\/p>","protected":false},"featured_media":2753,"template":"","meta":[],"product_brand":[],"product_cat":[41],"product_tag":[],"class_list":{"0":"post-2752","1":"product","2":"type-product","3":"status-publish","4":"has-post-thumbnail","6":"product_cat-module-ic-reader","8":"first","9":"instock","10":"shipping-taxable","11":"product-type-simple"},"_links":{"self":[{"href":"https:\/\/nfc-readers.com\/vi\/wp-json\/wp\/v2\/product\/2752","targetHints":{"allow":["GET"]}}],"collection":[{"href":"https:\/\/nfc-readers.com\/vi\/wp-json\/wp\/v2\/product"}],"about":[{"href":"https:\/\/nfc-readers.com\/vi\/wp-json\/wp\/v2\/types\/product"}],"wp:featuredmedia":[{"embeddable":true,"href":"https:\/\/nfc-readers.com\/vi\/wp-json\/wp\/v2\/media\/2753"}],"wp:attachment":[{"href":"https:\/\/nfc-readers.com\/vi\/wp-json\/wp\/v2\/media?parent=2752"}],"wp:term":[{"taxonomy":"product_brand","embeddable":true,"href":"https:\/\/nfc-readers.com\/vi\/wp-json\/wp\/v2\/product_brand?post=2752"},{"taxonomy":"product_cat","embeddable":true,"href":"https:\/\/nfc-readers.com\/vi\/wp-json\/wp\/v2\/product_cat?post=2752"},{"taxonomy":"product_tag","embeddable":true,"href":"https:\/\/nfc-readers.com\/vi\/wp-json\/wp\/v2\/product_tag?post=2752"}],"curies":[{"name":"wp","href":"https:\/\/api.w.org\/{rel}","templated":true}]}}