{"id":2773,"date":"2024-06-11T14:17:35","date_gmt":"2024-06-11T14:17:35","guid":{"rendered":"https:\/\/nfc-readers.com\/?post_type=product&#038;p=2773"},"modified":"2024-09-23T06:15:02","modified_gmt":"2024-09-23T06:15:02","slug":"acr1555u-a1-bluetooth-nfc-usb-contactless-reader-writer","status":"publish","type":"product","link":"https:\/\/nfc-readers.com\/vi\/ic-reader\/acr1555u-a1-bluetooth-nfc-usb-contactless-reader-writer\/","title":{"rendered":"ACR1555U-A1 Bluetooth NFC USB \u0110\u1ea7u \u0111\u1ecdc kh\u00f4ng ti\u1ebfp x\u00fac"},"content":{"rendered":"<h1>ACR1555U-A1 Bluetooth NFC USB \u0110\u1ea7u \u0111\u1ecdc kh\u00f4ng ti\u1ebfp x\u00fac<\/h1>\n<div class=\"auto-hide-last-sibling-br paragraph_1252f paragraph-element\">\u0110\u1ea7u \u0111\u1ecdc Bluetooth\u00ae ACR1555U-A1 NFC tu\u00e2n th\u1ee7 c\u00e1c ti\u00eau chu\u1ea9n ISO 14443 Ph\u1ea7n 1-4 v\u00e0 ISO 18092, h\u1ed7 tr\u1ee3 nhi\u1ec1u lo\u1ea1i th\u1ebb kh\u00f4ng ti\u1ebfp x\u00fac, bao g\u1ed3m th\u1ebb MIFARE, th\u1ebb FeliCa\u2122, ISO 7816 Lo\u1ea1i A, B v\u00e0 C (5V, 3V v\u00e0 1.8V) th\u1ebb SAM v\u00e0 th\u1ebb NFC. \u0110\u1ea7u \u0111\u1ecdc h\u1ed7 tr\u1ee3 Bluetooth Standard 5.2 khi ho\u1ea1t \u0111\u1ed9ng \u1edf ch\u1ebf \u0111\u1ed9 \u0111\u01a1n v\u00e0 c\u0169ng l\u00e0 thi\u1ebft b\u1ecb USB Type-C, \u0111\u1ea3m b\u1ea3o kh\u1ea3 n\u0103ng t\u01b0\u01a1ng th\u00edch v\u1edbi nhi\u1ec1u h\u1ec7 \u0111i\u1ec1u h\u00e0nh kh\u00e1c nhau nh\u01b0 iOS, Android\u2122, Linux v\u00e0 Windows. V\u1ec1 ngu\u1ed3n \u0111i\u1ec7n, ACR1555U \u0111\u01b0\u1ee3c trang b\u1ecb pin 450mAh 3.7 Pin Li-ion V. N\u00f3 c\u00f3 3 \u0111\u00e8n LED v\u00e0 c\u00f2i \u0111\u1ec3 cho bi\u1ebft tr\u1ea1ng th\u00e1i ho\u1ea1t \u0111\u1ed9ng c\u1ee7a thi\u1ebft b\u1ecb, c\u00f9ng v\u1edbi 2 n\u00fat \u0111\u1ec3 ki\u1ec3m so\u00e1t pin, tr\u1ea1ng th\u00e1i thi\u1ebft b\u1ecb v\u00e0 tr\u1ea1ng th\u00e1i Bluetooth. \u0110i\u1ec1u n\u00e0y l\u00e0m cho ACR1555U tr\u1edf th\u00e0nh \u0111\u1ea7u \u0111\u1ecdc NFC Bluetooth\u00ae linh ho\u1ea1t v\u00e0 th\u00e2n thi\u1ec7n v\u1edbi ng\u01b0\u1eddi d\u00f9ng, ph\u00f9 h\u1ee3p v\u1edbi nhi\u1ec1u \u1ee9ng d\u1ee5ng.<\/div>\n<table width=\"641\">\n<tbody>\n<tr>\n<td colspan=\"2\" width=\"641\">T\u00ednh ch\u1ea5t v\u1eadt l\u00fd<\/td>\n<\/tr>\n<tr>\n<td width=\"210\">K\u00edch th\u01b0\u1edbc (mm)<\/td>\n<td width=\"431\">93 mm (L) x 58 mm (W) x 6,0 mm (H)<\/td>\n<\/tr>\n<tr>\n<td width=\"210\"><\/td>\n<td width=\"431\">94 mm (L) x 60,2 mm (W) x 9,0 mm (H) (c\u00f3 ng\u0103n \u0111\u1ef1ng th\u1ebb)<\/td>\n<\/tr>\n<tr>\n<td width=\"210\">Tr\u1ecdng l\u01b0\u1ee3ng (g)<\/td>\n<td width=\"431\">31,0 g (\u0111\u1ea7u \u0111\u1ecdc th\u1ebb)<\/td>\n<\/tr>\n<tr>\n<td width=\"210\"><\/td>\n<td width=\"431\">39,0 g (c\u00f3 ng\u0103n \u0111\u1ef1ng th\u1ebb)<\/td>\n<\/tr>\n<tr>\n<td colspan=\"2\" width=\"641\">Giao di\u1ec7n Bluetooth<\/td>\n<\/tr>\n<tr>\n<td width=\"210\">Giao th\u1ee9c<\/td>\n<td width=\"431\">Bluetooth\u00ae(Bluetooth 5.2)<\/td>\n<\/tr>\n<tr>\n<td width=\"210\">Ngu\u1ed3n n\u0103ng l\u01b0\u1ee3ng<\/td>\n<td width=\"431\">Pin Lithium-ion c\u00f3 th\u1ec3 s\u1ea1c l\u1ea1i (s\u1ea1c qua USB)<\/td>\n<\/tr>\n<tr>\n<td colspan=\"2\" width=\"641\">Giao di\u1ec7n USB<\/td>\n<\/tr>\n<tr>\n<td width=\"210\">Giao th\u1ee9c<\/td>\n<td width=\"431\">USB CID<\/td>\n<\/tr>\n<tr>\n<td width=\"210\">lo\u1ea1i tr\u00ecnh k\u1ebft n\u1ed1i<\/td>\n<td width=\"431\">USB LO\u1ea0I C<\/td>\n<\/tr>\n<tr>\n<td width=\"210\">Ngu\u1ed3n n\u0103ng l\u01b0\u1ee3ng<\/td>\n<td width=\"431\">T\u1eeb c\u1ed5ng USB<\/td>\n<\/tr>\n<tr>\n<td width=\"210\">T\u1ed1c \u0111\u1ed9<\/td>\n<td width=\"431\">T\u1ed1c \u0111\u1ed9 t\u1ed1i \u0111a USB (12 Mb\/gi\u00e2y)<\/td>\n<\/tr>\n<tr>\n<td width=\"210\">Chi\u1ec1u d\u00e0i c\u00e1p<\/td>\n<td width=\"431\">1 m, c\u00f3 th\u1ec3 th\u00e1o r\u1eddi<\/td>\n<\/tr>\n<tr>\n<td colspan=\"2\" width=\"641\">Giao di\u1ec7n th\u1ebb th\u00f4ng minh kh\u00f4ng ti\u1ebfp x\u00fac<\/td>\n<\/tr>\n<tr>\n<td width=\"210\">Ti\u00eau chu\u1ea9n<\/td>\n<td width=\"431\">ISO\/IEC 18092 NFC, ISO15693, ISO 14443 Lo\u1ea1i A &amp; B, MIFARE, FeliCa<\/td>\n<\/tr>\n<tr>\n<td width=\"210\">Giao th\u1ee9c<\/td>\n<td width=\"431\">Th\u1ebb tu\u00e2n th\u1ee7 ISO 14443-4, T=CL<br \/>\nTh\u1ebb MIFARE c\u1ed5 \u0111i\u1ec3n, T=CL<br \/>\nISO 18092, Th\u1ebb NFC<br \/>\nFeliCa<\/td>\n<\/tr>\n<tr>\n<td colspan=\"2\" width=\"641\">Thi\u1ebft b\u1ecb ngo\u1ea1i vi t\u00edch h\u1ee3p<\/td>\n<\/tr>\n<tr>\n<td width=\"210\">D\u1eaaN \u0110\u1ebeN<\/td>\n<td width=\"431\">2 m\u00e0u: \u0110\u1ecf v\u00e0 Xanh lam, \u0110\u1ecf v\u00e0 Xanh l\u1ee5c<\/td>\n<\/tr>\n<tr>\n<td width=\"210\">H\u1ed7 tr\u1ee3 nhi\u1ec1u t\u00ednh n\u0103ng NFC kh\u00e1c nhau<\/td>\n<td width=\"431\"><\/td>\n<\/tr>\n<tr>\n<td width=\"210\"><\/td>\n<td width=\"431\">Ch\u1ebf \u0111\u1ed9 \u0111\u1ecdc\/ghi th\u1ebb<\/td>\n<\/tr>\n<tr>\n<td width=\"210\"><\/td>\n<td width=\"431\">Ch\u1ebf \u0111\u1ed9 thi \u0111ua th\u1ebb<\/td>\n<\/tr>\n<tr>\n<td width=\"210\"><\/td>\n<td width=\"431\">H\u1ed7 tr\u1ee3 ch\u1ebf \u0111\u1ed9 m\u00f4 ph\u1ecfng b\u00e0n ph\u00edm<\/td>\n<\/tr>\n<tr>\n<td colspan=\"2\" width=\"641\">C\u00e1c t\u00ednh n\u0103ng kh\u00e1c<\/td>\n<\/tr>\n<tr>\n<td width=\"210\">M\u00e3 h\u00f3a<\/td>\n<td width=\"431\">Thu\u1eadt to\u00e1n m\u00e3 h\u00f3a AES 128 trong thi\u1ebft b\u1ecb<\/td>\n<\/tr>\n<tr>\n<td width=\"210\">N\u00e2ng c\u1ea5p ch\u01b0\u01a1ng tr\u00ecnh c\u01a1 s\u1edf<\/td>\n<td width=\"431\">\u0110\u01b0\u1ee3c h\u1ed7 tr\u1ee3<\/td>\n<\/tr>\n<tr>\n<td colspan=\"2\" width=\"641\">Ch\u1ee9ng nh\u1eadn\/Tu\u00e2n th\u1ee7<\/td>\n<\/tr>\n<tr>\n<td rowspan=\"14\" width=\"210\">Ch\u1ee9ng nh\u1eadn\/Tu\u00e2n th\u1ee7<\/td>\n<td>EN \/IEC 62368<\/td>\n<\/tr>\n<tr>\n<td>ISO 18092<\/td>\n<\/tr>\n<tr>\n<td>ISO 14443<\/td>\n<\/tr>\n<tr>\n<td>ISO 15693<\/td>\n<\/tr>\n<tr>\n<td>Bluetooth\u00aeBQB<\/td>\n<\/tr>\n<tr>\n<td>KCC<\/td>\n<\/tr>\n<tr>\n<td>UKCA<\/td>\n<\/tr>\n<tr>\n<td>CN<\/td>\n<\/tr>\n<tr>\n<td>FCC<\/td>\n<\/tr>\n<tr>\n<td>RoHS<\/td>\n<\/tr>\n<tr>\n<td>V\u1edaI T\u1edaI<\/td>\n<\/tr>\n<tr>\n<td>TELEC(Nh\u1eadt B\u1ea3n)<\/td>\n<\/tr>\n<tr>\n<td>VCCI<\/td>\n<\/tr>\n<tr>\n<td>Microsoft\u00ae WHQL<\/td>\n<\/tr>\n<tr>\n<td colspan=\"2\" width=\"641\">H\u1ed7 tr\u1ee3 h\u1ec7 \u0111i\u1ec1u h\u00e0nh tr\u00ecnh \u0111i\u1ec1u khi\u1ec3n thi\u1ebft b\u1ecb<\/td>\n<\/tr>\n<tr>\n<td rowspan=\"5\" width=\"210\">H\u1ed7 tr\u1ee3 h\u1ec7 \u0111i\u1ec1u h\u00e0nh tr\u00ecnh \u0111i\u1ec1u khi\u1ec3n thi\u1ebft b\u1ecb<\/td>\n<td width=\"431\">Windows\u00ae<\/td>\n<\/tr>\n<tr>\n<td width=\"431\">Linux\u00ae<\/td>\n<\/tr>\n<tr>\n<td width=\"431\">MAC OS\u00ae 10.7 tr\u1edf l\u00ean<\/td>\n<\/tr>\n<tr>\n<td width=\"431\">Android\u2122 4.3 tr\u1edf l\u00ean<\/td>\n<\/tr>\n<tr>\n<td width=\"431\">iOS 8.0 tr\u1edf l\u00ean<\/td>\n<\/tr>\n<\/tbody>\n<\/table>\n<p>&nbsp;<\/p>","protected":false},"excerpt":{"rendered":"<div class=\"auto-hide-last-sibling-br paragraph_1252f paragraph-element\">ACR1555U-A1 l\u00e0 \u0111\u1ea7u \u0111\u1ecdc NFC Bluetooth\u00ae di \u0111\u1ed9ng cho ph\u00e9p s\u1eed d\u1ee5ng th\u1ebb th\u00f4ng minh v\u00e0 \u1ee9ng d\u1ee5ng NFC khi \u0111ang di chuy\u1ec3n.<\/div>","protected":false},"featured_media":2774,"template":"","meta":[],"product_brand":[],"product_cat":[45,38],"product_tag":[],"class_list":{"0":"post-2773","1":"product","2":"type-product","3":"status-publish","4":"has-post-thumbnail","6":"product_cat-contactless-nfc-reader","7":"product_cat-mobile-ble-nfc-reader","9":"first","10":"instock","11":"shipping-taxable","12":"product-type-simple"},"_links":{"self":[{"href":"https:\/\/nfc-readers.com\/vi\/wp-json\/wp\/v2\/product\/2773","targetHints":{"allow":["GET"]}}],"collection":[{"href":"https:\/\/nfc-readers.com\/vi\/wp-json\/wp\/v2\/product"}],"about":[{"href":"https:\/\/nfc-readers.com\/vi\/wp-json\/wp\/v2\/types\/product"}],"wp:featuredmedia":[{"embeddable":true,"href":"https:\/\/nfc-readers.com\/vi\/wp-json\/wp\/v2\/media\/2774"}],"wp:attachment":[{"href":"https:\/\/nfc-readers.com\/vi\/wp-json\/wp\/v2\/media?parent=2773"}],"wp:term":[{"taxonomy":"product_brand","embeddable":true,"href":"https:\/\/nfc-readers.com\/vi\/wp-json\/wp\/v2\/product_brand?post=2773"},{"taxonomy":"product_cat","embeddable":true,"href":"https:\/\/nfc-readers.com\/vi\/wp-json\/wp\/v2\/product_cat?post=2773"},{"taxonomy":"product_tag","embeddable":true,"href":"https:\/\/nfc-readers.com\/vi\/wp-json\/wp\/v2\/product_tag?post=2773"}],"curies":[{"name":"wp","href":"https:\/\/api.w.org\/{rel}","templated":true}]}}