{"id":2811,"date":"2024-06-19T06:28:23","date_gmt":"2024-06-19T06:28:23","guid":{"rendered":"https:\/\/nfc-readers.com\/?post_type=product&#038;p=2811"},"modified":"2024-09-23T05:57:05","modified_gmt":"2024-09-23T05:57:05","slug":"acr39t-a1-usb-contact-sim-sized-smartcard-reader-writer","status":"publish","type":"product","link":"https:\/\/nfc-readers.com\/vi\/ic-reader\/acr39t-a1-usb-contact-sim-sized-smartcard-reader-writer\/","title":{"rendered":"\u0110\u1ea7u \u0111\u1ecdc th\u1ebb th\u00f4ng minh USB ACR39T-A1 c\u00f3 k\u00edch th\u01b0\u1edbc SIM"},"content":{"rendered":"<h1>\u0110\u1ea7u \u0111\u1ecdc th\u1ebb th\u00f4ng minh USB ACR39T-A1 c\u00f3 k\u00edch th\u01b0\u1edbc SIM<\/h1>\n<p>ACR39T-A1 l\u00e0 m\u1ed9t c\u1ea3i ti\u1ebfn mang t\u00ednh c\u00e1ch m\u1ea1ng trong l\u0129nh v\u1ef1c \u0111\u1ea7u \u0111\u1ecdc th\u1ebb th\u00f4ng minh. M\u1eb7c d\u00f9 c\u00f3 h\u00ecnh d\u1ea1ng nh\u1ecf, k\u00edch th\u01b0\u1edbc b\u1eb1ng SIM, nh\u01b0ng n\u00f3 kh\u00f4ng \u1ea3nh h\u01b0\u1edfng \u0111\u1ebfn kh\u1ea3 n\u0103ng gi\u00e0u t\u00ednh n\u0103ng c\u1ee7a m\u00ecnh. N\u00f3 k\u1ebft h\u1ee3p li\u1ec1n m\u1ea1ch c\u00f4ng ngh\u1ec7 ti\u00ean ti\u1ebfn v\u1edbi thi\u1ebft k\u1ebf th\u1eddi trang, hi\u1ec7n \u0111\u1ea1i \u0111\u1ec3 \u0111\u00e1p \u1ee9ng c\u00e1c y\u00eau c\u1ea7u kh\u1eaft khe c\u1ee7a nhi\u1ec1u \u1ee9ng d\u1ee5ng li\u00ean quan \u0111\u1ebfn th\u1ebb th\u00f4ng minh.<\/p>\n<ul>\n<li>\n<h2>Giao di\u1ec7n t\u1ed1c \u0111\u1ed9 \u0111\u1ea7y \u0111\u1ee7 USB 2.0<\/h2>\n<\/li>\n<li>\n<h2>T\u01b0\u01a1ng th\u00edch v\u1edbi USB 3.0<\/h2>\n<\/li>\n<li>\n<h2>Plug and Play \u2013 H\u1ed7 tr\u1ee3 CCID mang l\u1ea1i t\u00ednh di \u0111\u1ed9ng t\u1ed1i \u0111a<\/h2>\n<\/li>\n<li>\n<h2>\u0110\u1ea7u \u0111\u1ecdc th\u1ebb th\u00f4ng minh:<\/h2>\n<ul>\n<li>\n<h3>H\u1ed7 tr\u1ee3 th\u1ebb ISO 7816 lo\u1ea1i A, B v\u00e0 C (5 V, 3 V, 1.8 V)<\/h3>\n<\/li>\n<li>\n<h3>H\u1ed7 tr\u1ee3 th\u1ebb vi x\u1eed l\u00fd v\u1edbi giao th\u1ee9c T=0 ho\u1eb7c T=1<\/h3>\n<\/li>\n<li>\n<h3>H\u1ed7 tr\u1ee3 th\u1ebb nh\u1edb<\/h3>\n<\/li>\n<li>\n<h3>H\u1ed7 tr\u1ee3 PPS (L\u1ef1a ch\u1ecdn giao th\u1ee9c v\u00e0 tham s\u1ed1)<\/h3>\n<\/li>\n<li>\n<h3>T\u00ednh n\u0103ng b\u1ea3o v\u1ec7 ng\u1eafn m\u1ea1ch<\/h3>\n<\/li>\n<\/ul>\n<\/li>\n<li>\n<h2>Giao di\u1ec7n l\u1eadp tr\u00ecnh \u1ee9ng d\u1ee5ng:<\/h2>\n<ul>\n<li>\n<h3>H\u1ed7 tr\u1ee3 PC\/SC<\/h3>\n<\/li>\n<li>\n<h3>H\u1ed7 tr\u1ee3 CT-API (th\u00f4ng qua tr\u00ecnh bao b\u1ecdc tr\u00ean PC\/SC)<\/h3>\n<\/li>\n<\/ul>\n<\/li>\n<li>\n<h2>H\u1ed7 tr\u1ee3 Android\u2122 3.1 tr\u1edf l\u00ean<\/h2>\n<\/li>\n<\/ul>\n<table width=\"527\">\n<tbody>\n<tr>\n<td colspan=\"2\" width=\"527\">T\u00ednh ch\u1ea5t v\u1eadt l\u00fd<\/td>\n<\/tr>\n<tr>\n<td width=\"203\">K\u00edch th\u01b0\u1edbc (mm)<\/td>\n<td width=\"324\">49,5 mm (D\u00e0i) x 21,5 mm (R\u1ed9ng) x 9,0 mm (Cao)<\/td>\n<\/tr>\n<tr>\n<td width=\"203\">Tr\u1ecdng l\u01b0\u1ee3ng (g)<\/td>\n<td width=\"324\">8,5g<\/td>\n<\/tr>\n<tr>\n<td colspan=\"2\" width=\"527\">Giao di\u1ec7n USB<\/td>\n<\/tr>\n<tr>\n<td width=\"203\">Giao th\u1ee9c<\/td>\n<td width=\"324\">USB CID<\/td>\n<\/tr>\n<tr>\n<td width=\"203\">lo\u1ea1i tr\u00ecnh k\u1ebft n\u1ed1i<\/td>\n<td width=\"324\">Lo\u1ea1i ti\u00eau chu\u1ea9n A<\/td>\n<\/tr>\n<tr>\n<td width=\"203\">Ngu\u1ed3n n\u0103ng l\u01b0\u1ee3ng<\/td>\n<td width=\"324\">T\u1eeb c\u1ed5ng USB<\/td>\n<\/tr>\n<tr>\n<td width=\"203\">T\u1ed1c \u0111\u1ed9<\/td>\n<td width=\"324\">T\u1ed1c \u0111\u1ed9 t\u1ed1i \u0111a USB (12 Mb\/gi\u00e2y)<\/td>\n<\/tr>\n<tr>\n<td colspan=\"2\" width=\"527\">Giao di\u1ec7n th\u1ebb th\u00f4ng minh li\u00ean h\u1ec7<\/td>\n<\/tr>\n<tr>\n<td width=\"203\">S\u1ed1 l\u01b0\u1ee3ng khe<\/td>\n<td width=\"324\">1 Khe c\u1eafm th\u1ebb SIM ti\u00eau chu\u1ea9n<\/td>\n<\/tr>\n<tr>\n<td width=\"203\">Ti\u00eau chu\u1ea9n<\/td>\n<td width=\"324\">ISO 7816 Ph\u1ea7n 1-4, Lo\u1ea1i A, B, C (5 V, 3 V, 1.8 V)<\/td>\n<\/tr>\n<tr>\n<td width=\"203\">Giao th\u1ee9c<\/td>\n<td width=\"324\">T=0; T=1; H\u1ed7 tr\u1ee3 th\u1ebb nh\u1edb<\/td>\n<\/tr>\n<tr>\n<td colspan=\"2\" width=\"527\">Ch\u1ee9ng nh\u1eadn\/Tu\u00e2n th\u1ee7<\/td>\n<\/tr>\n<tr>\n<td rowspan=\"13\" width=\"203\">Ch\u1ee9ng nh\u1eadn\/Tu\u00e2n th\u1ee7<\/td>\n<td width=\"324\">EN62368\/IEC 62368<\/td>\n<\/tr>\n<tr>\n<td width=\"324\">CN<\/td>\n<\/tr>\n<tr>\n<td width=\"324\">FCC<\/td>\n<\/tr>\n<tr>\n<td width=\"324\">RoHS<\/td>\n<\/tr>\n<tr>\n<td width=\"324\">V\u1edaI T\u1edaI<\/td>\n<\/tr>\n<tr>\n<td width=\"324\">UKCA<\/td>\n<\/tr>\n<tr>\n<td width=\"324\">VCCI<\/td>\n<\/tr>\n<tr>\n<td width=\"324\">TU\u1ea6N<\/td>\n<\/tr>\n<tr>\n<td width=\"324\">ISO 7816<\/td>\n<\/tr>\n<tr>\n<td width=\"324\">USB 2.0 t\u1ed1c \u0111\u1ed9 t\u1ed1i \u0111a<\/td>\n<\/tr>\n<tr>\n<td width=\"324\">PC\/SC<\/td>\n<\/tr>\n<tr>\n<td width=\"324\">CCID<\/td>\n<\/tr>\n<tr>\n<td width=\"324\">Microsoft\u00ae WHQL<\/td>\n<\/tr>\n<tr>\n<td colspan=\"2\" width=\"527\">H\u1ed7 tr\u1ee3 h\u1ec7 \u0111i\u1ec1u h\u00e0nh tr\u00ecnh \u0111i\u1ec1u khi\u1ec3n thi\u1ebft b\u1ecb<\/td>\n<\/tr>\n<tr>\n<td rowspan=\"5\" width=\"203\">H\u1ed7 tr\u1ee3 h\u1ec7 \u0111i\u1ec1u h\u00e0nh tr\u00ecnh \u0111i\u1ec1u khi\u1ec3n thi\u1ebft b\u1ecb<\/td>\n<td width=\"324\">Windows\u00ae<\/td>\n<\/tr>\n<tr>\n<td width=\"324\">Linux\u00ae<\/td>\n<\/tr>\n<tr>\n<td width=\"324\">macOS\u00ae<\/td>\n<\/tr>\n<tr>\n<td width=\"324\">Solaris\u2122<\/td>\n<\/tr>\n<tr>\n<td width=\"324\">Android\u2122<\/td>\n<\/tr>\n<tr>\n<td><\/td>\n<td><\/td>\n<\/tr>\n<\/tbody>\n<\/table>","protected":false},"excerpt":{"rendered":"<div class=\"auto-hide-last-sibling-br paragraph_9dc5f paragraph-element\">ACR39T-A1 l\u00e0 \u0111\u1ea7u \u0111\u1ecdc th\u1ebb pcsc ccid nh\u1ecf g\u1ecdn k\u1ebft h\u1ee3p c\u00f4ng ngh\u1ec7 ti\u00ean ti\u1ebfn v\u1edbi thi\u1ebft k\u1ebf hi\u1ec7n \u0111\u1ea1i d\u00e0nh cho c\u00e1c \u1ee9ng d\u1ee5ng th\u1ebb th\u00f4ng minh \u0111a n\u0103ng.<\/div>","protected":false},"featured_media":2812,"template":"","meta":[],"product_brand":[],"product_cat":[39],"product_tag":[],"class_list":{"0":"post-2811","1":"product","2":"type-product","3":"status-publish","4":"has-post-thumbnail","6":"product_cat-usb-ic-smartcard-reader","8":"first","9":"instock","10":"shipping-taxable","11":"product-type-simple"},"_links":{"self":[{"href":"https:\/\/nfc-readers.com\/vi\/wp-json\/wp\/v2\/product\/2811","targetHints":{"allow":["GET"]}}],"collection":[{"href":"https:\/\/nfc-readers.com\/vi\/wp-json\/wp\/v2\/product"}],"about":[{"href":"https:\/\/nfc-readers.com\/vi\/wp-json\/wp\/v2\/types\/product"}],"wp:featuredmedia":[{"embeddable":true,"href":"https:\/\/nfc-readers.com\/vi\/wp-json\/wp\/v2\/media\/2812"}],"wp:attachment":[{"href":"https:\/\/nfc-readers.com\/vi\/wp-json\/wp\/v2\/media?parent=2811"}],"wp:term":[{"taxonomy":"product_brand","embeddable":true,"href":"https:\/\/nfc-readers.com\/vi\/wp-json\/wp\/v2\/product_brand?post=2811"},{"taxonomy":"product_cat","embeddable":true,"href":"https:\/\/nfc-readers.com\/vi\/wp-json\/wp\/v2\/product_cat?post=2811"},{"taxonomy":"product_tag","embeddable":true,"href":"https:\/\/nfc-readers.com\/vi\/wp-json\/wp\/v2\/product_tag?post=2811"}],"curies":[{"name":"wp","href":"https:\/\/api.w.org\/{rel}","templated":true}]}}