{"id":2875,"date":"2024-07-02T01:48:57","date_gmt":"2024-07-02T01:48:57","guid":{"rendered":"https:\/\/nfc-readers.com\/?post_type=product&#038;p=2875"},"modified":"2024-09-23T05:44:47","modified_gmt":"2024-09-23T05:44:47","slug":"acr39t-a5-usb-type-c-contact-sim-sized-smartcard-reader-writer","status":"publish","type":"product","link":"https:\/\/nfc-readers.com\/vi\/ic-reader\/acr39t-a5-usb-type-c-contact-sim-sized-smartcard-reader-writer\/","title":{"rendered":"\u0110\u1ea7u \u0111\u1ecdc th\u1ebb th\u00f4ng minh ACR39T-A5 USB Type C Contact SIM"},"content":{"rendered":"<h1>\u0110\u1ea7u \u0111\u1ecdc th\u1ebb th\u00f4ng minh ACR39T-A5 USB Type C Contact SIM<\/h1>\n<div class=\"auto-hide-last-sibling-br paragraph_9dc5f paragraph-element\">ACR39T-A5 \u0111\u1ea1i di\u1ec7n cho b\u01b0\u1edbc \u0111\u1ed9t ph\u00e1 trong l\u0129nh v\u1ef1c \u0111\u1ea7u \u0111\u1ecdc th\u1ebb th\u00f4ng minh, th\u1ec3 hi\u1ec7n c\u1ea3 c\u00f4ng ngh\u1ec7 ti\u00ean ti\u1ebfn v\u00e0 thi\u1ebft k\u1ebf hi\u1ec7n \u0111\u1ea1i. \u0110\u1ea7u \u0111\u1ecdc th\u1ebb th\u00f4ng minh k\u00edch th\u01b0\u1edbc SIM n\u00e0y c\u00f3 th\u1ec3 nh\u1ecf g\u1ecdn, nh\u01b0ng \u0111\u01b0\u1ee3c t\u00edch h\u1ee3p nhi\u1ec1u t\u00ednh n\u0103ng. K\u1ebft h\u1ee3p c\u00f4ng ngh\u1ec7 ti\u00ean ti\u1ebfn v\u1edbi thi\u1ebft k\u1ebf \u0111\u1eb9p m\u1eaft, ACR39T-A5 \u0111\u01b0\u1ee3c thi\u1ebft k\u1ebf \u0111\u1ec3 \u0111\u00e1p \u1ee9ng c\u00e1c y\u00eau c\u1ea7u nghi\u00eam ng\u1eb7t tr\u00ean nhi\u1ec1u \u1ee9ng d\u1ee5ng th\u1ebb th\u00f4ng minh kh\u00e1c nhau. ACR39T-A5 t\u01b0\u01a1ng th\u00edch v\u1edbi th\u1ebb th\u00f4ng minh ISO 7816 Class A, B v\u00e0 C (ho\u1ea1t \u0111\u1ed9ng \u1edf m\u1ee9c 5 V, 3 V v\u00e0 1,8 V) v\u00e0 x\u1eed l\u00fd hi\u1ec7u qu\u1ea3 nhi\u1ec1u lo\u1ea1i th\u1ebb nh\u1edb v\u00e0 th\u1ebb vi x\u1eed l\u00fd s\u1eed d\u1ee5ng giao th\u1ee9c T=0 v\u00e0 T=1. V\u1edbi giao di\u1ec7n USB Full Speed c\u00f9ng \u0111\u1ea7u n\u1ed1i USB Type C, thi\u1ebft b\u1ecb h\u1ed7 tr\u1ee3 t\u1ed1c \u0111\u1ed9 \u0111\u1ecdc\/ghi th\u1ebb th\u00f4ng minh l\u00ean \u0111\u1ebfn 600 Kbps. \u0110i\u1ec1u n\u00e0y khi\u1ebfn n\u00f3 tr\u1edf th\u00e0nh l\u1ef1a ch\u1ecdn tuy\u1ec7t v\u1eddi cho nhi\u1ec1u gi\u1ea3i ph\u00e1p, bao g\u1ed3m Ki\u1ec3m so\u00e1t truy c\u1eadp v\u1eadt l\u00fd v\u00e0 logic, Ch\u1eef k\u00fd s\u1ed1 v\u00e0 Ng\u00e2n h\u00e0ng tr\u1ef1c tuy\u1ebfn.<\/div>\n<div>\n<ul>\n<li>\n<h2>Giao di\u1ec7n t\u1ed1c \u0111\u1ed9 \u0111\u1ea7y \u0111\u1ee7 USB 2.0<\/h2>\n<\/li>\n<li>\n<h2>\u0110\u1ea7u n\u1ed1i USB Type C<\/h2>\n<\/li>\n<li>\n<h2>Plug and Play \u2013 H\u1ed7 tr\u1ee3 CCID mang l\u1ea1i t\u00ednh di \u0111\u1ed9ng t\u1ed1i \u0111a<\/h2>\n<\/li>\n<li>\n<h2>\u0110\u1ea7u \u0111\u1ecdc th\u1ebb th\u00f4ng minh:<\/h2>\n<ul>\n<li>\n<h3>H\u1ed7 tr\u1ee3 th\u1ebb ISO 7816 lo\u1ea1i A, B v\u00e0 C (5 V, 3 V, 1.8 V)<\/h3>\n<\/li>\n<li>\n<h3>H\u1ed7 tr\u1ee3 th\u1ebb vi x\u1eed l\u00fd v\u1edbi giao th\u1ee9c T=0 ho\u1eb7c T=1<\/h3>\n<\/li>\n<li>\n<h3>H\u1ed7 tr\u1ee3 th\u1ebb nh\u1edb<\/h3>\n<\/li>\n<li>\n<h3>H\u1ed7 tr\u1ee3 PPS (L\u1ef1a ch\u1ecdn giao th\u1ee9c v\u00e0 tham s\u1ed1)<\/h3>\n<\/li>\n<li>\n<h3>T\u00ednh n\u0103ng b\u1ea3o v\u1ec7 ng\u1eafn m\u1ea1ch<\/h3>\n<\/li>\n<\/ul>\n<\/li>\n<li>\n<h2>Giao di\u1ec7n l\u1eadp tr\u00ecnh \u1ee9ng d\u1ee5ng:<\/h2>\n<ul>\n<li>\n<h3>H\u1ed7 tr\u1ee3 PC\/SC<\/h3>\n<\/li>\n<li>\n<h3>H\u1ed7 tr\u1ee3 CT-API (th\u00f4ng qua tr\u00ecnh bao b\u1ecdc tr\u00ean PC\/SC)<\/h3>\n<\/li>\n<\/ul>\n<\/li>\n<li>\n<h2>H\u1ed7 tr\u1ee3 Android\u2122 3.1 tr\u1edf l\u00ean<\/h2>\n<\/li>\n<\/ul>\n<table width=\"636\">\n<tbody>\n<tr>\n<td colspan=\"2\" width=\"636\">\n<h2>T\u00ednh ch\u1ea5t v\u1eadt l\u00fd<\/h2>\n<\/td>\n<\/tr>\n<tr>\n<td width=\"223\">K\u00edch th\u01b0\u1edbc (mm)<\/td>\n<td width=\"413\">49,5 mm (D) \u00d7 21,5 mm (R) \u00d7 9,0 mm (C)<\/td>\n<\/tr>\n<tr>\n<td width=\"223\">Tr\u1ecdng l\u01b0\u1ee3ng (g)<\/td>\n<td width=\"413\">7g<\/td>\n<\/tr>\n<tr>\n<td colspan=\"2\" width=\"636\">Giao di\u1ec7n USB<\/td>\n<\/tr>\n<tr>\n<td width=\"223\">Giao th\u1ee9c<\/td>\n<td width=\"413\">USB CID<\/td>\n<\/tr>\n<tr>\n<td width=\"223\">lo\u1ea1i tr\u00ecnh k\u1ebft n\u1ed1i<\/td>\n<td width=\"413\">Lo\u1ea1i ti\u00eau chu\u1ea9n C<\/td>\n<\/tr>\n<tr>\n<td width=\"223\">Ngu\u1ed3n n\u0103ng l\u01b0\u1ee3ng<\/td>\n<td width=\"413\">T\u1eeb c\u1ed5ng USB<\/td>\n<\/tr>\n<tr>\n<td width=\"223\">T\u1ed1c \u0111\u1ed9<\/td>\n<td width=\"413\">T\u1ed1c \u0111\u1ed9 t\u1ed1i \u0111a USB (12 Mb\/gi\u00e2y)<\/td>\n<\/tr>\n<tr>\n<td colspan=\"2\" width=\"636\">Giao di\u1ec7n th\u1ebb th\u00f4ng minh li\u00ean h\u1ec7<\/td>\n<\/tr>\n<tr>\n<td width=\"223\">S\u1ed1 l\u01b0\u1ee3ng khe<\/td>\n<td width=\"413\">1 Khe c\u1eafm th\u1ebb SIM<\/td>\n<\/tr>\n<tr>\n<td width=\"223\">Ti\u00eau chu\u1ea9n<\/td>\n<td width=\"413\">ISO 7816 Ph\u1ea7n 1-4, Lo\u1ea1i A, B, C (5 V, 3 V, 1.8 V)<\/td>\n<\/tr>\n<tr>\n<td width=\"223\">Giao th\u1ee9c<\/td>\n<td width=\"413\">T=0; T=1; H\u1ed7 tr\u1ee3 th\u1ebb nh\u1edb<\/td>\n<\/tr>\n<tr>\n<td colspan=\"2\" width=\"636\">Thi\u1ebft b\u1ecb ngo\u1ea1i vi t\u00edch h\u1ee3p<\/td>\n<\/tr>\n<tr>\n<td width=\"223\">D\u1eaaN \u0110\u1ebeN<\/td>\n<td width=\"413\">1 m\u00e0u \u0111\u01a1n: Xanh l\u00e1<\/td>\n<\/tr>\n<tr>\n<td colspan=\"2\" width=\"636\">Ch\u1ee9ng nh\u1eadn\/Tu\u00e2n th\u1ee7<\/td>\n<\/tr>\n<tr>\n<td rowspan=\"13\" width=\"223\">Ch\u1ee9ng nh\u1eadn\/Tu\u00e2n th\u1ee7<\/td>\n<td width=\"413\">EN62368\/IEC 62368<\/td>\n<\/tr>\n<tr>\n<td width=\"413\">CN<\/td>\n<\/tr>\n<tr>\n<td width=\"413\">FCC<\/td>\n<\/tr>\n<tr>\n<td width=\"413\">RoHS<\/td>\n<\/tr>\n<tr>\n<td width=\"413\">V\u1edaI T\u1edaI<\/td>\n<\/tr>\n<tr>\n<td width=\"413\">UKCA<\/td>\n<\/tr>\n<tr>\n<td width=\"413\">VCCI<\/td>\n<\/tr>\n<tr>\n<td width=\"413\">TU\u1ea6N<\/td>\n<\/tr>\n<tr>\n<td width=\"413\">ISO 7816<\/td>\n<\/tr>\n<tr>\n<td width=\"413\">USB 2.0 t\u1ed1c \u0111\u1ed9 t\u1ed1i \u0111a<\/td>\n<\/tr>\n<tr>\n<td width=\"413\">PC\/SC<\/td>\n<\/tr>\n<tr>\n<td width=\"413\">CCID<\/td>\n<\/tr>\n<tr>\n<td width=\"413\">Microsoft\u00ae WHQL<\/td>\n<\/tr>\n<tr>\n<td colspan=\"2\" width=\"636\">H\u1ed7 tr\u1ee3 h\u1ec7 \u0111i\u1ec1u h\u00e0nh tr\u00ecnh \u0111i\u1ec1u khi\u1ec3n thi\u1ebft b\u1ecb<\/td>\n<\/tr>\n<tr>\n<td rowspan=\"4\" width=\"223\">H\u1ed7 tr\u1ee3 h\u1ec7 \u0111i\u1ec1u h\u00e0nh tr\u00ecnh \u0111i\u1ec1u khi\u1ec3n thi\u1ebft b\u1ecb<\/td>\n<td width=\"413\">Windows\u00ae<\/td>\n<\/tr>\n<tr>\n<td width=\"413\">Linux\u00ae<\/td>\n<\/tr>\n<tr>\n<td width=\"413\">macOS\u00ae 10.7 tr\u1edf l\u00ean<\/td>\n<\/tr>\n<tr>\n<td width=\"413\">Android\u2122 3.1 tr\u1edf l\u00ean Solaris\u2122<\/td>\n<\/tr>\n<\/tbody>\n<\/table>\n<\/div>\n<div><\/div>","protected":false},"excerpt":{"rendered":"<div class=\"auto-hide-last-sibling-br paragraph_9dc5f paragraph-element\">ACR39T-A5 l\u00e0 \u0111\u1ea7u \u0111\u1ecdc th\u1ebb SIM nh\u1ecf g\u1ecdn s\u1eed d\u1ee5ng c\u00f4ng ngh\u1ec7 ti\u00ean ti\u1ebfn \u0111\u1ec3 v\u1eadn h\u00e0nh th\u1ebb th\u00f4ng minh hi\u1ec7u qu\u1ea3.<\/div>","protected":false},"featured_media":2876,"template":"","meta":[],"product_brand":[],"product_cat":[39],"product_tag":[],"class_list":{"0":"post-2875","1":"product","2":"type-product","3":"status-publish","4":"has-post-thumbnail","6":"product_cat-usb-ic-smartcard-reader","8":"first","9":"instock","10":"shipping-taxable","11":"product-type-simple"},"_links":{"self":[{"href":"https:\/\/nfc-readers.com\/vi\/wp-json\/wp\/v2\/product\/2875","targetHints":{"allow":["GET"]}}],"collection":[{"href":"https:\/\/nfc-readers.com\/vi\/wp-json\/wp\/v2\/product"}],"about":[{"href":"https:\/\/nfc-readers.com\/vi\/wp-json\/wp\/v2\/types\/product"}],"wp:featuredmedia":[{"embeddable":true,"href":"https:\/\/nfc-readers.com\/vi\/wp-json\/wp\/v2\/media\/2876"}],"wp:attachment":[{"href":"https:\/\/nfc-readers.com\/vi\/wp-json\/wp\/v2\/media?parent=2875"}],"wp:term":[{"taxonomy":"product_brand","embeddable":true,"href":"https:\/\/nfc-readers.com\/vi\/wp-json\/wp\/v2\/product_brand?post=2875"},{"taxonomy":"product_cat","embeddable":true,"href":"https:\/\/nfc-readers.com\/vi\/wp-json\/wp\/v2\/product_cat?post=2875"},{"taxonomy":"product_tag","embeddable":true,"href":"https:\/\/nfc-readers.com\/vi\/wp-json\/wp\/v2\/product_tag?post=2875"}],"curies":[{"name":"wp","href":"https:\/\/api.w.org\/{rel}","templated":true}]}}