{"id":2877,"date":"2024-07-02T01:58:12","date_gmt":"2024-07-02T01:58:12","guid":{"rendered":"https:\/\/nfc-readers.com\/?post_type=product&#038;p=2877"},"modified":"2024-09-23T05:42:11","modified_gmt":"2024-09-23T05:42:11","slug":"acr39f-a2-usb-contact-smartcard-reader-writer","status":"publish","type":"product","link":"https:\/\/nfc-readers.com\/vi\/ic-reader\/acr39f-a2-usb-contact-smartcard-reader-writer\/","title":{"rendered":"\u0110\u1ea7u \u0111\u1ecdc th\u1ebb th\u00f4ng minh USB ACR39F A2"},"content":{"rendered":"<h1>\u0110\u1ea7u \u0111\u1ecdc th\u1ebb th\u00f4ng minh USB ACR39F A2<\/h1>\n<div class=\"auto-hide-last-sibling-br paragraph_9dc5f paragraph-element\">ACR39F Smart Floppy cung c\u1ea5p gi\u1ea3i ph\u00e1p t\u1ed1i \u01b0u \u0111\u1ec3 d\u1ec5 d\u00e0ng t\u00edch h\u1ee3p \u0111\u1ea7u \u0111\u1ecdc th\u1ebb th\u00f4ng minh v\u00e0o c\u00e1c thi\u1ebft l\u1eadp m\u00e1y t\u00ednh \u0111\u1ec3 b\u00e0n. N\u00f3 k\u1ebft n\u1ed1i qua giao di\u1ec7n USB v\u00e0 \u0111\u01b0\u1ee3c c\u1ea5p ngu\u1ed3n t\u1eeb ngu\u1ed3n \u0111i\u1ec7n b\u00ean trong c\u1ee7a m\u00e1y t\u00ednh, cho ph\u00e9p t\u00f9y ch\u1ec9nh theo s\u1edf th\u00edch c\u1ee7a ng\u01b0\u1eddi d\u00f9ng. H\u1ed7 tr\u1ee3 th\u1ebb th\u00f4ng minh ISO 7816 Class A, B v\u00e0 C, ACR39F Smart Floppy c\u0169ng t\u01b0\u01a1ng th\u00edch v\u1edbi nhi\u1ec1u lo\u1ea1i th\u1ebb nh\u1edb v\u00e0 th\u1ebb vi x\u1eed l\u00fd s\u1eed d\u1ee5ng giao th\u1ee9c T=0 v\u00e0 T=1. N\u00f3 c\u00f3 giao di\u1ec7n USB Full Speed v\u00e0 cung c\u1ea5p t\u1ed1c \u0111\u1ed9 \u0111\u1ecdc\/ghi 600 Kbps cho th\u1ebb th\u00f4ng minh. Thi\u1ebft b\u1ecb m\u1ea1nh m\u1ebd n\u00e0y \u0111\u01b0\u1ee3c thi\u1ebft k\u1ebf \u0111\u1ec3 ch\u1ecbu \u0111\u01b0\u1ee3c \u00edt nh\u1ea5t 100.000 chu k\u1ef3 l\u1eafp th\u1ebb, \u0111\u1ea3m b\u1ea3o hi\u1ec7u su\u1ea5t l\u00e2u d\u00e0i.<\/div>\n<div>\n<ul>\n<li>\n<h2>Giao di\u1ec7n USB 2.0 t\u1ed1c \u0111\u1ed9 \u0111\u1ea7y \u0111\u1ee7 (qua c\u00e1p c\u00f3 th\u1ec3 th\u00e1o r\u1eddi)<\/h2>\n<\/li>\n<li>\n<h2>T\u01b0\u01a1ng th\u00edch v\u1edbi USB 3.0<\/h2>\n<\/li>\n<li>\n<h2>Plug and Play \u2013 H\u1ed7 tr\u1ee3 CCID mang l\u1ea1i t\u00ednh di \u0111\u1ed9ng t\u1ed1i \u0111a<\/h2>\n<\/li>\n<li>\n<h2>\u0110\u1ea7u \u0111\u1ecdc th\u1ebb th\u00f4ng minh:<\/h2>\n<ul>\n<li>\n<h3>H\u1ed7 tr\u1ee3 th\u1ebb ISO 7816 lo\u1ea1i A, B v\u00e0 C (5 V, 3 V, 1.8 V)<\/h3>\n<\/li>\n<li>\n<h3>H\u1ed7 tr\u1ee3 CAC<\/h3>\n<\/li>\n<li>\n<h3>H\u1ed7 tr\u1ee3 th\u1ebb SIPRNET<\/h3>\n<\/li>\n<li>\n<h3>H\u1ed7 tr\u1ee3 th\u1ebb J-LIS<\/h3>\n<\/li>\n<li>\n<h3>H\u1ed7 tr\u1ee3 th\u1ebb vi x\u1eed l\u00fd v\u1edbi giao th\u1ee9c T=0 ho\u1eb7c T=1<\/h3>\n<\/li>\n<li>\n<h3>H\u1ed7 tr\u1ee3 th\u1ebb nh\u1edb<\/h3>\n<\/li>\n<li>\n<h3>H\u1ed7 tr\u1ee3 PPS (L\u1ef1a ch\u1ecdn giao th\u1ee9c v\u00e0 tham s\u1ed1)<\/h3>\n<\/li>\n<li>\n<h3>T\u00ednh n\u0103ng B\u1ea3o v\u1ec7 ng\u1eafn m\u1ea1ch<\/h3>\n<\/li>\n<\/ul>\n<\/li>\n<li>\n<h2>Giao di\u1ec7n l\u1eadp tr\u00ecnh \u1ee9ng d\u1ee5ng:<\/h2>\n<ul>\n<li>\n<h3>H\u1ed7 tr\u1ee3 PC\/SC<\/h3>\n<\/li>\n<li>\n<h3>H\u1ed7 tr\u1ee3 CT-API (th\u00f4ng qua tr\u00ecnh bao b\u1ecdc tr\u00ean PC\/SC)<\/h3>\n<\/li>\n<\/ul>\n<\/li>\n<li>\n<h2>H\u1ed7 tr\u1ee3 Android\u2122 Phi\u00ean b\u1ea3n 3.1 tr\u1edf l\u00ean<\/h2>\n<\/li>\n<\/ul>\n<table style=\"height: 695px;\" width=\"639\">\n<tbody>\n<tr>\n<td colspan=\"2\" width=\"473\">\n<h2>T\u00ednh ch\u1ea5t v\u1eadt l\u00fd<\/h2>\n<\/td>\n<\/tr>\n<tr>\n<td width=\"179\">K\u00edch th\u01b0\u1edbc (mm)<\/td>\n<td width=\"294\">125,0 mm (D) \u00d7 101,0 mm (R) \u00d7 25,5 mm (C)<\/td>\n<\/tr>\n<tr>\n<td width=\"179\">Tr\u1ecdng l\u01b0\u1ee3ng (g)<\/td>\n<td width=\"294\">82,5g<\/td>\n<\/tr>\n<tr>\n<td colspan=\"2\" width=\"473\">Giao di\u1ec7n USB<\/td>\n<\/tr>\n<tr>\n<td width=\"179\">Giao th\u1ee9c<\/td>\n<td width=\"294\">USB CID<\/td>\n<\/tr>\n<tr>\n<td width=\"179\">lo\u1ea1i tr\u00ecnh k\u1ebft n\u1ed1i<\/td>\n<td width=\"294\">1 x \u0110\u1ea7u n\u1ed1i 5 ch\u00e2n<\/td>\n<\/tr>\n<tr>\n<td width=\"179\">Ngu\u1ed3n n\u0103ng l\u01b0\u1ee3ng<\/td>\n<td width=\"294\">T\u1eeb c\u1ed5ng USB<\/td>\n<\/tr>\n<tr>\n<td width=\"179\">T\u1ed1c \u0111\u1ed9<\/td>\n<td width=\"294\">T\u1ed1c \u0111\u1ed9 t\u1ed1i \u0111a USB (12 Mb\/gi\u00e2y)<\/td>\n<\/tr>\n<tr>\n<td width=\"179\">Chi\u1ec1u d\u00e0i c\u00e1p<\/td>\n<td width=\"294\">1.0 m, C\u00f3 th\u1ec3 th\u00e1o r\u1eddi<\/td>\n<\/tr>\n<tr>\n<td colspan=\"2\" width=\"473\">Giao di\u1ec7n th\u1ebb th\u00f4ng minh li\u00ean h\u1ec7<\/td>\n<\/tr>\n<tr>\n<td width=\"179\">S\u1ed1 l\u01b0\u1ee3ng khe<\/td>\n<td width=\"294\">1 Khe c\u1eafm th\u1ebb c\u1ee1 l\u1edbn<\/td>\n<\/tr>\n<tr>\n<td width=\"179\">Ti\u00eau chu\u1ea9n<\/td>\n<td width=\"294\">ISO 7816 Ph\u1ea7n 1-4, Lo\u1ea1i A, B, C (5 V, 3 V, 1.8 V)<\/td>\n<\/tr>\n<tr>\n<td width=\"179\">Giao th\u1ee9c<\/td>\n<td width=\"294\">T=0; T=1; H\u1ed7 tr\u1ee3 th\u1ebb nh\u1edb<\/td>\n<\/tr>\n<tr>\n<td width=\"179\">Ng\u01b0\u1eddi kh\u00e1c<\/td>\n<td width=\"294\">Th\u1ebb th\u00f4ng minh CAC, PIV, SIPRNET, J-LIS<\/td>\n<\/tr>\n<tr>\n<td colspan=\"2\" width=\"473\">Ch\u1ee9ng nh\u1eadn\/Tu\u00e2n th\u1ee7<\/td>\n<\/tr>\n<tr>\n<td rowspan=\"9\" width=\"179\">Ch\u1ee9ng nh\u1eadn\/Tu\u00e2n th\u1ee7<\/td>\n<td width=\"294\">EN60950\/IEC 60950<\/td>\n<\/tr>\n<tr>\n<td width=\"294\">ISO 7816<\/td>\n<\/tr>\n<tr>\n<td width=\"294\">T\u1ed1c \u0111\u1ed9 t\u1ed1i \u0111a USB<\/td>\n<\/tr>\n<tr>\n<td width=\"294\">EMV\u2122 C\u1ea5p 1 (Li\u00ean h\u1ec7)<\/td>\n<\/tr>\n<tr>\n<td width=\"294\">PC\/SC<\/td>\n<\/tr>\n<tr>\n<td width=\"294\">CCID<\/td>\n<\/tr>\n<tr>\n<td width=\"294\">CN<\/td>\n<\/tr>\n<tr>\n<td width=\"294\">FCC<\/td>\n<\/tr>\n<tr>\n<td width=\"294\">TU\u1ea6N<\/td>\n<\/tr>\n<\/tbody>\n<\/table>\n<\/div>","protected":false},"excerpt":{"rendered":"<div class=\"auto-hide-last-sibling-br paragraph_9dc5f paragraph-element\">ACR39F Smart Floppy l\u00e0 \u0111\u1ea7u \u0111\u1ecdc th\u1ebb EMV USB \u0111a n\u0103ng, t\u00edch h\u1ee3p \u0111\u1ea7u \u0111\u1ecdc th\u1ebb th\u00f4ng minh v\u00e0o c\u00e1c thi\u1ebft l\u1eadp tr\u00ean m\u00e1y t\u00ednh \u0111\u1ec3 b\u00e0n m\u1ed9t c\u00e1ch d\u1ec5 d\u00e0ng.<\/div>","protected":false},"featured_media":2881,"template":"","meta":[],"product_brand":[],"product_cat":[39],"product_tag":[],"class_list":{"0":"post-2877","1":"product","2":"type-product","3":"status-publish","4":"has-post-thumbnail","6":"product_cat-usb-ic-smartcard-reader","8":"first","9":"instock","10":"shipping-taxable","11":"product-type-simple"},"_links":{"self":[{"href":"https:\/\/nfc-readers.com\/vi\/wp-json\/wp\/v2\/product\/2877","targetHints":{"allow":["GET"]}}],"collection":[{"href":"https:\/\/nfc-readers.com\/vi\/wp-json\/wp\/v2\/product"}],"about":[{"href":"https:\/\/nfc-readers.com\/vi\/wp-json\/wp\/v2\/types\/product"}],"wp:featuredmedia":[{"embeddable":true,"href":"https:\/\/nfc-readers.com\/vi\/wp-json\/wp\/v2\/media\/2881"}],"wp:attachment":[{"href":"https:\/\/nfc-readers.com\/vi\/wp-json\/wp\/v2\/media?parent=2877"}],"wp:term":[{"taxonomy":"product_brand","embeddable":true,"href":"https:\/\/nfc-readers.com\/vi\/wp-json\/wp\/v2\/product_brand?post=2877"},{"taxonomy":"product_cat","embeddable":true,"href":"https:\/\/nfc-readers.com\/vi\/wp-json\/wp\/v2\/product_cat?post=2877"},{"taxonomy":"product_tag","embeddable":true,"href":"https:\/\/nfc-readers.com\/vi\/wp-json\/wp\/v2\/product_tag?post=2877"}],"curies":[{"name":"wp","href":"https:\/\/api.w.org\/{rel}","templated":true}]}}