{"id":3178,"date":"2024-10-29T13:08:37","date_gmt":"2024-10-29T13:08:37","guid":{"rendered":"https:\/\/nfc-readers.com\/?post_type=product&#038;p=3178"},"modified":"2024-10-29T14:04:44","modified_gmt":"2024-10-29T14:04:44","slug":"optional-random-id-mifare-ultralight-aes-sticker-iso1443a","status":"publish","type":"product","link":"https:\/\/nfc-readers.com\/vi\/ic-reader\/optional-random-id-mifare-ultralight-aes-sticker-iso1443a\/","title":{"rendered":"t\u00f9y ch\u1ecdn ng\u1eabu nhi\u00ean ID Mifare Ultralight AES nh\u00e3n d\u00e1n ISO1443A"},"content":{"rendered":"<h1><strong>t\u00f9y ch\u1ecdn ng\u1eabu nhi\u00ean ID Mifare Ultralight AES nh\u00e3n d\u00e1n ISO1443A<\/strong><\/h1>\n<p>C\u00e1c\u00a0<strong>T\u00f9y ch\u1ecdn ng\u1eabu nhi\u00ean ID Mifare Ultralight AES Sticker ISO14443A<\/strong>\u00a0\u0111\u1ea1i di\u1ec7n cho c\u00f4ng ngh\u1ec7 ki\u1ec3m so\u00e1t ra v\u00e0o v\u00e0 b\u00e1n v\u00e9 hi\u1ec7n \u0111\u1ea1i ti\u00ean ti\u1ebfn nh\u1ea5t. K\u1ebft h\u1ee3p nh\u1eefng l\u1ee3i \u00edch c\u1ee7a giao ti\u1ebfp RFID v\u00e0 NFC, th\u1ebb th\u00f4ng minh \u0111a n\u0103ng n\u00e0y \u0111\u1ea3m b\u1ea3o t\u00ednh b\u1ea3o m\u1eadt v\u00e0 ti\u1ec7n l\u1ee3i cao, l\u00fd t\u01b0\u1edfng cho nhi\u1ec1u \u1ee9ng d\u1ee5ng kh\u00e1c nhau nh\u01b0 b\u00e1n v\u00e9 s\u1ef1 ki\u1ec7n v\u00e0 th\u1ebb kh\u00e1ch h\u00e0ng th\u00e2n thi\u1ebft. N\u1ebfu b\u1ea1n \u0111ang t\u00ecm ki\u1ebfm m\u1ed9t gi\u1ea3i ph\u00e1p \u0111\u00e1ng tin c\u1eady, v\u01b0\u1ee3t tr\u1ed9i v\u1ec1 hi\u1ec7u su\u1ea5t trong khi v\u1eabn mang l\u1ea1i tr\u1ea3i nghi\u1ec7m ng\u01b0\u1eddi d\u00f9ng li\u1ec1n m\u1ea1ch, th\u00ec kh\u00f4ng \u0111\u00e2u kh\u00e1c ngo\u00e0i s\u1ea3n ph\u1ea9m s\u00e1ng t\u1ea1o n\u00e0y.<\/p>\n<h2>T\u1ea1i sao n\u00ean ch\u1ecdn mi\u1ebfng d\u00e1n Mifare Ultralight AES?<\/h2>\n<p>Mifare Ultralight AES Sticker \u0111\u01b0\u1ee3c thi\u1ebft k\u1ebf \u0111\u1ec3 t\u0103ng c\u01b0\u1eddng t\u00ednh b\u1ea3o m\u1eadt v\u00e0 kh\u1ea3 n\u0103ng s\u1eed d\u1ee5ng trong v\u00f4 s\u1ed1 tr\u01b0\u1eddng h\u1ee3p s\u1eed d\u1ee5ng. V\u1edbi m\u00e3 h\u00f3a AES, d\u1eef li\u1ec7u c\u1ee7a b\u1ea1n \u0111\u01b0\u1ee3c b\u1ea3o v\u1ec7 kh\u1ecfi truy c\u1eadp tr\u00e1i ph\u00e9p, \u0111\u1ea3m b\u1ea3o s\u1ef1 an t\u00e2m. Thi\u1ebft k\u1ebf nh\u1ecf g\u1ecdn cho ph\u00e9p t\u00edch h\u1ee3p d\u1ec5 d\u00e0ng v\u00e0o c\u00e1c h\u1ec7 th\u1ed1ng hi\u1ec7n c\u00f3, trong khi ph\u1ea1m vi \u0111\u1ecdc r\u1ed9ng (l\u00ean \u0111\u1ebfn 100 cm) mang l\u1ea1i s\u1ef1 ti\u1ec7n l\u1ee3i v\u00f4 song. \u0110\u1ea7u t\u01b0 v\u00e0o s\u1ea3n ph\u1ea9m n\u00e0y c\u00f3 ngh\u0129a l\u00e0 \u0111\u1ea7u t\u01b0 v\u00e0o c\u00f4ng ngh\u1ec7 ti\u00ean ti\u1ebfn \u0111\u00e1p \u1ee9ng nhi\u1ec1u nhu c\u1ea7u kh\u00e1c nhau.<\/p>\n<h3><strong>B\u1ea3o m\u1eadt cao v\u1edbi m\u00e3 h\u00f3a AES<\/strong><\/h3>\n<p>\u0110i\u1ec3m c\u1ed1t l\u00f5i c\u1ee7a Mifare Ultralight AES Sticker l\u00e0 t\u00ednh b\u1ea3o m\u1eadt c\u1ea5p cao m\u00e0 n\u00f3 cung c\u1ea5p th\u00f4ng qua\u00a0<strong>AES (Ti\u00eau chu\u1ea9n m\u00e3 h\u00f3a n\u00e2ng cao)<\/strong>. C\u00f4ng ngh\u1ec7 m\u00e3 h\u00f3a ti\u00ean ti\u1ebfn n\u00e0y b\u1ea3o v\u1ec7 d\u1eef li\u1ec7u ng\u01b0\u1eddi d\u00f9ng v\u00e0 \u0111\u1ea3m b\u1ea3o giao ti\u1ebfp an to\u00e0n gi\u1eefa nh\u00e3n d\u00e1n v\u00e0 \u0111\u1ea7u \u0111\u1ecdc th\u1ebb. Khi m\u1ed1i lo ng\u1ea1i v\u1ec1 b\u1ea3o m\u1eadt ti\u1ebfp t\u1ee5c gia t\u0103ng trong b\u1ed1i c\u1ea3nh k\u1ef9 thu\u1eadt s\u1ed1 ng\u00e0y nay, vi\u1ec7c c\u00f3 m\u1ed9t gi\u1ea3i ph\u00e1p th\u1ebb th\u00f4ng minh \u0111\u00e1ng tin c\u1eady l\u00e0 \u0111i\u1ec1u c\u1ea7n thi\u1ebft \u0111\u1ed1i v\u1edbi c\u00e1c doanh nghi\u1ec7p mu\u1ed1n b\u1ea3o v\u1ec7 th\u00f4ng tin nh\u1ea1y c\u1ea3m.<\/p>\n<h3><strong>C\u00e1c l\u0129nh v\u1ef1c \u1ee9ng d\u1ee5ng \u0111a d\u1ea1ng<\/strong><\/h3>\n<p>Mifare Ultralight AES Sticker kh\u00f4ng ch\u1ec9 l\u00e0 m\u1ed9t th\u1ebb th\u00f4ng minh; n\u00f3 l\u00e0 m\u1ed9t gi\u1ea3i ph\u00e1p \u0111a n\u0103ng c\u00f3 th\u1ec3 \u0111\u01b0\u1ee3c s\u1eed d\u1ee5ng trong nhi\u1ec1u \u1ee9ng d\u1ee5ng kh\u00e1c nhau. Bao g\u1ed3m v\u00e9 s\u1ef1 ki\u1ec7n, ch\u01b0\u01a1ng tr\u00ecnh kh\u00e1ch h\u00e0ng th\u00e2n thi\u1ebft, th\u1ebb giao th\u00f4ng v\u00e0 h\u1ec7 th\u1ed1ng ki\u1ec3m so\u00e1t ra v\u00e0o.\u00a0<strong>ISO 14443A<\/strong>\u00a0S\u1ef1 tu\u00e2n th\u1ee7 \u0111\u1ea3m b\u1ea3o kh\u1ea3 n\u0103ng t\u01b0\u01a1ng th\u00edch to\u00e0n c\u1ea7u, gi\u00fap s\u1ea3n ph\u1ea9m c\u00f3 kh\u1ea3 n\u0103ng th\u00edch \u1ee9ng cao v\u1edbi c\u00e1c doanh nghi\u1ec7p mu\u1ed1n h\u1ee3p l\u00fd h\u00f3a ho\u1ea1t \u0111\u1ed9ng v\u00e0 n\u00e2ng cao tr\u1ea3i nghi\u1ec7m c\u1ee7a ng\u01b0\u1eddi d\u00f9ng.<\/p>\n<h3><strong>Thi\u1ebft k\u1ebf nh\u1ecf g\u1ecdn v\u00e0 c\u00f3 th\u1ec3 t\u00f9y ch\u1ec9nh<\/strong><\/h3>\n<p>C\u00e1c\u00a0<strong>K\u00edch th\u01b0\u1edbc 30mm<\/strong>\u00a0c\u1ee7a Mifare Ultralight AES Sticker c\u00f3 th\u1ec3 d\u1ec5 d\u00e0ng g\u1eafn v\u00e0o nhi\u1ec1u v\u1eadt ph\u1ea9m kh\u00e1c nhau, t\u1eeb huy hi\u1ec7u \u0111\u1ebfn m\u00f3c ch\u00eca kh\u00f3a. C\u00e1c t\u00f9y ch\u1ecdn t\u00f9y ch\u1ec9nh c\u1ee7a n\u00f3 cung c\u1ea5p cho c\u00e1c doanh nghi\u1ec7p c\u01a1 h\u1ed9i k\u1ebft h\u1ee3p th\u01b0\u01a1ng hi\u1ec7u m\u1ed9t c\u00e1ch li\u1ec1n m\u1ea1ch, \u0111\u1ea3m b\u1ea3o r\u1eb1ng m\u1ed7i nh\u00e3n d\u00e1n kh\u00f4ng ch\u1ec9 ho\u1ea1t \u0111\u1ed9ng hi\u1ec7u qu\u1ea3 m\u00e0 c\u00f2n \u0111\u1ea1i di\u1ec7n cho th\u01b0\u01a1ng hi\u1ec7u c\u1ee7a b\u1ea1n m\u1ed9t c\u00e1ch hi\u1ec7u qu\u1ea3.<\/p>\n<table class=\"preview\" style=\"height: 270px;\" width=\"553\">\n<thead>\n<tr>\n<th>T\u00ednh n\u0103ng<\/th>\n<th>\u0110\u1eb7c \u0111i\u1ec3m k\u1ef9 thu\u1eadt<\/th>\n<\/tr>\n<\/thead>\n<tbody>\n<tr>\n<td>V\u1eadt li\u1ec7u<\/td>\n<td>PET\/Gi\u1ea5y tr\u00e1ng<\/td>\n<\/tr>\n<tr>\n<td>Chip<\/td>\n<td>AES si\u00eau nh\u1eb9<\/td>\n<\/tr>\n<tr>\n<td>T\u00ednh th\u01b0\u1eddng xuy\u00ean<\/td>\n<td>13,56MHz<\/td>\n<\/tr>\n<tr>\n<td>Ph\u1ea1m vi \u0111\u1ecdc<\/td>\n<td>0-100cm<\/td>\n<\/tr>\n<tr>\n<td>K\u00fd \u1ee9c<\/td>\n<td>144 byte<\/td>\n<\/tr>\n<tr>\n<td>Giao th\u1ee9c<\/td>\n<td>ISO 14443A<\/td>\n<\/tr>\n<tr>\n<td>\u0110\u01a1n v\u1ecb b\u00e1n<\/td>\n<td>M\u1ed9t m\u1ee5c duy nh\u1ea5t<\/td>\n<\/tr>\n<tr>\n<td>K\u00edch th\u01b0\u1edbc \u0111\u00f3ng g\u00f3i<\/td>\n<td>0,1 x 0,1 x 0,02cm<\/td>\n<\/tr>\n<tr>\n<td>T\u1ed5ng tr\u1ecdng l\u01b0\u1ee3ng<\/td>\n<td>0,010kg<\/td>\n<\/tr>\n<\/tbody>\n<\/table>\n<p>&nbsp;<\/p>","protected":false},"excerpt":{"rendered":"<p>Nh\u00e3n d\u00e1n AES MIFARE Ultralight ID ng\u1eabu nhi\u00ean t\u00f9y ch\u1ecdn, tu\u00e2n th\u1ee7 ISO 14443A, cung c\u1ea5p c\u00e1c t\u00ednh n\u0103ng b\u1ea3o m\u1eadt n\u00e2ng cao v\u00e0 qu\u1ea3n l\u00fd d\u1eef li\u1ec7u linh ho\u1ea1t \u0111\u1ec3 ki\u1ec3m so\u00e1t truy c\u1eadp hi\u1ec7u qu\u1ea3 v\u00e0 c\u00e1c gi\u1ea3i ph\u00e1p nh\u1eadn d\u1ea1ng. Thi\u1ebft k\u1ebf nh\u1ecf g\u1ecdn cho ph\u00e9p t\u00edch h\u1ee3p d\u1ec5 d\u00e0ng v\u00e0o nhi\u1ec1u \u1ee9ng d\u1ee5ng kh\u00e1c nhau \u0111\u1ed3ng th\u1eddi \u0111\u1ea3m b\u1ea3o hi\u1ec7u su\u1ea5t \u0111\u00e1ng tin c\u1eady.<\/p>","protected":false},"featured_media":3179,"template":"","meta":[],"product_brand":[],"product_cat":[48],"product_tag":[],"class_list":{"0":"post-3178","1":"product","2":"type-product","3":"status-publish","4":"has-post-thumbnail","6":"product_cat-nfc-stickers","8":"first","9":"instock","10":"shipping-taxable","11":"product-type-simple"},"_links":{"self":[{"href":"https:\/\/nfc-readers.com\/vi\/wp-json\/wp\/v2\/product\/3178","targetHints":{"allow":["GET"]}}],"collection":[{"href":"https:\/\/nfc-readers.com\/vi\/wp-json\/wp\/v2\/product"}],"about":[{"href":"https:\/\/nfc-readers.com\/vi\/wp-json\/wp\/v2\/types\/product"}],"wp:featuredmedia":[{"embeddable":true,"href":"https:\/\/nfc-readers.com\/vi\/wp-json\/wp\/v2\/media\/3179"}],"wp:attachment":[{"href":"https:\/\/nfc-readers.com\/vi\/wp-json\/wp\/v2\/media?parent=3178"}],"wp:term":[{"taxonomy":"product_brand","embeddable":true,"href":"https:\/\/nfc-readers.com\/vi\/wp-json\/wp\/v2\/product_brand?post=3178"},{"taxonomy":"product_cat","embeddable":true,"href":"https:\/\/nfc-readers.com\/vi\/wp-json\/wp\/v2\/product_cat?post=3178"},{"taxonomy":"product_tag","embeddable":true,"href":"https:\/\/nfc-readers.com\/vi\/wp-json\/wp\/v2\/product_tag?post=3178"}],"curies":[{"name":"wp","href":"https:\/\/api.w.org\/{rel}","templated":true}]}}