{"id":3186,"date":"2024-10-29T13:27:39","date_gmt":"2024-10-29T13:27:39","guid":{"rendered":"https:\/\/nfc-readers.com\/?post_type=product&#038;p=3186"},"modified":"2024-10-29T13:59:52","modified_gmt":"2024-10-29T13:59:52","slug":"dia-30mm-ntag-424-dna-nfc-sticker-tamper-proof-high-security","status":"publish","type":"product","link":"https:\/\/nfc-readers.com\/vi\/ic-reader\/dia-30mm-ntag-424-dna-nfc-sticker-tamper-proof-high-security\/","title":{"rendered":"\u0110\u01b0\u1eddng k\u00ednh 30mm Nh\u00e3n d\u00e1n NFC DNA NTAG 424 Ch\u1ed1ng gi\u1ea3 m\u1ea1o B\u1ea3o m\u1eadt cao"},"content":{"rendered":"<h2><strong>\u0110\u01b0\u1eddng k\u00ednh 30mm Nh\u00e3n d\u00e1n NFC DNA NTAG 424 Ch\u1ed1ng gi\u1ea3 m\u1ea1o B\u1ea3o m\u1eadt cao<\/strong><\/h2>\n<p>Kh\u00e1m ph\u00e1 c\u1ea5p \u0111\u1ed9 ti\u1ebfp theo c\u1ee7a giao ti\u1ebfp an to\u00e0n v\u1edbi <strong>Nh\u00e3n d\u00e1n NFC DNA NTAG 424 \u0111\u01b0\u1eddng k\u00ednh 30mm<\/strong>. \u0110\u01b0\u1ee3c thi\u1ebft k\u1ebf cho c\u00e1c doanh nghi\u1ec7p mu\u1ed1n t\u0103ng c\u01b0\u1eddng c\u00e1c bi\u1ec7n ph\u00e1p b\u1ea3o m\u1eadt c\u1ee7a m\u00ecnh,\u00a0<strong>Th\u1ebb NFC<\/strong>\u00a0s\u1eed d\u1ee5ng c\u00f4ng ngh\u1ec7 ti\u00ean ti\u1ebfn kh\u00f4ng ch\u1ec9 ng\u0103n ch\u1eb7n vi\u1ec7c gi\u1ea3 m\u1ea1o m\u00e0 c\u00f2n \u0111\u1ea3m b\u1ea3o kh\u1ea3 n\u0103ng truy xu\u1ea5t ngu\u1ed3n g\u1ed1c li\u1ec1n m\u1ea1ch. Cho d\u00f9 b\u1ea1n \u0111ang l\u00e0m vi\u1ec7c trong ng\u00e0nh r\u01b0\u1ee3u vang nh\u1ea5n m\u1ea1nh c\u00e1c bi\u1ec7n ph\u00e1p ch\u1ed1ng h\u00e0ng gi\u1ea3 hay b\u1ea5t k\u1ef3 l\u0129nh v\u1ef1c n\u00e0o kh\u00e1c c\u1ea7n b\u1ea3o v\u1ec7 ti\u00ean ti\u1ebfn, nh\u00e3n d\u00e1n NFC \u0111a n\u0103ng n\u00e0y l\u00e0 m\u1ed9t t\u00e0i s\u1ea3n v\u00f4 gi\u00e1.<\/p>\n<p>&nbsp;<\/p>\n<h2><strong>L\u1ee3i \u00edch ch\u00ednh c\u1ee7a Mi\u1ebfng d\u00e1n NFC DNA NTAG 424 Dia 30mm<\/strong><\/h2>\n<p>C\u00e1c\u00a0<strong>Nh\u00e3n d\u00e1n NFC DNA NTAG 424<\/strong>\u00a0t\u00edch h\u1ee3p c\u00e1c t\u00ednh n\u0103ng tuy\u1ec7t v\u1eddi \u0111\u1ec3 cung c\u1ea5p b\u1ea3o m\u1eadt v\u00e0 ti\u1ec7n l\u1ee3i h\u00e0ng \u0111\u1ea7u. T\u00ednh linh ho\u1ea1t v\u00e0 d\u1ec5 s\u1eed d\u1ee5ng c\u1ee7a n\u00f3 l\u00e0m cho n\u00f3 tr\u1edf th\u00e0nh gi\u1ea3i ph\u00e1p n\u1ed5i b\u1eadt cho c\u00e1c doanh nghi\u1ec7p \u0111ang ph\u1ea5n \u0111\u1ea5u \u0111\u1ec3 n\u00e2ng cao kh\u1ea3 n\u0103ng giao ti\u1ebfp v\u00e0 truy xu\u1ea5t ngu\u1ed3n g\u1ed1c. V\u1edbi kh\u1ea3 n\u0103ng mang th\u00f4ng tin quan tr\u1ecdng m\u1ed9t c\u00e1ch an to\u00e0n, nh\u1eefng\u00a0<strong>S\u1ea3n ph\u1ea9m NFC<\/strong>\u00a0\u0111\u01b0\u1ee3c trang b\u1ecb b\u1ea3o m\u1eadt AES 128-bit, gi\u00fap ch\u00fang ch\u1ed1ng l\u1ea1i \u0111\u01b0\u1ee3c t\u00ecnh tr\u1ea1ng l\u00e0m gi\u1ea3. B\u1eb1ng c\u00e1ch \u0111\u1ea7u t\u01b0 v\u00e0o s\u1ea3n ph\u1ea9m s\u00e1ng t\u1ea1o n\u00e0y, b\u1ea1n kh\u00f4ng ch\u1ec9 b\u1ea3o v\u1ec7 \u0111\u01b0\u1ee3c t\u00ednh to\u00e0n v\u1eb9n c\u1ee7a th\u01b0\u01a1ng hi\u1ec7u m\u00e0 c\u00f2n n\u00e2ng cao \u0111\u01b0\u1ee3c l\u00f2ng tin c\u1ee7a kh\u00e1ch h\u00e0ng.<\/p>\n<p>&nbsp;<\/p>\n<h3><strong>Gi\u1ea3i ph\u00e1p danh thi\u1ebfp NFC s\u00e1ng t\u1ea1o<\/strong><\/h3>\n<p>C\u00e1c\u00a0<strong>Nh\u00e3n d\u00e1n NFC DNA NTAG 424 \u0111\u01b0\u1eddng k\u00ednh 30mm<\/strong>\u00a0\u0111\u1ecbnh ngh\u0129a l\u1ea1i c\u00e1ch ch\u00fang ta nh\u1eadn th\u1ee9c danh thi\u1ebfp truy\u1ec1n th\u1ed1ng. L\u00e0 m\u1ed9t\u00a0<strong>danh thi\u1ebfp k\u1ef9 thu\u1eadt s\u1ed1<\/strong>, cho ph\u00e9p ng\u01b0\u1eddi d\u00f9ng &quot;ch\u1ea1m&quot; v\u00e0o \u0111i\u1ec7n tho\u1ea1i th\u00f4ng minh c\u1ee7a h\u1ecd \u0111\u1ec3 thu th\u1eadp th\u00f4ng tin li\u00ean l\u1ea1c m\u1ed9t c\u00e1ch d\u1ec5 d\u00e0ng. Qu\u00ean \u0111i s\u1ef1 phi\u1ec1n ph\u1ee9c khi ph\u1ea3i mang theo nhi\u1ec1u th\u1ebb gi\u1ea5y; ch\u1ec9 c\u1ea7n ch\u1ea1m nh\u1eb9, kh\u00e1ch h\u00e0ng c\u00f3 th\u1ec3 truy c\u1eadp v\u00e0o h\u1ed3 s\u01a1 m\u1ea1ng x\u00e3 h\u1ed9i v\u00e0 th\u00f4ng tin li\u00ean l\u1ea1c c\u1ee7a b\u1ea1n ngay l\u1eadp t\u1ee9c. \u0110i\u1ec1u n\u00e0y\u00a0<strong>Danh thi\u1ebfp NFC<\/strong>\u00a0kh\u00f4ng ch\u1ec9 n\u00e2ng cao h\u00ecnh \u1ea3nh chuy\u00ean nghi\u1ec7p c\u1ee7a th\u01b0\u01a1ng hi\u1ec7u m\u00e0 c\u00f2n th\u1ec3 hi\u1ec7n cam k\u1ebft c\u1ee7a b\u1ea1n trong vi\u1ec7c \u00e1p d\u1ee5ng c\u00f4ng ngh\u1ec7 hi\u1ec7n \u0111\u1ea1i.<\/p>\n<p>H\u01a1n n\u1eefa, nh\u1eefng \u0111i\u1ec1u n\u00e0y\u00a0<strong>th\u1ebb NFC<\/strong>\u00a0ho\u00e0n h\u1ea3o cho c\u00e1c s\u1ef1 ki\u1ec7n giao l\u01b0u n\u01a1i \u1ea5n t\u01b0\u1ee3ng \u0111\u1ea7u ti\u00ean r\u1ea5t quan tr\u1ecdng. Ch\u00fang cho ph\u00e9p b\u1ea1n n\u1ed5i b\u1eadt trong m\u00f4i tr\u01b0\u1eddng c\u1ea1nh tranh b\u1eb1ng c\u00e1ch chia s\u1ebb th\u00f4ng tin mang t\u00ednh t\u01b0\u01a1ng t\u00e1c v\u00e0 \u0111\u00e1ng nh\u1edb.<\/p>\n<p>&nbsp;<\/p>\n<h3><strong>Nh\u1eefng c\u00e2u h\u1ecfi th\u01b0\u1eddng g\u1eb7p (FAQ)<\/strong><\/h3>\n<p><strong>H: T\u00f4i s\u1eed d\u1ee5ng Nh\u00e3n d\u00e1n NFC nh\u01b0 th\u1ebf n\u00e0o?<\/strong><br \/>\nA: Ch\u1ec9 c\u1ea7n ch\u1ea1m \u0111i\u1ec7n tho\u1ea1i th\u00f4ng minh c\u1ee7a b\u1ea1n v\u00e0o nh\u00e3n d\u00e1n v\u00e0 th\u00f4ng tin \u0111\u01b0\u1ee3c nh\u00fang s\u1ebd hi\u1ec3n th\u1ecb tr\u00ean m\u00e0n h\u00ecnh.<\/p>\n<p><strong>H: Nh\u00e3n d\u00e1n NFC c\u00f3 th\u1ec3 t\u00f9y ch\u1ec9nh \u0111\u01b0\u1ee3c kh\u00f4ng?<\/strong><br \/>\nA: C\u00f3, ch\u00fang t\u00f4i cung c\u1ea5p c\u00e1c thi\u1ebft k\u1ebf c\u00f3 th\u1ec3 t\u00f9y ch\u1ec9nh, bao g\u1ed3m logo v\u00e0 t\u00f9y ch\u1ecdn v\u0103n b\u1ea3n, cho ph\u00e9p b\u1ea1n t\u1ea1o ra tr\u1ea3i nghi\u1ec7m NFC \u0111\u1ed9c \u0111\u00e1o.<\/p>\n<p><strong>H: Tu\u1ed5i th\u1ecd c\u1ee7a mi\u1ebfng d\u00e1n NFC NTAG 424 DNA Dia 30mm l\u00e0 bao l\u00e2u?<\/strong><br \/>\nA: V\u1edbi \u0111\u1ed9 b\u1ec1n ghi l\u00ean t\u1edbi 200.000 chu k\u1ef3, nh\u1eefng mi\u1ebfng d\u00e1n n\u00e0y \u0111\u01b0\u1ee3c thi\u1ebft k\u1ebf \u0111\u1ec3 s\u1eed d\u1ee5ng l\u00e2u d\u00e0i v\u00e0 \u0111\u00e1ng tin c\u1eady.<\/p>\n<p><strong>H: T\u00f4i c\u00f3 th\u1ec3 s\u1eed d\u1ee5ng nh\u1eefng nh\u00e3n d\u00e1n n\u00e0y \u0111\u1ec3 qu\u1ea3ng c\u00e1o kh\u00f4ng?<\/strong><br \/>\nA: Ch\u1eafc ch\u1eafn r\u1ed3i! Ch\u00fang ho\u00e0n h\u1ea3o cho c\u00e1c chi\u1ebfn d\u1ecbch qu\u1ea3ng c\u00e1o t\u01b0\u01a1ng t\u00e1c v\u00e0 c\u00f3 th\u1ec3 \u0111\u01b0\u1ee3c s\u1eed d\u1ee5ng \u0111\u1ec3 chia s\u1ebb c\u00e1c \u01b0u \u0111\u00e3i, gi\u1ea3m gi\u00e1 ho\u1eb7c th\u00f4ng tin s\u1ea3n ph\u1ea9m.<\/p>\n<p>&nbsp;<\/p>\n<p>&nbsp;<\/p>\n<h3><strong>Th\u00f4ng s\u1ed1 k\u1ef9 thu\u1eadt c\u1ee7a th\u1ebb NFC<\/strong><\/h3>\n<table class=\"preview\" style=\"height: 299px;\" width=\"532\">\n<thead>\n<tr>\n<th><strong>T\u00ednh n\u0103ng<\/strong><\/th>\n<th><strong>Chi ti\u1ebft<\/strong><\/th>\n<\/tr>\n<\/thead>\n<tbody>\n<tr>\n<td><strong>Lo\u1ea1i Chip<\/strong><\/td>\n<td>DNA NTAG 424<\/td>\n<\/tr>\n<tr>\n<td><strong>K\u00fd \u1ee9c<\/strong><\/td>\n<td>416 Byte<\/td>\n<\/tr>\n<tr>\n<td><strong>B\u1ea3o v\u1ec7<\/strong><\/td>\n<td>AES 128-bit, LRP<\/td>\n<\/tr>\n<tr>\n<td><strong>Ph\u00edm truy c\u1eadp<\/strong><\/td>\n<td>5 x 128 bit<\/td>\n<\/tr>\n<tr>\n<td><strong>Vi\u1ebft s\u1ee9c b\u1ec1n<\/strong><\/td>\n<td>200.000 chu k\u1ef3<\/td>\n<\/tr>\n<tr>\n<td><strong>Ph\u01b0\u01a1ng th\u1ee9c giao ti\u1ebfp<\/strong><\/td>\n<td>Di\u1ec5n \u0111\u00e0n NFC Lo\u1ea1i 4<\/td>\n<\/tr>\n<tr>\n<td><strong>V\u1eadt li\u1ec7u<\/strong><\/td>\n<td>TH\u00da C\u01afNG<\/td>\n<\/tr>\n<tr>\n<td><strong>K\u00edch th\u01b0\u1edbc \u0103ng-ten<\/strong><\/td>\n<td>\u0110\u01b0\u1eddng k\u00ednh 30mm<\/td>\n<\/tr>\n<tr>\n<td><strong>Bao b\u00ec<\/strong><\/td>\n<td>1000-5000 CHI\u1ebeC\/Cu\u1ed9n<\/td>\n<\/tr>\n<tr>\n<td><strong>Ch\u1ee9ng nh\u1eadn<\/strong><\/td>\n<td>Ti\u00eau chu\u1ea9n ISO14443A, ISO15693<\/td>\n<\/tr>\n<\/tbody>\n<\/table>\n<p>&nbsp;<\/p>","protected":false},"excerpt":{"rendered":"<p>Mi\u1ebfng d\u00e1n NFC DNA NTAG 424 Dia 30mm cung c\u1ea5p t\u00ednh b\u1ea3o m\u1eadt cao v\u1edbi c\u00f4ng ngh\u1ec7 ch\u1ed1ng gi\u1ea3 m\u1ea1o, \u0111\u1ea3m b\u1ea3o b\u1ea3o v\u1ec7 d\u1eef li\u1ec7u \u0111\u00e1ng tin c\u1eady v\u00e0 tr\u1ea3i nghi\u1ec7m ng\u01b0\u1eddi d\u00f9ng li\u1ec1n m\u1ea1ch. Ho\u00e0n h\u1ea3o cho c\u00e1c doanh nghi\u1ec7p c\u1ea7n gi\u1ea3i ph\u00e1p b\u1ea3o m\u1eadt!<\/p>","protected":false},"featured_media":3188,"template":"","meta":[],"product_brand":[],"product_cat":[48],"product_tag":[],"class_list":{"0":"post-3186","1":"product","2":"type-product","3":"status-publish","4":"has-post-thumbnail","6":"product_cat-nfc-stickers","8":"first","9":"instock","10":"shipping-taxable","11":"product-type-simple"},"_links":{"self":[{"href":"https:\/\/nfc-readers.com\/vi\/wp-json\/wp\/v2\/product\/3186","targetHints":{"allow":["GET"]}}],"collection":[{"href":"https:\/\/nfc-readers.com\/vi\/wp-json\/wp\/v2\/product"}],"about":[{"href":"https:\/\/nfc-readers.com\/vi\/wp-json\/wp\/v2\/types\/product"}],"wp:featuredmedia":[{"embeddable":true,"href":"https:\/\/nfc-readers.com\/vi\/wp-json\/wp\/v2\/media\/3188"}],"wp:attachment":[{"href":"https:\/\/nfc-readers.com\/vi\/wp-json\/wp\/v2\/media?parent=3186"}],"wp:term":[{"taxonomy":"product_brand","embeddable":true,"href":"https:\/\/nfc-readers.com\/vi\/wp-json\/wp\/v2\/product_brand?post=3186"},{"taxonomy":"product_cat","embeddable":true,"href":"https:\/\/nfc-readers.com\/vi\/wp-json\/wp\/v2\/product_cat?post=3186"},{"taxonomy":"product_tag","embeddable":true,"href":"https:\/\/nfc-readers.com\/vi\/wp-json\/wp\/v2\/product_tag?post=3186"}],"curies":[{"name":"wp","href":"https:\/\/api.w.org\/{rel}","templated":true}]}}