{"id":3195,"date":"2024-10-29T13:40:47","date_gmt":"2024-10-29T13:40:47","guid":{"rendered":"https:\/\/nfc-readers.com\/?post_type=product&#038;p=3195"},"modified":"2024-10-29T14:03:42","modified_gmt":"2024-10-29T14:03:42","slug":"iso14443a-pet-wet-inlay-nfc-sticker-dia30mm-for-smart-phone","status":"publish","type":"product","link":"https:\/\/nfc-readers.com\/vi\/ic-reader\/iso14443a-pet-wet-inlay-nfc-sticker-dia30mm-for-smart-phone\/","title":{"rendered":"Mi\u1ebfng d\u00e1n NFC \u01b0\u1edbt PET ISO14443A \u0110\u01b0\u1eddng k\u00ednh 30mm cho \u0111i\u1ec7n tho\u1ea1i th\u00f4ng minh"},"content":{"rendered":"<h2 style=\"text-align: center;\"><strong>Mi\u1ebfng d\u00e1n NFC \u01b0\u1edbt PET ISO14443A \u0110\u01b0\u1eddng k\u00ednh 30mm cho \u0111i\u1ec7n tho\u1ea1i th\u00f4ng minh<\/strong><\/h2>\n<p>&nbsp;<\/p>\n<p>Trong th\u1ebf gi\u1edbi k\u1ef9 thu\u1eadt s\u1ed1 ph\u00e1t tri\u1ec3n nhanh ch\u00f3ng ng\u00e0y nay, giao ti\u1ebfp c\u1ea7n ph\u1ea3i li\u1ec1n m\u1ea1ch v\u00e0 hi\u1ec7u qu\u1ea3.\u00a0<strong>Mi\u1ebfng d\u00e1n NFC \u01b0\u1edbt PET ISO14443A \u0110\u01b0\u1eddng k\u00ednh 30mm cho \u0111i\u1ec7n tho\u1ea1i th\u00f4ng minh<\/strong>\u00a0\u0111\u01b0\u1ee3c thi\u1ebft k\u1ebf \u0111\u1ec3 c\u00e1ch m\u1ea1ng h\u00f3a c\u00e1ch b\u1ea1n chia s\u1ebb th\u00f4ng tin c\u1ee7a m\u00ecnh. Cho d\u00f9 b\u1ea1n l\u00e0 ch\u1ee7 doanh nghi\u1ec7p, chuy\u00ean gia s\u00e1ng t\u1ea1o hay ng\u01b0\u1eddi mu\u1ed1n \u0111\u01a1n gi\u1ea3n h\u00f3a vi\u1ec7c chia s\u1ebb danh b\u1ea1, th\u1ebb NFC n\u00e0y cung c\u1ea5p v\u00f4 s\u1ed1 l\u1ee3i \u00edch khi\u1ebfn n\u00f3 tr\u1edf th\u00e0nh m\u1ed9t c\u00f4ng c\u1ee5 kh\u00f4ng th\u1ec3 thi\u1ebfu. V\u1edbi c\u1ea5u tr\u00fac ch\u1ed1ng th\u1ea5m n\u01b0\u1edbc, c\u00e1c t\u00ednh n\u0103ng t\u00f9y ch\u1ec9nh v\u00e0 kh\u1ea3 n\u0103ng t\u01b0\u01a1ng th\u00edch v\u1edbi m\u1ecdi \u0111i\u1ec7n tho\u1ea1i th\u00f4ng minh, \u0111\u00e2y kh\u00f4ng ch\u1ec9 l\u00e0 gi\u1ea3i ph\u00e1p thi\u1ebft th\u1ef1c m\u00e0 c\u00f2n l\u00e0 s\u1ef1 b\u1ed5 sung phong c\u00e1ch cho b\u1ed9 c\u00f4ng c\u1ee5 m\u1ea1ng c\u1ee7a b\u1ea1n.<\/p>\n<p>H\u00e3y t\u01b0\u1edfng t\u01b0\u1ee3ng vi\u1ec7c chia s\u1ebb th\u00f4ng tin li\u00ean l\u1ea1c, h\u1ed3 s\u01a1 ph\u01b0\u01a1ng ti\u1ec7n truy\u1ec1n th\u00f4ng x\u00e3 h\u1ed9i ho\u1eb7c li\u00ean k\u1ebft t\u00f9y ch\u1ec9nh c\u1ee7a b\u1ea1n ch\u1ec9 b\u1eb1ng c\u00e1ch ch\u1ea1m \u0111i\u1ec7n tho\u1ea1i th\u00f4ng minh c\u1ee7a b\u1ea1n v\u00e0o nh\u00e3n d\u00e1n NFC n\u00e0y! H\u00e3y c\u00f9ng t\u00ecm hi\u1ec3u s\u00e2u h\u01a1n v\u1ec1 \u0111i\u1ec1u l\u00e0m cho s\u1ea3n ph\u1ea9m NFC n\u00e0y n\u1ed5i b\u1eadt v\u00e0 l\u00fd do t\u1ea1i sao b\u1ea1n n\u00ean c\u00e2n nh\u1eafc \u0111\u01b0a n\u00f3 v\u00e0o kho v\u0169 kh\u00ed k\u1ef9 thu\u1eadt s\u1ed1 c\u1ee7a m\u00ecnh.<\/p>\n<p>&nbsp;<\/p>\n<h3><strong>C\u00e1c t\u00ednh n\u0103ng ch\u00ednh c\u1ee7a danh thi\u1ebfp NFC<\/strong><\/h3>\n<p>C\u00e1c\u00a0<strong>Danh thi\u1ebfp NFC<\/strong>\u00a0v\u01b0\u1ee3t tr\u1ed9i h\u01a1n c\u00e1c lo\u1ea1i th\u1ebb truy\u1ec1n th\u1ed1ng th\u00f4ng qua c\u00e1c t\u00ednh n\u0103ng \u1ea5n t\u01b0\u1ee3ng gi\u00fap t\u0103ng th\u00eam gi\u00e1 tr\u1ecb cho c\u00e1c t\u01b0\u01a1ng t\u00e1c chuy\u00ean nghi\u1ec7p c\u1ee7a b\u1ea1n. \u0110\u01b0\u1ee3c trang b\u1ecb\u00a0<strong>Chip NTAG<\/strong>\u00a0(213, 215, 216), s\u1ea3n ph\u1ea9m NFC n\u00e0y cho ph\u00e9p truy\u1ec1n d\u1eef li\u1ec7u li\u1ec1n m\u1ea1ch, cho ph\u00e9p b\u1ea1n chia s\u1ebb th\u00f4ng tin c\u1ea7n thi\u1ebft m\u00e0 kh\u00f4ng c\u1ea7n ph\u1ea3i d\u00f9ng \u0111\u1ebfn th\u1ebb gi\u1ea5y. \u0110\u1ed9 b\u1ec1n c\u1ee7a s\u1ea3n ph\u1ea9m c\u0169ng \u0111\u1ea3m b\u1ea3o r\u1eb1ng s\u1ea3n ph\u1ea9m c\u00f3 th\u1ec3 ch\u1ecbu \u0111\u01b0\u1ee3c nhi\u1ec1u \u0111i\u1ec1u ki\u1ec7n m\u00f4i tr\u01b0\u1eddng kh\u00e1c nhau, gi\u00fap s\u1ea3n ph\u1ea9m \u0111\u00e1ng tin c\u1eady khi s\u1eed d\u1ee5ng ngo\u00e0i tr\u1eddi.<\/p>\n<p>&nbsp;<\/p>\n<h3><strong>Th\u00f4ng s\u1ed1 k\u1ef9 thu\u1eadt c\u1ee7a nh\u00e3n d\u00e1n NFC<\/strong><\/h3>\n<table class=\"preview\" style=\"height: 234px;\" width=\"525\">\n<thead>\n<tr>\n<th>\u0110\u1eb7c \u0111i\u1ec3m k\u1ef9 thu\u1eadt<\/th>\n<th>Chi ti\u1ebft<\/th>\n<\/tr>\n<\/thead>\n<tbody>\n<tr>\n<td><strong>Giao th\u1ee9c<\/strong><\/td>\n<td>ISO14443A<\/td>\n<\/tr>\n<tr>\n<td><strong>V\u1eadt li\u1ec7u<\/strong><\/td>\n<td>PET ch\u1ecbu \u0111\u01b0\u1ee3c \u0111\u1ed9 \u1ea9m<\/td>\n<\/tr>\n<tr>\n<td><strong>T\u00f9y ch\u1ecdn Chip<\/strong><\/td>\n<td>TH\u1eba 213, TH\u1eba 215, TH\u1eba 216<\/td>\n<\/tr>\n<tr>\n<td><strong>K\u00edch c\u1ee1<\/strong><\/td>\n<td>\u0110\u01b0\u1eddng k\u00ednh 30mm\/T\u00f9y ch\u1ec9nh<\/td>\n<\/tr>\n<tr>\n<td><strong>Dung l\u01b0\u1ee3ng b\u1ed9 nh\u1edb<\/strong><\/td>\n<td>144 \/ 504 \/ 888 Byte<\/td>\n<\/tr>\n<tr>\n<td><strong>Thi\u1ebft b\u1ecb t\u01b0\u01a1ng th\u00edch<\/strong><\/td>\n<td>\u0110i\u1ec7n tho\u1ea1i c\u00f3 c\u00f4ng ngh\u1ec7 NFC<\/td>\n<\/tr>\n<tr>\n<td><strong>Chi ti\u1ebft \u0111\u00f3ng g\u00f3i<\/strong><\/td>\n<td>100 c\u00e1i\/t\u00fai, 5000 c\u00e1i\/h\u1ed9p<\/td>\n<\/tr>\n<tr>\n<td><strong>C\u1ea3ng<\/strong><\/td>\n<td>Th\u00e2m Quy\u1ebfn<\/td>\n<\/tr>\n<\/tbody>\n<\/table>\n<p>&nbsp;<\/p>\n<h3><strong>Nh\u1eefng c\u00e2u h\u1ecfi th\u01b0\u1eddng g\u1eb7p v\u1ec1 th\u1ebb NFC<\/strong><\/h3>\n<p>&nbsp;<\/p>\n<h3>C\u00e1i g\u00ec l\u00e0 m\u1ed9t\u00a0<strong>Th\u1ebb NFC<\/strong>?<\/h3>\n<p>Th\u1ebb NFC l\u00e0 th\u1ebb th\u00f4ng minh kh\u00f4ng ti\u1ebfp x\u00fac s\u1eed d\u1ee5ng c\u00f4ng ngh\u1ec7 Giao ti\u1ebfp tr\u01b0\u1eddng g\u1ea7n \u0111\u1ec3 t\u1ea1o \u0111i\u1ec1u ki\u1ec7n truy\u1ec1n d\u1eef li\u1ec7u ch\u1ec9 b\u1eb1ng c\u00e1ch ch\u1ea1m th\u1ebb v\u00e0o thi\u1ebft b\u1ecb h\u1ed7 tr\u1ee3 NFC.<\/p>\n<h3>L\u00e0m th\u1ebf n\u00e0o \u0111\u1ec3 t\u00f4i l\u1eadp tr\u00ecnh\u00a0<strong>Chip NFC<\/strong>?<\/h3>\n<p>B\u1ea1n c\u00f3 th\u1ec3 s\u1eed d\u1ee5ng nhi\u1ec1u \u1ee9ng d\u1ee5ng NFC c\u00f3 s\u1eb5n tr\u00ean \u0111i\u1ec7n tho\u1ea1i th\u00f4ng minh \u0111\u1ec3 l\u1eadp tr\u00ecnh nh\u00e3n d\u00e1n NFC c\u1ee7a m\u00ecnh. C\u00e1c \u1ee9ng d\u1ee5ng n\u00e0y cho ph\u00e9p b\u1ea1n nh\u1eadp d\u1eef li\u1ec7u b\u1ea1n mu\u1ed1n chia s\u1ebb, ch\u1eb3ng h\u1ea1n nh\u01b0 th\u00f4ng tin li\u00ean l\u1ea1c ho\u1eb7c li\u00ean k\u1ebft c\u1ee5 th\u1ec3.<\/p>\n<h3>L\u00e0\u00a0<strong>Danh thi\u1ebfp k\u1ef9 thu\u1eadt s\u1ed1 NFC<\/strong>\u00a0t\u01b0\u01a1ng th\u00edch v\u1edbi m\u1ecdi thi\u1ebft b\u1ecb?<\/h3>\n<p>C\u00f3, nh\u00e3n d\u00e1n NFC c\u1ee7a ch\u00fang t\u00f4i t\u01b0\u01a1ng th\u00edch v\u1edbi t\u1ea5t c\u1ea3 c\u00e1c \u0111i\u1ec7n tho\u1ea1i th\u00f4ng minh \u0111\u01b0\u1ee3c trang b\u1ecb kh\u1ea3 n\u0103ng NFC. \u0110i\u1ec1u n\u00e0y \u0111\u1ea3m b\u1ea3o ph\u1ea1m vi ti\u1ebfp c\u1eadn v\u00e0 kh\u1ea3 n\u0103ng truy c\u1eadp r\u1ed9ng, cho ph\u00e9p b\u1ea1n k\u1ebft n\u1ed1i v\u1edbi nhi\u1ec1u c\u00e1 nh\u00e2n h\u01a1n.<\/p>\n<h3>C\u00f3 c\u00e1ch n\u00e0o \u0111\u1ec3 theo d\u00f5i t\u01b0\u01a1ng t\u00e1c v\u1edbi s\u1ea3n ph\u1ea9m NFC c\u1ee7a t\u00f4i kh\u00f4ng?<\/h3>\n<p>M\u1eb7c d\u00f9 nh\u00e3n d\u00e1n NFC \u0111\u1ed9c l\u1eadp kh\u00f4ng c\u00f3 t\u00ednh n\u0103ng theo d\u00f5i nh\u01b0ng khi \u0111\u01b0\u1ee3c li\u00ean k\u1ebft v\u1edbi c\u00e1c URL c\u1ee5 th\u1ec3, b\u1ea1n c\u00f3 th\u1ec3 s\u1eed d\u1ee5ng c\u00e1c c\u00f4ng c\u1ee5 ph\u00e2n t\u00edch \u0111\u1ec3 theo d\u00f5i l\u01b0\u1ee3t nh\u1ea5p v\u00e0 t\u01b0\u01a1ng t\u00e1c.<\/p>\n<h3>T\u00f4i c\u00f3 th\u1ec3 \u0111\u01b0\u1ee3c mi\u1ec5n ph\u00ed v\u1eadn chuy\u1ec3n cho \u0111\u01a1n h\u00e0ng c\u1ee7a m\u00ecnh kh\u00f4ng?<\/h3>\n<p>C\u00f3! Ch\u00fang t\u00f4i th\u01b0\u1eddng cung c\u1ea5p d\u1ecbch v\u1ee5 giao h\u00e0ng mi\u1ec5n ph\u00ed, \u0111\u1eb7c bi\u1ec7t l\u00e0 \u0111\u1ed1i v\u1edbi c\u00e1c \u0111\u01a1n h\u00e0ng s\u1ed1 l\u01b0\u1ee3ng l\u1edbn. H\u00e3y xem c\u00e1c ch\u01b0\u01a1ng tr\u00ecnh khuy\u1ebfn m\u00e3i m\u1edbi nh\u1ea5t c\u1ee7a ch\u00fang t\u00f4i \u0111\u1ec3 bi\u1ebft th\u00eam chi ti\u1ebft.<\/p>\n<p>&nbsp;<\/p>\n<p>&nbsp;<\/p>","protected":false},"excerpt":{"rendered":"<p>C\u00e1c\u00a0<strong>Mi\u1ebfng d\u00e1n NFC \u01b0\u1edbt PET ISO14443A \u0110\u01b0\u1eddng k\u00ednh 30mm<\/strong>\u00a0l\u00e0 gi\u1ea3i ph\u00e1p NFC \u0111a n\u0103ng, ch\u1ed1ng n\u01b0\u1edbc \u0111\u01b0\u1ee3c thi\u1ebft k\u1ebf \u0111\u1ec3 chia s\u1ebb d\u1eef li\u1ec7u li\u1ec1n m\u1ea1ch v\u1edbi \u0111i\u1ec7n tho\u1ea1i th\u00f4ng minh. Mi\u1ebfng d\u00e1n nh\u1ecf g\u1ecdn n\u00e0y cho ph\u00e9p truy c\u1eadp nhanh v\u00e0o th\u00f4ng tin li\u00ean l\u1ea1c v\u00e0 h\u1ed3 s\u01a1 k\u1ef9 thu\u1eadt s\u1ed1 c\u1ee7a b\u1ea1n ch\u1ec9 b\u1eb1ng m\u1ed9t c\u00fa ch\u1ea1m, c\u00e1ch m\u1ea1ng h\u00f3a m\u1ea1ng l\u01b0\u1edbi v\u00e0 giao ti\u1ebfp.<\/p>","protected":false},"featured_media":3196,"template":"","meta":[],"product_brand":[],"product_cat":[48],"product_tag":[],"class_list":{"0":"post-3195","1":"product","2":"type-product","3":"status-publish","4":"has-post-thumbnail","6":"product_cat-nfc-stickers","8":"first","9":"instock","10":"shipping-taxable","11":"product-type-simple"},"_links":{"self":[{"href":"https:\/\/nfc-readers.com\/vi\/wp-json\/wp\/v2\/product\/3195","targetHints":{"allow":["GET"]}}],"collection":[{"href":"https:\/\/nfc-readers.com\/vi\/wp-json\/wp\/v2\/product"}],"about":[{"href":"https:\/\/nfc-readers.com\/vi\/wp-json\/wp\/v2\/types\/product"}],"wp:featuredmedia":[{"embeddable":true,"href":"https:\/\/nfc-readers.com\/vi\/wp-json\/wp\/v2\/media\/3196"}],"wp:attachment":[{"href":"https:\/\/nfc-readers.com\/vi\/wp-json\/wp\/v2\/media?parent=3195"}],"wp:term":[{"taxonomy":"product_brand","embeddable":true,"href":"https:\/\/nfc-readers.com\/vi\/wp-json\/wp\/v2\/product_brand?post=3195"},{"taxonomy":"product_cat","embeddable":true,"href":"https:\/\/nfc-readers.com\/vi\/wp-json\/wp\/v2\/product_cat?post=3195"},{"taxonomy":"product_tag","embeddable":true,"href":"https:\/\/nfc-readers.com\/vi\/wp-json\/wp\/v2\/product_tag?post=3195"}],"curies":[{"name":"wp","href":"https:\/\/api.w.org\/{rel}","templated":true}]}}