{"id":3225,"date":"2024-11-01T09:59:32","date_gmt":"2024-11-01T09:59:32","guid":{"rendered":"https:\/\/nfc-readers.com\/?post_type=product&#038;p=3225"},"modified":"2024-11-04T09:03:20","modified_gmt":"2024-11-04T09:03:20","slug":"mifare-rfid-pvc-card-full-color-printed-for-cashless-payment","status":"publish","type":"product","link":"https:\/\/nfc-readers.com\/vi\/ic-reader\/mifare-rfid-pvc-card-full-color-printed-for-cashless-payment\/","title":{"rendered":"Th\u1ebb MIFARE RFID PVC in \u0111\u1ea7y \u0111\u1ee7 m\u00e0u s\u1eafc \u0111\u1ec3 thanh to\u00e1n kh\u00f4ng d\u00f9ng ti\u1ec1n m\u1eb7t"},"content":{"rendered":"<h1><span style=\"color: #000080;\"><strong>Th\u1ebb MIFARE RFID PVC in \u0111\u1ea7y \u0111\u1ee7 m\u00e0u s\u1eafc \u0111\u1ec3 thanh to\u00e1n kh\u00f4ng d\u00f9ng ti\u1ec1n m\u1eb7t<\/strong><\/span><\/h1>\n<h4 class=\"w-8 h-8 flex-center rounded-lg cursor-pointer hover:bg-grey-fill1-hover\"><span style=\"color: #666699;\">Gi\u1edbi thi\u1ec7uTrong th\u1eddi \u0111\u1ea1i m\u00e0 c\u00e1c giao d\u1ecbch k\u1ef9 thu\u1eadt s\u1ed1 \u0111ang tr\u1edf th\u00e0nh chu\u1ea9n m\u1ef1c, <strong>Th\u1ebb PVC RFID MIFARE<\/strong>, \u0111\u01b0\u1ee3c thi\u1ebft k\u1ebf \u0111\u1eb7c bi\u1ec7t cho\u00a0<strong>thanh to\u00e1n kh\u00f4ng d\u00f9ng ti\u1ec1n m\u1eb7t<\/strong>, n\u1ed5i b\u1eadt nh\u01b0 m\u1ed9t c\u00f4ng c\u1ee5 mang t\u00ednh c\u00e1ch m\u1ea1ng cho c\u1ea3 doanh nghi\u1ec7p v\u00e0 ng\u01b0\u1eddi ti\u00eau d\u00f9ng. Nh\u1eefng t\u1ea5m th\u1ebb in \u0111\u1ea7y \u0111\u1ee7 m\u00e0u s\u1eafc n\u00e0y kh\u00f4ng ch\u1ec9 cung c\u1ea5p b\u1ec1 m\u1eb7t h\u1ea5p d\u1eabn cho th\u01b0\u01a1ng hi\u1ec7u m\u00e0 c\u00f2n t\u1ef1 h\u00e0o c\u00f3 c\u00f4ng ngh\u1ec7 ti\u00ean ti\u1ebfn cho c\u00e1c giao d\u1ecbch an to\u00e0n, li\u1ec1n m\u1ea1ch. Cho d\u00f9 b\u1ea1n \u0111ang l\u00e0m trong l\u0129nh v\u1ef1c b\u00e1n l\u1ebb, qu\u1ea3n l\u00fd s\u1ef1 ki\u1ec7n hay m\u1ea1ng l\u01b0\u1edbi, nh\u1eefng t\u1ea5m th\u1ebb n\u00e0y \u0111\u1ec1u cung c\u1ea5p m\u1ed9t gi\u1ea3i ph\u00e1p linh ho\u1ea1t \u0111\u00e1p \u1ee9ng c\u00e1c nhu c\u1ea7u \u0111a d\u1ea1ng trong th\u1ebf gi\u1edbi k\u1ef9 thu\u1eadt s\u1ed1 c\u1ee7a ch\u00fang ta.<\/span><\/h4>\n<hr \/>\n<h2 class=\"w-8 h-8 flex-center rounded-lg cursor-pointer hover:bg-grey-fill1-hover\" style=\"text-align: center;\"><span style=\"color: #000080;\"><em><strong>L\u1ee3i \u00edch c\u1ee7a s\u1ea3n ph\u1ea9m<\/strong><\/em><\/span><\/h2>\n<h3 class=\"w-8 h-8 flex-center rounded-lg cursor-pointer hover:bg-grey-fill1-hover\"><span style=\"color: #333399;\"><strong>1. B\u1ea3o m\u1eadt cao<\/strong><\/span><\/h3>\n<p class=\"w-8 h-8 flex-center rounded-lg cursor-pointer hover:bg-grey-fill1-hover\">Th\u1ebb PVC RFID MIFARE c\u1ee7a ch\u00fang t\u00f4i s\u1eed d\u1ee5ng <strong>C\u00f4ng ngh\u1ec7 MIFARE Desfire EV3<\/strong>, \u0111\u01b0\u1ee3c bi\u1ebft \u0111\u1ebfn v\u1edbi t\u00ednh b\u1ea3o m\u1eadt v\u00e0 \u0111\u1ed9 tin c\u1eady cao.<\/p>\n<p class=\"w-8 h-8 flex-center rounded-lg cursor-pointer hover:bg-grey-fill1-hover\">Con chip ti\u00ean ti\u1ebfn n\u00e0y \u0111\u1ea3m b\u1ea3o th\u00f4ng tin nh\u1ea1y c\u1ea3m \u0111\u01b0\u1ee3c b\u1ea3o v\u1ec7 kh\u1ecfi truy c\u1eadp tr\u00e1i ph\u00e9p. V\u1edbi nhi\u1ec1u l\u1edbp m\u00e3 h\u00f3a, nh\u1eefng th\u1ebb n\u00e0y l\u00fd t\u01b0\u1edfng cho c\u00e1c \u1ee9ng d\u1ee5ng y\u00eau c\u1ea7u c\u00e1c bi\u1ec7n ph\u00e1p b\u1ea3o m\u1eadt nghi\u00eam ng\u1eb7t.<\/p>\n<div class=\"answer-markdown-box h-[calc(100%-57px)] bg-grey-layer2-normal\">\n<div class=\"markdown-body h-full\">\n<div class=\"custom-scrollbar overflow-auto custom-scrollbar-wide h-full\">\n<table class=\"preview\">\n<thead>\n<tr>\n<th><strong>T\u00ednh n\u0103ng<\/strong><\/th>\n<th><strong>\u0110\u1eb7c \u0111i\u1ec3m k\u1ef9 thu\u1eadt<\/strong><\/th>\n<\/tr>\n<\/thead>\n<tbody>\n<tr>\n<td><strong>Chip<\/strong><\/td>\n<td>MIFARE Desfire EV3<\/td>\n<\/tr>\n<tr>\n<td><strong>T\u00f9y ch\u1ecdn b\u1ed9 nh\u1edb<\/strong><\/td>\n<td>2K\/4K\/8K<\/td>\n<\/tr>\n<tr>\n<td><strong>Giao th\u1ee9c<\/strong><\/td>\n<td>ISO14443A<\/td>\n<\/tr>\n<tr>\n<td><strong>T\u00ednh th\u01b0\u1eddng xuy\u00ean<\/strong><\/td>\n<td>13,56MHz<\/td>\n<\/tr>\n<tr>\n<td><strong>V\u1eadt li\u1ec7u<\/strong><\/td>\n<td>PVC<\/td>\n<\/tr>\n<tr>\n<td><strong>K\u00edch c\u1ee1<\/strong><\/td>\n<td>CR80 (85,5x54mm)<\/td>\n<\/tr>\n<tr>\n<td><strong>T\u00f9y ch\u1ecdn in<\/strong><\/td>\n<td>CMYK \/ Pantone<\/td>\n<\/tr>\n<tr>\n<td><strong>Ho\u00e0n thi\u1ec7n b\u1ec1 m\u1eb7t<\/strong><\/td>\n<td>B\u00f3ng \/ M\u1edd<\/td>\n<\/tr>\n<tr>\n<td><strong>Ngu\u1ed3n g\u1ed1c<\/strong><\/td>\n<td>Qu\u1ea3ng \u0110\u00f4ng, Trung Qu\u1ed1c<\/td>\n<\/tr>\n<tr>\n<td><strong>Lo\u1ea1i th\u1ebb<\/strong><\/td>\n<td>Th\u1ebb kh\u00f4ng ti\u1ebfp x\u00fac (RFID)<\/td>\n<\/tr>\n<tr>\n<td><strong>Nhi\u1ec7t \u0111\u1ed9 ho\u1ea1t \u0111\u1ed9ng<\/strong><\/td>\n<td>-20\u00b0C \u0111\u1ebfn 60\u00b0C<\/td>\n<\/tr>\n<tr>\n<td><strong>Nhi\u1ec7t \u0111\u1ed9 l\u01b0u tr\u1eef<\/strong><\/td>\n<td>-40\u00b0C \u0111\u1ebfn 80\u00b0C<\/td>\n<\/tr>\n<tr>\n<td><strong>\u0110\u1ed9 \u1ea9m<\/strong><\/td>\n<td>0-100%RH<\/td>\n<\/tr>\n<tr>\n<td><strong>L\u01b0u gi\u1eef d\u1eef li\u1ec7u<\/strong><\/td>\n<td>10 n\u0103m ho\u1eb7c h\u01a1n<\/td>\n<\/tr>\n<tr>\n<td><strong>Ngu\u1ed3n \u0111i\u1ec7n<\/strong><\/td>\n<td>Kh\u00f4ng c\u1ea7n ngu\u1ed3n \u0111i\u1ec7n b\u00ean ngo\u00e0i<\/td>\n<\/tr>\n<tr>\n<td><strong>Lo\u1ea1i c\u1ea3m bi\u1ebfn<\/strong><\/td>\n<td>RFID 13,56 MHz<\/td>\n<\/tr>\n<tr>\n<td><strong>Ph\u1ea1m vi<\/strong><\/td>\n<td>L\u00ean \u0111\u1ebfn 10 cm<\/td>\n<\/tr>\n<tr>\n<td><strong>Kh\u1ea3 n\u0103ng t\u01b0\u01a1ng th\u00edch<\/strong><\/td>\n<td>C\u00e1c thi\u1ebft b\u1ecb h\u1ed7 tr\u1ee3 NFC (\u0111i\u1ec7n tho\u1ea1i th\u00f4ng minh, m\u00e1y t\u00ednh b\u1ea3ng, v.v.)<\/td>\n<\/tr>\n<tr>\n<td><strong>B\u1ea3o v\u1ec7<\/strong><\/td>\n<td>M\u00e3 h\u00f3a DES, 3DES, AES<\/td>\n<\/tr>\n<tr>\n<td><strong>Ch\u1ee9ng nh\u1eadn<\/strong><\/td>\n<td>ISO\/IEC14443, Di\u1ec5n \u0111\u00e0n NFC<\/td>\n<\/tr>\n<\/tbody>\n<\/table>\n<h2><\/h2>\n<h3><span style=\"color: #333399;\"><strong>2. T\u00ednh linh ho\u1ea1t trong \u1ee9ng d\u1ee5ng<\/strong><\/span><\/h3>\n<p>Nh\u1eefng th\u1ebb \u0111a n\u0103ng n\u00e0y kh\u00f4ng ch\u1ec9 d\u00e0nh cho thanh to\u00e1n kh\u00f4ng d\u00f9ng ti\u1ec1n m\u1eb7t. Ch\u00fang c\u00f3 th\u1ec3 \u0111\u01b0\u1ee3c s\u1eed d\u1ee5ng trong nhi\u1ec1u \u1ee9ng d\u1ee5ng kh\u00e1c nhau bao g\u1ed3m:<\/p>\n<ul>\n<li><strong>Ki\u1ec3m so\u00e1t truy c\u1eadp<\/strong><\/li>\n<li><strong>V\u00e9 s\u1ef1 ki\u1ec7n<\/strong><\/li>\n<li><strong>Th\u1ebb th\u00e0nh vi\u00ean<\/strong><\/li>\n<li><strong>Ch\u01b0\u01a1ng tr\u00ecnh kh\u00e1ch h\u00e0ng th\u00e2n thi\u1ebft<\/strong><\/li>\n<li><strong>Th\u1ebb kinh doanh NFC<\/strong><\/li>\n<\/ul>\n<p>Kh\u1ea3 n\u0103ng th\u00edch \u1ee9ng n\u00e0y khi\u1ebfn ch\u00fang tr\u1edf th\u00e0nh kho\u1ea3n \u0111\u1ea7u t\u01b0 th\u00f4ng minh cho b\u1ea5t k\u1ef3 doanh nghi\u1ec7p n\u00e0o mu\u1ed1n n\u00e2ng cao d\u1ecbch v\u1ee5 c\u1ee7a m\u00ecnh.<\/p>\n<p>&nbsp;<\/p>\n<h3><span style=\"color: #333399;\"><strong>3. \u0110\u1ed9 b\u1ec1n v\u00e0 thi\u1ebft k\u1ebf<\/strong><\/span><\/h3>\n<p>\u0110\u01b0\u1ee3c x\u00e2y d\u1ef1ng t\u1eeb <strong>PVC ch\u1ea5t l\u01b0\u1ee3ng cao<\/strong>, nh\u1eefng th\u1ebb n\u00e0y kh\u00f4ng th\u1ea5m n\u01b0\u1edbc v\u00e0 ch\u1ed1ng m\u00e0i m\u00f2n. Ch\u00fang \u0111\u01b0\u1ee3c thi\u1ebft k\u1ebf \u0111\u1ec3 s\u1eed d\u1ee5ng l\u00e2u d\u00e0i, gi\u1ea3m nhu c\u1ea7u thay th\u1ebf th\u01b0\u1eddng xuy\u00ean.\u00a0<strong>In \u0111\u1ea7y \u0111\u1ee7 m\u00e0u s\u1eafc<\/strong>\u00a0C\u00e1c t\u00f9y ch\u1ecdn n\u00e0y cho ph\u00e9p doanh nghi\u1ec7p t\u1ea1o ra nh\u1eefng thi\u1ebft k\u1ebf b\u1eaft m\u1eaft ph\u00f9 h\u1ee3p v\u1edbi th\u01b0\u01a1ng hi\u1ec7u c\u1ee7a h\u1ecd, \u0111\u1ea3m b\u1ea3o r\u1eb1ng m\u1ecdi danh thi\u1ebfp \u0111\u1ec1u \u0111\u00f3ng vai tr\u00f2 l\u00e0 m\u1ed9t c\u00f4ng c\u1ee5 ti\u1ebfp th\u1ecb.<\/p>\n<p>&nbsp;<\/p>\n<h3><span style=\"color: #333399;\"><strong>4. D\u1ec5 s\u1eed d\u1ee5ng<\/strong><\/span><\/h3>\n<p>Th\u1ebb MIFARE RFID PVC c\u1ee7a ch\u00fang t\u00f4i \u0111\u01b0\u1ee3c thi\u1ebft k\u1ebf \u0111\u1ec3 d\u1ec5 s\u1eed d\u1ee5ng. Ch\u1ec9 c\u1ea7n ch\u1ea1m th\u1ebb v\u00e0o b\u1ea5t k\u1ef3 thi\u1ebft b\u1ecb h\u1ed7 tr\u1ee3 NFC n\u00e0o \u0111\u1ec3 giao d\u1ecbch nhanh ch\u00f3ng. Tr\u1ea3i nghi\u1ec7m th\u00e2n thi\u1ec7n v\u1edbi ng\u01b0\u1eddi d\u00f9ng n\u00e0y c\u00f3 th\u1ec3 t\u0103ng s\u1ef1 h\u00e0i l\u00f2ng c\u1ee7a kh\u00e1ch h\u00e0ng v\u00e0 h\u1ee3p l\u00fd h\u00f3a quy tr\u00ecnh thanh to\u00e1n.<\/p>\n<p><img loading=\"lazy\" decoding=\"async\" class=\"alignnone wp-image-3344\" src=\"https:\/\/nfc-readers.com\/wp-content\/uploads\/2024\/11\/main-image-4-6-300x300.jpeg\" alt=\"\" width=\"336\" height=\"336\" srcset=\"https:\/\/nfc-readers.com\/wp-content\/uploads\/2024\/11\/main-image-4-6-300x300.jpeg 300w, https:\/\/nfc-readers.com\/wp-content\/uploads\/2024\/11\/main-image-4-6-150x150.jpeg 150w, https:\/\/nfc-readers.com\/wp-content\/uploads\/2024\/11\/main-image-4-6-768x768.jpeg 768w, https:\/\/nfc-readers.com\/wp-content\/uploads\/2024\/11\/main-image-4-6-12x12.jpeg 12w, https:\/\/nfc-readers.com\/wp-content\/uploads\/2024\/11\/main-image-4-6-600x600.jpeg 600w, https:\/\/nfc-readers.com\/wp-content\/uploads\/2024\/11\/main-image-4-6-100x100.jpeg 100w, https:\/\/nfc-readers.com\/wp-content\/uploads\/2024\/11\/main-image-4-6.jpeg 800w\" sizes=\"auto, (max-width: 336px) 100vw, 336px\" \/><img loading=\"lazy\" decoding=\"async\" class=\"alignnone wp-image-3346\" src=\"https:\/\/nfc-readers.com\/wp-content\/uploads\/2024\/11\/main-image-6-5-300x300.jpeg\" alt=\"\" width=\"347\" height=\"347\" srcset=\"https:\/\/nfc-readers.com\/wp-content\/uploads\/2024\/11\/main-image-6-5-300x300.jpeg 300w, https:\/\/nfc-readers.com\/wp-content\/uploads\/2024\/11\/main-image-6-5-150x150.jpeg 150w, https:\/\/nfc-readers.com\/wp-content\/uploads\/2024\/11\/main-image-6-5-768x768.jpeg 768w, https:\/\/nfc-readers.com\/wp-content\/uploads\/2024\/11\/main-image-6-5-12x12.jpeg 12w, https:\/\/nfc-readers.com\/wp-content\/uploads\/2024\/11\/main-image-6-5-600x600.jpeg 600w, https:\/\/nfc-readers.com\/wp-content\/uploads\/2024\/11\/main-image-6-5-100x100.jpeg 100w, https:\/\/nfc-readers.com\/wp-content\/uploads\/2024\/11\/main-image-6-5.jpeg 800w\" sizes=\"auto, (max-width: 347px) 100vw, 347px\" \/><\/p>\n<hr \/>\n<h2 style=\"text-align: center;\"><em><span style=\"color: #000080;\"><strong>T\u00ednh n\u0103ng s\u00e1ng t\u1ea1o<\/strong><\/span><\/em><\/h2>\n<h3><span style=\"color: #333399;\"><strong>1. T\u00f9y ch\u1ecdn t\u00f9y ch\u1ec9nh<\/strong><\/span><\/h3>\n<p>T\u00f9y ch\u1ec9nh l\u00e0 ch\u00eca kh\u00f3a cho b\u1ea5t k\u1ef3 doanh nghi\u1ec7p n\u00e0o mu\u1ed1n \u0111\u1ec3 l\u1ea1i \u1ea5n t\u01b0\u1ee3ng l\u00e2u d\u00e0i. Th\u1ebb c\u1ee7a ch\u00fang t\u00f4i cung c\u1ea5p nhi\u1ec1u t\u00f9y ch\u1ecdn in \u1ea5n, bao g\u1ed3m:<\/p>\n<ul>\n<li><strong>In \u0111\u1ea7y \u0111\u1ee7 m\u00e0u s\u1eafc<\/strong>: Thi\u1ebft k\u1ebf s\u1ed1ng \u0111\u1ed9ng gi\u00fap th\u01b0\u01a1ng hi\u1ec7u c\u1ee7a b\u1ea1n n\u1ed5i b\u1eadt.<\/li>\n<li><strong>H\u00ecnh d\u1ea1ng v\u00e0 k\u00edch th\u01b0\u1edbc t\u00f9y ch\u1ec9nh<\/strong>: T\u00f9y ch\u1ec9nh k\u00edch th\u01b0\u1edbc th\u1ebb cho ph\u00f9 h\u1ee3p v\u1edbi nhu c\u1ea7u c\u1ee7a b\u1ea1n.<\/li>\n<\/ul>\n<p>&nbsp;<\/p>\n<h3><span style=\"color: #333399;\"><strong>2. Kh\u1ea3 n\u0103ng t\u01b0\u01a1ng th\u00edch v\u1edbi C\u00f4ng ngh\u1ec7 NFC<\/strong><\/span><\/h3>\n<p>Th\u1ebb MIFARE RFID PVC t\u01b0\u01a1ng th\u00edch v\u1edbi t\u1ea5t c\u1ea3 c\u00e1c thi\u1ebft b\u1ecb h\u1ed7 tr\u1ee3 NFC, \u0111\u1ea3m b\u1ea3o giao ti\u1ebfp li\u1ec1n m\u1ea1ch. Kh\u1ea3 n\u0103ng t\u01b0\u01a1ng th\u00edch r\u1ed9ng r\u00e3i n\u00e0y c\u00f3 ngh\u0129a l\u00e0 ng\u01b0\u1eddi d\u00f9ng c\u00f3 th\u1ec3 d\u1ec5 d\u00e0ng t\u01b0\u01a1ng t\u00e1c v\u1edbi \u0111i\u1ec7n tho\u1ea1i th\u00f4ng minh ho\u1eb7c thi\u1ebft b\u1ecb \u0111\u1ea7u cu\u1ed1i thanh to\u00e1n c\u1ee7a h\u1ecd.<\/p>\n<p>&nbsp;<\/p>\n<h3><span style=\"color: #333399;\"><strong>3. S\u1ea3n xu\u1ea5t th\u00e2n thi\u1ec7n v\u1edbi m\u00f4i tr\u01b0\u1eddng<\/strong><\/span><\/h3>\n<p>Th\u1ebb c\u1ee7a ch\u00fang t\u00f4i \u0111\u01b0\u1ee3c l\u00e0m b\u1eb1ng PVC b\u1ec1n, gi\u1ea3m thi\u1ec3u ch\u1ea5t th\u1ea3i so v\u1edbi th\u1ebb gi\u1ea5y d\u00f9ng m\u1ed9t l\u1ea7n. \u0110\u1ea7u t\u01b0 v\u00e0o th\u1ebb RFID ch\u1ea5t l\u01b0\u1ee3ng cao l\u00e0 m\u1ed9t b\u01b0\u1edbc ti\u1ebfn t\u1edbi t\u00ednh b\u1ec1n v\u1eefng, h\u1ea5p d\u1eabn ng\u01b0\u1eddi ti\u00eau d\u00f9ng c\u00f3 \u00fd th\u1ee9c v\u1ec1 m\u00f4i tr\u01b0\u1eddng \u0111ang t\u00ecm ki\u1ebfm c\u00e1c gi\u1ea3i ph\u00e1p thay th\u1ebf xanh h\u01a1n.<\/p>\n<p>&nbsp;<\/p>\n<h3><span style=\"color: #333399;\"><strong>4. T\u00f9y ch\u1ecdn n\u1ea1p ti\u1ec1n nhanh v\u00e0 in l\u1ea1i<\/strong><\/span><\/h3>\n<p>N\u1ebfu b\u1ea1n c\u1ea7n in l\u1ea1i th\u1ebb, quy tr\u00ecnh h\u1ee3p l\u00fd c\u1ee7a ch\u00fang t\u00f4i cho ph\u00e9p \u0111\u1eb7t h\u00e0ng l\u1ea1i nhanh ch\u00f3ng. Th\u00eam v\u00e0o \u0111\u00f3, c\u00e1c t\u00f9y ch\u1ecdn t\u00f9y ch\u1ec9nh c\u00f3 ngh\u0129a l\u00e0 b\u1ea3n in l\u1ea1i c\u00f3 th\u1ec3 hi\u1ec3n th\u1ecb th\u00f4ng tin c\u1eadp nh\u1eadt ho\u1eb7c th\u01b0\u01a1ng hi\u1ec7u m\u1ed9t c\u00e1ch li\u1ec1n m\u1ea1ch.<\/p>\n<hr \/>\n<p>&nbsp;<\/p>\n<h3><em><span style=\"color: #666699;\">S\u1eed d\u1ee5ng h\u00e0ng ng\u00e0y-\u00a0<strong>Ch\u1ea1m v\u00e0 thanh to\u00e1n<\/strong>: <\/span><\/em><\/h3>\n<p><strong>Kh\u00e1ch h\u00e0ng ch\u1ec9 c\u1ea7n ch\u1ea1m th\u1ebb c\u1ee7a m\u00ecnh v\u00e0o thi\u1ebft b\u1ecb t\u01b0\u01a1ng th\u00edch \u0111\u1ec3 ho\u00e0n t\u1ea5t giao d\u1ecbch.<\/strong><\/p>\n<ul>\n<li><strong>Chia s\u1ebb th\u00f4ng tin<\/strong>:\u0110\u1ed1i v\u1edbi danh thi\u1ebfp NFC, ng\u01b0\u1eddi d\u00f9ng c\u00f3 th\u1ec3 chia s\u1ebb th\u00f4ng tin li\u00ean l\u1ea1c ch\u1ec9 b\u1eb1ng m\u1ed9t c\u00fa ch\u1ea1m nhanh, lo\u1ea1i b\u1ecf nhu c\u1ea7u s\u1eed d\u1ee5ng danh thi\u1ebfp truy\u1ec1n th\u1ed1ng.<\/li>\n<\/ul>\n<hr \/>\n<h2><\/h2>\n<h2 style=\"text-align: center;\"><em><span style=\"color: #000080;\"><strong>\u0110\u00e1nh gi\u00e1 c\u1ee7a kh\u00e1ch h\u00e0ng<\/strong><\/span><\/em><\/h2>\n<p><strong>Nhi\u1ec1u doanh nghi\u1ec7p nh\u1eadn th\u1ea5y vi\u1ec7c chuy\u1ec3n sang th\u1ebb MIFARE RFID PVC c\u00f3 l\u1ee3i tr\u00ean nhi\u1ec1u ph\u01b0\u01a1ng di\u1ec7n. Sau \u0111\u00e2y l\u00e0 m\u1ed9t s\u1ed1 l\u1eddi ch\u1ee9ng th\u1ef1c t\u1eeb kh\u00e1ch h\u00e0ng c\u1ee7a ch\u00fang t\u00f4i:<\/strong><\/p>\n<p><span style=\"color: #008080;\"><strong>\u201cK\u1ec3 t\u1eeb khi t\u00edch h\u1ee3p th\u1ebb MIFARE v\u00e0o h\u1ec7 th\u1ed1ng thanh to\u00e1n kh\u00f4ng d\u00f9ng ti\u1ec1n m\u1eb7t c\u1ee7a ch\u00fang t\u00f4i, t\u1ef7 l\u1ec7 giao d\u1ecbch c\u1ee7a ch\u00fang t\u00f4i \u0111\u00e3 t\u0103ng l\u00ean \u0111\u00e1ng k\u1ec3. C\u00e1c th\u1ebb n\u00e0y d\u1ec5 s\u1eed d\u1ee5ng v\u00e0 c\u00f3 thi\u1ebft k\u1ebf \u0111\u1eb9p m\u1eaft g\u00e2y \u1ea5n t\u01b0\u1ee3ng v\u1edbi kh\u00e1ch h\u00e0ng c\u1ee7a ch\u00fang t\u00f4i.\u201d \u2013 John M., Qu\u1ea3n l\u00fd b\u00e1n l\u1ebb<\/strong><\/span><\/p>\n<blockquote><p><strong>\u201cDanh thi\u1ebfp NFC t\u00f9y ch\u1ec9nh m\u00e0 ch\u00fang t\u00f4i \u0111\u1eb7t h\u00e0ng \u0111\u00e3 bi\u1ebfn \u0111\u1ed5i c\u00e1c s\u1ef1 ki\u1ec7n giao l\u01b0u c\u1ee7a ch\u00fang t\u00f4i. Chia s\u1ebb th\u00f4ng tin li\u00ean l\u1ea1c gi\u1edd \u0111\u00e2y th\u1eadt d\u1ec5 d\u00e0ng v\u00e0 ch\u1ea5t l\u01b0\u1ee3ng th\u00ec tuy\u1ec7t v\u1eddi.\u201d \u2013 Sarah L., \u0110i\u1ec1u ph\u1ed1i vi\u00ean s\u1ef1 ki\u1ec7n<\/strong><\/p><\/blockquote>\n<hr \/>\n<h2><\/h2>\n<h2 style=\"text-align: center;\"><span style=\"color: #000080;\"><em><strong>Nh\u1eefng c\u00e2u h\u1ecfi th\u01b0\u1eddng g\u1eb7p<\/strong><\/em><\/span><\/h2>\n<p><strong>1. Th\u1ebb MIFARE c\u00f3 t\u01b0\u01a1ng th\u00edch v\u1edbi t\u1ea5t c\u1ea3 \u0111i\u1ec7n tho\u1ea1i th\u00f4ng minh kh\u00f4ng?<\/strong><\/p>\n<p>C\u00f3, th\u1ebb MIFARE RFID PVC t\u01b0\u01a1ng th\u00edch v\u1edbi t\u1ea5t c\u1ea3 \u0111i\u1ec7n tho\u1ea1i th\u00f4ng minh h\u1ed7 tr\u1ee3 NFC, cho ph\u00e9p ng\u01b0\u1eddi d\u00f9ng th\u1ef1c hi\u1ec7n giao d\u1ecbch d\u1ec5 d\u00e0ng.<\/p>\n<p><strong>2. T\u00f4i c\u00f3 th\u1ec3 t\u00f9y ch\u1ec9nh thi\u1ebft k\u1ebf th\u1ebb MIFARE c\u1ee7a m\u00ecnh kh\u00f4ng?<\/strong><\/p>\n<p>Ch\u1eafc ch\u1eafn r\u1ed3i! Th\u1ebb c\u1ee7a ch\u00fang t\u00f4i c\u00f3 nhi\u1ec1u t\u00f9y ch\u1ecdn t\u00f9y ch\u1ec9nh kh\u00e1c nhau \u0111\u1ec3 \u0111\u00e1p \u1ee9ng nhu c\u1ea7u x\u00e2y d\u1ef1ng th\u01b0\u01a1ng hi\u1ec7u c\u1ee7a b\u1ea1n.<\/p>\n<p><strong>3. Th\u1ebb MIFARE RFID PVC an to\u00e0n \u0111\u1ebfn m\u1ee9c n\u00e0o?<\/strong><\/p>\n<p>V\u1edbi c\u00f4ng ngh\u1ec7 MIFARE Desfire EV3, c\u00e1c lo\u1ea1i th\u1ebb n\u00e0y cung c\u1ea5p m\u1ee9c \u0111\u1ed9 b\u1ea3o m\u1eadt cao khi l\u01b0u tr\u1eef th\u00f4ng tin nh\u1ea1y c\u1ea3m.<\/p>\n<p><strong>4. B\u1ea1n c\u00f3 cung c\u1ea5p d\u1ecbch v\u1ee5 giao h\u00e0ng mi\u1ec5n ph\u00ed kh\u00f4ng?<\/strong><\/p>\n<p>V\u00e2ng, ch\u00fang t\u00f4i cung c\u1ea5p\u00a0<strong>mi\u1ec5n ph\u00ed v\u1eadn chuy\u1ec3n<\/strong>\u00a0cho m\u1ecdi \u0111\u01a1n h\u00e0ng, \u0111\u1ea3m b\u1ea3o b\u1ea1n nh\u1eadn \u0111\u01b0\u1ee3c gi\u00e1 tr\u1ecb gia t\u0103ng khi mua h\u00e0ng.<\/p>\n<p>&nbsp;<\/p>\n<p><strong>5. T\u00f4i ph\u1ea3i l\u00e0m g\u00ec n\u1ebfu c\u1ea7n in l\u1ea1i th\u1ebb?<\/strong><\/p>\n<p>Quy tr\u00ecnh \u0111\u1eb7t h\u00e0ng l\u1ea1i kh\u00f4ng r\u1eafc r\u1ed1i c\u1ee7a ch\u00fang t\u00f4i gi\u00fap b\u1ea1n d\u1ec5 d\u00e0ng y\u00eau c\u1ea7u in l\u1ea1i. Ch\u1ec9 c\u1ea7n \u0111\u1eb7t h\u00e0ng v\u00e0 ch\u00fang t\u00f4i s\u1ebd lo ph\u1ea7n c\u00f2n l\u1ea1i.<\/p>\n<p>&nbsp;<\/p>\n<hr \/>\n<h4><span style=\"color: #666699;\">C\u1ea3i thi\u1ec7n gi\u1ea3i ph\u00e1p thanh to\u00e1n c\u1ee7a b\u1ea1n ngay h\u00f4m nay\u0110\u1ea7u t\u01b0 v\u00e0o\u00a0<strong>Th\u1ebb RFID PVC MIFARE<\/strong>\u00a0\u0111\u1ea1i di\u1ec7n cho m\u1ed9t \u0111\u1ed9ng th\u00e1i chi\u1ebfn l\u01b0\u1ee3c h\u01b0\u1edbng t\u1edbi hi\u1ec7n \u0111\u1ea1i h\u00f3a quy tr\u00ecnh giao d\u1ecbch c\u1ee7a b\u1ea1n. V\u1edbi v\u1eadt li\u1ec7u ch\u1ea5t l\u01b0\u1ee3ng cao, c\u00f4ng ngh\u1ec7 ti\u00ean ti\u1ebfn v\u00e0 c\u00e1c t\u00f9y ch\u1ecdn t\u00f9y ch\u1ec9nh m\u1edf r\u1ed9ng, nh\u1eefng th\u1ebb n\u00e0y ho\u00e0n h\u1ea3o cho c\u00e1c doanh nghi\u1ec7p mu\u1ed1n n\u00e2ng cao tr\u1ea3i nghi\u1ec7m c\u1ee7a kh\u00e1ch h\u00e0ng. B\u1eaft \u0111\u1ea7u qu\u00e1 tr\u00ecnh chuy\u1ec3n \u0111\u1ed5i c\u1ee7a b\u1ea1n sang\u00a0<strong>gi\u1ea3i ph\u00e1p kh\u00f4ng d\u00f9ng ti\u1ec1n m\u1eb7t<\/strong>\u00a0ngay h\u00f4m nay! Cho d\u00f9 b\u1ea1n \u0111ang mu\u1ed1n t\u00edch h\u1ee3p h\u1ec7 th\u1ed1ng thanh to\u00e1n th\u00f4ng minh hay t\u1ea1o danh thi\u1ebfp NFC \u1ea5n t\u01b0\u1ee3ng, th\u1ebb MIFARE RFID PVC \u0111\u1ec1u c\u00f3 th\u1ec3 \u0111\u00e1p \u1ee9ng nhu c\u1ea7u c\u1ee7a b\u1ea1n.<\/span><\/h4>\n<h3><a href=\"\/\/dhoenijjpgpeimemopealfcbiecgceod\/sidepanel.html#\" target=\"_blank\" rel=\"noopener\">Li\u00ean h\u1ec7 \u0111\u1ec3 nh\u1eadn m\u1eabu mi\u1ec5n ph\u00ed<\/a><\/h3>\n<h3><span style=\"color: #008080;\"><strong>\u0110\u1eebng b\u1ecf l\u1ee1 c\u01a1 h\u1ed9i n\u00e0y \u0111\u1ec3 n\u00e2ng cao kh\u1ea3 n\u0103ng thanh to\u00e1n v\u00e0 th\u01b0\u01a1ng hi\u1ec7u c\u1ee7a doanh nghi\u1ec7p b\u1ea1n. Nh\u1ea5p v\u00e0o li\u00ean k\u1ebft \u1edf tr\u00ean \u0111\u1ec3 t\u00ecm hi\u1ec3u v\u1ec1 c\u00e1c t\u00f9y ch\u1ecdn th\u1ebb c\u1ee7a ch\u00fang t\u00f4i ho\u1eb7c y\u00eau c\u1ea7u m\u1eabu mi\u1ec5n ph\u00ed!<\/strong><\/span><\/h3>\n<\/div>\n<\/div>\n<\/div>","protected":false},"excerpt":{"rendered":"<div class=\"chat-list relative custom-scrollbar-reset-margin custom-scrollbar custom-scrollbar-hidden custom-scrollbar-float pb-9 flex-1 overflow-y-auto\">\n<div class=\"mx-auto max-w-[790px]\">\n<div class=\"message-item-outer relative px-4 mb-2\" data-id=\"0a4f4511-bd05-49a5-8695-d7a6fad22471\">\n<div class=\"content-area pl-[0px]\">\n<div class=\"message-item select-text relative\">\n<div class=\"message-inner relative\">\n<div class=\"py-[2px]\">\n<div class=\"flex flex-col gap-2\">\n<div class=\"answer-markdown-box overflow-x-auto select-text custom-scrollbar\">\n<div class=\"markdown-body\">\n<p>Gi\u1edbi thi\u1ec7u Th\u1ebb PVC RFID MIFARE, \u0111\u01b0\u1ee3c thi\u1ebft k\u1ebf cho c\u00e1c gi\u1ea3i ph\u00e1p thanh to\u00e1n kh\u00f4ng d\u00f9ng ti\u1ec1n m\u1eb7t hi\u1ec7n \u0111\u1ea1i. S\u1eed d\u1ee5ng c\u00f4ng ngh\u1ec7 MIFARE Desfire EV3, nh\u1eefng th\u1ebb in \u0111\u1ea7y \u0111\u1ee7 m\u00e0u s\u1eafc n\u00e0y \u0111\u1ea3m b\u1ea3o t\u00ednh b\u1ea3o m\u1eadt v\u00e0 \u0111\u1ed9 tin c\u1eady cao, khi\u1ebfn ch\u00fang tr\u1edf n\u00ean l\u00fd t\u01b0\u1edfng cho c\u00e1c doanh nghi\u1ec7p y\u00eau c\u1ea7u b\u1ea3o v\u1ec7 d\u1eef li\u1ec7u nh\u1ea1y c\u1ea3m. \u0110a n\u0103ng trong \u1ee9ng d\u1ee5ng, ch\u00fang c\u00f3 th\u1ec3 \u0111\u01b0\u1ee3c s\u1eed d\u1ee5ng \u0111\u1ec3 ki\u1ec3m so\u00e1t truy c\u1eadp, b\u00e1n v\u00e9 s\u1ef1 ki\u1ec7n, th\u1ebb th\u00e0nh vi\u00ean, ch\u01b0\u01a1ng tr\u00ecnh kh\u00e1ch h\u00e0ng th\u00e2n thi\u1ebft v\u00e0 danh thi\u1ebfp NFC. \u0110\u01b0\u1ee3c ch\u1ebf t\u1ea1o t\u1eeb PVC b\u1ec1n, kh\u00f4ng th\u1ea5m n\u01b0\u1edbc, nh\u1eefng th\u1ebb n\u00e0y c\u00f3 kh\u1ea3 n\u0103ng ch\u1ed1ng m\u00e0i m\u00f2n, \u0111\u1ea3m b\u1ea3o \u0111\u1ed9 b\u1ec1n v\u00e0 gi\u1ea3m chi ph\u00ed thay th\u1ebf. Kh\u00e1ch h\u00e0ng c\u00f3 th\u1ec3 d\u1ec5 d\u00e0ng ho\u00e0n t\u1ea5t giao d\u1ecbch ch\u1ec9 b\u1eb1ng c\u00e1ch ch\u1ea1m th\u1ebb c\u1ee7a h\u1ecd v\u00e0o b\u1ea5t k\u1ef3 thi\u1ebft b\u1ecb h\u1ed7 tr\u1ee3 NFC n\u00e0o, mang \u0111\u1ebfn tr\u1ea3i nghi\u1ec7m th\u00e2n thi\u1ec7n v\u1edbi ng\u01b0\u1eddi d\u00f9ng gi\u00fap t\u0103ng c\u01b0\u1eddng s\u1ef1 h\u00e0i l\u00f2ng c\u1ee7a kh\u00e1ch h\u00e0ng. Ngo\u00e0i ra, c\u00e1c th\u1ebb n\u00e0y cung c\u1ea5p nhi\u1ec1u t\u00f9y ch\u1ecdn t\u00f9y ch\u1ec9nh, bao g\u1ed3m in \u0111\u1ea7y \u0111\u1ee7 m\u00e0u s\u1eafc s\u1ed1ng \u0111\u1ed9ng v\u00e0 h\u00ecnh d\u1ea1ng t\u00f9y ch\u1ec9nh. V\u1edbi ph\u01b0\u01a1ng ph\u00e1p s\u1ea3n xu\u1ea5t th\u00e2n thi\u1ec7n v\u1edbi m\u00f4i tr\u01b0\u1eddng, Th\u1ebb PVC RFID MIFARE l\u00e0 m\u1ed9t gi\u1ea3i ph\u00e1p thay th\u1ebf b\u1ec1n v\u1eefng cho th\u1ebb gi\u1ea5y truy\u1ec1n th\u1ed1ng. \u0110\u1ea7u t\u01b0 v\u00e0o vi\u1ec7c hi\u1ec7n \u0111\u1ea1i h\u00f3a quy tr\u00ecnh giao d\u1ecbch c\u1ee7a b\u1ea1n ngay h\u00f4m nay v\u00e0 n\u00e2ng cao s\u1ef1 hi\u1ec7n di\u1ec7n c\u1ee7a th\u01b0\u01a1ng hi\u1ec7u c\u1ee7a b\u1ea1n b\u1eb1ng nh\u1eefng th\u1ebb s\u00e1ng t\u1ea1o, ch\u1ea5t l\u01b0\u1ee3ng cao n\u00e0y. Y\u00eau c\u1ea7u m\u1eabu mi\u1ec5n ph\u00ed \u0111\u1ec3 kh\u00e1m ph\u00e1 tr\u1ef1c ti\u1ebfp nh\u1eefng l\u1ee3i \u00edch c\u1ee7a ch\u00fang!<\/p>\n<\/div>\n<\/div>\n<\/div>\n<\/div>\n<\/div>\n<\/div>\n<\/div>\n<\/div>\n<\/div>\n<\/div>","protected":false},"featured_media":3341,"template":"","meta":[],"product_brand":[],"product_cat":[46],"product_tag":[],"class_list":{"0":"post-3225","1":"product","2":"type-product","3":"status-publish","4":"has-post-thumbnail","6":"product_cat-nfc-cards","8":"first","9":"instock","10":"shipping-taxable","11":"product-type-simple"},"_links":{"self":[{"href":"https:\/\/nfc-readers.com\/vi\/wp-json\/wp\/v2\/product\/3225","targetHints":{"allow":["GET"]}}],"collection":[{"href":"https:\/\/nfc-readers.com\/vi\/wp-json\/wp\/v2\/product"}],"about":[{"href":"https:\/\/nfc-readers.com\/vi\/wp-json\/wp\/v2\/types\/product"}],"wp:featuredmedia":[{"embeddable":true,"href":"https:\/\/nfc-readers.com\/vi\/wp-json\/wp\/v2\/media\/3341"}],"wp:attachment":[{"href":"https:\/\/nfc-readers.com\/vi\/wp-json\/wp\/v2\/media?parent=3225"}],"wp:term":[{"taxonomy":"product_brand","embeddable":true,"href":"https:\/\/nfc-readers.com\/vi\/wp-json\/wp\/v2\/product_brand?post=3225"},{"taxonomy":"product_cat","embeddable":true,"href":"https:\/\/nfc-readers.com\/vi\/wp-json\/wp\/v2\/product_cat?post=3225"},{"taxonomy":"product_tag","embeddable":true,"href":"https:\/\/nfc-readers.com\/vi\/wp-json\/wp\/v2\/product_tag?post=3225"}],"curies":[{"name":"wp","href":"https:\/\/api.w.org\/{rel}","templated":true}]}}