{"id":3233,"date":"2024-10-30T12:07:01","date_gmt":"2024-10-30T12:07:01","guid":{"rendered":"https:\/\/nfc-readers.com\/?post_type=product&#038;p=3233"},"modified":"2024-11-14T14:43:00","modified_gmt":"2024-11-14T14:43:00","slug":"customized-13-56mhz-rfid-abs-nfc-keychans","status":"publish","type":"product","link":"https:\/\/nfc-readers.com\/vi\/ic-reader\/customized-13-56mhz-rfid-abs-nfc-keychans\/","title":{"rendered":"M\u00f3c kh\u00f3a RFID ABS NFC 13,56MHz t\u00f9y ch\u1ec9nh"},"content":{"rendered":"<h1 style=\"text-align: center;\"><strong>M\u00f3c kh\u00f3a RFID ABS NFC 13,56MHz t\u00f9y ch\u1ec9nh<\/strong><\/h1>\n<p>&nbsp;<\/p>\n<p>Trong th\u1ebf gi\u1edbi ph\u00e1t tri\u1ec3n nhanh ch\u00f3ng ng\u00e0y nay, nhu c\u1ea7u v\u1ec1 c\u00e1c gi\u1ea3i ph\u00e1p truy c\u1eadp an to\u00e0n v\u00e0 thu\u1eadn ti\u1ec7n l\u00e0 t\u1ed1i quan tr\u1ecdng. Gi\u1edbi thi\u1ec7u <strong>M\u00f3c kh\u00f3a RFID ABS NFC 13,56MHz t\u00f9y ch\u1ec9nh<\/strong>, s\u1ef1 k\u1ebft h\u1ee3p ho\u00e0n h\u1ea3o gi\u1eefa c\u00f4ng ngh\u1ec7 v\u00e0 t\u00ednh th\u1ef1c t\u1ebf. Nh\u1eefng m\u00f3c ch\u00eca kh\u00f3a ti\u00ean ti\u1ebfn n\u00e0y s\u1eed d\u1ee5ng c\u00f4ng ngh\u1ec7 RFID (Nh\u1eadn d\u1ea1ng t\u1ea7n s\u1ed1 v\u00f4 tuy\u1ebfn) v\u00e0 NFC (Giao ti\u1ebfp tr\u01b0\u1eddng g\u1ea7n), cung c\u1ea5p kh\u1ea3 n\u0103ng truy c\u1eadp li\u1ec1n m\u1ea1ch v\u00e0 kh\u00f4ng ti\u1ebfp x\u00fac. Cho d\u00f9 s\u1eed d\u1ee5ng c\u00e1 nh\u00e2n hay l\u00e0 m\u1ed9t ph\u1ea7n c\u1ee7a m\u1ed9t\u00a0<strong>h\u1ec7 th\u1ed1ng ki\u1ec3m so\u00e1t ra v\u00e0o<\/strong>, nh\u1eefng m\u00f3c kh\u00f3a n\u00e0y cung c\u1ea5p gi\u1ea3i ph\u00e1p m\u1ea1nh m\u1ebd, \u0111\u00e1ng tin c\u1eady v\u00e0 th\u00e2n thi\u1ec7n v\u1edbi ng\u01b0\u1eddi d\u00f9ng cho nhu c\u1ea7u truy c\u1eadp c\u1ee7a b\u1ea1n.<\/p>\n<p>&nbsp;<\/p>\n<h3><strong>L\u1ee3i \u00edch c\u1ee7a s\u1ea3n ph\u1ea9m v\u00e0 l\u00fd do n\u00ean ch\u1ecdn m\u00f3c kh\u00f3a NFC c\u1ee7a ch\u00fang t\u00f4i<\/strong><\/h3>\n<p>&nbsp;<\/p>\n<ol>\n<li><strong>T\u0103ng c\u01b0\u1eddng b\u1ea3o m\u1eadt<\/strong>: C\u00e1c\u00a0<strong>Ch\u00eca kh\u00f3a NFC<\/strong>\u00a0t\u0103ng c\u01b0\u1eddng t\u00ednh b\u1ea3o m\u1eadt cho c\u01a1 s\u1edf c\u1ee7a b\u1ea1n. V\u1edbi m\u00e3 nh\u1eadn d\u1ea1ng duy nh\u1ea5t, m\u1ed7i thi\u1ebft b\u1ecb \u0111\u1ea3m b\u1ea3o r\u1eb1ng ch\u1ec9 nh\u1eefng ng\u01b0\u1eddi d\u00f9ng \u0111\u01b0\u1ee3c \u1ee7y quy\u1ec1n m\u1edbi c\u00f3 th\u1ec3 truy c\u1eadp.<\/li>\n<li><strong>\u0110\u1ed9 b\u1ec1n v\u00e0 t\u00ednh linh ho\u1ea1t<\/strong>: \u0110\u01b0\u1ee3c l\u00e0m t\u1eeb ch\u1ea5t l\u01b0\u1ee3ng cao\u00a0<strong>ABS<\/strong>, nh\u1eefng chi\u1ebfc m\u00f3c ch\u00eca kh\u00f3a n\u00e0y kh\u00f4ng ch\u1ec9 b\u1ec1n m\u00e0 c\u00f2n ch\u1ed1ng th\u1ea5m n\u01b0\u1edbc v\u00e0 ch\u1ecbu \u0111\u01b0\u1ee3c th\u1eddi ti\u1ebft, ph\u00f9 h\u1ee3p v\u1edbi nhi\u1ec1u m\u00f4i tr\u01b0\u1eddng kh\u00e1c nhau.<\/li>\n<li><strong>C\u00f3 th\u1ec3 t\u00f9y ch\u1ec9nh v\u00e0 h\u1ea5p d\u1eabn v\u1ec1 m\u1eb7t th\u1ea9m m\u1ef9<\/strong>: M\u00f3c kh\u00f3a c\u1ee7a ch\u00fang t\u00f4i c\u00f3 th\u1ec3 \u0111\u01b0\u1ee3c thi\u1ebft k\u1ebf ri\u00eang theo y\u00eau c\u1ea7u v\u1ec1 th\u01b0\u01a1ng hi\u1ec7u c\u1ee7a b\u1ea1n th\u00f4ng qua\u00a0<strong>In \u1ea5n CMYK 4C<\/strong>, m\u00e3 h\u00f3a laser v\u00e0 in nhi\u1ec7t, cho ph\u00e9p b\u1ea1n k\u1ebft h\u1ee3p logo ho\u1eb7c thi\u1ebft k\u1ebf c\u1ee7a m\u00ecnh m\u1ed9t c\u00e1ch li\u1ec1n m\u1ea1ch.<\/li>\n<li><strong>Th\u00e2n thi\u1ec7n v\u1edbi ng\u01b0\u1eddi d\u00f9ng<\/strong>:\u0110\u01b0\u1ee3c thi\u1ebft k\u1ebf \u0111\u1ec3 d\u1ec5 s\u1eed d\u1ee5ng, nh\u1eefng m\u00f3c ch\u00eca kh\u00f3a n\u00e0y kh\u00f4ng c\u1ea7n ti\u1ebfp x\u00fac; ng\u01b0\u1eddi d\u00f9ng ch\u1ec9 c\u1ea7n ch\u1ea1m m\u00f3c ch\u00eca kh\u00f3a v\u00e0o g\u1ea7n \u0111\u1ea7u \u0111\u1ecdc \u0111\u1ec3 m\u1edf c\u1eeda.<\/li>\n<li><strong>Gi\u1ea3i ph\u00e1p ti\u1ebft ki\u1ec7m chi ph\u00ed<\/strong>: V\u1edbi tu\u1ed5i th\u1ecd l\u00e0\u00a0<strong>100.000 chu k\u1ef3 vi\u1ebft<\/strong>, c\u1ee7a ch\u00fang t\u00f4i\u00a0<strong>Th\u1ebb ch\u00eca kh\u00f3a RFID<\/strong>\u00a0l\u00e0 gi\u1ea3i ph\u00e1p ti\u1ebft ki\u1ec7m chi ph\u00ed cho c\u1ea3 c\u00e1 nh\u00e2n v\u00e0 doanh nghi\u1ec7p, gi\u00fap gi\u1ea3m nhu c\u1ea7u thay th\u1ebf th\u01b0\u1eddng xuy\u00ean.<\/li>\n<\/ol>\n<p>V\u1edbi nh\u1eefng l\u1ee3i \u00edch n\u00e0y,\u00a0<strong>M\u00f3c kh\u00f3a RFID ABS NFC 13,56MHz t\u00f9y ch\u1ec9nh<\/strong>\u00a0tr\u1edf th\u00e0nh th\u00e0nh ph\u1ea7n thi\u1ebft y\u1ebfu cho c\u00e1c gi\u1ea3i ph\u00e1p truy c\u1eadp hi\u1ec7n \u0111\u1ea1i ng\u00e0y nay.<\/p>\n<p>&nbsp;<\/p>\n<h3><strong>S\u01a1 l\u01b0\u1ee3c s\u1ea3n ph\u1ea9m<\/strong><\/h3>\n<p>&nbsp;<\/p>\n<h3>1. Hi\u1ec3u v\u1ec1 c\u00f4ng ngh\u1ec7 RFID v\u00e0 NFC<\/h3>\n<p>RFID v\u00e0 NFC \u0111\u1ec1u l\u00e0 nh\u1eefng c\u00f4ng ngh\u1ec7 quan tr\u1ecdng th\u00fac \u0111\u1ea9y c\u00e1c gi\u1ea3i ph\u00e1p ki\u1ec3m so\u00e1t truy c\u1eadp hi\u1ec7n \u0111\u1ea1i. RFID ho\u1ea1t \u0111\u1ed9ng b\u1eb1ng c\u00e1ch s\u1eed d\u1ee5ng tr\u01b0\u1eddng \u0111i\u1ec7n t\u1eeb \u0111\u1ec3 t\u1ef1 \u0111\u1ed9ng nh\u1eadn d\u1ea1ng v\u00e0 theo d\u00f5i c\u00e1c th\u1ebb g\u1eafn v\u00e0o c\u00e1c \u0111\u1ed1i t\u01b0\u1ee3ng, trong khi NFC l\u00e0 m\u1ed9t t\u1eadp h\u1ee3p con c\u1ee7a RFID \u0111\u01b0\u1ee3c thi\u1ebft k\u1ebf cho giao ti\u1ebfp t\u1ea7m g\u1ea7n. C\u00e1c c\u00f4ng ngh\u1ec7 n\u00e0y t\u1ea1o th\u00e0nh x\u01b0\u01a1ng s\u1ed1ng c\u1ee7a\u00a0<strong>m\u00f3c ch\u00eca kh\u00f3a<\/strong>, \u0111\u1ea3m b\u1ea3o giao d\u1ecbch nhanh ch\u00f3ng v\u00e0 an to\u00e0n.<\/p>\n<h3>2. T\u00ednh n\u0103ng c\u1ee7a M\u00f3c kh\u00f3a RFID ABS NFC 13,56MHz t\u00f9y ch\u1ec9nh<\/h3>\n<p>M\u1ed9t trong nh\u1eefng t\u00ednh n\u0103ng n\u1ed5i b\u1eadt l\u00e0\u00a0<strong>T\u1ea7n s\u1ed1 13,56MHz<\/strong>, \u0111\u1ea3m b\u1ea3o kh\u1ea3 n\u0103ng \u0111\u1ecdc v\u01b0\u1ee3t tr\u1ed9i. Ngo\u00e0i ra, k\u00edch th\u01b0\u1edbc nh\u1ecf g\u1ecdn c\u1ee7a m\u00f3c ch\u00eca kh\u00f3a gi\u00fap t\u0103ng c\u01b0\u1eddng t\u00ednh di \u0111\u1ed9ng, gi\u00fap ng\u01b0\u1eddi d\u00f9ng d\u1ec5 d\u00e0ng mang theo. H\u01a1n n\u1eefa,\u00a0<strong>kh\u00f4ng th\u1ea5m n\u01b0\u1edbc v\u00e0 ch\u1ed1ng ch\u1ecbu th\u1eddi ti\u1ebft<\/strong>\u00a0Thi\u1ebft k\u1ebf cho ph\u00e9p ch\u00eca kh\u00f3a c\u00f3 th\u1ec3 ho\u1ea1t \u0111\u1ed9ng trong nhi\u1ec1u \u0111i\u1ec1u ki\u1ec7n m\u00f4i tr\u01b0\u1eddng kh\u00e1c nhau.<\/p>\n<h3>3. \u1ee8ng d\u1ee5ng trong h\u1ec7 th\u1ed1ng ki\u1ec3m so\u00e1t ra v\u00e0o<\/h3>\n<p>Nh\u1eefng m\u00f3c kh\u00f3a n\u00e0y l\u00fd t\u01b0\u1edfng \u0111\u1ec3 t\u00edch h\u1ee3p v\u00e0o\u00a0<strong>h\u1ec7 th\u1ed1ng ki\u1ec3m so\u00e1t ra v\u00e0o<\/strong>. Ch\u00fang c\u00f3 th\u1ec3 \u0111\u01b0\u1ee3c s\u1eed d\u1ee5ng cho kh\u00f3a c\u1eeda, c\u1eeda th\u00f4ng minh v\u00e0 th\u1eadm ch\u00ed l\u00e0 ph\u00f2ng kh\u00e1ch s\u1ea1n, gi\u00fap ch\u00fang linh ho\u1ea1t cho nhi\u1ec1u \u1ee9ng d\u1ee5ng kh\u00e1c nhau. M\u00f3c ch\u00eca kh\u00f3a ho\u1ea1t \u0111\u1ed9ng li\u1ec1n m\u1ea1ch \u0111\u1ec3 c\u1ea3i thi\u1ec7n an ninh trong c\u1ea3 m\u00f4i tr\u01b0\u1eddng d\u00e2n c\u01b0 v\u00e0 th\u01b0\u01a1ng m\u1ea1i.<\/p>\n<h3>4. H\u01b0\u1edbng d\u1eabn s\u1eed d\u1ee5ng th\u1ef1c t\u1ebf<\/h3>\n<p>S\u1eed d\u1ee5ng\u00a0<strong>Ch\u00eca kh\u00f3a RFID<\/strong>\u00a0l\u00e0 tr\u1ef1c quan; ch\u1ec9 c\u1ea7n gi\u1eef n\u00f3 trong\u00a0<strong>0-10cm<\/strong>\u00a0c\u1ee7a \u0111\u1ea7u \u0111\u1ecdc RFID cho \u0111\u1ebfn khi b\u1ea1n nghe th\u1ea5y ti\u1ebfng b\u00edp ho\u1eb7c th\u1ea5y \u0111\u00e8n LED b\u00e1o hi\u1ec7u truy c\u1eadp th\u00e0nh c\u00f4ng. C\u00e1c m\u00f3c ch\u00eca kh\u00f3a c\u00f3 th\u1ec3 ghi l\u1ea1i \u0111\u01b0\u1ee3c, ngh\u0129a l\u00e0 b\u1ea1n c\u00f3 th\u1ec3 c\u1eadp nh\u1eadt th\u00f4ng tin c\u1ee7a ch\u00fang khi c\u1ea7n, \u0111i\u1ec1u n\u00e0y r\u1ea5t quan tr\u1ecdng \u0111\u1ed1i v\u1edbi c\u00e1c t\u1ed5 ch\u1ee9c th\u01b0\u1eddng xuy\u00ean c\u1eadp nh\u1eadt quy\u1ec1n truy c\u1eadp c\u1ee7a nh\u00e2n vi\u00ean.<\/p>\n<h3>5. T\u00e1c \u0111\u1ed9ng m\u00f4i tr\u01b0\u1eddng<\/h3>\n<p>Cam k\u1ebft c\u1ee7a ch\u00fang t\u00f4i v\u1ec1 t\u00ednh b\u1ec1n v\u1eefng \u0111\u01b0\u1ee3c th\u1ec3 hi\u1ec7n trong c\u00e1c v\u1eadt li\u1ec7u v\u00e0 quy tr\u00ecnh ch\u00fang t\u00f4i s\u1eed d\u1ee5ng \u0111\u1ec3 s\u1ea3n xu\u1ea5t nh\u1eefng chi\u1ebfc m\u00f3c kh\u00f3a n\u00e0y. \u0110\u01b0\u1ee3c l\u00e0m t\u1eeb\u00a0<strong>ABS<\/strong>, m\u1ed9t lo\u1ea1i v\u1eadt li\u1ec7u c\u00f3 th\u1ec3 t\u00e1i ch\u1ebf, ch\u00fang l\u00e0 m\u1ed9t l\u1ef1a ch\u1ecdn th\u00e2n thi\u1ec7n v\u1edbi m\u00f4i tr\u01b0\u1eddng d\u00e0nh cho c\u00e1c doanh nghi\u1ec7p mu\u1ed1n gi\u1ea3m l\u01b0\u1ee3ng kh\u00ed th\u1ea3i carbon.<\/p>\n<h3>6. \u0110\u00e1nh gi\u00e1 v\u00e0 l\u1eddi ch\u1ee9ng th\u1ef1c c\u1ee7a kh\u00e1ch h\u00e0ng<\/h3>\n<p>Kh\u00e1ch h\u00e0ng khen ng\u1ee3i ch\u00fang t\u00f4i\u00a0<strong>M\u00f3c kh\u00f3a NFC<\/strong>\u00a0v\u00ec \u0111\u1ed9 tin c\u1eady v\u00e0 hi\u1ec7u qu\u1ea3 c\u1ee7a ch\u00fang. Nhi\u1ec1u ng\u01b0\u1eddi l\u01b0u \u00fd r\u1eb1ng t\u00ednh b\u1ea3o m\u1eadt \u0111\u01b0\u1ee3c t\u0103ng c\u01b0\u1eddng trong c\u00e1c c\u01a1 s\u1edf c\u1ee7a h\u1ecd, v\u1edbi m\u1ed9t s\u1ed1 b\u00e1o c\u00e1o c\u1ea3i thi\u1ec7n \u0111\u00e1ng k\u1ec3 v\u1ec1 kh\u1ea3 n\u0103ng truy c\u1eadp d\u1ec5 d\u00e0ng cho c\u1ea3 nh\u00e2n vi\u00ean v\u00e0 kh\u00e1ch. &quot;Vi\u1ec7c t\u00edch h\u1ee3p di\u1ec5n ra li\u1ec1n m\u1ea1ch v\u00e0 c\u00e1c m\u00f3c ch\u00eca kh\u00f3a ho\u1ea1t \u0111\u1ed9ng ho\u00e0n h\u1ea3o&quot;, m\u1ed9t kh\u00e1ch h\u00e0ng h\u00e0i l\u00f2ng cho bi\u1ebft.<\/p>\n<p>&nbsp;<\/p>\n<h3><strong>Th\u00f4ng s\u1ed1 k\u1ef9 thu\u1eadt<\/strong><\/h3>\n<table class=\"preview\" style=\"height: 293px;\" width=\"492\">\n<thead>\n<tr>\n<th>Thu\u1ed9c t\u00ednh<\/th>\n<th>\u0110\u1eb7c \u0111i\u1ec3m k\u1ef9 thu\u1eadt<\/th>\n<\/tr>\n<\/thead>\n<tbody>\n<tr>\n<td><strong>Ph\u01b0\u01a1ng th\u1ee9c giao ti\u1ebfp<\/strong><\/td>\n<td>RFID, NFC<\/td>\n<\/tr>\n<tr>\n<td><strong>T\u00ednh th\u01b0\u1eddng xuy\u00ean<\/strong><\/td>\n<td>13,56MHz<\/td>\n<\/tr>\n<tr>\n<td><strong>V\u1eadt li\u1ec7u<\/strong><\/td>\n<td>ABS<\/td>\n<\/tr>\n<tr>\n<td><strong>Chip<\/strong><\/td>\n<td>NTAG213\/215\/216<\/td>\n<\/tr>\n<tr>\n<td><strong>Giao th\u1ee9c<\/strong><\/td>\n<td>ISO14443A<\/td>\n<\/tr>\n<tr>\n<td><strong>Ph\u1ea1m vi nhi\u1ec7t \u0111\u1ed9<\/strong><\/td>\n<td>20\u2103~+85\u2103<\/td>\n<\/tr>\n<tr>\n<td><strong>Kho\u1ea3ng c\u00e1ch \u0111\u1ecdc<\/strong><\/td>\n<td>0-10cm<\/td>\n<\/tr>\n<tr>\n<td><strong>Chu k\u1ef3 vi\u1ebft<\/strong><\/td>\n<td>100.000 l\u1ea7n<\/td>\n<\/tr>\n<tr>\n<td><strong>K\u00edch th\u01b0\u1edbc \u0111\u00f3ng g\u00f3i<\/strong><\/td>\n<td>10x8x6cm<\/td>\n<\/tr>\n<tr>\n<td><strong>C\u00e2n n\u1eb7ng<\/strong><\/td>\n<td>0,020kg<\/td>\n<\/tr>\n<\/tbody>\n<\/table>\n<h3><\/h3>\n<h3><strong>C\u00e2u h\u1ecfi th\u01b0\u1eddng g\u1eb7p<\/strong><\/h3>\n<p>&nbsp;<\/p>\n<p><strong>H: T\u00f4i c\u00f3 th\u1ec3 t\u00f9y ch\u1ec9nh th\u1ebb RFID kh\u00f4ng?<\/strong><br \/>\nA: V\u00e2ng, c\u1ee7a ch\u00fang t\u00f4i\u00a0<strong>M\u00f3c ch\u00eca kh\u00f3a RFID<\/strong>\u00a0c\u00f3 th\u1ec3 t\u00f9y ch\u1ec9nh theo thi\u1ebft k\u1ebf v\u00e0 y\u1ebfu t\u1ed1 x\u00e2y d\u1ef1ng th\u01b0\u01a1ng hi\u1ec7u mong mu\u1ed1n c\u1ee7a b\u1ea1n.<\/p>\n<p><strong>H: Nh\u1eefng ch\u00eca kh\u00f3a n\u00e0y c\u00f3 t\u01b0\u01a1ng th\u00edch v\u1edbi c\u00e1c h\u1ec7 th\u1ed1ng hi\u1ec7n c\u00f3 kh\u00f4ng?<\/strong><br \/>\nA: M\u00f3c ch\u00eca kh\u00f3a c\u1ee7a ch\u00fang t\u00f4i \u0111\u01b0\u1ee3c thi\u1ebft k\u1ebf \u0111\u1ec3 t\u00edch h\u1ee3p v\u1edbi h\u1ea7u h\u1ebft c\u00e1c h\u1ec7 th\u1ed1ng RFID hi\u1ec7n c\u00f3, nh\u01b0ng ch\u00fang t\u00f4i khuy\u00ean b\u1ea1n n\u00ean ki\u1ec3m tra<\/p>\n<p>&nbsp;<\/p>","protected":false},"excerpt":{"rendered":"<p>M\u00f3c kh\u00f3a RFID ABS NFC 13,56MHz t\u00f9y ch\u1ec9nh \u0111\u01b0\u1ee3c thi\u1ebft k\u1ebf \u0111\u1ec3 ki\u1ec3m so\u00e1t truy c\u1eadp linh ho\u1ea1t v\u00e0 an to\u00e0n. V\u1edbi v\u1eadt li\u1ec7u ABS b\u1ec1n v\u00e0 c\u00f4ng ngh\u1ec7 NFC, nh\u1eefng m\u00f3c kh\u00f3a n\u00e0y mang l\u1ea1i s\u1ef1 ti\u1ec7n l\u1ee3i v\u00e0 \u0111\u1ed9 tin c\u1eady cho nhi\u1ec1u \u1ee9ng d\u1ee5ng kh\u00e1c nhau, t\u1eeb qu\u1ea3n l\u00fd s\u1ef1 ki\u1ec7n \u0111\u1ebfn h\u1ec7 th\u1ed1ng nh\u00e0 th\u00f4ng minh.<\/p>","protected":false},"featured_media":3235,"template":"","meta":[],"product_brand":[],"product_cat":[49],"product_tag":[],"class_list":{"0":"post-3233","1":"product","2":"type-product","3":"status-publish","4":"has-post-thumbnail","6":"product_cat-nfc-key-fobs","8":"first","9":"instock","10":"shipping-taxable","11":"product-type-simple"},"_links":{"self":[{"href":"https:\/\/nfc-readers.com\/vi\/wp-json\/wp\/v2\/product\/3233","targetHints":{"allow":["GET"]}}],"collection":[{"href":"https:\/\/nfc-readers.com\/vi\/wp-json\/wp\/v2\/product"}],"about":[{"href":"https:\/\/nfc-readers.com\/vi\/wp-json\/wp\/v2\/types\/product"}],"wp:featuredmedia":[{"embeddable":true,"href":"https:\/\/nfc-readers.com\/vi\/wp-json\/wp\/v2\/media\/3235"}],"wp:attachment":[{"href":"https:\/\/nfc-readers.com\/vi\/wp-json\/wp\/v2\/media?parent=3233"}],"wp:term":[{"taxonomy":"product_brand","embeddable":true,"href":"https:\/\/nfc-readers.com\/vi\/wp-json\/wp\/v2\/product_brand?post=3233"},{"taxonomy":"product_cat","embeddable":true,"href":"https:\/\/nfc-readers.com\/vi\/wp-json\/wp\/v2\/product_cat?post=3233"},{"taxonomy":"product_tag","embeddable":true,"href":"https:\/\/nfc-readers.com\/vi\/wp-json\/wp\/v2\/product_tag?post=3233"}],"curies":[{"name":"wp","href":"https:\/\/api.w.org\/{rel}","templated":true}]}}