{"id":3248,"date":"2024-10-30T12:48:01","date_gmt":"2024-10-30T12:48:01","guid":{"rendered":"https:\/\/nfc-readers.com\/?post_type=product&#038;p=3248"},"modified":"2024-10-30T12:48:01","modified_gmt":"2024-10-30T12:48:01","slug":"waterproof-mifare-classic-1k-programmable-rfid-nfc-key-fob","status":"publish","type":"product","link":"https:\/\/nfc-readers.com\/vi\/ic-reader\/waterproof-mifare-classic-1k-programmable-rfid-nfc-key-fob\/","title":{"rendered":"Ch\u00eca kh\u00f3a ch\u1ed1ng n\u01b0\u1edbc MIFARE Classic 1K c\u00f3 th\u1ec3 l\u1eadp tr\u00ecnh RFID NFC"},"content":{"rendered":"<h1 style=\"text-align: center;\"><strong>Ch\u00eca kh\u00f3a ch\u1ed1ng n\u01b0\u1edbc MIFARE Classic 1K c\u00f3 th\u1ec3 l\u1eadp tr\u00ecnh RFID NFC<\/strong><\/h1>\n<p>&nbsp;<\/p>\n<p>Th\u1ebf gi\u1edbi an ninh v\u00e0 ki\u1ec3m so\u00e1t truy c\u1eadp \u0111\u00e3 ph\u00e1t tri\u1ec3n v\u01b0\u1ee3t b\u1eadc, v\u1edbi c\u00f4ng ngh\u1ec7 m\u1edf \u0111\u01b0\u1eddng cho c\u00e1c gi\u1ea3i ph\u00e1p th\u00f4ng minh h\u01a1n. Trong s\u1ed1 \u0111\u00f3, <strong>Ch\u00eca kh\u00f3a ch\u1ed1ng n\u01b0\u1edbc MIFARE Classic 1K c\u00f3 th\u1ec3 l\u1eadp tr\u00ecnh RFID NFC<\/strong>\u00a0n\u1ed5i b\u1eadt nh\u01b0 m\u1ed9t l\u1ef1a ch\u1ecdn linh ho\u1ea1t v\u00e0 \u0111\u00e1ng tin c\u1eady cho c\u1ea3 m\u1ee5c \u0111\u00edch s\u1eed d\u1ee5ng c\u00e1 nh\u00e2n v\u00e0 chuy\u00ean nghi\u1ec7p. \u0110\u01b0\u1ee3c t\u1ea1o ra \u0111\u1ec3 c\u00f3 ch\u1ee9c n\u0103ng v\u01b0\u1ee3t tr\u1ed9i v\u00e0 s\u1ef1 ti\u1ec7n l\u1ee3i cho ng\u01b0\u1eddi d\u00f9ng, ch\u00eca kh\u00f3a RFID n\u00e0y kh\u00f4ng ch\u1ec9 l\u00e0 m\u1ed9t c\u00e1ch \u0111\u1ec3 m\u1edf kh\u00f3a c\u1eeda m\u00e0 c\u00f2n l\u00e0 m\u1ed9t gi\u1ea3i ph\u00e1p \u0111a n\u0103ng \u0111\u01b0\u1ee3c thi\u1ebft k\u1ebf \u0111\u1ec3 \u0111\u00e1p \u1ee9ng c\u00e1c nhu c\u1ea7u kh\u00e1c nhau. V\u1edbi thi\u1ebft k\u1ebf ch\u1ed1ng th\u1ea5m n\u01b0\u1edbc, c\u00e1c t\u00ednh n\u0103ng c\u00f3 th\u1ec3 l\u1eadp tr\u00ecnh v\u00e0 kh\u1ea3 n\u0103ng t\u01b0\u01a1ng th\u00edch v\u1edbi c\u00f4ng ngh\u1ec7 NFC, ch\u00eca kh\u00f3a n\u00e0y kh\u00f4ng ch\u1ec9 mang t\u00ednh \u0111\u1ed9t ph\u00e1 m\u00e0 c\u00f2n l\u00e0 kho\u1ea3n \u0111\u1ea7u t\u01b0 x\u1ee9ng \u0111\u00e1ng cho b\u1ea5t k\u1ef3 ai t\u00ecm ki\u1ebfm s\u1ef1 tin c\u1eady v\u00e0 an to\u00e0n.<\/p>\n<p>&nbsp;<\/p>\n<p>&nbsp;<\/p>\n<h3><strong>L\u1ee3i \u00edch c\u1ee7a s\u1ea3n ph\u1ea9m: T\u1ea1i sao ch\u00eca kh\u00f3a ch\u1ed1ng n\u01b0\u1edbc MIFARE Classic 1K RFID NFC \u0111\u00e1ng mua<\/strong><\/h3>\n<p>Vi\u1ec7c t\u0103ng c\u01b0\u1eddng ki\u1ec3m so\u00e1t truy c\u1eadp ch\u01b0a bao gi\u1edd d\u1ec5 d\u00e0ng \u0111\u1ebfn th\u1ebf, v\u00e0 ch\u00eca kh\u00f3a NFC n\u00e0y c\u1ef1c k\u1ef3 d\u1ec5 t\u00edch h\u1ee3p v\u1edbi c\u00e1c h\u1ec7 th\u1ed1ng hi\u1ec7n c\u00f3. Nh\u1eefng l\u1ee3i \u00edch v\u01b0\u1ee3t xa s\u1ef1 ti\u1ec7n l\u1ee3i; c\u00e1c thu\u1ed9c t\u00ednh ch\u1ed1ng th\u1ea5m n\u01b0\u1edbc v\u00e0 ch\u1ed1ng ch\u1ecbu th\u1eddi ti\u1ebft c\u1ee7a n\u00f3 khi\u1ebfn n\u00f3 tr\u1edf n\u00ean l\u00fd t\u01b0\u1edfng cho c\u00e1c \u1ee9ng d\u1ee5ng ngo\u00e0i tr\u1eddi. V\u1edbi thi\u1ebft k\u1ebf t\u00f9y ch\u1ec9nh c\u00f3 s\u1eb5n nhi\u1ec1u m\u00e0u s\u1eafc kh\u00e1c nhau v\u00e0 kh\u1ea3 n\u0103ng in m\u00e3 \u0111\u1ecbnh danh duy nh\u1ea5t, th\u1ebb ch\u00eca kh\u00f3a RFID n\u00e0y c\u00f3 th\u1ec3 k\u1ebft h\u1ee3p li\u1ec1n m\u1ea1ch v\u1edbi th\u01b0\u01a1ng hi\u1ec7u c\u00e1 nh\u00e2n ho\u1eb7c c\u00f4ng ty. \u0110\u1ed1i v\u1edbi nh\u1eefng ng\u01b0\u1eddi d\u00f9ng \u0111ang t\u00ecm ki\u1ebfm m\u1ed9t c\u00e1ch kh\u00f4ng ma s\u00e1t \u0111\u1ec3 t\u1ef1 \u0111\u1ed9ng h\u00f3a quy\u1ec1n truy c\u1eadp v\u00e0o t\u00e0i s\u1ea3n, ph\u01b0\u01a1ng ti\u1ec7n ho\u1eb7c thi\u1ebft b\u1ecb c\u1ee7a h\u1ecd, MIFARE Classic 1K ch\u1ed1ng th\u1ea5m n\u01b0\u1edbc l\u00e0 m\u1ed9t l\u1ef1a ch\u1ecdn \u0111\u1eb7c bi\u1ec7t.<\/p>\n<p>&nbsp;<\/p>\n<h3><strong>T\u00f3m t\u1eaft c\u00e1c t\u00ednh n\u0103ng v\u00e0 th\u00f4ng s\u1ed1 k\u1ef9 thu\u1eadt<\/strong><\/h3>\n<h3><strong>1. C\u00f4ng ngh\u1ec7 truy\u1ec1n th\u00f4ng RFID v\u00e0 NFC<\/strong><\/h3>\n<p>RFID (Nh\u1eadn d\u1ea1ng t\u1ea7n s\u1ed1 v\u00f4 tuy\u1ebfn) v\u00e0 NFC (Giao ti\u1ebfp tr\u01b0\u1eddng g\u1ea7n) l\u00e0 c\u1ed1t l\u00f5i c\u1ee7a c\u00f4ng ngh\u1ec7 ch\u00eca kh\u00f3a ti\u00ean ti\u1ebfn n\u00e0y. Ho\u1ea1t \u0111\u1ed9ng \u1edf t\u1ea7n s\u1ed1\u00a0<strong>13,56MHz<\/strong>, thi\u1ebft b\u1ecb \u0111\u1ea3m b\u1ea3o giao ti\u1ebfp nhanh ch\u00f3ng v\u00e0 \u0111\u00e1ng tin c\u1eady gi\u1eefa fob v\u00e0 \u0111\u1ea7u \u0111\u1ecdc. Kh\u1ea3 n\u0103ng NFC cho ph\u00e9p t\u01b0\u01a1ng t\u00e1c tr\u1ef1c quan, l\u00fd t\u01b0\u1edfng cho nhi\u1ec1u \u1ee9ng d\u1ee5ng kh\u00e1c nhau nh\u01b0 thanh to\u00e1n di \u0111\u1ed9ng v\u00e0 ki\u1ec3m so\u00e1t truy c\u1eadp.<\/p>\n<h3>2.\u00a0<strong>Thi\u1ebft k\u1ebf ch\u1ed1ng th\u1ea5m n\u01b0\u1edbc v\u00e0 th\u1eddi ti\u1ebft<\/strong><\/h3>\n<p>\u0110\u01b0\u1ee3c thi\u1ebft k\u1ebf \u0111\u1eb7c bi\u1ec7t \u0111\u1ec3 c\u00f3 \u0111\u1ed9 b\u1ec1n cao,\u00a0<strong>Ch\u00eca kh\u00f3a RFID<\/strong>\u00a0v\u1eeba ch\u1ed1ng n\u01b0\u1edbc v\u1eeba ch\u1ed1ng ch\u1ecbu th\u1eddi ti\u1ebft. Kh\u00f4ng h\u1ec1 nao n\u00fang tr\u01b0\u1edbc nh\u1eefng \u0111i\u1ec1u ki\u1ec7n m\u00f4i tr\u01b0\u1eddng b\u1ea5t l\u1ee3i, s\u1ea3n ph\u1ea9m ho\u00e0n h\u1ea3o \u0111\u1ec3 s\u1eed d\u1ee5ng ngo\u00e0i tr\u1eddi, \u0111\u1ea3m b\u1ea3o b\u1ea3o v\u1ec7 t\u1ed1i \u0111a cho m\u1ea1ch \u0111i\u1ec7n b\u00ean trong. T\u00ednh n\u0103ng n\u00e0y r\u1ea5t quan tr\u1ecdng \u0111\u1ed1i v\u1edbi c\u00e1c doanh nghi\u1ec7p v\u00e0 c\u00e1 nh\u00e2n c\u1ea7n \u0111\u1ed9 tin c\u1eady b\u1ea5t k\u1ec3 th\u1eddi ti\u1ebft.<\/p>\n<h3>3.\u00a0<strong>C\u00e1c t\u00ednh n\u0103ng c\u00f3 th\u1ec3 l\u1eadp tr\u00ecnh \u0111\u1ec3 t\u00f9y ch\u1ec9nh<\/strong><\/h3>\n<p>M\u1ed9t trong nh\u1eefng t\u00ednh n\u0103ng n\u1ed5i b\u1eadt c\u1ee7a Waterproof MIFARE Classic 1K l\u00e0 kh\u1ea3 n\u0103ng l\u1eadp tr\u00ecnh. Ng\u01b0\u1eddi d\u00f9ng c\u00f3 th\u1ec3 t\u00f9y ch\u1ec9nh ch\u1ee9c n\u0103ng c\u1ee7a ch\u00eca kh\u00f3a \u0111\u1ec3 ph\u00f9 h\u1ee3p v\u1edbi nhu c\u1ea7u ki\u1ec3m so\u00e1t truy c\u1eadp c\u1ee5 th\u1ec3 c\u1ee7a h\u1ecd. Cho d\u00f9 b\u1ea1n c\u1ea7n\u00a0<strong>nh\u1eadp c\u1ea3nh kh\u00f4ng c\u1ea7n ch\u00eca kh\u00f3a<\/strong>ho\u1eb7c c\u1ea7n l\u01b0u tr\u1eef c\u00e1c quy\u1ec1n truy c\u1eadp c\u1ee5 th\u1ec3, kh\u00eda c\u1ea1nh c\u00f3 th\u1ec3 l\u1eadp tr\u00ecnh c\u1ee7a \u0111i\u1ec1u n\u00e0y\u00a0<strong>m\u00f3c ch\u00eca kh\u00f3a<\/strong>\u00a0mang l\u1ea1i s\u1ef1 linh ho\u1ea1t ch\u01b0a t\u1eebng th\u1ea5y \u1edf c\u00e1c m\u1eabu ti\u00eau chu\u1ea9n.<\/p>\n<h3>4.\u00a0<strong>Nhi\u1ec1u t\u00f9y ch\u1ecdn k\u00edch th\u01b0\u1edbc v\u00e0 t\u00f9y ch\u1ec9nh<\/strong><\/h3>\n<p>V\u1edbi nhi\u1ec1u k\u00edch c\u1ee1 kh\u00e1c nhau bao g\u1ed3m\u00a0<strong>41<em>32mm, 25<\/em>34,5mm v\u00e0 c\u00e1c lo\u1ea1i kh\u00e1c<\/strong>, m\u00f3c ch\u00eca kh\u00f3a \u0111\u00e1p \u1ee9ng s\u1edf th\u00edch \u0111a d\u1ea1ng c\u1ee7a ng\u01b0\u1eddi d\u00f9ng. Kh\u00f4ng ch\u1ec9 v\u1eady, b\u1ea1n c\u00f3 th\u1ec3 c\u00e1 nh\u00e2n h\u00f3a s\u1ea3n ph\u1ea9m h\u01a1n n\u1eefa b\u1eb1ng logo v\u00e0 m\u00e0u s\u1eafc t\u00f9y ch\u1ec9nh, bi\u1ebfn n\u00f3 th\u00e0nh m\u1ed9t s\u1ef1 b\u1ed5 sung \u0111\u1ed9c \u0111\u00e1o cho d\u00f2ng s\u1ea3n ph\u1ea9m RFID c\u1ee7a b\u1ea1n.<\/p>\n<h3>5.\u00a0<strong>V\u1eadt li\u1ec7u b\u1ec1n v\u00e0 t\u00ednh th\u1ea9m m\u1ef9<\/strong><\/h3>\n<p>\u0110\u01b0\u1ee3c ch\u1ebf t\u1ea1o t\u1eeb v\u1eadt li\u1ec7u ABS ch\u1ea5t l\u01b0\u1ee3ng cao, m\u00f3c ch\u00eca kh\u00f3a n\u00e0y \u0111\u01b0\u1ee3c thi\u1ebft k\u1ebf \u0111\u1ec3 ch\u1ecbu \u0111\u01b0\u1ee3c s\u1ef1 hao m\u00f2n, mang l\u1ea1i tu\u1ed5i th\u1ecd cao. Th\u00eam v\u00e0o \u0111\u00f3, kh\u1ea3 n\u0103ng l\u1ef1a ch\u1ecdn\u00a0<strong>t\u1ea5t c\u1ea3 c\u00e1c m\u00e0u s\u1eafc<\/strong>\u00a0\u0111\u1ea3m b\u1ea3o r\u1eb1ng n\u00f3 c\u00f3 th\u1ec3 ph\u00f9 h\u1ee3p ho\u00e0n to\u00e0n v\u1edbi b\u1ea5t k\u1ef3 th\u1ea9m m\u1ef9 c\u00e1 nh\u00e2n ho\u1eb7c chuy\u00ean nghi\u1ec7p n\u00e0o.<\/p>\n<h3>6.\u00a0<strong>Ch\u1ee9ng nh\u1eadn to\u00e0n di\u1ec7n<\/strong><\/h3>\n<p>\u0110\u1ec3 an t\u00e2m, ch\u00eca kh\u00f3a RFID MIFARE Classic 1K ch\u1ed1ng n\u01b0\u1edbc \u0111\u01b0\u1ee3c ch\u1ee9ng nh\u1eadn theo ti\u00eau chu\u1ea9n ISO 9001:2008, SGS v\u00e0 ROHS. \u0110i\u1ec1u n\u00e0y \u0111\u1ea3m b\u1ea3o r\u1eb1ng s\u1ea3n ph\u1ea9m \u0111\u00e1p \u1ee9ng c\u00e1c ti\u00eau chu\u1ea9n ch\u1ea5t l\u01b0\u1ee3ng v\u00e0 an to\u00e0n nghi\u00eam ng\u1eb7t, \u0111\u1ea3m b\u1ea3o cho kh\u00e1ch h\u00e0ng v\u1ec1 \u0111\u1ed9 tin c\u1eady c\u1ee7a s\u1ea3n ph\u1ea9m.<\/p>\n<h3>7.\u00a0<strong>\u0110\u00f3ng g\u00f3i v\u00e0 giao h\u00e0ng hi\u1ec7u qu\u1ea3<\/strong><\/h3>\n<p>M\u00f3c ch\u00eca kh\u00f3a RFID n\u00e0y \u0111\u01b0\u1ee3c \u0111\u00f3ng g\u00f3i hi\u1ec7u qu\u1ea3, v\u1edbi\u00a0<strong>2000 chi\u1ebfc\/th\u00f9ng<\/strong>\u00a0V\u00e0\u00a0<strong>100 chi\u1ebfc\/t\u00fai opp<\/strong>, \u0111\u01b0\u1ee3c thi\u1ebft k\u1ebf \u0111\u1ec3 x\u1eed l\u00fd v\u00e0 v\u1eadn chuy\u1ec3n t\u1ed1i \u01b0u. H\u1ec7 th\u1ed1ng n\u00e0y kh\u00f4ng ch\u1ec9 h\u1ed7 tr\u1ee3 b\u1ea3o qu\u1ea3n t\u00ednh to\u00e0n v\u1eb9n c\u1ee7a s\u1ea3n ph\u1ea9m m\u00e0 c\u00f2n n\u00e2ng cao ho\u1ea1t \u0111\u1ed9ng h\u1eadu c\u1ea7n c\u1ee7a ng\u01b0\u1eddi d\u00f9ng.<\/p>\n<h3>8.\u00a0<strong>\u0110\u00e1nh gi\u00e1 v\u00e0 tr\u1ea3i nghi\u1ec7m c\u1ee7a kh\u00e1ch h\u00e0ng<\/strong><\/h3>\n<p>Ph\u1ea3n h\u1ed3i t\u1eeb kh\u00e1ch h\u00e0ng h\u00e0i l\u00f2ng nh\u1ea5n m\u1ea1nh \u0111\u1ed9 tin c\u1eady v\u00e0 hi\u1ec7u su\u1ea5t v\u01b0\u1ee3t tr\u1ed9i c\u1ee7a ch\u00eca kh\u00f3a. Ng\u01b0\u1eddi d\u00f9ng th\u01b0\u1eddng \u0111\u1ec1 c\u1eadp \u0111\u1ebfn t\u00ednh d\u1ec5 l\u1eadp tr\u00ecnh v\u00e0 t\u00ednh n\u0103ng ch\u1ed1ng n\u01b0\u1edbc m\u1ea1nh m\u1ebd, khi\u1ebfn \u0111\u00e2y tr\u1edf th\u00e0nh l\u1ef1a ch\u1ecdn \u01b0u ti\u00ean cho nh\u1eefng ng\u01b0\u1eddi c\u1ea7n gi\u1ea3i ph\u00e1p truy c\u1eadp an to\u00e0n.<\/p>\n<p>&nbsp;<\/p>\n<h3><strong>C\u00e2u h\u1ecfi th\u01b0\u1eddng g\u1eb7p: Gi\u1ea3i quy\u1ebft nh\u1eefng m\u1ed1i quan t\u00e2m chung<\/strong><\/h3>\n<p>Kh\u00e1ch h\u00e0ng ti\u1ec1m n\u0103ng c\u00f3 th\u1ec3 c\u00f3 nhi\u1ec1u m\u1ed1i quan t\u00e2m v\u00e0 th\u1eafc m\u1eafc kh\u00e1c nhau li\u00ean quan \u0111\u1ebfn ch\u00eca kh\u00f3a RFID. Sau \u0111\u00e2y l\u00e0 m\u1ed9t s\u1ed1 c\u00e2u h\u1ecfi th\u01b0\u1eddng g\u1eb7p:<\/p>\n<ul>\n<li><strong>H: C\u00f3 th\u1ec3 s\u1eed d\u1ee5ng ch\u00eca kh\u00f3a n\u00e0y trong h\u1ec7 th\u1ed1ng ki\u1ec3m so\u00e1t ra v\u00e0o kh\u00f4ng?<\/strong>\n<ul>\n<li><strong>M\u1ed8T:<\/strong>\u00a0C\u00f3, n\u00f3 \u0111\u01b0\u1ee3c thi\u1ebft k\u1ebf ri\u00eang cho h\u1ec7 th\u1ed1ng ki\u1ec3m so\u00e1t ra v\u00e0o v\u00e0 c\u00f3 th\u1ec3 h\u1ed7 tr\u1ee3 vi\u1ec7c ra v\u00e0o kh\u00f4ng c\u1ea7n ch\u00eca kh\u00f3a.<\/li>\n<\/ul>\n<\/li>\n<li><strong>H: C\u00f3 th\u1ec3 t\u00f9y ch\u1ec9nh \u0111\u01b0\u1ee3c kh\u00f4ng?<\/strong>\n<ul>\n<li><strong>M\u1ed8T:<\/strong>\u00a0Ho\u00e0n to\u00e0n c\u00f3 th\u1ec3! B\u1ea1n c\u00f3 th\u1ec3 t\u00f9y ch\u1ec9nh m\u00e0u s\u1eafc, logo v\u00e0 th\u1eadm ch\u00ed c\u1ea3 s\u1ed1 s\u00ea-ri cho nhu c\u1ea7u c\u1ee5 th\u1ec3 c\u1ee7a m\u00ecnh.<\/li>\n<\/ul>\n<\/li>\n<li><strong>Q: S\u1ea3n ph\u1ea9m \u0111\u01b0\u1ee3c b\u1ea3o h\u00e0nh nh\u01b0 th\u1ebf n\u00e0o?<\/strong>\n<ul>\n<li><strong>M\u1ed8T:<\/strong> Ch\u00fang t\u00f4i cung c\u1ea5p b\u1ea3o h\u00e0nh cho c\u00e1c l\u1ed7i s\u1ea3n xu\u1ea5t. Vui l\u00f2ng tham kh\u1ea3o t\u00e0i li\u1ec7u s\u1ea3n ph\u1ea9m \u0111\u1ec3 bi\u1ebft th\u00f4ng tin chi ti\u1ebft.<\/li>\n<\/ul>\n<\/li>\n<\/ul>\n<table class=\"all magic-13\" style=\"height: 269px;\" width=\"563\">\n<tbody>\n<tr>\n<td colspan=\"1\" rowspan=\"1\">\n<div class=\"magic-17\"><span class=\"magic-9\" data-spm-anchor-id=\"a2700.details.0.i42.61ee6b21Q8d0lU\">M\u1ee5c<\/span><\/div>\n<\/td>\n<td colspan=\"1\" rowspan=\"1\">\n<div class=\"magic-18\">M\u00f3c ch\u00eca kh\u00f3a RFID<\/div>\n<\/td>\n<\/tr>\n<tr>\n<td colspan=\"1\" rowspan=\"1\">\n<div class=\"magic-17\">V\u1eadt li\u1ec7u<\/div>\n<\/td>\n<td colspan=\"1\" rowspan=\"1\">\n<div class=\"magic-18\">ABS, \u0102ng ten \u0111\u1ed3ng c\u00f3 IC<\/div>\n<\/td>\n<\/tr>\n<tr>\n<td colspan=\"1\" rowspan=\"1\">\n<div class=\"magic-17\">M\u00e0u s\u1eafc<\/div>\n<\/td>\n<td colspan=\"1\" rowspan=\"1\">\n<div class=\"magic-18\">xanh, \u0111en, v\u00e0ng, xanh l\u00e1 c\u00e2y, \u0111\u1ecf, v.v.<\/div>\n<\/td>\n<\/tr>\n<tr>\n<td colspan=\"1\" rowspan=\"1\">\n<div class=\"magic-17\">Chip<\/div>\n<\/td>\n<td colspan=\"1\" rowspan=\"1\">\n<div class=\"magic-18\">MIFARE Classic\u00ae 1K ho\u1eb7c c\u00e1c lo\u1ea1i kh\u00e1c<\/div>\n<\/td>\n<\/tr>\n<tr>\n<td colspan=\"1\" rowspan=\"1\">\n<div class=\"magic-17\">T\u00ednh th\u01b0\u1eddng xuy\u00ean<\/div>\n<\/td>\n<td colspan=\"1\" rowspan=\"1\">\n<div class=\"magic-18\">13,56 MHz<\/div>\n<\/td>\n<\/tr>\n<tr>\n<td colspan=\"1\" rowspan=\"1\">\n<div class=\"magic-17\">Giao th\u1ee9c giao di\u1ec7n kh\u00f4ng kh\u00ed<\/div>\n<\/td>\n<td colspan=\"1\" rowspan=\"1\">\n<div class=\"magic-18\">ISO14443A<\/div>\n<\/td>\n<\/tr>\n<tr>\n<td colspan=\"1\" rowspan=\"1\">\n<div class=\"magic-17\">In \u1ea5n<\/div>\n<\/td>\n<td colspan=\"1\" rowspan=\"1\">\n<div class=\"magic-18\">Logo t\u00f9y ch\u1ec9nh, S\u1ed1 s\u00ea-ri, M\u00e3 QR, S\u1ed1 UID<\/div>\n<\/td>\n<\/tr>\n<tr>\n<td colspan=\"1\" rowspan=\"1\">\n<div class=\"magic-17\">T\u00ednh n\u0103ng<\/div>\n<\/td>\n<td colspan=\"1\" rowspan=\"1\">\n<div class=\"magic-18\">Ch\u1ed1ng n\u01b0\u1edbc, ch\u1ed1ng s\u1ed1c<\/div>\n<\/td>\n<\/tr>\n<tr>\n<td colspan=\"1\" rowspan=\"1\">\n<div class=\"magic-17\">\u0110\u00ednh k\u00e8m<\/div>\n<\/td>\n<td colspan=\"1\" rowspan=\"1\">\n<div class=\"magic-18\">Nh\u1eabn kim lo\u1ea1i b\u1ea1c \u0111\u00f4i<\/div>\n<\/td>\n<\/tr>\n<tr>\n<td colspan=\"1\" rowspan=\"1\">\n<div class=\"magic-17\">\u1ee8ng d\u1ee5ng<\/div>\n<\/td>\n<td colspan=\"1\" rowspan=\"1\">\n<div class=\"magic-18\">Ki\u1ec3m so\u00e1t truy c\u1eadp, qu\u1ea3n l\u00fd ch\u1ea5m c\u00f4ng, x\u00e1c th\u1ef1c danh t\u00ednh<\/div>\n<\/td>\n<\/tr>\n<\/tbody>\n<\/table>","protected":false},"excerpt":{"rendered":"<p>C\u00e1c\u00a0<strong>Ch\u00eca kh\u00f3a ch\u1ed1ng n\u01b0\u1edbc MIFARE Classic 1K c\u00f3 th\u1ec3 l\u1eadp tr\u00ecnh RFID NFC<\/strong>\u00a0cung c\u1ea5p gi\u1ea3i ph\u00e1p b\u1ec1n b\u1ec9 v\u00e0 linh ho\u1ea1t \u0111\u1ec3 ki\u1ec3m so\u00e1t truy c\u1eadp an to\u00e0n, k\u1ebft h\u1ee3p c\u00f4ng ngh\u1ec7 NFC ti\u00ean ti\u1ebfn v\u1edbi thi\u1ebft k\u1ebf ch\u1ed1ng ch\u1ecbu th\u1eddi ti\u1ebft. L\u00fd t\u01b0\u1edfng cho nhi\u1ec1u \u1ee9ng d\u1ee5ng kh\u00e1c nhau, m\u00f3c ch\u00eca kh\u00f3a n\u00e0y cho ph\u00e9p t\u00f9y ch\u1ec9nh v\u00e0 l\u1eadp tr\u00ecnh d\u1ec5 d\u00e0ng, n\u00e2ng cao c\u1ea3 ch\u1ee9c n\u0103ng v\u00e0 s\u1ef1 ti\u1ec7n l\u1ee3i.<\/p>","protected":false},"featured_media":3249,"template":"","meta":[],"product_brand":[],"product_cat":[49],"product_tag":[],"class_list":{"0":"post-3248","1":"product","2":"type-product","3":"status-publish","4":"has-post-thumbnail","6":"product_cat-nfc-key-fobs","8":"first","9":"instock","10":"shipping-taxable","11":"product-type-simple"},"_links":{"self":[{"href":"https:\/\/nfc-readers.com\/vi\/wp-json\/wp\/v2\/product\/3248","targetHints":{"allow":["GET"]}}],"collection":[{"href":"https:\/\/nfc-readers.com\/vi\/wp-json\/wp\/v2\/product"}],"about":[{"href":"https:\/\/nfc-readers.com\/vi\/wp-json\/wp\/v2\/types\/product"}],"wp:featuredmedia":[{"embeddable":true,"href":"https:\/\/nfc-readers.com\/vi\/wp-json\/wp\/v2\/media\/3249"}],"wp:attachment":[{"href":"https:\/\/nfc-readers.com\/vi\/wp-json\/wp\/v2\/media?parent=3248"}],"wp:term":[{"taxonomy":"product_brand","embeddable":true,"href":"https:\/\/nfc-readers.com\/vi\/wp-json\/wp\/v2\/product_brand?post=3248"},{"taxonomy":"product_cat","embeddable":true,"href":"https:\/\/nfc-readers.com\/vi\/wp-json\/wp\/v2\/product_cat?post=3248"},{"taxonomy":"product_tag","embeddable":true,"href":"https:\/\/nfc-readers.com\/vi\/wp-json\/wp\/v2\/product_tag?post=3248"}],"curies":[{"name":"wp","href":"https:\/\/api.w.org\/{rel}","templated":true}]}}