{"id":3255,"date":"2024-10-30T13:04:41","date_gmt":"2024-10-30T13:04:41","guid":{"rendered":"https:\/\/nfc-readers.com\/?post_type=product&#038;p=3255"},"modified":"2024-11-14T14:40:45","modified_gmt":"2024-11-14T14:40:45","slug":"125khz-proximity-rewritable-tk4100-t5577-rfid-keyfob","status":"publish","type":"product","link":"https:\/\/nfc-readers.com\/vi\/ic-reader\/125khz-proximity-rewritable-tk4100-t5577-rfid-keyfob\/","title":{"rendered":"Ch\u00eca kh\u00f3a RFID TK4100 T5577 c\u00f3 th\u1ec3 ghi l\u1ea1i g\u1ea7n 125KHz"},"content":{"rendered":"<h1 style=\"text-align: center;\"><strong>Ch\u00eca kh\u00f3a RFID TK4100 T5577 c\u00f3 th\u1ec3 ghi l\u1ea1i g\u1ea7n 125KHz<\/strong><\/h1>\n<p>C\u00e1c\u00a0<strong>Ch\u00eca kh\u00f3a RFID TK4100 T5577 c\u00f3 th\u1ec3 ghi l\u1ea1i g\u1ea7n 125KHz<\/strong>\u00a0l\u00e0 gi\u1ea3i ph\u00e1p s\u00e1ng t\u1ea1o cho h\u1ec7 th\u1ed1ng ki\u1ec3m so\u00e1t ra v\u00e0o, cung c\u1ea5p m\u1ed9t c\u00e1ch m\u1ea1nh m\u1ebd v\u00e0 linh ho\u1ea1t \u0111\u1ec3 qu\u1ea3n l\u00fd c\u00e1c m\u1ee5c nh\u1eadp an to\u00e0n. M\u00f3c ch\u00eca kh\u00f3a ch\u1ea5t l\u01b0\u1ee3ng cao n\u00e0y c\u00f3 th\u1ec3 ghi l\u1ea1i, cho ph\u00e9p ng\u01b0\u1eddi d\u00f9ng s\u1eeda \u0111\u1ed5i th\u00f4ng tin theo y\u00eau c\u1ea7u c\u1ee7a h\u1ecd. Cho d\u00f9 \u0111\u01b0\u1ee3c s\u1eed d\u1ee5ng \u0111\u1ec3 ki\u1ec3m so\u00e1t quy\u1ec1n truy c\u1eadp v\u00e0o t\u00f2a nh\u00e0, kh\u00e1ch s\u1ea1n hay ch\u00eca kh\u00f3a \u00f4 t\u00f4, m\u00f3c ch\u00eca kh\u00f3a n\u00e0y \u0111\u1ec1u t\u00edch h\u1ee3p li\u1ec1n m\u1ea1ch v\u00e0o c\u00e1c giao th\u1ee9c b\u1ea3o m\u1eadt c\u1ee7a b\u1ea1n.<\/p>\n<h2>L\u1ee3i \u00edch c\u1ee7a ch\u00eca kh\u00f3a RFID TK4100 T5577<\/h2>\n<p>L\u1ee3i \u00edch c\u1ee7a vi\u1ec7c \u0111\u1ea7u t\u01b0 v\u00e0o ch\u00eca kh\u00f3a RFID n\u00e0y kh\u00f4ng ch\u1ec9 d\u1eebng l\u1ea1i \u1edf vi\u1ec7c ki\u1ec3m so\u00e1t truy c\u1eadp \u0111\u01a1n gi\u1ea3n. N\u00f3 ch\u1ed1ng th\u1ea5m n\u01b0\u1edbc v\u00e0 ch\u1ed1ng s\u1ed1c, \u0111\u1ea3m b\u1ea3o \u0111\u1ed9 b\u1ec1n ngay c\u1ea3 trong \u0111i\u1ec1u ki\u1ec7n m\u00f4i tr\u01b0\u1eddng kh\u1eafc nghi\u1ec7t. V\u1edbi c\u00e1c t\u00f9y ch\u1ecdn t\u00f9y ch\u1ec9nh, bao g\u1ed3m in logo, ch\u00eca kh\u00f3a n\u00e0y mang \u0111\u1ebfn c\u01a1 h\u1ed9i x\u00e2y d\u1ef1ng th\u01b0\u01a1ng hi\u1ec7u trong khi v\u1eabn duy tr\u00ec ch\u1ee9c n\u0103ng. T\u00ednh n\u0103ng c\u00f3 th\u1ec3 ghi l\u1ea1i gi\u00fap t\u0103ng kh\u1ea3 n\u0103ng th\u00edch \u1ee9ng c\u1ee7a n\u00f3 v\u1edbi nhi\u1ec1u \u1ee9ng d\u1ee5ng kh\u00e1c nhau, khi\u1ebfn n\u00f3 tr\u1edf th\u00e0nh l\u1ef1a ch\u1ecdn l\u00fd t\u01b0\u1edfng cho c\u1ea3 doanh nghi\u1ec7p v\u00e0 m\u1ee5c \u0111\u00edch s\u1eed d\u1ee5ng c\u00e1 nh\u00e2n.<\/p>\n<h2>C\u00e1c t\u00ednh n\u0103ng ch\u00ednh c\u1ee7a ch\u00eca kh\u00f3a RFID TK4100 T5577<\/h2>\n<p>C\u00e1c\u00a0<strong>Ch\u00eca kh\u00f3a RFID TK4100 T5577 c\u00f3 th\u1ec3 ghi l\u1ea1i g\u1ea7n 125KHz<\/strong>\u00a0n\u1ed5i b\u1eadt trong ph\u00e2n kh\u00fac nh\u1edd m\u1ed9t s\u1ed1 t\u00ednh n\u0103ng v\u00f4 song. M\u00f3c ch\u00eca kh\u00f3a n\u00e0y t\u00edch h\u1ee3p c\u1ea3 chip TK4100 v\u00e0 T5577, cho ph\u00e9p t\u01b0\u01a1ng th\u00edch \u0111a d\u1ea1ng v\u1edbi c\u00e1c c\u00f4ng ngh\u1ec7 RFID hi\u1ec7n c\u00f3.<\/p>\n<ul>\n<li><strong>Kh\u1ea3 n\u0103ng \u0111a t\u1ea7n s\u1ed1<\/strong>:Ch\u00eca kh\u00f3a n\u00e0y ho\u1ea1t \u0111\u1ed9ng \u1edf c\u1ea3 t\u1ea7n s\u1ed1 125KHz v\u00e0 13,56MHz, \u0111\u1ea3m b\u1ea3o kh\u1ea3 n\u0103ng t\u01b0\u01a1ng th\u00edch r\u1ed9ng r\u00e3i tr\u00ean nhi\u1ec1u h\u1ec7 th\u1ed1ng ki\u1ec3m so\u00e1t ra v\u00e0o kh\u00e1c nhau.<\/li>\n<li><strong>Thi\u1ebft k\u1ebf nh\u1ecf g\u1ecdn v\u00e0 nh\u1eb9<\/strong>:V\u1edbi h\u00ecnh d\u1ea1ng th\u1ebb nh\u1ecf, m\u00f3c ch\u00eca kh\u00f3a c\u00f3 th\u1ec3 d\u1ec5 d\u00e0ng g\u1eafn v\u00e0o m\u00f3c ch\u00eca kh\u00f3a ho\u1eb7c t\u00fai x\u00e1ch, gi\u00fap b\u1ea1n d\u1ec5 d\u00e0ng mang theo v\u00e0 s\u1eed d\u1ee5ng.<\/li>\n<\/ul>\n<p>Ch\u00eca kh\u00f3a fob ch\u1ee7 y\u1ebfu ho\u1ea1t \u0111\u1ed9ng nh\u01b0 m\u1ed9t\u00a0<strong>th\u1ebb ch\u00eca kh\u00f3a RFID kh\u00f4ng ti\u1ebfp x\u00fac<\/strong>, \u0111\u01a1n gi\u1ea3n h\u00f3a \u0111\u00e1ng k\u1ec3 qu\u00e1 tr\u00ecnh x\u1eed l\u00fd nh\u1eadp li\u1ec7u cho ng\u01b0\u1eddi d\u00f9ng. T\u00ednh th\u1ef1c t\u1ebf n\u00e0y \u0111\u1eb7c bi\u1ec7t c\u00f3 l\u1ee3i trong m\u00f4i tr\u01b0\u1eddng b\u1eadn r\u1ed9n nh\u01b0 kh\u00e1ch s\u1ea1n v\u00e0 v\u0103n ph\u00f2ng.<\/p>\n<h2>\u0110\u1ed9 b\u1ec1n: Ch\u1ed1ng n\u01b0\u1edbc v\u00e0 ch\u1ed1ng s\u1ed1c<\/h2>\n<p>M\u1ed9t trong nh\u1eefng \u0111\u1eb7c \u0111i\u1ec3m n\u1ed5i b\u1eadt c\u1ee7a\u00a0<strong>M\u00f3c kh\u00f3a RFID TK4100 T5577<\/strong>\u00a0l\u00e0 \u0111\u1ed9 b\u1ec1n \u0111\u00e1ng ch\u00fa \u00fd c\u1ee7a n\u00f3.<\/p>\n<ul>\n<li><strong>Ch\u1ed1ng th\u1ea5m n\u01b0\u1edbc\/Ch\u1ed1ng ch\u1ecbu th\u1eddi ti\u1ebft<\/strong>: \u0110\u01b0\u1ee3c ch\u1ebf t\u1ea1o t\u1eeb v\u1eadt li\u1ec7u ABS ch\u1ea5t l\u01b0\u1ee3ng cao, c\u00f3 th\u1ec3 ch\u1ecbu \u0111\u01b0\u1ee3c ti\u1ebfp x\u00fac v\u1edbi n\u01b0\u1edbc v\u00e0 c\u00e1c y\u1ebfu t\u1ed1, \u0111\u1ea3m b\u1ea3o ho\u1ea1t \u0111\u1ed9ng \u0111\u00e1ng tin c\u1eady trong m\u1ecdi \u0111i\u1ec1u ki\u1ec7n. T\u00ednh n\u0103ng n\u00e0y lo\u1ea1i b\u1ecf m\u1ed1i lo ng\u1ea1i trong th\u1eddi ti\u1ebft m\u01b0a ho\u1eb7c trong m\u00f4i tr\u01b0\u1eddng ngo\u00e0i tr\u1eddi, cho ph\u00e9p hi\u1ec7u su\u1ea5t nh\u1ea5t qu\u00e1n.<\/li>\n<li><strong>Thi\u1ebft k\u1ebf ch\u1ed1ng s\u1ed1c<\/strong>:C\u1ea5u tr\u00fac ch\u1eafc ch\u1eafn c\u0169ng \u0111\u1ea3m b\u1ea3o r\u1eb1ng ch\u00eca kh\u00f3a c\u00f3 th\u1ec3 ch\u1ecbu \u0111\u01b0\u1ee3c va \u0111\u1eadp v\u00e0 r\u01a1i m\u00e0 kh\u00f4ng b\u1ecb h\u01b0 h\u1ecfng, l\u00fd t\u01b0\u1edfng cho nh\u1eefng ng\u01b0\u1eddi c\u00f3 l\u1ed1i s\u1ed1ng n\u0103ng \u0111\u1ed9ng ho\u1eb7c l\u00e0m vi\u1ec7c trong m\u00f4i tr\u01b0\u1eddng kh\u1eafc nghi\u1ec7t.<\/li>\n<\/ul>\n<p>\u0110\u1ed9 b\u1ec1n n\u00e0y kh\u00f4ng ch\u1ec9 mang l\u1ea1i l\u1ee3i \u00edch cho tu\u1ed5i th\u1ecd c\u1ee7a s\u1ea3n ph\u1ea9m m\u00e0 c\u00f2n g\u00f3p ph\u1ea7n n\u00e2ng cao \u0111\u1ed9 tin c\u1eady c\u1ee7a s\u1ea3n ph\u1ea9m nh\u01b0 m\u1ed9t thi\u1ebft b\u1ecb ra v\u00e0o an to\u00e0n.<\/p>\n<h2>Kh\u1ea3 n\u0103ng ghi l\u1ea1i: T\u00f9y ch\u1ec9nh v\u00e0 kh\u1ea3 n\u0103ng th\u00edch \u1ee9ng<\/h2>\n<p>M\u1ed9t t\u00ednh n\u0103ng n\u1ed5i b\u1eadt kh\u00e1c c\u1ee7a\u00a0<strong>M\u00f3c kh\u00f3a RFID TK4100 T5577<\/strong>\u00a0l\u00e0 kh\u1ea3 n\u0103ng ghi l\u1ea1i c\u1ee7a n\u00f3.<\/p>\n<ul>\n<li><strong>Th\u00f4ng tin c\u00f3 th\u1ec3 t\u00f9y ch\u1ec9nh<\/strong>: Ng\u01b0\u1eddi d\u00f9ng c\u00f3 th\u1ec3 s\u1eeda \u0111\u1ed5i ho\u1eb7c c\u1eadp nh\u1eadt d\u1eef li\u1ec7u RFID \u0111\u01b0\u1ee3c l\u01b0u tr\u1eef trong fob. T\u00ednh n\u0103ng n\u00e0y \u0111\u1eb7c bi\u1ec7t c\u00f3 gi\u00e1 tr\u1ecb \u0111\u1ed1i v\u1edbi c\u00e1c t\u1ed5 ch\u1ee9c y\u00eau c\u1ea7u c\u1eadp nh\u1eadt th\u01b0\u1eddng xuy\u00ean \u0111\u1ec3 truy c\u1eadp quy\u1ec1n ho\u1eb7c \u0111\u1ed1i v\u1edbi c\u00e1c doanh nghi\u1ec7p mu\u1ed1n c\u00e1 nh\u00e2n h\u00f3a th\u01b0\u01a1ng hi\u1ec7u tr\u00ean fob ch\u00eca kh\u00f3a.<\/li>\n<li><strong>Sao ch\u00e9p d\u1ec5 d\u00e0ng<\/strong>:T\u00ednh ch\u1ea5t c\u00f3 th\u1ec3 ghi l\u1ea1i cho ph\u00e9p sao ch\u00e9p d\u1ec5 d\u00e0ng, gi\u00fap c\u00e1c c\u00f4ng ty d\u1ec5 d\u00e0ng s\u1ea3n xu\u1ea5t ch\u00eca kh\u00f3a d\u1ef1 ph\u00f2ng m\u00e0 kh\u00f4ng c\u1ea7n ph\u1ea3i thay th\u1ebf to\u00e0n b\u1ed9 thi\u1ebft b\u1ecb.<\/li>\n<\/ul>\n<p>M\u1ee9c \u0111\u1ed9 t\u00f9y ch\u1ec9nh n\u00e0y t\u1ea1o ra m\u1ed9t c\u00f4ng c\u1ee5 c\u00f3 kh\u1ea3 n\u0103ng th\u00edch \u1ee9ng cao \u0111\u1ec3 ki\u1ec3m so\u00e1t truy c\u1eadp \u0111\u1ed3ng th\u1eddi mang l\u1ea1i c\u01a1 h\u1ed9i ti\u1ebft ki\u1ec7m chi ph\u00ed \u0111\u00e1ng k\u1ec3.<\/p>\n<h2>Th\u00f4ng s\u1ed1 k\u1ef9 thu\u1eadt: T\u1ed5ng quan k\u1ef9 thu\u1eadt chi ti\u1ebft<\/h2>\n<p>C\u00e1c\u00a0<strong>M\u00f3c kh\u00f3a RFID TK4100 T5577<\/strong>\u00a0\u0111\u01b0\u1ee3c thi\u1ebft k\u1ebf v\u1edbi c\u00e1c t\u00ednh n\u0103ng c\u1ee5 th\u1ec3 \u0111\u1ec3 t\u1ea1o \u0111i\u1ec1u ki\u1ec7n ki\u1ec3m so\u00e1t truy c\u1eadp hi\u1ec7u qu\u1ea3:<\/p>\n<table class=\"w-fit !mb-0 !max-w-none\" style=\"height: 187px;\" width=\"477\">\n<thead>\n<tr>\n<th><strong>\u0110\u1eb7c \u0111i\u1ec3m k\u1ef9 thu\u1eadt<\/strong><\/th>\n<th><strong>Chi ti\u1ebft<\/strong><\/th>\n<\/tr>\n<\/thead>\n<tbody>\n<tr>\n<td><strong>D\u1ea3i t\u1ea7n s\u1ed1<\/strong><\/td>\n<td>125KHz v\u00e0 13,56MHz<\/td>\n<\/tr>\n<tr>\n<td><strong>Ph\u01b0\u01a1ng th\u1ee9c giao ti\u1ebfp<\/strong><\/td>\n<td>RFID<\/td>\n<\/tr>\n<tr>\n<td><strong>V\u1eadt li\u1ec7u<\/strong><\/td>\n<td>ABS<\/td>\n<\/tr>\n<tr>\n<td><strong>T\u00f9y ch\u1ecdn m\u00e0u s\u1eafc<\/strong><\/td>\n<td>\u0110en, N\u00e2u, Xanh, \u0110\u1ecf, H\u1ed3ng<\/td>\n<\/tr>\n<tr>\n<td><strong>M\u1eabu c\u00f3 s\u1eb5n<\/strong><\/td>\n<td>M\u1eabu c\u00f3 s\u1eb5n<\/td>\n<\/tr>\n<tr>\n<td><strong>S\u1ed1 l\u01b0\u1ee3ng \u0111\u1eb7t h\u00e0ng t\u1ed1i thi\u1ec3u (MOQ)<\/strong><\/td>\n<td>200 chi\u1ebfc<\/td>\n<\/tr>\n<\/tbody>\n<\/table>\n<p>&nbsp;<\/p>\n<p>&nbsp;<\/p>","protected":false},"excerpt":{"rendered":"<p>Kh\u00f3a RFID TK4100 T5577 c\u00f3 th\u1ec3 ghi l\u1ea1i g\u1ea7n 125KHz cung c\u1ea5p kh\u1ea3 n\u0103ng ki\u1ec3m so\u00e1t truy c\u1eadp an to\u00e0n, kh\u00f4ng ti\u1ebfp x\u00fac v\u1edbi thi\u1ebft k\u1ebf b\u1ec1n b\u1ec9 v\u00e0 c\u00f3 th\u1ec3 t\u00f9y ch\u1ec9nh. L\u00fd t\u01b0\u1edfng cho nhi\u1ec1u \u1ee9ng d\u1ee5ng kh\u00e1c nhau, \u0111\u1ea3m b\u1ea3o t\u00ednh linh ho\u1ea1t v\u00e0 \u0111\u1ed9 tin c\u1eady trong vi\u1ec7c qu\u1ea3n l\u00fd c\u00e1c m\u1ee5c nh\u1eadp.<\/p>","protected":false},"featured_media":3262,"template":"","meta":[],"product_brand":[],"product_cat":[49],"product_tag":[],"class_list":{"0":"post-3255","1":"product","2":"type-product","3":"status-publish","4":"has-post-thumbnail","6":"product_cat-nfc-key-fobs","8":"first","9":"instock","10":"shipping-taxable","11":"product-type-simple"},"_links":{"self":[{"href":"https:\/\/nfc-readers.com\/vi\/wp-json\/wp\/v2\/product\/3255","targetHints":{"allow":["GET"]}}],"collection":[{"href":"https:\/\/nfc-readers.com\/vi\/wp-json\/wp\/v2\/product"}],"about":[{"href":"https:\/\/nfc-readers.com\/vi\/wp-json\/wp\/v2\/types\/product"}],"wp:featuredmedia":[{"embeddable":true,"href":"https:\/\/nfc-readers.com\/vi\/wp-json\/wp\/v2\/media\/3262"}],"wp:attachment":[{"href":"https:\/\/nfc-readers.com\/vi\/wp-json\/wp\/v2\/media?parent=3255"}],"wp:term":[{"taxonomy":"product_brand","embeddable":true,"href":"https:\/\/nfc-readers.com\/vi\/wp-json\/wp\/v2\/product_brand?post=3255"},{"taxonomy":"product_cat","embeddable":true,"href":"https:\/\/nfc-readers.com\/vi\/wp-json\/wp\/v2\/product_cat?post=3255"},{"taxonomy":"product_tag","embeddable":true,"href":"https:\/\/nfc-readers.com\/vi\/wp-json\/wp\/v2\/product_tag?post=3255"}],"curies":[{"name":"wp","href":"https:\/\/api.w.org\/{rel}","templated":true}]}}