{"id":3264,"date":"2024-10-30T13:19:53","date_gmt":"2024-10-30T13:19:53","guid":{"rendered":"https:\/\/nfc-readers.com\/?post_type=product&#038;p=3264"},"modified":"2024-10-30T13:19:53","modified_gmt":"2024-10-30T13:19:53","slug":"rewritable-abs-t5577-lf-125khz-waterproof-rfid-keyfob","status":"publish","type":"product","link":"https:\/\/nfc-readers.com\/vi\/ic-reader\/rewritable-abs-t5577-lf-125khz-waterproof-rfid-keyfob\/","title":{"rendered":"M\u00f3c kh\u00f3a RFID ch\u1ed1ng n\u01b0\u1edbc ABS T5577 LF 125Khz c\u00f3 th\u1ec3 ghi l\u1ea1i"},"content":{"rendered":"<h1 style=\"text-align: center;\"><strong>M\u00f3c kh\u00f3a RFID ch\u1ed1ng n\u01b0\u1edbc ABS T5577 LF 125Khz c\u00f3 th\u1ec3 ghi l\u1ea1i<\/strong><\/h1>\n<p>&nbsp;<\/p>\n<p>Gi\u1edbi thi\u1ec7u\u00a0<strong>M\u00f3c kh\u00f3a RFID ch\u1ed1ng n\u01b0\u1edbc ABS T5577 LF 125KHz c\u00f3 th\u1ec3 ghi l\u1ea1i<\/strong>: gi\u1ea3i ph\u00e1p l\u00fd t\u01b0\u1edfng cho nhu c\u1ea7u ki\u1ec3m so\u00e1t ra v\u00e0o c\u1ee7a b\u1ea1n! Cho d\u00f9 b\u1ea1n c\u1ea7n m\u1ed9t chi\u1ebfc ch\u00eca kh\u00f3a \u0111\u1ec3 b\u1ea3o m\u1eadt, ti\u1ec7n l\u1ee3i hay hi\u1ec7u qu\u1ea3, chi\u1ebfc ch\u00eca kh\u00f3a RFID \u0111a n\u0103ng n\u00e0y cung c\u1ea5p c\u00e1c t\u00ednh n\u0103ng \u0111\u1eb7c bi\u1ec7t khi\u1ebfn n\u00f3 tr\u1edf th\u00e0nh v\u1eadt d\u1ee5ng kh\u00f4ng th\u1ec3 thi\u1ebfu cho c\u1ea3 m\u1ee5c \u0111\u00edch c\u00e1 nh\u00e2n v\u00e0 chuy\u00ean nghi\u1ec7p.<\/p>\n<p>M\u00f3c ch\u00eca kh\u00f3a b\u1ec1n v\u00e0 an to\u00e0n n\u00e0y \u0111\u01b0\u1ee3c thi\u1ebft k\u1ebf \u0111\u1ec3 ch\u1ecbu \u0111\u01b0\u1ee3c \u0111i\u1ec1u ki\u1ec7n th\u1eddi ti\u1ebft kh\u1eafc nghi\u1ec7t v\u00e0 ho\u00e0n h\u1ea3o cho c\u00e1c \u1ee9ng d\u1ee5ng ngo\u00e0i tr\u1eddi. V\u1edbi t\u1ea7n s\u1ed1 th\u1ea5p 125KHz, m\u00f3c ch\u00eca kh\u00f3a RFID n\u00e0y \u0111\u1ea3m b\u1ea3o giao ti\u1ebfp \u1ed5n \u0111\u1ecbnh v\u00e0 c\u00f3 th\u1ec3 ghi, cho ph\u00e9p b\u1ea1n s\u1eeda \u0111\u1ed5i \u0111\u1ec3 ph\u00f9 h\u1ee3p v\u1edbi nhu c\u1ea7u c\u1ee5 th\u1ec3 c\u1ee7a m\u00ecnh. Trong m\u00f4 t\u1ea3 s\u1ea3n ph\u1ea9m to\u00e0n di\u1ec7n n\u00e0y, ch\u00fang t\u00f4i s\u1ebd \u0111i s\u00e2u v\u00e0o v\u00f4 s\u1ed1 l\u1ee3i \u00edch c\u1ee7a M\u00f3c ch\u00eca kh\u00f3a RFID ABS T5577 c\u00f3 th\u1ec3 ghi l\u1ea1i v\u00e0 kh\u00e1m ph\u00e1 l\u00fd do t\u1ea1i sao n\u00f3 \u0111\u00e1ng \u0111\u1ec3 c\u00e2n nh\u1eafc cho c\u00e1c gi\u1ea3i ph\u00e1p ki\u1ec3m so\u00e1t truy c\u1eadp c\u1ee7a b\u1ea1n.<\/p>\n<p>&nbsp;<\/p>\n<h3><strong>T\u1ed5ng quan v\u1ec1 ch\u00eca kh\u00f3a ABS T5577 c\u00f3 th\u1ec3 ghi l\u1ea1i<\/strong><\/h3>\n<p>C\u00e1c\u00a0<strong>M\u00f3c kh\u00f3a RFID ch\u1ed1ng n\u01b0\u1edbc ABS T5577 LF 125KHz c\u00f3 th\u1ec3 ghi l\u1ea1i<\/strong>\u00a0l\u00e0 s\u1ef1 k\u1ebft h\u1ee3p ho\u00e0n h\u1ea3o gi\u1eefa t\u00ednh b\u1ea3o m\u1eadt, t\u00ednh linh ho\u1ea1t v\u00e0 t\u00ednh th\u00e2n thi\u1ec7n v\u1edbi ng\u01b0\u1eddi d\u00f9ng. \u0110\u01b0\u1ee3c thi\u1ebft k\u1ebf t\u1ea1i Qu\u1ea3ng \u0110\u00f4ng, Trung Qu\u1ed1c v\u00e0 \u0111\u01b0\u1ee3c s\u1ea3n xu\u1ea5t b\u1edfi ZD, ch\u00eca kh\u00f3a RFID n\u00e0y c\u00f3 th\u1ec3 \u0111\u01b0\u1ee3c s\u1eed d\u1ee5ng trong nhi\u1ec1u m\u00f4i tr\u01b0\u1eddng kh\u00e1c nhau, cung c\u1ea5p gi\u1ea3i ph\u00e1p \u0111\u00e1ng tin c\u1eady cho c\u00e1c h\u1ec7 th\u1ed1ng ki\u1ec3m so\u00e1t ra v\u00e0o.<\/p>\n<p>Cho d\u00f9 b\u1ea1n \u0111ang qu\u1ea3n l\u00fd kh\u00e1ch s\u1ea1n, b\u1ea3o v\u1ec7 b\u00e3i \u0111\u1eadu xe hay gi\u00e1m s\u00e1t m\u1ed9t s\u1ef1 ki\u1ec7n, t\u00ednh n\u0103ng c\u00f3 th\u1ec3 ghi l\u1ea1i cho ph\u00e9p b\u1ea1n t\u00f9y ch\u1ec9nh t\u1eebng ch\u00eca kh\u00f3a cho c\u00e1c \u1ee9ng d\u1ee5ng c\u1ee5 th\u1ec3, gi\u00fap \u0111\u00e2y tr\u1edf th\u00e0nh l\u1ef1a ch\u1ecdn ti\u1ebft ki\u1ec7m chi ph\u00ed cho c\u1ea3 doanh nghi\u1ec7p v\u00e0 c\u00e1 nh\u00e2n.<\/p>\n<p>&nbsp;<\/p>\n<h3><strong>C\u00e1c t\u00ednh n\u0103ng ch\u00ednh<\/strong><\/h3>\n<p>C\u00e1c\u00a0<strong>M\u00f3c ch\u00eca kh\u00f3a ABS T5577 c\u00f3 th\u1ec3 ghi l\u1ea1i<\/strong>\u00a0t\u1ef1 h\u00e0o c\u00f3 nhi\u1ec1u t\u00ednh n\u0103ng \u0111\u1eb7c bi\u1ec7t:<\/p>\n<ul>\n<li><strong>Ch\u1ed1ng th\u1ea5m n\u01b0\u1edbc v\u00e0 th\u1eddi ti\u1ebft:<\/strong>\u00a0\u0110\u01b0\u1ee3c thi\u1ebft k\u1ebf \u0111\u1ec3 ch\u1ecbu \u0111\u01b0\u1ee3c c\u00e1c y\u1ebfu t\u1ed1 ngo\u00e0i tr\u1eddi, \u0111\u1ea3m b\u1ea3o \u0111\u1ed9 b\u1ec1n v\u00e0 \u0111\u1ed9 tin c\u1eady.<\/li>\n<li><strong>Thi\u1ebft k\u1ebf th\u1ebb Mini:<\/strong>\u00a0Nh\u1ecf g\u1ecdn v\u00e0 nh\u1eb9, d\u1ec5 d\u00e0ng mang theo v\u00e0 s\u1eed d\u1ee5ng.<\/li>\n<li><strong>Giao ti\u1ebfp RFID:<\/strong>\u00a0S\u1eed d\u1ee5ng c\u00f4ng ngh\u1ec7 RFID \u0111\u1ec3 t\u01b0\u01a1ng t\u00e1c li\u1ec1n m\u1ea1ch v\u1edbi c\u00e1c \u0111\u1ea7u \u0111\u1ecdc t\u01b0\u01a1ng th\u00edch.<\/li>\n<li><strong>Kh\u1ea3 n\u0103ng ghi:<\/strong>\u00a0Vi\u1ec7c t\u00f9y ch\u1ec9nh ch\u00eca kh\u00f3a r\u1ea5t \u0111\u01a1n gi\u1ea3n; b\u1ea1n c\u00f3 th\u1ec3 vi\u1ebft l\u1ea1i th\u00f4ng tin b\u1ea5t c\u1ee9 khi n\u00e0o c\u1ea7n thi\u1ebft.<\/li>\n<li><strong>S\u1ef1 \u0111a d\u1ea1ng v\u1ec1 m\u00e0u s\u1eafc:<\/strong>\u00a0C\u00f3 s\u1eb5n m\u00e0u v\u00e0ng, xanh d\u01b0\u01a1ng, \u0111\u1ecf, \u0111en, xanh l\u00e1 c\u00e2y v\u00e0 nhi\u1ec1u m\u00e0u kh\u00e1c, mang \u0111\u1ebfn s\u1ef1 l\u1ef1a ch\u1ecdn th\u1ea9m m\u1ef9 c\u00f9ng v\u1edbi ch\u1ee9c n\u0103ng.<\/li>\n<li><strong>In kh\u1eafc laser:<\/strong>\u00a0L\u00fd t\u01b0\u1edfng cho c\u00e1c doanh nghi\u1ec7p mu\u1ed1n hi\u1ec3n th\u1ecb logo ho\u1eb7c s\u1ed1 s\u00ea-ri.<\/li>\n<\/ul>\n<p>Nh\u1eefng t\u00ednh n\u0103ng n\u00e0y l\u00e0m cho ch\u00eca kh\u00f3a n\u00e0y tr\u1edf th\u00e0nh s\u1ef1 l\u1ef1a ch\u1ecdn thi\u1ebft th\u1ef1c cho nhi\u1ec1u \u1ee9ng d\u1ee5ng kh\u00e1c nhau, n\u00e2ng cao gi\u00e1 tr\u1ecb c\u1ee7a n\u00f3 trong h\u1ec7 th\u1ed1ng ki\u1ec3m so\u00e1t ra v\u00e0o.<\/p>\n<p>&nbsp;<\/p>\n<h3><strong>\u0110\u1ed9 b\u1ec1n v\u00e0 ch\u1ed1ng th\u1ea5m n\u01b0\u1edbc<\/strong><\/h3>\n<p>M\u1ed9t trong nh\u1eefng l\u1ee3i \u00edch n\u1ed5i b\u1eadt c\u1ee7a\u00a0<strong>M\u00f3c ch\u00eca kh\u00f3a ABS T5577 c\u00f3 th\u1ec3 ghi l\u1ea1i<\/strong>\u00a0l\u00e0 thi\u1ebft k\u1ebf ch\u1ed1ng th\u1ea5m n\u01b0\u1edbc v\u00e0 ch\u1ed1ng ch\u1ecbu th\u1eddi ti\u1ebft. \u0110\u01b0\u1ee3c ch\u1ebf t\u1ea1o t\u1eeb v\u1eadt li\u1ec7u ABS ch\u1ea5t l\u01b0\u1ee3ng cao, v\u1eeba c\u00f3 kh\u1ea3 n\u0103ng ch\u1ed1ng ch\u1ecbu v\u1edbi \u0111i\u1ec1u ki\u1ec7n th\u1eddi ti\u1ebft thay \u0111\u1ed5i v\u1eeba c\u00f3 th\u1ec3 ho\u1ea1t \u0111\u1ed9ng \u0111\u00e1ng tin c\u1eady trong m\u00f4i tr\u01b0\u1eddng ngo\u00e0i tr\u1eddi.<\/p>\n<p>Kh\u1ea3 n\u0103ng t\u1ea7n s\u1ed1 th\u1ea5p (125KHz) c\u0169ng gi\u00fap t\u0103ng c\u01b0\u1eddng hi\u1ec7u qu\u1ea3 giao ti\u1ebfp v\u1edbi \u0111\u1ea7u \u0111\u1ecdc RFID, cho ph\u00e9p ng\u01b0\u1eddi d\u00f9ng v\u00e0o c\u1eeda d\u1ec5 d\u00e0ng m\u00e0 kh\u00f4ng lo l\u1eafng v\u1ec1 vi\u1ec7c th\u1eddi ti\u1ebft l\u00e0m \u1ea3nh h\u01b0\u1edfng \u0111\u1ebfn kh\u1ea3 n\u0103ng ra v\u00e0o c\u1ee7a h\u1ecd. M\u1ee9c \u0111\u1ed9 b\u1ec1n n\u00e0y khi\u1ebfn n\u00f3 \u0111\u1eb7c bi\u1ec7t c\u00f3 gi\u00e1 tr\u1ecb \u0111\u1ed1i v\u1edbi kh\u00e1ch s\u1ea1n v\u00e0 h\u1ec7 th\u1ed1ng an ninh ngo\u00e0i tr\u1eddi, n\u01a1i th\u1eddi gian v\u00e0 \u0111\u1ed9 tin c\u1eady l\u00e0 r\u1ea5t quan tr\u1ecdng.<\/p>\n<p>&nbsp;<\/p>\n<h3><strong>D\u1ec5 s\u1eed d\u1ee5ng v\u00e0 thi\u1ebft l\u1eadp<\/strong><\/h3>\n<p>Thi\u1ebft l\u1eadp\u00a0<strong>M\u00f3c ch\u00eca kh\u00f3a ABS T5577 c\u00f3 th\u1ec3 ghi l\u1ea1i<\/strong>\u00a0d\u1ec5 d\u00e0ng, khi\u1ebfn n\u00f3 tr\u1edf th\u00e0nh l\u1ef1a ch\u1ecdn l\u00fd t\u01b0\u1edfng ngay c\u1ea3 v\u1edbi nh\u1eefng ng\u01b0\u1eddi kh\u00f4ng r\u00e0nh v\u1ec1 c\u00f4ng ngh\u1ec7. T\u00ednh n\u0103ng ghi l\u1ea1i cho ph\u00e9p ng\u01b0\u1eddi d\u00f9ng nhanh ch\u00f3ng c\u1eadp nh\u1eadt ho\u1eb7c s\u1eeda \u0111\u1ed5i d\u1eef li\u1ec7u \u0111\u00e3 l\u01b0u tr\u1eef m\u00e0 kh\u00f4ng c\u1ea7n \u0111\u1ebfn c\u00e1c c\u00f4ng c\u1ee5 ho\u1eb7c \u1ee9ng d\u1ee5ng ph\u1ee9c t\u1ea1p.<\/p>\n<p>Ch\u1ec9 c\u1ea7n l\u1eafp ch\u00eca kh\u00f3a v\u00e0o b\u1ed9 l\u1eadp tr\u00ecnh RFID ph\u00f9 h\u1ee3p v\u00e0 b\u1eaft \u0111\u1ea7u m\u00e3 h\u00f3a th\u00f4ng tin mong mu\u1ed1n, cho d\u00f9 \u0111\u00f3 l\u00e0 s\u1ed1 nh\u1eadn d\u1ea1ng duy nh\u1ea5t, quy\u1ec1n truy c\u1eadp hay d\u1eef li\u1ec7u li\u00ean quan kh\u00e1c. Thi\u1ebft l\u1eadp \u0111\u01a1n gi\u1ea3n n\u00e0y gi\u00fap \u0111\u01a1n gi\u1ea3n h\u00f3a vi\u1ec7c t\u00edch h\u1ee3p ch\u00eca kh\u00f3a v\u00e0o b\u1ea5t k\u1ef3 h\u1ec7 th\u1ed1ng ki\u1ec3m so\u00e1t truy c\u1eadp hi\u1ec7n c\u00f3 n\u00e0o.<\/p>\n<p>&nbsp;<\/p>\n<h3><strong>Nh\u1eefng c\u00e2u h\u1ecfi th\u01b0\u1eddng g\u1eb7p (FAQ)<\/strong><\/h3>\n<h3>C\u00e2u h\u1ecfi 1: T\u1ea7n s\u1ed1 c\u1ee7a ch\u00eca kh\u00f3a RFID Rewritable ABS T5577 l\u00e0 bao nhi\u00eau?<\/h3>\n<p><strong>M\u1ed8T:<\/strong>\u00a0Ch\u00eca kh\u00f3a Rewritable ABS T5577 ho\u1ea1t \u0111\u1ed9ng \u1edf t\u1ea7n s\u1ed1\u00a0<strong>125KHz<\/strong>, cho ph\u00e9p giao ti\u1ebfp hi\u1ec7u qu\u1ea3 v\u1edbi \u0111\u1ea7u \u0111\u1ecdc RFID th\u01b0\u1eddng \u0111\u01b0\u1ee3c s\u1eed d\u1ee5ng trong h\u1ec7 th\u1ed1ng ki\u1ec3m so\u00e1t ra v\u00e0o.<\/p>\n<h3>C\u00e2u h\u1ecfi 2: M\u00f3c ch\u00eca kh\u00f3a c\u00f3 ch\u1ed1ng n\u01b0\u1edbc kh\u00f4ng?<\/h3>\n<p><strong>M\u1ed8T:<\/strong>\u00a0C\u00f3, m\u00f3c kh\u00f3a Rewritable ABS T5577 c\u00f3 kh\u1ea3 n\u0103ng ch\u1ed1ng th\u1ea5m n\u01b0\u1edbc v\u00e0 ch\u1ecbu \u0111\u01b0\u1ee3c th\u1eddi ti\u1ebft, \u0111\u1ea3m b\u1ea3o \u0111\u1ed9 b\u1ec1n v\u00e0 \u0111\u1ed9 tin c\u1eady ngay c\u1ea3 trong m\u00f4i tr\u01b0\u1eddng ngo\u00e0i tr\u1eddi kh\u1eafc nghi\u1ec7t.<\/p>\n<h3>C\u00e2u h\u1ecfi 3: T\u00f4i c\u00f3 th\u1ec3 ghi l\u1ea1i th\u00f4ng tin tr\u00ean ch\u00eca kh\u00f3a kh\u00f4ng?<\/h3>\n<p><strong>M\u1ed8T:<\/strong>\u00a0Ch\u1eafc ch\u1eafn r\u1ed3i! M\u00f3c ch\u00eca kh\u00f3a n\u00e0y c\u00f3 m\u1ed9t\u00a0<strong>kh\u1ea3 n\u0103ng ghi l\u1ea1i \u0111\u01b0\u1ee3c<\/strong>\u00a0cho ph\u00e9p b\u1ea1n d\u1ec5 d\u00e0ng t\u00f9y ch\u1ec9nh ho\u1eb7c c\u1eadp nh\u1eadt th\u00f4ng tin \u0111\u01b0\u1ee3c l\u01b0u tr\u1eef tr\u00ean \u0111\u00f3 theo nhu c\u1ea7u c\u1ee7a b\u1ea1n.<\/p>\n<h3>C\u00e2u 4: M\u00f3c ch\u00eca kh\u00f3a \u0111\u01b0\u1ee3c l\u00e0m b\u1eb1ng v\u1eadt li\u1ec7u g\u00ec?<\/h3>\n<p><strong>M\u1ed8T:<\/strong>\u00a0M\u00f3c ch\u00eca kh\u00f3a \u0111\u01b0\u1ee3c l\u00e0m t\u1eeb ch\u1ea5t l\u01b0\u1ee3ng cao\u00a0<strong>V\u1eadt li\u1ec7u ABS<\/strong>, mang l\u1ea1i \u0111\u1ed9 b\u1ec1n v\u00e0 kh\u1ea3 n\u0103ng ch\u1ed1ng hao m\u00f2n.<\/p>\n<h3>C\u00e2u h\u1ecfi 5: T\u00f4i ph\u1ea3i thi\u1ebft l\u1eadp ch\u00eca kh\u00f3a nh\u01b0 th\u1ebf n\u00e0o?<\/h3>\n<p><strong>M\u1ed8T:<\/strong>\u00a0Vi\u1ec7c thi\u1ebft l\u1eadp Rewritable ABS T5577 Keyfob r\u1ea5t \u0111\u01a1n gi\u1ea3n. Ch\u1ec9 c\u1ea7n k\u1ebft n\u1ed1i n\u00f3 v\u1edbi m\u1ed9t b\u1ed9 l\u1eadp tr\u00ecnh RFID t\u01b0\u01a1ng th\u00edch \u0111\u1ec3 t\u1ea3i th\u00f4ng tin mong mu\u1ed1n c\u1ee7a b\u1ea1n, ch\u1eb3ng h\u1ea1n nh\u01b0 s\u1ed1 ID ho\u1eb7c quy\u1ec1n truy c\u1eadp.<\/p>","protected":false},"excerpt":{"rendered":"<p>C\u00e1c\u00a0<strong>M\u00f3c kh\u00f3a RFID ch\u1ed1ng n\u01b0\u1edbc ABS T5577 LF 125KHz c\u00f3 th\u1ec3 ghi l\u1ea1i<\/strong>\u00a0cung c\u1ea5p gi\u1ea3i ph\u00e1p linh ho\u1ea1t v\u00e0 b\u1ec1n b\u1ec9 cho nhu c\u1ea7u ki\u1ec3m so\u00e1t ra v\u00e0o, k\u1ebft h\u1ee3p ch\u1ee9c n\u0103ng ghi l\u1ea1i th\u00e2n thi\u1ec7n v\u1edbi ng\u01b0\u1eddi d\u00f9ng v\u1edbi \u0111\u1ed9 tin c\u1eady ch\u1ed1ng ch\u1ecbu th\u1eddi ti\u1ebft. L\u00fd t\u01b0\u1edfng cho c\u00e1c \u1ee9ng d\u1ee5ng ngo\u00e0i tr\u1eddi, m\u00f3c ch\u00eca kh\u00f3a n\u00e0y \u0111\u1ea3m b\u1ea3o giao ti\u1ebfp an to\u00e0n v\u00e0 hi\u1ec7u qu\u1ea3 v\u1edbi \u0111\u1ea7u \u0111\u1ecdc RFID trong thi\u1ebft k\u1ebf nh\u1ecf g\u1ecdn.<\/p>","protected":false},"featured_media":3265,"template":"","meta":[],"product_brand":[],"product_cat":[49],"product_tag":[],"class_list":{"0":"post-3264","1":"product","2":"type-product","3":"status-publish","4":"has-post-thumbnail","6":"product_cat-nfc-key-fobs","8":"first","9":"instock","10":"shipping-taxable","11":"product-type-simple"},"_links":{"self":[{"href":"https:\/\/nfc-readers.com\/vi\/wp-json\/wp\/v2\/product\/3264","targetHints":{"allow":["GET"]}}],"collection":[{"href":"https:\/\/nfc-readers.com\/vi\/wp-json\/wp\/v2\/product"}],"about":[{"href":"https:\/\/nfc-readers.com\/vi\/wp-json\/wp\/v2\/types\/product"}],"wp:featuredmedia":[{"embeddable":true,"href":"https:\/\/nfc-readers.com\/vi\/wp-json\/wp\/v2\/media\/3265"}],"wp:attachment":[{"href":"https:\/\/nfc-readers.com\/vi\/wp-json\/wp\/v2\/media?parent=3264"}],"wp:term":[{"taxonomy":"product_brand","embeddable":true,"href":"https:\/\/nfc-readers.com\/vi\/wp-json\/wp\/v2\/product_brand?post=3264"},{"taxonomy":"product_cat","embeddable":true,"href":"https:\/\/nfc-readers.com\/vi\/wp-json\/wp\/v2\/product_cat?post=3264"},{"taxonomy":"product_tag","embeddable":true,"href":"https:\/\/nfc-readers.com\/vi\/wp-json\/wp\/v2\/product_tag?post=3264"}],"curies":[{"name":"wp","href":"https:\/\/api.w.org\/{rel}","templated":true}]}}