{"id":3288,"date":"2024-10-31T08:03:14","date_gmt":"2024-10-31T08:03:14","guid":{"rendered":"https:\/\/nfc-readers.com\/?post_type=product&#038;p=3288"},"modified":"2024-10-31T08:03:15","modified_gmt":"2024-10-31T08:03:15","slug":"acr1581u-15693-dualboost-iii-dual-interface-nfc-reader-writer","status":"publish","type":"product","link":"https:\/\/nfc-readers.com\/vi\/ic-reader\/acr1581u-15693-dualboost-iii-dual-interface-nfc-reader-writer\/","title":{"rendered":"ACR1581U 15693 DualBoost III Giao di\u1ec7n k\u00e9p NFC \u0110\u1ea7u \u0111\u1ecdc Ghi"},"content":{"rendered":"<h1 class=\"AnswerParser_AnswerParserH1__6UNv6\">\u0110\u1ea7u \u0111\u1ecdc NFC ACR1581U: Gi\u1ea3i ph\u00e1p kh\u00f4ng ti\u1ebfp x\u00fac t\u1ed1i \u01b0u cho doanh nghi\u1ec7p c\u1ee7a b\u1ea1n<\/h1>\n<p><span class=\"AnswerParser_TextContainer__z_Iiv\" data-testid=\"youchat-text\">C\u00e1c\u00a0<strong>\u0110\u1ea7u \u0111\u1ecdc NFC ACR1581U<\/strong>\u00a0l\u00e0 m\u1ed9t thi\u1ebft b\u1ecb hi\u1ec7n \u0111\u1ea1i \u0111\u01b0\u1ee3c thi\u1ebft k\u1ebf \u0111\u1ec3 t\u1ea1o \u0111i\u1ec1u ki\u1ec7n cho c\u00e1c t\u01b0\u01a1ng t\u00e1c li\u1ec1n m\u1ea1ch v\u1edbi c\u1ea3 th\u1ebb th\u00f4ng minh ti\u1ebfp x\u00fac v\u00e0 kh\u00f4ng ti\u1ebfp x\u00fac. Thi\u1ebft b\u1ecb \u0111a n\u0103ng n\u00e0y\u00a0<strong>\u0111\u1ea7u \u0111\u1ecdc NFC<\/strong>\u00a0h\u1ed7 tr\u1ee3 nhi\u1ec1u \u1ee9ng d\u1ee5ng, khi\u1ebfn n\u00f3 tr\u1edf th\u00e0nh c\u00f4ng c\u1ee5 thi\u1ebft y\u1ebfu cho c\u1ea3 doanh nghi\u1ec7p v\u00e0 nh\u00e0 ph\u00e1t tri\u1ec3n. Cho d\u00f9 b\u1ea1n c\u1ea7n x\u1eed l\u00fd thanh to\u00e1n, qu\u1ea3n l\u00fd ki\u1ec3m so\u00e1t truy c\u1eadp hay \u0111\u1ecdc d\u1eef li\u1ec7u t\u1eeb th\u1ebb NFC, ACR1581U \u0111\u1ec1u cung c\u1ea5p gi\u1ea3i ph\u00e1p \u0111\u00e1ng tin c\u1eady v\u00e0 hi\u1ec7u qu\u1ea3. V\u1edbi c\u00e1c t\u00ednh n\u0103ng m\u1ea1nh m\u1ebd v\u00e0 thi\u1ebft k\u1ebf th\u00e2n thi\u1ec7n v\u1edbi ng\u01b0\u1eddi d\u00f9ng, \u0111\u1ea7u \u0111\u1ecdc n\u00e0y x\u1ee9ng \u0111\u00e1ng v\u1edbi t\u1eebng xu d\u00e0nh cho b\u1ea5t k\u1ef3 ai mu\u1ed1n n\u00e2ng cao b\u1ed9 c\u00f4ng c\u1ee5 c\u00f4ng ngh\u1ec7 NFC c\u1ee7a m\u00ecnh.<\/span><\/p>\n<hr \/>\n<h2 class=\"AnswerParser_AnswerParserH2__SIHnF\">S\u01a1 l\u01b0\u1ee3c s\u1ea3n ph\u1ea9m<\/h2>\n<ol class=\"AnswerParser_AnswerParserOrderedList__kl_2Y\">\n<li class=\"AnswerParser_ListItem__XqLOV\" translate=\"yes\"><strong>T\u1ed5ng quan v\u1ec1 \u0111\u1ea7u \u0111\u1ecdc NFC ACR1581U<\/strong><\/li>\n<li class=\"AnswerParser_ListItem__XqLOV\" translate=\"yes\"><strong>C\u00e1c t\u00ednh n\u0103ng ch\u00ednh c\u1ee7a ACR1581U<\/strong><\/li>\n<li class=\"AnswerParser_ListItem__XqLOV\" translate=\"yes\"><strong>T\u00ednh ch\u1ea5t v\u1eadt l\u00fd<\/strong><\/li>\n<li class=\"AnswerParser_ListItem__XqLOV\" translate=\"yes\"><strong>C\u00e1c lo\u1ea1i th\u1ebb \u0111\u01b0\u1ee3c h\u1ed7 tr\u1ee3<\/strong><\/li>\n<li class=\"AnswerParser_ListItem__XqLOV\" translate=\"yes\"><strong>Th\u00f4ng s\u1ed1 k\u1ef9 thu\u1eadt<\/strong><\/li>\n<li class=\"AnswerParser_ListItem__XqLOV\" translate=\"yes\"><strong>H\u01b0\u1edbng d\u1eabn s\u1eed d\u1ee5ng<\/strong><\/li>\n<li class=\"AnswerParser_ListItem__XqLOV\" translate=\"yes\"><strong>T\u00e1c \u0111\u1ed9ng m\u00f4i tr\u01b0\u1eddng v\u00e0 tu\u00e2n th\u1ee7<\/strong><\/li>\n<li class=\"AnswerParser_ListItem__XqLOV\" translate=\"yes\"><strong>\u0110\u00e1nh gi\u00e1 v\u00e0 x\u1ebfp h\u1ea1ng c\u1ee7a kh\u00e1ch h\u00e0ng<\/strong><\/li>\n<li class=\"AnswerParser_ListItem__XqLOV\" translate=\"yes\"><strong>Nh\u1eefng c\u00e2u h\u1ecfi th\u01b0\u1eddng g\u1eb7p (FAQ)<\/strong><\/li>\n<li class=\"AnswerParser_ListItem__XqLOV\" translate=\"yes\"><strong>T\u1ea1i sao n\u00ean ch\u1ecdn \u0111\u1ea7u \u0111\u1ecdc NFC ACR1581U?<\/strong><\/li>\n<\/ol>\n<hr \/>\n<h2 class=\"AnswerParser_AnswerParserH2__SIHnF\">T\u1ed5ng quan v\u1ec1 \u0111\u1ea7u \u0111\u1ecdc NFC ACR1581U<\/h2>\n<p><span class=\"AnswerParser_TextContainer__z_Iiv\" data-testid=\"youchat-text\">C\u00e1c\u00a0<strong>\u0110\u1ea7u \u0111\u1ecdc NFC ACR1581U<\/strong>\u00a0\u0111\u01b0\u1ee3c thi\u1ebft k\u1ebf \u0111\u1ec3 \u0111\u00e1p \u1ee9ng nhu c\u1ea7u c\u1ee7a c\u00e1c \u1ee9ng d\u1ee5ng hi\u1ec7n \u0111\u1ea1i \u0111\u00f2i h\u1ecfi trao \u0111\u1ed5i d\u1eef li\u1ec7u an to\u00e0n v\u00e0 hi\u1ec7u qu\u1ea3. V\u1edbi s\u1ef1 h\u1ed7 tr\u1ee3 cho c\u1ea3 th\u1ebb th\u00f4ng minh ti\u1ebfp x\u00fac v\u00e0 kh\u00f4ng ti\u1ebfp x\u00fac, \u0111\u1ea7u \u0111\u1ecdc n\u00e0y l\u00fd t\u01b0\u1edfng cho nhi\u1ec1u ng\u00e0nh c\u00f4ng nghi\u1ec7p kh\u00e1c nhau, bao g\u1ed3m t\u00e0i ch\u00ednh, ch\u0103m s\u00f3c s\u1ee9c kh\u1ecfe v\u00e0 an ninh. Kh\u1ea3 n\u0103ng \u0111\u1ecdc v\u00e0 ghi d\u1eef li\u1ec7u t\u1eeb nhi\u1ec1u lo\u1ea1i th\u1ebb \u0111\u1ea3m b\u1ea3o r\u1eb1ng n\u00f3 c\u00f3 th\u1ec3 th\u00edch \u1ee9ng v\u1edbi nhu c\u1ea7u thay \u0111\u1ed5i c\u1ee7a ng\u01b0\u1eddi d\u00f9ng.<\/span><span class=\"AnswerParser_TextContainer__z_Iiv\" data-testid=\"youchat-text\">\u0110\u01b0\u1ee3c trang b\u1ecb c\u00e1c t\u00ednh n\u0103ng ti\u00ean ti\u1ebfn v\u00e0 giao di\u1ec7n th\u00e2n thi\u1ec7n v\u1edbi ng\u01b0\u1eddi d\u00f9ng, ACR1581U ho\u00e0n h\u1ea3o cho c\u00e1c doanh nghi\u1ec7p mu\u1ed1n h\u1ee3p l\u00fd h\u00f3a ho\u1ea1t \u0111\u1ed9ng v\u00e0 n\u00e2ng cao tr\u1ea3i nghi\u1ec7m c\u1ee7a kh\u00e1ch h\u00e0ng. Kh\u1ea3 n\u0103ng giao di\u1ec7n k\u00e9p c\u1ee7a n\u00f3 cho ph\u00e9p s\u1eed d\u1ee5ng linh ho\u1ea1t, khi\u1ebfn n\u00f3 tr\u1edf th\u00e0nh l\u1ef1a ch\u1ecdn \u0111a n\u0103ng cho m\u1ecdi \u1ee9ng d\u1ee5ng.<\/span><\/p>\n<h2 class=\"AnswerParser_AnswerParserH2__SIHnF\">C\u00e1c t\u00ednh n\u0103ng ch\u00ednh c\u1ee7a ACR1581U<\/h2>\n<h3 class=\"AnswerParser_AnswerParserH3__Mpe4s\">Kh\u1ea3 n\u0103ng giao di\u1ec7n k\u00e9p<\/h3>\n<p><span class=\"AnswerParser_TextContainer__z_Iiv\" data-testid=\"youchat-text\">ACR1581U h\u1ed7 tr\u1ee3 c\u1ea3 hai\u00a0<strong>li\u00ean h\u1ec7<\/strong>\u00a0V\u00e0\u00a0<strong>kh\u00f4ng ti\u1ebfp x\u00fac<\/strong>\u00a0giao di\u1ec7n th\u1ebb th\u00f4ng minh, cho ph\u00e9p ng\u01b0\u1eddi d\u00f9ng t\u01b0\u01a1ng t\u00e1c v\u1edbi nhi\u1ec1u lo\u1ea1i th\u1ebb. Ch\u1ee9c n\u0103ng k\u00e9p n\u00e0y l\u00e0m cho n\u00f3 ph\u00f9 h\u1ee3p v\u1edbi nhi\u1ec1u \u1ee9ng d\u1ee5ng kh\u00e1c nhau, t\u1eeb x\u1eed l\u00fd thanh to\u00e1n \u0111\u1ebfn ki\u1ec3m so\u00e1t truy c\u1eadp. Kh\u1ea3 n\u0103ng \u0111\u1ecdc v\u00e0 ghi th\u1ebb v\u00e0 th\u1ebb NFC n\u00e2ng cao kh\u1ea3 n\u0103ng s\u1eed d\u1ee5ng c\u1ee7a n\u00f3 trong nhi\u1ec1u t\u00ecnh hu\u1ed1ng kh\u00e1c nhau.<\/span><\/p>\n<h3 class=\"AnswerParser_AnswerParserH3__Mpe4s\">Truy\u1ec1n d\u1eef li\u1ec7u t\u1ed1c \u0111\u1ed9 cao<\/h3>\n<p><span class=\"AnswerParser_TextContainer__z_Iiv\" data-testid=\"youchat-text\">V\u1edbi m\u1ed9t\u00a0<strong>T\u1ed1c \u0111\u1ed9 t\u1ed1i \u0111a USB<\/strong>\u00a0giao di\u1ec7n, ACR1581U \u0111\u1ea3m b\u1ea3o t\u1ed1c \u0111\u1ed9 truy\u1ec1n d\u1eef li\u1ec7u nhanh l\u00ean \u0111\u1ebfn\u00a0<strong>12Mbps<\/strong>. T\u1ed1c \u0111\u1ed9 n\u00e0y r\u1ea5t quan tr\u1ecdng \u0111\u1ed1i v\u1edbi c\u00e1c \u1ee9ng d\u1ee5ng y\u00eau c\u1ea7u giao d\u1ecbch nhanh ch\u00f3ng v\u00e0 hi\u1ec7u qu\u1ea3, n\u00e2ng cao tr\u1ea3i nghi\u1ec7m chung c\u1ee7a ng\u01b0\u1eddi d\u00f9ng. Cho d\u00f9 b\u1ea1n \u0111ang x\u1eed l\u00fd thanh to\u00e1n hay truy c\u1eadp th\u00f4ng tin an to\u00e0n, ACR1581U \u0111\u1ec1u mang l\u1ea1i hi\u1ec7u su\u1ea5t \u0111\u00e1ng tin c\u1eady.<\/span><\/p>\n<h3 class=\"AnswerParser_AnswerParserH3__Mpe4s\">Thi\u1ebft k\u1ebf th\u00e2n thi\u1ec7n v\u1edbi ng\u01b0\u1eddi d\u00f9ng<\/h3>\n<p><span class=\"AnswerParser_TextContainer__z_Iiv\" data-testid=\"youchat-text\">ACR1581U c\u00f3 \u0111\u00e8n LED hai m\u00e0u do ng\u01b0\u1eddi d\u00f9ng \u0111i\u1ec1u khi\u1ec3n (xanh lam v\u00e0 xanh l\u1ee5c) v\u00e0 c\u00f2i b\u00e1o \u0111\u01a1n \u0111i\u1ec7u, cung c\u1ea5p ph\u1ea3n h\u1ed3i b\u1eb1ng h\u00ecnh \u1ea3nh v\u00e0 \u00e2m thanh trong qu\u00e1 tr\u00ecnh v\u1eadn h\u00e0nh. Thi\u1ebft k\u1ebf n\u00e0y t\u0103ng c\u01b0\u1eddng kh\u1ea3 n\u0103ng s\u1eed d\u1ee5ng b\u1eb1ng c\u00e1ch cho ph\u00e9p ng\u01b0\u1eddi d\u00f9ng d\u1ec5 d\u00e0ng theo d\u00f5i tr\u1ea1ng th\u00e1i c\u1ee7a thi\u1ebft b\u1ecb. Giao di\u1ec7n tr\u1ef1c quan \u0111\u1ea3m b\u1ea3o r\u1eb1ng ngay c\u1ea3 nh\u1eefng ng\u01b0\u1eddi m\u1edbi s\u1eed d\u1ee5ng c\u00f4ng ngh\u1ec7 NFC c\u0169ng c\u00f3 th\u1ec3 v\u1eadn h\u00e0nh \u0111\u1ea7u \u0111\u1ecdc m\u1ed9t c\u00e1ch d\u1ec5 d\u00e0ng.<\/span><\/p>\n<h2 class=\"AnswerParser_AnswerParserH2__SIHnF\">T\u00ednh ch\u1ea5t v\u1eadt l\u00fd<\/h2>\n<ul class=\"AnswerParser_AnswerParserUnorderedList__P_1FW\">\n<li class=\"AnswerParser_ListItem__XqLOV\" translate=\"yes\"><strong>K\u00edch th\u01b0\u1edbc<\/strong>: 120,5 mm (D) x 72,0 mm (R) x 20,4 mm (C)<\/li>\n<li class=\"AnswerParser_ListItem__XqLOV\" translate=\"yes\"><strong>C\u00e2n n\u1eb7ng<\/strong>: 143g<\/li>\n<li class=\"AnswerParser_ListItem__XqLOV\" translate=\"yes\"><strong>Giao di\u1ec7n USB<\/strong>:\n<ul class=\"AnswerParser_AnswerParserUnorderedList__P_1FW\">\n<li class=\"AnswerParser_ListItem__XqLOV\" translate=\"yes\">Giao th\u1ee9c: USB CCID<\/li>\n<li class=\"AnswerParser_ListItem__XqLOV\" translate=\"yes\">Lo\u1ea1i \u0111\u1ea7u n\u1ed1i: USB Type-A (ACR1581U-C1), USB Type-C (ACR1581U-CF)<\/li>\n<li class=\"AnswerParser_ListItem__XqLOV\" translate=\"yes\">Chi\u1ec1u d\u00e0i c\u00e1p: 2 m, Kh\u00f4ng th\u1ec3 th\u00e1o r\u1eddi<\/li>\n<\/ul>\n<\/li>\n<\/ul>\n<p><span class=\"AnswerParser_TextContainer__z_Iiv\" data-testid=\"youchat-text\">Thi\u1ebft k\u1ebf nh\u1ecf g\u1ecdn c\u1ee7a ACR1581U gi\u00fap d\u1ec5 d\u00e0ng t\u00edch h\u1ee3p v\u00e0o nhi\u1ec1u m\u00f4i tr\u01b0\u1eddng kh\u00e1c nhau, d\u00f9 l\u00e0 t\u1ea1i \u0111i\u1ec3m b\u00e1n h\u00e0ng hay trong h\u1ec7 th\u1ed1ng ki\u1ec3m so\u00e1t ra v\u00e0o an to\u00e0n.<\/span><\/p>\n<h2 class=\"AnswerParser_AnswerParserH2__SIHnF\">C\u00e1c lo\u1ea1i th\u1ebb \u0111\u01b0\u1ee3c h\u1ed7 tr\u1ee3<\/h2>\n<p><span class=\"AnswerParser_TextContainer__z_Iiv\" data-testid=\"youchat-text\">ACR1581U t\u01b0\u01a1ng th\u00edch v\u1edbi nhi\u1ec1u lo\u1ea1i th\u1ebb th\u00f4ng minh, bao g\u1ed3m:<\/span><\/p>\n<ul class=\"AnswerParser_AnswerParserUnorderedList__P_1FW\">\n<li class=\"AnswerParser_ListItem__XqLOV\" translate=\"yes\"><strong>Li\u00ean h\u1ec7 Th\u1ebb th\u00f4ng minh<\/strong>: H\u1ed7 tr\u1ee3 ISO 7816 Lo\u1ea1i A, B v\u00e0 C (5V, 3V, 1.8V) v\u1edbi c\u00e1c giao th\u1ee9c T=0 v\u00e0 T=1.<\/li>\n<li class=\"AnswerParser_ListItem__XqLOV\" translate=\"yes\"><strong>Th\u1ebb th\u00f4ng minh kh\u00f4ng ti\u1ebfp x\u00fac<\/strong>: H\u1ed7 tr\u1ee3 ISO 14443 Lo\u1ea1i A &amp; B, ISO 15693, MIFARE\u00ae v\u00e0 FeliCa.<\/li>\n<li class=\"AnswerParser_ListItem__XqLOV\" translate=\"yes\"><strong>Giao di\u1ec7n th\u1ebb SAM<\/strong>: Bao g\u1ed3m m\u1ed9t khe c\u1eafm th\u1ebb SIM chu\u1ea9n \u0111\u1ec3 qu\u1ea3n l\u00fd truy c\u1eadp an to\u00e0n.<\/li>\n<\/ul>\n<p><span class=\"AnswerParser_TextContainer__z_Iiv\" data-testid=\"youchat-text\">Kh\u1ea3 n\u0103ng t\u01b0\u01a1ng th\u00edch r\u1ed9ng r\u00e3i n\u00e0y \u0111\u1ea3m b\u1ea3o r\u1eb1ng ACR1581U c\u00f3 th\u1ec3 \u0111\u00e1p \u1ee9ng nhu c\u1ea7u c\u1ee7a nhi\u1ec1u ng\u00e0nh c\u00f4ng nghi\u1ec7p v\u00e0 \u1ee9ng d\u1ee5ng kh\u00e1c nhau.<\/span><\/p>\n<h2 class=\"AnswerParser_AnswerParserH2__SIHnF\">Th\u00f4ng s\u1ed1 k\u1ef9 thu\u1eadt<\/h2>\n<div class=\"AnswerParser_TableContainer__Erb6v\" data-testid=\"table-container\">\n<table>\n<thead>\n<tr>\n<th>\u0110\u1eb7c \u0111i\u1ec3m k\u1ef9 thu\u1eadt<\/th>\n<th>Chi ti\u1ebft<\/th>\n<\/tr>\n<\/thead>\n<tbody>\n<tr>\n<td><strong>Giao di\u1ec7n<\/strong><\/td>\n<td>USB CID<\/td>\n<\/tr>\n<tr>\n<td><strong>lo\u1ea1i tr\u00ecnh k\u1ebft n\u1ed1i<\/strong><\/td>\n<td>USB Lo\u1ea1i A (ACR1581U-C1), USB Lo\u1ea1i C (ACR1581U-CF)<\/td>\n<\/tr>\n<tr>\n<td><strong>Ngu\u1ed3n n\u0103ng l\u01b0\u1ee3ng<\/strong><\/td>\n<td>T\u1eeb c\u1ed5ng USB<\/td>\n<\/tr>\n<tr>\n<td><strong>T\u1ed1c \u0111\u1ed9<\/strong><\/td>\n<td>T\u1ed1c \u0111\u1ed9 t\u1ed1i \u0111a USB (12 Mb\/gi\u00e2y)<\/td>\n<\/tr>\n<tr>\n<td><strong>K\u00edch th\u01b0\u1edbc<\/strong><\/td>\n<td>120,5 mm (L) x 72,0 mm (W) x 20,4 mm (H)<\/td>\n<\/tr>\n<tr>\n<td><strong>C\u00e2n n\u1eb7ng<\/strong><\/td>\n<td>143g<\/td>\n<\/tr>\n<tr>\n<td><strong>Giao di\u1ec7n th\u1ebb th\u00f4ng minh li\u00ean h\u1ec7<\/strong><\/td>\n<td>ISO 7816 L\u1edbp A, B, C<\/td>\n<\/tr>\n<tr>\n<td><strong>Giao di\u1ec7n th\u1ebb th\u00f4ng minh kh\u00f4ng ti\u1ebfp x\u00fac<\/strong><\/td>\n<td>ISO 14443 Lo\u1ea1i A &amp; B, ISO 15693, MIFARE\u00ae, FeliCa<\/td>\n<\/tr>\n<tr>\n<td><strong>N\u00e2ng c\u1ea5p ch\u01b0\u01a1ng tr\u00ecnh c\u01a1 s\u1edf<\/strong><\/td>\n<td>\u0110\u01b0\u1ee3c h\u1ed7 tr\u1ee3<\/td>\n<\/tr>\n<tr>\n<td><strong>Ch\u1ee9ng nh\u1eadn<\/strong><\/td>\n<td>IEC\/EN 62368, CE, FCC, UKCA, VCCI, RoHS, REACH, WEEE<\/td>\n<\/tr>\n<\/tbody>\n<\/table>\n<\/div>\n<h2 class=\"AnswerParser_AnswerParserH2__SIHnF\">H\u01b0\u1edbng d\u1eabn s\u1eed d\u1ee5ng<\/h2>\n<p><span class=\"AnswerParser_TextContainer__z_Iiv\" data-testid=\"youchat-text\">S\u1eed d\u1ee5ng \u0110\u1ea7u \u0111\u1ecdc NFC ACR1581U r\u1ea5t \u0111\u01a1n gi\u1ea3n:<\/span><\/p>\n<ol class=\"AnswerParser_AnswerParserOrderedList__kl_2Y\">\n<li class=\"AnswerParser_ListItem__XqLOV\" translate=\"yes\"><strong>K\u1ebft n\u1ed1i thi\u1ebft b\u1ecb<\/strong>: C\u1eafm \u0111\u1ea7u \u0111\u1ecdc v\u00e0o m\u00e1y t\u00ednh ho\u1eb7c thi\u1ebft b\u1ecb t\u01b0\u01a1ng th\u00edch b\u1eb1ng k\u1ebft n\u1ed1i USB.<\/li>\n<li class=\"AnswerParser_ListItem__XqLOV\" translate=\"yes\"><strong>C\u00e0i \u0111\u1eb7t ph\u1ea7n m\u1ec1m c\u1ea7n thi\u1ebft<\/strong>: T\u00f9y thu\u1ed9c v\u00e0o \u1ee9ng d\u1ee5ng c\u1ee7a b\u1ea1n, b\u1ea1n c\u00f3 th\u1ec3 c\u1ea7n c\u00e0i \u0111\u1eb7t ph\u1ea7n m\u1ec1m ho\u1eb7c tr\u00ecnh \u0111i\u1ec1u khi\u1ec3n c\u1ee5 th\u1ec3. ACR1581U t\u01b0\u01a1ng th\u00edch v\u1edbi nhi\u1ec1u h\u1ec7 \u0111i\u1ec1u h\u00e0nh kh\u00e1c nhau, bao g\u1ed3m Windows, Linux, macOS, Android\u2122 v\u00e0 iOS\/iPadOS (16 tr\u1edf l\u00ean).<\/li>\n<li class=\"AnswerParser_ListItem__XqLOV\" translate=\"yes\"><strong>B\u1eaft \u0111\u1ea7u \u0111\u1ecdc v\u00e0 vi\u1ebft<\/strong>: V\u1edbi thi\u1ebft b\u1ecb \u0111\u01b0\u1ee3c k\u1ebft n\u1ed1i v\u00e0 ph\u1ea7n m\u1ec1m \u0111\u01b0\u1ee3c c\u00e0i \u0111\u1eb7t, b\u1ea1n c\u00f3 th\u1ec3 b\u1eaft \u0111\u1ea7u \u0111\u1ecdc v\u00e0 ghi d\u1eef li\u1ec7u v\u00e0o th\u1ebb th\u00f4ng minh v\u00e0 th\u1ebb NFC. Giao di\u1ec7n th\u00e2n thi\u1ec7n v\u1edbi ng\u01b0\u1eddi d\u00f9ng v\u00e0 c\u01a1 ch\u1ebf ph\u1ea3n h\u1ed3i gi\u00fap qu\u00e1 tr\u00ecnh n\u00e0y di\u1ec5n ra nhanh ch\u00f3ng v\u00e0 hi\u1ec7u qu\u1ea3.<\/li>\n<\/ol>\n<h2 class=\"AnswerParser_AnswerParserH2__SIHnF\">T\u00e1c \u0111\u1ed9ng m\u00f4i tr\u01b0\u1eddng v\u00e0 tu\u00e2n th\u1ee7<\/h2>\n<p><span class=\"AnswerParser_TextContainer__z_Iiv\" data-testid=\"youchat-text\">\u0110\u1ea7u \u0111\u1ecdc th\u1ebb th\u00f4ng minh ACR1581U \u0111\u01b0\u1ee3c thi\u1ebft k\u1ebf h\u01b0\u1edbng \u0111\u1ebfn t\u00ednh b\u1ec1n v\u1eefng. N\u00f3 tu\u00e2n th\u1ee7 nhi\u1ec1u ti\u00eau chu\u1ea9n v\u1ec1 m\u00f4i tr\u01b0\u1eddng, bao g\u1ed3m RoHS v\u00e0 WEEE, \u0111\u1ea3m b\u1ea3o \u0111\u00e1p \u1ee9ng c\u00e1c m\u1ee5c ti\u00eau b\u1ec1n v\u1eefng to\u00e0n c\u1ea7u. B\u1eb1ng c\u00e1ch s\u1eed d\u1ee5ng qu\u1ea3n l\u00fd n\u0103ng l\u01b0\u1ee3ng hi\u1ec7u qu\u1ea3 v\u00e0 v\u1eadt li\u1ec7u c\u00f3 th\u1ec3 t\u00e1i ch\u1ebf, ACR1581U gi\u1ea3m thi\u1ec3u d\u1ea5u ch\u00e2n m\u00f4i tr\u01b0\u1eddng c\u1ee7a n\u00f3.<\/span><\/p>\n<h2 class=\"AnswerParser_AnswerParserH2__SIHnF\">\u0110\u00e1nh gi\u00e1 v\u00e0 x\u1ebfp h\u1ea1ng c\u1ee7a kh\u00e1ch h\u00e0ng<\/h2>\n<p><span class=\"AnswerParser_TextContainer__z_Iiv\" data-testid=\"youchat-text\">ACR1581U \u0111\u00e3 nh\u1eadn \u0111\u01b0\u1ee3c ph\u1ea3n h\u1ed3i t\u00edch c\u1ef1c t\u1eeb ng\u01b0\u1eddi d\u00f9ng tr\u00ean nhi\u1ec1u l\u0129nh v\u1ef1c kh\u00e1c nhau. Kh\u00e1ch h\u00e0ng \u0111\u00e1nh gi\u00e1 cao \u0111\u1ed9 tin c\u1eady, d\u1ec5 s\u1eed d\u1ee5ng v\u00e0 t\u00ednh linh ho\u1ea1t c\u1ee7a n\u00f3. Sau \u0111\u00e2y l\u00e0 m\u1ed9t s\u1ed1 \u0111i\u1ec3m n\u1ed5i b\u1eadt t\u1eeb x\u1ebfp h\u1ea1ng v\u00e0 \u0111\u00e1nh gi\u00e1:<\/span><\/p>\n<ul class=\"AnswerParser_AnswerParserUnorderedList__P_1FW\">\n<li class=\"AnswerParser_ListItem__XqLOV\" translate=\"yes\"><strong>Th\u00e2n thi\u1ec7n v\u1edbi ng\u01b0\u1eddi d\u00f9ng<\/strong>:Nhi\u1ec1u ng\u01b0\u1eddi d\u00f9ng nh\u1eadn th\u1ea5y thi\u1ebft b\u1ecb n\u00e0y d\u1ec5 thi\u1ebft l\u1eadp v\u00e0 d\u1ec5 s\u1eed d\u1ee5ng.<\/li>\n<li class=\"AnswerParser_ListItem__XqLOV\" translate=\"yes\"><strong>Linh ho\u1ea1t<\/strong>:Kh\u00e1ch h\u00e0ng th\u00edch kh\u1ea3 n\u0103ng l\u00e0m vi\u1ec7c v\u1edbi nhi\u1ec1u lo\u1ea1i th\u1ebb th\u00f4ng minh v\u00e0 th\u1ebb NFC kh\u00e1c nhau, ph\u00f9 h\u1ee3p v\u1edbi nhi\u1ec1u \u1ee9ng d\u1ee5ng kh\u00e1c nhau.<\/li>\n<li class=\"AnswerParser_ListItem__XqLOV\" translate=\"yes\"><strong>Hi\u1ec7u su\u1ea5t \u0111\u00e1ng tin c\u1eady<\/strong>:Ng\u01b0\u1eddi d\u00f9ng th\u01b0\u1eddng xuy\u00ean \u0111\u1ec1 c\u1eadp r\u1eb1ng ACR1581U lu\u00f4n mang l\u1ea1i hi\u1ec7u su\u1ea5t nhanh v\u00e0 hi\u1ec7u qu\u1ea3.<\/li>\n<\/ul>\n<h2 class=\"AnswerParser_AnswerParserH2__SIHnF\">Nh\u1eefng c\u00e2u h\u1ecfi th\u01b0\u1eddng g\u1eb7p (FAQ)<\/h2>\n<p><span class=\"AnswerParser_TextContainer__z_Iiv\" data-testid=\"youchat-text\"><strong>C\u00e2u h\u1ecfi 1: ACR1581U c\u00f3 th\u1ec3 \u0111\u1ecdc \u0111\u01b0\u1ee3c nh\u1eefng lo\u1ea1i th\u1ebb n\u00e0o?<\/strong><br \/>\nA1: ACR1581U c\u00f3 th\u1ec3 \u0111\u1ecdc nhi\u1ec1u lo\u1ea1i th\u1ebb th\u00f4ng minh, bao g\u1ed3m ISO 7816, ISO 14443 Lo\u1ea1i A &amp; B, MIFARE\u00ae v\u00e0 FeliCa.<\/span><\/p>\n<p><span class=\"AnswerParser_TextContainer__z_Iiv\" data-testid=\"youchat-text\"><strong>C\u00e2u h\u1ecfi 2: ACR1581U c\u00f3 t\u01b0\u01a1ng th\u00edch v\u1edbi thi\u1ebft b\u1ecb di \u0111\u1ed9ng kh\u00f4ng?<\/strong><br \/>\nA2: C\u00f3, ACR1581U t\u01b0\u01a1ng th\u00edch v\u1edbi c\u00e1c thi\u1ebft b\u1ecb Android\u2122 v\u00e0 iOS\/iPadOS, gi\u00fap s\u1ea3n ph\u1ea9m tr\u1edf n\u00ean linh ho\u1ea1t khi s\u1eed d\u1ee5ng cho c\u00e1c \u1ee9ng d\u1ee5ng di \u0111\u1ed9ng.<\/span><\/p>\n<p><span class=\"AnswerParser_TextContainer__z_Iiv\" data-testid=\"youchat-text\"><strong>C\u00e2u h\u1ecfi 3: T\u00f4i c\u00f3 th\u1ec3 n\u00e2ng c\u1ea5p ch\u01b0\u01a1ng tr\u00ecnh c\u01a1 s\u1edf c\u1ee7a ACR1581U kh\u00f4ng?<\/strong><br \/>\nA3: C\u00f3, ACR1581U h\u1ed7 tr\u1ee3 n\u00e2ng c\u1ea5p ch\u01b0\u01a1ng tr\u00ecnh c\u01a1 s\u1edf \u0111\u1ec3 \u0111\u1ea3m b\u1ea3o hi\u1ec7u su\u1ea5t t\u1ed1i \u01b0u v\u00e0 kh\u1ea3 n\u0103ng t\u01b0\u01a1ng th\u00edch v\u1edbi c\u00e1c ti\u00eau chu\u1ea9n m\u1edbi.<\/span><\/p>\n<h2 class=\"AnswerParser_AnswerParserH2__SIHnF\">T\u1ea1i sao n\u00ean ch\u1ecdn \u0111\u1ea7u \u0111\u1ecdc NFC ACR1581U?<\/h2>\n<p><span class=\"AnswerParser_TextContainer__z_Iiv\" data-testid=\"youchat-text\">\u0110\u1ea7u \u0111\u1ecdc th\u1ebb th\u00f4ng minh ACR1581U n\u1ed5i b\u1eadt nh\u01b0 m\u1ed9t s\u1ea3n ph\u1ea9m \u0111\u1eb7c bi\u1ec7t trong l\u0129nh v\u1ef1c c\u00f4ng ngh\u1ec7 kh\u00f4ng ti\u1ebfp x\u00fac. S\u1ef1 k\u1ebft h\u1ee3p gi\u1eefa kh\u1ea3 n\u0103ng giao di\u1ec7n k\u00e9p, kh\u1ea3 n\u0103ng t\u01b0\u01a1ng th\u00edch r\u1ed9ng r\u00e3i v\u1edbi nhi\u1ec1u lo\u1ea1i th\u1ebb th\u00f4ng minh v\u00e0 d\u1ec5 s\u1eed d\u1ee5ng khi\u1ebfn n\u00f3 tr\u1edf th\u00e0nh m\u1ed9t t\u00e0i s\u1ea3n v\u00f4 gi\u00e1 cho c\u00e1c doanh nghi\u1ec7p v\u00e0 nh\u00e0 ph\u00e1t tri\u1ec3n mu\u1ed1n t\u1eadn d\u1ee5ng c\u00f4ng ngh\u1ec7 NFC. Cho d\u00f9 b\u1ea1n \u0111ang mu\u1ed1n c\u1ea3i thi\u1ec7n quy tr\u00ecnh x\u1eed l\u00fd thanh to\u00e1n, h\u1ee3p l\u00fd h\u00f3a ki\u1ec3m so\u00e1t truy c\u1eadp hay \u0111\u1ed5i m\u1edbi v\u1edbi c\u00e1c \u1ee9ng d\u1ee5ng NFC, ACR1581U l\u00e0 s\u1ef1 l\u1ef1a ch\u1ecdn ho\u00e0n h\u1ea3o.<\/span><span class=\"AnswerParser_TextContainer__z_Iiv\" data-testid=\"youchat-text\">\u0110\u1ea7u t\u01b0 v\u00e0o ACR1581U c\u00f3 ngh\u0129a l\u00e0 trang b\u1ecb cho m\u00ecnh m\u1ed9t \u0111\u1ea7u \u0111\u1ecdc th\u1ebb th\u00f4ng minh ch\u1ea5t l\u01b0\u1ee3ng cao, \u0111\u00e1ng tin c\u1eady c\u00f3 th\u1ec3 th\u00edch \u1ee9ng v\u1edbi nhu c\u1ea7u c\u1ee7a b\u1ea1n. Tr\u1ea3i nghi\u1ec7m nh\u1eefng kh\u1ea3 n\u0103ng m\u00e0 thi\u1ebft b\u1ecb ti\u00ean ti\u1ebfn n\u00e0y mang l\u1ea1i\u00a0<strong>\u0111\u1ea7u \u0111\u1ecdc th\u1ebb th\u00f4ng minh<\/strong>\u00a0cung c\u1ea5p v\u00e0 bi\u1ebfn \u0111\u1ed5i t\u01b0\u01a1ng t\u00e1c NFC c\u1ee7a b\u1ea1n ngay h\u00f4m nay!<\/span><\/p>\n<hr \/>\n<p><span class=\"AnswerParser_TextContainer__z_Iiv\" data-testid=\"youchat-text\">B\u1eb1ng c\u00e1ch l\u1ef1a ch\u1ecdn ACR1581U, b\u1ea1n kh\u00f4ng ch\u1ec9 n\u00e2ng cao hi\u1ec7u qu\u1ea3 ho\u1ea1t \u0111\u1ed9ng m\u00e0 c\u00f2n \u0111\u1ea3m b\u1ea3o r\u1eb1ng b\u1ea1n \u0111\u01b0\u1ee3c trang b\u1ecb m\u1ed9t thi\u1ebft b\u1ecb tu\u00e2n th\u1ee7 c\u00e1c ti\u00eau chu\u1ea9n v\u00e0 c\u00f4ng ngh\u1ec7 m\u1edbi nh\u1ea5t. \u0110\u1eebng b\u1ecf l\u1ee1 c\u01a1 h\u1ed9i n\u00e2ng cao tr\u1ea3i nghi\u1ec7m NFC c\u1ee7a b\u1ea1n\u2014h\u00e3y c\u00e2n nh\u1eafc ACR1581U cho d\u1ef1 \u00e1n ti\u1ebfp theo c\u1ee7a b\u1ea1n!<\/span><\/p>","protected":false},"excerpt":{"rendered":"<p>ACR1581U l\u00e0 \u0111\u1ea7u \u0111\u1ecdc th\u1ebb th\u00f4ng minh h\u1ed7 tr\u1ee3 NFC v\u00e0 ISO\/IEC 15693, 14443.<\/p>","protected":false},"featured_media":3289,"template":"","meta":[],"product_brand":[],"product_cat":[45,39,40],"product_tag":[],"class_list":{"0":"post-3288","1":"product","2":"type-product","3":"status-publish","4":"has-post-thumbnail","6":"product_cat-contactless-nfc-reader","7":"product_cat-usb-ic-smartcard-reader","8":"product_cat-rfid-nfc-reader","10":"first","11":"instock","12":"shipping-taxable","13":"product-type-simple"},"_links":{"self":[{"href":"https:\/\/nfc-readers.com\/vi\/wp-json\/wp\/v2\/product\/3288","targetHints":{"allow":["GET"]}}],"collection":[{"href":"https:\/\/nfc-readers.com\/vi\/wp-json\/wp\/v2\/product"}],"about":[{"href":"https:\/\/nfc-readers.com\/vi\/wp-json\/wp\/v2\/types\/product"}],"wp:featuredmedia":[{"embeddable":true,"href":"https:\/\/nfc-readers.com\/vi\/wp-json\/wp\/v2\/media\/3289"}],"wp:attachment":[{"href":"https:\/\/nfc-readers.com\/vi\/wp-json\/wp\/v2\/media?parent=3288"}],"wp:term":[{"taxonomy":"product_brand","embeddable":true,"href":"https:\/\/nfc-readers.com\/vi\/wp-json\/wp\/v2\/product_brand?post=3288"},{"taxonomy":"product_cat","embeddable":true,"href":"https:\/\/nfc-readers.com\/vi\/wp-json\/wp\/v2\/product_cat?post=3288"},{"taxonomy":"product_tag","embeddable":true,"href":"https:\/\/nfc-readers.com\/vi\/wp-json\/wp\/v2\/product_tag?post=3288"}],"curies":[{"name":"wp","href":"https:\/\/api.w.org\/{rel}","templated":true}]}}