{"id":3303,"date":"2024-11-01T05:12:29","date_gmt":"2024-11-01T05:12:29","guid":{"rendered":"https:\/\/nfc-readers.com\/?post_type=product&#038;p=3303"},"modified":"2024-11-01T05:12:29","modified_gmt":"2024-11-01T05:12:29","slug":"dia-30mm-ntag-424-dna-nfc-sticker-tamper-proof-high-security-2","status":"publish","type":"product","link":"https:\/\/nfc-readers.com\/vi\/ic-reader\/dia-30mm-ntag-424-dna-nfc-sticker-tamper-proof-high-security-2\/","title":{"rendered":"\u0110\u01b0\u1eddng k\u00ednh 30mm Nh\u00e3n d\u00e1n NFC DNA NTAG 424 Ch\u1ed1ng gi\u1ea3 m\u1ea1o B\u1ea3o m\u1eadt cao"},"content":{"rendered":"<h1 style=\"text-align: center;\"><strong>\u0110\u01b0\u1eddng k\u00ednh 30mm Nh\u00e3n d\u00e1n NFC DNA NTAG 424 Ch\u1ed1ng gi\u1ea3 m\u1ea1o B\u1ea3o m\u1eadt cao<\/strong><\/h1>\n<p>&nbsp;<\/p>\n<p>T\u0103ng c\u01b0\u1eddng t\u00ednh x\u00e1c th\u1ef1c c\u1ee7a s\u1ea3n ph\u1ea9m c\u1ee7a b\u1ea1n v\u1edbi s\u1ef1 \u0111\u1ed5i m\u1edbi\u00a0<strong>Nh\u00e3n d\u00e1n NFC DNA NTAG 424 \u0111\u01b0\u1eddng k\u00ednh 30mm<\/strong>. S\u1ea3n ph\u1ea9m ti\u00ean ti\u1ebfn n\u00e0y k\u1ebft h\u1ee3p t\u00ednh b\u1ea3o m\u1eadt cao v\u00e0 c\u00e1c t\u00ednh n\u0103ng th\u00e2n thi\u1ec7n v\u1edbi ng\u01b0\u1eddi d\u00f9ng, khi\u1ebfn n\u00f3 tr\u1edf th\u00e0nh c\u00f4ng c\u1ee5 kh\u00f4ng th\u1ec3 thi\u1ebfu \u0111\u1ec3 truy xu\u1ea5t ngu\u1ed3n g\u1ed1c ch\u1ed1ng h\u00e0ng gi\u1ea3 r\u01b0\u1ee3u vang \u0111\u1ecf v\u00e0 h\u01a1n th\u1ebf n\u1eefa. V\u1edbi kh\u1ea3 n\u0103ng ch\u1ed1ng gi\u1ea3 m\u1ea1o, thi\u1ebft k\u1ebf ch\u1ed1ng th\u1ea5m n\u01b0\u1edbc v\u00e0 giao di\u1ec7n truy\u1ec1n th\u00f4ng an to\u00e0n, nh\u00e3n d\u00e1n NFC n\u00e0y r\u1ea5t c\u1ea7n thi\u1ebft cho c\u00e1c th\u01b0\u01a1ng hi\u1ec7u mu\u1ed1n b\u1ea3o v\u1ec7 s\u1ea3n ph\u1ea9m c\u1ee7a m\u00ecnh v\u00e0 \u0111\u1ea3m b\u1ea3o s\u1ef1 tin t\u01b0\u1edfng c\u1ee7a kh\u00e1ch h\u00e0ng.<\/p>\n<h3><\/h3>\n<p>&nbsp;<\/p>\n<p>Nhu c\u1ea7u ng\u00e0y c\u00e0ng t\u0103ng \u0111\u1ed1i v\u1edbi vi\u1ec7c x\u00e1c minh s\u1ea3n ph\u1ea9m tr\u00ean th\u1ecb tr\u01b0\u1eddng hi\u1ec7n nay kh\u00f4ng th\u1ec3 \u0111\u01b0\u1ee3c c\u01b0\u1eddng \u0111i\u1ec7u h\u00f3a. V\u1edbi s\u1ef1 gia t\u0103ng c\u00e1c v\u1ee5 l\u00e0m gi\u1ea3, \u0111\u1eb7c bi\u1ec7t l\u00e0 \u0111\u1ed1i v\u1edbi c\u00e1c s\u1ea3n ph\u1ea9m c\u00f3 gi\u00e1 tr\u1ecb nh\u01b0 r\u01b0\u1ee3u vang \u0111\u1ecf, vi\u1ec7c \u0111\u1ea3m b\u1ea3o t\u00ednh to\u00e0n v\u1eb9n c\u1ee7a th\u01b0\u01a1ng hi\u1ec7u c\u1ee7a b\u1ea1n l\u00e0 t\u1ed1i quan tr\u1ecdng. Nh\u00e3n d\u00e1n NFC DNA NTAG 424 cung c\u1ea5p c\u00e1c bi\u1ec7n ph\u00e1p b\u1ea3o v\u1ec7 \u0111\u00e1ng kinh ng\u1ea1c ch\u1ed1ng l\u1ea1i vi\u1ec7c gi\u1ea3 m\u1ea1o v\u00e0 truy c\u1eadp tr\u00e1i ph\u00e9p, t\u1ef1 h\u00e0o c\u00f3 c\u00e1c t\u00ednh n\u0103ng \u0111\u01b0\u1ee3c h\u1ed7 tr\u1ee3 b\u1edfi c\u00e1c giao th\u1ee9c b\u1ea3o m\u1eadt hi\u1ec7n \u0111\u1ea1i. B\u1eb1ng c\u00e1ch \u0111\u1ea7u t\u01b0 v\u00e0o c\u00e1c nh\u00e3n d\u00e1n NFC n\u00e0y, b\u1ea1n b\u1ea3o v\u1ec7 s\u1ea3n ph\u1ea9m c\u1ee7a m\u00ecnh, n\u00e2ng cao tr\u1ea3i nghi\u1ec7m c\u1ee7a kh\u00e1ch h\u00e0ng v\u00e0 c\u1ee7ng c\u1ed1 l\u00f2ng trung th\u00e0nh v\u1edbi th\u01b0\u01a1ng hi\u1ec7u.<\/p>\n<p>&nbsp;<\/p>\n<h3><strong>T\u1ed5ng quan s\u1ea3n ph\u1ea9m v\u00e0 th\u00f4ng s\u1ed1 k\u1ef9 thu\u1eadt<\/strong><\/h3>\n<p>C\u00e1c\u00a0<strong>Nh\u00e3n d\u00e1n NFC DNA NTAG 424 \u0111\u01b0\u1eddng k\u00ednh 30mm<\/strong>\u00a0\u0111\u01b0\u1ee3c thi\u1ebft k\u1ebf \u0111\u1ec3 c\u00f3 hi\u1ec7u su\u1ea5t cao c\u1ea5p, k\u1ebft h\u1ee3p chip b\u1ea3o m\u1eadt cao v\u1edbi kh\u1ea3 n\u0103ng \u0111a ch\u1ee9c n\u0103ng. \u0110\u01b0\u1ee3c t\u1ea1o ra t\u1eeb b\u1ec1n\u00a0<strong>V\u1eadt li\u1ec7u PET<\/strong>, nh\u00e3n d\u00e1n n\u00e0y kh\u00f4ng ch\u1ec9 \u0111\u01b0\u1ee3c thi\u1ebft k\u1ebf \u0111\u1ec3 b\u1ec1n m\u00e0 c\u00f2n ch\u1ecbu \u0111\u01b0\u1ee3c nhi\u1ec1u \u0111i\u1ec1u ki\u1ec7n m\u00f4i tr\u01b0\u1eddng kh\u00e1c nhau. D\u01b0\u1edbi \u0111\u00e2y l\u00e0 c\u00e1c th\u00f4ng s\u1ed1 k\u1ef9 thu\u1eadt quan tr\u1ecdng c\u1ea7n l\u01b0u \u00fd:<\/p>\n<ul>\n<li><strong>M\u00f4 h\u00ecnh Chip<\/strong>: NTAG 424 DNA<\/li>\n<li><strong>K\u00edch c\u1ee1<\/strong>: \u0110\u01b0\u1eddng k\u00ednh 30mm<\/li>\n<li><strong>K\u00fd \u1ee9c<\/strong>: 416 Byte<\/li>\n<li><strong>T\u00ednh th\u01b0\u1eddng xuy\u00ean<\/strong>: 13,56MHz<\/li>\n<li><strong>Lo\u1ea1i di\u1ec5n \u0111\u00e0n NFC<\/strong>: Lo\u1ea1i 4<\/li>\n<li><strong>Giao th\u1ee9c b\u1ea3o m\u1eadt<\/strong>: AES 128-bit, LRP<\/li>\n<li><strong>Ph\u00edm truy c\u1eadp<\/strong>: 5 x 128-bit<\/li>\n<li><strong>Vi\u1ebft s\u1ee9c b\u1ec1n<\/strong>: 200.000 chu k\u1ef3<\/li>\n<li><strong>V\u1eadt li\u1ec7u<\/strong>: PET (Ch\u1ed1ng th\u1ea5m n\u01b0\u1edbc\/Ch\u1ed1ng ch\u1ecbu th\u1eddi ti\u1ebft)<\/li>\n<li><strong>Ngu\u1ed3n g\u1ed1c<\/strong>: Qu\u1ea3ng \u0110\u00f4ng, Trung Qu\u1ed1c<\/li>\n<\/ul>\n<p>C\u00e1c th\u00f4ng s\u1ed1 k\u1ef9 thu\u1eadt n\u00e0y cho th\u1ea5y nh\u00e3n d\u00e1n NFC n\u00e0y \u0111\u01b0\u1ee3c thi\u1ebft k\u1ebf \u0111\u1ec3 c\u00f3 hi\u1ec7u su\u1ea5t v\u00e0 \u0111\u1ed9 tin c\u1eady cao, l\u00fd t\u01b0\u1edfng cho c\u00e1c \u1ee9ng d\u1ee5ng c\u1ea7n t\u01b0\u01a1ng t\u00e1c li\u00ean t\u1ee5c v\u00e0 b\u1ea3o m\u1eadt d\u1eef li\u1ec7u.<\/p>\n<p>&nbsp;<\/p>\n<p>&nbsp;<\/p>\n<h3><strong>C\u00e1c t\u00ednh n\u0103ng ch\u00ednh c\u1ee7a nh\u00e3n d\u00e1n NFC DNA NTAG 424<\/strong><\/h3>\n<p>&nbsp;<\/p>\n<p>C\u00e1c\u00a0<strong>Nh\u00e3n d\u00e1n NFC<\/strong>\u00a0t\u00edch h\u1ee3p m\u1ed9t s\u1ed1\u00a0<strong>t\u00ednh n\u0103ng \u0111\u1eb7c bi\u1ec7t<\/strong>\u00a0gi\u00fap t\u0103ng c\u01b0\u1eddng hi\u1ec7u su\u1ea5t t\u1ed5ng th\u1ec3 c\u1ee7a n\u00f3. Sau \u0111\u00e2y l\u00e0 m\u1ed9t s\u1ed1 \u0111\u1eb7c \u0111i\u1ec3m n\u1ed5i b\u1eadt:<\/p>\n<ul>\n<li><strong>Ch\u1ed1ng th\u1ea5m n\u01b0\u1edbc v\u00e0 th\u1eddi ti\u1ebft<\/strong>: Nh\u00e3n d\u00e1n NFC n\u00e0y \u0111\u01b0\u1ee3c thi\u1ebft k\u1ebf \u0111\u1ec3 ch\u1ecbu \u0111\u01b0\u1ee3c nhi\u1ec1u \u0111i\u1ec1u ki\u1ec7n m\u00f4i tr\u01b0\u1eddng kh\u00e1c nhau, ph\u00f9 h\u1ee3p cho c\u1ea3 \u1ee9ng d\u1ee5ng trong nh\u00e0 v\u00e0 ngo\u00e0i tr\u1eddi. Cho d\u00f9 l\u00e0 n\u01b0\u1edbc b\u1eafn v\u00e0o hay ti\u1ebfp x\u00fac v\u1edbi \u00e1nh s\u00e1ng m\u1eb7t tr\u1eddi,\u00a0<strong>Nh\u00e3n d\u00e1n NFC DNA NTAG 424<\/strong>\u00a0v\u1eabn ho\u1ea1t \u0111\u1ed9ng v\u00e0 nguy\u00ean v\u1eb9n.<\/li>\n<li><strong>Giao ti\u1ebfp hi\u1ec7u su\u1ea5t cao<\/strong>: Ho\u1ea1t \u0111\u1ed9ng \u1edf t\u1ea7n s\u1ed1\u00a0<strong>13,56MHz<\/strong>, nh\u00e3n d\u00e1n NFC n\u00e0y cho ph\u00e9p giao ti\u1ebfp nhanh ch\u00f3ng v\u1edbi\u00a0<strong>\u0110i\u1ec7n tho\u1ea1i th\u00f4ng minh h\u1ed7 tr\u1ee3 NFC<\/strong>\u00a0v\u00e0 thi\u1ebft b\u1ecb. S\u1ef1 t\u01b0\u01a1ng t\u00e1c li\u1ec1n m\u1ea1ch nh\u01b0 v\u1eady \u0111\u1ea3m b\u1ea3o truy c\u1eadp th\u00f4ng tin hi\u1ec7u qu\u1ea3 v\u00e0 nhanh ch\u00f3ng khi nh\u00e3n d\u00e1n \u0111\u01b0\u1ee3c qu\u00e9t.<\/li>\n<li><strong>C\u00f4ng ngh\u1ec7 ch\u1ed1ng gi\u1ea3 m\u1ea1o<\/strong>: Kh\u1ea3 n\u0103ng ho\u1ea1t \u0111\u1ed9ng nh\u01b0 m\u1ed9t con d\u1ea5u ch\u1ed1ng gi\u1ea3 m\u1ea1o c\u1ee7a nh\u00e3n d\u00e1n mang l\u1ea1i s\u1ef1 an t\u00e2m. N\u1ebfu ai \u0111\u00f3 c\u1ed1 g\u1eafng truy c\u1eadp th\u00f4ng tin m\u00e0 kh\u00f4ng \u0111\u01b0\u1ee3c ph\u00e9p, nh\u00e3n d\u00e1n s\u1ebd b\u00e1o hi\u1ec7u s\u1ef1 gi\u1ea3 m\u1ea1o, do \u0111\u00f3 b\u1ea3o v\u1ec7 t\u00ednh to\u00e0n v\u1eb9n c\u1ee7a s\u1ea3n ph\u1ea9m c\u1ee7a b\u1ea1n.<\/li>\n<\/ul>\n<p>S\u1ef1 k\u1ebft h\u1ee3p c\u00e1c t\u00ednh n\u0103ng n\u00e0y l\u00e0m cho nh\u00e3n d\u00e1n NFC NTAG 424 DNA tr\u1edf th\u00e0nh t\u00e0i s\u1ea3n c\u00f3 gi\u00e1 tr\u1ecb cho c\u00e1c doanh nghi\u1ec7p \u0111\u1ea7u t\u01b0 v\u00e0o vi\u1ec7c b\u1ea3o v\u1ec7 v\u00e0 x\u00e1c minh s\u1ea3n ph\u1ea9m c\u1ee7a m\u00ecnh.<\/p>\n<p>&nbsp;<\/p>\n<h3><strong>C\u00e2u h\u1ecfi th\u01b0\u1eddng g\u1eb7p: Nh\u1eefng c\u00e2u h\u1ecfi th\u01b0\u1eddng g\u1eb7p v\u1ec1 Mi\u1ebfng d\u00e1n NFC DNA NTAG 424 Dia 30mm<\/strong><\/h3>\n<h3>1.\u00a0<strong>Mi\u1ebfng d\u00e1n NFC NTAG 424 DNA Dia 30mm c\u00f3 c\u00f4ng d\u1ee5ng g\u00ec?<\/strong><\/h3>\n<p>Nh\u00e3n d\u00e1n NFC DNA NTAG 424 ch\u1ee7 y\u1ebfu \u0111\u01b0\u1ee3c s\u1eed d\u1ee5ng \u0111\u1ec3 x\u00e1c th\u1ef1c s\u1ea3n ph\u1ea9m v\u00e0 ch\u1ed1ng h\u00e0ng gi\u1ea3, \u0111\u1eb7c bi\u1ec7t l\u00e0 \u0111\u1ed1i v\u1edbi c\u00e1c m\u1eb7t h\u00e0ng c\u00f3 gi\u00e1 tr\u1ecb nh\u01b0 r\u01b0\u1ee3u vang \u0111\u1ecf. N\u00f3 c\u0169ng c\u00f3 th\u1ec3 ph\u1ee5c v\u1ee5 nhi\u1ec1u \u1ee9ng d\u1ee5ng kh\u00e1c nhau trong c\u00e1c l\u0129nh v\u1ef1c nh\u01b0 b\u00e1n l\u1ebb, h\u1eadu c\u1ea7n v\u00e0 qu\u1ea3n l\u00fd h\u00e0ng t\u1ed3n kho b\u1eb1ng c\u00e1ch cung c\u1ea5p quy\u1ec1n truy c\u1eadp d\u1ec5 d\u00e0ng v\u00e0o n\u1ed9i dung k\u1ef9 thu\u1eadt s\u1ed1 khi \u0111\u01b0\u1ee3c qu\u00e9t b\u1eb1ng \u0111i\u1ec7n tho\u1ea1i th\u00f4ng minh h\u1ed7 tr\u1ee3 NFC.<\/p>\n<h3>2.\u00a0<strong>T\u00f4i s\u1eed d\u1ee5ng nh\u00e3n d\u00e1n NFC nh\u01b0 th\u1ebf n\u00e0o?<\/strong><\/h3>\n<p>\u0110\u1ec3 s\u1eed d\u1ee5ng nh\u00e3n d\u00e1n NFC, ch\u1ec9 c\u1ea7n b\u00f3c l\u1edbp keo d\u00ednh \u1edf m\u1eb7t sau v\u00e0 d\u00e1n l\u00ean b\u1ec1 m\u1eb7t mong mu\u1ed1n. \u0110\u1ec3 qu\u00e9t, ng\u01b0\u1eddi d\u00f9ng c\u1ea7n \u0111i\u1ec7n tho\u1ea1i th\u00f4ng minh ho\u1eb7c thi\u1ebft b\u1ecb h\u1ed7 tr\u1ee3 NFC. B\u1eb1ng c\u00e1ch gi\u1eef thi\u1ebft b\u1ecb g\u1ea7n nh\u00e3n d\u00e1n, th\u00f4ng tin \u0111\u01b0\u1ee3c l\u01b0u tr\u1eef trong \u0111\u00f3 c\u00f3 th\u1ec3 \u0111\u01b0\u1ee3c truy c\u1eadp t\u1ef1 \u0111\u1ed9ng.<\/p>\n<h3>3.\u00a0<strong>Mi\u1ebfng d\u00e1n NFC NTAG 424 DNA c\u00f3 ch\u1ed1ng n\u01b0\u1edbc kh\u00f4ng?<\/strong><\/h3>\n<p>C\u00f3, nh\u00e3n d\u00e1n NFC DNA NTAG 424 \u0111\u01b0\u1ee3c thi\u1ebft k\u1ebf ch\u1ed1ng th\u1ea5m n\u01b0\u1edbc v\u00e0 ch\u1ed1ng ch\u1ecbu th\u1eddi ti\u1ebft. N\u00f3 c\u00f3 th\u1ec3 ch\u1ecbu \u0111\u01b0\u1ee3c nhi\u1ec1u \u0111i\u1ec1u ki\u1ec7n m\u00f4i tr\u01b0\u1eddng kh\u00e1c nhau, ph\u00f9 h\u1ee3p cho c\u1ea3 \u1ee9ng d\u1ee5ng trong nh\u00e0 v\u00e0 ngo\u00e0i tr\u1eddi.<\/p>\n<h3>4.\u00a0<strong>D\u1eef li\u1ec7u \u0111\u01b0\u1ee3c l\u01b0u tr\u1eef tr\u00ean nh\u00e3n d\u00e1n NFC c\u00f3 an to\u00e0n kh\u00f4ng?<\/strong><\/h3>\n<p>Nh\u00e3n d\u00e1n c\u00f3 c\u00e1c giao th\u1ee9c b\u1ea3o m\u1eadt m\u1ea1nh m\u1ebd, bao g\u1ed3m m\u00e3 h\u00f3a AES 128 bit v\u00e0 nhi\u1ec1u kh\u00f3a truy c\u1eadp (5 x 128 bit). M\u1ee9c \u0111\u1ed9 b\u1ea3o m\u1eadt n\u00e0y gi\u00fap b\u1ea3o v\u1ec7 d\u1eef li\u1ec7u kh\u1ecfi truy c\u1eadp tr\u00e1i ph\u00e9p v\u00e0 \u0111\u1ea3m b\u1ea3o r\u1eb1ng ch\u1ec9 nh\u1eefng ng\u01b0\u1eddi d\u00f9ng \u0111\u01b0\u1ee3c ph\u00e9p m\u1edbi c\u00f3 th\u1ec3 truy xu\u1ea5t ho\u1eb7c s\u1eeda \u0111\u1ed5i th\u00f4ng tin \u0111\u01b0\u1ee3c l\u01b0u tr\u1eef tr\u00ean \u0111\u00f3.<\/p>\n<h3>5.\u00a0<strong>D\u1eef li\u1ec7u tr\u00ean nh\u00e3n d\u00e1n NFC c\u00f3 th\u1ec3 \u0111\u01b0\u1ee3c c\u1eadp nh\u1eadt kh\u00f4ng?<\/strong><\/h3>\n<p>C\u00f3, d\u1eef li\u1ec7u \u0111\u01b0\u1ee3c l\u01b0u tr\u1eef tr\u00ean nh\u00e3n d\u00e1n NFC NTAG 424 DNA c\u00f3 th\u1ec3 \u0111\u01b0\u1ee3c c\u1eadp nh\u1eadt b\u1eb1ng thi\u1ebft b\u1ecb h\u1ed7 tr\u1ee3 NFC. T\u00ednh n\u0103ng n\u00e0y \u0111\u1eb7c bi\u1ec7t h\u1eefu \u00edch cho c\u00e1c doanh nghi\u1ec7p c\u1ea7n c\u1eadp nh\u1eadt th\u00f4ng tin s\u1ea3n ph\u1ea9m theo th\u1eddi gian.<\/p>","protected":false},"excerpt":{"rendered":"<p>C\u00e1c\u00a0<strong>Nh\u00e3n d\u00e1n NFC DNA NTAG 424 \u0111\u01b0\u1eddng k\u00ednh 30mm<\/strong>\u00a0cung c\u1ea5p t\u00ednh n\u0103ng b\u1ea3o m\u1eadt cao v\u00e0 ch\u1ed1ng gi\u1ea3 m\u1ea1o, khi\u1ebfn n\u00f3 tr\u1edf th\u00e0nh gi\u1ea3i ph\u00e1p thi\u1ebft y\u1ebfu \u0111\u1ec3 x\u00e1c th\u1ef1c s\u1ea3n ph\u1ea9m v\u00e0 ch\u1ed1ng h\u00e0ng gi\u1ea3. \u0110\u01b0\u1ee3c thi\u1ebft k\u1ebf \u0111\u1ec3 c\u00f3 \u0111\u1ed9 b\u1ec1n v\u00e0 ch\u1ed1ng th\u1ea5m n\u01b0\u1edbc, nh\u00e3n d\u00e1n NFC n\u00e0y \u0111\u1ea3m b\u1ea3o kh\u1ea3 n\u0103ng b\u1ea3o v\u1ec7 v\u00e0 truy xu\u1ea5t ngu\u1ed3n g\u1ed1c \u0111\u00e1ng tin c\u1eady cho nhi\u1ec1u \u1ee9ng d\u1ee5ng.<\/p>","protected":false},"featured_media":3304,"template":"","meta":[],"product_brand":[],"product_cat":[48],"product_tag":[],"class_list":{"0":"post-3303","1":"product","2":"type-product","3":"status-publish","4":"has-post-thumbnail","6":"product_cat-nfc-stickers","8":"first","9":"instock","10":"shipping-taxable","11":"product-type-simple"},"_links":{"self":[{"href":"https:\/\/nfc-readers.com\/vi\/wp-json\/wp\/v2\/product\/3303","targetHints":{"allow":["GET"]}}],"collection":[{"href":"https:\/\/nfc-readers.com\/vi\/wp-json\/wp\/v2\/product"}],"about":[{"href":"https:\/\/nfc-readers.com\/vi\/wp-json\/wp\/v2\/types\/product"}],"wp:featuredmedia":[{"embeddable":true,"href":"https:\/\/nfc-readers.com\/vi\/wp-json\/wp\/v2\/media\/3304"}],"wp:attachment":[{"href":"https:\/\/nfc-readers.com\/vi\/wp-json\/wp\/v2\/media?parent=3303"}],"wp:term":[{"taxonomy":"product_brand","embeddable":true,"href":"https:\/\/nfc-readers.com\/vi\/wp-json\/wp\/v2\/product_brand?post=3303"},{"taxonomy":"product_cat","embeddable":true,"href":"https:\/\/nfc-readers.com\/vi\/wp-json\/wp\/v2\/product_cat?post=3303"},{"taxonomy":"product_tag","embeddable":true,"href":"https:\/\/nfc-readers.com\/vi\/wp-json\/wp\/v2\/product_tag?post=3303"}],"curies":[{"name":"wp","href":"https:\/\/api.w.org\/{rel}","templated":true}]}}