{"id":3318,"date":"2024-11-01T05:29:10","date_gmt":"2024-11-01T05:29:10","guid":{"rendered":"https:\/\/nfc-readers.com\/?post_type=product&#038;p=3318"},"modified":"2024-11-01T05:29:20","modified_gmt":"2024-11-01T05:29:20","slug":"iso15693-icode-custom-size-pet-wet-dry-inlay-nfc-sticker","status":"publish","type":"product","link":"https:\/\/nfc-readers.com\/vi\/ic-reader\/iso15693-icode-custom-size-pet-wet-dry-inlay-nfc-sticker\/","title":{"rendered":"Mi\u1ebfng d\u00e1n NFC PET \u01af\u1edaT KH\u00d4 t\u00f9y ch\u1ec9nh ISO15693 ICODE"},"content":{"rendered":"<h1 style=\"text-align: center;\"><strong>Mi\u1ebfng d\u00e1n NFC PET \u01af\u1edaT KH\u00d4 t\u00f9y ch\u1ec9nh ISO15693 ICODE<\/strong><\/h1>\n<p>&nbsp;<\/p>\n<p>Trong th\u1eddi \u0111\u1ea1i k\u1ef9 thu\u1eadt s\u1ed1 ng\u00e0y nay, vi\u1ec7c t\u00edch h\u1ee3p c\u00f4ng ngh\u1ec7 Giao ti\u1ebfp t\u1ea7m g\u1ea7n (NFC) \u0111\u00e3 thay \u0111\u1ed5i c\u00e1ch th\u1ee9c c\u00e1c doanh nghi\u1ec7p giao ti\u1ebfp v\u00e0 t\u01b0\u01a1ng t\u00e1c v\u1edbi kh\u00e1ch h\u00e0ng c\u1ee7a h\u1ecd.\u00a0<strong>Mi\u1ebfng d\u00e1n NFC PET \u01af\u1edaT KH\u00d4 t\u00f9y ch\u1ec9nh ISO15693 ICODE<\/strong>\u00a0\u0111\u1ea1i di\u1ec7n cho m\u1ed9t b\u01b0\u1edbc ti\u1ebfn \u0111\u00e1ng k\u1ec3 trong c\u00e1c s\u1ea3n ph\u1ea9m NFC, cung c\u1ea5p kh\u1ea3 n\u0103ng giao ti\u1ebfp \u0111\u00e1ng tin c\u1eady, \u1ee9ng d\u1ee5ng \u0111a d\u1ea1ng v\u00e0 \u0111\u1ed9 b\u1ec1n v\u01b0\u1ee3t tr\u1ed9i. Nh\u00e3n d\u00e1n NFC \u0111a n\u0103ng n\u00e0y, \u0111\u01b0\u1ee3c thi\u1ebft k\u1ebf cho nhi\u1ec1u tr\u01b0\u1eddng h\u1ee3p s\u1eed d\u1ee5ng kh\u00e1c nhau, \u0111\u1ea3m b\u1ea3o t\u01b0\u01a1ng t\u00e1c li\u1ec1n m\u1ea1ch gi\u1eefa c\u00e1c thi\u1ebft b\u1ecb, khi\u1ebfn n\u00f3 tr\u1edf th\u00e0nh m\u1ed9t c\u00f4ng c\u1ee5 thi\u1ebft y\u1ebfu cho c\u1ea3 doanh nghi\u1ec7p hi\u1ec7n \u0111\u1ea1i v\u00e0 c\u00e1 nh\u00e2n.<\/p>\n<p>V\u1edbi nh\u00e3n d\u00e1n NFC, b\u1ea1n c\u00f3 th\u1ec3 h\u1ee3p l\u00fd h\u00f3a quy tr\u00ecnh, t\u0103ng c\u01b0\u1eddng s\u1ef1 t\u01b0\u01a1ng t\u00e1c c\u1ee7a ng\u01b0\u1eddi d\u00f9ng v\u00e0 l\u00e0m cho c\u00e1c t\u00e1c v\u1ee5 h\u00e0ng ng\u00e0y hi\u1ec7u qu\u1ea3 h\u01a1n. Cho d\u00f9 b\u1ea1n \u0111ang mu\u1ed1n n\u00e2ng c\u1ea5p chi\u1ebfn l\u01b0\u1ee3c ti\u1ebfp th\u1ecb, c\u1ea3i thi\u1ec7n tr\u1ea3i nghi\u1ec7m c\u1ee7a kh\u00e1ch h\u00e0ng hay \u0111\u01a1n gi\u1ea3n h\u00f3a giao d\u1ecbch, nh\u00e3n d\u00e1n NFC n\u00e0y cung c\u1ea5p c\u00e1c t\u00ednh n\u0103ng v\u00e0 \u0111\u1ed9 tin c\u1eady m\u00e0 b\u1ea1n c\u1ea7n.<\/p>\n<p>&nbsp;<\/p>\n<h2><strong>T\u00ednh n\u0103ng \u0111\u1ed9c \u0111\u00e1o<\/strong><\/h2>\n<p>C\u00e1c t\u00ednh n\u0103ng n\u1ed5i b\u1eadt c\u1ee7a nh\u00e3n d\u00e1n NFC ICODE ISO15693 khi\u1ebfn n\u00f3 tr\u1edf th\u00e0nh s\u1ea3n ph\u1ea9m kh\u00f4ng th\u1ec3 thi\u1ebfu \u0111\u1ed1i v\u1edbi c\u00e1c doanh nghi\u1ec7p v\u00e0 c\u00e1 nh\u00e2n mu\u1ed1n h\u1ee3p l\u00fd h\u00f3a ho\u1ea1t \u0111\u1ed9ng c\u1ee7a m\u00ecnh.<\/p>\n<ul>\n<li><strong>Ch\u1ed1ng th\u1ea5m n\u01b0\u1edbc\/Ch\u1ed1ng ch\u1ecbu th\u1eddi ti\u1ebft<\/strong>: Kh\u1ea3 n\u0103ng ch\u1ecbu \u0111\u01b0\u1ee3c nhi\u1ec1u \u0111i\u1ec1u ki\u1ec7n m\u00f4i tr\u01b0\u1eddng kh\u00e1c nhau c\u00f3 ngh\u0129a l\u00e0 nh\u00e3n d\u00e1n NFC c\u00f3 th\u1ec3 \u0111\u01b0\u1ee3c s\u1eed d\u1ee5ng \u1edf ngo\u00e0i tr\u1eddi ho\u1eb7c nh\u1eefng n\u01a1i c\u00f3 th\u1ec3 c\u00f3 \u0111\u1ed9 \u1ea9m. T\u00ednh n\u0103ng n\u00e0y \u0111\u1ea3m b\u1ea3o r\u1eb1ng nh\u00e3n d\u00e1n duy tr\u00ec ch\u1ee9c n\u0103ng c\u1ee7a n\u00f3 m\u00e0 kh\u00f4ng b\u1ecb suy gi\u1ea3m theo th\u1eddi gian.<\/li>\n<li><strong>K\u00edch th\u01b0\u1edbc t\u00f9y ch\u1ec9nh<\/strong>: Nh\u00e3n d\u00e1n NFC n\u00e0y c\u00f3 th\u1ec3 \u0111\u01b0\u1ee3c s\u1ea3n xu\u1ea5t theo nhi\u1ec1u k\u00edch th\u01b0\u1edbc v\u00e0 h\u00ecnh d\u1ea1ng kh\u00e1c nhau, t\u00f9y thu\u1ed9c v\u00e0o y\u00eau c\u1ea7u c\u1ee7a b\u1ea1n, ph\u00f9 h\u1ee3p v\u1edbi nhi\u1ec1u \u1ee9ng d\u1ee5ng kh\u00e1c nhau\u2014c\u00f3 th\u1ec3 l\u00e0 d\u00e1n nh\u00e3n s\u1ea3n ph\u1ea9m, th\u1ebb ki\u1ec3m so\u00e1t ra v\u00e0o ho\u1eb7c t\u00e0i li\u1ec7u qu\u1ea3ng c\u00e1o.<\/li>\n<\/ul>\n<p>Nh\u1eefng t\u00ednh n\u0103ng \u0111\u1ed9c \u0111\u00e1o n\u00e0y kh\u00f4ng ch\u1ec9 n\u00e2ng cao kh\u1ea3 n\u0103ng s\u1eed d\u1ee5ng m\u00e0 c\u00f2n m\u1edf r\u1ed9ng kh\u1ea3 n\u0103ng \u1ee9ng d\u1ee5ng trong nhi\u1ec1u ng\u00e0nh c\u00f4ng nghi\u1ec7p.<\/p>\n<p>&nbsp;<\/p>\n<h2><strong>Th\u00f4ng s\u1ed1 k\u1ef9 thu\u1eadt<\/strong><\/h2>\n<table class=\"w-fit !mb-0 !max-w-none\" style=\"height: 300px;\" width=\"443\">\n<thead>\n<tr>\n<th>\u0110\u1eb7c \u0111i\u1ec3m k\u1ef9 thu\u1eadt<\/th>\n<th>Chi ti\u1ebft<\/th>\n<\/tr>\n<\/thead>\n<tbody>\n<tr>\n<td><strong>T\u00ednh th\u01b0\u1eddng xuy\u00ean<\/strong><\/td>\n<td>13,56MHz<\/td>\n<\/tr>\n<tr>\n<td><strong>C\u00e1c lo\u1ea1i chip<\/strong><\/td>\n<td>ICODE SLIX \/ SLIX2 \/ SLIXS<\/td>\n<\/tr>\n<tr>\n<td><strong>K\u00fd \u1ee9c<\/strong><\/td>\n<td>D\u1ef1a tr\u00ean chip<\/td>\n<\/tr>\n<tr>\n<td><strong>Giao th\u1ee9c<\/strong><\/td>\n<td>ISO15693<\/td>\n<\/tr>\n<tr>\n<td><strong>V\u1eadt li\u1ec7u<\/strong><\/td>\n<td>TH\u00da C\u01afNG<\/td>\n<\/tr>\n<tr>\n<td><strong>K\u00edch th\u01b0\u1edbc t\u00f9y ch\u1ec9nh<\/strong><\/td>\n<td>50*50MM ho\u1eb7c T\u00f9y ch\u1ec9nh<\/td>\n<\/tr>\n<tr>\n<td><strong>Ngu\u1ed3n g\u1ed1c<\/strong><\/td>\n<td>Qu\u1ea3ng \u0110\u00f4ng, Trung Qu\u1ed1c<\/td>\n<\/tr>\n<tr>\n<td><strong>Chi ti\u1ebft \u0111\u00f3ng g\u00f3i<\/strong><\/td>\n<td>100 c\u00e1i\/t\u00fai, 5000 c\u00e1i\/h\u1ed9p<\/td>\n<\/tr>\n<tr>\n<td><strong>C\u1ea3ng<\/strong><\/td>\n<td>Th\u00e2m Quy\u1ebfn<\/td>\n<\/tr>\n<tr>\n<td><strong>C\u00e2n n\u1eb7ng<\/strong><\/td>\n<td>0,010kg<\/td>\n<\/tr>\n<\/tbody>\n<\/table>\n<p>C\u00e1c th\u00f4ng s\u1ed1 k\u1ef9 thu\u1eadt chi ti\u1ebft \u0111\u1ea3m b\u1ea3o r\u1eb1ng s\u1ea3n ph\u1ea9m \u0111\u00e1p \u1ee9ng c\u00e1c ti\u00eau chu\u1ea9n c\u1ee7a ng\u00e0nh \u0111\u1ed3ng th\u1eddi mang l\u1ea1i s\u1ef1 linh ho\u1ea1t cho nhi\u1ec1u \u1ee9ng d\u1ee5ng kh\u00e1c nhau.<\/p>\n<p>&nbsp;<\/p>\n<h2><strong>C\u00e2u h\u1ecfi th\u01b0\u1eddng g\u1eb7p<\/strong><\/h2>\n<p>Sau \u0111\u00e2y l\u00e0 m\u1ed9t s\u1ed1 c\u00e2u h\u1ecfi th\u01b0\u1eddng g\u1eb7p li\u00ean quan \u0111\u1ebfn\u00a0<strong>Mi\u1ebfng d\u00e1n NFC PET \u01af\u1edaT KH\u00d4 t\u00f9y ch\u1ec9nh ISO15693 ICODE<\/strong>\u00a0\u0111\u1ec3 gi\u00fap b\u1ea1n hi\u1ec3u r\u00f5 h\u01a1n v\u1ec1 kh\u1ea3 n\u0103ng v\u00e0 \u1ee9ng d\u1ee5ng c\u1ee7a n\u00f3:<\/p>\n<h3><strong>1. Thi\u1ebft b\u1ecb n\u00e0o c\u00f3 th\u1ec3 t\u01b0\u01a1ng t\u00e1c v\u1edbi nh\u00e3n d\u00e1n NFC?<\/strong><\/h3>\n<p>Nh\u00e3n d\u00e1n NFC t\u01b0\u01a1ng th\u00edch v\u1edbi h\u1ea7u h\u1ebft\u00a0<strong>\u0110i\u1ec7n tho\u1ea1i th\u00f4ng minh h\u1ed7 tr\u1ee3 NFC<\/strong>, m\u00e1y t\u00ednh b\u1ea3ng v\u00e0 \u0111\u1ea7u \u0111\u1ecdc kh\u00f4ng ti\u1ebfp x\u00fac. C\u00e1c thi\u1ebft b\u1ecb h\u1ed7 tr\u1ee3 c\u00f4ng ngh\u1ec7 NFC s\u1ebd c\u00f3 th\u1ec3 \u0111\u1ecdc th\u00f4ng tin \u0111\u01b0\u1ee3c nh\u00fang trong nh\u00e3n d\u00e1n.<\/p>\n<h3><strong>2. \u0110\u1ed9 b\u1ec1n c\u1ee7a mi\u1ebfng d\u00e1n NFC nh\u01b0 th\u1ebf n\u00e0o?<\/strong><\/h3>\n<p>Nh\u00e3n d\u00e1n NFC ICODE ISO15693 \u0111\u01b0\u1ee3c l\u00e0m t\u1eeb\u00a0<strong>V\u1eadt li\u1ec7u PET<\/strong>, l\u00e0m cho c\u1ea3 hai\u00a0<strong>kh\u00f4ng th\u1ea5m n\u01b0\u1edbc v\u00e0 ch\u1ed1ng ch\u1ecbu th\u1eddi ti\u1ebft<\/strong>. S\u1ea3n ph\u1ea9m \u0111\u01b0\u1ee3c thi\u1ebft k\u1ebf \u0111\u1ec3 ch\u1ecbu \u0111\u01b0\u1ee3c nhi\u1ec1u \u0111i\u1ec1u ki\u1ec7n m\u00f4i tr\u01b0\u1eddng kh\u00e1c nhau, \u0111\u1ea3m b\u1ea3o \u0111\u1ed9 tin c\u1eady v\u00e0 tu\u1ed5i th\u1ecd trong nhi\u1ec1u \u0111i\u1ec1u ki\u1ec7n kh\u00e1c nhau.<\/p>\n<h3><strong>3. T\u00f4i c\u00f3 th\u1ec3 t\u00f9y ch\u1ec9nh k\u00edch th\u01b0\u1edbc v\u00e0 h\u00ecnh d\u1ea1ng c\u1ee7a nh\u00e3n d\u00e1n NFC kh\u00f4ng?<\/strong><\/h3>\n<p>C\u00f3! Nh\u00e3n d\u00e1n NFC c\u00f3 th\u1ec3 \u0111\u01b0\u1ee3c s\u1ea3n xu\u1ea5t t\u1ea1i\u00a0<strong>k\u00edch th\u01b0\u1edbc v\u00e0 h\u00ecnh d\u1ea1ng kh\u00e1c nhau<\/strong>, cho ph\u00e9p t\u00f9y ch\u1ec9nh \u0111\u1ec3 \u0111\u00e1p \u1ee9ng nhu c\u1ea7u \u1ee9ng d\u1ee5ng c\u1ee5 th\u1ec3 c\u1ee7a b\u1ea1n. Vui l\u00f2ng t\u00ecm hi\u1ec3u v\u1ec1 c\u00e1c t\u00f9y ch\u1ecdn c\u00f3 s\u1eb5n.<\/p>\n<h3><strong>4. Ph\u1ea1m vi \u0111\u1ecdc c\u1ee7a nh\u00e3n d\u00e1n NFC l\u00e0 bao nhi\u00eau?<\/strong><\/h3>\n<p>Ph\u1ea1m vi \u0111\u1ecdc cho c\u00f4ng ngh\u1ec7 NFC th\u01b0\u1eddng l\u00e0\u00a0<strong>v\u00e0i cm<\/strong>\u00a0(t\u1ed1i \u0111a 10 cm). Hi\u1ec7u su\u1ea5t c\u1ee7a nh\u00e3n d\u00e1n c\u00f3 th\u1ec3 thay \u0111\u1ed5i t\u00f9y thu\u1ed9c v\u00e0o thi\u1ebft b\u1ecb \u0111\u01b0\u1ee3c s\u1eed d\u1ee5ng \u0111\u1ec3 qu\u00e9t v\u00e0 c\u00e1c y\u1ebfu t\u1ed1 m\u00f4i tr\u01b0\u1eddng.<\/p>\n<h3><strong>5. T\u00f4i c\u00f3 th\u1ec3 l\u01b0u tr\u1eef th\u00f4ng tin g\u00ec tr\u00ean nh\u00e3n d\u00e1n NFC?<\/strong><\/h3>\n<p>B\u1ea1n c\u00f3 th\u1ec3 l\u01b0u tr\u1eef nhi\u1ec1u lo\u1ea1i th\u00f4ng tin kh\u00e1c nhau tr\u00ean nh\u00e3n d\u00e1n NFC, bao g\u1ed3m\u00a0<strong>URL, th\u00f4ng tin li\u00ean l\u1ea1c, v\u0103n b\u1ea3n v\u00e0 d\u1eef li\u1ec7u nh\u1ecb ph\u00e2n nh\u1ecf<\/strong>\u00a0(th\u01b0\u1eddng n\u1eb1m trong gi\u1edbi h\u1ea1n c\u1ee7a b\u1ed9 nh\u1edb chip). S\u1eed d\u1ee5ng c\u00e1c t\u00f9y ch\u1ecdn chip kh\u00e1c nhau (nh\u01b0 ICODE SLIX), b\u1ed9 nh\u1edb c\u00f3 th\u1ec3 thay \u0111\u1ed5i.<\/p>","protected":false},"excerpt":{"rendered":"<p>Nh\u00e3n d\u00e1n NFC PET WET Dry t\u00f9y ch\u1ec9nh ISO15693 ICODE l\u00e0 gi\u1ea3i ph\u00e1p NFC \u0111a n\u0103ng v\u00e0 b\u1ec1n b\u1ec9 \u0111\u01b0\u1ee3c thi\u1ebft k\u1ebf \u0111\u1ec3 giao ti\u1ebfp li\u1ec1n m\u1ea1ch trong c\u1ea3 m\u00f4i tr\u01b0\u1eddng \u1ea9m \u01b0\u1edbt v\u00e0 kh\u00f4 r\u00e1o. V\u1edbi k\u00edch th\u01b0\u1edbc t\u00f9y ch\u1ec9nh v\u00e0 t\u00ednh n\u0103ng ch\u1ed1ng th\u1ea5m n\u01b0\u1edbc m\u1ea1nh m\u1ebd, s\u1ea3n ph\u1ea9m l\u00fd t\u01b0\u1edfng cho nhi\u1ec1u \u1ee9ng d\u1ee5ng kh\u00e1c nhau, t\u1eeb ch\u01b0\u01a1ng tr\u00ecnh khuy\u1ebfn m\u00e3i ti\u1ebfp th\u1ecb \u0111\u1ebfn ki\u1ec3m so\u00e1t truy c\u1eadp an to\u00e0n.<\/p>","protected":false},"featured_media":3319,"template":"","meta":[],"product_brand":[],"product_cat":[48],"product_tag":[],"class_list":{"0":"post-3318","1":"product","2":"type-product","3":"status-publish","4":"has-post-thumbnail","6":"product_cat-nfc-stickers","8":"first","9":"instock","10":"shipping-taxable","11":"product-type-simple"},"_links":{"self":[{"href":"https:\/\/nfc-readers.com\/vi\/wp-json\/wp\/v2\/product\/3318","targetHints":{"allow":["GET"]}}],"collection":[{"href":"https:\/\/nfc-readers.com\/vi\/wp-json\/wp\/v2\/product"}],"about":[{"href":"https:\/\/nfc-readers.com\/vi\/wp-json\/wp\/v2\/types\/product"}],"wp:featuredmedia":[{"embeddable":true,"href":"https:\/\/nfc-readers.com\/vi\/wp-json\/wp\/v2\/media\/3319"}],"wp:attachment":[{"href":"https:\/\/nfc-readers.com\/vi\/wp-json\/wp\/v2\/media?parent=3318"}],"wp:term":[{"taxonomy":"product_brand","embeddable":true,"href":"https:\/\/nfc-readers.com\/vi\/wp-json\/wp\/v2\/product_brand?post=3318"},{"taxonomy":"product_cat","embeddable":true,"href":"https:\/\/nfc-readers.com\/vi\/wp-json\/wp\/v2\/product_cat?post=3318"},{"taxonomy":"product_tag","embeddable":true,"href":"https:\/\/nfc-readers.com\/vi\/wp-json\/wp\/v2\/product_tag?post=3318"}],"curies":[{"name":"wp","href":"https:\/\/api.w.org\/{rel}","templated":true}]}}