{"id":3325,"date":"2024-11-01T05:35:51","date_gmt":"2024-11-01T05:35:51","guid":{"rendered":"https:\/\/nfc-readers.com\/?post_type=product&#038;p=3325"},"modified":"2024-11-01T05:35:51","modified_gmt":"2024-11-01T05:35:51","slug":"ntag-215-75mm-nfc-epoxy-custom-table-menu-sticker","status":"publish","type":"product","link":"https:\/\/nfc-readers.com\/vi\/ic-reader\/ntag-215-75mm-nfc-epoxy-custom-table-menu-sticker\/","title":{"rendered":"Nh\u00e3n d\u00e1n th\u1ef1c \u0111\u01a1n t\u00f9y ch\u1ec9nh Epoxy NFC Ntag 215 75MM"},"content":{"rendered":"<h1 style=\"text-align: center;\"><strong>Nh\u00e3n d\u00e1n th\u1ef1c \u0111\u01a1n t\u00f9y ch\u1ec9nh Epoxy NFC Ntag 215 75MM<\/strong><\/h1>\n<p>&nbsp;<\/p>\n<p>Trong b\u1ed1i c\u1ea3nh c\u00f4ng ngh\u1ec7 nh\u00e0 h\u00e0ng \u0111ang kh\u00f4ng ng\u1eebng ph\u00e1t tri\u1ec3n,\u00a0<strong>Nh\u00e3n d\u00e1n th\u1ef1c \u0111\u01a1n t\u00f9y ch\u1ec9nh Epoxy NFC Ntag 215 75MM<\/strong>\u00a0n\u1ed5i l\u00ean nh\u01b0 m\u1ed9t gi\u1ea3i ph\u00e1p s\u00e1ng t\u1ea1o cho tr\u1ea3i nghi\u1ec7m \u0103n u\u1ed1ng hi\u1ec7n \u0111\u1ea1i. Nh\u00e3n d\u00e1n NFC \u0111a n\u0103ng n\u00e0y cho ph\u00e9p c\u00e1c nh\u00e0 h\u00e0ng tr\u00ecnh b\u00e0y th\u1ef1c \u0111\u01a1n c\u1ee7a m\u00ecnh theo c\u00e1ch m\u1edbi m\u1ebb, h\u1ea5p d\u1eabn \u0111\u1ed3ng th\u1eddi n\u00e2ng cao tr\u1ea3i nghi\u1ec7m c\u1ee7a kh\u00e1ch h\u00e0ng th\u00f4ng qua s\u1ee9c m\u1ea1nh c\u1ee7a c\u00f4ng ngh\u1ec7 kh\u00f4ng ti\u1ebfp x\u00fac. H\u00e3y t\u1ea1m bi\u1ec7t th\u1ef1c \u0111\u01a1n gi\u1ea5y truy\u1ec1n th\u1ed1ng v\u00e0 ch\u00e0o \u0111\u00f3n t\u01b0\u01a1ng t\u00e1c k\u1ef9 thu\u1eadt s\u1ed1 li\u1ec1n m\u1ea1ch.<\/p>\n<p>&nbsp;<\/p>\n<h3><strong>L\u1ee3i \u00edch c\u1ee7a mi\u1ebfng d\u00e1n Epoxy NFC Ntag 215<\/strong><\/h3>\n<p>Nh\u00e3n d\u00e1n NFC Ntag 215 kh\u00f4ng ch\u1ec9 l\u00e0 m\u1ed9t s\u1ea3n ph\u1ea9m; m\u00e0 c\u00f2n l\u00e0 m\u1ed9t c\u00f4ng c\u1ee5 c\u1ea3i ti\u1ebfn \u0111\u1ec3 n\u00e2ng cao d\u1ecbch v\u1ee5 kh\u00e1ch s\u1ea1n. V\u1edbi t\u00ednh n\u0103ng ch\u1ed1ng th\u1ea5m n\u01b0\u1edbc v\u00e0 c\u00e1c t\u00f9y ch\u1ecdn t\u00f9y ch\u1ec9nh, th\u1ebb NFC n\u00e0y \u0111\u00e1p \u1ee9ng nhu c\u1ea7u ri\u00eang bi\u1ec7t c\u1ee7a nhi\u1ec1u c\u01a1 s\u1edf th\u1ef1c ph\u1ea9m kh\u00e1c nhau. Sau \u0111\u00e2y l\u00e0 nh\u1eefng l\u00fd do thuy\u1ebft ph\u1ee5c \u0111\u1ec3 \u0111\u1ea7u t\u01b0 v\u00e0o s\u1ea3n ph\u1ea9m n\u00e0y:<\/p>\n<ul>\n<li><strong>Chia s\u1ebb kh\u00f4ng ti\u1ebfp x\u00fac<\/strong>:Kh\u00e1ch h\u00e0ng c\u00f3 th\u1ec3 d\u1ec5 d\u00e0ng truy c\u1eadp v\u00e0o th\u1ef1c \u0111\u01a1n k\u1ef9 thu\u1eadt s\u1ed1 b\u1eb1ng \u0111i\u1ec7n tho\u1ea1i th\u00f4ng minh h\u1ed7 tr\u1ee3 NFC, t\u1ea1o ra tr\u1ea3i nghi\u1ec7m \u0103n u\u1ed1ng h\u1ee3p v\u1ec7 sinh v\u00e0 t\u01b0\u01a1ng t\u00e1c.<\/li>\n<li><strong>T\u00f9y ch\u1ec9nh<\/strong>: T\u00f9y ch\u1ec9nh nh\u00e3n d\u00e1n v\u1edbi nhi\u1ec1u k\u00edch c\u1ee1, h\u00ecnh in v\u00e0 thi\u1ebft k\u1ebf kh\u00e1c nhau \u0111\u1ec3 ph\u00f9 h\u1ee3p nh\u1ea5t v\u1edbi th\u01b0\u01a1ng hi\u1ec7u nh\u00e0 h\u00e0ng c\u1ee7a b\u1ea1n \u0111\u1ed3ng th\u1eddi gi\u1edbi thi\u1ec7u th\u1ef1c \u0111\u01a1n v\u00e0 ch\u01b0\u01a1ng tr\u00ecnh khuy\u1ebfn m\u00e3i.<\/li>\n<li><strong>B\u1ec1n v\u00e0 \u0111\u00e1ng tin c\u1eady<\/strong>:V\u1edbi thi\u1ebft k\u1ebf ch\u1ed1ng th\u1ea5m n\u01b0\u1edbc v\u00e0 ch\u1ecbu \u0111\u01b0\u1ee3c th\u1eddi ti\u1ebft, \u0111\u01b0\u1ee3c l\u00e0m t\u1eeb v\u1eadt li\u1ec7u ch\u1ea5t l\u01b0\u1ee3ng cao nh\u01b0 epoxy v\u00e0 gi\u1ea5y\/PVC, nh\u00e3n d\u00e1n Ntag 215 \u0111\u01b0\u1ee3c ch\u1ebf t\u1ea1o \u0111\u1ec3 b\u1ec1n l\u00e2u, \u0111\u1ea3m b\u1ea3o s\u1eed d\u1ee5ng l\u00e2u d\u00e0i trong m\u00f4i tr\u01b0\u1eddng nh\u00e0 h\u00e0ng \u0111\u00f4ng \u0111\u00fac.<\/li>\n<li><\/li>\n<\/ul>\n<h3><strong>T\u00ednh n\u0103ng c\u1ee7a nh\u00e3n d\u00e1n NFC Ntag 215<\/strong><\/h3>\n<p>C\u00e1c\u00a0<strong>Nh\u00e3n d\u00e1n th\u1ef1c \u0111\u01a1n t\u00f9y ch\u1ec9nh Epoxy NFC Ntag 215 75MM<\/strong>\u00a0t\u1ef1 h\u00e0o c\u00f3 nhi\u1ec1u th\u00f4ng s\u1ed1 k\u1ef9 thu\u1eadt khi\u1ebfn n\u00f3 tr\u1edf n\u00ean kh\u00e1c bi\u1ec7t:<\/p>\n<ul>\n<li><strong>Nguy\u00ean v\u1eadt li\u1ec7u<\/strong>: \u0110\u01b0\u1ee3c ch\u1ebf t\u1ea1o t\u1eeb\u00a0<strong>epoxy v\u00e0 gi\u1ea5y\/PVC<\/strong>, mi\u1ebfng d\u00e1n n\u00e0y \u0111\u01b0\u1ee3c thi\u1ebft k\u1ebf \u0111\u1ec3 c\u00f3 \u0111\u1ed9 b\u1ec1n v\u00e0 kh\u1ea3 n\u0103ng ch\u1ed1ng ch\u1ecbu t\u1ed1t v\u1edbi m\u00f4i tr\u01b0\u1eddng nh\u00e0 h\u00e0ng th\u00f4ng th\u01b0\u1eddng.<\/li>\n<li><strong>K\u00edch th\u01b0\u1edbc v\u00e0 t\u00f9y ch\u1ec9nh<\/strong>: Trong khi k\u00edch th\u01b0\u1edbc chu\u1ea9n l\u00e0\u00a0<strong>75MM<\/strong>, c\u00f3 s\u1eb5n c\u00e1c k\u00edch th\u01b0\u1edbc t\u00f9y ch\u1ec9nh, cho ph\u00e9p t\u00f9y ch\u1ec9nh ho\u00e0n to\u00e0n theo b\u1ea5t k\u1ef3 ch\u1ee7 \u0111\u1ec1 c\u1eeda h\u00e0ng ho\u1eb7c nhu c\u1ea7u th\u1ef1c \u0111\u01a1n n\u00e0o.<\/li>\n<li><strong>Ph\u01b0\u01a1ng th\u1ee9c giao ti\u1ebfp<\/strong>:S\u1eed d\u1ee5ng giao di\u1ec7n truy\u1ec1n th\u00f4ng NFC, n\u00f3 ho\u1ea1t \u0111\u1ed9ng tr\u00ean m\u1ed9t\u00a0<strong>t\u1ea7n s\u1ed1 13,56 MHz<\/strong>, \u0111\u1ea3m b\u1ea3o \u0111\u1ed9 tin c\u1eady v\u00e0 t\u1ed1c \u0111\u1ed9 truy\u1ec1n d\u1eef li\u1ec7u.<\/li>\n<\/ul>\n<p>Cung c\u1ea5p c\u00e1c t\u00f9y ch\u1ecdn cho\u00a0<strong>in offset v\u00e0 in l\u1ee5a<\/strong>, nh\u00e3n d\u00e1n Ntag 215 c\u00f3 th\u1ec3 \u0111i k\u00e8m logo, m\u00e3 QR ho\u1eb7c c\u00e1c m\u1ee5c menu chi ti\u1ebft, gi\u00fap t\u0103ng c\u01b0\u1eddng nh\u1eadn di\u1ec7n th\u01b0\u01a1ng hi\u1ec7u v\u00e0 thu h\u00fat kh\u00e1ch h\u00e0ng.<\/p>\n<p>&nbsp;<\/p>\n<h3><strong>T\u00f9y ch\u1ecdn t\u00f9y ch\u1ec9nh<\/strong><\/h3>\n<p>V\u1edbi vi\u1ec7c t\u00f9y ch\u1ec9nh l\u00e0 m\u1ed9t kh\u00eda c\u1ea1nh quan tr\u1ecdng c\u1ee7a\u00a0<strong>Nh\u00e3n d\u00e1n NFC Ntag 215<\/strong>, c\u00e1c nh\u00e0 h\u00e0ng c\u00f3 th\u1ec3 l\u1ef1a ch\u1ecdn t\u1eeb v\u00f4 s\u1ed1 c\u00e1c l\u1ef1a ch\u1ecdn:<\/p>\n<ul>\n<li><strong>T\u00f9y ch\u1ecdn in<\/strong>: Ch\u1ecdn t\u1eeb\u00a0<strong>in offset, in l\u1ee5a ho\u1eb7c m\u00e3 QR<\/strong>\u00a0\u2013 t\u1ea5t c\u1ea3 \u0111\u1ec1u \u0111\u01b0\u1ee3c thi\u1ebft k\u1ebf ri\u00eang \u0111\u1ec3 ph\u00f9 h\u1ee3p v\u1edbi ch\u1ee7 \u0111\u1ec1 c\u1ee7a nh\u00e0 h\u00e0ng.<\/li>\n<li><strong>K\u00edch th\u01b0\u1edbc v\u00e0 h\u00ecnh d\u1ea1ng<\/strong>: Trong khi \u0111\u01b0\u1eddng k\u00ednh ti\u00eau chu\u1ea9n l\u00e0\u00a0<strong>75MM<\/strong>, c\u00e1c doanh nghi\u1ec7p c\u00f3 th\u1ec3 y\u00eau c\u1ea7u k\u00edch th\u01b0\u1edbc t\u00f9y ch\u1ec9nh \u0111\u1ec3 ph\u00f9 h\u1ee3p v\u1edbi c\u00e1c b\u00e0n c\u1ee5 th\u1ec3 ho\u1eb7c nhu c\u1ea7u trang tr\u00ed. C\u00e1c t\u00f9y ch\u1ecdn linh ho\u1ea1t cho ph\u00e9p th\u00edch \u1ee9ng v\u1edbi c\u00e1c m\u00f4i tr\u01b0\u1eddng kh\u00e1c nhau, cho d\u00f9 l\u00e0 l\u1eafp ph\u1eb3ng hay l\u1eafp tr\u00ean kim lo\u1ea1i.<\/li>\n<\/ul>\n<p>C\u00f3 th\u1ec3 t\u00f9y ch\u1ec9nh nh\u00e3n d\u00e1n NFC c\u00f3 ngh\u0129a l\u00e0 nh\u00e0 h\u00e0ng c\u1ee7a b\u1ea1n c\u00f3 th\u1ec3 duy tr\u00ec t\u00ednh nh\u1ea5t qu\u00e1n c\u1ee7a th\u01b0\u01a1ng hi\u1ec7u \u0111\u1ed3ng th\u1eddi t\u0103ng c\u01b0\u1eddng t\u01b0\u01a1ng t\u00e1c v\u1edbi kh\u00e1ch h\u00e0ng.<\/p>\n<p>&nbsp;<\/p>\n<h3><strong>C\u00e2u h\u1ecfi th\u01b0\u1eddng g\u1eb7p v\u1ec1 Nh\u00e3n d\u00e1n th\u1ef1c \u0111\u01a1n b\u00e0n t\u00f9y ch\u1ec9nh Epoxy Ntag 215 NFC<\/strong><\/h3>\n<h3>1.\u00a0<strong>Nh\u00e3n d\u00e1n th\u1ef1c \u0111\u01a1n \u0111\u1ec3 b\u00e0n b\u1eb1ng nh\u1ef1a Epoxy NFC Ntag 215 l\u00e0 g\u00ec?<\/strong><\/h3>\n<p>Nh\u00e3n d\u00e1n th\u1ef1c \u0111\u01a1n b\u00e0n t\u00f9y ch\u1ec9nh b\u1eb1ng nh\u1ef1a Epoxy NFC Ntag 215 l\u00e0 nh\u00e3n d\u00e1n NFC b\u1ec1n, kh\u00f4ng ti\u1ebfp x\u00fac \u0111\u01b0\u1ee3c thi\u1ebft k\u1ebf cho nh\u00e0 h\u00e0ng v\u00e0 c\u00e1c c\u01a1 s\u1edf \u0103n u\u1ed1ng kh\u00e1c. Nh\u00e3n d\u00e1n n\u00e0y cho ph\u00e9p kh\u00e1ch h\u00e0ng d\u1ec5 d\u00e0ng truy c\u1eadp v\u00e0o th\u1ef1c \u0111\u01a1n k\u1ef9 thu\u1eadt s\u1ed1 v\u00e0 ch\u01b0\u01a1ng tr\u00ecnh khuy\u1ebfn m\u00e3i b\u1eb1ng c\u00e1ch ch\u1ea1m \u0111i\u1ec7n tho\u1ea1i th\u00f4ng minh h\u1ed7 tr\u1ee3 NFC v\u00e0o nh\u00e3n d\u00e1n.<\/p>\n<h3>2.\u00a0<strong>C\u00f4ng ngh\u1ec7 NFC ho\u1ea1t \u0111\u1ed9ng nh\u01b0 th\u1ebf n\u00e0o?<\/strong><\/h3>\n<p>NFC (Giao ti\u1ebfp tr\u01b0\u1eddng g\u1ea7n) cho ph\u00e9p giao ti\u1ebfp kh\u00f4ng d\u00e2y gi\u1eefa c\u00e1c thi\u1ebft b\u1ecb trong kho\u1ea3ng c\u00e1ch ng\u1eafn (th\u01b0\u1eddng d\u01b0\u1edbi 4 cm). Khi kh\u00e1ch h\u00e0ng ch\u1ea1m \u0111i\u1ec7n tho\u1ea1i th\u00f4ng minh h\u1ed7 tr\u1ee3 NFC c\u1ee7a h\u1ecd v\u00e0o nh\u00e3n d\u00e1n Ntag 215, n\u00f3 s\u1ebd \u0111\u1ecdc d\u1eef li\u1ec7u \u0111\u01b0\u1ee3c l\u01b0u tr\u1eef trong nh\u00e3n d\u00e1n v\u00e0 hi\u1ec3n th\u1ecb menu k\u1ef9 thu\u1eadt s\u1ed1 tr\u00ean thi\u1ebft b\u1ecb c\u1ee7a h\u1ecd.<\/p>\n<h3>3.\u00a0<strong>Nh\u1eefng mi\u1ebfng d\u00e1n n\u00e0y c\u00f3 ch\u1ed1ng th\u1ea5m n\u01b0\u1edbc kh\u00f4ng?<\/strong><\/h3>\n<p>C\u00f3, nh\u00e3n d\u00e1n Ntag 215 \u0111\u01b0\u1ee3c thi\u1ebft k\u1ebf ch\u1ed1ng th\u1ea5m n\u01b0\u1edbc v\u00e0 ch\u1ed1ng ch\u1ecbu th\u1eddi ti\u1ebft. \u0110i\u1ec1u n\u00e0y \u0111\u1ea3m b\u1ea3o \u0111\u1ed9 b\u1ec1n v\u00e0 tu\u1ed5i th\u1ecd ngay c\u1ea3 trong m\u00f4i tr\u01b0\u1eddng nh\u00e0 h\u00e0ng \u0111\u00f4ng \u0111\u00fac, n\u01a1i th\u01b0\u1eddng xuy\u00ean b\u1ecb \u0111\u1ed5 v\u00e0 b\u1eafn tung t\u00f3e.<\/p>\n<h3>4.\u00a0<strong>T\u00f4i c\u00f3 th\u1ec3 t\u00f9y ch\u1ec9nh thi\u1ebft k\u1ebf c\u1ee7a nh\u00e3n d\u00e1n kh\u00f4ng?<\/strong><\/h3>\n<p>Ch\u1eafc ch\u1eafn r\u1ed3i! B\u1ea1n c\u00f3 th\u1ec3 t\u00f9y ch\u1ec9nh nh\u00e3n d\u00e1n Ntag 215 NFC v\u1edbi nhi\u1ec1u t\u00f9y ch\u1ecdn thi\u1ebft k\u1ebf kh\u00e1c nhau, bao g\u1ed3m in offset, in l\u1ee5a, logo, m\u00e3 QR v\u00e0 k\u00edch th\u01b0\u1edbc t\u00f9y ch\u1ec9nh. \u0110i\u1ec1u n\u00e0y cho ph\u00e9p b\u1ea1n c\u0103n ch\u1ec9nh nh\u00e3n d\u00e1n v\u1edbi th\u01b0\u01a1ng hi\u1ec7u nh\u00e0 h\u00e0ng c\u1ee7a b\u1ea1n m\u1ed9t c\u00e1ch hi\u1ec7u qu\u1ea3.<\/p>\n<h3>5.\u00a0<strong>C\u00f3 nh\u1eefng lo\u1ea1i chip n\u00e0o?<\/strong><\/h3>\n<p>Nh\u00e3n d\u00e1n Ntag 215 \u0111\u01b0\u1ee3c c\u00e0i s\u1eb5n chip Ntag 215, nh\u01b0ng b\u1ea1n c\u0169ng c\u00f3 th\u1ec3 ch\u1ecdn c\u00e1c t\u00f9y ch\u1ecdn chip NFC kh\u00e1c nh\u01b0 Ntag 213, Ntag 216 ho\u1eb7c c\u1ea5u h\u00ecnh t\u00f9y ch\u1ec9nh d\u1ef1a tr\u00ean nhu c\u1ea7u c\u1ee5 th\u1ec3 c\u1ee7a m\u00ecnh.<\/p>","protected":false},"excerpt":{"rendered":"<p>Nh\u00e3n d\u00e1n th\u1ef1c \u0111\u01a1n t\u00f9y ch\u1ec9nh NFC Epoxy Ntag 215 75MM cung c\u1ea5p cho kh\u00e1ch h\u00e0ng c\u00e1ch th\u1ee9c truy c\u1eadp th\u1ef1c \u0111\u01a1n k\u1ef9 thu\u1eadt s\u1ed1 li\u1ec1n m\u1ea1ch, kh\u00f4ng ti\u1ebfp x\u00fac. B\u1ec1n v\u00e0 c\u00f3 th\u1ec3 t\u00f9y ch\u1ec9nh, nh\u00e3n d\u00e1n n\u00e0y n\u00e2ng cao tr\u1ea3i nghi\u1ec7m \u0103n u\u1ed1ng cho c\u00e1c nh\u00e0 h\u00e0ng hi\u1ec7n \u0111\u1ea1i.<\/p>","protected":false},"featured_media":3326,"template":"","meta":[],"product_brand":[],"product_cat":[48],"product_tag":[],"class_list":{"0":"post-3325","1":"product","2":"type-product","3":"status-publish","4":"has-post-thumbnail","6":"product_cat-nfc-stickers","8":"first","9":"instock","10":"shipping-taxable","11":"product-type-simple"},"_links":{"self":[{"href":"https:\/\/nfc-readers.com\/vi\/wp-json\/wp\/v2\/product\/3325","targetHints":{"allow":["GET"]}}],"collection":[{"href":"https:\/\/nfc-readers.com\/vi\/wp-json\/wp\/v2\/product"}],"about":[{"href":"https:\/\/nfc-readers.com\/vi\/wp-json\/wp\/v2\/types\/product"}],"wp:featuredmedia":[{"embeddable":true,"href":"https:\/\/nfc-readers.com\/vi\/wp-json\/wp\/v2\/media\/3326"}],"wp:attachment":[{"href":"https:\/\/nfc-readers.com\/vi\/wp-json\/wp\/v2\/media?parent=3325"}],"wp:term":[{"taxonomy":"product_brand","embeddable":true,"href":"https:\/\/nfc-readers.com\/vi\/wp-json\/wp\/v2\/product_brand?post=3325"},{"taxonomy":"product_cat","embeddable":true,"href":"https:\/\/nfc-readers.com\/vi\/wp-json\/wp\/v2\/product_cat?post=3325"},{"taxonomy":"product_tag","embeddable":true,"href":"https:\/\/nfc-readers.com\/vi\/wp-json\/wp\/v2\/product_tag?post=3325"}],"curies":[{"name":"wp","href":"https:\/\/api.w.org\/{rel}","templated":true}]}}