{"id":3332,"date":"2024-11-01T05:43:23","date_gmt":"2024-11-01T05:43:23","guid":{"rendered":"https:\/\/nfc-readers.com\/?post_type=product&#038;p=3332"},"modified":"2024-11-01T05:43:24","modified_gmt":"2024-11-01T05:43:24","slug":"ntag-213-custom-nfc-epoxy-sticker-for-nfc-smart-phone","status":"publish","type":"product","link":"https:\/\/nfc-readers.com\/vi\/ic-reader\/ntag-213-custom-nfc-epoxy-sticker-for-nfc-smart-phone\/","title":{"rendered":"Nh\u00e3n d\u00e1n Epoxy NFC t\u00f9y ch\u1ec9nh Ntag 213 cho \u0111i\u1ec7n tho\u1ea1i th\u00f4ng minh NFC"},"content":{"rendered":"<h1 style=\"text-align: center;\"><strong>Nh\u00e3n d\u00e1n Epoxy NFC t\u00f9y ch\u1ec9nh Ntag 213 cho \u0111i\u1ec7n tho\u1ea1i th\u00f4ng minh NFC<\/strong><\/h1>\n<p>&nbsp;<\/p>\n<p>Kh\u00e1m ph\u00e1 t\u01b0\u01a1ng lai c\u1ee7a k\u1ebft n\u1ed1i v\u1edbi\u00a0<strong>Nh\u00e3n d\u00e1n Epoxy NFC t\u00f9y ch\u1ec9nh Ntag 213<\/strong>, m\u1ed9t s\u1ea3n ph\u1ea9m \u0111a n\u0103ng v\u00e0 s\u00e1ng t\u1ea1o \u0111\u01b0\u1ee3c thi\u1ebft k\u1ebf \u0111\u1ec3 t\u01b0\u01a1ng t\u00e1c li\u1ec1n m\u1ea1ch v\u1edbi\u00a0<strong>\u0110i\u1ec7n tho\u1ea1i th\u00f4ng minh h\u1ed7 tr\u1ee3 NFC<\/strong>. V\u1edbi c\u00e1c t\u00ednh n\u0103ng tuy\u1ec7t v\u1eddi c\u1ee7a n\u00f3, bao g\u1ed3m\u00a0<em>ch\u1ed1ng th\u1ea5m<\/em>, v\u1eadt li\u1ec7u epoxy b\u1ec1n v\u00e0 c\u00e1c t\u00f9y ch\u1ecdn t\u00f9y ch\u1ec9nh, th\u1ebb NFC n\u00e0y kh\u00f4ng ch\u1ec9 l\u00e0 m\u1ed9t ti\u1ec7n \u00edch kh\u00e1c m\u00e0 c\u00f2n l\u00e0 m\u1ed9t c\u00f4ng c\u1ee5 mang t\u00ednh c\u00e1ch m\u1ea1ng gi\u00fap n\u00e2ng cao tr\u1ea3i nghi\u1ec7m k\u1ef9 thu\u1eadt s\u1ed1 c\u1ee7a b\u1ea1n. T\u1eeb c\u00e1c \u1ee9ng d\u1ee5ng thanh to\u00e1n \u0111\u1ebfn vi\u1ec7c chia s\u1ebb th\u00f4ng tin k\u1ef9 thu\u1eadt s\u1ed1 d\u1ec5 d\u00e0ng, nh\u00e3n d\u00e1n Ntag 213 l\u00e0 s\u1ea3n ph\u1ea9m kh\u00f4ng th\u1ec3 thi\u1ebfu \u0111\u1ed1i v\u1edbi b\u1ea5t k\u1ef3 ai \u0111ang t\u00ecm ki\u1ebfm s\u1ef1 ti\u1ec7n l\u1ee3i v\u00e0 hi\u1ec7u qu\u1ea3.<\/p>\n<p>&nbsp;<\/p>\n<h3><strong>T\u1ea1i sao b\u1ea1n n\u00ean mua nh\u00e3n d\u00e1n NFC Ntag 213<\/strong><\/h3>\n<p>Vi\u1ec7c l\u1ef1a ch\u1ecdn \u0111\u00fang th\u1ebb NFC c\u00f3 th\u1ec3 n\u00e2ng cao th\u01b0\u01a1ng hi\u1ec7u doanh nghi\u1ec7p ho\u1eb7c c\u00e1 nh\u00e2n c\u1ee7a b\u1ea1n \u0111\u1ed3ng th\u1eddi \u0111\u1ea3m b\u1ea3o tr\u1ea3i nghi\u1ec7m ng\u01b0\u1eddi d\u00f9ng m\u01b0\u1ee3t m\u00e0. Nh\u00e3n d\u00e1n Epoxy NFC t\u00f9y ch\u1ec9nh Ntag 213 n\u1ed5i b\u1eadt nh\u1edd s\u1ef1 k\u1ebft h\u1ee3p \u0111\u1ed9c \u0111\u00e1o gi\u1eefa \u0111\u1ed9 tin c\u1eady, hi\u1ec7u su\u1ea5t cao v\u00e0 kh\u1ea3 n\u0103ng th\u00edch \u1ee9ng. V\u1edbi kh\u1ea3 n\u0103ng l\u01b0u tr\u1eef 144 byte d\u1eef li\u1ec7u, nh\u00e3n d\u00e1n NFC n\u00e0y l\u00fd t\u01b0\u1edfng cho nhi\u1ec1u \u1ee9ng d\u1ee5ng, khi\u1ebfn n\u00f3 tr\u1edf th\u00e0nh c\u00f4ng c\u1ee5 thi\u1ebft y\u1ebfu trong th\u1ebf gi\u1edbi c\u00f4ng ngh\u1ec7 ng\u00e0y nay. Nh\u01b0ng t\u1ea1i sao nh\u00e3n d\u00e1n n\u00e0y l\u1ea1i \u0111\u00e1ng mua? Sau \u0111\u00e2y l\u00e0 m\u1ed9t s\u1ed1 l\u00fd do thuy\u1ebft ph\u1ee5c:<\/p>\n<ul>\n<li><strong>\u0110\u1ed9 b\u1ec1n<\/strong>: Nh\u1edd l\u1edbp ph\u1ee7 epoxy, nh\u00e3n d\u00e1n NFC n\u00e0y\u00a0<strong>kh\u00f4ng th\u1ea5m n\u01b0\u1edbc v\u00e0 ch\u1ed1ng ch\u1ecbu th\u1eddi ti\u1ebft<\/strong>, cho ph\u00e9p n\u00f3 duy tr\u00ec ch\u1ee9c n\u0103ng trong nhi\u1ec1u m\u00f4i tr\u01b0\u1eddng kh\u00e1c nhau.<\/li>\n<li><strong>T\u00ednh linh ho\u1ea1t<\/strong>:V\u1edbi c\u00e1c t\u00f9y ch\u1ecdn t\u00f9y ch\u1ec9nh v\u1ec1 k\u00edch th\u01b0\u1edbc, m\u00e0u s\u1eafc v\u00e0 thi\u1ebft k\u1ebf in \u1ea5n, b\u1ea1n c\u00f3 th\u1ec3 t\u00f9y ch\u1ec9nh s\u1ea3n ph\u1ea9m n\u00e0y \u0111\u1ec3 \u0111\u00e1p \u1ee9ng nhu c\u1ea7u x\u00e2y d\u1ef1ng th\u01b0\u01a1ng hi\u1ec7u c\u1ee5 th\u1ec3 c\u1ee7a m\u00ecnh.<\/li>\n<li><strong>T\u00edch h\u1ee3p d\u1ec5 d\u00e0ng<\/strong>: T\u01b0\u01a1ng th\u00edch v\u1edbi nhi\u1ec1u lo\u1ea1i\u00a0<strong>Thi\u1ebft b\u1ecb NFC<\/strong>, bao g\u1ed3m Android v\u00e0 iPhone, cho ph\u00e9p ng\u01b0\u1eddi d\u00f9ng d\u1ec5 d\u00e0ng chia s\u1ebb th\u00f4ng tin v\u00e0 t\u01b0\u01a1ng t\u00e1c v\u1edbi n\u1ed9i dung k\u1ef9 thu\u1eadt s\u1ed1.<\/li>\n<\/ul>\n<p>&nbsp;<\/p>\n<h3><strong>T\u00ednh n\u0103ng v\u00e0 l\u1ee3i \u00edch c\u1ee7a s\u1ea3n ph\u1ea9m<\/strong><\/h3>\n<h3>K\u00edch th\u01b0\u1edbc v\u00e0 m\u00e0u s\u1eafc t\u00f9y ch\u1ec9nh<\/h3>\n<p>M\u1ed7i d\u1ef1 \u00e1n l\u00e0 duy nh\u1ea5t v\u00e0 ch\u00fang t\u00f4i\u00a0<strong>Nh\u00e3n d\u00e1n NFC Ntag 213<\/strong>\u00a0c\u00f3 th\u1ec3 \u0111\u01b0\u1ee3c \u0111i\u1ec1u ch\u1ec9nh \u0111\u1ec3 ph\u00f9 h\u1ee3p v\u1edbi c\u00e1c y\u00eau c\u1ea7u c\u1ee5 th\u1ec3. Cho d\u00f9 b\u1ea1n c\u1ea7n m\u1ed9t\u00a0<strong>h\u00ecnh ch\u1eef nh\u1eadt<\/strong>, thi\u1ebft k\u1ebf h\u00ecnh b\u1ea7u d\u1ee5c ho\u1eb7c h\u00ecnh tr\u00f2n, ch\u00fang t\u00f4i cung c\u1ea5p s\u1ef1 linh ho\u1ea1t v\u1ec1 h\u00ecnh d\u1ea1ng v\u00e0 k\u00edch th\u01b0\u1edbc. B\u1ea1n c\u0169ng c\u00f3 th\u1ec3 ch\u1ecdn t\u1eeb nhi\u1ec1u m\u00e0u s\u1eafc kh\u00e1c nhau \u0111\u1ec3 b\u1ed5 sung cho th\u01b0\u01a1ng hi\u1ec7u c\u1ee7a m\u00ecnh. M\u1ee9c \u0111\u1ed9 n\u00e0y\u00a0<strong>t\u00f9y ch\u1ec9nh<\/strong>\u00a0\u0111\u1ea3m b\u1ea3o ph\u00f9 h\u1ee3p ho\u00e0n h\u1ea3o v\u1edbi chi\u1ebfn l\u01b0\u1ee3c ti\u1ebfp th\u1ecb ho\u1eb7c d\u1ef1 \u00e1n c\u00e1 nh\u00e2n c\u1ee7a b\u1ea1n.<\/p>\n<h3>Thi\u1ebft k\u1ebf ch\u1ed1ng th\u1ea5m n\u01b0\u1edbc v\u00e0 th\u1eddi ti\u1ebft<\/h3>\n<p>C\u00e1c\u00a0<strong>v\u1eadt li\u1ec7u epoxy<\/strong>\u00a0\u0111\u01b0\u1ee3c s\u1eed d\u1ee5ng trong nh\u00e3n d\u00e1n Ntag 213 mang l\u1ea1i kh\u1ea3 n\u0103ng b\u1ea3o v\u1ec7 \u0111\u00e1ng k\u1ec3 ch\u1ed1ng l\u1ea1i \u0111\u1ed9 \u1ea9m v\u00e0 \u0111i\u1ec1u ki\u1ec7n th\u1eddi ti\u1ebft kh\u1eafc nghi\u1ec7t. \u0110i\u1ec1u n\u00e0y\u00a0<strong>kh\u00f4ng th\u1ea5m n\u01b0\u1edbc<\/strong>\u00a0Kh\u1ea3 n\u0103ng c\u00f3 ngh\u0129a l\u00e0 b\u1ea1n kh\u00f4ng ph\u1ea3i lo l\u1eafng v\u1ec1 vi\u1ec7c ti\u1ebfp x\u00fac v\u1edbi c\u00e1c y\u1ebfu t\u1ed1. Cho d\u00f9 \u0111\u01b0\u1ee3c s\u1eed d\u1ee5ng trong nh\u00e0 hay ngo\u00e0i tr\u1eddi, c\u00e1c th\u1ebb NFC n\u00e0y s\u1ebd duy tr\u00ec ch\u1ee9c n\u0103ng v\u00e0 hi\u1ec7u qu\u1ea3 c\u1ee7a ch\u00fang, khi\u1ebfn ch\u00fang ph\u00f9 h\u1ee3p v\u1edbi c\u00e1c \u1ee9ng d\u1ee5ng nh\u01b0 qu\u1ea3ng c\u00e1o ngo\u00e0i tr\u1eddi ho\u1eb7c c\u00e1c thi\u1ebft b\u1ecb th\u00f4ng minh \u0111\u00f2i h\u1ecfi kh\u1ea3 n\u0103ng ph\u1ee5c h\u1ed3i.<\/p>\n<h3>T\u1ea7n s\u1ed1 truy\u1ec1n th\u00f4ng 13,56 MHz<\/h3>\n<p>S\u1eed d\u1ee5ng ti\u00eau chu\u1ea9n\u00a0<strong>T\u1ea7n s\u1ed1 truy\u1ec1n th\u00f4ng 13,56 MHz<\/strong>, nh\u1eefng mi\u1ebfng d\u00e1n NFC n\u00e0y khai th\u00e1c s\u1ee9c m\u1ea1nh c\u1ee7a\u00a0<strong>RFID<\/strong>\u00a0c\u00f4ng ngh\u1ec7. T\u1ea7n s\u1ed1 n\u00e0y cung c\u1ea5p giao di\u1ec7n truy\u1ec1n th\u00f4ng \u0111\u00e1ng tin c\u1eady, \u0111\u1ea3m b\u1ea3o truy\u1ec1n d\u1eef li\u1ec7u nhanh ch\u00f3ng v\u00e0 an to\u00e0n khi \u0111\u01b0\u1ee3c qu\u00e9t b\u1edfi thi\u1ebft b\u1ecb h\u1ed7 tr\u1ee3 NFC. Kh\u1ea3 n\u0103ng t\u01b0\u01a1ng th\u00edch n\u00e0y n\u00e2ng cao h\u01a1n n\u1eefa kh\u1ea3 n\u0103ng s\u1eed d\u1ee5ng, cho ph\u00e9p tr\u1ea3i nghi\u1ec7m li\u1ec1n m\u1ea1ch tr\u00ean nhi\u1ec1u n\u1ec1n t\u1ea3ng v\u00e0 thi\u1ebft b\u1ecb kh\u00e1c nhau.<\/p>\n<h3>Chip NTAG213 cho hi\u1ec7u su\u1ea5t cao<\/h3>\n<p>\u0110i\u1ec3m c\u1ed1t l\u00f5i c\u1ee7a m\u1ed7i nh\u00e3n d\u00e1n t\u00f9y ch\u1ec9nh Ntag 213 l\u00e0\u00a0<strong>Chip NTAG213<\/strong>, n\u1ed5i ti\u1ebfng v\u1edbi hi\u1ec7u su\u1ea5t cao v\u00e0 t\u00ednh linh ho\u1ea1t. V\u1edbi tr\u00ed nh\u1edb c\u1ee7a\u00a0<strong>144 byte<\/strong>, n\u00f3 l\u01b0u tr\u1eef th\u00e0nh c\u00f4ng URL, v\u0103n b\u1ea3n ho\u1eb7c c\u00e1c t\u1eadp d\u1eef li\u1ec7u nh\u1ecf. Ki\u1ebfn tr\u00fac c\u1ee7a chip cho ph\u00e9p \u1ee9ng d\u1ee5ng r\u1ed9ng r\u00e3i t\u1eeb danh thi\u1ebfp \u0111\u1ebfn c\u00e1c chi\u1ebfn d\u1ecbch ti\u1ebfp th\u1ecb t\u01b0\u01a1ng t\u00e1c. \u0110\u1ed9 tin c\u1eady c\u1ee7a n\u00f3 \u0111\u1ea3m b\u1ea3o r\u1eb1ng th\u1ebb c\u1ee7a b\u1ea1n c\u00f3 th\u1ec3 \u0111\u01b0\u1ee3c qu\u00e9t v\u00e0 truy c\u1eadp nhi\u1ec1u l\u1ea7n m\u00e0 kh\u00f4ng b\u1ecb l\u1ed7i.<\/p>\n<p>&nbsp;<\/p>\n<h3><strong>Th\u00f4ng s\u1ed1 k\u1ef9 thu\u1eadt<\/strong><\/h3>\n<table class=\"w-fit !mb-0 !max-w-none\" style=\"height: 297px;\" width=\"431\">\n<thead>\n<tr>\n<th>T\u00ednh n\u0103ng<\/th>\n<th>\u0110\u1eb7c \u0111i\u1ec3m k\u1ef9 thu\u1eadt<\/th>\n<\/tr>\n<\/thead>\n<tbody>\n<tr>\n<td>Chip<\/td>\n<td>NTAG213<\/td>\n<\/tr>\n<tr>\n<td>T\u00ednh th\u01b0\u1eddng xuy\u00ean<\/td>\n<td>13,56MHz<\/td>\n<\/tr>\n<tr>\n<td>K\u00fd \u1ee9c<\/td>\n<td>144 Byte<\/td>\n<\/tr>\n<tr>\n<td>Giao th\u1ee9c<\/td>\n<td>Ti\u00eau chu\u1ea9n ISO14443<\/td>\n<\/tr>\n<tr>\n<td>V\u1eadt li\u1ec7u<\/td>\n<td>Epoxy<\/td>\n<\/tr>\n<tr>\n<td>K\u00edch c\u1ee1<\/td>\n<td>Phong t\u1ee5c<\/td>\n<\/tr>\n<tr>\n<td>M\u00e0u s\u1eafc<\/td>\n<td>Phong t\u1ee5c<\/td>\n<\/tr>\n<tr>\n<td>T\u00f9y ch\u1ecdn in<\/td>\n<td>In Offset\/Pantone\/QR<\/td>\n<\/tr>\n<tr>\n<td>Ngu\u1ed3n g\u1ed1c<\/td>\n<td>Qu\u1ea3ng \u0110\u00f4ng, Trung Qu\u1ed1c<\/td>\n<\/tr>\n<tr>\n<td>T\u00ednh n\u0103ng \u0111\u1eb7c bi\u1ec7t<\/td>\n<td>Kh\u00f4ng th\u1ea5m n\u01b0\u1edbc \/ Th\u1eddi ti\u1ebft<\/td>\n<\/tr>\n<\/tbody>\n<\/table>\n<h3><\/h3>\n<h3><strong>C\u00e2u h\u1ecfi th\u01b0\u1eddng g\u1eb7p<\/strong><\/h3>\n<h3>Thi\u1ebft b\u1ecb n\u00e0o t\u01b0\u01a1ng th\u00edch v\u1edbi nh\u00e3n d\u00e1n NFC Ntag 213?<\/h3>\n<p>C\u00e1c nh\u00e3n d\u00e1n Ntag 213 t\u01b0\u01a1ng th\u00edch v\u1edbi t\u1ea5t c\u1ea3 c\u00e1c \u0111i\u1ec7n tho\u1ea1i th\u00f4ng minh h\u1ed7 tr\u1ee3 NFC, bao g\u1ed3m c\u00e1c th\u01b0\u01a1ng hi\u1ec7u ph\u1ed5 bi\u1ebfn nh\u01b0\u00a0<strong>iPhone<\/strong>\u00a0V\u00e0\u00a0<strong>SAMSUNG<\/strong>.<\/p>\n<h3>Pin d\u00f9ng \u0111\u01b0\u1ee3c bao l\u00e2u?<\/h3>\n<p>Nh\u00e3n d\u00e1n NFC Ntag 213 kh\u00f4ng c\u1ea7n pin; ch\u00fang l\u00e0 thi\u1ebft b\u1ecb th\u1ee5 \u0111\u1ed9ng l\u1ea5y n\u0103ng l\u01b0\u1ee3ng t\u1eeb \u0111\u1ea7u \u0111\u1ecdc h\u1ed7 tr\u1ee3 NFC. Mi\u1ec5n l\u00e0 th\u1ebb c\u00f2n nguy\u00ean v\u1eb9n v\u00e0 n\u1eb1m trong ph\u1ea1m vi, n\u00f3 s\u1ebd ho\u1ea1t \u0111\u1ed9ng.<\/p>\n<h3>Nh\u1eefng mi\u1ebfng d\u00e1n n\u00e0y c\u00f3 th\u1ec3 s\u1eed d\u1ee5ng ngo\u00e0i tr\u1eddi \u0111\u01b0\u1ee3c kh\u00f4ng?<\/h3>\n<p>V\u00e2ng! Nh\u00e3n d\u00e1n NFC c\u1ee7a ch\u00fang t\u00f4i \u0111\u01b0\u1ee3c thi\u1ebft k\u1ebf \u0111\u1ec3\u00a0<strong>kh\u00f4ng th\u1ea5m n\u01b0\u1edbc v\u00e0 ch\u1ed1ng ch\u1ecbu th\u1eddi ti\u1ebft<\/strong>, khi\u1ebfn ch\u00fang ph\u00f9 h\u1ee3p cho c\u1ea3 \u1ee9ng d\u1ee5ng trong nh\u00e0 v\u00e0 ngo\u00e0i tr\u1eddi.<\/p>\n<h3>C\u00f3 kho\u1ea3ng c\u00e1ch qu\u00e9t t\u1ed1i \u0111a kh\u00f4ng?<\/h3>\n<p>Kho\u1ea3ng c\u00e1ch qu\u00e9t hi\u1ec7u qu\u1ea3 th\u01b0\u1eddng l\u00ean t\u1edbi 10 cm (4 inch), t\u00f9y thu\u1ed9c v\u00e0o c\u01b0\u1eddng \u0111\u1ed9 \u0103ng-ten NFC c\u1ee7a thi\u1ebft b\u1ecb v\u00e0 c\u00e1c y\u1ebfu t\u1ed1 m\u00f4i tr\u01b0\u1eddng.<\/p>","protected":false},"excerpt":{"rendered":"<p>C\u00e1c\u00a0<strong>Nh\u00e3n d\u00e1n Epoxy NFC t\u00f9y ch\u1ec9nh NTAG-213<\/strong>\u00a0l\u00e0 th\u1ebb NFC \u0111a n\u0103ng, ch\u1ed1ng n\u01b0\u1edbc \u0111\u01b0\u1ee3c thi\u1ebft k\u1ebf \u0111\u1ec3 t\u01b0\u01a1ng t\u00e1c li\u1ec1n m\u1ea1ch v\u1edbi \u0111i\u1ec7n tho\u1ea1i th\u00f4ng minh h\u1ed7 tr\u1ee3 NFC. C\u00f3 th\u1ec3 t\u00f9y ch\u1ec9nh v\u1ec1 k\u00edch th\u01b0\u1edbc, m\u00e0u s\u1eafc v\u00e0 t\u00f9y ch\u1ecdn in, nh\u00e3n d\u00e1n b\u1ec1n n\u00e0y cho ph\u00e9p c\u00e1c doanh nghi\u1ec7p v\u00e0 c\u00e1 nh\u00e2n chia s\u1ebb n\u1ed9i dung k\u1ef9 thu\u1eadt s\u1ed1 d\u1ec5 d\u00e0ng, t\u0103ng c\u01b0\u1eddng s\u1ef1 t\u01b0\u01a1ng t\u00e1c c\u1ee7a ng\u01b0\u1eddi d\u00f9ng v\u00e0 c\u01a1 h\u1ed9i x\u00e2y d\u1ef1ng th\u01b0\u01a1ng hi\u1ec7u.<\/p>","protected":false},"featured_media":3333,"template":"","meta":[],"product_brand":[],"product_cat":[48],"product_tag":[],"class_list":{"0":"post-3332","1":"product","2":"type-product","3":"status-publish","4":"has-post-thumbnail","6":"product_cat-nfc-stickers","8":"first","9":"instock","10":"shipping-taxable","11":"product-type-simple"},"_links":{"self":[{"href":"https:\/\/nfc-readers.com\/vi\/wp-json\/wp\/v2\/product\/3332","targetHints":{"allow":["GET"]}}],"collection":[{"href":"https:\/\/nfc-readers.com\/vi\/wp-json\/wp\/v2\/product"}],"about":[{"href":"https:\/\/nfc-readers.com\/vi\/wp-json\/wp\/v2\/types\/product"}],"wp:featuredmedia":[{"embeddable":true,"href":"https:\/\/nfc-readers.com\/vi\/wp-json\/wp\/v2\/media\/3333"}],"wp:attachment":[{"href":"https:\/\/nfc-readers.com\/vi\/wp-json\/wp\/v2\/media?parent=3332"}],"wp:term":[{"taxonomy":"product_brand","embeddable":true,"href":"https:\/\/nfc-readers.com\/vi\/wp-json\/wp\/v2\/product_brand?post=3332"},{"taxonomy":"product_cat","embeddable":true,"href":"https:\/\/nfc-readers.com\/vi\/wp-json\/wp\/v2\/product_cat?post=3332"},{"taxonomy":"product_tag","embeddable":true,"href":"https:\/\/nfc-readers.com\/vi\/wp-json\/wp\/v2\/product_tag?post=3332"}],"curies":[{"name":"wp","href":"https:\/\/api.w.org\/{rel}","templated":true}]}}