{"id":3348,"date":"2024-11-01T10:53:48","date_gmt":"2024-11-01T10:53:48","guid":{"rendered":"https:\/\/nfc-readers.com\/?post_type=product&#038;p=3348"},"modified":"2024-11-04T09:04:23","modified_gmt":"2024-11-04T09:04:23","slug":"rfid-ultralight-playground-ticket-proximity-pvc-vip-card","status":"publish","type":"product","link":"https:\/\/nfc-readers.com\/vi\/ic-reader\/rfid-ultralight-playground-ticket-proximity-pvc-vip-card\/","title":{"rendered":"Th\u1ebb RFID Mifare Ultralight ev1 PVC cho v\u00e9 s\u00e2n ch\u01a1i"},"content":{"rendered":"<h1><strong><span style=\"color: #000080;\">Th\u1ebb RFID Mifare Ultralight ev1 PVC cho v\u00e9 s\u00e2n ch\u01a1i<\/span><\/strong><\/h1>\n<p>&nbsp;<\/p>\n<h4><strong><span style=\"color: #008080;\">C\u00e1ch m\u1ea1ng h\u00f3a c\u00e1c gi\u1ea3i ph\u00e1p ki\u1ec3m so\u00e1t ra v\u00e0o v\u00e0 v\u00e9<\/span><\/strong><\/h4>\n<p><span style=\"color: #666699;\">Trong th\u1ebf gi\u1edbi kh\u00f4ng ti\u1ec1n m\u1eb7t ng\u00e0y nay, Th\u1ebb RFID Mifare Ultralight ev1 PVC cho v\u00e9 S\u00e2n ch\u01a1i \u0111i \u0111\u1ea7u trong c\u00e1c gi\u1ea3i ph\u00e1p ki\u1ec3m so\u00e1t ra v\u00e0o v\u00e0 b\u00e1n v\u00e9 hi\u1ec7n \u0111\u1ea1i. Th\u1ebb c\u00f4ng ngh\u1ec7 cao n\u00e0y kh\u00f4ng ch\u1ec9 \u0111\u01a1n gi\u1ea3n h\u00f3a vi\u1ec7c v\u00e0o c\u00e1c c\u00f4ng vi\u00ean gi\u1ea3i tr\u00ed v\u00e0 s\u1ef1 ki\u1ec7n m\u00e0 c\u00f2n n\u00e2ng cao tr\u1ea3i nghi\u1ec7m c\u1ee7a ng\u01b0\u1eddi d\u00f9ng v\u1edbi thi\u1ebft k\u1ebf m\u1ea1nh m\u1ebd v\u00e0 c\u00f4ng ngh\u1ec7 th\u1ebb th\u00f4ng minh. Mang \u0111\u1ebfn s\u1ef1 b\u1ea3o m\u1eadt, ti\u1ec7n l\u1ee3i v\u00e0 linh ho\u1ea1t v\u00f4 song, \u0111\u00e2y l\u00e0 l\u1ef1a ch\u1ecdn l\u00fd t\u01b0\u1edfng cho c\u00e1c doanh nghi\u1ec7p mu\u1ed1n n\u00e2ng cao s\u1ef1 t\u01b0\u01a1ng t\u00e1c v\u1edbi kh\u00e1ch h\u00e0ng v\u00e0 hi\u1ec7u qu\u1ea3 ho\u1ea1t \u0111\u1ed9ng.<\/span><\/p>\n<hr \/>\n<h2><\/h2>\n<h2 style=\"text-align: center;\"><span style=\"color: #000080;\"><em><strong>T\u00ednh n\u0103ng v\u00e0 l\u1ee3i \u00edch c\u1ee7a s\u1ea3n ph\u1ea9m<\/strong><\/em><\/span><\/h2>\n<h3><span style=\"color: #333399;\">1. <strong>V\u1eadt li\u1ec7u b\u1ec1n v\u00e0 \u0111\u00e1ng tin c\u1eady<\/strong><\/span><\/h3>\n<p>\u0110\u01b0\u1ee3c ch\u1ebf t\u1ea1o t\u1eeb PVC ch\u1ea5t l\u01b0\u1ee3ng cao, th\u1ebb RFID n\u00e0y \u0111\u01b0\u1ee3c thi\u1ebft k\u1ebf \u0111\u1ec3 ch\u1ecbu \u0111\u01b0\u1ee3c \u0111i\u1ec1u ki\u1ec7n m\u00f4i tr\u01b0\u1eddng kh\u1eafc nghi\u1ec7t.\u00a0<strong>kh\u00f4ng th\u1ea5m n\u01b0\u1edbc<\/strong>\u00a0V\u00e0\u00a0<strong>ch\u1ed1ng ch\u1ecbu th\u1eddi ti\u1ebft<\/strong>\u00a0c\u00e1c t\u00ednh n\u0103ng ng\u0103n ng\u1eeba hao m\u00f2n, \u0111\u1ea3m b\u1ea3o \u0111\u1ed9 b\u1ec1n l\u00e2u d\u00e0i. Cho d\u00f9 \u0111\u01b0\u1ee3c s\u1eed d\u1ee5ng trong c\u00e1c c\u00f4ng vi\u00ean gi\u1ea3i tr\u00ed ngo\u00e0i tr\u1eddi hay c\u00e1c s\u1ef1 ki\u1ec7n trong nh\u00e0,\u00a0<strong>Th\u1ebb s\u00e2n ch\u01a1i RFID si\u00eau nh\u1eb9<\/strong>\u00a0v\u1eabn ho\u1ea1t \u0111\u1ed9ng t\u1ed1t v\u00e0 h\u1ea5p d\u1eabn v\u1ec1 m\u1eb7t th\u1ecb gi\u00e1c, c\u00f3 th\u1ec3 gi\u00fap gi\u1ea3m chi ph\u00ed thay th\u1ebf theo th\u1eddi gian.<\/p>\n<p>&nbsp;<\/p>\n<h3><span style=\"color: #333399;\"><strong>2. \u1ee8ng d\u1ee5ng \u0111a n\u0103ng<\/strong><\/span><\/h3>\n<p>\u0110\u01b0\u1ee3c thi\u1ebft k\u1ebf cho nhi\u1ec1u m\u1ee5c \u0111\u00edch s\u1eed d\u1ee5ng kh\u00e1c nhau, Th\u1ebb RFID PVC Mifare Ultralight ev1 d\u00e0nh cho v\u00e9 s\u00e2n ch\u01a1i l\u00e0 l\u1ef1a ch\u1ecdn ho\u00e0n h\u1ea3o cho\u00a0<strong>b\u00e1n v\u00e9<\/strong>,\u00a0<strong>ki\u1ec3m so\u00e1t truy c\u1eadp<\/strong>,\u00a0<strong>ch\u01b0\u01a1ng tr\u00ecnh kh\u00e1ch h\u00e0ng th\u00e2n thi\u1ebft<\/strong>, V\u00e0\u00a0<strong>qu\u1ea3n l\u00fd s\u1ef1 ki\u1ec7n<\/strong>. Th\u1ebb n\u00e0y h\u1ee3p l\u00fd h\u00f3a hi\u1ec7u qu\u1ea3 c\u00e1c quy tr\u00ecnh nh\u1eadp c\u1ea3nh, khi\u1ebfn n\u00f3 tr\u1edf th\u00e0nh l\u1ef1a ch\u1ecdn tuy\u1ec7t v\u1eddi cho c\u00e1c h\u1ec7 th\u1ed1ng giao th\u00f4ng c\u00f4ng c\u1ed9ng, c\u00f4ng vi\u00ean gi\u1ea3i tr\u00ed, l\u1ec5 h\u1ed9i, v.v. T\u00ednh linh ho\u1ea1t c\u1ee7a n\u00f3 cho ph\u00e9p c\u00e1c doanh nghi\u1ec7p tri\u1ec3n khai gi\u1ea3i ph\u00e1p th\u1ed1ng nh\u1ea5t cho c\u00e1c nhu c\u1ea7u ho\u1ea1t \u0111\u1ed9ng \u0111a d\u1ea1ng.<\/p>\n<p>&nbsp;<\/p>\n<h3><span style=\"color: #333399;\">3. <strong>Tr\u1ea3i nghi\u1ec7m ng\u01b0\u1eddi d\u00f9ng thu\u1eadn ti\u1ec7n<\/strong><\/span><\/h3>\n<p>V\u1edbi m\u1ed9t\u00a0<strong>kho\u1ea3ng c\u00e1ch \u0111\u1ecdc<\/strong>\u00a0c\u1ee7a 1-20 cm v\u00e0 t\u00f9y ch\u1ecdn \u0111\u1ed9 d\u00e0y c\u1ee7a\u00a0<strong>0,76mm\/0,84mm<\/strong>, th\u1ebb \u0111\u1ea3m b\u1ea3o d\u1ec5 s\u1eed d\u1ee5ng v\u00e0 s\u1ef1 h\u00e0i l\u00f2ng c\u1ee7a kh\u00e1ch h\u00e0ng. Ng\u01b0\u1eddi d\u00f9ng ch\u1ec9 c\u1ea7n ch\u1ea1m th\u1ebb v\u00e0o b\u1ea5t k\u1ef3 thi\u1ebft b\u1ecb h\u1ed7 tr\u1ee3 NFC n\u00e0o, t\u1ea1o ra giao d\u1ecbch nhanh ch\u00f3ng. \u0110i\u1ec1u n\u00e0y\u00a0<strong>kh\u00f4ng ti\u1ebfp x\u00fac<\/strong>\u00a0T\u00ednh n\u0103ng n\u00e0y gi\u00fap gi\u1ea3m thi\u1ec3u ti\u1ebfp x\u00fac v\u1eadt l\u00fd v\u00e0 t\u0103ng c\u01b0\u1eddng v\u1ec7 sinh\u2014m\u1ed9t y\u1ebfu t\u1ed1 c\u1ea7n thi\u1ebft trong m\u00f4i tr\u01b0\u1eddng ng\u00e0y nay.<\/p>\n<p>&nbsp;<\/p>\n<h3><span style=\"color: #333399;\"><strong>4. T\u00f9y ch\u1ecdn t\u00f9y ch\u1ec9nh<\/strong><\/span><\/h3>\n<p>Th\u1ebb RFID Mifare Ultralight ev1 PVC cho v\u00e9 S\u00e2n ch\u01a1i cung c\u1ea5p kh\u1ea3 n\u0103ng t\u00f9y ch\u1ec9nh r\u1ed9ng r\u00e3i \u0111\u1ec3 ph\u00f9 h\u1ee3p v\u1edbi nhu c\u1ea7u v\u1ec1 th\u01b0\u01a1ng hi\u1ec7u v\u00e0 ti\u1ebfp th\u1ecb. Kh\u00e1ch h\u00e0ng c\u00f3 th\u1ec3 l\u1ef1a ch\u1ecdn t\u1eeb nhi\u1ec1u t\u00f9y ch\u1ecdn in \u1ea5n kh\u00e1c nhau, bao g\u1ed3m\u00a0<strong>In \u1ea5n CMYK4C<\/strong>,\u00a0<strong>in nhi\u1ec7t<\/strong>, V\u00e0\u00a0<strong>in l\u1ee5a<\/strong>. Ngo\u00e0i ra, c\u00e1c y\u1ebfu t\u1ed1 nh\u01b0\u00a0<strong>m\u00e3 laser<\/strong>,\u00a0<strong>s\u1ed1 s\u00ea-ri<\/strong>, V\u00e0\u00a0<strong>d\u1eadp n\u1ed5i<\/strong>\u00a0c\u00f3 th\u1ec3 \u0111\u01b0\u1ee3c thi\u1ebft k\u1ebf ri\u00eang \u0111\u1ec3 t\u1ea1o ra b\u1ea3n s\u1eafc ri\u00eang cho m\u1ed7i th\u1ebb, n\u00e2ng cao kh\u1ea3 n\u0103ng hi\u1ec3n th\u1ecb v\u00e0 l\u00f2ng trung th\u00e0nh v\u1edbi th\u01b0\u01a1ng hi\u1ec7u.<\/p>\n<p>&nbsp;<\/p>\n<h3><span style=\"color: #333399;\"><strong>5. Th\u00f4ng s\u1ed1 k\u1ef9 thu\u1eadt<\/strong><\/span><\/h3>\n<div class=\"table-with-header rounded-lg border border-solid border-grey-line2-normal w-fit max-w-full mb-2\">\n<div class=\"overflow-x-auto custom-scrollbar custom-scrollbar-float max-w-full\">\n<table class=\"w-fit !mb-0 !max-w-none\" style=\"height: 339px;\" width=\"403\">\n<thead>\n<tr>\n<th>T\u00ednh n\u0103ng<\/th>\n<th>\u0110\u1eb7c \u0111i\u1ec3m k\u1ef9 thu\u1eadt<\/th>\n<\/tr>\n<\/thead>\n<tbody>\n<tr>\n<td><\/td>\n<td><\/td>\n<\/tr>\n<tr>\n<td>Lo\u1ea1i Chip<\/td>\n<td>MIFARE Ultralight\u00ae C<\/td>\n<\/tr>\n<tr>\n<td>T\u00ednh th\u01b0\u1eddng xuy\u00ean<\/td>\n<td>13,56MHz<\/td>\n<\/tr>\n<tr>\n<td>V\u1eadt li\u1ec7u<\/td>\n<td>PVC<\/td>\n<\/tr>\n<tr>\n<td>Kho\u1ea3ng c\u00e1ch \u0111\u1ecdc<\/td>\n<td>2-10CM<\/td>\n<\/tr>\n<tr>\n<td>\u0111\u1ed9 d\u00e0y<\/td>\n<td>0.76mm \/0.84mm \/ T\u00f9y ch\u1ec9nh<\/td>\n<\/tr>\n<tr>\n<td>K\u00edch c\u1ee1<\/td>\n<td>CR80<\/td>\n<\/tr>\n<tr>\n<td>th\u1ee7 c\u00f4ng<\/td>\n<td>M\u00e3 Laser, M\u1ef1c UV, S\u1ed1 s\u00ea-ri.<\/td>\n<\/tr>\n<tr>\n<td>Chu k\u1ef3 vi\u1ebft<\/td>\n<td>100.000 l\u1ea7n<\/td>\n<\/tr>\n<tr>\n<td>Ngu\u1ed3n g\u1ed1c<\/td>\n<td>Qu\u1ea3ng \u0110\u00f4ng, Trung Qu\u1ed1c<\/td>\n<\/tr>\n<\/tbody>\n<\/table>\n<\/div>\n<\/div>\n<hr \/>\n<h2 style=\"text-align: center;\"><span style=\"color: #000080;\"><strong>H\u01b0\u1edbng d\u1eabn s\u1eed d\u1ee5ng<\/strong><\/span><\/h2>\n<ol>\n<li><strong>K\u00edch ho\u1ea1t th\u1ebb<\/strong>: \u0110\u1ea3m b\u1ea3o th\u1ebb \u0111\u01b0\u1ee3c k\u00edch ho\u1ea1t th\u00f4ng qua ph\u1ea7n m\u1ec1m qu\u1ea3n l\u00fd RFID c\u1ee7a b\u1ea1n.<\/li>\n<li><strong>Nh\u1ea5n v\u00e0o Reader<\/strong>: Gi\u1eef th\u1ebb c\u00e1ch \u0111\u1ea7u \u0111\u1ecdc NFC kho\u1ea3ng 1-20 cm.<\/li>\n<li><strong>X\u00e1c nh\u1eadn giao d\u1ecbch<\/strong>:M\u00e1y \u0111\u1ecdc s\u1ebd x\u00e1c nh\u1eadn giao d\u1ecbch b\u1eb1ng ti\u1ebfng b\u00edp ho\u1eb7c \u0111\u00e8n b\u00e1o.<\/li>\n<li><strong>\u0110\u00e3 c\u1ea5p quy\u1ec1n truy c\u1eadp<\/strong>: Ng\u01b0\u1eddi d\u00f9ng c\u00f3 th\u1ec3 ti\u1ebfn h\u00e0nh v\u00e0o \u0111\u1ecba \u0111i\u1ec3m ho\u1eb7c s\u1eed d\u1ee5ng d\u1ecbch v\u1ee5.<\/li>\n<\/ol>\n<p>&nbsp;<\/p>\n<h2 style=\"text-align: center;\"><em><span style=\"color: #000080;\"><strong>S\u1ea3n xu\u1ea5t th\u00e2n thi\u1ec7n v\u1edbi m\u00f4i tr\u01b0\u1eddng<\/strong><\/span><\/em><\/h2>\n<p><span style=\"color: #666699;\">T\u00ednh b\u1ec1n v\u1eefng l\u00e0 ch\u00eca kh\u00f3a cho s\u1ea3n xu\u1ea5t hi\u1ec7n \u0111\u1ea1i v\u00e0 vi\u1ec7c s\u1ea3n xu\u1ea5t Th\u1ebb RFID Mifare Ultralight ev1 PVC cho v\u00e9 S\u00e2n ch\u01a1i ph\u00f9 h\u1ee3p v\u1edbi c\u00e1c ho\u1ea1t \u0111\u1ed9ng th\u00e2n thi\u1ec7n v\u1edbi m\u00f4i tr\u01b0\u1eddng. B\u1eb1ng c\u00e1ch \u0111\u1ea7u t\u01b0 v\u00e0o v\u1eadt li\u1ec7u v\u00e0 quy tr\u00ecnh b\u1ec1n v\u1eefng, c\u00e1c doanh nghi\u1ec7p c\u00f3 th\u1ec3 \u0111\u00f3ng g\u00f3p v\u00e0o vi\u1ec7c b\u1ea3o v\u1ec7 m\u00f4i tr\u01b0\u1eddng trong khi v\u1eabn cung c\u1ea5p s\u1ea3n ph\u1ea9m ch\u1ea5t l\u01b0\u1ee3ng cao. Cam k\u1ebft n\u00e0y \u0111\u01b0\u1ee3c ng\u01b0\u1eddi ti\u00eau d\u00f9ng c\u00f3 \u00fd th\u1ee9c v\u1ec1 m\u00f4i tr\u01b0\u1eddng \u0111\u1ed3ng t\u00ecnh v\u00e0 n\u00e2ng cao tr\u00e1ch nhi\u1ec7m c\u1ee7a doanh nghi\u1ec7p.<\/span><\/p>","protected":false},"excerpt":{"rendered":"<p>Kh\u00e1m ph\u00e1 Th\u1ebb RFID PVC Mifare Ultralight ev1 d\u00e0nh cho v\u00e9 s\u00e2n ch\u01a1i \u2013 b\u1ec1n, \u0111a n\u0103ng v\u00e0 th\u00e2n thi\u1ec7n v\u1edbi m\u00f4i tr\u01b0\u1eddng \u0111\u1ec3 ki\u1ec3m so\u00e1t ra v\u00e0o v\u00e0 ph\u00e1t v\u00e9 li\u1ec1n m\u1ea1ch.<\/p>","protected":false},"featured_media":3349,"template":"","meta":[],"product_brand":[],"product_cat":[46],"product_tag":[],"class_list":{"0":"post-3348","1":"product","2":"type-product","3":"status-publish","4":"has-post-thumbnail","6":"product_cat-nfc-cards","8":"first","9":"instock","10":"shipping-taxable","11":"product-type-simple"},"_links":{"self":[{"href":"https:\/\/nfc-readers.com\/vi\/wp-json\/wp\/v2\/product\/3348","targetHints":{"allow":["GET"]}}],"collection":[{"href":"https:\/\/nfc-readers.com\/vi\/wp-json\/wp\/v2\/product"}],"about":[{"href":"https:\/\/nfc-readers.com\/vi\/wp-json\/wp\/v2\/types\/product"}],"wp:featuredmedia":[{"embeddable":true,"href":"https:\/\/nfc-readers.com\/vi\/wp-json\/wp\/v2\/media\/3349"}],"wp:attachment":[{"href":"https:\/\/nfc-readers.com\/vi\/wp-json\/wp\/v2\/media?parent=3348"}],"wp:term":[{"taxonomy":"product_brand","embeddable":true,"href":"https:\/\/nfc-readers.com\/vi\/wp-json\/wp\/v2\/product_brand?post=3348"},{"taxonomy":"product_cat","embeddable":true,"href":"https:\/\/nfc-readers.com\/vi\/wp-json\/wp\/v2\/product_cat?post=3348"},{"taxonomy":"product_tag","embeddable":true,"href":"https:\/\/nfc-readers.com\/vi\/wp-json\/wp\/v2\/product_tag?post=3348"}],"curies":[{"name":"wp","href":"https:\/\/api.w.org\/{rel}","templated":true}]}}