{"id":3353,"date":"2024-11-01T11:19:32","date_gmt":"2024-11-01T11:19:32","guid":{"rendered":"https:\/\/nfc-readers.com\/?post_type=product&#038;p=3353"},"modified":"2024-11-04T08:59:53","modified_gmt":"2024-11-04T08:59:53","slug":"iso14443a-mifare-rfid-hotel-card-magnetic-stripe-available","status":"publish","type":"product","link":"https:\/\/nfc-readers.com\/vi\/ic-reader\/iso14443a-mifare-rfid-hotel-card-magnetic-stripe-available\/","title":{"rendered":"Th\u1ebb kh\u00e1ch s\u1ea1n ISO14443A MIFARE RFID c\u00f3 d\u1ea3i t\u1eeb"},"content":{"rendered":"<h1><span style=\"color: #000080;\"><strong>Th\u1ebb kh\u00e1ch s\u1ea1n ISO14443A MIFARE RFID c\u00f3 d\u1ea3i t\u1eeb<\/strong><\/span><\/h1>\n<p><span style=\"color: #666699;\">T\u01b0\u01a1ng lai c\u1ee7a Ki\u1ec3m so\u00e1t Truy c\u1eadpTrong ng\u00e0nh c\u00f4ng nghi\u1ec7p kh\u00e1ch s\u1ea1n hi\u1ec7n \u0111\u1ea1i, vi\u1ec7c ti\u1ebfp c\u1eadn li\u1ec1n m\u1ea1ch \u0111\u1ebfn c\u00e1c ph\u00f2ng v\u00e0 ti\u1ec7n nghi l\u00e0 t\u1ed1i quan tr\u1ecdng. <strong>Th\u1ebb kh\u00e1ch s\u1ea1n RFID MIFARE ISO14443A c\u00f3 d\u1ea3i t\u1eeb<\/strong>\u00a0\u0111\u00e3 n\u1ed5i l\u00ean nh\u01b0 m\u1ed9t gi\u1ea3i ph\u00e1p mang t\u00ednh chuy\u1ec3n \u0111\u1ed5i k\u1ebft h\u1ee3p c\u00f4ng ngh\u1ec7 RFID ti\u00ean ti\u1ebfn v\u00e0 thi\u1ebft k\u1ebf th\u00e2n thi\u1ec7n v\u1edbi ng\u01b0\u1eddi d\u00f9ng. Th\u1ebb n\u00e0y n\u00e2ng cao tr\u1ea3i nghi\u1ec7m c\u1ee7a kh\u00e1ch \u0111\u1ed3ng th\u1eddi \u0111\u1ea3m b\u1ea3o an ninh h\u00e0ng \u0111\u1ea7u cho vi\u1ec7c qu\u1ea3n l\u00fd kh\u00e1ch s\u1ea1n. <\/span><\/p>\n<p><span style=\"color: #666699;\">Kh\u00e1ch c\u00f3 th\u1ec3 t\u1eadn h\u01b0\u1edfng quy\u1ec1n truy c\u1eadp kh\u00f4ng ti\u1ebfp x\u00fac, trong khi c\u00e1c nh\u00e0 \u0111i\u1ec1u h\u00e0nh kh\u00e1ch s\u1ea1n \u0111\u01b0\u1ee3c h\u01b0\u1edfng l\u1ee3i t\u1eeb t\u00ednh b\u1ea3o m\u1eadt v\u00e0 hi\u1ec7u qu\u1ea3 \u0111\u01b0\u1ee3c n\u00e2ng cao. V\u1edbi c\u00e1c \u0111\u1eb7c t\u00ednh ch\u1ed1ng th\u1ea5m n\u01b0\u1edbc v\u00e0 ch\u1ed1ng ch\u1ecbu th\u1eddi ti\u1ebft, th\u1ebb RFID \u0111\u01b0\u1ee3c thi\u1ebft k\u1ebf \u0111\u1ec3 c\u00f3 \u0111\u1ed9 b\u1ec1n, \u0111\u1ea3m b\u1ea3o tu\u1ed5i th\u1ecd l\u00e2u d\u00e0i ngay c\u1ea3 trong m\u00f4i tr\u01b0\u1eddng b\u1eadn r\u1ed9n nh\u1ea5t. Th\u1ebb n\u00e0y kh\u00f4ng ch\u1ec9 \u0111\u01a1n gi\u1ea3n h\u00f3a quy tr\u00ecnh l\u00e0m th\u1ee7 t\u1ee5c nh\u1eadn ph\u00f2ng m\u00e0 c\u00f2n \u0111\u00f3ng vai tr\u00f2 l\u00e0 c\u00f4ng c\u1ee5 \u0111\u00e1ng tin c\u1eady \u0111\u1ec3 ki\u1ec3m so\u00e1t quy\u1ec1n truy c\u1eadp, \u0111\u1ed3ng th\u1eddi cung c\u1ea5p c\u00e1c t\u00f9y ch\u1ecdn c\u00e1 nh\u00e2n h\u00f3a \u0111\u1ec3 ph\u1ea3n \u00e1nh b\u1ea3n s\u1eafc th\u01b0\u01a1ng hi\u1ec7u c\u1ee7a kh\u00e1ch s\u1ea1n b\u1ea1n.<\/span><\/p>\n<hr \/>\n<h2><\/h2>\n<h2 style=\"text-align: center;\"><em><strong><span style=\"color: #000080;\">S\u01a1 l\u01b0\u1ee3c s\u1ea3n ph\u1ea9m<\/span><\/strong><\/em><\/h2>\n<h3><span style=\"color: #333399;\"> <strong>1. C\u00e1c t\u00ednh n\u0103ng ch\u00ednh c\u1ee7a th\u1ebb kh\u00e1ch s\u1ea1n RFID MIFARE ISO14443A<\/strong><\/span><\/h3>\n<p>C\u00e1c\u00a0<strong>Th\u1ebb kh\u00e1ch s\u1ea1n RFID MIFARE ISO14443A<\/strong>\u00a0cung c\u1ea5p m\u1ed9t lo\u1ea1t c\u00e1c t\u00ednh n\u0103ng s\u00e1ng t\u1ea1o ph\u1ee5c v\u1ee5 cho c\u1ea3 ng\u01b0\u1eddi \u0111i\u1ec1u h\u00e0nh kh\u00e1ch s\u1ea1n v\u00e0 kh\u00e1ch h\u00e0ng. S\u1eed d\u1ee5ng c\u00e1c t\u00ednh n\u0103ng ti\u00ean ti\u1ebfn\u00a0<strong>MIFARE\u00ae Si\u00eau nh\u1eb9 C<\/strong>\u00a0c\u00f4ng ngh\u1ec7 chip, th\u1ebb n\u00e0y ho\u1ea1t \u0111\u1ed9ng \u1edf t\u1ea7n s\u1ed1\u00a0<strong>13,56MHz<\/strong>\u00a0d\u01b0\u1edbi\u00a0<strong>Giao th\u1ee9c ISO14443A<\/strong>. \u0110\u1eb7c \u0111i\u1ec3m k\u1ef9 thu\u1eadt n\u00e0y cho ph\u00e9p truy c\u1eadp nhanh ch\u00f3ng v\u00e0 an to\u00e0n v\u1edbi t\u01b0\u01a1ng t\u00e1c t\u1ed1i thi\u1ec3u c\u1ea7n thi\u1ebft, cung c\u1ea5p m\u1ed9t\u00a0<strong>tr\u1ea3i nghi\u1ec7m kh\u00f4ng ti\u1ebfp x\u00fac<\/strong>.V\u1edbi n\u00f3\u00a0<strong>kh\u00f4ng th\u1ea5m n\u01b0\u1edbc<\/strong>\u00a0V\u00e0\u00a0<strong>ch\u1ed1ng ch\u1ecbu th\u1eddi ti\u1ebft<\/strong>\u00a0thi\u1ebft k\u1ebf, th\u1ebb v\u1eabn ho\u1ea1t \u0111\u1ed9ng trong nhi\u1ec1u m\u00f4i tr\u01b0\u1eddng kh\u00e1c nhau, \u0111\u1ea3m b\u1ea3o r\u1eb1ng n\u00f3 ch\u1ecbu \u0111\u01b0\u1ee3c s\u1ef1 hao m\u00f2n h\u00e0ng ng\u00e0y. H\u01a1n n\u1eefa, vi\u1ec7c k\u1ebft h\u1ee3p m\u1ed9t\u00a0<strong>d\u1ea3i t\u1eeb<\/strong>\u00a0cho ph\u00e9p t\u00ednh linh ho\u1ea1t trong h\u1ec7 th\u1ed1ng ki\u1ec3m so\u00e1t ra v\u00e0o. Ch\u1ee9c n\u0103ng k\u00e9p n\u00e0y \u0111\u1ea3m b\u1ea3o r\u1eb1ng cho d\u00f9 \u0111\u01b0\u1ee3c s\u1eed d\u1ee5ng cho m\u1ee5c \u0111\u00edch ra v\u00e0o ph\u00f2ng kh\u00e1ch s\u1ea1n hay c\u00e1c ti\u1ec7n nghi kh\u00e1c, th\u1ebb RFID \u0111\u1ec1u cung c\u1ea5p d\u1ecbch v\u1ee5 li\u1ec1n m\u1ea1ch v\u00e0 \u0111\u00e1ng tin c\u1eady.<\/p>\n<p>&nbsp;<\/p>\n<h3><span style=\"color: #333399;\"><strong>3. Th\u00f4ng s\u1ed1 k\u1ef9 thu\u1eadt<\/strong><\/span><\/h3>\n<p>Hi\u1ec3u c\u00e1c th\u00f4ng s\u1ed1 k\u1ef9 thu\u1eadt l\u00e0 r\u1ea5t quan tr\u1ecdng \u0111\u1ec3 l\u1ef1a ch\u1ecdn gi\u1ea3i ph\u00e1p ki\u1ec3m so\u00e1t truy c\u1eadp ph\u00f9 h\u1ee3p. D\u01b0\u1edbi \u0111\u00e2y l\u00e0 b\u1ea3ng chi ti\u1ebft v\u1ec1\u00a0<strong>Th\u1ebb kh\u00e1ch s\u1ea1n RFID MIFARE ISO14443A<\/strong> th\u00f4ng s\u1ed1 k\u1ef9 thu\u1eadt:<\/p>\n<div class=\"table-with-header rounded-lg border border-solid border-grey-line2-normal w-fit max-w-full mb-2\">\n<div class=\"h-8 items-center flex justify-between px-2 text-xs border-0 border-b border-solid border-grey-line2-normal\">\n<div class=\"h-[26px] w-[26px] text-text-primary-3 cursor-pointer hover:text-text-primary-2 flex-center\"><\/div>\n<\/div>\n<div class=\"overflow-x-auto custom-scrollbar custom-scrollbar-float max-w-full\">\n<table class=\"w-fit !mb-0 !max-w-none\">\n<thead>\n<tr>\n<th>\u0110\u1eb7c \u0111i\u1ec3m k\u1ef9 thu\u1eadt<\/th>\n<th>Gi\u00e1 tr\u1ecb<\/th>\n<\/tr>\n<\/thead>\n<tbody>\n<tr>\n<td>Chip<\/td>\n<td>MIFARE\u00ae Si\u00eau nh\u1eb9 C<\/td>\n<\/tr>\n<tr>\n<td>T\u00ednh th\u01b0\u1eddng xuy\u00ean<\/td>\n<td>13,56MHz<\/td>\n<\/tr>\n<tr>\n<td>Ph\u01b0\u01a1ng th\u1ee9c giao ti\u1ebfp<\/td>\n<td>RFID, NFC<\/td>\n<\/tr>\n<tr>\n<td>V\u1eadt li\u1ec7u<\/td>\n<td>PVC<\/td>\n<\/tr>\n<tr>\n<td>K\u00edch c\u1ee1<\/td>\n<td>85,5 x54 mm \/ t\u00f9y ch\u1ec9nh<\/td>\n<\/tr>\n<tr>\n<td>D\u1ea3i t\u1eeb t\u00ednh<\/td>\n<td>\u0110\u1ea7u m\u00e1y 300 \/ Hico2750\/4000<\/td>\n<\/tr>\n<tr>\n<td>Ho\u00e0n thi\u1ec7n b\u1ec1 m\u1eb7t<\/td>\n<td>B\u00f3ng, M\u1edd, M\u1edd<\/td>\n<\/tr>\n<tr>\n<td>M\u00e3 h\u00f3a<\/td>\n<td>In m\u00e3 QR\/M\u00e3 Laser<\/td>\n<\/tr>\n<tr>\n<td>T\u00f9y ch\u1ecdn in<\/td>\n<td>In Offset CMYK\/In L\u1ee5a\/K\u1ef9 thu\u1eadt s\u1ed1<\/td>\n<\/tr>\n<\/tbody>\n<\/table>\n<\/div>\n<\/div>\n<p>C\u00e1c th\u00f4ng s\u1ed1 k\u1ef9 thu\u1eadt n\u00e0y l\u00e0m n\u1ed5i b\u1eadt t\u00ednh linh ho\u1ea1t v\u00e0 c\u00f4ng ngh\u1ec7 ti\u00ean ti\u1ebfn c\u1ee7a th\u1ebb, \u0111\u1ed3ng th\u1eddi thi\u1ebft k\u1ebf \u0111\u00e1p \u1ee9ng nhu c\u1ea7u c\u1ee7a c\u1ea3 ng\u01b0\u1eddi d\u00f9ng v\u00e0 ban qu\u1ea3n l\u00fd kh\u00e1ch s\u1ea1n.<\/p>\n<p>&nbsp;<\/p>\n<h3><span style=\"color: #333399;\"><strong>4. L\u1ee3i \u00edch c\u1ee7a vi\u1ec7c s\u1eed d\u1ee5ng th\u1ebb kh\u00e1ch s\u1ea1n RFID<\/strong><\/span><\/h3>\n<p><span style=\"color: #666699;\">T\u00edch h\u1ee3p c\u00e1c\u00a0<strong>Th\u1ebb kh\u00e1ch s\u1ea1n RFID MIFARE ISO14443A<\/strong>\u00a0v\u00e0o ho\u1ea1t \u0111\u1ed9ng c\u1ee7a kh\u00e1ch s\u1ea1n mang l\u1ea1i nhi\u1ec1u l\u1ee3i \u00edch. \u0110\u1ea7u ti\u00ean,\u00a0<strong>kh\u00f4ng ti\u1ebfp x\u00fac<\/strong>\u00a0c\u00f4ng ngh\u1ec7 n\u00e2ng cao tr\u1ea3i nghi\u1ec7m c\u1ee7a kh\u00e1ch, cho ph\u00e9p truy c\u1eadp nhanh ch\u00f3ng v\u00e0 d\u1ec5 d\u00e0ng v\u00e0o ph\u00f2ng v\u00e0 ti\u1ec7n nghi m\u00e0 kh\u00f4ng c\u1ea7n loay hoay v\u1edbi ch\u00eca kh\u00f3a truy\u1ec1n th\u1ed1ng. \u0110i\u1ec1u n\u00e0y gi\u00fap \u0111\u1ea9y nhanh qu\u00e1 tr\u00ecnh nh\u1eadn ph\u00f2ng, cu\u1ed1i c\u00f9ng d\u1eabn \u0111\u1ebfn s\u1ef1 h\u00e0i l\u00f2ng c\u1ee7a kh\u00e1ch \u0111\u01b0\u1ee3c c\u1ea3i thi\u1ec7n.<\/span><\/p>\n<p><span style=\"color: #666699;\">H\u01a1n n\u1eefa, c\u00f4ng ngh\u1ec7 RFID cho ph\u00e9p hi\u1ec7u qu\u1ea3\u00a0<strong>ki\u1ec3m so\u00e1t truy c\u1eadp<\/strong>\u00a0qu\u1ea3n l\u00fd. Nh\u00e2n vi\u00ean kh\u00e1ch s\u1ea1n c\u00f3 th\u1ec3 d\u1ec5 d\u00e0ng theo d\u00f5i c\u00e1c m\u1eabu s\u1eed d\u1ee5ng, \u0111\u1ea3m b\u1ea3o an ninh \u0111\u01b0\u1ee3c t\u0103ng c\u01b0\u1eddng \u0111\u1ed3ng th\u1eddi gi\u1ea3m thi\u1ec3u truy c\u1eadp tr\u00e1i ph\u00e9p. V\u1edbi c\u00e1c t\u00ednh n\u0103ng nh\u01b0\u00a0<strong>x\u00e1c th\u1ef1c l\u1eabn nhau<\/strong>, kh\u1ea3 n\u0103ng sao ch\u00e9p tr\u00e1i ph\u00e9p h\u1ea7u nh\u01b0 b\u1ecb lo\u1ea1i b\u1ecf.<\/span><\/p>\n<p>&nbsp;<\/p>\n<h2 style=\"text-align: center;\"><span style=\"color: #000080;\"><em><strong>C\u00e2u h\u1ecfi th\u01b0\u1eddng g\u1eb7p<\/strong><\/em><\/span><\/h2>\n<p><span style=\"color: #008080;\"><strong>1. Tu\u1ed5i th\u1ecd c\u1ee7a th\u1ebb kh\u00e1ch s\u1ea1n RFID l\u00e0 bao l\u00e2u?<\/strong><\/span><\/p>\n<p>Th\u1ebb c\u00f3 th\u1ec3 s\u1eed d\u1ee5ng \u0111\u01b0\u1ee3c nhi\u1ec1u n\u0103m trong \u0111i\u1ec1u ki\u1ec7n s\u1eed d\u1ee5ng b\u00ecnh th\u01b0\u1eddng nh\u1edd ch\u1ea5t li\u1ec7u PVC b\u1ec1n v\u00e0 kh\u1ea3 n\u0103ng ch\u1ed1ng ch\u1ecbu th\u1eddi ti\u1ebft.<\/p>\n<hr \/>\n<p><span style=\"color: #008080;\"><strong>2. Th\u1ebb c\u00f3 th\u1ec3 \u0111\u01b0\u1ee3c t\u00f9y ch\u1ec9nh theo th\u01b0\u01a1ng hi\u1ec7u c\u1ee7a ch\u00fang t\u00f4i kh\u00f4ng?<\/strong><\/span><\/p>\n<p>C\u00f3, b\u1ea1n c\u00f3 th\u1ec3 t\u00f9y ch\u1ec9nh th\u1ebb b\u1eb1ng logo v\u00e0 m\u00e0u s\u1eafc c\u1ee7a kh\u00e1ch s\u1ea1n b\u1eb1ng nhi\u1ec1u t\u00f9y ch\u1ecdn in \u1ea5n v\u00e0 ho\u00e0n thi\u1ec7n kh\u00e1c nhau.<\/p>\n<hr \/>\n<p><strong><span style=\"color: #008080;\">3. Th\u1ebb c\u00f3 t\u01b0\u01a1ng th\u00edch v\u1edbi h\u1ec7 th\u1ed1ng RFID hi\u1ec7n c\u00f3 kh\u00f4ng?<\/span><\/strong><\/p>\n<p>C\u00f3, n\u00f3 t\u01b0\u01a1ng th\u00edch v\u1edbi h\u1ea7u h\u1ebft c\u00e1c h\u1ec7 th\u1ed1ng ki\u1ec3m so\u00e1t truy c\u1eadp RFID s\u1eed d\u1ee5ng <strong>Giao th\u1ee9c ISO14443A<\/strong>.<\/p>","protected":false},"excerpt":{"rendered":"<p>Th\u1ebb kh\u00e1ch s\u1ea1n RFID MIFARE ISO14443A cung c\u1ea5p kh\u1ea3 n\u0103ng truy c\u1eadp kh\u00f4ng ti\u1ebfp x\u00fac, b\u1ea3o m\u1eadt n\u00e2ng cao v\u00e0 c\u00e1c t\u00f9y ch\u1ecdn t\u00f9y ch\u1ec9nh, l\u00fd t\u01b0\u1edfng cho nhu c\u1ea7u d\u1ecbch v\u1ee5 l\u01b0u tr\u00fa hi\u1ec7n \u0111\u1ea1i.<\/p>","protected":false},"featured_media":3354,"template":"","meta":[],"product_brand":[],"product_cat":[46],"product_tag":[],"class_list":{"0":"post-3353","1":"product","2":"type-product","3":"status-publish","4":"has-post-thumbnail","6":"product_cat-nfc-cards","8":"first","9":"instock","10":"shipping-taxable","11":"product-type-simple"},"_links":{"self":[{"href":"https:\/\/nfc-readers.com\/vi\/wp-json\/wp\/v2\/product\/3353","targetHints":{"allow":["GET"]}}],"collection":[{"href":"https:\/\/nfc-readers.com\/vi\/wp-json\/wp\/v2\/product"}],"about":[{"href":"https:\/\/nfc-readers.com\/vi\/wp-json\/wp\/v2\/types\/product"}],"wp:featuredmedia":[{"embeddable":true,"href":"https:\/\/nfc-readers.com\/vi\/wp-json\/wp\/v2\/media\/3354"}],"wp:attachment":[{"href":"https:\/\/nfc-readers.com\/vi\/wp-json\/wp\/v2\/media?parent=3353"}],"wp:term":[{"taxonomy":"product_brand","embeddable":true,"href":"https:\/\/nfc-readers.com\/vi\/wp-json\/wp\/v2\/product_brand?post=3353"},{"taxonomy":"product_cat","embeddable":true,"href":"https:\/\/nfc-readers.com\/vi\/wp-json\/wp\/v2\/product_cat?post=3353"},{"taxonomy":"product_tag","embeddable":true,"href":"https:\/\/nfc-readers.com\/vi\/wp-json\/wp\/v2\/product_tag?post=3353"}],"curies":[{"name":"wp","href":"https:\/\/api.w.org\/{rel}","templated":true}]}}