{"id":3358,"date":"2024-11-01T12:11:45","date_gmt":"2024-11-01T12:11:45","guid":{"rendered":"https:\/\/nfc-readers.com\/?post_type=product&#038;p=3358"},"modified":"2024-11-04T08:58:59","modified_gmt":"2024-11-04T08:58:59","slug":"pvc-logo-printed-custom-nfc-business-card-ntag-213-215-216","status":"publish","type":"product","link":"https:\/\/nfc-readers.com\/vi\/ic-reader\/pvc-logo-printed-custom-nfc-business-card-ntag-213-215-216\/","title":{"rendered":"Danh thi\u1ebfp t\u00f9y ch\u1ec9nh NFC in logo PVC Ntag 213 215 216"},"content":{"rendered":"<h1><span style=\"color: #000080;\"><strong>Danh thi\u1ebfp t\u00f9y ch\u1ec9nh NFC in logo PVC Ntag 213 215 216<\/strong><\/span><\/h1>\n<div class=\"message-item-outer relative px-4 mb-2\" data-id=\"d4923133-af33-4007-ab47-519a94928ef7\">\n<div class=\"content-area pl-[0px]\">\n<div class=\"message-item select-text relative\">\n<div class=\"message-inner relative\">\n<div class=\"py-[2px]\">\n<div class=\"flex flex-col gap-2\">\n<div class=\"answer-markdown-box overflow-x-auto select-text custom-scrollbar\">\n<div class=\"markdown-body\">\n<p><span style=\"color: #666699;\">Trong th\u1eddi \u0111\u1ea1i k\u1ef9 thu\u1eadt s\u1ed1 ng\u00e0y nay, Th\u1ebb kinh doanh NFC t\u00f9y ch\u1ec9nh in logo PVC Ntag213215216 l\u00e0 gi\u1ea3i ph\u00e1p mang t\u00ednh c\u00e1ch m\u1ea1ng cho m\u1ea1ng l\u01b0\u1edbi v\u00e0 t\u01b0\u01a1ng t\u00e1c kinh doanh. Nh\u1eefng th\u1ebb th\u00f4ng minh n\u00e0y kh\u00f4ng ch\u1ec9 mang \u0111\u1ebfn n\u00e9t hi\u1ec7n \u0111\u1ea1i m\u00e0 c\u00f2n mang \u0111\u1ebfn s\u1ef1 ti\u1ec7n l\u1ee3i v\u00e0 hi\u1ec7u qu\u1ea3. V\u1edbi c\u00f4ng ngh\u1ec7 NFC t\u00edch h\u1ee3p, ch\u00fang cho ph\u00e9p giao ti\u1ebfp kh\u00f4ng ti\u1ebfp x\u00fac li\u1ec1n m\u1ea1ch gi\u1eefa c\u00e1c thi\u1ebft b\u1ecb. Cho d\u00f9 b\u1ea1n l\u00e0 m\u1ed9t chuy\u00ean gia kinh doanh mu\u1ed1n \u0111\u1ec3 l\u1ea1i \u1ea5n t\u01b0\u1ee3ng l\u00e2u d\u00e0i hay m\u1ed9t c\u00f4ng ty mu\u1ed1n n\u00e2ng cao kh\u1ea3 n\u0103ng hi\u1ec3n th\u1ecb th\u01b0\u01a1ng hi\u1ec7u, th\u00ec th\u1ebb s\u00e1ng t\u1ea1o n\u00e0y s\u1ebd \u0111\u00e1p \u1ee9ng nhu c\u1ea7u c\u1ee7a b\u1ea1n m\u1ed9t c\u00e1ch ho\u00e0n h\u1ea3o.<\/span><\/p>\n<p>&nbsp;<\/p>\n<h2 style=\"text-align: center;\"><span style=\"color: #000080;\"><strong>S\u01a1 l\u01b0\u1ee3c s\u1ea3n ph\u1ea9m<\/strong><\/span><\/h2>\n<h3><span style=\"color: #333399;\"><strong>1. Th\u00f4ng s\u1ed1 k\u1ef9 thu\u1eadt ch\u00ednh c\u1ee7a danh thi\u1ebfp NFC<\/strong><\/span><\/h3>\n<div class=\"table-with-header rounded-lg border border-solid border-grey-line2-normal w-fit max-w-full mb-2\">\n<div class=\"overflow-x-auto custom-scrollbar custom-scrollbar-float max-w-full\">\n<table class=\"w-fit !mb-0 !max-w-none\">\n<thead>\n<tr>\n<th><strong>\u0110\u1eb7c \u0111i\u1ec3m k\u1ef9 thu\u1eadt<\/strong><\/th>\n<th><strong>Gi\u00e1 tr\u1ecb<\/strong><\/th>\n<\/tr>\n<\/thead>\n<tbody>\n<tr>\n<td>Chip<\/td>\n<td>Ntag213\/T\u00f9y ch\u1ec9nh<\/td>\n<\/tr>\n<tr>\n<td>T\u00ednh th\u01b0\u1eddng xuy\u00ean<\/td>\n<td>13,56MHz<\/td>\n<\/tr>\n<tr>\n<td>V\u1eadt li\u1ec7u<\/td>\n<td>PVC\/V\u1eadt li\u1ec7u kh\u00e1c<\/td>\n<\/tr>\n<tr>\n<td>K\u00edch c\u1ee1<\/td>\n<td>85,5 x54 mm \/ T\u00f9y ch\u1ec9nh<\/td>\n<\/tr>\n<tr>\n<td>Ch\u1ed1ng th\u1ea5m n\u01b0\u1edbc\/Ch\u1ed1ng ch\u1ecbu th\u1eddi ti\u1ebft<\/td>\n<td>\u0110\u00fang<\/td>\n<\/tr>\n<tr>\n<td>T\u00f9y ch\u1ecdn in<\/td>\n<td>In CMYK4C\/Offset\/L\u1ee5a<\/td>\n<\/tr>\n<tr>\n<td>Ho\u00e0n thi\u1ec7n b\u1ec1 m\u1eb7t<\/td>\n<td>B\u00f3ng\/M\u1edd\/M\u1edd<\/td>\n<\/tr>\n<tr>\n<td>Ph\u01b0\u01a1ng th\u1ee9c giao ti\u1ebfp<\/td>\n<td>NFC<\/td>\n<\/tr>\n<tr>\n<td>Ngu\u1ed3n g\u1ed1c<\/td>\n<td>Qu\u1ea3ng \u0110\u00f4ng, Trung Qu\u1ed1c<\/td>\n<\/tr>\n<\/tbody>\n<\/table>\n<\/div>\n<\/div>\n<p>B\u1ea3ng th\u00f4ng s\u1ed1 k\u1ef9 thu\u1eadt chi ti\u1ebft n\u00e0y l\u00e0m n\u1ed5i b\u1eadt c\u00f4ng ngh\u1ec7 m\u1ea1nh m\u1ebd v\u00e0 t\u00ednh linh ho\u1ea1t c\u1ee7a danh thi\u1ebfp NFC, \u0111\u1ea3m b\u1ea3o \u0111\u1ed9 b\u1ec1n v\u00e0 ch\u1ee9c n\u0103ng.<\/p>\n<p>&nbsp;<\/p>\n<h3><span style=\"color: #333399;\"><strong>2. T\u00f9y ch\u1ecdn c\u00e1 nh\u00e2n h\u00f3a<\/strong><\/span><\/h3>\n<p>T\u00f9y ch\u1ec9nh c\u1ee7a b\u1ea1n <strong>Th\u1ebb kinh doanh NFC<\/strong>\u00a0r\u1ea5t quan tr\u1ecdng \u0111\u1ed1i v\u1edbi nh\u1eadn di\u1ec7n th\u01b0\u01a1ng hi\u1ec7u. Th\u1ebb n\u00e0y cung c\u1ea5p:<\/p>\n<ul>\n<li><strong>Logo v\u00e0 m\u00e0u s\u1eafc t\u00f9y ch\u1ec9nh:<\/strong>\u00a0B\u1ea1n c\u00f3 th\u1ec3 th\u00eam logo v\u00e0 m\u00e0u s\u1eafc c\u1ee7a m\u00ecnh \u0111\u1ec3 t\u1ea1o ra m\u1ed9t thi\u1ebft k\u1ebf \u0111\u00e1ng nh\u1edb ph\u1ea3n \u00e1nh th\u01b0\u01a1ng hi\u1ec7u c\u1ee7a b\u1ea1n.<\/li>\n<li><strong>Ho\u00e0n thi\u1ec7n \u0111\u1eb7c bi\u1ec7t:<\/strong>\u00a0Ch\u1ecdn l\u1edbp ho\u00e0n thi\u1ec7n b\u00f3ng, m\u1edd ho\u1eb7c m\u1edd \u0111\u1ec3 t\u0103ng th\u00eam v\u1ebb \u0111\u1eb9p v\u00e0 c\u1ea3m nh\u1eadn cho t\u1ea5m thi\u1ec7p c\u1ee7a b\u1ea1n.<\/li>\n<li><strong>K\u1ef9 thu\u1eadt in \u0111\u1ed9c \u0111\u00e1o:<\/strong>\u00a0C\u00e1c t\u00f9y ch\u1ecdn nh\u01b0 m\u00e3 h\u00f3a b\u1eb1ng laser, m\u1ef1c UV v\u00e0 d\u1eadp n\u1ed5i cho ph\u00e9p t\u1ea1o ra c\u00e1c thi\u1ebft k\u1ebf ph\u1ee9c t\u1ea1p, gi\u00fap danh thi\u1ebfp c\u1ee7a b\u1ea1n n\u1ed5i b\u1eadt.<\/li>\n<\/ul>\n<p>&nbsp;<\/p>\n<h3><span style=\"color: #333399;\"><strong>3. T\u00ednh n\u0103ng k\u1ef9 thu\u1eadt v\u00e0 kh\u1ea3 n\u0103ng t\u01b0\u01a1ng th\u00edch<\/strong><\/span><\/h3>\n<p>Hi\u1ec3u c\u00e1c kh\u00eda c\u1ea1nh k\u1ef9 thu\u1eadt c\u1ee7a\u00a0<strong>Danh thi\u1ebfp NFC t\u00f9y ch\u1ec9nh in logo PVC<\/strong>\u00a0r\u1ea5t quan tr\u1ecdng \u0111\u1ec3 s\u1eed d\u1ee5ng hi\u1ec7u qu\u1ea3 trong ho\u1ea1t \u0111\u1ed9ng kinh doanh c\u1ee7a b\u1ea1n:<\/p>\n<ul>\n<li><strong>Giao ti\u1ebfp kh\u00f4ng ti\u1ebfp x\u00fac:<\/strong>\u00a0Th\u1ebb d\u00ednh ch\u1eb7t v\u00e0o\u00a0<strong>Giao th\u1ee9c ISO14443A<\/strong>, \u0111\u1ea3m b\u1ea3o kh\u1ea3 n\u0103ng t\u01b0\u01a1ng th\u00edch v\u1edbi h\u1ea7u h\u1ebft c\u00e1c \u0111\u1ea7u \u0111\u1ecdc th\u1ebb v\u00e0 \u0111i\u1ec7n tho\u1ea1i th\u00f4ng minh.<\/li>\n<li><strong>Trao \u0111\u1ed5i th\u00f4ng tin an to\u00e0n:<\/strong>\u00a0V\u1edbi thu\u1eadt to\u00e1n m\u00e3 h\u00f3a m\u1ea1nh m\u1ebd, d\u1eef li\u1ec7u c\u1ee7a b\u1ea1n v\u1eabn an to\u00e0n khi chia s\u1ebb qua th\u1ebb.<\/li>\n<li><strong>\u0110\u1ed9 b\u1ec1n:<\/strong>\u00a0\u0110\u01b0\u1ee3c l\u00e0m t\u1eeb nh\u1ef1a PVC ch\u1ea5t l\u01b0\u1ee3ng cao, th\u1ebb c\u00f3 kh\u1ea3 n\u0103ng ch\u1ed1ng th\u1ea5m n\u01b0\u1edbc v\u00e0 ch\u1ecbu \u0111\u01b0\u1ee3c th\u1eddi ti\u1ebft, \u0111\u1ea3m b\u1ea3o c\u00f3 th\u1ec3 ch\u1ecbu \u0111\u01b0\u1ee3c m\u1ecdi ho\u1ea1t \u0111\u1ed9ng s\u1eed d\u1ee5ng h\u00e0ng ng\u00e0y.<\/li>\n<\/ul>\n<p>&nbsp;<\/p>\n<h2 style=\"text-align: center;\"><span style=\"color: #000080;\"><strong>T\u00e1c \u0111\u1ed9ng m\u00f4i tr\u01b0\u1eddng<\/strong><\/span><\/h2>\n<p>Chuy\u1ec3n sang <strong>Th\u1ebb kinh doanh NFC<\/strong>\u00a0kh\u00f4ng ch\u1ec9 c\u00f3 l\u1ee3i cho h\u00ecnh \u1ea3nh chuy\u00ean nghi\u1ec7p c\u1ee7a b\u1ea1n m\u00e0 c\u00f2n h\u1ed7 tr\u1ee3 c\u00e1c ho\u1ea1t \u0111\u1ed9ng kinh doanh b\u1ec1n v\u1eefng.<\/p>\n<ul>\n<li><strong>Gi\u1ea3m s\u1eed d\u1ee5ng gi\u1ea5y:<\/strong>\u00a0B\u1eb1ng c\u00e1ch s\u1eed d\u1ee5ng c\u00f4ng ngh\u1ec7 NFC, b\u1ea1n g\u00f3p ph\u1ea7n gi\u1ea3m l\u01b0\u1ee3ng kh\u00ed th\u1ea3i carbon.<\/li>\n<li><strong>\u0110\u1ed9 b\u1ec1n:<\/strong>\u00a0V\u1edbi v\u00f2ng \u0111\u1eddi d\u00e0i h\u01a1n so v\u1edbi th\u1ebb truy\u1ec1n th\u1ed1ng, ch\u00fang s\u1ebd gi\u1ea3m thi\u1ec3u ch\u1ea5t th\u1ea3i theo th\u1eddi gian.<\/li>\n<\/ul>\n<p>&nbsp;<\/p>\n<h2 style=\"text-align: center;\"><span style=\"color: #000080;\"><strong>\u0110\u00e1nh gi\u00e1 v\u00e0 l\u1eddi ch\u1ee9ng th\u1ef1c c\u1ee7a kh\u00e1ch h\u00e0ng<\/strong><\/span><\/h2>\n<p>Ph\u1ea3n h\u1ed3i t\u00edch c\u1ef1c c\u1ee7a kh\u00e1ch h\u00e0ng ch\u1ee9ng minh t\u00ednh hi\u1ec7u qu\u1ea3 v\u00e0 \u0111\u1ed9 tin c\u1eady c\u1ee7a Danh thi\u1ebfp NFC t\u00f9y ch\u1ec9nh in logo PVC. Nhi\u1ec1u ng\u01b0\u1eddi d\u00f9ng l\u01b0u \u00fd:<\/p>\n<ul>\n<li><strong>C\u01a1 h\u1ed9i m\u1edf r\u1ed9ng m\u1ea1ng l\u01b0\u1edbi:<\/strong>\u00a0Ng\u01b0\u1eddi d\u00f9ng \u0111\u00e3 chia s\u1ebb nh\u1eefng c\u00e2u chuy\u1ec7n v\u1ec1 c\u00e1ch nh\u1eefng t\u1ea5m th\u1ebb n\u00e0y gi\u00fap k\u1ebft n\u1ed1i d\u1ec5 d\u00e0ng h\u01a1n.<\/li>\n<li><strong>Kh\u00e1ch h\u00e0ng \u1ea5n t\u01b0\u1ee3ng:<\/strong>\u00a0C\u00e1c doanh nghi\u1ec7p \u0111\u00e3 b\u00e1o c\u00e1o r\u1eb1ng kh\u00e1ch h\u00e0ng ti\u1ec1m n\u0103ng th\u01b0\u1eddng ng\u1ea1c nhi\u00ean tr\u01b0\u1edbc b\u1ea3n ch\u1ea5t s\u00e1ng t\u1ea1o c\u1ee7a c\u00f4ng ngh\u1ec7 NFC.<\/li>\n<\/ul>\n<p>&nbsp;<\/p>\n<h2 style=\"text-align: center;\"><span style=\"color: #000080;\"><strong>C\u00e2u h\u1ecfi th\u01b0\u1eddng g\u1eb7p<\/strong><\/span><\/h2>\n<p><span style=\"color: #008080;\"><strong>C\u00e2u h\u1ecfi 1: Nh\u1eefng th\u1ebb n\u00e0y c\u00f3 t\u01b0\u01a1ng th\u00edch v\u1edbi c\u1ea3 thi\u1ebft b\u1ecb iOS v\u00e0 Android kh\u00f4ng?<\/strong><\/span><\/p>\n<\/div>\n<\/div>\n<\/div>\n<\/div>\n<\/div>\n<\/div>\n<\/div>\n<\/div>\n<div class=\"message-item-outer relative px-4 mb-2\" data-id=\"a0d48a34-bc73-4dbc-bdef-014d374b33ed\">\n<div class=\"content-area pl-[0px]\">\n<div class=\"message-item select-text relative\">\n<div class=\"message-inner relative\">\n<div class=\"py-[2px]\">\n<div class=\"flex flex-col gap-2\">\n<div class=\"answer-markdown-box overflow-x-auto select-text custom-scrollbar\">\n<div class=\"markdown-body\">\n<p><strong>A1:<\/strong>\u00a0C\u00f3, Danh thi\u1ebfp NFC t\u00f9y ch\u1ec9nh in logo PVC t\u01b0\u01a1ng th\u00edch v\u1edbi c\u1ea3 thi\u1ebft b\u1ecb iOS v\u00e0 Android h\u1ed7 tr\u1ee3 c\u00f4ng ngh\u1ec7 NFC. \u0110i\u1ec1u n\u00e0y \u0111\u1ea3m b\u1ea3o r\u1eb1ng b\u1ea1n c\u00f3 th\u1ec3 k\u1ebft n\u1ed1i li\u1ec1n m\u1ea1ch v\u1edbi nhi\u1ec1u ng\u01b0\u1eddi d\u00f9ng, b\u1ea5t k\u1ec3 th\u01b0\u01a1ng hi\u1ec7u \u0111i\u1ec7n tho\u1ea1i th\u00f4ng minh c\u1ee7a h\u1ecd.<\/p>\n<hr \/>\n<p><span style=\"color: #008080;\"><strong>C\u00e2u h\u1ecfi 2: L\u00e0m th\u1ebf n\u00e0o \u0111\u1ec3 l\u1eadp tr\u00ecnh ho\u1eb7c l\u1eadp tr\u00ecnh l\u1ea1i th\u1ebb NFC?<\/strong><\/span><\/p>\n<p><strong>A2:<\/strong>\u00a0C\u00f3 th\u1ec3 l\u1eadp tr\u00ecnh v\u00e0 l\u1eadp tr\u00ecnh l\u1ea1i th\u1ebb NFC c\u1ee7a b\u1ea1n b\u1eb1ng \u0111i\u1ec7n tho\u1ea1i th\u00f4ng minh h\u1ed7 tr\u1ee3 NFC ho\u1eb7c thi\u1ebft b\u1ecb ghi NFC. Ch\u1ec9 c\u1ea7n t\u1ea3i xu\u1ed1ng \u1ee9ng d\u1ee5ng ghi NFC, gi\u1eef th\u1ebb NFC g\u1ea7n thi\u1ebft b\u1ecb v\u00e0 l\u00e0m theo l\u1eddi nh\u1eafc c\u1ee7a \u1ee9ng d\u1ee5ng \u0111\u1ec3 nh\u1eadp th\u00f4ng tin mong mu\u1ed1n.<\/p>\n<hr \/>\n<p><strong><span style=\"color: #008080;\">C\u00e2u h\u1ecfi 3: T\u00f4i c\u00f3 th\u1ec3 s\u1eed d\u1ee5ng nh\u1eefng lo\u1ea1i th\u1ebb n\u00e0y \u0111\u1ec3 thanh to\u00e1n kh\u00f4ng?<\/span><\/strong><\/p>\n<p><strong>A3:<\/strong>\u00a0Trong khi danh thi\u1ebfp NFC ch\u1ee7 y\u1ebfu \u0111\u01b0\u1ee3c thi\u1ebft k\u1ebf \u0111\u1ec3 chia s\u1ebb th\u00f4ng tin, ch\u00fang c\u00f3 th\u1ec3 \u0111\u01b0\u1ee3c c\u1ea5u h\u00ecnh \u0111\u1ec3 li\u00ean k\u1ebft v\u1edbi c\u00e1c \u1ee9ng d\u1ee5ng thanh to\u00e1n di \u0111\u1ed9ng. Tuy nhi\u00ean, ch\u00fang kh\u00f4ng c\u00f3 t\u00ednh n\u0103ng x\u1eed l\u00fd thanh to\u00e1n nh\u01b0 th\u1ebb thanh to\u00e1n chuy\u00ean d\u1ee5ng.<\/p>\n<hr \/>\n<h3><\/h3>\n<h2 style=\"text-align: center;\"><span style=\"color: #000080;\"><strong>B\u1ea1n \u0111\u00e3 s\u1eb5n s\u00e0ng n\u00e2ng cao tr\u1ea3i nghi\u1ec7m k\u1ebft n\u1ed1i c\u1ee7a m\u00ecnh ch\u01b0a?<\/strong><\/span><\/h2>\n<p>Chuy\u1ec3n \u0111\u1ed5i c\u00e1c t\u01b0\u01a1ng t\u00e1c chuy\u00ean nghi\u1ec7p c\u1ee7a b\u1ea1n v\u1edbi\u00a0<strong>Danh thi\u1ebfp NFC t\u00f9y ch\u1ec9nh in logo PVC<\/strong>. \u0110\u1ec3 kh\u00e1m ph\u00e1 th\u00eam v\u1ec1 s\u1ea3n ph\u1ea9m c\u1ee7a ch\u00fang t\u00f4i ho\u1eb7c \u0111\u1ec3 \u0111\u1eb7t h\u00e0ng,\u00a0<a href=\"\/\/dhoenijjpgpeimemopealfcbiecgceod\/sidepanel.html#\" target=\"_blank\" rel=\"noopener\">nh\u1ea5p v\u00e0o \u0111\u00e2y<\/a>\u00a0\u0111\u1ec3 \u0111i\u1ec1n v\u00e0o m\u1eabu y\u00eau c\u1ea7u c\u1ee7a ch\u00fang t\u00f4i. Gi\u1ea3i ph\u00e1p m\u1ea1ng hi\u1ec7n \u0111\u1ea1i c\u1ee7a b\u1ea1n \u0111ang ch\u1edd \u0111\u1ee3i!\u0110\u1ec3 bi\u1ebft th\u00eam th\u00f4ng tin v\u1ec1 c\u00f4ng ngh\u1ec7 NFC, h\u00e3y truy c\u1eadp\u00a0<a href=\"\/\/dhoenijjpgpeimemopealfcbiecgceod\/sidepanel.html#\" target=\"_blank\" rel=\"noopener\">T\u00e0i nguy\u00ean NFC<\/a>\u00a0trang, ho\u1eb7c \u0111\u1ecdc v\u1ec1\u00a0<strong>s\u1ef1 ph\u00e1t tri\u1ec3n c\u1ee7a c\u00f4ng ngh\u1ec7 MIFARE<\/strong>\u00a0trong kinh doanh ng\u00e0y nay\u00a0<a href=\"\/\/dhoenijjpgpeimemopealfcbiecgceod\/sidepanel.html#\" target=\"_blank\" rel=\"noopener\">\u0111\u00e2y<\/a>. H\u00e3y t\u1ef1 tin \u0111\u00f3n nh\u1eadn t\u01b0\u01a1ng lai c\u1ee7a truy\u1ec1n th\u00f4ng!<\/p>\n<\/div>\n<\/div>\n<\/div>\n<\/div>\n<\/div>\n<\/div>\n<\/div>\n<\/div>","protected":false},"excerpt":{"rendered":"<p>Kh\u00e1m ph\u00e1 Danh thi\u1ebfp NFC t\u00f9y ch\u1ec9nh in logo PVC, m\u1ed9t gi\u1ea3i ph\u00e1p hi\u1ec7n \u0111\u1ea1i cho m\u1ea1ng l\u01b0\u1edbi k\u1ebft n\u1ed1i li\u1ec1n m\u1ea1ch. N\u00e2ng t\u1ea7m th\u01b0\u01a1ng hi\u1ec7u c\u1ee7a b\u1ea1n b\u1eb1ng c\u00f4ng ngh\u1ec7 kh\u00f4ng ti\u1ebfp x\u00fac \u0111\u01b0\u1ee3c c\u00e1 nh\u00e2n h\u00f3a.<\/p>","protected":false},"featured_media":3350,"template":"","meta":[],"product_brand":[],"product_cat":[46],"product_tag":[],"class_list":{"0":"post-3358","1":"product","2":"type-product","3":"status-publish","4":"has-post-thumbnail","6":"product_cat-nfc-cards","8":"first","9":"instock","10":"shipping-taxable","11":"product-type-simple"},"_links":{"self":[{"href":"https:\/\/nfc-readers.com\/vi\/wp-json\/wp\/v2\/product\/3358","targetHints":{"allow":["GET"]}}],"collection":[{"href":"https:\/\/nfc-readers.com\/vi\/wp-json\/wp\/v2\/product"}],"about":[{"href":"https:\/\/nfc-readers.com\/vi\/wp-json\/wp\/v2\/types\/product"}],"wp:featuredmedia":[{"embeddable":true,"href":"https:\/\/nfc-readers.com\/vi\/wp-json\/wp\/v2\/media\/3350"}],"wp:attachment":[{"href":"https:\/\/nfc-readers.com\/vi\/wp-json\/wp\/v2\/media?parent=3358"}],"wp:term":[{"taxonomy":"product_brand","embeddable":true,"href":"https:\/\/nfc-readers.com\/vi\/wp-json\/wp\/v2\/product_brand?post=3358"},{"taxonomy":"product_cat","embeddable":true,"href":"https:\/\/nfc-readers.com\/vi\/wp-json\/wp\/v2\/product_cat?post=3358"},{"taxonomy":"product_tag","embeddable":true,"href":"https:\/\/nfc-readers.com\/vi\/wp-json\/wp\/v2\/product_tag?post=3358"}],"curies":[{"name":"wp","href":"https:\/\/api.w.org\/{rel}","templated":true}]}}