{"id":3365,"date":"2024-11-01T14:47:51","date_gmt":"2024-11-01T14:47:51","guid":{"rendered":"https:\/\/nfc-readers.com\/?post_type=product&#038;p=3365"},"modified":"2024-11-01T15:00:46","modified_gmt":"2024-11-01T15:00:46","slug":"custom-read-write-flexible-ntag213-215-216-epoxy-nfc-tag","status":"publish","type":"product","link":"https:\/\/nfc-readers.com\/vi\/ic-reader\/custom-read-write-flexible-ntag213-215-216-epoxy-nfc-tag\/","title":{"rendered":"Th\u1ebb NFC Epoxy NTAG213 215 216 m\u1ec1m d\u1ebbo \u0111\u1ecdc-ghi t\u00f9y ch\u1ec9nh"},"content":{"rendered":"<h1 style=\"text-align: center;\"><strong>Th\u1ebb NFC Epoxy NTAG213 215 216 m\u1ec1m d\u1ebbo \u0111\u1ecdc-ghi t\u00f9y ch\u1ec9nh<\/strong><\/h1>\n<p>&nbsp;<\/p>\n<p>Trong th\u1ebf gi\u1edbi k\u1ef9 thu\u1eadt s\u1ed1 ph\u00e1t tri\u1ec3n nhanh ch\u00f3ng ng\u00e0y nay, c\u00f4ng ngh\u1ec7 NFC (Giao ti\u1ebfp tr\u01b0\u1eddng g\u1ea7n) \u0111ang c\u00e1ch m\u1ea1ng h\u00f3a c\u00e1ch ch\u00fang ta t\u01b0\u01a1ng t\u00e1c v\u1edbi c\u00e1c thi\u1ebft b\u1ecb, chia s\u1ebb th\u00f4ng tin v\u00e0 k\u1ebft n\u1ed1i v\u1edbi ng\u01b0\u1eddi ti\u00eau d\u00f9ng. <strong>Th\u1ebb NFC Epoxy NTAG213\/215\/216 m\u1ec1m d\u1ebbo t\u00f9y ch\u1ec9nh \u0111\u1ecdc-ghi<\/strong>\u00a0l\u00e0 s\u1ea3n ph\u1ea9m s\u00e1ng t\u1ea1o \u0111\u01b0\u1ee3c thi\u1ebft k\u1ebf \u0111\u1ec3 n\u00e2ng cao kh\u1ea3 n\u0103ng giao ti\u1ebfp c\u1ee7a b\u1ea1n trong khi v\u1eabn linh ho\u1ea1t v\u00e0 d\u1ec5 s\u1eed d\u1ee5ng. V\u1edbi kh\u1ea3 n\u0103ng ch\u1ed1ng th\u1ea5m n\u01b0\u1edbc, c\u00e1c t\u00ednh n\u0103ng t\u00f9y ch\u1ec9nh v\u00e0 nhi\u1ec1u \u1ee9ng d\u1ee5ng, th\u1ebb NFC n\u00e0y n\u1ed5i b\u1eadt l\u00e0 l\u1ef1a ch\u1ecdn h\u00e0ng \u0111\u1ea7u cho c\u1ea3 doanh nghi\u1ec7p v\u00e0 c\u00e1 nh\u00e2n.<\/p>\n<p>B\u1eb1ng c\u00e1ch khai th\u00e1c s\u1ee9c m\u1ea1nh c\u1ee7a NFC, b\u1ea1n c\u00f3 th\u1ec3 \u0111\u01a1n gi\u1ea3n h\u00f3a t\u01b0\u01a1ng t\u00e1c, t\u0103ng hi\u1ec7u qu\u1ea3 v\u00e0 thu h\u00fat ng\u01b0\u1eddi d\u00f9ng tr\u1ef1c ti\u1ebfp. Cho d\u00f9 b\u1ea1n \u0111ang t\u00ecm ki\u1ebfm th\u1ebb NFC \u0111\u1ec3 chia s\u1ebb ph\u01b0\u01a1ng ti\u1ec7n truy\u1ec1n th\u00f4ng x\u00e3 h\u1ed9i hay \u0111\u1ec3 t\u1ea1o ra c\u00e1c gi\u1ea3i ph\u00e1p th\u00f4ng minh, s\u1ea3n ph\u1ea9m n\u00e0y cung c\u1ea5p s\u1ef1 k\u1ebft h\u1ee3p ho\u00e0n h\u1ea3o gi\u1eefa ch\u1ee9c n\u0103ng v\u00e0 s\u1ef1 ti\u1ec7n l\u1ee3i. C\u1ea3i thi\u1ec7n hi\u1ec7u qu\u1ea3 ho\u1ea1t \u0111\u1ed9ng v\u00e0 s\u1ef1 tham gia c\u1ee7a ng\u01b0\u1eddi d\u00f9ng b\u1eb1ng c\u00e1ch k\u1ebft h\u1ee3p nh\u1eefng \u0111i\u1ec1u n\u00e0y <strong>Th\u1ebb NFC<\/strong>\u00a0v\u00e0o chi\u1ebfn l\u01b0\u1ee3c c\u1ee7a b\u1ea1n ngay h\u00f4m nay!<\/p>\n<p>&nbsp;<\/p>\n<h3><strong>C\u00e1c t\u00ednh n\u0103ng \u0111\u1eb7c bi\u1ec7t c\u1ee7a th\u1ebb NFC Epoxy NTAG213\/215\/216<\/strong><\/h3>\n<p>C\u00e1c\u00a0<strong>Th\u1ebb NFC Epoxy NTAG213\/215\/216 m\u1ec1m d\u1ebbo t\u00f9y ch\u1ec9nh \u0111\u1ecdc-ghi<\/strong>\u00a0\u0111\u01b0\u1ee3c trang b\u1ecb r\u1ea5t nhi\u1ec1u\u00a0<strong>t\u00ednh n\u0103ng \u0111\u1eb7c bi\u1ec7t<\/strong>\u00a0\u0111i\u1ec1u n\u00e0y gi\u00fap n\u00f3 kh\u00e1c bi\u1ec7t so v\u1edbi th\u1ebb NFC ti\u00eau chu\u1ea9n.<\/p>\n<ul>\n<li><strong>Ch\u1ed1ng th\u1ea5m n\u01b0\u1edbc\/Ch\u1ed1ng ch\u1ecbu th\u1eddi ti\u1ebft:<\/strong>\u00a0C\u00e1c th\u1ebb NFC n\u00e0y \u0111\u01b0\u1ee3c ch\u1ebf t\u1ea1o b\u1eb1ng v\u1eadt li\u1ec7u \u0111\u1ea3m b\u1ea3o \u0111\u1ed9 b\u1ec1n v\u00e0 ch\u1ee9c n\u0103ng trong nhi\u1ec1u \u0111i\u1ec1u ki\u1ec7n m\u00f4i tr\u01b0\u1eddng kh\u00e1c nhau. Cho d\u00f9 s\u1eed d\u1ee5ng trong nh\u00e0 hay ngo\u00e0i tr\u1eddi, ch\u00fang \u0111\u1ec1u ch\u1ed1ng \u1ea9m v\u00e0 \u0111\u01b0\u1ee3c ch\u1ebf t\u1ea1o \u0111\u1ec3 ch\u1ecbu \u0111\u01b0\u1ee3c s\u1ef1 kh\u1eafc nghi\u1ec7t c\u1ee7a nhi\u1ec1u lo\u1ea1i kh\u00ed h\u1eadu kh\u00e1c nhau.<\/li>\n<li><strong>K\u00edch th\u01b0\u1edbc v\u00e0 h\u00ecnh th\u1ee9c c\u00f3 th\u1ec3 t\u00f9y ch\u1ec9nh:<\/strong>\u00a0C\u00f3 s\u1eb5n trong m\u1ed9t k\u00edch th\u01b0\u1edbc ti\u00eau chu\u1ea9n c\u1ee7a\u00a0<strong>25mm<\/strong>, v\u1edbi c\u00e1c t\u00f9y ch\u1ecdn \u0111\u1ec3 t\u00f9y ch\u1ec9nh, nh\u1eefng\u00a0<strong>Nh\u00e3n d\u00e1n NFC<\/strong>\u00a0c\u00f3 th\u1ec3 \u0111\u01b0\u1ee3c \u0111i\u1ec1u ch\u1ec9nh \u0111\u1ec3 \u0111\u00e1p \u1ee9ng c\u00e1c y\u00eau c\u1ea7u c\u1ee5 th\u1ec3 c\u1ee7a d\u1ef1 \u00e1n ho\u1eb7c nhu c\u1ea7u x\u00e2y d\u1ef1ng th\u01b0\u01a1ng hi\u1ec7u.<\/li>\n<li><strong>T\u00f9y ch\u1ecdn b\u1ed9 nh\u1edb c\u00f3 th\u1ec3 ghi l\u1ea1i:<\/strong>\u00a0T\u00f9y thu\u1ed9c v\u00e0o lo\u1ea1i chip \u0111\u01b0\u1ee3c ch\u1ecdn, b\u1ed9 nh\u1edb c\u00f3 th\u1ec3 dao \u0111\u1ed9ng t\u1eeb\u00a0<strong>144 \u0111\u1ebfn 888 Byte<\/strong>, cho ph\u00e9p ng\u01b0\u1eddi d\u00f9ng l\u01b0u tr\u1eef th\u00f4ng tin c\u1ea7n thi\u1ebft, ch\u1eb3ng h\u1ea1n nh\u01b0 URL, th\u00f4ng tin li\u00ean h\u1ec7 ho\u1eb7c d\u1eef li\u1ec7u \u1ee9ng d\u1ee5ng. \u0110i\u1ec1u n\u00e0y cho ph\u00e9p\u00a0<strong>th\u1ebb NFC c\u00f3 th\u1ec3 ghi l\u1ea1i<\/strong>\u00a0c\u00f3 th\u1ec3 s\u1eed d\u1ee5ng l\u1ea1i cho c\u00e1c chi\u1ebfn d\u1ecbch v\u00e0 \u1ee9ng d\u1ee5ng kh\u00e1c nhau khi c\u1ea7n thi\u1ebft.<\/li>\n<\/ul>\n<p>Trong b\u1ed1i c\u1ea3nh k\u1ef9 thu\u1eadt s\u1ed1, n\u01a1i th\u00f4ng tin li\u00ean t\u1ee5c \u0111\u01b0\u1ee3c c\u1eadp nh\u1eadt, vi\u1ec7c c\u00f3 c\u00e1c t\u00f9y ch\u1ecdn linh ho\u1ea1t v\u00e0 c\u00f3 th\u1ec3 t\u00f9y ch\u1ec9nh l\u00e0 v\u00f4 c\u00f9ng c\u00f3 gi\u00e1 tr\u1ecb \u0111\u1ed1i v\u1edbi c\u00e1c doanh nghi\u1ec7p mu\u1ed1n duy tr\u00ec s\u1ef1 ph\u00f9 h\u1ee3p.<\/p>\n<p>&nbsp;<\/p>\n<h3><strong>\u01afu \u0111i\u1ec3m c\u1ee7a vi\u1ec7c s\u1eed d\u1ee5ng chip NTAG213, NTAG215 v\u00e0 NTAG216<\/strong><\/h3>\n<p>M\u1ed7i chip trong d\u00f2ng NTAG \u0111\u1ec1u c\u00f3 nh\u1eefng \u01b0u \u0111i\u1ec3m ri\u00eang bi\u1ec7t \u0111\u00e1p \u1ee9ng c\u00e1c nhu c\u1ea7u kh\u00e1c nhau c\u1ee7a ng\u01b0\u1eddi d\u00f9ng:<\/p>\n<ul>\n<li><strong>NTAG213:<\/strong>\u00a0\u0110\u01b0\u1ee3c thi\u1ebft k\u1ebf cho c\u00e1c \u1ee9ng d\u1ee5ng \u0111\u01a1n gi\u1ea3n, con chip n\u00e0y cung c\u1ea5p dung l\u01b0\u1ee3ng l\u01b0u tr\u1eef l\u1edbn v\u00e0 c\u00e1c ch\u1ee9c n\u0103ng c\u01a1 b\u1ea3n, l\u00fd t\u01b0\u1edfng \u0111\u1ec3 chia s\u1ebb URL ho\u1eb7c th\u00f4ng tin li\u00ean l\u1ea1c.<\/li>\n<li><strong>NTAG215:<\/strong>\u00a0V\u1edbi kh\u1ea3 n\u0103ng b\u1ed9 nh\u1edb m\u1edf r\u1ed9ng, NTAG215 ho\u00e0n h\u1ea3o cho c\u00e1c \u1ee9ng d\u1ee5ng ph\u1ee9c t\u1ea1p h\u01a1n, ch\u1eb3ng h\u1ea1n nh\u01b0 ch\u01a1i game tr\u00ean thi\u1ebft b\u1ecb di \u0111\u1ed9ng v\u00e0 t\u1ea1o ra nh\u1eefng tr\u1ea3i nghi\u1ec7m t\u01b0\u01a1ng t\u00e1c \u0111\u1ee7 n\u1ed5i b\u1eadt.<\/li>\n<li><strong>NTAG216:<\/strong>\u00a0\u0110\u1ed1i v\u1edbi nh\u1eefng ng\u01b0\u1eddi c\u1ea7n l\u01b0u tr\u1eef d\u1eef li\u1ec7u nhi\u1ec1u h\u01a1n, NTAG216 cung c\u1ea5p dung l\u01b0\u1ee3ng b\u1ed9 nh\u1edb cao nh\u1ea5t trong d\u00f2ng s\u1ea3n ph\u1ea9m, ph\u00f9 h\u1ee3p v\u1edbi c\u00e1c \u1ee9ng d\u1ee5ng y\u00eau c\u1ea7u truy\u1ec1n d\u1eef li\u1ec7u ho\u1eb7c l\u01b0u tr\u1eef d\u1eef li\u1ec7u r\u1ed9ng r\u00e3i h\u01a1n<\/li>\n<\/ul>\n<p>&nbsp;<\/p>\n<h3><strong>Nh\u1eefng c\u00e2u h\u1ecfi th\u01b0\u1eddng g\u1eb7p (FAQ)<\/strong><\/h3>\n<h3>1.\u00a0<strong>C\u00f3 nh\u1eefng lo\u1ea1i th\u1ebb NFC n\u00e0o?<\/strong><\/h3>\n<p>C\u00f3 nhi\u1ec1u lo\u1ea1i th\u1ebb NFC, bao g\u1ed3m NTAG213, NTAG215 v\u00e0 NTAG216. M\u1ed7i lo\u1ea1i c\u00f3 dung l\u01b0\u1ee3ng b\u1ed9 nh\u1edb v\u00e0 ch\u1ee9c n\u0103ng kh\u00e1c nhau. Ngo\u00e0i ra, c\u00f2n c\u00f3 th\u1ebb ghi l\u1ea1i \u0111\u01b0\u1ee3c, nh\u00e3n d\u00e1n d\u00ednh v\u00e0 th\u1ebb chuy\u00ean d\u1ee5ng \u0111\u01b0\u1ee3c thi\u1ebft k\u1ebf cho c\u00e1c b\u1ec1 m\u1eb7t c\u1ee5 th\u1ec3, bao g\u1ed3m c\u00e1c \u1ee9ng d\u1ee5ng kim lo\u1ea1i v\u00e0 tr\u00ean kim lo\u1ea1i.<\/p>\n<h3>2.\u00a0<strong>L\u00e0m sao \u0111\u1ec3 bi\u1ebft \u0111i\u1ec7n tho\u1ea1i c\u1ee7a t\u00f4i c\u00f3 h\u1ed7 tr\u1ee3 NFC hay kh\u00f4ng?<\/strong><\/h3>\n<p>H\u1ea7u h\u1ebft c\u00e1c \u0111i\u1ec7n tho\u1ea1i th\u00f4ng minh \u0111\u01b0\u1ee3c s\u1ea3n xu\u1ea5t trong nh\u1eefng n\u0103m g\u1ea7n \u0111\u00e2y, c\u1ea3 thi\u1ebft b\u1ecb Android v\u00e0 iOS, \u0111\u1ec1u \u0111\u01b0\u1ee3c trang b\u1ecb c\u00f4ng ngh\u1ec7 NFC. B\u1ea1n c\u00f3 th\u1ec3 ki\u1ec3m tra th\u00f4ng s\u1ed1 k\u1ef9 thu\u1eadt ho\u1eb7c c\u00e0i \u0111\u1eb7t c\u1ee7a thi\u1ebft b\u1ecb \u0111\u1ec3 t\u00ecm hi\u1ec3u xem NFC c\u00f3 \u0111\u01b0\u1ee3c h\u1ed7 tr\u1ee3 hay kh\u00f4ng. T\u00ecm t\u00f9y ch\u1ecdn NFC trong menu c\u00e0i \u0111\u1eb7t ho\u1eb7c tham kh\u1ea3o trang web c\u1ee7a nh\u00e0 s\u1ea3n xu\u1ea5t.<\/p>\n<h3>3.\u00a0<strong>T\u00f4i c\u00f3 th\u1ec3 ghi l\u1ea1i d\u1eef li\u1ec7u tr\u00ean th\u1ebb NFC kh\u00f4ng?<\/strong><\/h3>\n<p>V\u00e2ng! C\u1ee7a ch\u00fang t\u00f4i\u00a0<strong>Th\u1ebb NFC NTAG213\/215\/216<\/strong>\u00a0c\u00f3 th\u1ec3 ghi l\u1ea1i, ngh\u0129a l\u00e0 b\u1ea1n c\u00f3 th\u1ec3 c\u1eadp nh\u1eadt ho\u1eb7c thay \u0111\u1ed5i d\u1eef li\u1ec7u \u0111\u01b0\u1ee3c l\u01b0u tr\u1eef tr\u00ean ch\u00fang nhi\u1ec1u l\u1ea7n. \u0110i\u1ec1u n\u00e0y l\u00e0m cho ch\u00fang tr\u1edf th\u00e0nh gi\u1ea3i ph\u00e1p linh ho\u1ea1t cho c\u1ea3 m\u1ee5c \u0111\u00edch s\u1eed d\u1ee5ng c\u00e1 nh\u00e2n v\u00e0 doanh nghi\u1ec7p, cho ph\u00e9p c\u1eadp nh\u1eadt d\u1ec5 d\u00e0ng m\u00e0 kh\u00f4ng c\u1ea7n ph\u1ea3i thay th\u1ebf th\u1ebb.<\/p>\n<h3>4.\u00a0<strong>Kho\u1ea3ng c\u00e1ch \u0111\u1ecdc c\u1ee7a th\u1ebb NFC l\u00e0 bao nhi\u00eau?<\/strong><\/h3>\n<p>Th\u00f4ng th\u01b0\u1eddng, th\u1ebb NFC c\u00f3 kho\u1ea3ng c\u00e1ch \u0111\u1ecdc l\u00e0\u00a0<strong>1-5cm<\/strong>. Ph\u1ea1m vi ng\u1eafn n\u00e0y \u0111\u1ea3m b\u1ea3o li\u00ean l\u1ea1c an to\u00e0n v\u00e0 tr\u1ef1c ti\u1ebfp gi\u1eefa th\u1ebb NFC v\u00e0 thi\u1ebft b\u1ecb h\u1ed7 tr\u1ee3 NFC.<\/p>\n<h3>5.\u00a0<strong>Th\u1ebb NFC c\u00f3 ch\u1ed1ng n\u01b0\u1edbc kh\u00f4ng?<\/strong><\/h3>\n<p>V\u00e2ng, c\u1ee7a ch\u00fang t\u00f4i\u00a0<strong>Th\u1ebb NFC Epoxy NTAG213\/215\/216 m\u1ec1m d\u1ebbo t\u00f9y ch\u1ec9nh \u0111\u1ecdc-ghi<\/strong>\u00a0\u0111\u01b0\u1ee3c thi\u1ebft k\u1ebf ch\u1ed1ng th\u1ea5m n\u01b0\u1edbc v\u00e0 ch\u1ecbu \u0111\u01b0\u1ee3c th\u1eddi ti\u1ebft, ph\u00f9 h\u1ee3p \u0111\u1ec3 s\u1eed d\u1ee5ng ngo\u00e0i tr\u1eddi v\u00e0 trong nhi\u1ec1u \u0111i\u1ec1u ki\u1ec7n m\u00f4i tr\u01b0\u1eddng kh\u00e1c nhau.<\/p>","protected":false},"excerpt":{"rendered":"<p>Th\u1ebb NFC Epoxy NTAG213\/215\/216 linh ho\u1ea1t \u0111\u1ecdc-ghi t\u00f9y ch\u1ec9nh cung c\u1ea5p c\u00e1c gi\u1ea3i ph\u00e1p b\u1ec1n v\u00e0 ch\u1ed1ng th\u1ea5m n\u01b0\u1edbc cho c\u00e1c \u1ee9ng d\u1ee5ng \u0111a n\u0103ng, cho ph\u00e9p chia s\u1ebb d\u1eef li\u1ec7u v\u00e0 t\u01b0\u01a1ng t\u00e1c li\u1ec1n m\u1ea1ch. Ho\u00e0n h\u1ea3o cho ti\u1ebfp th\u1ecb, ph\u01b0\u01a1ng ti\u1ec7n truy\u1ec1n th\u00f4ng x\u00e3 h\u1ed9i v\u00e0 h\u01a1n th\u1ebf n\u1eefa!<\/p>","protected":false},"featured_media":3366,"template":"","meta":[],"product_brand":[],"product_cat":[47],"product_tag":[],"class_list":{"0":"post-3365","1":"product","2":"type-product","3":"status-publish","4":"has-post-thumbnail","6":"product_cat-nfc-tags","8":"first","9":"instock","10":"shipping-taxable","11":"product-type-simple"},"_links":{"self":[{"href":"https:\/\/nfc-readers.com\/vi\/wp-json\/wp\/v2\/product\/3365","targetHints":{"allow":["GET"]}}],"collection":[{"href":"https:\/\/nfc-readers.com\/vi\/wp-json\/wp\/v2\/product"}],"about":[{"href":"https:\/\/nfc-readers.com\/vi\/wp-json\/wp\/v2\/types\/product"}],"wp:featuredmedia":[{"embeddable":true,"href":"https:\/\/nfc-readers.com\/vi\/wp-json\/wp\/v2\/media\/3366"}],"wp:attachment":[{"href":"https:\/\/nfc-readers.com\/vi\/wp-json\/wp\/v2\/media?parent=3365"}],"wp:term":[{"taxonomy":"product_brand","embeddable":true,"href":"https:\/\/nfc-readers.com\/vi\/wp-json\/wp\/v2\/product_brand?post=3365"},{"taxonomy":"product_cat","embeddable":true,"href":"https:\/\/nfc-readers.com\/vi\/wp-json\/wp\/v2\/product_cat?post=3365"},{"taxonomy":"product_tag","embeddable":true,"href":"https:\/\/nfc-readers.com\/vi\/wp-json\/wp\/v2\/product_tag?post=3365"}],"curies":[{"name":"wp","href":"https:\/\/api.w.org\/{rel}","templated":true}]}}