{"id":3372,"date":"2024-11-01T14:57:52","date_gmt":"2024-11-01T14:57:52","guid":{"rendered":"https:\/\/nfc-readers.com\/?post_type=product&#038;p=3372"},"modified":"2024-11-01T14:57:52","modified_gmt":"2024-11-01T14:57:52","slug":"13-56mhz-iso14443a-anti-fake-ntag-424-tamper-nfc-sticker","status":"publish","type":"product","link":"https:\/\/nfc-readers.com\/vi\/ic-reader\/13-56mhz-iso14443a-anti-fake-ntag-424-tamper-nfc-sticker\/","title":{"rendered":"Nh\u00e3n d\u00e1n ch\u1ed1ng gi\u1ea3 m\u1ea1o NTAG 424 NFC 13.56MHZ ISO14443A"},"content":{"rendered":"<h1 style=\"text-align: center;\"><strong>Nh\u00e3n d\u00e1n ch\u1ed1ng gi\u1ea3 m\u1ea1o NTAG 424 NFC 13.56MHZ ISO14443A<\/strong><\/h1>\n<p>&nbsp;<\/p>\n<p>C\u00e1c\u00a0<strong>Nh\u00e3n d\u00e1n ch\u1ed1ng gi\u1ea3 m\u1ea1o NTAG 424 NFC 13,56MHz ISO14443A<\/strong>\u00a0\u0111\u1ea1i di\u1ec7n cho gi\u1ea3i ph\u00e1p ti\u00ean ti\u1ebfn trong c\u00f4ng ngh\u1ec7 x\u00e1c th\u1ef1c k\u1ef9 thu\u1eadt s\u1ed1 v\u00e0 ch\u1ed1ng h\u00e0ng gi\u1ea3. \u0110\u01b0\u1ee3c thi\u1ebft k\u1ebf v\u1edbi c\u00e1c t\u00ednh n\u0103ng ti\u00ean ti\u1ebfn, nh\u00e3n d\u00e1n NFC n\u00e0y khai th\u00e1c s\u1ee9c m\u1ea1nh c\u1ee7a giao ti\u1ebfp RFID v\u00e0 \u0111\u01b0\u1ee3c nh\u00fang chip DNA NTAG424, cho ph\u00e9p c\u00e1c doanh nghi\u1ec7p v\u00e0 c\u00e1 nh\u00e2n b\u1ea3o v\u1ec7 s\u1ea3n ph\u1ea9m v\u00e0 th\u00f4ng tin nh\u1ea1y c\u1ea3m kh\u1ecfi c\u00e1c m\u1ed1i \u0111e d\u1ecda l\u00e0m gi\u1ea3.<\/p>\n<p>Tr\u00ean th\u1ecb tr\u01b0\u1eddng ng\u00e0y nay, vi\u1ec7c \u0111\u1ea3m b\u1ea3o t\u00ednh x\u00e1c th\u1ef1c c\u1ee7a s\u1ea3n ph\u1ea9m l\u00e0 r\u1ea5t quan tr\u1ecdng v\u00e0 th\u1ebb NFC n\u00e0y cung c\u1ea5p cho c\u00e1c doanh nghi\u1ec7p m\u1ed9t c\u00e1ch hi\u1ec7u qu\u1ea3 v\u00e0 gi\u00e1 c\u1ea3 ph\u1ea3i ch\u0103ng \u0111\u1ec3 th\u1ef1c hi\u1ec7n \u0111i\u1ec1u \u0111\u00f3. Cho d\u00f9 b\u1ea1n l\u00e0 nh\u00e0 b\u00e1n l\u1ebb mu\u1ed1n t\u0103ng c\u01b0\u1eddng b\u1ea3o m\u1eadt s\u1ea3n ph\u1ea9m hay c\u00e1 nh\u00e2n mu\u1ed1n x\u00e1c minh t\u00ednh x\u00e1c th\u1ef1c c\u1ee7a h\u00e0ng h\u00f3a, th\u00ec vi\u1ec7c \u0111\u1ea7u t\u01b0 v\u00e0o nh\u00e3n d\u00e1n NFC NTAG 424 c\u1ee7a ch\u00fang t\u00f4i l\u00e0 m\u1ed9t l\u1ef1a ch\u1ecdn th\u00f4ng minh.<\/p>\n<p>&nbsp;<\/p>\n<h3><strong>T\u00ednh n\u0103ng v\u00e0 l\u1ee3i \u00edch c\u1ee7a s\u1ea3n ph\u1ea9m<\/strong><\/h3>\n<p>&nbsp;<\/p>\n<h3>1. C\u00f4ng ngh\u1ec7 ch\u1ed1ng h\u00e0ng gi\u1ea3 ti\u00ean ti\u1ebfn<\/h3>\n<p>C\u00e1c\u00a0<strong>Th\u1ebb NFC DNA NTAG 424<\/strong>\u00a0s\u1eed d\u1ee5ng c\u00f4ng ngh\u1ec7 ch\u1ed1ng h\u00e0ng gi\u1ea3 ti\u00ean ti\u1ebfn cho ph\u00e9p ng\u01b0\u1eddi d\u00f9ng x\u00e1c minh t\u00ednh x\u00e1c th\u1ef1c c\u1ee7a s\u1ea3n ph\u1ea9m m\u1ed9t c\u00e1ch li\u1ec1n m\u1ea1ch. B\u1ea3o v\u1ec7 b\u1eb1ng m\u1eadt kh\u1ea9u t\u00edch h\u1ee3p v\u00e0 giao ti\u1ebfp \u0111\u01b0\u1ee3c m\u00e3 h\u00f3a an to\u00e0n \u0111\u1ea3m b\u1ea3o r\u1eb1ng ch\u1ec9 nh\u1eefng ng\u01b0\u1eddi d\u00f9ng \u0111\u01b0\u1ee3c \u1ee7y quy\u1ec1n m\u1edbi c\u00f3 th\u1ec3 truy c\u1eadp th\u00f4ng tin nh\u1ea1y c\u1ea3m. Cho d\u00f9 b\u1ea1n \u0111ang s\u1eed d\u1ee5ng n\u00f3 cho c\u00e1c m\u1eb7t h\u00e0ng c\u00f3 th\u01b0\u01a1ng hi\u1ec7u, h\u00e0ng h\u00f3a s\u01b0u t\u1ea7m hay th\u1eadm ch\u00ed l\u00e0 \u0111\u1ed3 d\u00f9ng c\u00e1 nh\u00e2n, nh\u00e3n d\u00e1n NFC n\u00e0y mang \u0111\u1ebfn s\u1ef1 an t\u00e2m khi bi\u1ebft r\u1eb1ng m\u1ed7i th\u1ebb \u0111\u1ec1u ch\u1ed1ng gi\u1ea3 m\u1ea1o.<\/p>\n<ul>\n<li><strong>C\u00e1c t\u00ednh n\u0103ng b\u1ea3o m\u1eadt \u0111\u01b0\u1ee3c nh\u00fang:<\/strong>\u00a0Chip NTAG 424 t\u00edch h\u1ee3p nhi\u1ec1u t\u00f9y ch\u1ecdn m\u00e3 h\u00f3a \u0111\u1ec3 b\u1ea3o v\u1ec7 d\u1eef li\u1ec7u c\u1ee7a b\u1ea1n hi\u1ec7u qu\u1ea3.<\/li>\n<li><strong>Truy c\u1eadp th\u00e2n thi\u1ec7n v\u1edbi ng\u01b0\u1eddi d\u00f9ng:<\/strong>\u00a0Ng\u01b0\u1eddi ti\u00eau d\u00f9ng c\u00f3 th\u1ec3 x\u00e1c minh t\u00ednh x\u00e1c th\u1ef1c ch\u1ec9 b\u1eb1ng m\u1ed9t c\u00fa ch\u1ea1m \u0111\u01a1n gi\u1ea3n, th\u1eadt d\u1ec5 d\u00e0ng.<\/li>\n<\/ul>\n<h3>2. Giao di\u1ec7n truy\u1ec1n th\u00f4ng \u0111a n\u0103ng<\/h3>\n<p>\u0110\u01b0\u1ee3c x\u00e2y d\u1ef1ng tr\u00ean giao th\u1ee9c ISO 14443A, nh\u00e3n d\u00e1n NFC c\u1ee7a ch\u00fang t\u00f4i h\u1ed7 tr\u1ee3 c\u1ea3\u00a0<strong>RFID<\/strong>\u00a0v\u00e0 giao di\u1ec7n truy\u1ec1n th\u00f4ng NFC, gi\u00fap t\u01b0\u01a1ng th\u00edch v\u1edbi nhi\u1ec1u lo\u1ea1i thi\u1ebft b\u1ecb, bao g\u1ed3m \u0111i\u1ec7n tho\u1ea1i th\u00f4ng minh, m\u00e1y t\u00ednh b\u1ea3ng v\u00e0 \u0111\u1ea7u \u0111\u1ecdc h\u1ed7 tr\u1ee3 NFC. T\u00ednh linh ho\u1ea1t n\u00e0y \u0111\u1ea3m b\u1ea3o r\u1eb1ng kh\u00e1ch h\u00e0ng c\u00f3 th\u1ec3 d\u1ec5 d\u00e0ng truy c\u1eadp th\u00f4ng tin s\u1ea3n ph\u1ea9m, t\u0103ng c\u01b0\u1eddng s\u1ef1 t\u01b0\u01a1ng t\u00e1c v\u00e0 l\u00f2ng trung th\u00e0nh c\u1ee7a kh\u00e1ch h\u00e0ng.<\/p>\n<ul>\n<li><strong>Thi\u1ebft b\u1ecb t\u01b0\u01a1ng th\u00edch:<\/strong>\u00a0Ho\u1ea1t \u0111\u1ed9ng li\u1ec1n m\u1ea1ch v\u1edbi Android, iPhone v\u00e0 c\u00e1c thi\u1ebft b\u1ecb NFC kh\u00e1c.<\/li>\n<li><strong>Tr\u1ea3i nghi\u1ec7m ng\u01b0\u1eddi d\u00f9ng \u0111\u01b0\u1ee3c n\u00e2ng cao:<\/strong>\u00a0Kh\u00e1ch h\u00e0ng c\u00f3 th\u1ec3 t\u01b0\u01a1ng t\u00e1c v\u1edbi s\u1ea3n ph\u1ea9m m\u1ed9t c\u00e1ch d\u1ec5 d\u00e0ng.<\/li>\n<\/ul>\n<h3>3. T\u00f9y ch\u1ecdn k\u00edch th\u01b0\u1edbc t\u00f9y ch\u1ec9nh<\/h3>\n<p>Trong khi\u00a0<strong>Nh\u00e3n d\u00e1n NFC NTAG 424 Tamper<\/strong>\u00a0c\u00f3 s\u1eb5n \u1edf c\u00e1c k\u00edch th\u01b0\u1edbc ti\u00eau chu\u1ea9n, ch\u00fang t\u00f4i cung c\u1ea5p t\u00f9y ch\u1ec9nh \u0111\u1ec3 \u0111\u00e1p \u1ee9ng c\u00e1c nhu c\u1ea7u c\u1ee5 th\u1ec3. C\u00e1c t\u00f9y ch\u1ecdn bao g\u1ed3m:<\/p>\n<ul>\n<li><strong>T\u00f9y ch\u1ecdn \u0111\u01b0\u1eddng k\u00ednh:<\/strong>\u00a0K\u00edch th\u01b0\u1edbc c\u00f3 th\u1ec3 t\u00f9y ch\u1ec9nh, bao g\u1ed3m 25mm v\u00e0 45mm x 30mm.<\/li>\n<li><strong>S\u1ef1 \u0111a d\u1ea1ng v\u1ec1 h\u00ecnh d\u1ea1ng:<\/strong>\u00a0H\u00ecnh ch\u1eef nh\u1eadt, h\u00ecnh tr\u00f2n ho\u1eb7c \u0111\u01b0\u1eddng vi\u1ec1n t\u00f9y ch\u1ec9nh \u0111\u1ec3 b\u1ed5 sung cho t\u00ednh th\u1ea9m m\u1ef9 c\u1ee7a th\u01b0\u01a1ng hi\u1ec7u b\u1ea1n.<\/li>\n<\/ul>\n<p>Nh\u1eefng t\u00f9y ch\u1ecdn v\u1ec1 k\u00edch th\u01b0\u1edbc v\u00e0 h\u00ecnh d\u1ea1ng \u0111a d\u1ea1ng n\u00e0y cho ph\u00e9p c\u00e1c doanh nghi\u1ec7p t\u1ea1o ra tr\u1ea3i nghi\u1ec7m x\u00e2y d\u1ef1ng th\u01b0\u01a1ng hi\u1ec7u \u0111\u1ed9c \u0111\u00e1o, \u0111\u1ea3m b\u1ea3o s\u1ea3n ph\u1ea9m c\u1ee7a h\u1ecd n\u1ed5i b\u1eadt tr\u00ean k\u1ec7 h\u00e0ng.<\/p>\n<h3>4. V\u1eadt li\u1ec7u b\u1ec1n v\u00e0 \u0111\u00e1ng tin c\u1eady<\/h3>\n<p>\u0110\u01b0\u1ee3c ch\u1ebf t\u1ea1o t\u1eeb gi\u1ea5y tr\u00e1ng ph\u1ee7 v\u00e0 PET, nh\u1eefng mi\u1ebfng d\u00e1n NFC n\u00e0y \u0111\u01b0\u1ee3c thi\u1ebft k\u1ebf \u0111\u1ec3 c\u00f3 \u0111\u1ed9 b\u1ec1n v\u00e0 \u0111\u1ed9 tin c\u1eady trong nhi\u1ec1u \u0111i\u1ec1u ki\u1ec7n m\u00f4i tr\u01b0\u1eddng kh\u00e1c nhau. Ch\u1ea5t li\u1ec7u b\u1ec1n ch\u1eafc c\u1ee7a ch\u00fang c\u00f3 kh\u1ea3 n\u0103ng ch\u1ed1ng m\u00e0i m\u00f2n v\u00e0 r\u00e1ch, khi\u1ebfn ch\u00fang ph\u00f9 h\u1ee3p cho c\u00e1c \u1ee9ng d\u1ee5ng trong nh\u00e0 v\u00e0 ngo\u00e0i tr\u1eddi.<\/p>\n<ul>\n<li><strong>T\u00f9y ch\u1ecdn ch\u1ed1ng th\u1ea5m n\u01b0\u1edbc:<\/strong>\u00a0T\u0103ng \u0111\u1ed9 b\u1ec1n v\u00e0 tu\u1ed5i th\u1ecd, th\u00edch h\u1ee3p cho c\u00e1c s\u1ea3n ph\u1ea9m ti\u1ebfp x\u00fac v\u1edbi \u0111\u1ed9 \u1ea9m.<\/li>\n<li><strong>Ch\u1ea5t l\u01b0\u1ee3ng keo d\u00ednh:<\/strong>\u00a0\u0110\u1ed9 b\u00e1m d\u00ednh m\u1ea1nh \u0111\u1ea3m b\u1ea3o nh\u00e3n d\u00e1n kh\u00f4ng b\u1ecb bong tr\u00f3c tr\u00ean nhi\u1ec1u b\u1ec1 m\u1eb7t.<\/li>\n<\/ul>\n<p>&nbsp;<\/p>\n<h3><strong>Th\u00f4ng s\u1ed1 k\u1ef9 thu\u1eadt<\/strong><\/h3>\n<p>&nbsp;<\/p>\n<table class=\"w-fit !mb-0 !max-w-none\" style=\"height: 373px;\" width=\"446\">\n<thead>\n<tr>\n<th>T\u00ednh n\u0103ng<\/th>\n<th>\u0110\u1eb7c \u0111i\u1ec3m k\u1ef9 thu\u1eadt<\/th>\n<\/tr>\n<\/thead>\n<tbody>\n<tr>\n<td>T\u00ednh th\u01b0\u1eddng xuy\u00ean<\/td>\n<td>13,56MHz<\/td>\n<\/tr>\n<tr>\n<td>Giao th\u1ee9c<\/td>\n<td>ISO 14443A<\/td>\n<\/tr>\n<tr>\n<td>Chip<\/td>\n<td>DNA NTAG424<\/td>\n<\/tr>\n<tr>\n<td>V\u1eadt li\u1ec7u<\/td>\n<td>Gi\u1ea5y tr\u00e1ng ph\u1ee7, PET<\/td>\n<\/tr>\n<tr>\n<td>T\u00f9y ch\u1ecdn k\u00edch th\u01b0\u1edbc<\/td>\n<td>\u0110\u01b0\u1eddng k\u00ednh 25mm, 45mm x 30mm (t\u00f9y ch\u1ec9nh)<\/td>\n<\/tr>\n<tr>\n<td>Kho\u1ea3ng c\u00e1ch \u0111\u1ecdc<\/td>\n<td>1-10cm<\/td>\n<\/tr>\n<tr>\n<td>T\u00f9y ch\u1ecdn in<\/td>\n<td>CMYK, Offset, In l\u1ee5a<\/td>\n<\/tr>\n<tr>\n<td>Ngu\u1ed3n g\u1ed1c<\/td>\n<td>Qu\u1ea3ng \u0110\u00f4ng, Trung Qu\u1ed1c<\/td>\n<\/tr>\n<tr>\n<td>T\u00ean th\u01b0\u01a1ng hi\u1ec7u<\/td>\n<td>THU\u1eacN T\u00c2M<\/td>\n<\/tr>\n<tr>\n<td>S\u1ed1 m\u00f4 h\u00ecnh<\/td>\n<td>SX-NFC<\/td>\n<\/tr>\n<tr>\n<td>\u0110\u01a1n v\u1ecb b\u00e1n<\/td>\n<td>M\u1ed9t m\u1ee5c duy nh\u1ea5t<\/td>\n<\/tr>\n<tr>\n<td>K\u00edch th\u01b0\u1edbc g\u00f3i h\u00e0ng<\/td>\n<td>0,3x0,3x0,02cm<\/td>\n<\/tr>\n<tr>\n<td>T\u1ed5ng tr\u1ecdng l\u01b0\u1ee3ng<\/td>\n<td>0,001kg<\/td>\n<\/tr>\n<\/tbody>\n<\/table>\n<h3><\/h3>\n<h3><strong>Nh\u1eefng c\u00e2u h\u1ecfi th\u01b0\u1eddng g\u1eb7p (FAQ)<\/strong><\/h3>\n<p><strong>H: T\u00f4i c\u00f3 th\u1ec3 t\u00f9y ch\u1ec9nh k\u00edch th\u01b0\u1edbc nh\u00e3n d\u00e1n NFC kh\u00f4ng?<\/strong><br \/>\n<strong>M\u1ed8T:<\/strong>\u00a0C\u00f3, ch\u00fang t\u00f4i cung c\u1ea5p t\u00f9y ch\u1ec9nh cho k\u00edch th\u01b0\u1edbc c\u1ee7a nh\u00e3n d\u00e1n NFC. Trong khi k\u00edch th\u01b0\u1edbc ti\u00eau chu\u1ea9n bao g\u1ed3m \u0111\u01b0\u1eddng k\u00ednh 25mm v\u00e0 45mm x 30mm, b\u1ea1n c\u00f3 th\u1ec3 y\u00eau c\u1ea7u k\u00edch th\u01b0\u1edbc c\u1ee5 th\u1ec3 \u0111\u1ec3 \u0111\u00e1p \u1ee9ng y\u00eau c\u1ea7u c\u1ee7a m\u00ecnh.<\/p>\n<hr \/>\n<p><strong>H: T\u00ednh n\u0103ng ch\u1ed1ng h\u00e0ng gi\u1ea3 ho\u1ea1t \u0111\u1ed9ng nh\u01b0 th\u1ebf n\u00e0o?<\/strong><br \/>\n<strong>M\u1ed8T:<\/strong>\u00a0Chip DNA NTAG 424 k\u1ebft h\u1ee3p c\u00e1c giao th\u1ee9c m\u00e3 h\u00f3a v\u00e0 x\u00e1c th\u1ef1c ti\u00ean ti\u1ebfn. Khi ng\u01b0\u1eddi d\u00f9ng qu\u00e9t nh\u00e3n d\u00e1n NFC b\u1eb1ng thi\u1ebft b\u1ecb h\u1ed7 tr\u1ee3 NFC, n\u00f3 s\u1ebd x\u00e1c minh t\u00ednh to\u00e0n v\u1eb9n c\u1ee7a d\u1eef li\u1ec7u, cho ph\u00e9p ng\u01b0\u1eddi d\u00f9ng x\u00e1c nh\u1eadn t\u00ednh x\u00e1c th\u1ef1c c\u1ee7a s\u1ea3n ph\u1ea9m.<\/p>\n<hr \/>\n<p><strong>H: Thi\u1ebft b\u1ecb n\u00e0o t\u01b0\u01a1ng th\u00edch v\u1edbi nh\u00e3n d\u00e1n NFC NTAG 424?<\/strong><br \/>\n<strong>M\u1ed8T:<\/strong>\u00a0Nh\u00e3n d\u00e1n NFC c\u1ee7a ch\u00fang t\u00f4i t\u01b0\u01a1ng th\u00edch v\u1edbi t\u1ea5t c\u1ea3 c\u00e1c thi\u1ebft b\u1ecb h\u1ed7 tr\u1ee3 NFC, bao g\u1ed3m h\u1ea7u h\u1ebft c\u00e1c \u0111i\u1ec7n tho\u1ea1i th\u00f4ng minh v\u00e0 m\u00e1y t\u00ednh b\u1ea3ng hi\u1ec7n \u0111\u1ea1i ch\u1ea1y Android v\u00e0 iOS. Ch\u1ec9 c\u1ea7n \u0111\u1ea3m b\u1ea3o thi\u1ebft b\u1ecb c\u1ee7a b\u1ea1n c\u00f3 ch\u1ee9c n\u0103ng NFC \u0111\u01b0\u1ee3c b\u1eadt.<\/p>\n<hr \/>\n<p><strong>H: V\u1eadt li\u1ec7u n\u00e0o \u0111\u01b0\u1ee3c s\u1eed d\u1ee5ng \u0111\u1ec3 s\u1ea3n xu\u1ea5t nh\u00e3n d\u00e1n NFC?<\/strong><br \/>\n<strong>M\u1ed8T:<\/strong>\u00a0Nh\u00e3n d\u00e1n \u0111\u01b0\u1ee3c l\u00e0m t\u1eeb gi\u1ea5y tr\u00e1ng ph\u1ee7 v\u00e0 PET, mang l\u1ea1i \u0111\u1ed9 b\u1ec1n v\u00e0 kh\u1ea3 n\u0103ng ch\u1ed1ng m\u00e0i m\u00f2n. Ch\u00fang \u0111\u01b0\u1ee3c thi\u1ebft k\u1ebf \u0111\u1ec3 duy tr\u00ec ch\u1ea5t l\u01b0\u1ee3ng ngay c\u1ea3 trong nhi\u1ec1u \u0111i\u1ec1u ki\u1ec7n m\u00f4i tr\u01b0\u1eddng kh\u00e1c nhau.<\/p>\n<p>&nbsp;<\/p>","protected":false},"excerpt":{"rendered":"<p>Nh\u00e3n d\u00e1n ch\u1ed1ng gi\u1ea3 m\u1ea1o NTAG 424 ch\u1ed1ng gi\u1ea3 m\u1ea1o ISO14443A 13,56MHz cung c\u1ea5p c\u00e1c t\u00ednh n\u0103ng ch\u1ed1ng h\u00e0ng gi\u1ea3 ti\u00ean ti\u1ebfn, \u0111\u1ea3m b\u1ea3o t\u00ednh x\u00e1c th\u1ef1c v\u00e0 an to\u00e0n c\u1ee7a s\u1ea3n ph\u1ea9m. Thi\u1ebft k\u1ebf nh\u1ecf g\u1ecdn cho ph\u00e9p t\u00edch h\u1ee3p d\u1ec5 d\u00e0ng v\u00e0o nhi\u1ec1u \u1ee9ng d\u1ee5ng kh\u00e1c nhau, cung c\u1ea5p ch\u1ee9c n\u0103ng NFC \u0111\u00e1ng tin c\u1eady \u0111\u1ec3 truy c\u1eadp v\u00e0 truy\u1ec1n d\u1eef li\u1ec7u an to\u00e0n.<\/p>","protected":false},"featured_media":3373,"template":"","meta":[],"product_brand":[],"product_cat":[48],"product_tag":[],"class_list":{"0":"post-3372","1":"product","2":"type-product","3":"status-publish","4":"has-post-thumbnail","6":"product_cat-nfc-stickers","8":"first","9":"instock","10":"shipping-taxable","11":"product-type-simple"},"_links":{"self":[{"href":"https:\/\/nfc-readers.com\/vi\/wp-json\/wp\/v2\/product\/3372","targetHints":{"allow":["GET"]}}],"collection":[{"href":"https:\/\/nfc-readers.com\/vi\/wp-json\/wp\/v2\/product"}],"about":[{"href":"https:\/\/nfc-readers.com\/vi\/wp-json\/wp\/v2\/types\/product"}],"wp:featuredmedia":[{"embeddable":true,"href":"https:\/\/nfc-readers.com\/vi\/wp-json\/wp\/v2\/media\/3373"}],"wp:attachment":[{"href":"https:\/\/nfc-readers.com\/vi\/wp-json\/wp\/v2\/media?parent=3372"}],"wp:term":[{"taxonomy":"product_brand","embeddable":true,"href":"https:\/\/nfc-readers.com\/vi\/wp-json\/wp\/v2\/product_brand?post=3372"},{"taxonomy":"product_cat","embeddable":true,"href":"https:\/\/nfc-readers.com\/vi\/wp-json\/wp\/v2\/product_cat?post=3372"},{"taxonomy":"product_tag","embeddable":true,"href":"https:\/\/nfc-readers.com\/vi\/wp-json\/wp\/v2\/product_tag?post=3372"}],"curies":[{"name":"wp","href":"https:\/\/api.w.org\/{rel}","templated":true}]}}