{"id":3379,"date":"2024-11-02T11:48:42","date_gmt":"2024-11-02T11:48:42","guid":{"rendered":"https:\/\/nfc-readers.com\/?post_type=product&#038;p=3379"},"modified":"2024-11-04T08:54:15","modified_gmt":"2024-11-04T08:54:15","slug":"custom-ntag-215-digital-smart-nfc-business-card","status":"publish","type":"product","link":"https:\/\/nfc-readers.com\/vi\/ic-reader\/custom-ntag-215-digital-smart-nfc-business-card\/","title":{"rendered":"Th\u1ebb kinh doanh th\u00f4ng minh NFC k\u1ef9 thu\u1eadt s\u1ed1 NTAG 215 t\u00f9y ch\u1ec9nh"},"content":{"rendered":"<h1><span style=\"color: #000080;\"><strong>Th\u1ebb kinh doanh th\u00f4ng minh NFC k\u1ef9 thu\u1eadt s\u1ed1 NTAG 215 t\u00f9y ch\u1ec9nh<\/strong><\/span><\/h1>\n<p><span style=\"color: #666699;\">C\u00e1ch m\u1ea1ng h\u00f3a m\u1ea1ng l\u01b0\u1edbiTrong th\u1ebf gi\u1edbi k\u1ef9 thu\u1eadt s\u1ed1 ph\u00e1t tri\u1ec3n nhanh ch\u00f3ng ng\u00e0y nay, vi\u1ec7c t\u1ea1o \u1ea5n t\u01b0\u1ee3ng \u0111\u00e1ng nh\u1edb l\u00e0 r\u1ea5t quan tr\u1ecdng. <strong>Th\u1ebb kinh doanh th\u00f4ng minh NFC k\u1ef9 thu\u1eadt s\u1ed1 NTAG215 t\u00f9y ch\u1ec9nh<\/strong>\u00a0cung c\u1ea5p gi\u1ea3i ph\u00e1p s\u00e1ng t\u1ea1o cho c\u00e1c chuy\u00ean gia mu\u1ed1n n\u1ed5i b\u1eadt v\u00e0 chia s\u1ebb th\u00f4ng tin li\u00ean l\u1ea1c c\u1ee7a h\u1ecd m\u1ed9t c\u00e1ch hi\u1ec7u qu\u1ea3 theo c\u00e1ch hi\u1ec7n \u0111\u1ea1i. \u0110\u01b0\u1ee3c thi\u1ebft k\u1ebf \u0111\u1ec3 ho\u1ea1t \u0111\u1ed9ng li\u1ec1n m\u1ea1ch v\u1edbi nhi\u1ec1u thi\u1ebft b\u1ecb kh\u00e1c nhau, th\u1ebb n\u00e0y bi\u1ebfn c\u00e1ch ti\u1ebfp c\u1eadn m\u1ea1ng truy\u1ec1n th\u1ed1ng th\u00e0nh tr\u1ea3i nghi\u1ec7m c\u00f4ng ngh\u1ec7 tinh t\u1ebf v\u00e0 th\u00f4ng minh.<\/span><\/p>\n<p>&nbsp;<\/p>\n<h2 style=\"text-align: center;\"><span style=\"color: #000080;\"><em><strong>L\u1ee3i \u00edch c\u1ee7a Th\u1ebb kinh doanh NFC NTAG215 t\u00f9y ch\u1ec9nh<\/strong><\/em><\/span><\/h2>\n<p><span style=\"color: #666699;\">C\u00e1c\u00a0<strong>Th\u1ebb kinh doanh th\u00f4ng minh NFC k\u1ef9 thu\u1eadt s\u1ed1 NTAG215 t\u00f9y ch\u1ec9nh<\/strong>\u00a0cung c\u1ea5p s\u1ef1 k\u1ebft h\u1ee3p \u0111\u1ed9c \u0111\u00e1o gi\u1eefa s\u1ef1 ti\u1ec7n l\u1ee3i, \u0111\u1ed9 b\u1ec1n v\u00e0 ch\u1ee9c n\u0103ng. M\u1ed9t s\u1ed1 l\u1ee3i \u00edch ch\u00ednh bao g\u1ed3m:<\/span><\/p>\n<ol>\n<li><strong>K\u1ebft n\u1ed1i t\u1ee9c th\u1eddi<\/strong>: Ch\u1ec9 c\u1ea7n ch\u1ea1m th\u1ebb v\u00e0o thi\u1ebft b\u1ecb h\u1ed7 tr\u1ee3 NFC l\u00e0 kh\u00e1ch h\u00e0ng ti\u1ec1m n\u0103ng ho\u1eb7c k\u1ebft n\u1ed1i c\u1ee7a b\u1ea1n c\u00f3 th\u1ec3 truy c\u1eadp ngay v\u00e0o th\u00f4ng tin li\u00ean l\u1ea1c, h\u1ed3 s\u01a1 m\u1ea1ng x\u00e3 h\u1ed9i ho\u1eb7c t\u00e0i li\u1ec7u qu\u1ea3ng c\u00e1o c\u1ee7a b\u1ea1n. Kh\u00f4ng c\u1ea7n ph\u1ea3i l\u1ee5c tung v\u00ed ho\u1eb7c t\u00fai x\u00e1ch c\u1ee7a b\u1ea1n n\u1eefa.<\/li>\n<li><strong>B\u1ec1n v\u00e0 kh\u00f4ng th\u1ea5m n\u01b0\u1edbc<\/strong>:\u0110\u01b0\u1ee3c l\u00e0m t\u1eeb nh\u1ef1a PVC ch\u1ea5t l\u01b0\u1ee3ng cao, th\u1ebb n\u00e0y c\u00f3 t\u00ednh n\u0103ng ch\u1ed1ng th\u1ea5m n\u01b0\u1edbc v\u00e0 ch\u1ecbu \u0111\u01b0\u1ee3c th\u1eddi ti\u1ebft, \u0111\u1ea3m b\u1ea3o c\u00f3 th\u1ec3 ch\u1ecbu \u0111\u01b0\u1ee3c s\u1ef1 hao m\u00f2n h\u00e0ng ng\u00e0y.<\/li>\n<li><strong>Thi\u1ebft k\u1ebf c\u00f3 th\u1ec3 t\u00f9y ch\u1ec9nh<\/strong>:C\u00e1c t\u00f9y ch\u1ecdn c\u00e1 nh\u00e2n h\u00f3a, ch\u1eb3ng h\u1ea1n nh\u01b0 ki\u1ec3u in \u0111\u1ed9c \u0111\u00e1o v\u00e0 l\u1edbp ho\u00e0n thi\u1ec7n nh\u01b0 m\u1edd, b\u00f3ng ho\u1eb7c trong su\u1ed1t m\u1edd, cho ph\u00e9p b\u1ea1n th\u1ec3 hi\u1ec7n b\u1ea3n s\u1eafc th\u01b0\u01a1ng hi\u1ec7u c\u1ee7a m\u00ecnh m\u1ed9t c\u00e1ch \u0111\u1ea7y \u0111\u1ee7.<\/li>\n<\/ol>\n<hr \/>\n<h2 style=\"text-align: center;\"><em><span style=\"color: #000080;\"><strong>S\u01a1 l\u01b0\u1ee3c s\u1ea3n ph\u1ea9m<\/strong><\/span><\/em><\/h2>\n<h3><span style=\"color: #333399;\"><strong>1. Danh thi\u1ebfp NFC NTAG215 t\u00f9y ch\u1ec9nh l\u00e0 g\u00ec?<\/strong><\/span><\/h3>\n<p><span style=\"color: #666699;\">C\u00e1c\u00a0<strong>Th\u1ebb kinh doanh th\u00f4ng minh NFC k\u1ef9 thu\u1eadt s\u1ed1 NTAG215 t\u00f9y ch\u1ec9nh<\/strong>\u00a0l\u00e0 m\u1ed9t c\u00f4ng c\u1ee5 m\u1ea1ng hi\u1ec7n \u0111\u1ea1i \u0111\u01b0\u1ee3c nh\u00fang c\u00f4ng ngh\u1ec7 NFC ti\u00ean ti\u1ebfn. Th\u1ebb n\u00e0y c\u00f3 \u0111\u1ea7y \u0111\u1ee7 ch\u1ee9c n\u0103ng\u00a0<strong>RFID<\/strong>\u00a0thi\u1ebft b\u1ecb ho\u1ea1t \u0111\u1ed9ng \u1edf t\u1ea7n s\u1ed1\u00a0<strong>13,56 MHz<\/strong>. Ng\u01b0\u1eddi d\u00f9ng c\u00f3 th\u1ec3 t\u1ea1o ra tr\u1ea3i nghi\u1ec7m k\u1ef9 thu\u1eadt s\u1ed1 t\u00f9y ch\u1ec9nh b\u1eb1ng c\u00e1ch l\u1eadp tr\u00ecnh th\u1ebb n\u00e0y cho nhi\u1ec1u h\u00e0nh \u0111\u1ed9ng kh\u00e1c nhau, ch\u1eb3ng h\u1ea1n nh\u01b0 li\u00ean k\u1ebft \u0111\u1ebfn trang web ho\u1eb7c l\u01b0u th\u00f4ng tin li\u00ean h\u1ec7.<\/span><\/p>\n<p>&nbsp;<\/p>\n<h3><span style=\"color: #333399;\"><strong>2. C\u00e1c thu\u1ed9c t\u00ednh ch\u00ednh c\u1ee7a th\u1ebb NFC NTAG215<\/strong><\/span><\/h3>\n<h3><strong>Danh thi\u1ebfp NFC n\u00e0y bao g\u1ed3m m\u1ed9t s\u1ed1 thu\u1ed9c t\u00ednh ch\u00ednh \u0111\u00e1ng ch\u00fa \u00fd:<\/strong><\/h3>\n<ul>\n<li><strong>C\u00f4ng ngh\u1ec7 Chip<\/strong>:\u0110\u01b0\u1ee3c trang b\u1ecb chip NTAG215, l\u00e0 nh\u00e3n hi\u1ec7u \u0111\u00e3 \u0111\u0103ng k\u00fd c\u1ee7a NXP, th\u1ebb n\u00e0y h\u1ed7 tr\u1ee3 ch\u1ee9c n\u0103ng \u0111\u1ecdc v\u00e0 ghi.<\/li>\n<li><strong>Kho\u1ea3ng c\u00e1ch \u0111\u1ecdc<\/strong>: Th\u1ebb c\u00f3 th\u1ec3 \u0111\u01b0\u1ee3c \u0111\u1ecdc hi\u1ec7u qu\u1ea3 t\u1eeb kho\u1ea3ng c\u00e1ch xa\u00a0<strong>1-20cm<\/strong>, mang l\u1ea1i s\u1ef1 linh ho\u1ea1t khi s\u1eed d\u1ee5ng.<\/li>\n<li><strong>K\u00edch th\u01b0\u1edbc v\u00e0 \u0111\u1ed9 d\u00e0y<\/strong>: K\u00edch th\u01b0\u1edbc c\u1ee7a th\u1ebb l\u00e0\u00a0<strong>85,5x54x0,84mm<\/strong>, c\u00f3 k\u00edch th\u01b0\u1edbc ti\u00eau chu\u1ea9n \u0111\u1ec3 d\u1ec5 d\u00e0ng mang theo.<\/li>\n<\/ul>\n<p>&nbsp;<\/p>\n<h3 style=\"text-align: left;\"><span style=\"color: #333399;\"><strong>3. Th\u00f4ng s\u1ed1 k\u1ef9 thu\u1eadt<\/strong><\/span><\/h3>\n<div class=\"table-with-header rounded-lg border border-solid border-grey-line2-normal w-fit max-w-full mb-2\">\n<div class=\"table-with-header rounded-lg border border-solid border-grey-line2-normal w-fit max-w-full mb-2\">\n<div class=\"overflow-x-auto custom-scrollbar custom-scrollbar-float max-w-full\">\n<table class=\"w-fit !mb-0 !max-w-none\">\n<thead>\n<tr>\n<th><strong>\u0110\u1eb7c \u0111i\u1ec3m k\u1ef9 thu\u1eadt<\/strong><\/th>\n<th><strong>Chi ti\u1ebft<\/strong><\/th>\n<\/tr>\n<\/thead>\n<tbody>\n<tr>\n<td><strong>Lo\u1ea1i Chip<\/strong><\/td>\n<td>NTAG\u00ae215<\/td>\n<\/tr>\n<tr>\n<td><strong>T\u1ea7n s\u1ed1 ho\u1ea1t \u0111\u1ed9ng<\/strong><\/td>\n<td>13,56MHz<\/td>\n<\/tr>\n<tr>\n<td><strong>Ph\u01b0\u01a1ng th\u1ee9c giao ti\u1ebfp<\/strong><\/td>\n<td>RFID<\/td>\n<\/tr>\n<tr>\n<td><strong>V\u1eadt li\u1ec7u<\/strong><\/td>\n<td>PVC<\/td>\n<\/tr>\n<tr>\n<td><strong>K\u00edch th\u01b0\u1edbc th\u1ebb<\/strong><\/td>\n<td>85,5x54x0,84mm<\/td>\n<\/tr>\n<tr>\n<td><strong>Kho\u1ea3ng c\u00e1ch \u0111\u1ecdc<\/strong><\/td>\n<td>2-10cm<\/td>\n<\/tr>\n<tr>\n<td><strong>Dung l\u01b0\u1ee3ng l\u01b0u tr\u1eef<\/strong><\/td>\n<td>540 byte (v\u1edbi kho\u1ea3ng 120 byte d\u00e0nh cho d\u1eef li\u1ec7u ng\u01b0\u1eddi d\u00f9ng)<\/td>\n<\/tr>\n<tr>\n<td><strong>Nhi\u1ec7t \u0111\u1ed9 ho\u1ea1t \u0111\u1ed9ng<\/strong><\/td>\n<td>+20\u00b0C \u0111\u1ebfn +80\u00b0C<\/td>\n<\/tr>\n<tr>\n<td><strong>Nhi\u1ec7t \u0111\u1ed9 l\u01b0u tr\u1eef<\/strong><\/td>\n<td>-25\u00b0C \u0111\u1ebfn +70\u00b0C<\/td>\n<\/tr>\n<tr>\n<td><strong>\u0111\u1ed9 d\u00e0y<\/strong><\/td>\n<td>0,84mm<\/td>\n<\/tr>\n<tr>\n<td><strong>Ho\u00e0n thi\u1ec7n b\u1ec1 m\u1eb7t<\/strong><\/td>\n<td>M\u1edd, B\u00f3ng, M\u1edd, Trong su\u1ed1t (t\u00f9y ch\u1ecdn c\u00f3 th\u1ec3 t\u00f9y ch\u1ec9nh)<\/td>\n<\/tr>\n<tr>\n<td><strong>Giao th\u1ee9c<\/strong><\/td>\n<td>Ti\u00eau chu\u1ea9n ISO\/IEC14443A<\/td>\n<\/tr>\n<tr>\n<td><strong>X\u1ebfp h\u1ea1ng kh\u1ea3 n\u0103ng ch\u1ed1ng n\u01b0\u1edbc<\/strong><\/td>\n<td>IP68 (ch\u1ed1ng n\u01b0\u1edbc v\u00e0 ch\u1ed1ng b\u1ee5i)<\/td>\n<\/tr>\n<tr>\n<td><strong>Kh\u1ea3 n\u0103ng t\u01b0\u01a1ng th\u00edch<\/strong><\/td>\n<td>T\u01b0\u01a1ng th\u00edch v\u1edbi t\u1ea5t c\u1ea3 c\u00e1c thi\u1ebft b\u1ecb h\u1ed7 tr\u1ee3 NFC<\/td>\n<\/tr>\n<tr>\n<td><strong>T\u00f9y ch\u1ecdn t\u00f9y ch\u1ec9nh<\/strong><\/td>\n<td>C\u00f3 nhi\u1ec1u t\u00f9y ch\u1ecdn in \u1ea5n kh\u00e1c nhau (\u0111\u1ea7y \u0111\u1ee7 m\u00e0u s\u1eafc, \u0111\u01a1n s\u1eafc)<\/td>\n<\/tr>\n<tr>\n<td><strong>T\u00e1c \u0111\u1ed9ng m\u00f4i tr\u01b0\u1eddng<\/strong><\/td>\n<td>\u0110\u01b0\u1ee3c s\u1ea3n xu\u1ea5t b\u1eb1ng quy tr\u00ecnh th\u00e2n thi\u1ec7n v\u1edbi m\u00f4i tr\u01b0\u1eddng, tu\u00e2n th\u1ee7 c\u00e1c ti\u00eau chu\u1ea9n b\u1ec1n v\u1eefng<\/td>\n<\/tr>\n<tr>\n<td><strong>C\u00e1c \u1ee9ng d\u1ee5ng<\/strong><\/td>\n<td>L\u00fd t\u01b0\u1edfng cho c\u00e1c chuy\u00ean gia trong nhi\u1ec1u ng\u00e0nh kh\u00e1c nhau (b\u00e1n h\u00e0ng, b\u1ea5t \u0111\u1ed9ng s\u1ea3n, s\u1ef1 ki\u1ec7n, v.v.)<\/td>\n<\/tr>\n<tr>\n<td><strong>C\u00e1c t\u00ednh n\u0103ng b\u1ed5 sung<\/strong><\/td>\n<td>C\u00f3 th\u1ec3 l\u1eadp tr\u00ecnh d\u1ec5 d\u00e0ng qua NFC \u0111\u1ec3 thay \u0111\u1ed5i d\u1eef li\u1ec7u, h\u1ed7 tr\u1ee3 li\u00ean k\u1ebft m\u1ea1ng x\u00e3 h\u1ed9i<\/td>\n<\/tr>\n<tr>\n<td><strong>Tu\u1ed5i th\u1ecd<\/strong><\/td>\n<td>5 n\u0103m<\/td>\n<\/tr>\n<\/tbody>\n<\/table>\n<\/div>\n<\/div>\n<p><span style=\"color: #282828;\">B\u1ea3ng n\u00e0y cung c\u1ea5p t\u1ed5ng quan to\u00e0n di\u1ec7n v\u1ec1\u00a0<strong>Th\u1ebb kinh doanh th\u00f4ng minh NFC k\u1ef9 thu\u1eadt s\u1ed1 NTAG215 t\u00f9y ch\u1ec9nh<\/strong>, gi\u00fap kh\u00e1ch h\u00e0ng hi\u1ec3u r\u00f5 h\u01a1n v\u1ec1 t\u00ednh n\u0103ng v\u00e0 l\u1ee3i \u00edch c\u1ee7a s\u1ea3n ph\u1ea9m.<\/span><\/p>\n<p>&nbsp;<\/p>\n<\/div>\n<h2 style=\"text-align: center;\"><em><span style=\"color: #000080;\"><strong>Th\u1ef1c h\u00e0nh th\u00e2n thi\u1ec7n v\u1edbi m\u00f4i tr\u01b0\u1eddng<\/strong><\/span><\/em><\/h2>\n<p style=\"text-align: left;\"><span style=\"color: #666699;\"><strong>Trong khi c\u00f4ng ngh\u1ec7 l\u00e0 thi\u1ebft y\u1ebfu, th\u00ec cam k\u1ebft b\u1ea3o v\u1ec7 m\u00f4i tr\u01b0\u1eddng c\u0169ng v\u1eady. Th\u1ebb kinh doanh k\u1ef9 thu\u1eadt s\u1ed1 th\u00f4ng minh NFC t\u00f9y ch\u1ec9nh NTAG215 \u0111\u01b0\u1ee3c s\u1ea3n xu\u1ea5t b\u1eb1ng quy tr\u00ecnh th\u00e2n thi\u1ec7n v\u1edbi m\u00f4i tr\u01b0\u1eddng, gi\u1ea3m thi\u1ec3u t\u00e1c \u0111\u1ed9ng \u0111\u1ebfn m\u00f4i tr\u01b0\u1eddng.<\/strong><\/span><\/p>\n<p>&nbsp;<\/p>\n<h2 style=\"text-align: center;\"><em><span style=\"color: #000080;\"><strong>\u1ee8ng d\u1ee5ng trong th\u1ebf gi\u1edbi th\u1ef1c<\/strong><\/span><\/em><\/h2>\n<p style=\"text-align: left;\"><span style=\"color: #666699;\"><strong>C\u00e1c chuy\u00ean gia trong nhi\u1ec1u ng\u00e0nh kh\u00e1c nhau c\u00f3 th\u1ec3 s\u1eed d\u1ee5ng danh thi\u1ebfp NFC n\u00e0y. Cho d\u00f9 b\u1ea1n l\u00e0m trong l\u0129nh v\u1ef1c b\u00e1n h\u00e0ng, b\u1ea5t \u0111\u1ed9ng s\u1ea3n hay b\u1ea5t k\u1ef3 vai tr\u00f2 n\u00e0o \u0111\u1ed1i m\u1eb7t v\u1edbi kh\u00e1ch h\u00e0ng, vi\u1ec7c s\u1edf h\u1eefu m\u1ed9t th\u1ebb th\u00f4ng minh c\u00f3 th\u1ec3 n\u00e2ng cao kh\u1ea3 n\u0103ng k\u1ebft n\u1ed1i c\u1ee7a b\u1ea1n.<\/strong><\/span><\/p>\n<p>&nbsp;<\/p>\n<h2 style=\"text-align: center;\"><em><span style=\"color: #000080;\"><strong>\u0110\u00e1nh gi\u00e1 v\u00e0 l\u1eddi ch\u1ee9ng th\u1ef1c c\u1ee7a kh\u00e1ch h\u00e0ng<\/strong><\/span><\/em><\/h2>\n<p>Kh\u00e1ch h\u00e0ng khen ng\u1ee3i v\u1ec1 s\u1ef1 ti\u1ec7n l\u1ee3i v\u00e0 s\u1ee9c h\u1ea5p d\u1eabn hi\u1ec7n \u0111\u1ea1i c\u1ee7a\u00a0<strong>Th\u1ebb kinh doanh th\u00f4ng minh NFC k\u1ef9 thu\u1eadt s\u1ed1 NTAG215 t\u00f9y ch\u1ec9nh<\/strong>. C\u00e1c b\u00e0i \u0111\u00e1nh gi\u00e1 nh\u1ea5n m\u1ea1nh t\u00ednh d\u1ec5 s\u1eed d\u1ee5ng v\u00e0 thi\u1ebft k\u1ebf \u1ea5n t\u01b0\u1ee3ng l\u00e0 nh\u1eefng y\u1ebfu t\u1ed1 ch\u00ednh g\u00f3p ph\u1ea7n t\u1ea1o n\u00ean th\u00e0nh c\u00f4ng trong m\u1ea1ng l\u01b0\u1edbi c\u1ee7a h\u1ecd.<\/p>\n<blockquote><p>\u201cT\u00f4i th\u00edch c\u00e1ch t\u00f4i c\u00f3 th\u1ec3 d\u1ec5 d\u00e0ng chia s\u1ebb th\u00f4ng tin c\u1ee7a m\u00ecnh! M\u1ed7i l\u1ea7n t\u00f4i \u0111\u01b0a danh thi\u1ebfp, t\u00f4i \u0111\u1ec1u nh\u1eadn \u0111\u01b0\u1ee3c l\u1eddi khen. \u0110i\u1ec1u n\u00e0y gi\u00fap vi\u1ec7c k\u1ebft n\u1ed1i tr\u1edf n\u00ean d\u1ec5 d\u00e0ng h\u01a1n r\u1ea5t nhi\u1ec1u!\u201d \u2013 Jessica H.<\/p>\n<p>&nbsp;<\/p><\/blockquote>\n<h2 style=\"text-align: center;\"><span style=\"color: #000080;\"><em><strong>C\u00e2u h\u1ecfi th\u01b0\u1eddng g\u1eb7p<\/strong><\/em><\/span><\/h2>\n<p><span style=\"color: #008080;\"><strong>H: Th\u1ebb n\u00e0y c\u00f3 t\u01b0\u01a1ng th\u00edch v\u1edbi t\u1ea5t c\u1ea3 \u0111i\u1ec7n tho\u1ea1i th\u00f4ng minh kh\u00f4ng?<\/strong><\/span><\/p>\n<p>A: V\u00e2ng, <strong>Th\u1ebb kinh doanh NFC NTAG215 t\u00f9y ch\u1ec9nh<\/strong>\u00a0t\u01b0\u01a1ng th\u00edch v\u1edbi t\u1ea5t c\u1ea3 \u0111i\u1ec7n tho\u1ea1i th\u00f4ng minh v\u00e0 thi\u1ebft b\u1ecb h\u1ed7 tr\u1ee3 NFC, gi\u00fap s\u1ea3n ph\u1ea9m tr\u1edf n\u00ean linh ho\u1ea1t cho m\u1ea1ng l\u01b0\u1edbi hi\u1ec7n \u0111\u1ea1i.<\/p>\n<p><span style=\"color: #008080;\"><strong>H: T\u00f4i c\u00f3 th\u1ec3 c\u00e1 nh\u00e2n h\u00f3a thi\u1ebft k\u1ebf thi\u1ec7p kh\u00f4ng?<\/strong><\/span><\/p>\n<p>A: Ho\u00e0n to\u00e0n c\u00f3 th\u1ec3! B\u1ea1n c\u00f3 th\u1ec3 t\u00f9y ch\u1ec9nh thi\u1ebft k\u1ebf c\u1ee7a th\u1ebb v\u1edbi nhi\u1ec1u t\u00f9y ch\u1ecdn in \u1ea5n, m\u00e0u s\u1eafc v\u00e0 l\u1edbp ho\u00e0n thi\u1ec7n kh\u00e1c nhau \u0111\u1ec3 ph\u1ea3n \u00e1nh b\u1ea3n s\u1eafc c\u00e1 nh\u00e2n ho\u1eb7c th\u01b0\u01a1ng hi\u1ec7u c\u1ee7a b\u1ea1n.<\/p>","protected":false},"excerpt":{"rendered":"<p>Bi\u1ebfn \u0111\u1ed5i m\u1ea1ng l\u01b0\u1edbi v\u1edbi Danh thi\u1ebfp NFC NTAG215 t\u00f9y ch\u1ec9nh, cho ph\u00e9p chia s\u1ebb th\u00f4ng tin li\u00ean l\u1ea1c t\u1ee9c th\u1eddi ch\u1ec9 b\u1eb1ng m\u1ed9t c\u00fa ch\u1ea1m \u0111\u01a1n gi\u1ea3n, t\u1ea5t c\u1ea3 \u0111\u1ec1u c\u00f3 thi\u1ebft k\u1ebf b\u1ec1n b\u1ec9 v\u00e0 c\u00f3 th\u1ec3 t\u00f9y ch\u1ec9nh.<\/p>","protected":false},"featured_media":3380,"template":"","meta":[],"product_brand":[],"product_cat":[46],"product_tag":[],"class_list":{"0":"post-3379","1":"product","2":"type-product","3":"status-publish","4":"has-post-thumbnail","6":"product_cat-nfc-cards","8":"first","9":"instock","10":"shipping-taxable","11":"product-type-simple"},"_links":{"self":[{"href":"https:\/\/nfc-readers.com\/vi\/wp-json\/wp\/v2\/product\/3379","targetHints":{"allow":["GET"]}}],"collection":[{"href":"https:\/\/nfc-readers.com\/vi\/wp-json\/wp\/v2\/product"}],"about":[{"href":"https:\/\/nfc-readers.com\/vi\/wp-json\/wp\/v2\/types\/product"}],"wp:featuredmedia":[{"embeddable":true,"href":"https:\/\/nfc-readers.com\/vi\/wp-json\/wp\/v2\/media\/3380"}],"wp:attachment":[{"href":"https:\/\/nfc-readers.com\/vi\/wp-json\/wp\/v2\/media?parent=3379"}],"wp:term":[{"taxonomy":"product_brand","embeddable":true,"href":"https:\/\/nfc-readers.com\/vi\/wp-json\/wp\/v2\/product_brand?post=3379"},{"taxonomy":"product_cat","embeddable":true,"href":"https:\/\/nfc-readers.com\/vi\/wp-json\/wp\/v2\/product_cat?post=3379"},{"taxonomy":"product_tag","embeddable":true,"href":"https:\/\/nfc-readers.com\/vi\/wp-json\/wp\/v2\/product_tag?post=3379"}],"curies":[{"name":"wp","href":"https:\/\/api.w.org\/{rel}","templated":true}]}}