{"id":3386,"date":"2024-11-02T12:57:27","date_gmt":"2024-11-02T12:57:27","guid":{"rendered":"https:\/\/nfc-readers.com\/?post_type=product&#038;p=3386"},"modified":"2024-11-04T08:53:34","modified_gmt":"2024-11-04T08:53:34","slug":"rfid-design-music-event-event-staff-pvc-nfc-card","status":"publish","type":"product","link":"https:\/\/nfc-readers.com\/vi\/ic-reader\/rfid-design-music-event-event-staff-pvc-nfc-card\/","title":{"rendered":"Th\u1ebb NFC PVC cho s\u1ef1 ki\u1ec7n \u00e2m nh\u1ea1c"},"content":{"rendered":"<h1 style=\"text-align: left;\"><span style=\"color: #000080;\"><strong>Th\u1ebb NFC PVC cho s\u1ef1 ki\u1ec7n \u00e2m nh\u1ea1c<\/strong><\/span><\/h1>\n<div class=\"table-with-header rounded-lg border border-solid border-grey-line2-normal w-fit max-w-full mb-2\">\n<div class=\"h-8 items-center flex justify-between px-2 text-xs border-0 border-b border-solid border-grey-line2-normal\">\n<div class=\"text-text-primary-3 flex items-center gap-1\">\n<h3 style=\"text-align: left;\"><span style=\"color: #008080;\"><strong>M\u1edf kh\u00f3a s\u1ee9c m\u1ea1nh c\u1ee7a qu\u1ea3n l\u00fd s\u1ef1 ki\u1ec7n li\u1ec1n m\u1ea1ch<\/strong><\/span><\/h3>\n<p style=\"text-align: left;\"><strong><span style=\"color: #666699;\">L\u00e0 m\u1ed9t nh\u00e0 t\u1ed5 ch\u1ee9c s\u1ef1 ki\u1ec7n, b\u1ea1n bi\u1ebft r\u1eb1ng ki\u1ec3m so\u00e1t truy c\u1eadp li\u1ec1n m\u1ea1ch v\u00e0 qu\u1ea3n l\u00fd \u0111\u00e1m \u0111\u00f4ng hi\u1ec7u qu\u1ea3 l\u00e0 ch\u00eca kh\u00f3a cho m\u1ed9t s\u1ef1 ki\u1ec7n th\u00e0nh c\u00f4ng. Th\u1ebb NFC PVC cho s\u1ef1 ki\u1ec7n \u00e2m nh\u1ea1c l\u00e0 gi\u1ea3i ph\u00e1p b\u1ea1n \u0111ang t\u00ecm ki\u1ebfm, c\u00e1ch m\u1ea1ng h\u00f3a c\u00e1ch b\u1ea1n qu\u1ea3n l\u00fd c\u00e1c l\u1ec5 h\u1ed9i \u00e2m nh\u1ea1c, tri\u1ec3n l\u00e3m v\u00e0 di\u1ec5n \u0111\u00e0n c\u1ee7a m\u00ecnh.<\/span><\/strong><\/p>\n<p style=\"text-align: left;\"><strong><span style=\"color: #666699;\">\u0110\u01b0\u1ee3c ch\u1ebf t\u1ea1o b\u1eb1ng c\u00f4ng ngh\u1ec7 h\u00e0ng \u0111\u1ea7u trong ng\u00e0nh v\u00e0 \u0111\u1ed9 b\u1ec1n v\u00f4 song, nh\u1eefng th\u1ebb NFC n\u00e0y cung c\u1ea5p m\u1ed9t g\u00f3i t\u00ednh n\u0103ng to\u00e0n di\u1ec7n s\u1ebd n\u00e2ng cao tr\u1ea3i nghi\u1ec7m s\u1ef1 ki\u1ec7n c\u1ee7a b\u1ea1n. T\u1eeb x\u00e1c th\u1ef1c danh t\u00ednh \u0111\u00e1ng tin c\u1eady \u0111\u1ebfn ki\u1ec3m so\u00e1t kh\u00e1ch truy c\u1eadp h\u00e0ng ng\u00e0y tr\u01a1n tru, Th\u1ebb NFC PVC cho S\u1ef1 ki\u1ec7n \u00c2m nh\u1ea1c l\u00e0 c\u00f4ng c\u1ee5 thi\u1ebft y\u1ebfu b\u1ea1n c\u1ea7n \u0111\u1ec3 \u0111\u01b0a vi\u1ec7c qu\u1ea3n l\u00fd s\u1ef1 ki\u1ec7n c\u1ee7a m\u00ecnh l\u00ean m\u1ed9t t\u1ea7m cao m\u1edbi.<\/span><\/strong><\/p>\n<h2 style=\"text-align: left;\"><span style=\"color: #000080;\"><em><strong>S\u01a1 l\u01b0\u1ee3c s\u1ea3n ph\u1ea9m<\/strong><\/em><\/span><\/h2>\n<h3 style=\"text-align: left;\"><span style=\"color: #333399;\"><strong>1. Thu\u1ed9c t\u00ednh ch\u00ednh: <\/strong><\/span><\/h3>\n<h3 style=\"text-align: left;\"><span style=\"color: #333399;\"><strong>Ch\u1ea5t l\u01b0\u1ee3ng v\u00e0 an ninh kh\u00f4ng th\u1ecfa hi\u1ec7p<\/strong><\/span><\/h3>\n<p style=\"text-align: left;\">Th\u1ebb NFC PVC cho s\u1ef1 ki\u1ec7n \u00e2m nh\u1ea1c \u0111\u01b0\u1ee3c ch\u1ebf t\u1ea1o \u0111\u1ec3 ch\u1ecbu \u0111\u01b0\u1ee3c s\u1ef1 kh\u1eafc nghi\u1ec7t c\u1ee7a m\u00f4i tr\u01b0\u1eddng c\u00f3 l\u01b0u l\u01b0\u1ee3ng truy c\u1eadp cao. \u0110\u01b0\u1ee3c ch\u1ebf t\u1ea1o t\u1eeb b\u1ec1n\u00a0<strong>PVC<\/strong>, nh\u1eefng th\u1ebb n\u00e0y \u0111\u01b0\u1ee3c thi\u1ebft k\u1ebf \u0111\u1ec3 ch\u1ed1ng hao m\u00f2n, \u0111\u1ea3m b\u1ea3o \u0111\u1ed9 tin c\u1eady l\u00e2u d\u00e0i ngay c\u1ea3 trong nh\u1eefng \u0111i\u1ec1u ki\u1ec7n kh\u1eafc nghi\u1ec7t nh\u1ea5t.<\/p>\n<h3 style=\"text-align: left;\"><strong><span style=\"color: #333399;\">2. \u01afu \u0111i\u1ec3m ri\u00eang c\u1ee7a t\u1eebng ng\u00e0nh: <\/span><\/strong><\/h3>\n<h3 style=\"text-align: left;\"><strong><span style=\"color: #333399;\">D\u00e0nh ri\u00eang cho Nh\u00e0 t\u1ed5 ch\u1ee9c s\u1ef1 ki\u1ec7n<\/span><\/strong><\/h3>\n<p style=\"text-align: left;\">\u0110\u01b0\u1ee3c thi\u1ebft k\u1ebf v\u1edbi m\u1ee5c \u0111\u00edch \u0111\u00e1p \u1ee9ng nhu c\u1ea7u ri\u00eang bi\u1ec7t c\u1ee7a nh\u1eefng ng\u01b0\u1eddi t\u1ed5 ch\u1ee9c s\u1ef1 ki\u1ec7n, <strong>Th\u1ebb NFC PVC cho s\u1ef1 ki\u1ec7n \u00e2m nh\u1ea1c<\/strong>\u00a0cung c\u1ea5p m\u1ed9t b\u1ed9 t\u00ednh n\u0103ng t\u00edch h\u1ee3p li\u1ec1n m\u1ea1ch v\u1edbi h\u1ec7 th\u1ed1ng ki\u1ec3m so\u00e1t ra v\u00e0o v\u00e0 h\u1ee3p l\u00fd h\u00f3a vi\u1ec7c qu\u1ea3n l\u00fd \u0111\u00e1m \u0111\u00f4ng.<\/p>\n<p>&nbsp;<\/p>\n<h3><span style=\"color: #333399;\"><strong>3. T\u00ednh n\u0103ng<\/strong><\/span><\/h3>\n<\/div>\n<\/div>\n<\/div>\n<div class=\"table-with-header rounded-lg border border-solid border-grey-line2-normal w-fit max-w-full mb-2\">\n<div class=\"overflow-x-auto custom-scrollbar custom-scrollbar-float max-w-full\">\n<table class=\"w-fit !mb-0 !max-w-none\">\n<thead>\n<tr>\n<th><strong>Lo\u1ea1i<\/strong><\/th>\n<th><strong>Chi ti\u1ebft<\/strong><\/th>\n<\/tr>\n<\/thead>\n<tbody>\n<tr>\n<td><strong>V\u1eadt li\u1ec7u<\/strong><\/td>\n<td>PVC ch\u1ea5t l\u01b0\u1ee3ng cao, b\u1ec1n b\u1ec9 khi s\u1eed d\u1ee5ng l\u00e2u d\u00e0i.<\/td>\n<\/tr>\n<tr>\n<td><strong>C\u00f4ng ngh\u1ec7 Chip<\/strong><\/td>\n<td>Chip t\u01b0\u01a1ng th\u00edch NFC (Ntag213, Ntag215, Ntag216) gi\u00fap t\u0103ng c\u01b0\u1eddng b\u1ea3o m\u1eadt.<\/td>\n<\/tr>\n<tr>\n<td><strong>\u0110\u1ed9 b\u1ec1n<\/strong><\/td>\n<td>Ch\u1ed1ng th\u1ea5m n\u01b0\u1edbc v\u00e0 ch\u1ecbu \u0111\u01b0\u1ee3c th\u1eddi ti\u1ebft th\u00edch h\u1ee3p cho c\u00e1c s\u1ef1 ki\u1ec7n ngo\u00e0i tr\u1eddi.<\/td>\n<\/tr>\n<tr>\n<td><strong>T\u00ednh th\u01b0\u1eddng xuy\u00ean<\/strong><\/td>\n<td>13,56MHz<\/td>\n<\/tr>\n<tr>\n<td><strong>Kho\u1ea3ng c\u00e1ch \u0111\u1ecdc<\/strong><\/td>\n<td>0-10cm<\/td>\n<\/tr>\n<tr>\n<td><strong>T\u00f9y ch\u1ecdn k\u00edch th\u01b0\u1edbc<\/strong><\/td>\n<td>K\u00edch th\u01b0\u1edbc t\u00f9y ch\u1ec9nh: 70x100mm, 80x120mm, 85.5x54mm<\/td>\n<\/tr>\n<tr>\n<td><strong>T\u00f9y ch\u1ecdn \u0111\u1ed9 d\u00e0y<\/strong><\/td>\n<td>0,76mm \u0111\u1ebfn 0,85mm<\/td>\n<\/tr>\n<tr>\n<td><strong>Ph\u01b0\u01a1ng ph\u00e1p in<\/strong><\/td>\n<td>In b\u1ed1n m\u00e0u CMYK, in offset v\u00e0 in l\u1ee5a.<\/td>\n<\/tr>\n<tr>\n<td><strong>Ho\u00e0n thi\u1ec7n b\u1ec1 m\u1eb7t<\/strong><\/td>\n<td>C\u00f3 s\u1eb5n c\u00e1c t\u00f9y ch\u1ecdn b\u00f3ng, m\u1edd ho\u1eb7c m\u1edd.<\/td>\n<\/tr>\n<tr>\n<td><strong>X\u00e1c minh danh t\u00ednh<\/strong><\/td>\n<td>H\u1ed7 tr\u1ee3 h\u1ec7 th\u1ed1ng ki\u1ec3m so\u00e1t ra v\u00e0o \u0111\u1ec3 ng\u0103n ch\u1eb7n x\u00e2m nh\u1eadp tr\u00e1i ph\u00e9p.<\/td>\n<\/tr>\n<tr>\n<td><strong>Ki\u1ec3m so\u00e1t kh\u00e1ch vi\u1ebfng th\u0103m<\/strong><\/td>\n<td>Qu\u1ea3n l\u00fd lu\u1ed3ng ng\u01b0\u1eddi tham d\u1ef1 hi\u1ec7u qu\u1ea3 cho c\u00e1c s\u1ef1 ki\u1ec7n k\u00e9o d\u00e0i nhi\u1ec1u ng\u00e0y.<\/td>\n<\/tr>\n<tr>\n<td><strong>Qu\u1ea3n l\u00fd \u0111\u00e1m \u0111\u00f4ng<\/strong><\/td>\n<td>T\u1ea1o \u0111i\u1ec1u ki\u1ec7n thu\u1eadn l\u1ee3i cho qu\u00e1 tr\u00ecnh nh\u1eadp c\u1ea3nh, gi\u1ea3m th\u1eddi gian ch\u1edd \u0111\u1ee3i.<\/td>\n<\/tr>\n<tr>\n<td><strong>T\u00f9y ch\u1ec9nh<\/strong><\/td>\n<td>Thi\u1ebft k\u1ebf ri\u00eang cho ch\u1ee7 \u0111\u1ec1 th\u01b0\u01a1ng hi\u1ec7u v\u00e0 s\u1ef1 ki\u1ec7n.<\/td>\n<\/tr>\n<tr>\n<td><strong>T\u00e1c \u0111\u1ed9ng m\u00f4i tr\u01b0\u1eddng<\/strong><\/td>\n<td>V\u1eadt li\u1ec7u th\u00e2n thi\u1ec7n v\u1edbi m\u00f4i tr\u01b0\u1eddng c\u00f3 kh\u1ea3 n\u0103ng t\u00e1i ch\u1ebf.<\/td>\n<\/tr>\n<tr>\n<td><strong>Ph\u1ea3n h\u1ed3i c\u1ee7a kh\u00e1ch h\u00e0ng<\/strong><\/td>\n<td>\u0110\u00e1nh gi\u00e1 c\u1ee7a ng\u01b0\u1eddi d\u00f9ng nh\u1ea5n m\u1ea1nh t\u00ednh hi\u1ec7u qu\u1ea3 v\u00e0 \u0111\u1ed9 tin c\u1eady.<\/td>\n<\/tr>\n<tr>\n<td><\/td>\n<td><\/td>\n<\/tr>\n<\/tbody>\n<\/table>\n<\/div>\n<\/div>\n<div class=\"chat-list relative custom-scrollbar-reset-margin custom-scrollbar custom-scrollbar-hidden custom-scrollbar-float pb-9 flex-1 overflow-y-auto\">\n<div class=\"mx-auto max-w-[790px]\">\n<div class=\"message-item-outer relative px-4 mb-2\" data-id=\"d48d37b0-da1a-4c85-9917-d0c1a6993b41\">\n<div class=\"content-area pl-[0px]\">\n<div class=\"message-item select-text relative\">\n<div class=\"message-inner relative\">\n<div class=\"py-[2px]\">\n<div class=\"flex flex-col gap-2\">\n<div class=\"answer-markdown-box overflow-x-auto select-text custom-scrollbar\">\n<div class=\"markdown-body\">\n<h3><strong><span style=\"color: #333399;\">4. Giao di\u1ec7n truy\u1ec1n th\u00f4ng: <\/span><\/strong><\/h3>\n<h3><strong><span style=\"color: #333399;\">T\u1eadn d\u1ee5ng c\u00f4ng ngh\u1ec7 RFID v\u00e0 NFC<\/span><\/strong><\/h3>\n<p>B\u1eb1ng c\u00e1ch s\u1eed d\u1ee5ng\u00a0<strong>Giao di\u1ec7n truy\u1ec1n th\u00f4ng RFID v\u00e0 NFC<\/strong>Th\u1ebb PVC NFC d\u00e0nh cho s\u1ef1 ki\u1ec7n \u00e2m nh\u1ea1c t\u1ea1o \u0111i\u1ec1u ki\u1ec7n trao \u0111\u1ed5i d\u1eef li\u1ec7u nhanh ch\u00f3ng v\u00e0 \u0111\u00e1ng tin c\u1eady gi\u1eefa th\u1ebb v\u00e0 \u0111\u1ea7u \u0111\u1ecdc, cho ph\u00e9p ki\u1ec3m so\u00e1t truy c\u1eadp tr\u01a1n tru v\u00e0 qu\u1ea3n l\u00fd \u0111\u00e1m \u0111\u00f4ng hi\u1ec7u qu\u1ea3.<\/p>\n<p>&nbsp;<\/p>\n<h3><span style=\"color: #333399;\"><strong>5. T\u1ea7n su\u1ea5t v\u00e0 kho\u1ea3ng c\u00e1ch \u0111\u1ecdc: <\/strong><\/span><\/h3>\n<h3><span style=\"color: #333399;\"><strong>\u0110\u01b0\u1ee3c t\u1ed1i \u01b0u h\u00f3a cho hi\u1ec7u su\u1ea5t li\u1ec1n m\u1ea1ch<\/strong><\/span><\/h3>\n<p>Ho\u1ea1t \u0111\u1ed9ng t\u1ea1i m\u1ed9t\u00a0<strong>T\u1ea7n s\u1ed1 13,56 MHz<\/strong>\u00a0v\u00e0 khoe khoang m\u1ed9t\u00a0<strong>Kho\u1ea3ng c\u00e1ch \u0111\u1ecdc 0-10 cm<\/strong>, c\u00e1c th\u1ebb NFC n\u00e0y mang l\u1ea1i hi\u1ec7u su\u1ea5t \u0111\u00e1ng tin c\u1eady, \u0111\u1ea3m b\u1ea3o tr\u1ea3i nghi\u1ec7m d\u1ec5 d\u00e0ng cho c\u1ea3 ng\u01b0\u1eddi t\u1ed5 ch\u1ee9c s\u1ef1 ki\u1ec7n v\u00e0 ng\u01b0\u1eddi tham d\u1ef1.<\/p>\n<p>&nbsp;<\/p>\n<h3><strong><span style=\"color: #333399;\">6. T\u00f9y ch\u1ecdn t\u00f9y ch\u1ec9nh: <\/span><\/strong><\/h3>\n<h3><strong><span style=\"color: #333399;\">Ph\u00f9 h\u1ee3p v\u1edbi nhu c\u1ea7u c\u1ee7a b\u1ea1n<\/span><\/strong><\/h3>\n<p>Cung c\u1ea5p m\u1ed9t lo\u1ea1t c\u00e1c\u00a0<strong>t\u00f9y ch\u1ecdn k\u00edch th\u01b0\u1edbc v\u00e0 \u0111\u1ed9 d\u00e0y<\/strong>Th\u1ebb NFC PVC d\u00e0nh cho s\u1ef1 ki\u1ec7n \u00e2m nh\u1ea1c c\u00f3 th\u1ec3 \u0111\u01b0\u1ee3c t\u00f9y ch\u1ec9nh \u0111\u1ec3 \u0111\u00e1p \u1ee9ng c\u00e1c y\u00eau c\u1ea7u c\u1ee5 th\u1ec3 c\u1ee7a s\u1ef1 ki\u1ec7n c\u1ee7a b\u1ea1n, cho d\u00f9 \u0111\u00f3 l\u00e0 l\u1ec5 h\u1ed9i \u00e2m nh\u1ea1c quy m\u00f4 l\u1edbn hay di\u1ec5n \u0111\u00e0n th\u00e2n m\u1eadt trong ng\u00e0nh.<\/p>\n<p>&nbsp;<\/p>\n<h3><strong><span style=\"color: #333399;\">7. In \u1ea5n v\u00e0 ho\u00e0n thi\u1ec7n b\u1ec1 m\u1eb7t: <\/span><\/strong><\/h3>\n<h3><strong><span style=\"color: #333399;\">N\u00e2ng cao th\u01b0\u01a1ng hi\u1ec7u c\u1ee7a b\u1ea1n<\/span><\/strong><\/h3>\n<p>V\u1edbi\u00a0<strong>In CMYK 4C, in offset v\u00e0 in l\u1ee5a<\/strong>\u00a0kh\u1ea3 n\u0103ng, c\u00e1c th\u1ebb NFC n\u00e0y c\u00f3 th\u1ec3 \u0111\u01b0\u1ee3c trang tr\u00ed b\u1eb1ng \u0111\u1ed3 h\u1ecda v\u00e0 logo s\u1ed1ng \u0111\u1ed9ng, b\u1ed5 sung th\u00eam s\u1ef1 l\u1ef1a ch\u1ecdn\u00a0<strong>b\u1ec1 m\u1eb7t b\u00f3ng, m\u1edd ho\u1eb7c m\u1edd<\/strong>\u00a0\u0111\u1ec3 ph\u00f9 h\u1ee3p v\u1edbi t\u00ednh th\u1ea9m m\u1ef9 c\u1ee7a th\u01b0\u01a1ng hi\u1ec7u b\u1ea1n.<\/p>\n<p>&nbsp;<\/p>\n<h3><strong><span style=\"color: #333399;\">8. T\u00e1c \u0111\u1ed9ng m\u00f4i tr\u01b0\u1eddng: <\/span><\/strong><\/h3>\n<h3><strong><span style=\"color: #333399;\">Gi\u1ea3i ph\u00e1p b\u1ec1n v\u1eefng cho s\u1ef1 ki\u1ec7n<\/span><\/strong><\/h3>\n<p>L\u00e0 \u0111\u01a1n v\u1ecb t\u1ed5 ch\u1ee9c s\u1ef1 ki\u1ec7n, ch\u00fang t\u00f4i hi\u1ec3u \u0111\u01b0\u1ee3c t\u1ea7m quan tr\u1ecdng c\u1ee7a tr\u00e1ch nhi\u1ec7m v\u1edbi m\u00f4i tr\u01b0\u1eddng. \u0110\u00f3 l\u00e0 l\u00fd do t\u1ea1i sao Th\u1ebb NFC PVC cho S\u1ef1 ki\u1ec7n \u00e2m nh\u1ea1c \u0111\u01b0\u1ee3c thi\u1ebft k\u1ebf b\u1eb1ng v\u1eadt li\u1ec7u th\u00e2n thi\u1ec7n v\u1edbi m\u00f4i tr\u01b0\u1eddng v\u00e0 c\u00e1c t\u00f9y ch\u1ecdn t\u00e1i ch\u1ebf, cho ph\u00e9p b\u1ea1n t\u1ed5 ch\u1ee9c s\u1ef1 ki\u1ec7n c\u1ee7a m\u00ecnh v\u1edbi tr\u1ecdng t\u00e2m l\u00e0 t\u00ednh b\u1ec1n v\u1eefng.<\/p>\n<p>&nbsp;<\/p>\n<\/div>\n<\/div>\n<\/div>\n<\/div>\n<\/div>\n<\/div>\n<\/div>\n<\/div>\n<\/div>\n<\/div>\n<p>&nbsp;<\/p>\n<p><strong><span style=\"color: #008080;\">B\u1ea3ng n\u00e0y n\u00eau b\u1eadt c\u00e1c t\u00ednh n\u0103ng v\u00e0 l\u1ee3i th\u1ebf ch\u00ednh c\u1ee7a Th\u1ebb PVC NFC d\u00e0nh cho S\u1ef1 ki\u1ec7n \u00c2m nh\u1ea1c, khi\u1ebfn \u0111\u00e2y tr\u1edf th\u00e0nh c\u00f4ng c\u1ee5 thi\u1ebft y\u1ebfu \u0111\u1ec3 qu\u1ea3n l\u00fd s\u1ef1 ki\u1ec7n hi\u1ec7u qu\u1ea3. <\/span><\/strong><\/p>\n<h3><span style=\"color: #008000;\"><em><strong>\u0110\u1ec3 bi\u1ebft th\u00eam th\u00f4ng tin ho\u1eb7c y\u00eau c\u1ea7u m\u1eabu mi\u1ec5n ph\u00ed, vui l\u00f2ng \u0111i\u1ec1n v\u00e0o bi\u1ec3u m\u1eabu y\u00eau c\u1ea7u v\u00e0 ch\u00fang t\u00f4i s\u1ebd s\u1eb5n l\u00f2ng h\u1ed7 tr\u1ee3 b\u1ea1n!<\/strong><\/em><\/span><\/h3>","protected":false},"excerpt":{"rendered":"<p>N\u00e2ng cao tr\u1ea3i nghi\u1ec7m s\u1ef1 ki\u1ec7n c\u1ee7a b\u1ea1n v\u1edbi Th\u1ebb PVC NFC d\u00e0nh cho S\u1ef1 ki\u1ec7n \u00c2m nh\u1ea1c \u2013 gi\u1ea3i ph\u00e1p t\u1ed1i \u01b0u \u0111\u1ec3 ki\u1ec3m so\u00e1t ra v\u00e0o li\u1ec1n m\u1ea1ch v\u00e0 qu\u1ea3n l\u00fd \u0111\u00e1m \u0111\u00f4ng hi\u1ec7u qu\u1ea3.<\/p>","protected":false},"featured_media":3387,"template":"","meta":[],"product_brand":[],"product_cat":[46],"product_tag":[],"class_list":{"0":"post-3386","1":"product","2":"type-product","3":"status-publish","4":"has-post-thumbnail","6":"product_cat-nfc-cards","8":"first","9":"instock","10":"shipping-taxable","11":"product-type-simple"},"_links":{"self":[{"href":"https:\/\/nfc-readers.com\/vi\/wp-json\/wp\/v2\/product\/3386","targetHints":{"allow":["GET"]}}],"collection":[{"href":"https:\/\/nfc-readers.com\/vi\/wp-json\/wp\/v2\/product"}],"about":[{"href":"https:\/\/nfc-readers.com\/vi\/wp-json\/wp\/v2\/types\/product"}],"wp:featuredmedia":[{"embeddable":true,"href":"https:\/\/nfc-readers.com\/vi\/wp-json\/wp\/v2\/media\/3387"}],"wp:attachment":[{"href":"https:\/\/nfc-readers.com\/vi\/wp-json\/wp\/v2\/media?parent=3386"}],"wp:term":[{"taxonomy":"product_brand","embeddable":true,"href":"https:\/\/nfc-readers.com\/vi\/wp-json\/wp\/v2\/product_brand?post=3386"},{"taxonomy":"product_cat","embeddable":true,"href":"https:\/\/nfc-readers.com\/vi\/wp-json\/wp\/v2\/product_cat?post=3386"},{"taxonomy":"product_tag","embeddable":true,"href":"https:\/\/nfc-readers.com\/vi\/wp-json\/wp\/v2\/product_tag?post=3386"}],"curies":[{"name":"wp","href":"https:\/\/api.w.org\/{rel}","templated":true}]}}