{"id":3396,"date":"2024-11-03T02:56:29","date_gmt":"2024-11-03T02:56:29","guid":{"rendered":"https:\/\/nfc-readers.com\/?post_type=product&#038;p=3396"},"modified":"2024-11-03T02:56:30","modified_gmt":"2024-11-03T02:56:30","slug":"fast-read-encrypted-rfid-nfc-event-wristband-ntag215-mifare","status":"publish","type":"product","link":"https:\/\/nfc-readers.com\/vi\/ic-reader\/fast-read-encrypted-rfid-nfc-event-wristband-ntag215-mifare\/","title":{"rendered":"V\u00f2ng \u0111eo tay s\u1ef1 ki\u1ec7n RFID NFC \u0111\u01b0\u1ee3c m\u00e3 h\u00f3a \u0111\u1ecdc nhanh Ntag215 MIFARE"},"content":{"rendered":"<h1 style=\"text-align: center;\">V\u00f2ng \u0111eo tay s\u1ef1 ki\u1ec7n RFID NFC \u0111\u01b0\u1ee3c m\u00e3 h\u00f3a \u0111\u1ecdc nhanh Ntag215 MIFARE<\/h1>\n<p>&nbsp;<\/p>\n<p>Trong th\u1eddi \u0111\u1ea1i k\u1ef9 thu\u1eadt s\u1ed1, gi\u1ea3i ph\u00e1p ki\u1ec3m so\u00e1t truy c\u1eadp li\u1ec1n m\u1ea1ch v\u00e0 giao d\u1ecbch kh\u00f4ng d\u00f9ng ti\u1ec1n m\u1eb7t \u0111\u00e3 tr\u1edf n\u00ean thi\u1ebft y\u1ebfu \u0111\u1ed1i v\u1edbi c\u00e1c s\u1ef1 ki\u1ec7n \u1edf m\u1ecdi quy m\u00f4. Gi\u1edbi thi\u1ec7u <strong>V\u00f2ng \u0111eo tay s\u1ef1 ki\u1ec7n RFID NFC \u0111\u01b0\u1ee3c m\u00e3 h\u00f3a \u0111\u1ecdc nhanh Ntag215 MIFARE<\/strong>\u00a0t\u1eeb\u00a0<em>SXNFC<\/em>, gi\u1ea3i ph\u00e1p t\u1ed1i \u01b0u \u0111\u1ec3 n\u00e2ng cao tr\u1ea3i nghi\u1ec7m c\u1ee7a kh\u00e1ch v\u00e0 \u0111\u1ea3m b\u1ea3o qu\u1ea3n l\u00fd s\u1ef1 ki\u1ec7n hi\u1ec7u qu\u1ea3. \u0110\u01b0\u1ee3c thi\u1ebft k\u1ebf d\u00e0nh ri\u00eang cho nhi\u1ec1u s\u1ef1 ki\u1ec7n kh\u00e1c nhau\u2014t\u1eeb l\u1ec5 h\u1ed9i \u00e2m nh\u1ea1c v\u00e0 s\u1ef1 ki\u1ec7n th\u1ec3 thao \u0111\u1ebfn h\u1ed9i ngh\u1ecb v\u00e0 t\u00ecnh hu\u1ed1ng ki\u1ec3m so\u00e1t ra v\u00e0o\u2014v\u00f2ng \u0111eo tay n\u00e0y k\u1ebft h\u1ee3p c\u00f4ng ngh\u1ec7 ti\u00ean ti\u1ebfn v\u1edbi c\u00e1c t\u00ednh n\u0103ng th\u00e2n thi\u1ec7n v\u1edbi ng\u01b0\u1eddi d\u00f9ng.<\/p>\n<p>&nbsp;<\/p>\n<h3>T\u1ea1i sao n\u00ean mua v\u00f2ng \u0111eo tay s\u1ef1 ki\u1ec7n RFID NFC m\u00e3 h\u00f3a \u0111\u1ecdc nhanh?<\/h3>\n<p>C\u00e1c\u00a0<strong>Th\u1ebb MIFARE Ntag215<\/strong>\u00a0V\u00f2ng \u0111eo tay RFID\/NFC l\u00e0 s\u1ea3n ph\u1ea9m s\u00e1ng t\u1ea1o mang l\u1ea1i nhi\u1ec1u l\u1ee3i \u00edch. \u0110\u01b0\u1ee3c ch\u1ebf t\u1ea1o t\u1eeb v\u1eadt li\u1ec7u PVC b\u1ec1n v\u00e0 d\u1ec7t, s\u1ea3n ph\u1ea9m h\u1ee9a h\u1eb9n \u0111\u1ed9 b\u1ec1n v\u00e0 \u0111\u1ed9 tin c\u1eady. Ch\u1ee9c n\u0103ng \u0111\u1ecdc nhanh c\u1ee7a s\u1ea3n ph\u1ea9m \u0111\u1ea3m b\u1ea3o gi\u1ea3m th\u1eddi gian ch\u1edd \u0111\u1ee3i, c\u1ea3i thi\u1ec7n l\u01b0u l\u01b0\u1ee3ng kh\u00e1ch t\u1ea1i c\u00e1c \u0111i\u1ec3m v\u00e0o. Th\u00eam v\u00e0o \u0111\u00f3, v\u1edbi thi\u1ebft k\u1ebf ch\u1ed1ng th\u1ea5m n\u01b0\u1edbc, b\u1ea1n c\u00f3 th\u1ec3 t\u1ef1 tin s\u1eed d\u1ee5ng v\u00f2ng \u0111eo tay n\u00e0y t\u1ea1i c\u00e1c s\u1ef1 ki\u1ec7n ngo\u00e0i tr\u1eddi, c\u00f4ng vi\u00ean n\u01b0\u1edbc, v.v., n\u01a1i m\u00e0 vi\u1ec7c ti\u1ebfp x\u00fac v\u1edbi \u0111\u1ed9 \u1ea9m l\u00e0 m\u1ed1i quan t\u00e2m.<\/p>\n<p>V\u1edbi\u00a0<strong>V\u00f2ng \u0111eo tay NFC<\/strong>, b\u1ea1n kh\u00f4ng ch\u1ec9 mua m\u1ed9t s\u1ea3n ph\u1ea9m; b\u1ea1n \u0111ang \u0111\u1ea7u t\u01b0 v\u00e0o tr\u1ea3i nghi\u1ec7m n\u00e2ng cao c\u1ee7a ng\u01b0\u1eddi tham d\u1ef1. Nh\u1eefng chi\u1ebfc v\u00f2ng \u0111eo tay n\u00e0y l\u00fd t\u01b0\u1edfng cho c\u00e1c giao d\u1ecbch kh\u00f4ng d\u00f9ng ti\u1ec1n m\u1eb7t, h\u1ee3p l\u00fd h\u00f3a vi\u1ec7c mua h\u00e0ng v\u1edbi c\u00e1c gi\u1ea3i ph\u00e1p thanh to\u00e1n kh\u00f4ng ti\u1ebfp x\u00fac. B\u1ea1n s\u1ebd kh\u00f4ng c\u00f2n ph\u1ea3i lo l\u1eafng v\u1ec1 vi\u1ec7c x\u1eed l\u00fd ti\u1ec1n m\u1eb7t ho\u1eb7c v\u00e9 v\u1eadt l\u00fd n\u1eefa\u2014m\u1ecdi th\u1ee9 \u0111\u1ec1u c\u00f3 th\u1ec3 \u0111\u01b0\u1ee3c qu\u1ea3n l\u00fd thu\u1eadn ti\u1ec7n th\u00f4ng qua v\u00f2ng \u0111eo tay.<\/p>\n<p>&nbsp;<\/p>\n<h2>T\u00ednh n\u0103ng \u0111\u1eb7c bi\u1ec7t c\u1ee7a v\u00f2ng \u0111eo tay s\u1ef1 ki\u1ec7n RFID NFC<\/h2>\n<p>C\u00e1c\u00a0<strong>V\u00f2ng \u0111eo tay s\u1ef1 ki\u1ec7n RFID NFC \u0111\u01b0\u1ee3c m\u00e3 h\u00f3a \u0111\u1ecdc nhanh Ntag215 MIFARE<\/strong>\u00a0\u0111\u01b0\u1ee3c t\u00edch h\u1ee3p nhi\u1ec1u t\u00ednh n\u0103ng khi\u1ebfn n\u00f3 tr\u1edf th\u00e0nh l\u1ef1a ch\u1ecdn th\u00f4ng minh cho m\u1ecdi d\u1ecbp.<\/p>\n<ul>\n<li><strong>B\u1ea3o m\u1eadt ch\u1ed1ng gi\u1ea3 m\u1ea1o:<\/strong>\u00a0M\u1ed7i v\u00f2ng \u0111eo tay \u0111\u1ec1u c\u00f3 c\u00f4ng ngh\u1ec7 m\u00e3 h\u00f3a \u0111\u1ec3 b\u1ea3o v\u1ec7 d\u1eef li\u1ec7u nh\u1ea1y c\u1ea3m, mang l\u1ea1i s\u1ef1 an t\u00e2m cho c\u1ea3 ng\u01b0\u1eddi t\u1ed5 ch\u1ee9c s\u1ef1 ki\u1ec7n v\u00e0 ng\u01b0\u1eddi tham d\u1ef1.<\/li>\n<li><strong>Th\u00e2n thi\u1ec7n v\u1edbi ng\u01b0\u1eddi d\u00f9ng:<\/strong>\u00a0V\u00f2ng \u0111eo tay r\u1ea5t d\u1ec5 s\u1eed d\u1ee5ng; ch\u1ec9 c\u1ea7n ch\u1ea1m ch\u00fang v\u00e0o \u0111\u1ea7u \u0111\u1ecdc h\u1ed7 tr\u1ee3 NFC l\u00e0 b\u1ea1n c\u00f3 th\u1ec3 truy c\u1eadp ho\u1eb7c thanh to\u00e1n m\u00e0 kh\u00f4ng c\u1ea7n d\u00f9ng ti\u1ec1n m\u1eb7t.<\/li>\n<li><strong>Ph\u1ea1m vi \u0111\u1ecdc:<\/strong>\u00a0V\u1edbi kho\u1ea3ng c\u00e1ch \u0111\u1ecdc l\u00ean t\u1edbi 10 cm, nh\u1eefng chi\u1ebfc v\u00f2ng \u0111eo tay n\u00e0y ho\u1ea1t \u0111\u1ed9ng hi\u1ec7u qu\u1ea3 m\u00e0 kh\u00f4ng c\u1ea7n ti\u1ebfp x\u00fac tr\u1ef1c ti\u1ebfp v\u1edbi \u0111\u1ea7u \u0111\u1ecdc.<\/li>\n<\/ul>\n<p>S\u1ef1 k\u1ebft h\u1ee3p c\u1ee7a nh\u1eefng t\u00ednh n\u0103ng \u0111\u1eb7c bi\u1ec7t n\u00e0y kh\u00f4ng ch\u1ec9 \u0111\u1ea3m b\u1ea3o t\u0103ng c\u01b0\u1eddng t\u00ednh b\u1ea3o m\u1eadt m\u00e0 c\u00f2n n\u00e2ng cao tr\u1ea3i nghi\u1ec7m t\u1ed5ng th\u1ec3 c\u1ee7a ng\u01b0\u1eddi d\u00f9ng.<\/p>\n<p>&nbsp;<\/p>\n<h2>L\u1ee3i \u00edch c\u1ee7a giao d\u1ecbch kh\u00f4ng d\u00f9ng ti\u1ec1n m\u1eb7t v\u1edbi v\u00f2ng \u0111eo tay NFC<\/h2>\n<p>S\u1ef1 gia t\u0103ng c\u1ee7a thanh to\u00e1n kh\u00f4ng d\u00f9ng ti\u1ec1n m\u1eb7t \u0111ang nhanh ch\u00f3ng chuy\u1ec3n \u0111\u1ed5i ng\u00e0nh s\u1ef1 ki\u1ec7n. D\u01b0\u1edbi \u0111\u00e2y l\u00e0 nh\u1eefng l\u1ee3i \u00edch ch\u00ednh c\u1ee7a vi\u1ec7c s\u1eed d\u1ee5ng\u00a0<strong>V\u00f2ng \u0111eo tay NFC<\/strong>\u00a0\u0111\u1ed1i v\u1edbi giao d\u1ecbch kh\u00f4ng d\u00f9ng ti\u1ec1n m\u1eb7t:<\/p>\n<ul>\n<li><strong>T\u0103ng c\u01b0\u1eddng s\u1ef1 ti\u1ec7n l\u1ee3i:<\/strong>\u00a0Kh\u00e1ch c\u00f3 th\u1ec3 mua h\u00e0ng ch\u1ec9 b\u1eb1ng m\u1ed9t c\u00fa ch\u1ea1m nh\u1eb9 v\u00e0o v\u00f2ng \u0111eo tay, gi\u00fap giao d\u1ecbch di\u1ec5n ra nhanh ch\u00f3ng v\u00e0 d\u1ec5 d\u00e0ng.<\/li>\n<li><strong>Gi\u1ea3m th\u1eddi gian ch\u1edd \u0111\u1ee3i:<\/strong>\u00a0\u00cdt th\u1eddi gian x\u1ebfp h\u00e0ng h\u01a1n c\u00f3 ngh\u0129a l\u00e0 c\u1ea3i thi\u1ec7n<\/li>\n<\/ul>\n<h2>L\u1ee3i \u00edch c\u1ee7a giao d\u1ecbch kh\u00f4ng d\u00f9ng ti\u1ec1n m\u1eb7t v\u1edbi v\u00f2ng \u0111eo tay NFC<\/h2>\n<p>S\u1ef1 gia t\u0103ng c\u1ee7a thanh to\u00e1n kh\u00f4ng d\u00f9ng ti\u1ec1n m\u1eb7t \u0111ang nhanh ch\u00f3ng chuy\u1ec3n \u0111\u1ed5i ng\u00e0nh s\u1ef1 ki\u1ec7n. D\u01b0\u1edbi \u0111\u00e2y l\u00e0 nh\u1eefng l\u1ee3i \u00edch ch\u00ednh c\u1ee7a vi\u1ec7c s\u1eed d\u1ee5ng\u00a0<strong>V\u00f2ng \u0111eo tay NFC<\/strong>\u00a0\u0111\u1ed1i v\u1edbi giao d\u1ecbch kh\u00f4ng d\u00f9ng ti\u1ec1n m\u1eb7t:<\/p>\n<ul>\n<li><strong>T\u0103ng c\u01b0\u1eddng s\u1ef1 ti\u1ec7n l\u1ee3i:<\/strong>\u00a0Kh\u00e1ch c\u00f3 th\u1ec3 mua h\u00e0ng ch\u1ec9 b\u1eb1ng m\u1ed9t c\u00fa ch\u1ea1m nh\u1eb9 v\u00e0o v\u00f2ng \u0111eo tay, gi\u00fap giao d\u1ecbch di\u1ec5n ra nhanh ch\u00f3ng v\u00e0 d\u1ec5 d\u00e0ng.<\/li>\n<li><strong>Gi\u1ea3m th\u1eddi gian ch\u1edd \u0111\u1ee3i:<\/strong>\u00a0\u00cdt th\u1eddi gian x\u1ebfp h\u00e0ng h\u01a1n c\u00f3 ngh\u0129a l\u00e0 c\u1ea3i thi\u1ec7n<\/li>\n<\/ul>\n<p>&nbsp;<\/p>\n<h3>C\u00e2u h\u1ecfi th\u01b0\u1eddng g\u1eb7p v\u1ec1 V\u00f2ng \u0111eo tay s\u1ef1 ki\u1ec7n RFID NFC<\/h3>\n<h4>1.\u00a0<strong>V\u00f2ng \u0111eo tay s\u1ef1 ki\u1ec7n RFID NFC l\u00e0 g\u00ec?<\/strong><\/h4>\n<p>V\u00f2ng \u0111eo tay s\u1ef1 ki\u1ec7n RFID NFC l\u00e0 thi\u1ebft b\u1ecb \u0111eo \u0111\u01b0\u1ee3c trang b\u1ecb c\u00f4ng ngh\u1ec7 Nh\u1eadn d\u1ea1ng t\u1ea7n s\u1ed1 v\u00f4 tuy\u1ebfn (RFID) v\u00e0 Giao ti\u1ebfp tr\u01b0\u1eddng g\u1ea7n (NFC). Ch\u00fang t\u1ea1o \u0111i\u1ec1u ki\u1ec7n ki\u1ec3m so\u00e1t truy c\u1eadp an to\u00e0n, giao d\u1ecbch kh\u00f4ng d\u00f9ng ti\u1ec1n m\u1eb7t v\u00e0 thu th\u1eadp d\u1eef li\u1ec7u cho c\u00e1c s\u1ef1 ki\u1ec7n.<\/p>\n<h4>2.\u00a0<strong>V\u00f2ng \u0111eo tay RFID ho\u1ea1t \u0111\u1ed9ng nh\u01b0 th\u1ebf n\u00e0o?<\/strong><\/h4>\n<p>V\u00f2ng \u0111eo tay RFID ho\u1ea1t \u0111\u1ed9ng b\u1eb1ng c\u00e1ch truy\u1ec1n th\u00f4ng tin kh\u00f4ng d\u00e2y qua s\u00f3ng v\u00f4 tuy\u1ebfn \u0111\u1ebfn \u0111\u1ea7u \u0111\u1ecdc RFID. Khi ng\u01b0\u1eddi tham d\u1ef1 ch\u1ea1m v\u00f2ng \u0111eo tay c\u1ee7a h\u1ecd g\u1ea7n \u0111\u1ea7u \u0111\u1ecdc, n\u00f3 s\u1ebd truy\u1ec1n d\u1eef li\u1ec7u \u0111\u1ec3 ki\u1ec3m so\u00e1t truy c\u1eadp ho\u1eb7c x\u1eed l\u00fd thanh to\u00e1n.<\/p>\n<h4>3.\u00a0<strong>V\u00f2ng \u0111eo tay RFID NFC \u0111\u01b0\u1ee3c l\u00e0m t\u1eeb v\u1eadt li\u1ec7u g\u00ec?<\/strong><\/h4>\n<p>V\u00f2ng \u0111eo tay RFID c\u1ee7a ch\u00fang t\u00f4i ch\u1ee7 y\u1ebfu \u0111\u01b0\u1ee3c l\u00e0m t\u1eeb PVC b\u1ec1n v\u00e0 v\u1eadt li\u1ec7u d\u1ec7t, \u0111\u01b0\u1ee3c thi\u1ebft k\u1ebf \u0111\u1ec3 ch\u1ed1ng th\u1ea5m n\u01b0\u1edbc v\u00e0 ch\u1ecbu \u0111\u01b0\u1ee3c th\u1eddi ti\u1ebft \u0111\u1ec3 ch\u1ecbu \u0111\u01b0\u1ee3c nhi\u1ec1u \u0111i\u1ec1u ki\u1ec7n kh\u00e1c nhau.<\/p>\n<h4>4.\u00a0<strong>L\u1ee3i \u00edch c\u1ee7a vi\u1ec7c s\u1eed d\u1ee5ng c\u00f4ng ngh\u1ec7 NFC trong v\u00f2ng \u0111eo tay l\u00e0 g\u00ec?<\/strong><\/h4>\n<p>C\u00f4ng ngh\u1ec7 NFC cho ph\u00e9p th\u1ef1c hi\u1ec7n giao d\u1ecbch kh\u00f4ng ti\u1ebfp x\u00fac nhanh ch\u00f3ng v\u00e0 an to\u00e0n, gi\u00fap n\u00e2ng cao tr\u1ea3i nghi\u1ec7m c\u1ee7a kh\u00e1ch h\u00e0ng b\u1eb1ng c\u00e1ch gi\u1ea3m th\u1eddi gian ch\u1edd \u0111\u1ee3i v\u00e0 gi\u1ea3m thi\u1ec3u nhu c\u1ea7u s\u1eed d\u1ee5ng ti\u1ec1n m\u1eb7t ho\u1eb7c v\u00e9.<\/p>\n<h4>5.\u00a0<strong>V\u00f2ng \u0111eo tay c\u00f3 th\u1ec3 t\u00f9y ch\u1ec9nh \u0111\u01b0\u1ee3c kh\u00f4ng?<\/strong><\/h4>\n<p>C\u00f3! V\u00f2ng \u0111eo tay RFID c\u1ee7a ch\u00fang t\u00f4i c\u00f3 th\u1ec3 \u0111\u01b0\u1ee3c t\u00f9y ch\u1ec9nh theo th\u01b0\u01a1ng hi\u1ec7u, logo v\u00e0 m\u00e0u s\u1eafc s\u1ef1 ki\u1ec7n c\u1ee7a b\u1ea1n \u0111\u1ec3 t\u0103ng c\u01b0\u1eddng s\u1ef1 tham gia c\u1ee7a ng\u01b0\u1eddi tham d\u1ef1 v\u00e0 qu\u1ea3ng b\u00e1 s\u1ef1 ki\u1ec7n c\u1ee7a b\u1ea1n.<\/p>","protected":false},"excerpt":{"rendered":"<p>V\u00f2ng \u0111eo tay s\u1ef1 ki\u1ec7n RFID NFC m\u00e3 h\u00f3a \u0111\u1ecdc nhanh Ntag215 MIFARE cho ph\u00e9p ki\u1ec3m so\u00e1t truy c\u1eadp an to\u00e0n v\u00e0 thanh to\u00e1n kh\u00f4ng d\u00f9ng ti\u1ec1n m\u1eb7t, n\u00e2ng cao tr\u1ea3i nghi\u1ec7m c\u1ee7a kh\u00e1ch t\u1ea1i c\u00e1c s\u1ef1 ki\u1ec7n. Ch\u1ed1ng n\u01b0\u1edbc v\u00e0 c\u00f3 th\u1ec3 t\u00f9y ch\u1ec9nh, \u0111\u1ea3m b\u1ea3o \u0111\u1ed9 tin c\u1eady v\u00e0 ti\u1ec7n l\u1ee3i cho m\u1ecdi d\u1ecbp.<\/p>","protected":false},"featured_media":3397,"template":"","meta":[],"product_brand":[],"product_cat":[50],"product_tag":[],"class_list":{"0":"post-3396","1":"product","2":"type-product","3":"status-publish","4":"has-post-thumbnail","6":"product_cat-silicone-rfid-nfc-wristbands","8":"first","9":"instock","10":"shipping-taxable","11":"product-type-simple"},"_links":{"self":[{"href":"https:\/\/nfc-readers.com\/vi\/wp-json\/wp\/v2\/product\/3396","targetHints":{"allow":["GET"]}}],"collection":[{"href":"https:\/\/nfc-readers.com\/vi\/wp-json\/wp\/v2\/product"}],"about":[{"href":"https:\/\/nfc-readers.com\/vi\/wp-json\/wp\/v2\/types\/product"}],"wp:featuredmedia":[{"embeddable":true,"href":"https:\/\/nfc-readers.com\/vi\/wp-json\/wp\/v2\/media\/3397"}],"wp:attachment":[{"href":"https:\/\/nfc-readers.com\/vi\/wp-json\/wp\/v2\/media?parent=3396"}],"wp:term":[{"taxonomy":"product_brand","embeddable":true,"href":"https:\/\/nfc-readers.com\/vi\/wp-json\/wp\/v2\/product_brand?post=3396"},{"taxonomy":"product_cat","embeddable":true,"href":"https:\/\/nfc-readers.com\/vi\/wp-json\/wp\/v2\/product_cat?post=3396"},{"taxonomy":"product_tag","embeddable":true,"href":"https:\/\/nfc-readers.com\/vi\/wp-json\/wp\/v2\/product_tag?post=3396"}],"curies":[{"name":"wp","href":"https:\/\/api.w.org\/{rel}","templated":true}]}}