{"id":3403,"date":"2024-11-03T03:04:22","date_gmt":"2024-11-03T03:04:22","guid":{"rendered":"https:\/\/nfc-readers.com\/?post_type=product&#038;p=3403"},"modified":"2024-11-04T03:10:35","modified_gmt":"2024-11-04T03:10:35","slug":"silicone-wristband-smart-nfc-rfidtag-wristband-silicone-b","status":"publish","type":"product","link":"https:\/\/nfc-readers.com\/vi\/ic-reader\/silicone-wristband-smart-nfc-rfidtag-wristband-silicone-b\/","title":{"rendered":"V\u00f2ng \u0111eo tay silicon Smart NFC RFIDTag V\u00f2ng \u0111eo tay silicon B"},"content":{"rendered":"<h1 style=\"text-align: center;\"><strong>V\u00f2ng \u0111eo tay silicon Smart NFC RFIDTag V\u00f2ng \u0111eo tay silicon B<\/strong><\/h1>\n<p>&nbsp;<\/p>\n<p>C\u00e1c <strong>V\u00f2ng \u0111eo tay th\u00f4ng minh NFC RFID Tag Silicone B<\/strong>\u00a0l\u00e0 s\u1ea3n ph\u1ea9m mang t\u00ednh chuy\u1ec3n \u0111\u1ed5i \u0111\u01b0\u1ee3c thi\u1ebft k\u1ebf cho nhi\u1ec1u \u1ee9ng d\u1ee5ng kh\u00e1c nhau nh\u01b0 qu\u1ea3n l\u00fd s\u1ef1 ki\u1ec7n, ki\u1ec3m so\u00e1t ra v\u00e0o v\u00e0 gi\u1ea3i ph\u00e1p thanh to\u00e1n kh\u00f4ng d\u00f9ng ti\u1ec1n m\u1eb7t. K\u1ebft h\u1ee3p gi\u1eefa t\u00ednh s\u00e1ng t\u1ea1o v\u00e0 t\u00ednh th\u1ef1c t\u1ebf, v\u00f2ng \u0111eo tay n\u00e0y k\u1ebft h\u1ee3p c\u00f4ng ngh\u1ec7 RFID v\u00e0 NFC \u0111\u1ec3 mang \u0111\u1ebfn tr\u1ea3i nghi\u1ec7m li\u1ec1n m\u1ea1ch cho c\u1ea3 ng\u01b0\u1eddi d\u00f9ng v\u00e0 ng\u01b0\u1eddi t\u1ed5 ch\u1ee9c s\u1ef1 ki\u1ec7n. V\u1edbi kh\u1ea3 n\u0103ng ch\u1ed1ng th\u1ea5m n\u01b0\u1edbc v\u00e0 thi\u1ebft k\u1ebf t\u00f9y ch\u1ec9nh, v\u00f2ng \u0111eo tay RFID \u0111\u01b0\u1ee3c \u0111\u1ecbnh th\u1eddi gian ho\u00e0n h\u1ea3o cho nhi\u1ec1u b\u1ed1i c\u1ea3nh kh\u00e1c nhau, cho d\u00f9 \u0111\u00f3 l\u00e0 l\u1ec5 h\u1ed9i \u00e2m nh\u1ea1c, s\u1ef1 ki\u1ec7n c\u1ee7a c\u00f4ng ty hay th\u1eadm ch\u00ed l\u00e0 chuy\u1ebfn tham quan c\u00f4ng vi\u00ean n\u01b0\u1edbc. L\u1ef1a ch\u1ecdn v\u00f2ng \u0111eo tay ti\u00ean ti\u1ebfn n\u00e0y kh\u00f4ng ch\u1ec9 n\u00e2ng cao hi\u1ec7u qu\u1ea3 ho\u1ea1t \u0111\u1ed9ng m\u00e0 c\u00f2n c\u1ea3i thi\u1ec7n \u0111\u00e1ng k\u1ec3 tr\u1ea3i nghi\u1ec7m chung c\u1ee7a kh\u00e1ch.<\/p>\n<p>&nbsp;<\/p>\n<h2>T\u1ed5ng quan v\u1ec1 v\u00f2ng \u0111eo tay RFID<\/h2>\n<p>C\u00e1c\u00a0<strong>V\u00f2ng \u0111eo tay RFID<\/strong>\u00a0\u0111\u01b0\u1ee3c thi\u1ebft k\u1ebf \u0111\u1ec3 ki\u1ec3m so\u00e1t truy c\u1eadp nhanh, cho ph\u00e9p nh\u1eefng ng\u01b0\u1eddi t\u1ed5 ch\u1ee9c s\u1ef1 ki\u1ec7n h\u1ee3p l\u00fd h\u00f3a ho\u1ea1t \u0111\u1ed9ng c\u1ee7a h\u1ecd. S\u1eed d\u1ee5ng c\u00f4ng ngh\u1ec7 RFID ti\u00ean ti\u1ebfn v\u1edbi t\u1ea7n su\u1ea5t\u00a0<strong>13,56 MHz<\/strong>, nh\u1eefng c\u00e1i n\u00e0y\u00a0<strong>v\u00f2ng \u0111eo tay RFID silicon<\/strong>\u00a0cung c\u1ea5p c\u1ea3 s\u1ef1 an to\u00e0n v\u00e0 ti\u1ec7n l\u1ee3i. \u0110\u01b0\u1ee3c thi\u1ebft k\u1ebf \u0111\u1ec3 \u0111\u1ecdc trong m\u1ed9t\u00a0<strong>2-5cm<\/strong>\u00a0ph\u1ea1m vi, ch\u00fang cung c\u1ea5p kh\u1ea3 n\u0103ng truy\u1ec1n d\u1eef li\u1ec7u nhanh ch\u00f3ng ph\u00f9 h\u1ee3p cho nhi\u1ec1u \u1ee9ng d\u1ee5ng s\u1ef1 ki\u1ec7n kh\u00e1c nhau, t\u1eeb l\u1ec5 h\u1ed9i \u00e2m nh\u1ea1c \u0111\u1ebfn c\u00e1c cu\u1ed9c h\u1ecdp c\u00f4ng ty.<\/p>\n<p>V\u1edbi c\u00e1c t\u00ednh n\u0103ng n\u00e2ng cao nh\u01b0\u00a0<strong>kh\u00f4ng th\u1ea5m n\u01b0\u1edbc v\u00e0 ch\u1ed1ng ch\u1ecbu th\u1eddi ti\u1ebft<\/strong>\u00a0v\u1eadt li\u1ec7u, v\u00f2ng \u0111eo tay n\u00e0y \u0111\u1ea3m b\u1ea3o \u0111\u1ed9 b\u1ec1n v\u00e0 \u0111\u1ed9 tin c\u1eady, ngay c\u1ea3 trong m\u00f4i tr\u01b0\u1eddng ngo\u00e0i tr\u1eddi. Ng\u01b0\u1eddi d\u00f9ng c\u00f3 th\u1ec3 t\u1eadn h\u01b0\u1edfng c\u00e1c t\u00f9y ch\u1ecdn thanh to\u00e1n kh\u00f4ng d\u00f9ng ti\u1ec1n m\u1eb7t, t\u0103ng hi\u1ec7u qu\u1ea3 \u0111\u1ed3ng th\u1eddi gi\u1ea3m th\u1eddi gian ch\u1edd \u0111\u1ee3i \u0111\u1ec3 nh\u1eadp c\u1ea3nh v\u00e0 giao d\u1ecbch.<\/p>\n<p>&nbsp;<\/p>\n<hr \/>\n<h2>C\u00e1c t\u00ednh n\u0103ng ch\u00ednh c\u1ee7a V\u00f2ng \u0111eo tay RFID b\u1eb1ng silicon<\/h2>\n<p>C\u00e1c\u00a0<strong>V\u00f2ng \u0111eo tay RFID b\u1eb1ng silicon<\/strong>\u00a0bao g\u1ed3m nhi\u1ec1u t\u00ednh n\u0103ng gi\u00fap n\u00f3 tr\u1edf th\u00e0nh l\u1ef1a ch\u1ecdn n\u1ed5i b\u1eadt cho ng\u01b0\u1eddi t\u1ed5 ch\u1ee9c s\u1ef1 ki\u1ec7n v\u00e0 ng\u01b0\u1eddi d\u00f9ng.<\/p>\n<ul>\n<li><strong>Ch\u1ed1ng th\u1ea5m n\u01b0\u1edbc\/Ch\u1ed1ng ch\u1ecbu th\u1eddi ti\u1ebft:<\/strong>\u00a0Kh\u00f4ng gi\u1ed1ng nh\u01b0 c\u00e1c lo\u1ea1i v\u00f2ng \u0111eo tay th\u00f4ng th\u01b0\u1eddng, m\u1eabu n\u00e0y \u0111\u01b0\u1ee3c thi\u1ebft k\u1ebf \u0111\u1ec3 ch\u1ed1ng \u1ea9m v\u00e0 ch\u1ecbu \u0111\u01b0\u1ee3c nhi\u1ec1u \u0111i\u1ec1u ki\u1ec7n th\u1eddi ti\u1ebft kh\u00e1c nhau, r\u1ea5t l\u00fd t\u01b0\u1edfng cho c\u00e1c s\u1ef1 ki\u1ec7n ngo\u00e0i tr\u1eddi nh\u01b0 h\u00f2a nh\u1ea1c v\u00e0 c\u00f4ng vi\u00ean n\u01b0\u1edbc.<\/li>\n<li><strong>Giao di\u1ec7n truy\u1ec1n th\u00f4ng:<\/strong>\u00a0V\u1edbi t\u00edch h\u1ee3p\u00a0<strong>NFC v\u00e0 RFID<\/strong>\u00a0kh\u1ea3 n\u0103ng, v\u00f2ng \u0111eo tay n\u00e0y cho ph\u00e9p giao d\u1ecbch v\u00e0 trao \u0111\u1ed5i d\u1eef li\u1ec7u li\u1ec1n m\u1ea1ch. Ng\u01b0\u1eddi d\u00f9ng c\u00f3 th\u1ec3 truy c\u1eadp thanh to\u00e1n kh\u00f4ng d\u00f9ng ti\u1ec1n m\u1eb7t, m\u1edf kh\u00f3a c\u1eeda v\u00e0 v\u00e0o khu v\u1ef1c h\u1ea1n ch\u1ebf m\u00e0 kh\u00f4ng c\u1ea7n ph\u1ea3i c\u00f3 v\u00e9 v\u1eadt l\u00fd ho\u1eb7c gi\u1ea5y t\u1edd t\u00f9y th\u00e2n.<\/li>\n<li><strong>T\u00f9y ch\u1ec9nh:<\/strong>\u00a0C\u00f3 s\u1eb5n c\u00e1c t\u00f9y ch\u1ecdn \u0111\u01b0\u1ee3c thi\u1ebft k\u1ebf ri\u00eang cho k\u00edch th\u01b0\u1edbc, m\u00e0u s\u1eafc v\u00e0 ki\u1ec3u in. Kh\u1ea3 n\u0103ng th\u00edch \u1ee9ng n\u00e0y cho ph\u00e9p c\u00e1c th\u01b0\u01a1ng hi\u1ec7u n\u00e2ng cao kh\u1ea3 n\u0103ng hi\u1ec3n th\u1ecb c\u1ee7a h\u1ecd th\u00f4ng qua\u00a0<strong>in l\u1ee5a<\/strong>\u00a0v\u00e0 c\u00e1c k\u1ef9 thu\u1eadt ch\u1ebf t\u1ea1o ti\u00ean ti\u1ebfn kh\u00e1c nh\u01b0\u00a0<strong>m\u00e3 h\u00f3a laser v\u00e0 in nhi\u1ec7t<\/strong>.<\/li>\n<\/ul>\n<p>Nh\u1eefng \u0111\u1eb7c \u0111i\u1ec3m \u0111\u1eb7c bi\u1ec7t n\u00e0y kh\u00f4ng ch\u1ec9 l\u00e0m n\u1ed5i b\u1eadt ch\u1ee9c n\u0103ng m\u00e0 c\u00f2n mang l\u1ea1i tr\u1ea3i nghi\u1ec7m h\u1ea5p d\u1eabn cho ng\u01b0\u1eddi d\u00f9ng.<\/p>\n<p>&nbsp;<\/p>\n<hr \/>\n<h2>L\u1ee3i \u00edch c\u1ee7a vi\u1ec7c s\u1eed d\u1ee5ng v\u00f2ng \u0111eo tay RFID cho c\u00e1c s\u1ef1 ki\u1ec7n<\/h2>\n<p>Nh\u1eadn nu\u00f4i\u00a0<strong>V\u00f2ng \u0111eo tay RFID cho c\u00e1c s\u1ef1 ki\u1ec7n<\/strong>\u00a0c\u00f3 th\u1ec3 c\u1ea3i thi\u1ec7n \u0111\u00e1ng k\u1ec3 vi\u1ec7c qu\u1ea3n l\u00fd s\u1ef1 ki\u1ec7n t\u1ed5ng th\u1ec3:<\/p>\n<ol>\n<li><strong>T\u0103ng c\u01b0\u1eddng b\u1ea3o m\u1eadt:<\/strong>\u00a0Vi\u1ec7c k\u1ebft h\u1ee3p thi\u1ebft k\u1ebf ch\u1ed1ng gi\u1ea3 m\u1ea1o \u0111\u1ea3m b\u1ea3o d\u1eef li\u1ec7u ch\u1ee9a trong v\u00f2ng \u0111eo tay v\u1eabn an to\u00e0n. Vi\u1ec7c sao ch\u00e9p ho\u1eb7c truy c\u1eadp tr\u00e1i ph\u00e9p h\u1ea7u nh\u01b0 kh\u00f4ng th\u1ec3 x\u1ea3y ra, khi\u1ebfn nh\u1eefng chi\u1ebfc v\u00f2ng \u0111eo tay n\u00e0y tr\u1edf th\u00e0nh l\u1ef1a ch\u1ecdn tuy\u1ec7t v\u1eddi cho c\u00e1c s\u1ef1 ki\u1ec7n c\u1ea5p cao \u0111\u00f2i h\u1ecfi c\u00e1c bi\u1ec7n ph\u00e1p b\u1ea3o m\u1eadt n\u00e2ng cao.<\/li>\n<li><strong>Thu th\u1eadp d\u1eef li\u1ec7u:<\/strong>\u00a0Thu th\u1eadp nh\u1eefng hi\u1ec3u bi\u1ebft c\u1ea7n thi\u1ebft v\u1ec1 h\u00e0nh vi c\u1ee7a ng\u01b0\u1eddi tham d\u1ef1, c\u00f3 th\u1ec3 \u0111\u01b0\u1ee3c s\u1eed d\u1ee5ng cho c\u00e1c s\u1ef1 ki\u1ec7n trong t\u01b0\u01a1ng lai. S\u1eed d\u1ee5ng\u00a0<strong>C\u00f4ng ngh\u1ec7 RFID<\/strong>, ng\u01b0\u1eddi t\u1ed5 ch\u1ee9c s\u1ef1 ki\u1ec7n c\u00f3 th\u1ec3 ph\u00e2n t\u00edch c\u00e1c m\u1eabu h\u00ecnh v\u00e0 s\u1edf th\u00edch tham gia, gi\u00fap h\u1ecd t\u00f9y ch\u1ec9nh c\u00e1c d\u1ecbch v\u1ee5 trong t\u01b0\u01a1ng lai.<\/li>\n<li><strong>Gi\u1ea3m th\u1eddi gian ch\u1edd \u0111\u1ee3i:<\/strong>\u00a0Hi\u1ec7u qu\u1ea3 m\u00e0 v\u00f2ng \u0111eo tay RFID mang l\u1ea1i gi\u00fap r\u00fat ng\u1eafn th\u1eddi gian x\u1ebfp h\u00e0ng. Ng\u01b0\u1eddi tham d\u1ef1 c\u00f3 th\u1ec3 di chuy\u1ec3n nhanh ch\u00f3ng t\u1eeb l\u1ed1i v\u00e0o \u0111\u1ebfn khu\u00f4n vi\u00ean l\u1ec5 h\u1ed9i, c\u1ea3i thi\u1ec7n tr\u1ea3i nghi\u1ec7m c\u1ee7a h\u1ecd v\u00e0 gi\u1ea3m thi\u1ec3u s\u1ef1 th\u1ea5t v\u1ecdng ti\u1ec1m \u1ea9n.<\/li>\n<\/ol>\n<p>V\u1edbi nh\u1eefng l\u1ee3i \u00edch \u0111\u00e1ng k\u1ec3 n\u00e0y, r\u00f5 r\u00e0ng l\u00e0\u00a0<strong>v\u00f2ng \u0111eo tay RFID silicon<\/strong>\u00a0kh\u00f4ng ch\u1ec9 l\u00e0 m\u1ed9t xu h\u01b0\u1edbng m\u00e0 c\u00f2n l\u00e0 m\u1ed9t kho\u1ea3n \u0111\u1ea7u t\u01b0 th\u00f4ng minh.<\/p>\n<p>&nbsp;<\/p>\n<h2>Th\u00f4ng s\u1ed1 k\u1ef9 thu\u1eadt c\u1ee7a v\u00f2ng \u0111eo tay NFC<\/h2>\n<table class=\"w-fit !mb-0 !max-w-none\" style=\"height: 260px;\" width=\"451\">\n<thead>\n<tr>\n<th>T\u00ednh n\u0103ng<\/th>\n<th>\u0110\u1eb7c \u0111i\u1ec3m k\u1ef9 thu\u1eadt<\/th>\n<\/tr>\n<\/thead>\n<tbody>\n<tr>\n<td>T\u00ednh th\u01b0\u1eddng xuy\u00ean<\/td>\n<td>13,56MHz<\/td>\n<\/tr>\n<tr>\n<td>Lo\u1ea1i Chip<\/td>\n<td>FO8<\/td>\n<\/tr>\n<tr>\n<td>Kho\u1ea3ng c\u00e1ch \u0111\u1ecdc<\/td>\n<td>2-5cm<\/td>\n<\/tr>\n<tr>\n<td>Ti\u00eau chu\u1ea9n<\/td>\n<td>Ti\u00eau chu\u1ea9n ISO\/IEC14443A<\/td>\n<\/tr>\n<tr>\n<td>V\u1eadt li\u1ec7u<\/td>\n<td>Cao su<\/td>\n<\/tr>\n<tr>\n<td>K\u00edch c\u1ee1<\/td>\n<td>K\u00edch th\u01b0\u1edbc t\u00f9y ch\u1ec9nh<\/td>\n<\/tr>\n<tr>\n<td>K\u1ef9 thu\u1eadt in \u1ea5n<\/td>\n<td>In l\u1ee5a<\/td>\n<\/tr>\n<tr>\n<td>Bao b\u00ec<\/td>\n<td>M\u1ed9t m\u1ee5c duy nh\u1ea5t<\/td>\n<\/tr>\n<tr>\n<td>T\u1ed5ng tr\u1ecdng l\u01b0\u1ee3ng<\/td>\n<td>0,500kg<\/td>\n<\/tr>\n<\/tbody>\n<\/table>\n<h2><\/h2>\n<h2>C\u00e2u h\u1ecfi th\u01b0\u1eddng g\u1eb7p v\u1ec1 v\u00f2ng \u0111eo tay RFID b\u1eb1ng silicon<\/h2>\n<h3>1.\u00a0<strong>V\u00f2ng \u0111eo tay RFID l\u00e0 g\u00ec?<\/strong><\/h3>\n<p>V\u00f2ng \u0111eo tay RFID (Nh\u1eadn d\u1ea1ng t\u1ea7n s\u1ed1 v\u00f4 tuy\u1ebfn) s\u1eed d\u1ee5ng c\u00f4ng ngh\u1ec7 t\u1ea7n s\u1ed1 v\u00f4 tuy\u1ebfn \u0111\u1ec3 truy\u1ec1n d\u1eef li\u1ec7u kh\u00f4ng d\u00e2y. N\u00f3 cho ph\u00e9p truy c\u1eadp nhanh v\u00e0o c\u00e1c khu v\u1ef1c an ninh, t\u1ea1o \u0111i\u1ec1u ki\u1ec7n thanh to\u00e1n kh\u00f4ng d\u00f9ng ti\u1ec1n m\u1eb7t v\u00e0 n\u00e2ng cao tr\u1ea3i nghi\u1ec7m chung cho nh\u1eefng ng\u01b0\u1eddi tham d\u1ef1 s\u1ef1 ki\u1ec7n.<\/p>\n<h3>2.\u00a0<strong>V\u00f2ng \u0111eo tay RFID ho\u1ea1t \u0111\u1ed9ng nh\u01b0 th\u1ebf n\u00e0o?<\/strong><\/h3>\n<p>V\u00f2ng \u0111eo tay ch\u1ee9a m\u1ed9t chip RFID th\u1ee5 \u0111\u1ed9ng giao ti\u1ebfp v\u1edbi \u0111\u1ea7u \u0111\u1ecdc RFID. Khi ng\u01b0\u1eddi d\u00f9ng \u0111\u1ebfn g\u1ea7n \u0111\u1ea7u \u0111\u1ecdc, v\u00f2ng \u0111eo tay s\u1ebd truy\u1ec1n d\u1eef li\u1ec7u qua s\u00f3ng v\u00f4 tuy\u1ebfn, cho ph\u00e9p nh\u1eadn d\u1ea1ng v\u00e0 ki\u1ec3m so\u00e1t truy c\u1eadp nhanh ch\u00f3ng.<\/p>\n<h3>3.\u00a0<strong>V\u00f2ng \u0111eo tay c\u00f3 ch\u1ed1ng n\u01b0\u1edbc kh\u00f4ng?<\/strong><\/h3>\n<p>V\u00e2ng,\u00a0<strong>V\u00f2ng \u0111eo tay RFID b\u1eb1ng silicon<\/strong>\u00a0\u0111\u01b0\u1ee3c thi\u1ebft k\u1ebf ch\u1ed1ng th\u1ea5m n\u01b0\u1edbc v\u00e0 ch\u1ecbu \u0111\u01b0\u1ee3c th\u1eddi ti\u1ebft, ph\u00f9 h\u1ee3p cho c\u00e1c s\u1ef1 ki\u1ec7n v\u00e0 m\u00f4i tr\u01b0\u1eddng ngo\u00e0i tr\u1eddi nh\u01b0 c\u00f4ng vi\u00ean n\u01b0\u1edbc v\u00e0 bu\u1ed5i h\u00f2a nh\u1ea1c.<\/p>\n<h3>4.\u00a0<strong>V\u00f2ng \u0111eo tay c\u00f3 th\u1ec3 t\u00f9y ch\u1ec9nh \u0111\u01b0\u1ee3c kh\u00f4ng?<\/strong><\/h3>\n<p>Ch\u1eafc ch\u1eafn r\u1ed3i! V\u00f2ng \u0111eo tay c\u00f3 th\u1ec3 t\u00f9y ch\u1ec9nh theo nhi\u1ec1u k\u00edch c\u1ee1, m\u00e0u s\u1eafc v\u00e0 ki\u1ec3u d\u00e1ng kh\u00e1c nhau. C\u00e1c t\u1ed5 ch\u1ee9c c\u0169ng c\u00f3 th\u1ec3 l\u1ef1a ch\u1ecdn gi\u1eefa c\u00e1c ph\u01b0\u01a1ng ph\u00e1p in kh\u00e1c nhau, bao g\u1ed3m in l\u1ee5a, m\u00e3 h\u00f3a laser v\u00e0 in nhi\u1ec7t.<\/p>\n<h3>5.\u00a0<strong>Kho\u1ea3ng c\u00e1ch \u0111\u1ecdc c\u1ee7a v\u00f2ng \u0111eo tay RFID l\u00e0 bao nhi\u00eau?<\/strong><\/h3>\n<p>V\u00f2ng \u0111eo tay c\u00f3 kho\u1ea3ng c\u00e1ch \u0111\u1ecdc l\u00e0\u00a0<strong>2-5cm<\/strong>, \u0111\u1ea3m b\u1ea3o truy\u1ec1n d\u1eef li\u1ec7u v\u00e0 qu\u1ea3n l\u00fd truy c\u1eadp nhanh ch\u00f3ng v\u00e0 \u0111\u00e1ng tin c\u1eady.<\/p>","protected":false},"excerpt":{"rendered":"<p>C\u00e1c\u00a0<strong>V\u00f2ng \u0111eo tay th\u00f4ng minh NFC RFID Tag Silicone B<\/strong>\u00a0l\u00e0 gi\u1ea3i ph\u00e1p ki\u1ec3m so\u00e1t ra v\u00e0o \u0111a n\u0103ng \u0111\u01b0\u1ee3c thi\u1ebft k\u1ebf cho c\u00e1c s\u1ef1 ki\u1ec7n, cung c\u1ea5p t\u00edch h\u1ee3p li\u1ec1n m\u1ea1ch c\u00e1c c\u00f4ng ngh\u1ec7 RFID v\u00e0 NFC. Ch\u1ed1ng n\u01b0\u1edbc v\u00e0 c\u00f3 th\u1ec3 t\u00f9y ch\u1ec9nh, gi\u1ea3i ph\u00e1p n\u00e0y n\u00e2ng cao tr\u1ea3i nghi\u1ec7m c\u1ee7a ng\u01b0\u1eddi d\u00f9ng \u0111\u1ed3ng th\u1eddi cung c\u1ea5p c\u00e1c giao d\u1ecbch an to\u00e0n, kh\u00f4ng d\u00f9ng ti\u1ec1n m\u1eb7t v\u00e0 qu\u1ea3n l\u00fd l\u1ed1i v\u00e0o d\u1ec5 d\u00e0ng.<\/p>","protected":false},"featured_media":3404,"template":"","meta":[],"product_brand":[],"product_cat":[50],"product_tag":[],"class_list":{"0":"post-3403","1":"product","2":"type-product","3":"status-publish","4":"has-post-thumbnail","6":"product_cat-silicone-rfid-nfc-wristbands","8":"first","9":"instock","10":"shipping-taxable","11":"product-type-simple"},"_links":{"self":[{"href":"https:\/\/nfc-readers.com\/vi\/wp-json\/wp\/v2\/product\/3403","targetHints":{"allow":["GET"]}}],"collection":[{"href":"https:\/\/nfc-readers.com\/vi\/wp-json\/wp\/v2\/product"}],"about":[{"href":"https:\/\/nfc-readers.com\/vi\/wp-json\/wp\/v2\/types\/product"}],"wp:featuredmedia":[{"embeddable":true,"href":"https:\/\/nfc-readers.com\/vi\/wp-json\/wp\/v2\/media\/3404"}],"wp:attachment":[{"href":"https:\/\/nfc-readers.com\/vi\/wp-json\/wp\/v2\/media?parent=3403"}],"wp:term":[{"taxonomy":"product_brand","embeddable":true,"href":"https:\/\/nfc-readers.com\/vi\/wp-json\/wp\/v2\/product_brand?post=3403"},{"taxonomy":"product_cat","embeddable":true,"href":"https:\/\/nfc-readers.com\/vi\/wp-json\/wp\/v2\/product_cat?post=3403"},{"taxonomy":"product_tag","embeddable":true,"href":"https:\/\/nfc-readers.com\/vi\/wp-json\/wp\/v2\/product_tag?post=3403"}],"curies":[{"name":"wp","href":"https:\/\/api.w.org\/{rel}","templated":true}]}}