{"id":3410,"date":"2024-11-03T03:16:05","date_gmt":"2024-11-03T03:16:05","guid":{"rendered":"https:\/\/nfc-readers.com\/?post_type=product&#038;p=3410"},"modified":"2024-11-04T03:17:59","modified_gmt":"2024-11-04T03:17:59","slug":"custom-logo-waterproof-polyester-woven-rfid-nfc-wristbands","status":"publish","type":"product","link":"https:\/\/nfc-readers.com\/vi\/ic-reader\/custom-logo-waterproof-polyester-woven-rfid-nfc-wristbands\/","title":{"rendered":"V\u00f2ng \u0111eo tay RFID NFC d\u1ec7t polyester ch\u1ed1ng th\u1ea5m n\u01b0\u1edbc c\u00f3 logo t\u00f9y ch\u1ec9nh"},"content":{"rendered":"<h1 style=\"text-align: center;\"><strong>V\u00f2ng \u0111eo tay RFID NFC d\u1ec7t polyester ch\u1ed1ng th\u1ea5m n\u01b0\u1edbc c\u00f3 logo t\u00f9y ch\u1ec9nh<\/strong><\/h1>\n<p>&nbsp;<\/p>\n<p>Trong m\u1ed9t th\u1ebf gi\u1edbi ng\u00e0y c\u00e0ng coi tr\u1ecdng s\u1ef1 ti\u1ec7n l\u1ee3i v\u00e0 k\u1ebft n\u1ed1i, <strong>V\u00f2ng \u0111eo tay RFID NFC d\u1ec7t polyester ch\u1ed1ng th\u1ea5m n\u01b0\u1edbc c\u00f3 logo t\u00f9y ch\u1ec9nh<\/strong>\u00a0n\u1ed5i b\u1eadt nh\u01b0 m\u1ed9t s\u1ef1 l\u1ef1a ch\u1ecdn tuy\u1ec7t v\u1eddi cho c\u00e1c doanh nghi\u1ec7p v\u00e0 nh\u00e0 t\u1ed5 ch\u1ee9c s\u1ef1 ki\u1ec7n. Nh\u1eefng chi\u1ebfc v\u00f2ng \u0111eo tay s\u00e1ng t\u1ea1o n\u00e0y k\u1ebft h\u1ee3p nh\u1eefng c\u00f4ng ngh\u1ec7 m\u1edbi nh\u1ea5t\u00a0<strong>C\u00f4ng ngh\u1ec7 RFID<\/strong>\u00a0v\u1edbi thi\u1ebft k\u1ebf th\u1eddi trang v\u00e0 v\u1eadt li\u1ec7u b\u1ec1n ch\u1eafc, khi\u1ebfn ch\u00fang tr\u1edf n\u00ean l\u00fd t\u01b0\u1edfng cho nhi\u1ec1u \u1ee9ng d\u1ee5ng kh\u00e1c nhau, t\u1eeb l\u1ec5 h\u1ed9i v\u00e0 c\u00f4ng vi\u00ean n\u01b0\u1edbc \u0111\u1ebfn c\u00e1c s\u1ef1 ki\u1ec7n c\u1ee7a c\u00f4ng ty v\u00e0 gi\u1ea3i ph\u00e1p thanh to\u00e1n kh\u00f4ng d\u00f9ng ti\u1ec1n m\u1eb7t. V\u1edbi\u00a0<strong>kh\u00f4ng th\u1ea5m n\u01b0\u1edbc<\/strong>\u00a0V\u1edbi nhi\u1ec1u t\u00ednh n\u0103ng v\u00e0 kh\u1ea3 n\u0103ng t\u00f9y ch\u1ec9nh, nh\u1eefng chi\u1ebfc v\u00f2ng \u0111eo tay n\u00e0y kh\u00f4ng ch\u1ec9 gi\u00fap t\u0103ng kh\u1ea3 n\u0103ng nh\u1eadn di\u1ec7n th\u01b0\u01a1ng hi\u1ec7u m\u00e0 c\u00f2n n\u00e2ng cao tr\u1ea3i nghi\u1ec7m c\u1ee7a ng\u01b0\u1eddi d\u00f9ng, \u0111\u1ea3m b\u1ea3o r\u1eb1ng b\u1ea1n nh\u1eadn \u0111\u01b0\u1ee3c gi\u00e1 tr\u1ecb cao nh\u1ea5t cho kho\u1ea3n \u0111\u1ea7u t\u01b0 c\u1ee7a m\u00ecnh.<\/p>\n<p>&nbsp;<\/p>\n<h2>T\u1ea1i sao n\u00ean ch\u1ecdn v\u00f2ng \u0111eo tay RFID NFC d\u1ec7t t\u00f9y ch\u1ec9nh?<\/h2>\n<p>L\u00e0 ng\u01b0\u1eddi t\u1ed5 ch\u1ee9c s\u1ef1 ki\u1ec7n, b\u1ea1n hi\u1ec3u \u0111\u01b0\u1ee3c t\u1ea7m quan tr\u1ecdng c\u1ee7a vi\u1ec7c ki\u1ec3m so\u00e1t truy c\u1eadp li\u1ec1n m\u1ea1ch, x\u00e2y d\u1ef1ng th\u01b0\u01a1ng hi\u1ec7u hi\u1ec7u qu\u1ea3 v\u00e0 t\u1ed1i \u0111a h\u00f3a tr\u1ea3i nghi\u1ec7m c\u1ee7a kh\u00e1ch. Nh\u1eefng chi\u1ebfc v\u00f2ng \u0111eo tay n\u00e0y cung c\u1ea5p t\u1ea5t c\u1ea3 nh\u1eefng \u0111i\u1ec1u \u0111\u00f3 v\u00e0 h\u01a1n th\u1ebf n\u1eefa. C\u00f3\u00a0<strong>C\u00f4ng ngh\u1ec7 RFID<\/strong>\u00a0ho\u1ea1t \u0111\u1ed9ng \u1edf t\u1ea7n s\u1ed1\u00a0<strong>13,56 MHz<\/strong>, ch\u00fang h\u1ee3p l\u00fd h\u00f3a c\u00e1c ho\u1ea1t \u0111\u1ed9ng, gi\u1ea3m th\u1eddi gian ch\u1edd \u0111\u1ee3i v\u00e0 c\u1ea3i thi\u1ec7n t\u00ednh b\u1ea3o m\u1eadt cho c\u00e1c s\u1ef1 ki\u1ec7n \u1edf m\u1ecdi quy m\u00f4. Ngo\u00e0i ra, v\u1edbi kh\u1ea3 n\u0103ng k\u1ebft h\u1ee3p c\u00e1c logo t\u00f9y ch\u1ec9nh th\u00f4ng qua\u00a0<strong>In \u1ea5n CMYK<\/strong>, nh\u1eefng chi\u1ebfc v\u00f2ng tay n\u00e0y c\u00f2n c\u00f3 ch\u1ee9c n\u0103ng nh\u01b0 m\u1ed9t c\u00f4ng c\u1ee5 qu\u1ea3ng c\u00e1o. Ch\u00fang kh\u00f4ng ch\u1ec9 c\u00f3 ch\u1ee9c n\u0103ng m\u00e0 c\u00f2n th\u1eddi trang, khi\u1ebfn ch\u00fang tr\u1edf n\u00ean h\u1ea5p d\u1eabn v\u1edbi nh\u1eefng ng\u01b0\u1eddi tham d\u1ef1!<\/p>\n<p>&nbsp;<\/p>\n<h2>T\u00ednh n\u0103ng c\u1ee7a V\u00f2ng \u0111eo tay RFID NFC<\/h2>\n<h3>Gi\u1ea3i ph\u00e1p ki\u1ec3m so\u00e1t truy c\u1eadp ti\u00ean ti\u1ebfn<\/h3>\n<p>V\u00f2ng \u0111eo tay RFID NFC \u0111\u00f3ng vai tr\u00f2 l\u00e0 m\u1ed9t c\u00f4ng c\u1ee5 m\u1ea1nh m\u1ebd cho\u00a0<strong>ki\u1ec3m so\u00e1t truy c\u1eadp<\/strong>, cho ph\u00e9p nh\u1eefng ng\u01b0\u1eddi t\u1ed5 ch\u1ee9c s\u1ef1 ki\u1ec7n cung c\u1ea5p khu v\u1ef1c VIP v\u00e0 quy\u1ec1n truy c\u1eadp \u0111\u1eb7c bi\u1ec7t m\u1ed9t c\u00e1ch d\u1ec5 d\u00e0ng. S\u1eed d\u1ee5ng\u00a0<strong>Chip MIFARE Classic 1K<\/strong>, nh\u1eefng chi\u1ebfc v\u00f2ng \u0111eo tay n\u00e0y c\u00f3 th\u1ec3 l\u01b0u tr\u1eef th\u00f4ng tin quan tr\u1ecdng v\u00e0 truy\u1ec1n n\u00f3 qua m\u1ed9t ph\u01b0\u01a1ng ti\u1ec7n an to\u00e0n\u00a0<strong>Giao di\u1ec7n truy\u1ec1n th\u00f4ng NFC<\/strong>Do \u0111\u00f3, ch\u00fang ho\u00e0n h\u1ea3o cho nh\u1eefng \u0111\u1ecba \u0111i\u1ec3m c\u1ea7n ph\u00e2n b\u1ed5 khu v\u1ef1c cho kh\u00e1ch ho\u1eb7c cung c\u1ea5p quy\u1ec1n ra v\u00e0o theo t\u1eebng c\u1ea5p \u0111\u1ed9 trong c\u00e1c s\u1ef1 ki\u1ec7n.<\/p>\n<h3>Ch\u1ee9c n\u0103ng thanh to\u00e1n kh\u00f4ng d\u00f9ng ti\u1ec1n m\u1eb7t<\/h3>\n<p>N\u00f3i l\u1eddi t\u1ea1m bi\u1ec7t v\u1edbi nh\u1eefng h\u00e0ng d\u00e0i v\u00e0 vi\u1ec7c x\u1eed l\u00fd ti\u1ec1n m\u1eb7t kh\u00f4ng c\u1ea7n thi\u1ebft v\u1edbi\u00a0<strong>thanh to\u00e1n kh\u00f4ng d\u00f9ng ti\u1ec1n m\u1eb7t<\/strong>\u00a0h\u1ec7 th\u1ed1ng. V\u00f2ng \u0111eo tay RFID c\u1ee7a ch\u00fang t\u00f4i cho ph\u00e9p giao d\u1ecbch li\u1ec1n m\u1ea1ch, cho ph\u00e9p ng\u01b0\u1eddi d\u00f9ng thanh to\u00e1n nhanh ch\u00f3ng v\u00e0 d\u1ec5 d\u00e0ng t\u1ea1i c\u00e1c gian h\u00e0ng, qu\u1ea7y bar v\u00e0 \u0111i\u1ec3m tham quan. \u0110i\u1ec1u n\u00e0y kh\u00f4ng ch\u1ec9 n\u00e2ng cao\u00a0<strong>tr\u1ea3i nghi\u1ec7m c\u1ee7a kh\u00e1ch<\/strong>\u00a0nh\u01b0ng gi\u1ea3m \u0111\u00e1ng k\u1ec3 th\u1eddi gian ch\u1edd \u0111\u1ee3i, cho ph\u00e9p ng\u01b0\u1eddi tham d\u1ef1 t\u1eadp trung v\u00e0o vi\u1ec7c t\u1eadn h\u01b0\u1edfng s\u1ef1 ki\u1ec7n thay v\u00ec lo l\u1eafng v\u1ec1 ti\u1ec1n b\u1ea1c.<\/p>\n<h2>V\u1eadt li\u1ec7u v\u00e0 \u0111\u1ed9 b\u1ec1n<\/h2>\n<h3>Thi\u1ebft k\u1ebf m\u1ea1nh m\u1ebd cho m\u1ecdi m\u00f4i tr\u01b0\u1eddng<\/h3>\n<p>\u0110\u01b0\u1ee3c x\u00e2y d\u1ef1ng t\u1eeb s\u1ef1 pha tr\u1ed9n \u0111\u1ed9c \u0111\u00e1o c\u1ee7a\u00a0<strong>polyester d\u1ec7t<\/strong>\u00a0V\u00e0\u00a0<strong>PVC<\/strong>, nh\u1eefng chi\u1ebfc v\u00f2ng tay n\u00e0y c\u00f3 \u0111\u1ed9 b\u1ec1n \u1ea5n t\u01b0\u1ee3ng v\u00e0\u00a0<strong>kh\u00f4ng th\u1ea5m n\u01b0\u1edbc<\/strong>\u00a0kh\u1ea3 n\u0103ng. Cho d\u00f9 \u0111\u00f3 l\u00e0 m\u1ed9t ng\u00e0y n\u1eafng t\u1ea1i m\u1ed9t l\u1ec5 h\u1ed9i hay m\u1ed9t ng\u00e0y vui ch\u01a1i trong c\u00f4ng vi\u00ean n\u01b0\u1edbc, nh\u1eefng chi\u1ebfc v\u00f2ng \u0111eo tay n\u00e0y \u0111\u01b0\u1ee3c thi\u1ebft k\u1ebf \u0111\u1ec3 ch\u1ed1ng ch\u1ecdi v\u1edbi c\u00e1c y\u1ebfu t\u1ed1. T\u00ednh ch\u1ea5t ch\u1ed1ng ch\u1ecbu th\u1eddi ti\u1ebft c\u1ee7a ch\u00fang \u0111\u1ea3m b\u1ea3o r\u1eb1ng ch\u00fang s\u1ebd kh\u00f4ng b\u1ecb ph\u00e2n h\u1ee7y khi ti\u1ebfp x\u00fac v\u1edbi m\u01b0a ho\u1eb7c n\u01b0\u1edbc, b\u1ea3o to\u00e0n kh\u1ea3 n\u0103ng s\u1eed d\u1ee5ng v\u00e0 \u0111\u1ed9 tin c\u1eady c\u1ee7a\u00a0<strong>C\u00f4ng ngh\u1ec7 RFID<\/strong>\u00a0nh\u00fang b\u00ean trong.<\/p>\n<h3>Kh\u1ea3 n\u0103ng ch\u1ecbu nhi\u1ec7t<\/h3>\n<p>C\u00e1c\u00a0<strong>nhi\u1ec7t \u0111\u1ed9 l\u00e0m vi\u1ec7c<\/strong>\u00a0v\u00f2ng \u0111eo tay c\u1ee7a ch\u00fang t\u00f4i c\u00f3 ph\u1ea1m vi t\u1eeb\u00a0<strong>-20\u00b0C \u0111\u1ebfn +80\u00b0C<\/strong>, \u0111\u1ea3m b\u1ea3o ch\u1ee9c n\u0103ng c\u1ee7a ch\u00fang trong c\u1ea3 c\u00e1c s\u1ef1 ki\u1ec7n m\u00f9a h\u00e8 n\u00f3ng n\u1ef1c v\u00e0 c\u00e1c cu\u1ed9c t\u1ee5 h\u1ecdp ngo\u00e0i tr\u1eddi l\u1ea1nh gi\u00e1. Kh\u1ea3 n\u0103ng ph\u1ee5c h\u1ed3i nhi\u1ec7t \u0111\u1ed9 n\u00e0y b\u1ea3o v\u1ec7 hi\u1ec7u su\u1ea5t c\u1ee7a\u00a0<strong>Chip RFID<\/strong>\u00a0v\u00e0 gi\u00fap duy tr\u00ec t\u00ednh to\u00e0n v\u1eb9n, do \u0111\u00f3 b\u1ea1n c\u00f3 th\u1ec3 y\u00ean t\u00e2m r\u1eb1ng v\u00f2ng \u0111eo tay c\u1ee7a b\u1ea1n s\u1ebd ho\u1ea1t \u0111\u1ed9ng hi\u1ec7u qu\u1ea3 trong m\u1ecdi \u0111i\u1ec1u ki\u1ec7n.<\/p>\n<p>&nbsp;<\/p>\n<h2>Th\u00f4ng s\u1ed1 k\u1ef9 thu\u1eadt<\/h2>\n<table class=\"w-fit !mb-0 !max-w-none\" style=\"height: 303px;\" width=\"424\">\n<thead>\n<tr>\n<th><strong>\u0110\u1eb7c \u0111i\u1ec3m k\u1ef9 thu\u1eadt<\/strong><\/th>\n<th><strong>Chi ti\u1ebft<\/strong><\/th>\n<\/tr>\n<\/thead>\n<tbody>\n<tr>\n<td><strong>S\u1ed1 m\u00f4 h\u00ecnh<\/strong><\/td>\n<td>SX-T\u00e2y B\u1eafc<\/td>\n<\/tr>\n<tr>\n<td><strong>Lo\u1ea1i Chip<\/strong><\/td>\n<td>MIFARE c\u1ed5 \u0111i\u1ec3n 1K<\/td>\n<\/tr>\n<tr>\n<td><strong>T\u00ednh th\u01b0\u1eddng xuy\u00ean<\/strong><\/td>\n<td>13,56MHz<\/td>\n<\/tr>\n<tr>\n<td><strong>Ph\u1ea1m vi \u0111\u1ecdc<\/strong><\/td>\n<td>2-5cm<\/td>\n<\/tr>\n<tr>\n<td><strong>V\u1eadt li\u1ec7u<\/strong><\/td>\n<td>D\u1ec7t + PVC<\/td>\n<\/tr>\n<tr>\n<td><strong>T\u00f9y ch\u1ecdn k\u00edch th\u01b0\u1edbc<\/strong><\/td>\n<td>30<em>26mm, 40<\/em>25mm ho\u1eb7c T\u00f9y ch\u1ec9nh<\/td>\n<\/tr>\n<tr>\n<td><strong>Lo\u1ea1i in<\/strong><\/td>\n<td>In CMYK 4C, In l\u1ee5a<\/td>\n<\/tr>\n<tr>\n<td><strong>Ho\u00e0n thi\u1ec7n b\u1ec1 m\u1eb7t<\/strong><\/td>\n<td>B\u00f3ng, M\u1edd, M\u1edd<\/td>\n<\/tr>\n<tr>\n<td><strong>Ph\u1ea1m vi nhi\u1ec7t \u0111\u1ed9<\/strong><\/td>\n<td>-20\u00b0C \u0111\u1ebfn +80\u00b0C<\/td>\n<\/tr>\n<tr>\n<td><strong>Giao th\u1ee9c<\/strong><\/td>\n<td>ISO 14443A<\/td>\n<\/tr>\n<\/tbody>\n<\/table>\n<h2><\/h2>\n<h2>Nh\u1eefng c\u00e2u h\u1ecfi th\u01b0\u1eddng g\u1eb7p (FAQ)<\/h2>\n<h3>1. V\u00f2ng \u0111eo tay RFID l\u00e0 g\u00ec?<\/h3>\n<p><strong>V\u00f2ng \u0111eo tay RFID<\/strong>\u00a0l\u00e0 c\u00e1c v\u00f2ng \u0111eo tay \u0111\u01b0\u1ee3c nh\u00fang c\u00f4ng ngh\u1ec7 Nh\u1eadn d\u1ea1ng t\u1ea7n s\u1ed1 v\u00f4 tuy\u1ebfn (RFID). Ch\u00fang l\u01b0u tr\u1eef d\u1eef li\u1ec7u c\u00f3 th\u1ec3 truy\u1ec1n kh\u00f4ng d\u00e2y b\u1eb1ng NFC (Giao ti\u1ebfp tr\u01b0\u1eddng g\u1ea7n), cho ph\u00e9p ki\u1ec3m so\u00e1t truy c\u1eadp hi\u1ec7u qu\u1ea3, giao d\u1ecbch kh\u00f4ng d\u00f9ng ti\u1ec1n m\u1eb7t v\u00e0 thu th\u1eadp d\u1eef li\u1ec7u t\u1ea1i c\u00e1c s\u1ef1 ki\u1ec7n.<\/p>\n<h3>2. V\u00f2ng \u0111eo tay RFID ho\u1ea1t \u0111\u1ed9ng nh\u01b0 th\u1ebf n\u00e0o?<\/h3>\n<p>V\u00f2ng \u0111eo tay RFID ch\u1ee9a m\u1ed9t chip RFID nh\u1ecf giao ti\u1ebfp v\u1edbi \u0111\u1ea7u \u0111\u1ecdc qua s\u00f3ng v\u00f4 tuy\u1ebfn. Khi \u0111\u01b0\u1ee3c qu\u00e9t b\u1edfi \u0111\u1ea7u \u0111\u1ecdc RFID, v\u00f2ng \u0111eo tay s\u1ebd truy\u1ec1n th\u00f4ng tin \u0111\u00e3 l\u01b0u tr\u1eef, c\u1ea5p quy\u1ec1n truy c\u1eadp ho\u1eb7c x\u1eed l\u00fd giao d\u1ecbch m\u00e0 kh\u00f4ng c\u1ea7n ti\u1ebfp x\u00fac v\u1eadt l\u00fd.<\/p>\n<h3>3. Nh\u1eefng chi\u1ebfc v\u00f2ng tay n\u00e0y c\u00f3 ch\u1ed1ng n\u01b0\u1edbc kh\u00f4ng?<\/h3>\n<p>V\u00e2ng! C\u1ee7a ch\u00fang t\u00f4i\u00a0<strong>v\u00f2ng \u0111eo tay RFID d\u1ec7t t\u00f9y ch\u1ec9nh<\/strong>\u00a0\u0111\u01b0\u1ee3c thi\u1ebft k\u1ebf \u0111\u1ec3 tr\u1edf th\u00e0nh\u00a0<strong>kh\u00f4ng th\u1ea5m n\u01b0\u1edbc<\/strong>, khi\u1ebfn ch\u00fang ph\u00f9 h\u1ee3p v\u1edbi nhi\u1ec1u s\u1ef1 ki\u1ec7n kh\u00e1c nhau, bao g\u1ed3m c\u1ea3 nh\u1eefng s\u1ef1 ki\u1ec7n \u0111\u01b0\u1ee3c t\u1ed5 ch\u1ee9c t\u1ea1i c\u00f4ng vi\u00ean n\u01b0\u1edbc v\u00e0 l\u1ec5 h\u1ed9i ngo\u00e0i tr\u1eddi. V\u1eadt li\u1ec7u b\u1ec1n b\u1ec9 c\u1ee7a ch\u00fang \u0111\u1ea3m b\u1ea3o ch\u00fang v\u1eabn duy tr\u00ec ch\u1ee9c n\u0103ng ngay c\u1ea3 khi ti\u1ebfp x\u00fac v\u1edbi n\u01b0\u1edbc.<\/p>\n<h3>4. V\u00f2ng \u0111eo tay c\u00f3 th\u1ec3 t\u00f9y ch\u1ec9nh \u0111\u01b0\u1ee3c kh\u00f4ng?<\/h3>\n<p>Ch\u1eafc ch\u1eafn r\u1ed3i! V\u00f2ng \u0111eo tay RFID c\u1ee7a ch\u00fang t\u00f4i c\u00f3 th\u1ec3 \u0111\u01b0\u1ee3c t\u00f9y ch\u1ec9nh ho\u00e0n to\u00e0n \u0111\u1ec3 ph\u00f9 h\u1ee3p v\u1edbi nhu c\u1ea7u x\u00e2y d\u1ef1ng th\u01b0\u01a1ng hi\u1ec7u c\u1ee7a b\u1ea1n. B\u1ea1n c\u00f3 th\u1ec3 ch\u1ecdn c\u00e1c k\u00edch th\u01b0\u1edbc, m\u00e0u s\u1eafc v\u00e0 k\u1ef9 thu\u1eadt in kh\u00e1c nhau nh\u01b0\u00a0<strong>In m\u00e0u CMYK<\/strong>,\u00a0<strong>In \u0111i\u1ec3m UV<\/strong>v\u00e0 l\u1edbp ho\u00e0n thi\u1ec7n b\u1eb1ng kim lo\u1ea1i nh\u01b0\u00a0<strong>l\u00e1 b\u1ea1c ho\u1eb7c v\u00e0ng<\/strong>.<\/p>\n<h3>5. \u0110\u1ed9 b\u1ec1n c\u1ee7a v\u00f2ng \u0111eo tay nh\u01b0 th\u1ebf n\u00e0o?<\/h3>\n<p>\u0110\u01b0\u1ee3c l\u00e0m t\u1eeb s\u1ef1 k\u1ebft h\u1ee3p c\u1ee7a\u00a0<strong>polyester d\u1ec7t<\/strong>\u00a0V\u00e0\u00a0<strong>PVC<\/strong>, v\u00f2ng \u0111eo tay c\u1ee7a ch\u00fang t\u00f4i r\u1ea5t ch\u1eafc ch\u1eafn v\u00e0 \u0111\u01b0\u1ee3c thi\u1ebft k\u1ebf \u0111\u1ec3 ch\u1ecbu \u0111\u01b0\u1ee3c c\u00e1c \u0111i\u1ec1u ki\u1ec7n m\u00f4i tr\u01b0\u1eddng kh\u00e1c nhau, bao g\u1ed3m ph\u1ea1m vi nhi\u1ec7t \u0111\u1ed9\u00a0<strong>-20\u00b0C \u0111\u1ebfn +80\u00b0C<\/strong>. Ch\u00fang c\u0169ng c\u00f3 kh\u1ea3 n\u0103ng ch\u1ed1ng ph\u00e1 ho\u1ea1i, \u0111\u1ea3m b\u1ea3o an to\u00e0n trong su\u1ed1t c\u00e1c s\u1ef1 ki\u1ec7n.<\/p>","protected":false},"excerpt":{"rendered":"<p>V\u00f2ng \u0111eo tay RFID NFC d\u1ec7t polyester ch\u1ed1ng th\u1ea5m n\u01b0\u1edbc c\u00f3 logo t\u00f9y ch\u1ec9nh k\u1ebft h\u1ee3p \u0111\u1ed9 b\u1ec1n v\u1edbi th\u01b0\u01a1ng hi\u1ec7u th\u1eddi trang, l\u00fd t\u01b0\u1edfng cho c\u00e1c s\u1ef1 ki\u1ec7n v\u00e0 ki\u1ec3m so\u00e1t truy c\u1eadp an to\u00e0n. Ho\u00e0n h\u1ea3o cho c\u00e1c giao d\u1ecbch kh\u00f4ng d\u00f9ng ti\u1ec1n m\u1eb7t, ch\u00fang n\u00e2ng cao tr\u1ea3i nghi\u1ec7m c\u1ee7a ng\u01b0\u1eddi d\u00f9ng \u0111\u1ed3ng th\u1eddi qu\u1ea3ng b\u00e1 th\u01b0\u01a1ng hi\u1ec7u c\u1ee7a b\u1ea1n.<\/p>","protected":false},"featured_media":3411,"template":"","meta":[],"product_brand":[],"product_cat":[50],"product_tag":[],"class_list":{"0":"post-3410","1":"product","2":"type-product","3":"status-publish","4":"has-post-thumbnail","6":"product_cat-silicone-rfid-nfc-wristbands","8":"first","9":"instock","10":"shipping-taxable","11":"product-type-simple"},"_links":{"self":[{"href":"https:\/\/nfc-readers.com\/vi\/wp-json\/wp\/v2\/product\/3410","targetHints":{"allow":["GET"]}}],"collection":[{"href":"https:\/\/nfc-readers.com\/vi\/wp-json\/wp\/v2\/product"}],"about":[{"href":"https:\/\/nfc-readers.com\/vi\/wp-json\/wp\/v2\/types\/product"}],"wp:featuredmedia":[{"embeddable":true,"href":"https:\/\/nfc-readers.com\/vi\/wp-json\/wp\/v2\/media\/3411"}],"wp:attachment":[{"href":"https:\/\/nfc-readers.com\/vi\/wp-json\/wp\/v2\/media?parent=3410"}],"wp:term":[{"taxonomy":"product_brand","embeddable":true,"href":"https:\/\/nfc-readers.com\/vi\/wp-json\/wp\/v2\/product_brand?post=3410"},{"taxonomy":"product_cat","embeddable":true,"href":"https:\/\/nfc-readers.com\/vi\/wp-json\/wp\/v2\/product_cat?post=3410"},{"taxonomy":"product_tag","embeddable":true,"href":"https:\/\/nfc-readers.com\/vi\/wp-json\/wp\/v2\/product_tag?post=3410"}],"curies":[{"name":"wp","href":"https:\/\/api.w.org\/{rel}","templated":true}]}}