{"id":3417,"date":"2024-11-03T03:26:02","date_gmt":"2024-11-03T03:26:02","guid":{"rendered":"https:\/\/nfc-readers.com\/?post_type=product&#038;p=3417"},"modified":"2024-11-03T03:26:03","modified_gmt":"2024-11-03T03:26:03","slug":"fabric-wrist-band-13-56mhz-nfc-bracelet-dispose-wristbands","status":"publish","type":"product","link":"https:\/\/nfc-readers.com\/vi\/ic-reader\/fabric-wrist-band-13-56mhz-nfc-bracelet-dispose-wristbands\/","title":{"rendered":"D\u00e2y \u0111eo c\u1ed5 tay v\u1ea3i 13,56 mhz NFC V\u00f2ng \u0111eo tay v\u1ee9t b\u1ecf"},"content":{"rendered":"<h1 style=\"text-align: center;\"><strong>D\u00e2y \u0111eo c\u1ed5 tay v\u1ea3i 13,56 mhz NFC V\u00f2ng \u0111eo tay v\u1ee9t b\u1ecf<\/strong><\/h1>\n<p>&nbsp;<\/p>\n<p>Trong th\u1ebf gi\u1edbi nh\u1ecbp \u0111\u1ed9 nhanh ng\u00e0y nay, nhu c\u1ea7u qu\u1ea3n l\u00fd li\u1ec1n m\u1ea1ch v\u00e0 n\u00e2ng cao tr\u1ea3i nghi\u1ec7m ng\u01b0\u1eddi d\u00f9ng l\u00e0 t\u1ed1i quan tr\u1ecdng, \u0111\u1eb7c bi\u1ec7t l\u00e0 t\u1ea1i c\u00e1c s\u1ef1 ki\u1ec7n, l\u1ec5 h\u1ed9i v\u00e0 \u0111\u1ecba \u0111i\u1ec3m n\u01a1i ki\u1ec3m so\u00e1t truy c\u1eadp hi\u1ec7u qu\u1ea3 l\u00e0 r\u1ea5t quan tr\u1ecdng. <strong>V\u00f2ng \u0111eo tay v\u1ea3i NFC 13,56MHz V\u00f2ng \u0111eo tay v\u1ee9t b\u1ecf<\/strong>\u00a0cung c\u1ea5p s\u1ef1 k\u1ebft h\u1ee3p \u0111\u1ed9c \u0111\u00e1o gi\u1eefa ch\u1ee9c n\u0103ng v\u00e0 t\u00ednh th\u1ea9m m\u1ef9, \u0111\u1ea3m b\u1ea3o ho\u1ea1t \u0111\u1ed9ng c\u1ee7a b\u1ea1n di\u1ec5n ra su\u00f4n s\u1ebb \u0111\u1ed3ng th\u1eddi mang \u0111\u1ebfn cho kh\u00e1ch h\u00e0ng tr\u1ea3i nghi\u1ec7m \u0111\u00e1ng nh\u1edb. V\u1edbi c\u00e1c t\u00ednh n\u0103ng nh\u01b0\u00a0<strong>s\u1eed d\u1ee5ng m\u1ed9t l\u1ea7n<\/strong>,\u00a0<strong>thi\u1ebft k\u1ebf \u0111\u1ea7y m\u00e0u s\u1eafc<\/strong>v\u00e0 n\u00e2ng cao\u00a0<strong>NFC<\/strong>\u00a0c\u00f4ng ngh\u1ec7, nh\u1eefng chi\u1ebfc v\u00f2ng \u0111eo tay n\u00e0y l\u00e0 m\u1ed9t b\u01b0\u1edbc \u0111\u1ed9t ph\u00e1 cho b\u1ea5t k\u1ef3 nh\u00e0 t\u1ed5 ch\u1ee9c s\u1ef1 ki\u1ec7n n\u00e0o.<\/p>\n<p>&nbsp;<\/p>\n<h2>T\u1ea1i sao n\u00ean ch\u1ecdn v\u00f2ng tay NFC b\u1eb1ng v\u1ea3i?<\/h2>\n<p>Khi n\u00f3i \u0111\u1ebfn vi\u1ec7c s\u1eed d\u1ee5ng ph\u1ed5 s\u1ea3n ph\u1ea9m RFID v\u00e0 NFC, V\u00f2ng \u0111eo tay b\u1ecf t\u00fai NFC 13,56 MHz Fabric Wrist Band n\u1ed5i b\u1eadt nh\u1edd thi\u1ebft k\u1ebf s\u00e1ng t\u1ea1o v\u00e0 kh\u1ea3 n\u0103ng m\u1ea1nh m\u1ebd.<\/p>\n<h3>\u0110i\u1ec3m n\u1ed5i b\u1eadt c\u1ee7a s\u1ea3n ph\u1ea9m:<\/h3>\n<ul>\n<li><strong>D\u1ec5 d\u00e0ng t\u00f9y ch\u1ec9nh<\/strong>\u00a0v\u1edbi c\u00e1c t\u00f9y ch\u1ecdn in logo, m\u00e3 v\u1ea1ch v\u00e0 m\u00e3 QR.<\/li>\n<li><strong>Ki\u1ec3m so\u00e1t truy c\u1eadp nhanh<\/strong>\u00a0v\u00e0 h\u1ee3p l\u00fd h\u00f3a c\u00e1c ho\u1ea1t \u0111\u1ed9ng gi\u00fap n\u00e2ng cao tr\u1ea3i nghi\u1ec7m v\u00e0 b\u1ea3o m\u1eadt c\u1ee7a kh\u00e1ch.<\/li>\n<li><strong>V\u1ea3i b\u1ec1n nh\u01b0ng tho\u1ea3i m\u00e1i<\/strong>\u00a0r\u1ea5t ph\u00f9 h\u1ee3p \u0111\u1ec3 m\u1eb7c c\u1ea3 ng\u00e0y t\u1ea1i c\u00e1c l\u1ec5 h\u1ed9i \u00e2m nh\u1ea1c, c\u00f4ng vi\u00ean n\u01b0\u1edbc ho\u1eb7c s\u1ef1 ki\u1ec7n c\u1ee7a c\u00f4ng ty.<\/li>\n<\/ul>\n<p>Nh\u1eefng chi\u1ebfc v\u00f2ng \u0111eo tay n\u00e0y \u0111\u01b0\u1ee3c thi\u1ebft k\u1ebf \u0111\u1ec3 cung c\u1ea5p m\u1ed9t\u00a0<strong>thanh to\u00e1n kh\u00f4ng d\u00f9ng ti\u1ec1n m\u1eb7t<\/strong>\u00a0gi\u1ea3i ph\u00e1p \u0111\u1ed3ng th\u1eddi \u0111\u1ea3m b\u1ea3o r\u1eb1ng nh\u1eefng ng\u01b0\u1eddi t\u1ed5 ch\u1ee9c s\u1ef1 ki\u1ec7n c\u00f3 th\u1ec3 an t\u00e2m khi bi\u1ebft r\u1eb1ng h\u1ecd c\u00f3 ph\u01b0\u01a1ng ti\u1ec7n \u0111\u00e1ng tin c\u1eady \u0111\u1ec3 qu\u1ea3n l\u00fd ki\u1ec3m so\u00e1t ra v\u00e0o hi\u1ec7u qu\u1ea3.<\/p>\n<p>&nbsp;<\/p>\n<h2>T\u00ednh n\u0103ng \u0111\u1eb7c bi\u1ec7t c\u1ee7a v\u00f2ng \u0111eo tay NFC v\u1ea3i<\/h2>\n<p>Khi xem x\u00e9t\u00a0<strong>v\u00f2ng \u0111eo tay rfid cho c\u00e1c s\u1ef1 ki\u1ec7n<\/strong>, c\u00e1c\u00a0<em>V\u00f2ng \u0111eo tay v\u1ea3i NFC 13,56MHz<\/em>\u00a0cung c\u1ea5p nhi\u1ec1u t\u00ednh n\u0103ng \u0111\u1eb7c bi\u1ec7t \u0111\u01b0\u1ee3c thi\u1ebft k\u1ebf \u0111\u1ec3 c\u1ea3i thi\u1ec7n hi\u1ec7u qu\u1ea3 v\u00e0 n\u00e2ng cao tr\u1ea3i nghi\u1ec7m c\u1ee7a kh\u00e1ch.<\/p>\n<h3>Thi\u1ebft k\u1ebf nhi\u1ec1u m\u00e0u s\u1eafc, d\u00f9ng m\u1ed9t l\u1ea7n<\/h3>\n<p>Nh\u1eefng chi\u1ebfc v\u00f2ng tay n\u00e0y c\u00f3 nhi\u1ec1u m\u00e0u s\u1eafc r\u1ef1c r\u1ee1, \u0111\u1ea3m b\u1ea3o ch\u00fang kh\u00f4ng ch\u1ec9 c\u00f3 ch\u1ee9c n\u0103ng h\u1eefu \u00edch m\u00e0 c\u00f2n ph\u00f9 h\u1ee3p v\u1edbi y\u00eau c\u1ea7u th\u1ea9m m\u1ef9 c\u1ee7a th\u01b0\u01a1ng hi\u1ec7u b\u1ea1n.\u00a0<strong>s\u1eed d\u1ee5ng m\u1ed9t l\u1ea7n<\/strong>\u00a0T\u00ednh n\u0103ng n\u00e0y b\u1ed5 sung th\u00eam m\u1ed9t l\u1edbp b\u1ea3o m\u1eadt v\u00ec m\u1ed7i v\u00f2ng \u0111eo tay \u0111\u01b0\u1ee3c m\u00e3 h\u00f3a duy nh\u1ea5t cho m\u1ed9t s\u1ef1 ki\u1ec7n duy nh\u1ea5t, gi\u00fap gi\u1ea3m thi\u1ec3u nguy c\u01a1 truy c\u1eadp tr\u00e1i ph\u00e9p.<\/p>\n<h3>Giao di\u1ec7n truy\u1ec1n th\u00f4ng RFID v\u00e0 NFC<\/h3>\n<p>\u0110\u01b0\u1ee3c thi\u1ebft k\u1ebf v\u1edbi c\u00f4ng ngh\u1ec7 ti\u00ean ti\u1ebfn, nh\u1eefng chi\u1ebfc v\u00f2ng \u0111eo tay n\u00e0y s\u1eed d\u1ee5ng\u00a0<strong>RFID<\/strong>\u00a0V\u00e0\u00a0<strong>NFC<\/strong>\u00a0giao di\u1ec7n truy\u1ec1n th\u00f4ng \u0111\u1ec3 \u0111\u1ea3m b\u1ea3o t\u01b0\u01a1ng t\u00e1c nhanh ch\u00f3ng v\u00e0 \u0111\u00e1ng tin c\u1eady v\u1edbi \u0111\u1ea7u \u0111\u1ecdc RFID. Kh\u1ea3 n\u0103ng n\u00e0y t\u1ea1o \u0111i\u1ec1u ki\u1ec7n thu\u1eadn l\u1ee3i\u00a0<strong>thanh to\u00e1n kh\u00f4ng ti\u1ebfp x\u00fac<\/strong>\u00a0v\u00e0 qu\u1ea3n l\u00fd quy\u1ec1n ra v\u00e0o, \u0111\u01a1n gi\u1ea3n h\u00f3a quy tr\u00ecnh ti\u1ebfp nh\u1eadn cho c\u1ea3 kh\u00e1ch v\u00e0 nh\u00e2n vi\u00ean.<\/p>\n<p>&nbsp;<\/p>\n<h2>Nh\u1eefng c\u00e2u h\u1ecfi th\u01b0\u1eddng g\u1eb7p v\u1ec1 c\u00f4ng ngh\u1ec7 NFC<\/h2>\n<h3>C\u00f4ng ngh\u1ec7 NFC l\u00e0 g\u00ec?<\/h3>\n<p>NFC, hay Giao ti\u1ebfp tr\u01b0\u1eddng g\u1ea7n, cho ph\u00e9p c\u00e1c thi\u1ebft b\u1ecb giao ti\u1ebfp v\u1edbi nhau th\u00f4ng qua s\u00f3ng v\u00f4 tuy\u1ebfn. N\u00f3 cho ph\u00e9p giao d\u1ecbch li\u1ec1n m\u1ea1ch v\u00e0 chia s\u1ebb th\u00f4ng tin ch\u1ec9 b\u1eb1ng c\u00e1ch ch\u1ea1m c\u00e1c thi\u1ebft b\u1ecb v\u00e0o nhau.<\/p>\n<h3>Nh\u1eefng chi\u1ebfc v\u00f2ng tay n\u00e0y c\u00f3 ch\u1ed1ng n\u01b0\u1edbc kh\u00f4ng?<\/h3>\n<p>V\u00f2ng \u0111eo tay NFC c\u1ee7a ch\u00fang t\u00f4i \u0111\u01b0\u1ee3c thi\u1ebft k\u1ebf ch\u1ed1ng n\u01b0\u1edbc, ph\u00f9 h\u1ee3p cho c\u00e1c s\u1ef1 ki\u1ec7n t\u1ea1i c\u00f4ng vi\u00ean n\u01b0\u1edbc ho\u1eb7c l\u1ec5 h\u1ed9i ngo\u00e0i tr\u1eddi.<\/p>\n<h3>T\u00f4i c\u00f3 th\u1ec3 t\u00f9y ch\u1ec9nh v\u00f2ng \u0111eo tay kh\u00f4ng?<\/h3>\n<p>C\u00f3, ch\u00fang t\u00f4i cung c\u1ea5p c\u00e1c t\u00f9y ch\u1ecdn t\u00f9y ch\u1ec9nh, bao g\u1ed3m in logo, m\u00e3 v\u1ea1ch v\u00e0 in m\u00e3 QR tr\u00ean c\u1ea3 d\u00e2y \u0111eo tay v\u00e0 th\u1ebb.<\/p>","protected":false},"excerpt":{"rendered":"<p>C\u00e1c\u00a0<strong>V\u00f2ng \u0111eo tay v\u1ea3i NFC 13,56MHz<\/strong>\u00a0l\u00e0 gi\u1ea3i ph\u00e1p th\u1eddi trang v\u00e0 thi\u1ebft th\u1ef1c cho qu\u1ea3n l\u00fd s\u1ef1 ki\u1ec7n, cung c\u1ea5p kh\u1ea3 n\u0103ng ki\u1ec3m so\u00e1t truy c\u1eadp li\u1ec1n m\u1ea1ch v\u00e0 thanh to\u00e1n kh\u00f4ng d\u00f9ng ti\u1ec1n m\u1eb7t. \u0110\u01b0\u1ee3c thi\u1ebft k\u1ebf \u0111\u1ec3 s\u1eed d\u1ee5ng m\u1ed9t l\u1ea7n, nh\u1eefng chi\u1ebfc v\u00f2ng \u0111eo tay s\u1ed1ng \u0111\u1ed9ng n\u00e0y n\u00e2ng cao tr\u1ea3i nghi\u1ec7m c\u1ee7a kh\u00e1ch \u0111\u1ed3ng th\u1eddi \u0111\u1ea3m b\u1ea3o an ninh v\u00e0 hi\u1ec7u qu\u1ea3 t\u1ea1i b\u1ea5t k\u1ef3 s\u1ef1 ki\u1ec7n n\u00e0o.<\/p>","protected":false},"featured_media":3424,"template":"","meta":[],"product_brand":[],"product_cat":[50],"product_tag":[],"class_list":{"0":"post-3417","1":"product","2":"type-product","3":"status-publish","4":"has-post-thumbnail","6":"product_cat-silicone-rfid-nfc-wristbands","8":"first","9":"instock","10":"shipping-taxable","11":"product-type-simple"},"_links":{"self":[{"href":"https:\/\/nfc-readers.com\/vi\/wp-json\/wp\/v2\/product\/3417","targetHints":{"allow":["GET"]}}],"collection":[{"href":"https:\/\/nfc-readers.com\/vi\/wp-json\/wp\/v2\/product"}],"about":[{"href":"https:\/\/nfc-readers.com\/vi\/wp-json\/wp\/v2\/types\/product"}],"wp:featuredmedia":[{"embeddable":true,"href":"https:\/\/nfc-readers.com\/vi\/wp-json\/wp\/v2\/media\/3424"}],"wp:attachment":[{"href":"https:\/\/nfc-readers.com\/vi\/wp-json\/wp\/v2\/media?parent=3417"}],"wp:term":[{"taxonomy":"product_brand","embeddable":true,"href":"https:\/\/nfc-readers.com\/vi\/wp-json\/wp\/v2\/product_brand?post=3417"},{"taxonomy":"product_cat","embeddable":true,"href":"https:\/\/nfc-readers.com\/vi\/wp-json\/wp\/v2\/product_cat?post=3417"},{"taxonomy":"product_tag","embeddable":true,"href":"https:\/\/nfc-readers.com\/vi\/wp-json\/wp\/v2\/product_tag?post=3417"}],"curies":[{"name":"wp","href":"https:\/\/api.w.org\/{rel}","templated":true}]}}