{"id":3430,"date":"2024-11-03T03:39:41","date_gmt":"2024-11-03T03:39:41","guid":{"rendered":"https:\/\/nfc-readers.com\/?post_type=product&#038;p=3430"},"modified":"2024-11-03T03:39:42","modified_gmt":"2024-11-03T03:39:42","slug":"waterproof-passive-nfc-rfid-silicone-wristband","status":"publish","type":"product","link":"https:\/\/nfc-readers.com\/vi\/ic-reader\/waterproof-passive-nfc-rfid-silicone-wristband\/","title":{"rendered":"V\u00f2ng \u0111eo tay silicon RFID NFC th\u1ee5 \u0111\u1ed9ng ch\u1ed1ng n\u01b0\u1edbc"},"content":{"rendered":"<h1 style=\"text-align: center;\"><strong>V\u00f2ng \u0111eo tay silicon RFID NFC th\u1ee5 \u0111\u1ed9ng ch\u1ed1ng n\u01b0\u1edbc<\/strong><\/h1>\n<p>&nbsp;<\/p>\n<p>Trong th\u1eddi \u0111\u1ea1i m\u00e0 c\u00f4ng ngh\u1ec7 v\u00e0 t\u00ednh th\u1ef1c t\u1ebf \u0111an xen li\u1ec1n m\u1ea1ch, <strong>V\u00f2ng \u0111eo tay silicon RFID NFC th\u1ee5 \u0111\u1ed9ng ch\u1ed1ng n\u01b0\u1edbc<\/strong>\u00a0n\u1ed5i b\u1eadt nh\u01b0 m\u1ed9t ph\u1ee5 ki\u1ec7n \u0111\u1eb7c bi\u1ec7t. Chi\u1ebfc v\u00f2ng \u0111eo tay s\u00e1ng t\u1ea1o n\u00e0y \u0111\u01b0\u1ee3c thi\u1ebft k\u1ebf \u0111\u1ec3 \u0111\u00e1p \u1ee9ng nhu c\u1ea7u n\u0103ng \u0111\u1ed9ng c\u1ee7a ng\u01b0\u1eddi d\u00f9ng, mang l\u1ea1i s\u1ef1 ti\u1ec7n l\u1ee3i v\u00e0 b\u1ea3o m\u1eadt v\u00f4 song cho nhi\u1ec1u \u1ee9ng d\u1ee5ng kh\u00e1c nhau bao g\u1ed3m s\u1ef1 ki\u1ec7n, ki\u1ec3m so\u00e1t truy c\u1eadp v\u00e0 giao d\u1ecbch kh\u00f4ng d\u00f9ng ti\u1ec1n m\u1eb7t. Cho d\u00f9 b\u1ea1n \u0111ang t\u1ed5 ch\u1ee9c m\u1ed9t l\u1ec5 h\u1ed9i \u1ea5n t\u01b0\u1ee3ng, \u0111i\u1ec1u h\u00e0nh ph\u00f2ng t\u1eadp th\u1ec3 d\u1ee5c hay qu\u1ea3n l\u00fd c\u00f4ng vi\u00ean n\u01b0\u1edbc, chi\u1ebfc v\u00f2ng \u0111eo tay n\u00e0y \u0111\u1ec1u cung c\u1ea5p gi\u1ea3i ph\u00e1p ch\u1ed1ng th\u1ea5m n\u01b0\u1edbc \u0111\u1ec3 h\u1ee3p l\u00fd h\u00f3a ho\u1ea1t \u0111\u1ed9ng v\u00e0 n\u00e2ng cao tr\u1ea3i nghi\u1ec7m c\u1ee7a ng\u01b0\u1eddi d\u00f9ng.<\/p>\n<p>Nh\u01b0ng \u0111i\u1ec1u g\u00ec khi\u1ebfn V\u00f2ng \u0111eo tay silicon RFID NFC th\u1ee5 \u0111\u1ed9ng ch\u1ed1ng n\u01b0\u1edbc \u0111\u00e1ng \u0111\u1ec3 \u0111\u1ea7u t\u01b0? V\u00e2ng, n\u00f3 kh\u00f4ng ch\u1ec9 mang l\u1ea1i nh\u1eefng l\u1ee3i \u00edch thi\u1ebft th\u1ef1c nh\u01b0 kh\u1ea3 n\u0103ng ch\u1ed1ng n\u01b0\u1edbc v\u00e0 \u0111\u1ed9 b\u1ec1n m\u00e0 c\u00f2n c\u00f3 thi\u1ebft k\u1ebf t\u00f9y ch\u1ec9nh, \u0111\u1ea3m b\u1ea3o th\u01b0\u01a1ng hi\u1ec7u c\u1ee7a b\u1ea1n n\u1ed5i b\u1eadt. V\u1edbi kh\u1ea3 n\u0103ng h\u1ed7 tr\u1ee3 thanh to\u00e1n kh\u00f4ng d\u00f9ng ti\u1ec1n m\u1eb7t v\u00e0 ki\u1ec3m so\u00e1t truy c\u1eadp, \u0111\u00e2y l\u00e0 m\u1ed9t c\u00f4ng c\u1ee5 hi\u1ec7u qu\u1ea3 cho c\u1ea3 ng\u01b0\u1eddi t\u1ed5 ch\u1ee9c s\u1ef1 ki\u1ec7n v\u00e0 doanh nghi\u1ec7p. H\u00e3y c\u00f9ng t\u00ecm hi\u1ec3u s\u00e2u h\u01a1n v\u1ec1 c\u00e1c t\u00ednh n\u0103ng v\u00e0 l\u1ee3i th\u1ebf c\u1ee7a s\u1ea3n ph\u1ea9m \u0111\u00e1ng ch\u00fa \u00fd n\u00e0y.<\/p>\n<p>&nbsp;<\/p>\n<h2>\u0110\u1ed9 b\u1ec1n v\u00e0 t\u00ednh n\u0103ng ch\u1ed1ng th\u1ea5m n\u01b0\u1edbc v\u00f4 song<\/h2>\n<p>M\u1ed9t trong nh\u1eefng t\u00ednh n\u0103ng n\u1ed5i b\u1eadt c\u1ee7a\u00a0<strong>V\u00f2ng \u0111eo tay silicon RFID NFC th\u1ee5 \u0111\u1ed9ng ch\u1ed1ng n\u01b0\u1edbc<\/strong>\u00a0l\u00e0 \u0111\u1ed9 b\u1ec1n \u0111\u00e1ng ch\u00fa \u00fd c\u1ee7a n\u00f3. \u0110\u01b0\u1ee3c ch\u1ebf t\u1ea1o t\u1eeb silicon ch\u1ea5t l\u01b0\u1ee3ng cao, chi\u1ebfc v\u00f2ng \u0111eo tay n\u00e0y\u00a0<strong>kh\u00f4ng th\u1ea5m n\u01b0\u1edbc<\/strong>,\u00a0<strong>ch\u1ed1ng ch\u1ecbu th\u1eddi ti\u1ebft<\/strong>, V\u00e0\u00a0<strong>ch\u1ed1ng \u1ea9m<\/strong>, ph\u00f9 h\u1ee3p v\u1edbi nhi\u1ec1u m\u00f4i tr\u01b0\u1eddng v\u00e0 \u0111i\u1ec1u ki\u1ec7n kh\u00e1c nhau. D\u00f9 tr\u1eddi m\u01b0a hay n\u1eafng, chi\u1ebfc v\u00f2ng \u0111eo tay n\u00e0y s\u1ebd kh\u00f4ng d\u1ec5 b\u1ecb h\u01b0 h\u1ecfng, gi\u00fap kh\u00e1ch ho\u1eb7c ng\u01b0\u1eddi tham d\u1ef1 t\u1eadn h\u01b0\u1edfng tr\u1ea3i nghi\u1ec7m m\u00e0 kh\u00f4ng lo b\u1ecb hao m\u00f2n.<\/p>\n<p>C\u00e1c\u00a0<strong>silicon<\/strong>\u00a0Ch\u1ea5t li\u1ec7u kh\u00f4ng ch\u1ec9 \u0111\u1ea3m b\u1ea3o \u0111\u1ed9 b\u1ec1n m\u00e0 c\u00f2n tho\u1ea3i m\u00e1i khi ti\u1ebfp x\u00fac v\u1edbi da, khi\u1ebfn n\u00f3 tr\u1edf n\u00ean ho\u00e0n h\u1ea3o cho c\u1ea3 trang ph\u1ee5c th\u01b0\u1eddng ng\u00e0y v\u00e0 c\u00e1c t\u00ecnh hu\u1ed1ng n\u0103ng \u0111\u1ed9ng nh\u01b0 l\u1ec5 h\u1ed9i ho\u1eb7c s\u1ef1 ki\u1ec7n th\u1ec3 thao. \u0110\u1ed9 b\u1ec1n n\u00e0y c\u00f3 ngh\u0129a l\u00e0 b\u1ea1n s\u1ebd kh\u00f4ng ph\u1ea3i thay d\u00e2y \u0111eo c\u1ed5 tay th\u01b0\u1eddng xuy\u00ean, gi\u00fap ti\u1ebft ki\u1ec7m chi ph\u00ed \u0111\u00e1ng k\u1ec3 theo th\u1eddi gian.<\/p>\n<p>Ngo\u00e0i ra, \u0111\u1eb7c t\u00ednh c\u1ee7a silicone gi\u00fap n\u00f3 ch\u1ed1ng l\u1ea1i c\u00e1c y\u1ebfu t\u1ed1 kh\u1eafc nghi\u1ec7t, cho ph\u00e9p n\u00f3 ch\u1ecbu \u0111\u01b0\u1ee3c khi ti\u1ebfp x\u00fac v\u1edbi c\u00f4ng vi\u00ean n\u01b0\u1edbc, spa, ph\u00f2ng t\u1eadp th\u1ec3 d\u1ee5c v\u00e0 nhi\u1ec1u s\u1ef1 ki\u1ec7n ngo\u00e0i tr\u1eddi kh\u00e1c. Do \u0111\u00f3, ng\u01b0\u1eddi d\u00f9ng c\u00f3 th\u1ec3 t\u1ef1 tin \u0111eo v\u00f2ng \u0111eo tay n\u00e0y v\u00ec bi\u1ebft r\u1eb1ng n\u00f3 c\u00f3 th\u1ec3 x\u1eed l\u00fd c\u00e1c ho\u1ea1t \u0111\u1ed9ng kh\u1eafc nghi\u1ec7t m\u00e0 kh\u00f4ng \u1ea3nh h\u01b0\u1edfng \u0111\u1ebfn ch\u1ee9c n\u0103ng.<\/p>\n<h2>Giao di\u1ec7n truy\u1ec1n th\u00f4ng \u0111a n\u0103ng<\/h2>\n<p>S\u1eed d\u1ee5ng\u00a0<strong>C\u00f4ng ngh\u1ec7 NFC<\/strong>, V\u00f2ng \u0111eo tay silicon RFID NFC th\u1ee5 \u0111\u1ed9ng ch\u1ed1ng n\u01b0\u1edbc t\u1ef1 h\u00e0o c\u00f3 giao di\u1ec7n truy\u1ec1n th\u00f4ng li\u1ec1n m\u1ea1ch gi\u00fap n\u00e2ng cao tr\u1ea3i nghi\u1ec7m c\u1ee7a ng\u01b0\u1eddi d\u00f9ng. Ho\u1ea1t \u0111\u1ed9ng \u1edf t\u1ea7n s\u1ed1\u00a0<strong>13,56MHz<\/strong>, v\u00f2ng \u0111eo tay n\u00e0y \u0111\u01b0\u1ee3c t\u1ed1i \u01b0u h\u00f3a cho c\u00e1c t\u01b0\u01a1ng t\u00e1c nhanh ch\u00f3ng v\u00e0 \u0111\u00e1ng tin c\u1eady.<\/p>\n<p>C\u00f4ng ngh\u1ec7 NFC cho ph\u00e9p\u00a0<strong>thanh to\u00e1n kh\u00f4ng ti\u1ebfp x\u00fac<\/strong>, l\u00e0m cho n\u00f3 tr\u1edf th\u00e0nh gi\u1ea3i ph\u00e1p ho\u00e0n h\u1ea3o cho nh\u1eefng ng\u01b0\u1eddi t\u1ed5 ch\u1ee9c s\u1ef1 ki\u1ec7n mu\u1ed1n h\u1ee3p l\u00fd h\u00f3a quy tr\u00ecnh. Kh\u00e1ch c\u00f3 th\u1ec3 d\u1ec5 d\u00e0ng ch\u1ea1m v\u00f2ng \u0111eo tay c\u1ee7a h\u1ecd t\u1ea1i c\u00e1c \u0111i\u1ec3m b\u00e1n h\u00e0ng m\u00e0 kh\u00f4ng c\u1ea7n ph\u1ea3i loay hoay v\u1edbi ti\u1ec1n m\u1eb7t ho\u1eb7c th\u1ebb, do \u0111\u00f3 gi\u1ea3m th\u1eddi gian ch\u1edd \u0111\u1ee3i v\u00e0 c\u1ea3i thi\u1ec7n lu\u1ed3ng chung t\u1ea1i c\u00e1c s\u1ef1 ki\u1ec7n. \u0110i\u1ec1u n\u00e0y\u00a0<strong>thanh to\u00e1n kh\u00f4ng ti\u1ebfp x\u00fac<\/strong>\u00a0Ch\u1ee9c n\u0103ng n\u00e0y kh\u00f4ng ch\u1ec9 t\u0103ng c\u01b0\u1eddng s\u1ef1 ti\u1ec7n l\u1ee3i cho ng\u01b0\u1eddi d\u00f9ng m\u00e0 c\u00f2n c\u1ea3i thi\u1ec7n hi\u1ec7u qu\u1ea3 cho nh\u00e0 cung c\u1ea5p v\u00e0 nh\u00e2n vi\u00ean s\u1ef1 ki\u1ec7n.<\/p>\n<p>H\u01a1n n\u1eefa, v\u00f2ng \u0111eo tay h\u1ed7 tr\u1ee3 NFC l\u00e0 m\u1ed9t l\u1ee3i \u00edch cho vi\u1ec7c ki\u1ec3m so\u00e1t truy c\u1eadp. B\u1ea1n c\u00f3 th\u1ec3 c\u1ea5p ho\u1eb7c h\u1ea1n ch\u1ebf quy\u1ec1n truy c\u1eadp v\u00e0o c\u00e1c khu v\u1ef1c c\u1ee5 th\u1ec3 ch\u1ec9 b\u1eb1ng c\u00e1ch qu\u00e9t v\u00f2ng \u0111eo tay b\u1eb1ng \u0111\u1ea7u \u0111\u1ecdc RFID, \u0111\u1ea3m b\u1ea3o quy tr\u00ecnh nh\u1eadp c\u1ea3nh su\u00f4n s\u1ebb v\u00e0 an to\u00e0n cho c\u00e1c khu v\u1ef1c VIP, h\u1eadu tr\u01b0\u1eddng ho\u1eb7c b\u1ea5t k\u1ef3 khu v\u1ef1c h\u1ea1n ch\u1ebf n\u00e0o.<\/p>\n<h2>T\u00f9y ch\u1ecdn t\u00f9y ch\u1ec9nh s\u00e1ng t\u1ea1o<\/h2>\n<p>Kh\u1ea3 n\u0103ng t\u00f9y ch\u1ec9nh l\u00e0 m\u1ed9t t\u00ednh n\u0103ng quan tr\u1ecdng c\u1ee7a V\u00f2ng \u0111eo tay silicon RFID NFC th\u1ee5 \u0111\u1ed9ng ch\u1ed1ng n\u01b0\u1edbc. V\u1edbi c\u00e1c t\u00f9y ch\u1ecdn cho\u00a0<strong>logo t\u00f9y ch\u1ec9nh<\/strong>\u00a0v\u00e0 nhi\u1ec1u k\u1ef9 thu\u1eadt in \u1ea5n kh\u00e1c nhau nh\u01b0\u00a0<strong>in l\u1ee5a<\/strong>,\u00a0<strong>d\u1eadp n\u1ed5i<\/strong>, V\u00e0\u00a0<strong>kh\u1eafc laser<\/strong>, c\u00e1c doanh nghi\u1ec7p c\u00f3 th\u1ec3 t\u1ea1o ra b\u1ea3n s\u1eafc \u0111\u1ed9c \u0111\u00e1o ph\u00f9 h\u1ee3p v\u1edbi th\u01b0\u01a1ng hi\u1ec7u c\u1ee7a h\u1ecd.<\/p>\n<p>T\u00f9y ch\u1ec9nh m\u1edf r\u1ed9ng \u0111\u1ebfn k\u00edch th\u01b0\u1edbc, m\u00e0u s\u1eafc v\u00e0 thi\u1ebft k\u1ebf, cho ph\u00e9p c\u00e1c c\u00f4ng ty t\u00f9y ch\u1ec9nh v\u00f2ng \u0111eo tay \u0111\u1ec3 ph\u00f9 h\u1ee3p v\u1edbi ch\u1ee7 \u0111\u1ec1 s\u1ef1 ki\u1ec7n ho\u1eb7c th\u1ea9m m\u1ef9 th\u01b0\u01a1ng hi\u1ec7u. \u0110i\u1ec3m nh\u1ea5n c\u00e1 nh\u00e2n n\u00e0y kh\u00f4ng ch\u1ec9 n\u00e2ng cao kh\u1ea3 n\u0103ng hi\u1ec3n th\u1ecb th\u01b0\u01a1ng hi\u1ec7u m\u00e0 c\u00f2n c\u00f3 th\u1ec3 t\u0103ng s\u1ef1 tham gia c\u1ee7a ng\u01b0\u1eddi tham d\u1ef1 th\u00f4ng qua nh\u1eefng tr\u1ea3i nghi\u1ec7m \u0111\u00e1ng nh\u1edb. H\u00e3y t\u01b0\u1edfng t\u01b0\u1ee3ng \u0111\u1ebfn m\u1ed9t l\u1ec5 h\u1ed9i m\u00e0 m\u1ed7i v\u00f2ng \u0111eo tay \u0111\u1ec1u c\u00f3 m\u1ed9t logo ho\u1eb7c thi\u1ebft k\u1ebf \u0111\u1ed9c \u0111\u00e1o \u0111\u1ea1i di\u1ec7n cho ch\u1ee7 \u0111\u1ec1 s\u1ef1 ki\u1ec7n\u2014kh\u00eda c\u1ea1nh n\u00e0y g\u00f3p ph\u1ea7n \u0111\u00e1ng k\u1ec3 v\u00e0o b\u1ea7u kh\u00f4ng kh\u00ed chung v\u00e0 s\u1ef1 th\u00edch th\u00fa.<\/p>\n<p>H\u01a1n n\u1eefa, kh\u1ea3 n\u0103ng t\u00edch h\u1ee3p m\u00e3 QR c\u0169ng c\u00f3 th\u1ec3 m\u1edf ra nh\u1eefng con \u0111\u01b0\u1eddng cho t\u01b0\u01a1ng t\u00e1c n\u00e2ng cao. Ng\u01b0\u1eddi tham d\u1ef1 c\u00f3 th\u1ec3 qu\u00e9t v\u00f2ng \u0111eo tay c\u1ee7a h\u1ecd \u0111\u1ec3 truy c\u1eadp l\u1ecbch tr\u00ecnh, tham gia c\u00e1c cu\u1ed9c thi ho\u1eb7c th\u1eadm ch\u00ed l\u1ea5y th\u00f4ng tin li\u00ean l\u1ea1c, do \u0111\u00f3 n\u00e2ng cao tr\u1ea3i nghi\u1ec7m t\u1ed5ng th\u1ec3 c\u1ee7a h\u1ecd t\u1ea1i s\u1ef1 ki\u1ec7n.<\/p>\n<h2>Kh\u1ea3 n\u0103ng ki\u1ec3m so\u00e1t an ninh v\u00e0 truy c\u1eadp<\/h2>\n<p>An ninh l\u00e0 t\u1ed1i quan tr\u1ecdng trong m\u1ecdi s\u1ef1 ki\u1ec7n ho\u1eb7c ho\u1ea1t \u0111\u1ed9ng kinh doanh v\u00e0 V\u00f2ng \u0111eo tay silicon RFID NFC th\u1ee5 \u0111\u1ed9ng ch\u1ed1ng n\u01b0\u1edbc gi\u1ea3i quy\u1ebft nhu c\u1ea7u n\u00e0y m\u1ed9t c\u00e1ch hi\u1ec7u qu\u1ea3. B\u1eb1ng c\u00e1ch k\u1ebft h\u1ee3p ti\u00ean ti\u1ebfn\u00a0<strong>C\u00f4ng ngh\u1ec7 RFID<\/strong>, nh\u1eefng chi\u1ebfc v\u00f2ng tay n\u00e0y cung c\u1ea5p m\u1ed9t\u00a0<strong>ch\u1ed1ng gi\u1ea3 m\u1ea1o<\/strong>\u00a0ph\u01b0\u01a1ng ti\u1ec7n ki\u1ec3m so\u00e1t ra v\u00e0o gi\u00fap t\u0103ng \u0111\u00e1ng k\u1ec3 m\u1ee9c \u0111\u1ed9 an ninh t\u1ea1i c\u00e1c s\u1ef1 ki\u1ec7n.<\/p>\n<p>V\u1edbi t\u00edch h\u1ee3p\u00a0<strong>C\u00f4ng ngh\u1ec7 chip MIFARE DESfire EV3<\/strong>, ng\u01b0\u1eddi d\u00f9ng \u0111\u01b0\u1ee3c h\u01b0\u1edfng l\u1ee3i t\u1eeb vi\u1ec7c truy\u1ec1n d\u1eef li\u1ec7u an to\u00e0n, \u0111\u1ea3m b\u1ea3o th\u00f4ng tin ch\u1ee9a trong v\u00f2ng \u0111eo tay v\u1eabn \u0111\u01b0\u1ee3c b\u1ea3o v\u1ec7. Con chip n\u00e0y kh\u00f4ng ch\u1ec9 h\u1ed7 tr\u1ee3 c\u00e1c k\u1ef9 thu\u1eadt m\u00e3 h\u00f3a, cung c\u1ea5p nhi\u1ec1u l\u1edbp b\u1ea3o m\u1eadt m\u00e0 c\u00f2n \u0111\u1ea3m b\u1ea3o truy\u1ec1n d\u1eef li\u1ec7u nhanh, n\u00e2ng cao tr\u1ea3i nghi\u1ec7m c\u1ee7a ng\u01b0\u1eddi d\u00f9ng v\u00e0 gi\u1ea3m \u0111\u1ed9 tr\u1ec5.<\/p>\n<p>H\u01a1n n\u1eefa, v\u00f2ng \u0111eo tay RFID c\u00f3 th\u1ec3 \u0111\u01b0\u1ee3c l\u1eadp tr\u00ecnh cho c\u00e1c quy\u1ec1n truy c\u1eadp c\u1ee5 th\u1ec3, \u0111\u1ea3m b\u1ea3o r\u1eb1ng ch\u1ec9 nh\u1eefng nh\u00e2n vi\u00ean \u0111\u01b0\u1ee3c \u1ee7y quy\u1ec1n m\u1edbi c\u00f3 th\u1ec3 v\u00e0o m\u1ed9t s\u1ed1 khu v\u1ef1c nh\u1ea5t \u0111\u1ecbnh. T\u00ednh n\u0103ng n\u00e0y \u0111\u1eb7c bi\u1ec7t h\u1eefu \u00edch cho c\u00e1c s\u1ef1 ki\u1ec7n l\u1edbn, n\u01a1i qu\u1ea3n l\u00fd \u0111\u00e1m \u0111\u00f4ng r\u1ea5t quan tr\u1ecdng \u0111\u1ed1i v\u1edbi c\u1ea3 s\u1ef1 an to\u00e0n v\u00e0 hi\u1ec7u qu\u1ea3 ho\u1ea1t \u0111\u1ed9ng.<\/p>\n<p>&nbsp;<\/p>\n<h2>Th\u00f4ng s\u1ed1 k\u1ef9 thu\u1eadt v\u00e0 k\u00edch th\u01b0\u1edbc<\/h2>\n<table class=\"w-fit !mb-0 !max-w-none\" style=\"height: 133px;\" width=\"407\">\n<thead>\n<tr>\n<th>\u0110\u1eb7c \u0111i\u1ec3m k\u1ef9 thu\u1eadt<\/th>\n<th>Chi ti\u1ebft<\/th>\n<\/tr>\n<\/thead>\n<tbody>\n<tr>\n<td><strong>V\u1eadt li\u1ec7u<\/strong><\/td>\n<td>Silicon<\/td>\n<\/tr>\n<tr>\n<td><strong>K\u00edch c\u1ee1<\/strong><\/td>\n<td>238 x 13mm<\/td>\n<\/tr>\n<tr>\n<td><strong>\u0111\u1ed9 d\u00e0y<\/strong><\/td>\n<td>3mm<\/td>\n<\/tr>\n<tr>\n<td><strong>Lo\u1ea1i Chip<\/strong><\/td>\n<td>MIFARE DESfire EV3<\/td>\n<\/tr>\n<\/tbody>\n<\/table>\n<p>&nbsp;<\/p>\n<h2>Nh\u1eefng c\u00e2u h\u1ecfi th\u01b0\u1eddng g\u1eb7p (FAQ)<\/h2>\n<p>Sau \u0111\u00e2y l\u00e0 m\u1ed9t s\u1ed1 c\u00e2u h\u1ecfi th\u01b0\u1eddng g\u1eb7p li\u00ean quan \u0111\u1ebfn\u00a0<strong>V\u00f2ng \u0111eo tay silicon RFID NFC th\u1ee5 \u0111\u1ed9ng ch\u1ed1ng n\u01b0\u1edbc<\/strong>, c\u00f9ng v\u1edbi c\u00e2u tr\u1ea3 l\u1eddi c\u1ee7a h\u1ecd \u0111\u1ec3 gi\u00fap b\u1ea1n \u0111\u01b0a ra quy\u1ebft \u0111\u1ecbnh s\u00e1ng su\u1ed1t.<\/p>\n<h3>1.\u00a0<strong>C\u00f4ng ngh\u1ec7 NFC l\u00e0 g\u00ec v\u00e0 n\u00f3 ho\u1ea1t \u0111\u1ed9ng nh\u01b0 th\u1ebf n\u00e0o v\u1edbi v\u00f2ng \u0111eo tay?<\/strong><\/h3>\n<p>NFC (Giao ti\u1ebfp tr\u01b0\u1eddng g\u1ea7n) l\u00e0 m\u1ed9t t\u1eadp h\u1ee3p c\u00e1c giao th\u1ee9c truy\u1ec1n th\u00f4ng cho ph\u00e9p hai thi\u1ebft b\u1ecb \u0111i\u1ec7n t\u1eed, th\u01b0\u1eddng l\u00e0 \u0111i\u1ec7n tho\u1ea1i th\u00f4ng minh v\u00e0 \u0111\u1ea7u \u0111\u1ecdc, giao ti\u1ebfp trong kho\u1ea3ng c\u00e1ch ng\u1eafn\u2014th\u01b0\u1eddng l\u00e0 d\u01b0\u1edbi 4 inch. V\u00f2ng \u0111eo tay c\u00f3 ch\u1ee9a m\u1ed9t chip NFC nh\u00fang c\u00f3 th\u1ec3 truy\u1ec1n th\u00f4ng tin khi \u0111\u1eb7t g\u1ea7n \u0111\u1ea7u \u0111\u1ecdc NFC, cho ph\u00e9p c\u00e1c ch\u1ee9c n\u0103ng nh\u01b0 thanh to\u00e1n kh\u00f4ng ti\u1ebfp x\u00fac, ki\u1ec3m so\u00e1t truy c\u1eadp v\u00e0 chia s\u1ebb d\u1eef li\u1ec7u.<\/p>\n<h3>2.\u00a0<strong>V\u00f2ng \u0111eo tay n\u00e0y c\u00f3 ph\u00f9 h\u1ee3p cho c\u00e1c ho\u1ea1t \u0111\u1ed9ng li\u00ean quan \u0111\u1ebfn n\u01b0\u1edbc kh\u00f4ng?<\/strong><\/h3>\n<p>Ch\u1eafc ch\u1eafn r\u1ed3i! V\u00f2ng \u0111eo tay silicon RFID NFC th\u1ee5 \u0111\u1ed9ng ch\u1ed1ng n\u01b0\u1edbc \u0111\u01b0\u1ee3c thi\u1ebft k\u1ebf \u0111\u1ec3\u00a0<strong>kh\u00f4ng th\u1ea5m n\u01b0\u1edbc<\/strong>\u00a0V\u00e0\u00a0<strong>ch\u1ed1ng ch\u1ecbu th\u1eddi ti\u1ebft<\/strong>. \u0110i\u1ec1u n\u00e0y l\u00e0m cho s\u1ea3n ph\u1ea9m tr\u1edf n\u00ean l\u00fd t\u01b0\u1edfng khi s\u1eed d\u1ee5ng trong nhi\u1ec1u m\u00f4i tr\u01b0\u1eddng li\u00ean quan \u0111\u1ebfn n\u01b0\u1edbc nh\u01b0 c\u00f4ng vi\u00ean n\u01b0\u1edbc, h\u1ed3 b\u01a1i v\u00e0 spa.<\/p>\n<h3>3.\u00a0<strong>T\u00f4i c\u00f3 th\u1ec3 t\u00f9y ch\u1ec9nh v\u00f2ng \u0111eo tay b\u1eb1ng logo ho\u1eb7c thi\u1ebft k\u1ebf c\u1ee7a m\u00ecnh kh\u00f4ng?<\/strong><\/h3>\n<p>C\u00f3, c\u00f3 c\u00e1c t\u00f9y ch\u1ecdn t\u00f9y ch\u1ec9nh! B\u1ea1n c\u00f3 th\u1ec3 \u0111\u1eb7t v\u00f2ng \u0111eo tay c\u00f3 logo c\u00f4ng ty v\u00e0 ch\u1ecdn t\u1eeb m\u1ed9t s\u1ed1 k\u1ef9 thu\u1eadt in nh\u01b0 in l\u1ee5a, in n\u1ed5i ho\u1eb7c kh\u1eafc laser \u0111\u1ec3 t\u1ea1o ra v\u00f2ng \u0111eo tay b\u1ed5 sung cho b\u1ea3n s\u1eafc th\u01b0\u01a1ng hi\u1ec7u c\u1ee7a b\u1ea1n.<\/p>\n<h3>4.\u00a0<strong>V\u00f2ng \u0111eo tay c\u00f3 th\u1ec3 s\u1eed d\u1ee5ng \u0111\u01b0\u1ee3c trong bao l\u00e2u?<\/strong><\/h3>\n<p>V\u00f2ng \u0111eo tay \u0111\u01b0\u1ee3c l\u00e0m t\u1eeb silicon ch\u1ea5t l\u01b0\u1ee3ng cao, c\u00f3 \u0111\u1ed9 b\u1ec1n tuy\u1ec7t v\u1eddi v\u00e0 kh\u1ea3 n\u0103ng ch\u1ed1ng m\u00e0i m\u00f2n, ngay c\u1ea3 trong m\u00f4i tr\u01b0\u1eddng kh\u1eafc nghi\u1ec7t. V\u1edbi s\u1ef1 ch\u0103m s\u00f3c th\u00edch h\u1ee3p, ch\u00fang c\u00f3 th\u1ec3 s\u1eed d\u1ee5ng \u0111\u01b0\u1ee3c nhi\u1ec1u l\u1ea7n, \u0111\u1eb7c bi\u1ec7t l\u00e0 khi s\u1eed d\u1ee5ng trong m\u00f4i tr\u01b0\u1eddng \u0111\u01b0\u1ee3c ki\u1ec3m so\u00e1t.<\/p>\n<h3>5.\u00a0<strong>V\u00f2ng \u0111eo tay c\u00f3 th\u1ec3 t\u00e1i s\u1eed d\u1ee5ng \u0111\u01b0\u1ee3c kh\u00f4ng?<\/strong><\/h3>\n<p>M\u1eb7c d\u00f9 v\u00f2ng \u0111eo tay b\u1ec1n, nh\u01b0ng m\u1ee5c \u0111\u00edch s\u1eed d\u1ee5ng ch\u1ee7 y\u1ebfu c\u1ee7a n\u00f3 l\u00e0 cho c\u00e1c \u1ee9ng d\u1ee5ng s\u1ef1 ki\u1ec7n \u0111\u01a1n l\u1ebb nh\u01b0 l\u1ec5 h\u1ed9i ho\u1eb7c h\u00f2a nh\u1ea1c. Tuy nhi\u00ean, ch\u00fang c\u00f3 th\u1ec3 \u0111\u01b0\u1ee3c t\u00e1i s\u1eed d\u1ee5ng trong c\u00e1c t\u00ecnh hu\u1ed1ng kh\u00e1c nhau mi\u1ec5n l\u00e0 ch\u00fang kh\u00f4ng b\u1ecb h\u01b0 h\u1ecfng ho\u1eb7c kh\u00f4ng \u0111\u01b0\u1ee3c \u0111\u00e1nh d\u1ea5u theo c\u00e1ch nh\u1eadn d\u1ea1ng ch\u00fang l\u00e0 \u0111\u00e3 qua s\u1eed d\u1ee5ng.<\/p>","protected":false},"excerpt":{"rendered":"<div class=\"chat-list relative custom-scrollbar-reset-margin custom-scrollbar custom-scrollbar-hidden custom-scrollbar-float pb-9 flex-1 overflow-y-auto\">\n<div class=\"mx-auto max-w-[790px]\">\n<div class=\"message-item-outer relative px-4 mb-2\" data-id=\"d5e57210-2b0a-4a51-8aa4-f3908258a790\">\n<div class=\"content-area pl-[0px]\">\n<div class=\"message-item select-text relative\">\n<div class=\"message-inner relative\">\n<div class=\"py-[2px]\">\n<div class=\"flex flex-col gap-2\">\n<div class=\"answer-markdown-box overflow-x-auto select-text custom-scrollbar\">\n<div class=\"markdown-body\"><\/div>\n<\/div>\n<\/div>\n<\/div>\n<\/div>\n<\/div>\n<\/div>\n<\/div>\n<\/div>\n<\/div>\n<div>\n<div class=\"input-box relative max-w-[790px] mx-auto\">\n<div class=\"chat-input-box relative bg-grey-layer2-normal px-3 max-w-[790px] mx-auto pb-1\">\n<div class=\"main-input-area\">\n<div class=\"chat-input-top-bar gap-2 py-2 flex justify-start items-center\">\n<div class=\"flex gap-[6px] min-w-[90px] max-w-[calc(100%-40px)]\">\n<div class=\"flex gap-0\">\n<div class=\"relative\">\n<div class=\"topbar-btn h-[30px] w-[30px] flex overflow-hidden text-text-primary-1 items-center justify-center text-xs leading-4 rounded-lg model-btn model-btn-no-bg\" role=\"button\">V\u00f2ng \u0111eo tay silicon RFID NFC th\u1ee5 \u0111\u1ed9ng ch\u1ed1ng n\u01b0\u1edbc cung c\u1ea5p gi\u1ea3i ph\u00e1p \u0111\u00e1ng tin c\u1eady, b\u1ec1n b\u1ec9 \u0111\u1ec3 ki\u1ec3m so\u00e1t truy c\u1eadp an to\u00e0n v\u00e0 giao d\u1ecbch kh\u00f4ng d\u00f9ng ti\u1ec1n m\u1eb7t t\u1ea1i b\u1ea5t k\u1ef3 s\u1ef1 ki\u1ec7n n\u00e0o. L\u00fd t\u01b0\u1edfng cho c\u00e1c l\u1ec5 h\u1ed9i, ph\u00f2ng t\u1eadp th\u1ec3 d\u1ee5c v\u00e0 c\u00f4ng vi\u00ean n\u01b0\u1edbc, mang \u0111\u1ebfn s\u1ef1 ti\u1ec7n l\u1ee3i v\u00e0 t\u00f9y ch\u1ec9nh v\u1edbi thi\u1ebft k\u1ebf th\u1eddi trang.<\/div>\n<\/div>\n<\/div>\n<\/div>\n<\/div>\n<\/div>\n<\/div>\n<\/div>\n<\/div>","protected":false},"featured_media":3431,"template":"","meta":[],"product_brand":[],"product_cat":[50],"product_tag":[],"class_list":{"0":"post-3430","1":"product","2":"type-product","3":"status-publish","4":"has-post-thumbnail","6":"product_cat-silicone-rfid-nfc-wristbands","8":"first","9":"instock","10":"shipping-taxable","11":"product-type-simple"},"_links":{"self":[{"href":"https:\/\/nfc-readers.com\/vi\/wp-json\/wp\/v2\/product\/3430","targetHints":{"allow":["GET"]}}],"collection":[{"href":"https:\/\/nfc-readers.com\/vi\/wp-json\/wp\/v2\/product"}],"about":[{"href":"https:\/\/nfc-readers.com\/vi\/wp-json\/wp\/v2\/types\/product"}],"wp:featuredmedia":[{"embeddable":true,"href":"https:\/\/nfc-readers.com\/vi\/wp-json\/wp\/v2\/media\/3431"}],"wp:attachment":[{"href":"https:\/\/nfc-readers.com\/vi\/wp-json\/wp\/v2\/media?parent=3430"}],"wp:term":[{"taxonomy":"product_brand","embeddable":true,"href":"https:\/\/nfc-readers.com\/vi\/wp-json\/wp\/v2\/product_brand?post=3430"},{"taxonomy":"product_cat","embeddable":true,"href":"https:\/\/nfc-readers.com\/vi\/wp-json\/wp\/v2\/product_cat?post=3430"},{"taxonomy":"product_tag","embeddable":true,"href":"https:\/\/nfc-readers.com\/vi\/wp-json\/wp\/v2\/product_tag?post=3430"}],"curies":[{"name":"wp","href":"https:\/\/api.w.org\/{rel}","templated":true}]}}