{"id":3437,"date":"2024-11-03T04:49:53","date_gmt":"2024-11-03T04:49:53","guid":{"rendered":"https:\/\/nfc-readers.com\/?post_type=product&#038;p=3437"},"modified":"2024-11-05T10:39:50","modified_gmt":"2024-11-05T10:39:50","slug":"disposable-hf-uhf-rfid-nfc-wristband-for-event-ticket","status":"publish","type":"product","link":"https:\/\/nfc-readers.com\/vi\/ic-reader\/disposable-hf-uhf-rfid-nfc-wristband-for-event-ticket\/","title":{"rendered":"V\u00f2ng \u0111eo tay HF RFID NFC d\u00f9ng m\u1ed9t l\u1ea7n cho v\u00e9 s\u1ef1 ki\u1ec7n"},"content":{"rendered":"<h1 style=\"text-align: center;\"><strong>V\u00f2ng \u0111eo tay HF RFID NFC d\u00f9ng m\u1ed9t l\u1ea7n cho v\u00e9 s\u1ef1 ki\u1ec7n<\/strong><\/h1>\n<p>&nbsp;<\/p>\n<p>Trong th\u1ebf gi\u1edbi h\u1ed1i h\u1ea3 ng\u00e0y nay, nh\u1eefng ng\u01b0\u1eddi t\u1ed5 ch\u1ee9c s\u1ef1 ki\u1ec7n ph\u1ea3i theo k\u1ecbp c\u00e1c c\u00f4ng ngh\u1ec7 m\u1edbi nh\u1ea5t \u0111\u1ec3 mang \u0111\u1ebfn tr\u1ea3i nghi\u1ec7m kh\u00f3 qu\u00ean cho nh\u1eefng ng\u01b0\u1eddi tham d\u1ef1. M\u1ed9t trong nh\u1eefng c\u00e1ch hi\u1ec7u qu\u1ea3 nh\u1ea5t \u0111\u1ec3 \u0111\u1ea1t \u0111\u01b0\u1ee3c \u0111i\u1ec1u n\u00e0y l\u00e0 th\u00f4ng qua <strong>V\u00f2ng \u0111eo tay HF RFID NFC d\u00f9ng m\u1ed9t l\u1ea7n<\/strong>. Nh\u1eefng chi\u1ebfc v\u00f2ng \u0111eo tay s\u00e1ng t\u1ea1o n\u00e0y c\u00e1ch m\u1ea1ng h\u00f3a c\u00e1ch qu\u1ea3n l\u00fd s\u1ef1 ki\u1ec7n, t\u0103ng c\u01b0\u1eddng b\u1ea3o m\u1eadt, \u0111\u01a1n gi\u1ea3n h\u00f3a ki\u1ec3m so\u00e1t truy c\u1eadp v\u00e0 th\u00fac \u0111\u1ea9y thanh to\u00e1n kh\u00f4ng d\u00f9ng ti\u1ec1n m\u1eb7t. Cho d\u00f9 l\u00e0 l\u1ec5 h\u1ed9i \u00e2m nh\u1ea1c, c\u00f4ng vi\u00ean n\u01b0\u1edbc hay s\u1ef1 ki\u1ec7n c\u1ee7a c\u00f4ng ty, nh\u1eefng chi\u1ebfc v\u00f2ng \u0111eo tay n\u00e0y \u0111\u1ea3m b\u1ea3o tr\u1ea3i nghi\u1ec7m li\u1ec1n m\u1ea1ch cho c\u1ea3 kh\u00e1ch m\u1eddi v\u00e0 ng\u01b0\u1eddi t\u1ed5 ch\u1ee9c.<\/p>\n<p>&nbsp;<\/p>\n<h3><strong>T\u1ea1i sao n\u00ean ch\u1ecdn v\u00f2ng \u0111eo tay RFID\/NFC d\u00f9ng m\u1ed9t l\u1ea7n?<\/strong><\/h3>\n<p>C\u00e1c\u00a0<strong>V\u00f2ng \u0111eo tay HF RFID NFC d\u00f9ng m\u1ed9t l\u1ea7n<\/strong>\u00a0\u0111\u01b0\u1ee3c thi\u1ebft k\u1ebf d\u00e0nh ri\u00eang cho c\u00e1c s\u1ef1 ki\u1ec7n, k\u1ebft h\u1ee3p s\u1ef1 ti\u1ec7n l\u1ee3i v\u1edbi c\u00f4ng ngh\u1ec7 ti\u00ean ti\u1ebfn. Sau \u0111\u00e2y l\u00e0 l\u00fd do t\u1ea1i sao vi\u1ec7c \u0111\u1ea7u t\u01b0 v\u00e0o nh\u1eefng chi\u1ebfc v\u00f2ng \u0111eo tay n\u00e0y \u0111\u00e1ng gi\u00e1 t\u1eebng xu:<\/p>\n<ol>\n<li><strong>T\u0103ng c\u01b0\u1eddng b\u1ea3o m\u1eadt:<\/strong>\u00a0V\u00f2ng \u0111eo tay s\u1eed d\u1ee5ng c\u00f4ng ngh\u1ec7 RFID \u0111\u1ec3 cung c\u1ea5p c\u00e1c gi\u1ea3i ph\u00e1p nh\u1eadp c\u1ea3nh an to\u00e0n, gi\u1ea3m \u0111\u00e1ng k\u1ec3 nguy c\u01a1 truy c\u1eadp tr\u00e1i ph\u00e9p. V\u1eadt li\u1ec7u b\u1ec1n v\u00e0 thi\u1ebft k\u1ebf \u0111\u1ea3m b\u1ea3o r\u1eb1ng ch\u00fang kh\u00f4ng b\u1ecb gi\u1ea3 m\u1ea1o.<\/li>\n<li><strong>Gi\u1ea3i ph\u00e1p kh\u00f4ng d\u00f9ng ti\u1ec1n m\u1eb7t:<\/strong>\u00a0V\u1edbi s\u1edf th\u00edch ng\u00e0y c\u00e0ng t\u0103ng c\u1ee7a ng\u01b0\u1eddi ti\u00eau d\u00f9ng \u0111\u1ed1i v\u1edbi thanh to\u00e1n kh\u00f4ng d\u00f9ng ti\u1ec1n m\u1eb7t, nh\u1eefng chi\u1ebfc v\u00f2ng \u0111eo tay n\u00e0y c\u00f3 th\u1ec3 \u0111\u01b0\u1ee3c t\u00edch h\u1ee3p v\u1edbi c\u00e1c h\u1ec7 th\u1ed1ng x\u1eed l\u00fd thanh to\u00e1n, cho ph\u00e9p ng\u01b0\u1eddi tham d\u1ef1 mua h\u00e0ng nhanh ch\u00f3ng v\u00e0 d\u1ec5 d\u00e0ng. \u0110i\u1ec1u n\u00e0y h\u1ee3p l\u00fd h\u00f3a lu\u1ed3ng th\u01b0\u01a1ng m\u1ea1i trong c\u00e1c s\u1ef1 ki\u1ec7n, n\u00e2ng cao tr\u1ea3i nghi\u1ec7m c\u1ee7a kh\u00e1ch.<\/li>\n<li><strong>S\u1ef1 ti\u1ec7n l\u1ee3i v\u00e0 th\u00e2n thi\u1ec7n v\u1edbi ng\u01b0\u1eddi d\u00f9ng:<\/strong>\u00a0Ng\u01b0\u1eddi tham d\u1ef1 ch\u1ec9 c\u1ea7n qu\u00e9t v\u00f2ng \u0111eo tay \u0111\u1ec3 v\u00e0o c\u1eeda v\u00e0 mua h\u00e0ng, gi\u00fap gi\u1ea3m th\u1eddi gian ch\u1edd \u0111\u1ee3i v\u00e0 gi\u00fap tr\u1ea3i nghi\u1ec7m c\u1ee7a h\u1ecd th\u00fa v\u1ecb h\u01a1n.<\/li>\n<li><strong>T\u00f9y ch\u1ec9nh:<\/strong>\u00a0C\u00e1c th\u01b0\u01a1ng hi\u1ec7u c\u00f3 th\u1ec3 t\u00f9y ch\u1ecdn c\u00e1 nh\u00e2n h\u00f3a t\u1eebng v\u00f2ng \u0111eo tay b\u1eb1ng logo, th\u00f4ng tin chi ti\u1ebft v\u1ec1 s\u1ef1 ki\u1ec7n v\u00e0 m\u00e3 QR, cho ph\u00e9p x\u00e2y d\u1ef1ng th\u01b0\u01a1ng hi\u1ec7u v\u00e0 ti\u1ebfp th\u1ecb hi\u1ec7u qu\u1ea3.<\/li>\n<li><strong>Hi\u1ec7u qu\u1ea3 v\u1ec1 m\u1eb7t chi ph\u00ed:<\/strong>\u00a0L\u00e0 lo\u1ea1i v\u00f2ng \u0111eo tay d\u00f9ng m\u1ed9t l\u1ea7n, lo\u1ea1i v\u00f2ng \u0111eo tay n\u00e0y l\u00e0 l\u1ef1a ch\u1ecdn ti\u1ebft ki\u1ec7m m\u00e0 kh\u00f4ng \u1ea3nh h\u01b0\u1edfng \u0111\u1ebfn ch\u1ea5t l\u01b0\u1ee3ng ho\u1eb7c \u0111\u1ed9 an to\u00e0n.<\/li>\n<\/ol>\n<p>B\u00e2y gi\u1edd, ch\u00fang ta h\u00e3y \u0111i s\u00e2u h\u01a1n v\u00e0o c\u00e1c t\u00ednh n\u0103ng c\u1ee7a ch\u00fang t\u00f4i\u00a0<strong>V\u00f2ng \u0111eo tay HF RFID NFC d\u00f9ng m\u1ed9t l\u1ea7n cho v\u00e9 s\u1ef1 ki\u1ec7n<\/strong>.<\/p>\n<p>&nbsp;<\/p>\n<h3><strong>Th\u00f4ng s\u1ed1 k\u1ef9 thu\u1eadt<\/strong><\/h3>\n<table class=\"w-fit !mb-0 !max-w-none\">\n<thead>\n<tr>\n<th>T\u00ednh n\u0103ng<\/th>\n<th>\u0110\u1eb7c \u0111i\u1ec3m k\u1ef9 thu\u1eadt<\/th>\n<\/tr>\n<\/thead>\n<tbody>\n<tr>\n<td>T\u00ean th\u01b0\u01a1ng hi\u1ec7u<\/td>\n<td>SXNFC<\/td>\n<\/tr>\n<tr>\n<td>Ngu\u1ed3n g\u1ed1c<\/td>\n<td>Qu\u1ea3ng \u0110\u00f4ng, Trung Qu\u1ed1c<\/td>\n<\/tr>\n<tr>\n<td>T\u00ednh th\u01b0\u1eddng xuy\u00ean<\/td>\n<td>13,56MHz<\/td>\n<\/tr>\n<tr>\n<td>Giao th\u1ee9c<\/td>\n<td>ISO14443A<\/td>\n<\/tr>\n<tr>\n<td>Lo\u1ea1i Chip<\/td>\n<td>Chip NFC\/HF<\/td>\n<\/tr>\n<tr>\n<td>C\u00e1ch s\u1eed d\u1ee5ng<\/td>\n<td>V\u00e9 s\u1ef1 ki\u1ec7n, Ki\u1ec3m so\u00e1t ra v\u00e0o, Thanh to\u00e1n kh\u00f4ng d\u00f9ng ti\u1ec1n m\u1eb7t<\/td>\n<\/tr>\n<tr>\n<td>V\u1eadt li\u1ec7u<\/td>\n<td>Gi\u1ea5y Dupont<\/td>\n<\/tr>\n<tr>\n<td>K\u00edch c\u1ee1<\/td>\n<td>250*19.5mm<\/td>\n<\/tr>\n<tr>\n<td>In \u1ea5n<\/td>\n<td>In Offset \u0110\u1ea7y \u0110\u1ee7 M\u00e0u S\u1eafc<\/td>\n<\/tr>\n<\/tbody>\n<\/table>\n<p>&nbsp;<\/p>\n<h3><strong>Nh\u1eefng c\u00e2u h\u1ecfi th\u01b0\u1eddng g\u1eb7p (FAQ)<\/strong><\/h3>\n<p><strong>C\u00e2u h\u1ecfi 1: L\u00e0m th\u1ebf n\u00e0o \u0111\u1ec3 t\u00f9y ch\u1ec9nh v\u00f2ng \u0111eo tay?<\/strong><br \/>\nA: C\u00f3 th\u1ec3 y\u00eau c\u1ea7u t\u00f9y ch\u1ec9nh trong qu\u00e1 tr\u00ecnh \u0111\u1eb7t h\u00e0ng. B\u1ea1n c\u00f3 th\u1ec3 ch\u1ec9 \u0111\u1ecbnh thi\u1ebft k\u1ebf, logo, m\u00e3 QR ho\u1eb7c s\u1ed1 s\u00ea-ri c\u1ee7a m\u00ecnh.<\/p>\n<p><strong>C\u00e2u h\u1ecfi 2: V\u00f2ng \u0111eo tay c\u00f3 ch\u1ed1ng th\u1ea5m n\u01b0\u1edbc kh\u00f4ng?<\/strong><br \/>\nA: V\u00e2ng,\u00a0<strong>Gi\u1ea5y Dupont<\/strong>\u00a0V\u1eadt li\u1ec7u d\u00f9ng trong ch\u1ebf t\u1ea1o c\u00f3 kh\u1ea3 n\u0103ng ch\u1ed1ng n\u01b0\u1edbc, \u0111\u1ea3m b\u1ea3o ch\u1ecbu \u0111\u01b0\u1ee3c nhi\u1ec1u \u0111i\u1ec1u ki\u1ec7n th\u1eddi ti\u1ebft kh\u00e1c nhau.<\/p>\n<p><strong>C\u00e2u h\u1ecfi 3: V\u00f2ng \u0111eo tay c\u00f3 th\u1ec3 t\u00e1i s\u1eed d\u1ee5ng \u0111\u01b0\u1ee3c kh\u00f4ng?<\/strong><br \/>\nA: Nh\u1eefng chi\u1ebfc v\u00f2ng \u0111eo tay n\u00e0y ch\u1ec9 \u0111\u01b0\u1ee3c thi\u1ebft k\u1ebf \u0111\u1ec3 s\u1eed d\u1ee5ng m\u1ed9t l\u1ea7n; ch\u00fang \u0111\u1ea3m b\u1ea3o kh\u1ea3 n\u0103ng b\u1ea3o m\u1eadt t\u1ed1i \u0111a v\u00e0 ch\u1ed1ng gi\u1ea3 m\u1ea1o trong su\u1ed1t s\u1ef1 ki\u1ec7n.<\/p>\n<p>&nbsp;<\/p>\n<h3><strong>Trong khi Gi\u1ea3m Ch\u1ea5t th\u1ea3i: C\u00e1c Gi\u1ea3i ph\u00e1p c\u00f3 Tr\u00e1ch nhi\u1ec7m v\u1edbi M\u00f4i tr\u01b0\u1eddng<\/strong><\/h3>\n<p>Trong qu\u00e1 tr\u00ecnh t\u00ecm ki\u1ebfm c\u00e1c gi\u1ea3i ph\u00e1p s\u00e1ng t\u1ea1o, ch\u00fang t\u00f4i c\u0169ng l\u01b0u t\u00e2m \u0111\u1ebfn t\u00e1c \u0111\u1ed9ng c\u1ee7a m\u00ecnh \u0111\u1ebfn m\u00f4i tr\u01b0\u1eddng.\u00a0<strong>V\u00f2ng \u0111eo tay NFC RFID HF UHF d\u00f9ng m\u1ed9t l\u1ea7n<\/strong>\u00a0h\u1ed7 tr\u1ee3 t\u00ednh b\u1ec1n v\u1eefng sinh th\u00e1i theo nh\u1eefng c\u00e1ch sau:<\/p>\n<ul>\n<li><strong>Thi\u1ebft k\u1ebf s\u1eed d\u1ee5ng m\u1ed9t l\u1ea7n:<\/strong>\u00a0Nh\u01b0 m\u1ed9t\u00a0<strong>v\u00f2ng \u0111eo tay d\u00f9ng m\u1ed9t l\u1ea7n<\/strong>, b\u1ea1n kh\u00f4ng c\u1ea7n ph\u1ea3i th\u1ef1c hi\u1ec7n quy tr\u00ecnh ho\u00e0n tr\u1ea3 v\u00e0 gi\u1eb7t gi\u0169, gi\u00fap ti\u1ebft ki\u1ec7m t\u00e0i nguy\u00ean v\u00e0 n\u0103ng l\u01b0\u1ee3ng.<\/li>\n<li><strong>C\u00e2n nh\u1eafc v\u1ec1 v\u1eadt li\u1ec7u:<\/strong>\u00a0S\u1eed d\u1ee5ng\u00a0<strong>Gi\u1ea5y Dupont<\/strong>, \u0111\u01b0\u1ee3c bi\u1ebft \u0111\u1ebfn l\u00e0 c\u00f3 th\u1ec3 t\u00e1i ch\u1ebf, g\u00f3p ph\u1ea7n gi\u1ea3m t\u1ed5ng l\u01b0\u1ee3ng kh\u00ed th\u1ea3i carbon li\u00ean quan \u0111\u1ebfn v\u1eadt d\u1ee5ng s\u1ef1 ki\u1ec7n.<\/li>\n<\/ul>","protected":false},"excerpt":{"rendered":"<p>V\u00f2ng \u0111eo tay HF RFID NFC d\u00f9ng m\u1ed9t l\u1ea7n cho v\u00e9 s\u1ef1 ki\u1ec7n cung c\u1ea5p m\u1ed9t c\u00e1ch an to\u00e0n v\u00e0 hi\u1ec7u qu\u1ea3 \u0111\u1ec3 qu\u1ea3n l\u00fd ki\u1ec3m so\u00e1t truy c\u1eadp t\u1ea1i b\u1ea5t k\u1ef3 s\u1ef1 ki\u1ec7n n\u00e0o. Thi\u1ebft k\u1ebf t\u00f9y ch\u1ec9nh c\u1ee7a n\u00f3 \u0111\u1ea3m b\u1ea3o tr\u1ea3i nghi\u1ec7m li\u1ec1n m\u1ea1ch cho ng\u01b0\u1eddi tham d\u1ef1 \u0111\u1ed3ng th\u1eddi cho ph\u00e9p thanh to\u00e1n kh\u00f4ng d\u00f9ng ti\u1ec1n m\u1eb7t v\u00e0 c\u00e1c bi\u1ec7n ph\u00e1p b\u1ea3o m\u1eadt n\u00e2ng cao.<\/p>","protected":false},"featured_media":3438,"template":"","meta":[],"product_brand":[],"product_cat":[50],"product_tag":[],"class_list":{"0":"post-3437","1":"product","2":"type-product","3":"status-publish","4":"has-post-thumbnail","6":"product_cat-silicone-rfid-nfc-wristbands","8":"first","9":"instock","10":"shipping-taxable","11":"product-type-simple"},"_links":{"self":[{"href":"https:\/\/nfc-readers.com\/vi\/wp-json\/wp\/v2\/product\/3437","targetHints":{"allow":["GET"]}}],"collection":[{"href":"https:\/\/nfc-readers.com\/vi\/wp-json\/wp\/v2\/product"}],"about":[{"href":"https:\/\/nfc-readers.com\/vi\/wp-json\/wp\/v2\/types\/product"}],"wp:featuredmedia":[{"embeddable":true,"href":"https:\/\/nfc-readers.com\/vi\/wp-json\/wp\/v2\/media\/3438"}],"wp:attachment":[{"href":"https:\/\/nfc-readers.com\/vi\/wp-json\/wp\/v2\/media?parent=3437"}],"wp:term":[{"taxonomy":"product_brand","embeddable":true,"href":"https:\/\/nfc-readers.com\/vi\/wp-json\/wp\/v2\/product_brand?post=3437"},{"taxonomy":"product_cat","embeddable":true,"href":"https:\/\/nfc-readers.com\/vi\/wp-json\/wp\/v2\/product_cat?post=3437"},{"taxonomy":"product_tag","embeddable":true,"href":"https:\/\/nfc-readers.com\/vi\/wp-json\/wp\/v2\/product_tag?post=3437"}],"curies":[{"name":"wp","href":"https:\/\/api.w.org\/{rel}","templated":true}]}}