{"id":3444,"date":"2024-11-03T06:44:10","date_gmt":"2024-11-03T06:44:10","guid":{"rendered":"https:\/\/nfc-readers.com\/?post_type=product&#038;p=3444"},"modified":"2024-11-04T08:51:14","modified_gmt":"2024-11-04T08:51:14","slug":"custom-fm1208-8k-memory-smart-campus-card","status":"publish","type":"product","link":"https:\/\/nfc-readers.com\/vi\/ic-reader\/custom-fm1208-8k-memory-smart-campus-card\/","title":{"rendered":"Th\u1ebb th\u00f4ng minh Campus 8k b\u1ed9 nh\u1edb FM1208 t\u00f9y ch\u1ec9nh"},"content":{"rendered":"<h1><span style=\"color: #000080;\"><strong>Th\u1ebb th\u00f4ng minh Campus 8k b\u1ed9 nh\u1edb FM1208 t\u00f9y ch\u1ec9nh<\/strong><\/span><\/h1>\n<p><span style=\"color: #666699;\">T\u01b0\u01a1ng lai c\u1ee7a c\u00e1c gi\u1ea3i ph\u00e1p ki\u1ec3m so\u00e1t truy c\u1eadpTrong m\u1ed9t th\u1ebf gi\u1edbi ng\u00e0y c\u00e0ng s\u1ed1 h\u00f3a, ki\u1ec3m so\u00e1t truy c\u1eadp li\u1ec1n m\u1ea1ch tr\u1edf n\u00ean quan tr\u1ecdng h\u01a1n bao gi\u1edd h\u1ebft. <strong>Th\u1ebb nh\u1edb th\u00f4ng minh Campus t\u00f9y ch\u1ec9nh FM12088K<\/strong>\u00a0\u0111\u01b0\u1ee3c thi\u1ebft k\u1ebf cho c\u00e1c t\u1ed5 ch\u1ee9c hi\u1ec7n \u0111\u1ea1i \u0111ang t\u00ecm ki\u1ebfm nh\u1eefng c\u00e1ch th\u1ee9c an to\u00e0n v\u00e0 hi\u1ec7u qu\u1ea3 \u0111\u1ec3 qu\u1ea3n l\u00fd quy\u1ec1n truy c\u1eadp, nh\u1eadn d\u1ea1ng v\u00e0 giao d\u1ecbch trong khu\u00f4n vi\u00ean tr\u01b0\u1eddng. V\u1edbi b\u1ed9 nh\u1edb 8K, kh\u1ea3 n\u0103ng giao ti\u1ebfp RFID v\u00e0 NFC v\u00e0 thi\u1ebft k\u1ebf m\u1ea1nh m\u1ebd, th\u1ebb n\u00e0y n\u1ed5i b\u1eadt l\u00e0 gi\u1ea3i ph\u00e1p thi\u1ebft y\u1ebfu cho c\u00e1c t\u1ed5 ch\u1ee9c gi\u00e1o d\u1ee5c, doanh nghi\u1ec7p v\u00e0 t\u1ed5 ch\u1ee9c. S\u1ea3n ph\u1ea9m n\u00e0y mang l\u1ea1i nhi\u1ec1u l\u1ee3i \u00edch khi\u1ebfn n\u00f3 tr\u1edf th\u00e0nh kho\u1ea3n \u0111\u1ea7u t\u01b0 c\u00f3 gi\u00e1 tr\u1ecb cho b\u1ea5t k\u1ef3 t\u1ed5 ch\u1ee9c n\u00e0o t\u1eadp trung v\u00e0o vi\u1ec7c c\u1ea3i thi\u1ec7n b\u1ea3o m\u1eadt v\u00e0 h\u1ee3p l\u00fd h\u00f3a ho\u1ea1t \u0111\u1ed9ng.<\/span><\/p>\n<p>&nbsp;<\/p>\n<h2 style=\"text-align: center;\"><em><strong><span style=\"color: #000080;\">T\u1ea1i sao n\u00ean ch\u1ecdn Th\u1ebb nh\u1edb th\u00f4ng minh Campus FM12088K t\u00f9y ch\u1ec9nh?<\/span><\/strong><\/em><\/h2>\n<p>Th\u1ebb nh\u1edb th\u00f4ng minh Custom FM12088K kh\u00f4ng ch\u1ec9 l\u00e0 m\u1ed9t m\u1ea3nh nh\u1ef1a; m\u00e0 c\u00f2n l\u00e0 m\u1ed9t c\u00f4ng c\u1ee5 c\u1ea3i ti\u1ebfn t\u00edch h\u1ee3p c\u00f4ng ngh\u1ec7 ti\u00ean ti\u1ebfn v\u1edbi c\u00e1c \u1ee9ng d\u1ee5ng th\u1ef1c t\u1ebf. C\u00e1c l\u1ee3i \u00edch ch\u00ednh bao g\u1ed3m:<\/p>\n<ul>\n<li><strong>T\u0103ng c\u01b0\u1eddng b\u1ea3o m\u1eadt<\/strong>: V\u1edbi n\u00e2ng cao\u00a0<strong>Mifare ch\u00e1y<\/strong>\u00a0kh\u1ea3 n\u0103ng v\u00e0\u00a0<strong>x\u00e1c th\u1ef1c l\u1eabn nhau<\/strong>, h\u1ec7 th\u1ed1ng ki\u1ec3m so\u00e1t ra v\u00e0o c\u1ee7a b\u1ea1n tr\u1edf n\u00ean an to\u00e0n h\u01a1n \u0111\u00e1ng k\u1ec3.<\/li>\n<li><strong>Tr\u1ea3i nghi\u1ec7m ng\u01b0\u1eddi d\u00f9ng n\u00e2ng cao<\/strong>: \u0110\u01b0\u1ee3c thi\u1ebft k\u1ebf \u0111\u1ec3 v\u1eadn h\u00e0nh d\u1ec5 d\u00e0ng, th\u1ebb\u00a0<strong>thi\u1ebft k\u1ebf kh\u00f4ng ti\u1ebfp x\u00fac<\/strong>\u00a0cho ph\u00e9p truy c\u1eadp nhanh ch\u00f3ng v\u00e0 thu\u1eadn ti\u1ec7n\u2014l\u00fd t\u01b0\u1edfng cho m\u00f4i tr\u01b0\u1eddng khu\u00f4n vi\u00ean tr\u01b0\u1eddng h\u1ecdc b\u1eadn r\u1ed9n.<\/li>\n<li><strong>\u1ee8ng d\u1ee5ng \u0111a n\u0103ng<\/strong>:Kh\u00f4ng ch\u1ec9 gi\u1edbi h\u1ea1n \u1edf vi\u1ec7c ki\u1ec3m so\u00e1t ra v\u00e0o, nh\u1eefng th\u1ebb n\u00e0y c\u00f2n c\u00f3 th\u1ec3 \u0111\u01b0\u1ee3c s\u1eed d\u1ee5ng cho c\u00e1c giao d\u1ecbch t\u00e0i ch\u00ednh, b\u00e1n v\u00e9 v\u00e0 ch\u01b0\u01a1ng tr\u00ecnh kh\u00e1ch h\u00e0ng th\u00e2n thi\u1ebft.<\/li>\n<li><strong>\u0110\u1ed9 b\u1ec1n v\u00e0 tu\u1ed5i th\u1ecd<\/strong>: \u0110\u01b0\u1ee3c l\u00e0m t\u1eeb\u00a0<strong>PVC<\/strong>, nh\u1eefng th\u1ebb n\u00e0y l\u00e0\u00a0<strong>ch\u1ed1ng th\u1ea5m n\u01b0\u1edbc\/ch\u1ed1ng ch\u1ecbu th\u1eddi ti\u1ebft<\/strong>, \u0111\u1ea3m b\u1ea3o \u0111\u1ed9 b\u1ec1n ngay c\u1ea3 trong \u0111i\u1ec1u ki\u1ec7n m\u00f4i tr\u01b0\u1eddng kh\u1eafc nghi\u1ec7t.<\/li>\n<\/ul>\n<hr \/>\n<h2><\/h2>\n<h2 style=\"text-align: center;\"><span style=\"color: #000080;\"><em><strong>S\u1ef1 ph\u00e1t tri\u1ec3n c\u1ee7a c\u00f4ng ngh\u1ec7 Mifare<\/strong><\/em><\/span><\/h2>\n<p><span style=\"color: #008080;\">C\u00f4ng ngh\u1ec7 Mifare \u0111\u00e3 ph\u00e1t tri\u1ec3n qua nhi\u1ec1u n\u0103m, chuy\u1ec3n \u0111\u1ed5i t\u1eeb c\u00f4ng ngh\u1ec7 ban \u0111\u1ea7u <strong>Mifare c\u1ed5 \u0111i\u1ec3n<\/strong>\u00a0gia \u0111\u00ecnh \u0111\u1ebfn c\u00e1c l\u1ea7n l\u1eb7p l\u1ea1i n\u00e2ng cao nh\u01b0\u00a0<strong>Mifare ch\u00e1y<\/strong>\u00a0lo\u1ea1t. <\/span><\/p>\n<p><span style=\"color: #008080;\">Nh\u1eefng ti\u1ebfn b\u1ed9 n\u00e0y cho ph\u00e9p dung l\u01b0\u1ee3ng b\u1ed9 nh\u1edb l\u1edbn h\u01a1n, c\u00e1c t\u00ednh n\u0103ng b\u1ea3o m\u1eadt cao h\u01a1n v\u00e0 c\u00e1c \u1ee9ng d\u1ee5ng \u0111a d\u1ea1ng. FM1208\u00a0<strong>B\u1ed9 nh\u1edb 8K<\/strong>\u00a0kh\u1eb3ng \u0111\u1ecbnh l\u1ea1i kh\u1ea3 n\u0103ng x\u1eed l\u00fd c\u00e1c giao d\u1ecbch d\u1eef li\u1ec7u ph\u1ee9c t\u1ea1p m\u1ed9t c\u00e1ch an to\u00e0n v\u00e0 hi\u1ec7u qu\u1ea3.<\/span><\/p>\n<p>&nbsp;<\/p>\n<h2 style=\"text-align: center;\"><em><strong><span style=\"color: #000080;\">Thu\u1ed9c t\u00ednh ch\u00ednh c\u1ee7a th\u1ebb th\u00f4ng minh<\/span><\/strong><\/em><\/h2>\n<h3>Th\u1ebb th\u00f4ng minh nh\u01b0 FM1208 cung c\u1ea5p m\u1ed9t s\u1ed1 thu\u1ed9c t\u00ednh ch\u00ednh, bao g\u1ed3m:<\/h3>\n<ul>\n<li><strong>Giao ti\u1ebfp kh\u00f4ng ti\u1ebfp x\u00fac<\/strong>: S\u1eed d\u1ee5ng\u00a0<strong>RFID\/NFC<\/strong>\u00a0c\u00f4ng ngh\u1ec7 n\u00e0y cho ph\u00e9p qu\u00e9t th\u1ebb nhanh ch\u00f3ng m\u00e0 kh\u00f4ng c\u1ea7n ti\u1ebfp x\u00fac v\u1eadt l\u00fd, gi\u00fap truy c\u1eadp nhanh ch\u00f3ng.<\/li>\n<li><strong>B\u1ea3o m\u1eadt cao<\/strong>: V\u1edbi\u00a0<strong>ch\u00eca kh\u00f3a m\u00e3 h\u00f3a<\/strong>\u00a0v\u00e0 kh\u1ea3 n\u0103ng x\u00e1c th\u1ef1c l\u1eabn nhau, ng\u01b0\u1eddi d\u00f9ng c\u00f3 th\u1ec3 y\u00ean t\u00e2m r\u1eb1ng th\u00f4ng tin \u0111\u0103ng nh\u1eadp c\u1ee7a h\u1ecd \u0111\u01b0\u1ee3c an to\u00e0n.<\/li>\n<li><strong>Kh\u1ea3 n\u0103ng m\u1edf r\u1ed9ng<\/strong>:FM1208 c\u00f3 th\u1ec3 d\u1ec5 d\u00e0ng t\u00edch h\u1ee3p v\u00e0o c\u00e1c h\u1ec7 th\u1ed1ng hi\u1ec7n c\u00f3 ho\u1eb7c m\u1edf r\u1ed9ng quy m\u00f4 \u0111\u1ec3 \u0111\u00e1p \u1ee9ng nhu c\u1ea7u ng\u00e0y c\u00e0ng t\u0103ng c\u1ee7a khu\u00f4n vi\u00ean tr\u01b0\u1eddng, n\u00e2ng cao hi\u1ec7u qu\u1ea3 ho\u1ea1t \u0111\u1ed9ng chung.<\/li>\n<\/ul>\n<hr \/>\n<h2><\/h2>\n<h2 style=\"text-align: center;\"><em><span style=\"color: #000080;\"><strong>T\u00ednh n\u0103ng \u0111\u1ed9c \u0111\u00e1o<\/strong><\/span><\/em><\/h2>\n<p><span style=\"color: #666699;\">Th\u1ebb th\u00f4ng minh Custom FM1208 Campus \u0111\u01b0\u1ee3c t\u00edch h\u1ee3p nhi\u1ec1u t\u00ednh n\u0103ng \u0111\u1ed9c \u0111\u00e1o \u0111\u01b0\u1ee3c thi\u1ebft k\u1ebf ph\u00f9 h\u1ee3p v\u1edbi b\u1ed1i c\u1ea3nh c\u00f4ng ngh\u1ec7 hi\u1ec7n nay.<\/span><\/p>\n<h3><span style=\"color: #333399;\"><strong>Ch\u1ed1ng th\u1ea5m n\u01b0\u1edbc v\u00e0 th\u1eddi ti\u1ebft<\/strong><\/span><\/h3>\n<p>Th\u1ebb th\u00f4ng minh n\u00e0y \u0111\u01b0\u1ee3c thi\u1ebft k\u1ebf \u0111\u1ec3 ch\u1ecbu \u0111\u01b0\u1ee3c \u0111i\u1ec1u ki\u1ec7n kh\u1eafc nghi\u1ec7t, ph\u00f9 h\u1ee3p cho c\u1ea3 \u1ee9ng d\u1ee5ng trong nh\u00e0 v\u00e0 ngo\u00e0i tr\u1eddi.\u00a0<strong>PVC<\/strong>\u00a0V\u1eadt li\u1ec7u \u0111\u01b0\u1ee3c s\u1eed d\u1ee5ng \u0111\u1ea3m b\u1ea3o r\u1eb1ng n\u00f3 v\u1eabn c\u00f2n nguy\u00ean v\u1eb9n v\u00e0 ho\u1ea1t \u0111\u1ed9ng \u0111\u1ea7y \u0111\u1ee7 d\u01b0\u1edbi c\u00e1c \u00e1p l\u1ef1c m\u00f4i tr\u01b0\u1eddng kh\u00e1c nhau.<\/p>\n<p>&nbsp;<\/p>\n<h3><span style=\"color: #333399;\"><strong>Kh\u1ea3 n\u0103ng t\u01b0\u01a1ng th\u00edch c\u1ee7a Mini Tag<\/strong><\/span><\/h3>\n<p>FM1208 c\u0169ng c\u00f3 th\u1ec3 ho\u1ea1t \u0111\u1ed9ng nh\u01b0 m\u1ed9t\u00a0<strong>th\u1ebb nh\u1ecf<\/strong>, cho ph\u00e9p s\u1eed d\u1ee5ng trong nhi\u1ec1u t\u00ecnh hu\u1ed1ng kh\u00e1c nhau. Cho d\u00f9 \u0111\u01b0\u1ee3c t\u00edch h\u1ee3p v\u00e0o qu\u1ea7n \u00e1o, ba l\u00f4 hay v\u00ed, n\u00f3 \u0111\u1ec1u mang l\u1ea1i s\u1ef1 linh ho\u1ea1t cho c\u1ea3 h\u1ecdc sinh v\u00e0 nh\u00e2n vi\u00ean.<\/p>\n<hr \/>\n<h3><span style=\"color: #333399;\"><strong>Th\u00f4ng s\u1ed1 k\u1ef9 thu\u1eadt<\/strong><\/span><\/h3>\n<p><strong>Sau \u0111\u00e2y l\u00e0 th\u00f4ng tin chi ti\u1ebft v\u1ec1 th\u00f4ng s\u1ed1 k\u1ef9 thu\u1eadt c\u1ee7a Th\u1ebb nh\u1edb th\u00f4ng minh Custom FM12088K:<\/strong><\/p>\n<div class=\"table-with-header rounded-lg border border-solid border-grey-line2-normal w-fit max-w-full mb-2\">\n<div class=\"overflow-x-auto custom-scrollbar custom-scrollbar-float max-w-full\">\n<table class=\"w-fit !mb-0 !max-w-none\">\n<thead>\n<tr>\n<th>T\u00ednh n\u0103ng<\/th>\n<th>\u0110\u1eb7c \u0111i\u1ec3m k\u1ef9 thu\u1eadt<\/th>\n<\/tr>\n<\/thead>\n<tbody>\n<tr>\n<td><strong>t\u00ean s\u1ea3n ph\u1ea9m<\/strong><\/td>\n<td>Th\u1ebb RFID<\/td>\n<\/tr>\n<tr>\n<td><strong>Chip<\/strong><\/td>\n<td>FM1208<\/td>\n<\/tr>\n<tr>\n<td><strong>K\u00fd \u1ee9c<\/strong><\/td>\n<td>8K<\/td>\n<\/tr>\n<tr>\n<td><strong>V\u1eadt li\u1ec7u<\/strong><\/td>\n<td>PVC<\/td>\n<\/tr>\n<tr>\n<td><strong>K\u00edch c\u1ee1<\/strong><\/td>\n<td>85,5x54mm<\/td>\n<\/tr>\n<tr>\n<td><strong>T\u00ednh th\u01b0\u1eddng xuy\u00ean<\/strong><\/td>\n<td>13,56MHz<\/td>\n<\/tr>\n<tr>\n<td><strong>Kho\u1ea3ng c\u00e1ch \u0111\u1ecdc<\/strong><\/td>\n<td>1-10cm<\/td>\n<\/tr>\n<tr>\n<td><strong>MOQ (S\u1ed1 l\u01b0\u1ee3ng \u0111\u1eb7t h\u00e0ng t\u1ed1i thi\u1ec3u)<\/strong><\/td>\n<td>500<\/td>\n<\/tr>\n<tr>\n<td><strong>In \u1ea5n<\/strong><\/td>\n<td>In offset<\/td>\n<\/tr>\n<tr>\n<td><strong>Ngu\u1ed3n g\u1ed1c<\/strong><\/td>\n<td>Qu\u1ea3ng \u0110\u00f4ng, Trung Qu\u1ed1c<\/td>\n<\/tr>\n<tr>\n<td><strong>\u1ee8ng d\u1ee5ng<\/strong><\/td>\n<td>Ki\u1ec3m so\u00e1t truy c\u1eadp, Giao d\u1ecbch<\/td>\n<\/tr>\n<\/tbody>\n<\/table>\n<\/div>\n<\/div>\n<p><strong>C\u00e1c th\u00f4ng s\u1ed1 k\u1ef9 thu\u1eadt n\u00e0y gi\u1edbi thi\u1ec7u m\u1ed9t lo\u1ea1i th\u1ebb ch\u00fa tr\u1ecdng \u0111\u1ebfn t\u00ednh b\u1ea3o m\u1eadt, \u0111\u1ed9 b\u1ec1n v\u00e0 hi\u1ec7u qu\u1ea3.<\/strong><\/p>\n<hr \/>\n<h2><\/h2>\n<h2 style=\"text-align: center;\"><em><span style=\"color: #000080;\"><strong>T\u00e1c \u0111\u1ed9ng m\u00f4i tr\u01b0\u1eddng v\u00e0 t\u00ednh b\u1ec1n v\u1eefng<\/strong><\/span><\/em><\/h2>\n<p><span style=\"color: #666699;\">Nh\u1eadn ra d\u1ea5u ch\u00e2n m\u00f4i tr\u01b0\u1eddng c\u1ee7a c\u00f4ng ngh\u1ec7, th\u1ebb Custom FM1208 \u00e1p d\u1ee5ng ph\u01b0\u01a1ng ph\u00e1p ti\u1ebfp c\u1eadn b\u1ec1n v\u1eefng. \u0110\u01b0\u1ee3c x\u00e2y d\u1ef1ng t\u1eeb\u00a0<strong>PVC<\/strong>, n\u00f3 mang l\u1ea1i \u0111\u1ed9 b\u1ec1n m\u00e0 kh\u00f4ng \u1ea3nh h\u01b0\u1edfng \u0111\u1ebfn c\u00e1c v\u1ea5n \u0111\u1ec1 v\u1ec1 m\u00f4i tr\u01b0\u1eddng. Th\u1ef1c h\u00e0nh b\u1ec1n v\u1eefng- <strong>Kh\u1ea3 n\u0103ng t\u00e1i ch\u1ebf<\/strong>:C\u00e1c v\u1eadt li\u1ec7u \u0111\u01b0\u1ee3c s\u1eed d\u1ee5ng c\u00f3 th\u1ec3 t\u00e1i ch\u1ebf, nh\u1ea5n m\u1ea1nh cam k\u1ebft b\u1ea3o v\u1ec7 m\u00f4i tr\u01b0\u1eddng.<\/span><\/p>\n<ul>\n<li><strong>Tu\u1ed5i th\u1ecd d\u00e0i<\/strong>:V\u1edbi thi\u1ebft k\u1ebf b\u1ec1n b\u1ec9, th\u1ebb gi\u00fap gi\u1ea3m nhu c\u1ea7u thay th\u1ebf th\u01b0\u1eddng xuy\u00ean, t\u1eeb \u0111\u00f3 gi\u1ea3m thi\u1ec3u ch\u1ea5t th\u1ea3i.<\/li>\n<\/ul>\n<hr \/>\n<h2><\/h2>\n<h2 style=\"text-align: center;\"><em><span style=\"color: #000080;\"><strong>\u1ee8ng d\u1ee5ng trong Gi\u00e1o d\u1ee5c v\u00e0 h\u01a1n th\u1ebf n\u1eefa<\/strong><\/span><\/em><\/h2>\n<p><span style=\"color: #666699;\">Th\u1ebb th\u00f4ng minh Custom FM1208 ph\u1ee5c v\u1ee5 nhi\u1ec1u \u1ee9ng d\u1ee5ng kh\u00e1c nhau, \u0111\u1eb7c bi\u1ec7t l\u00e0 trong c\u00e1c c\u01a1 s\u1edf gi\u00e1o d\u1ee5c, n\u00e2ng cao tr\u1ea3i nghi\u1ec7m chung trong khu\u00f4n vi\u00ean tr\u01b0\u1eddng.<\/span><\/p>\n<p>&nbsp;<\/p>\n<h2 style=\"text-align: center;\"><em><strong><span style=\"color: #000080;\">Trong c\u00e1c c\u01a1 s\u1edf gi\u00e1o d\u1ee5c<\/span><\/strong><\/em><\/h2>\n<p style=\"text-align: left;\">1.\u00a0<strong>Ki\u1ec3m so\u00e1t truy c\u1eadp<\/strong>: L\u1ed1i v\u00e0o an to\u00e0n cho c\u00e1c t\u00f2a nh\u00e0, th\u01b0 vi\u1ec7n ho\u1eb7c ph\u00f2ng th\u00ed nghi\u1ec7m.<\/p>\n<ol start=\"2\">\n<li><strong>ID tr\u01b0\u1eddng<\/strong>:C\u00f3 ch\u1ee9c n\u0103ng nh\u01b0 th\u1ebb sinh vi\u00ean, th\u1ebb n\u00e0y gi\u00fap \u0111\u01a1n gi\u1ea3n h\u00f3a qu\u00e1 tr\u00ecnh nh\u1eadn d\u1ea1ng.<\/li>\n<li><strong>H\u1ec7 th\u1ed1ng thanh to\u00e1n<\/strong>: T\u00edch h\u1ee3p v\u1edbi t\u00e0i kho\u1ea3n nh\u00e0 tr\u01b0\u1eddng \u0111\u1ec3 th\u1ef1c hi\u1ec7n giao d\u1ecbch kh\u00f4ng d\u00f9ng ti\u1ec1n m\u1eb7t t\u1ea1i c\u0103ng tin v\u00e0 m\u00e1y b\u00e1n h\u00e0ng t\u1ef1 \u0111\u1ed9ng.<\/li>\n<\/ol>","protected":false},"excerpt":{"rendered":"<p>Th\u1ebb Custom FM12088K Memory Smart Campus cung c\u1ea5p kh\u1ea3 n\u0103ng ki\u1ec3m so\u00e1t truy c\u1eadp an to\u00e0n, kh\u00f4ng ti\u1ebfp x\u00fac, l\u00fd t\u01b0\u1edfng cho c\u00e1c t\u1ed5 ch\u1ee9c gi\u00e1o d\u1ee5c v\u00e0 doanh nghi\u1ec7p. B\u1ec1n b\u1ec9 v\u00e0 \u0111a n\u0103ng!<\/p>","protected":false},"featured_media":3449,"template":"","meta":[],"product_brand":[],"product_cat":[46],"product_tag":[],"class_list":{"0":"post-3444","1":"product","2":"type-product","3":"status-publish","4":"has-post-thumbnail","6":"product_cat-nfc-cards","8":"first","9":"instock","10":"shipping-taxable","11":"product-type-simple"},"_links":{"self":[{"href":"https:\/\/nfc-readers.com\/vi\/wp-json\/wp\/v2\/product\/3444","targetHints":{"allow":["GET"]}}],"collection":[{"href":"https:\/\/nfc-readers.com\/vi\/wp-json\/wp\/v2\/product"}],"about":[{"href":"https:\/\/nfc-readers.com\/vi\/wp-json\/wp\/v2\/types\/product"}],"wp:featuredmedia":[{"embeddable":true,"href":"https:\/\/nfc-readers.com\/vi\/wp-json\/wp\/v2\/media\/3449"}],"wp:attachment":[{"href":"https:\/\/nfc-readers.com\/vi\/wp-json\/wp\/v2\/media?parent=3444"}],"wp:term":[{"taxonomy":"product_brand","embeddable":true,"href":"https:\/\/nfc-readers.com\/vi\/wp-json\/wp\/v2\/product_brand?post=3444"},{"taxonomy":"product_cat","embeddable":true,"href":"https:\/\/nfc-readers.com\/vi\/wp-json\/wp\/v2\/product_cat?post=3444"},{"taxonomy":"product_tag","embeddable":true,"href":"https:\/\/nfc-readers.com\/vi\/wp-json\/wp\/v2\/product_tag?post=3444"}],"curies":[{"name":"wp","href":"https:\/\/api.w.org\/{rel}","templated":true}]}}