{"id":3450,"date":"2024-11-03T08:01:44","date_gmt":"2024-11-03T08:01:44","guid":{"rendered":"https:\/\/nfc-readers.com\/?post_type=product&#038;p=3450"},"modified":"2024-11-04T08:45:59","modified_gmt":"2024-11-04T08:45:59","slug":"nfc-with-qr-code-stainless-contactless-business-card","status":"publish","type":"product","link":"https:\/\/nfc-readers.com\/vi\/ic-reader\/nfc-with-qr-code-stainless-contactless-business-card\/","title":{"rendered":"NFC v\u1edbi m\u00e3 QR Danh thi\u1ebfp kh\u00f4ng ti\u1ebfp x\u00fac b\u1eb1ng th\u00e9p kh\u00f4ng g\u1ec9"},"content":{"rendered":"<h1><span style=\"color: #000080;\"><strong>NFC v\u1edbi m\u00e3 QR Danh thi\u1ebfp kh\u00f4ng ti\u1ebfp x\u00fac b\u1eb1ng th\u00e9p kh\u00f4ng g\u1ec9<\/strong><\/span><\/h1>\n<p><span style=\"color: #666699;\">Trong th\u1ebf gi\u1edbi k\u1ef9 thu\u1eadt s\u1ed1 ph\u00e1t tri\u1ec3n nhanh ch\u00f3ng ng\u00e0y nay, nhu c\u1ea7u v\u1ec1 c\u00e1c gi\u1ea3i ph\u00e1p m\u1ea1ng s\u00e1ng t\u1ea1o v\u00e0 hi\u1ec7u qu\u1ea3 quan tr\u1ecdng h\u01a1n bao gi\u1edd h\u1ebft. H\u00e3y tham gia <strong>Th\u1ebb kinh doanh kh\u00f4ng ti\u1ebfp x\u00fac b\u1eb1ng th\u00e9p kh\u00f4ng g\u1ec9 NFC v\u1edbi m\u00e3 QR<\/strong>, m\u1ed9t c\u00f4ng c\u1ee5 ti\u00ean ti\u1ebfn \u0111\u01b0\u1ee3c thi\u1ebft k\u1ebf \u0111\u1ec3 \u0111\u1ecbnh ngh\u0129a l\u1ea1i c\u00e1ch c\u00e1c chuy\u00ean gia chia s\u1ebb th\u00f4ng tin c\u1ee7a h\u1ecd. K\u1ebft h\u1ee3p c\u00f4ng ngh\u1ec7 hi\u1ec7n \u0111\u1ea1i v\u1edbi thi\u1ebft k\u1ebf \u0111\u1eb9p m\u1eaft, danh thi\u1ebfp n\u00e0y cho ph\u00e9p ng\u01b0\u1eddi d\u00f9ng d\u1ec5 d\u00e0ng chia s\u1ebb th\u00f4ng tin li\u00ean l\u1ea1c, h\u1ed3 s\u01a1 x\u00e3 h\u1ed9i v\u00e0 nhi\u1ec1u th\u00f4ng tin kh\u00e1c th\u00f4ng qua c\u00e1c thao t\u00e1c ch\u1ea1m v\u00e0 qu\u00e9t \u0111\u01a1n gi\u1ea3n. V\u1edbi v\u00f4 s\u1ed1 t\u00f9y ch\u1ecdn t\u00f9y ch\u1ec9nh, danh thi\u1ebfp kh\u00f4ng ti\u1ebfp x\u00fac n\u00e0y kh\u00f4ng ch\u1ec9 n\u00e2ng cao h\u00ecnh \u1ea3nh chuy\u00ean nghi\u1ec7p c\u1ee7a b\u1ea1n m\u00e0 c\u00f2n h\u1ee3p l\u00fd h\u00f3a c\u00e1c quy tr\u00ecnh k\u1ebft n\u1ed1i m\u1ea1ng.<\/span><\/p>\n<p>&nbsp;<\/p>\n<h2 style=\"text-align: center;\"><span style=\"color: #000080;\"><strong>Thu\u1ed9c t\u00ednh ch\u00ednh c\u1ee7a danh thi\u1ebfp NFC\u00a0<\/strong><\/span><\/h2>\n<p>C\u00f4ng ngh\u1ec7 NFC \u0111ang chuy\u1ec3n \u0111\u1ed5i m\u1ea1ng l\u01b0\u1edbi b\u1eb1ng c\u00e1ch cung c\u1ea5p c\u00e1c thu\u1ed9c t\u00ednh \u0111\u1ed9c \u0111\u00e1o gi\u00fap n\u00f3 kh\u00e1c bi\u1ec7t v\u1edbi danh thi\u1ebfp truy\u1ec1n th\u1ed1ng. Nh\u1eefng th\u1ebb n\u00e0y t\u1ea1o \u0111i\u1ec1u ki\u1ec7n chia s\u1ebb th\u00f4ng tin nhanh ch\u00f3ng v\u00e0 hi\u1ec7u qu\u1ea3, cho ph\u00e9p ng\u01b0\u1eddi d\u00f9ng chuy\u1ec3n th\u00f4ng tin li\u00ean l\u1ea1c c\u1ee7a h\u1ecd ch\u1ec9 b\u1eb1ng m\u1ed9t c\u00fa ch\u1ea1m \u0111\u01a1n gi\u1ea3n tr\u00ean \u0111i\u1ec7n tho\u1ea1i th\u00f4ng minh.\u00a0<strong>Th\u1ebb kinh doanh kh\u00f4ng ti\u1ebfp x\u00fac b\u1eb1ng th\u00e9p kh\u00f4ng g\u1ec9 NFC v\u1edbi m\u00e3 QR<\/strong>\u00a0k\u1ebft h\u1ee3p c\u00f4ng ngh\u1ec7 ti\u00ean ti\u1ebfn nh\u01b0:<\/p>\n<ul>\n<li><strong>Giao ti\u1ebfp RFID:<\/strong>\u00a0Ho\u1ea1t \u0111\u1ed9ng \u1edf t\u1ea7n s\u1ed1 13,56 MHz, cho ph\u00e9p k\u1ebft n\u1ed1i nhanh ch\u00f3ng gi\u1eefa c\u00e1c thi\u1ebft b\u1ecb.<\/li>\n<li><strong>T\u00f9y ch\u1ecdn Chip t\u00f9y ch\u1ec9nh:<\/strong>\u00a0C\u00f3 s\u1eb5n chip NTAG213, NTAG215 ho\u1eb7c NTAG216, mang l\u1ea1i s\u1ef1 linh ho\u1ea1t d\u1ef1a tr\u00ean nhu c\u1ea7u c\u1ee7a ng\u01b0\u1eddi d\u00f9ng.<\/li>\n<\/ul>\n<p>B\u1eb1ng c\u00e1ch t\u1eadn d\u1ee5ng nh\u1eefng thu\u1ed9c t\u00ednh quan tr\u1ecdng n\u00e0y, danh thi\u1ebfp n\u00e0y kh\u00f4ng ch\u1ec9 \u0111\u1ea1i di\u1ec7n cho th\u01b0\u01a1ng hi\u1ec7u chuy\u00ean nghi\u1ec7p c\u1ee7a b\u1ea1n m\u00e0 c\u00f2n th\u1ec3 hi\u1ec7n cam k\u1ebft \u0111\u1ed5i m\u1edbi c\u1ee7a b\u1ea1n.<\/p>\n<p>&nbsp;<\/p>\n<h2 style=\"text-align: center;\"><span style=\"color: #000080;\"><em><strong>\u0110\u1eb7c \u0111i\u1ec3m thi\u1ebft k\u1ebf: <\/strong><\/em><\/span><\/h2>\n<h2>T\u1ea1o \u1ea5n t\u01b0\u1ee3ng l\u00e2u d\u00e0i<\/h2>\n<p><strong>S\u1ef1 h\u1ea5p d\u1eabn v\u1ec1 m\u1eb7t th\u1ea9m m\u1ef9<\/strong>\u00a0l\u00e0 r\u1ea5t quan tr\u1ecdng trong b\u1ea5t k\u1ef3 t\u01b0\u01a1ng t\u00e1c kinh doanh n\u00e0o.\u00a0<strong>Th\u1ebb kinh doanh kh\u00f4ng ti\u1ebfp x\u00fac b\u1eb1ng th\u00e9p kh\u00f4ng g\u1ec9 NFC v\u1edbi m\u00e3 QR<\/strong>\u00a0\u0111\u01b0\u1ee3c thi\u1ebft k\u1ebf v\u1edbi nhi\u1ec1u t\u00ednh n\u0103ng t\u00f9y ch\u1ec9nh \u0111\u1ec3 ph\u00f9 h\u1ee3p v\u1edbi s\u1edf th\u00edch c\u00e1 nh\u00e2n, \u0111\u1ea3m b\u1ea3o r\u1eb1ng n\u00f3 kh\u00f4ng ch\u1ec9 n\u1ed5i b\u1eadt m\u00e0 c\u00f2n ph\u00f9 h\u1ee3p v\u1edbi b\u1ea3n s\u1eafc th\u01b0\u01a1ng hi\u1ec7u c\u1ee7a b\u1ea1n. C\u00e1c t\u00ednh n\u0103ng thi\u1ebft k\u1ebf ch\u00ednh bao g\u1ed3m:<\/p>\n<ul>\n<li><strong>Ho\u00e0n thi\u1ec7n:<\/strong>\u00a0L\u1ef1a ch\u1ecdn gi\u1eefa b\u1ec1 m\u1eb7t b\u00f3ng ho\u1eb7c m\u1edd \u0111\u1ec3 c\u00f3 v\u1ebb ngo\u00e0i tinh t\u1ebf ph\u00f9 h\u1ee3p v\u1edbi phong c\u00e1ch c\u1ee7a b\u1ea1n.<\/li>\n<li><strong>T\u00f9y ch\u1ecdn v\u1eadt li\u1ec7u:<\/strong>\u00a0\u0110\u01b0\u1ee3c ch\u1ebf t\u00e1c t\u1eeb th\u00e9p kh\u00f4ng g\u1ec9 ch\u1ea5t l\u01b0\u1ee3ng cao, nh\u1eefng t\u1ea5m th\u1ebb n\u00e0y kh\u00f4ng ch\u1ec9 tr\u00f4ng sang tr\u1ecdng m\u00e0 c\u00f2n c\u00f3 \u0111\u1ed9 b\u1ec1n cao, ch\u1ed1ng hao m\u00f2n.<\/li>\n<li><strong>Logo v\u00e0 m\u1eabu t\u00f9y ch\u1ec9nh:<\/strong>\u00a0C\u00e1 nh\u00e2n h\u00f3a danh thi\u1ebfp c\u1ee7a b\u1ea1n b\u1eb1ng c\u00e1ch kh\u1eafc logo, t\u1ea1o n\u00ean n\u00e9t \u0111\u1ed9c \u0111\u00e1o gi\u00fap t\u0103ng c\u01b0\u1eddng kh\u1ea3 n\u0103ng nh\u1eadn di\u1ec7n th\u01b0\u01a1ng hi\u1ec7u c\u1ee7a b\u1ea1n.<\/li>\n<\/ul>\n<p>B\u1eb1ng c\u00e1ch \u0111\u1ea7u t\u01b0 v\u00e0o danh thi\u1ebfp NFC \u0111\u01b0\u1ee3c thi\u1ebft k\u1ebf chuy\u00ean nghi\u1ec7p, b\u1ea1n s\u1ebd t\u1ea1o \u0111\u01b0\u1ee3c s\u1ef1 kh\u00e1c bi\u1ec7t so v\u1edbi \u0111\u1ed1i th\u1ee7 c\u1ea1nh tranh.<\/p>\n<p>&nbsp;<\/p>\n<h2 style=\"text-align: center;\"><span style=\"color: #000080;\"><em><strong>\u0110\u1ed9 b\u1ec1n ch\u1ed1ng th\u1ea5m n\u01b0\u1edbc v\u00e0 th\u1eddi ti\u1ebft <\/strong><\/em><\/span><\/h2>\n<p><span style=\"color: #666699;\">Trong gu\u1ed3ng quay h\u1ed1i h\u1ea3 c\u1ee7a c\u00f4ng vi\u1ec7c giao l\u01b0u h\u1eb1ng ng\u00e0y, b\u1ea1n c\u1ea7n m\u1ed9t danh thi\u1ebfp c\u00f3 th\u1ec3 ch\u1ecbu \u0111\u01b0\u1ee3c nhi\u1ec1u \u0111i\u1ec1u ki\u1ec7n m\u00f4i tr\u01b0\u1eddng kh\u00e1c nhau. <\/span><\/p>\n<p><span style=\"color: #666699;\">V\u1eadt li\u1ec7u th\u00e9p kh\u00f4ng g\u1ec9 c\u1ee7a\u00a0<strong>Th\u1ebb kinh doanh kh\u00f4ng ti\u1ebfp x\u00fac b\u1eb1ng th\u00e9p kh\u00f4ng g\u1ec9 NFC v\u1edbi m\u00e3 QR<\/strong>\u00a0l\u00e0:<\/span><\/p>\n<ul>\n<li><strong>Ch\u1ed1ng th\u1ea5m n\u01b0\u1edbc:<\/strong>\u00a0B\u1ea3o v\u1ec7 th\u00f4ng tin c\u1ee7a b\u1ea1n kh\u1ecfi s\u1ef1 c\u1ed1 tr\u00e0n \u0111\u1ed5 ho\u1eb7c t\u00ecnh tr\u1ea1ng \u1ea9m \u01b0\u1edbt.<\/li>\n<li><strong>Ch\u1ed1ng ch\u1ecbu th\u1eddi ti\u1ebft:<\/strong>\u00a0Ph\u00f9 h\u1ee3p v\u1edbi m\u1ecdi \u0111i\u1ec1u ki\u1ec7n kh\u00ed h\u1eadu, \u0111\u1ea3m b\u1ea3o th\u1ebb c\u1ee7a b\u1ea1n v\u1eabn nguy\u00ean v\u1eb9n v\u00e0 ho\u1ea1t \u0111\u1ed9ng \u0111\u1ea7y \u0111\u1ee7 b\u1ea5t k\u1ec3 c\u00e1c y\u1ebfu t\u1ed1 b\u00ean ngo\u00e0i.<\/li>\n<\/ul>\n<p>\u0110\u1ed9 b\u1ec1n n\u00e0y \u0111\u1ea3m b\u1ea3o r\u1eb1ng th\u1ebb c\u1ee7a b\u1ea1n s\u1ebd gi\u1eef \u0111\u01b0\u1ee3c t\u00ednh th\u1ea9m m\u1ef9 v\u00e0 ch\u1ee9c n\u0103ng theo th\u1eddi gian, khi\u1ebfn \u0111\u00e2y tr\u1edf th\u00e0nh m\u1ed9t kho\u1ea3n \u0111\u1ea7u t\u01b0 kh\u00f4n ngoan.<\/p>\n<p>&nbsp;<\/p>\n<h2 style=\"text-align: center;\"><em><strong><span style=\"color: #000080;\">Giao di\u1ec7n giao ti\u1ebfp th\u00e2n thi\u1ec7n v\u1edbi ng\u01b0\u1eddi d\u00f9ng\u00a0<\/span><\/strong><\/em><\/h2>\n<p>M\u1ed9t trong nh\u1eefng \u0111\u1eb7c \u0111i\u1ec3m \u0111\u00e1ng ch\u00fa \u00fd nh\u1ea5t c\u1ee7a\u00a0<strong>Th\u1ebb kinh doanh kh\u00f4ng ti\u1ebfp x\u00fac b\u1eb1ng th\u00e9p kh\u00f4ng g\u1ec9 NFC v\u1edbi m\u00e3 QR<\/strong>\u00a0l\u00e0 giao di\u1ec7n truy\u1ec1n th\u00f4ng th\u00e2n thi\u1ec7n v\u1edbi ng\u01b0\u1eddi d\u00f9ng. Kh\u1ea3 n\u0103ng s\u1eed d\u1ee5ng c\u1ea3 hai\u00a0<strong>NFC v\u00e0 RFID<\/strong>\u00a0c\u00f4ng ngh\u1ec7 \u0111\u1ea3m b\u1ea3o r\u1eb1ng th\u00f4ng tin c\u1ee7a b\u1ea1n c\u00f3 th\u1ec3 \u0111\u01b0\u1ee3c truy c\u1eadp nhanh ch\u00f3ng v\u00e0 d\u1ec5 d\u00e0ng b\u1eb1ng nhi\u1ec1u thi\u1ebft b\u1ecb kh\u00e1c nhau. Sau \u0111\u00e2y l\u00e0 c\u00e1ch th\u1ee9c ho\u1ea1t \u0111\u1ed9ng:<\/p>\n<ul>\n<li><strong>C\u00f4ng ngh\u1ec7 NFC:<\/strong>\u00a0Ng\u01b0\u1eddi d\u00f9ng ch\u1ec9 c\u1ea7n ch\u1ea1m \u0111i\u1ec7n tho\u1ea1i th\u00f4ng minh c\u1ee7a h\u1ecd v\u00e0o th\u1ebb \u0111\u1ec3 l\u1ea5y th\u00f4ng tin li\u00ean l\u1ea1c. S\u1ef1 \u0111\u01a1n gi\u1ea3n n\u00e0y th\u00fac \u0111\u1ea9y t\u01b0\u01a1ng t\u00e1c nhanh ch\u00f3ng trong c\u00e0i \u0111\u1eb7t m\u1ea1ng.<\/li>\n<li><strong>T\u00edch h\u1ee3p m\u00e3 QR:<\/strong>\u00a0Th\u1ebb n\u00e0y c\u00f3 m\u00e3 QR t\u00edch h\u1ee3p, cung c\u1ea5p th\u00eam ph\u01b0\u01a1ng ti\u1ec7n chia s\u1ebb th\u00f4ng tin cho nh\u1eefng ng\u01b0\u1eddi kh\u00f4ng c\u00f3 thi\u1ebft b\u1ecb h\u1ed7 tr\u1ee3 NFC.<\/li>\n<\/ul>\n<p>Giao di\u1ec7n truy\u1ec1n th\u00f4ng k\u00e9p n\u00e0y \u0111\u1ea3m b\u1ea3o b\u1ea1n c\u00f3 th\u1ec3 k\u1ebft n\u1ed1i v\u1edbi kh\u00e1ch h\u00e0ng ho\u1eb7c \u0111\u1ed1i t\u00e1c ti\u1ec1m n\u0103ng m\u1ed9t c\u00e1ch d\u1ec5 d\u00e0ng.<\/p>\n<p>&nbsp;<\/p>\n<h2 style=\"text-align: center;\"><span style=\"color: #000080;\"><em><strong>Th\u00f4ng s\u1ed1 k\u1ef9 thu\u1eadt quan tr\u1ecdng<\/strong><\/em><\/span><\/h2>\n<p>|\u00a0<strong>V\u1eadt li\u1ec7u<\/strong>\u00a0| Th\u00e9p kh\u00f4ng g\u1ec9 |<br \/>\n|\u00a0<strong>T\u00ednh th\u01b0\u1eddng xuy\u00ean<\/strong>\u00a0|13,56MHz |<br \/>\n|\u00a0<strong>K\u00edch c\u1ee1<\/strong>\u00a0|85,5 mm x54 mm \/ T\u00f9y ch\u1ec9nh |<br \/>\n|\u00a0<strong>\u0111\u1ed9 d\u00e0y<\/strong>\u00a0|0,8 mm \/ T\u00f9y ch\u1ec9nh |<br \/>\n|\u00a0<strong>T\u00f9y ch\u1ecdn Chip<\/strong> | T\u00f9y ch\u1ec9nh \/ NTAG213 \/215 \/216 |<br \/>\n|\u00a0<strong>T\u00f9y ch\u1ecdn m\u00e0u s\u1eafc<\/strong>\u00a0| \u0110en, Tr\u1eafng, V\u00e0ng h\u1ed3ng, V\u00e0ng, Xanh lam |<br \/>\n|\u00a0<strong>T\u00ednh n\u0103ng \u0111\u1eb7c bi\u1ec7t<\/strong>\u00a0| Ch\u1ed1ng n\u01b0\u1edbc \/ Ch\u1ed1ng ch\u1ecbu th\u1eddi ti\u1ebft, Sang tr\u1ecdng|<\/p>\n<p>&nbsp;<\/p>\n<h2 style=\"text-align: center;\"><span style=\"color: #000080;\"><em><strong>Ph\u1ea7n C\u00e2u h\u1ecfi th\u01b0\u1eddng g\u1eb7p<\/strong><\/em><\/span><\/h2>\n<p><strong><span style=\"color: #008080;\">H: T\u00f4i c\u00f3 th\u1ec3 t\u00f9y ch\u1ec9nh thi\u1ebft k\u1ebf c\u1ee7a th\u1ebb kh\u00f4ng?<\/span><\/strong><\/p>\n<p>A: Ho\u00e0n to\u00e0n \u0111\u01b0\u1ee3c! B\u1ea1n c\u00f3 th\u1ec3 ch\u1ecdn m\u00e0u s\u1eafc, b\u1ec1 m\u1eb7t ho\u00e0n thi\u1ec7n v\u00e0 th\u1eadm ch\u00ed l\u00e0 kh\u1eafc logo, khi\u1ebfn t\u1ea5m thi\u1ec7p c\u1ee7a b\u1ea1n th\u1ef1c s\u1ef1 \u0111\u1ed9c \u0111\u00e1o.<\/p>\n<p>&nbsp;<\/p>\n<p><strong><span style=\"color: #008080;\">H: Ch\u1ee9c n\u0103ng NFC c\u00f3 t\u01b0\u01a1ng th\u00edch v\u1edbi t\u1ea5t c\u1ea3 \u0111i\u1ec7n tho\u1ea1i th\u00f4ng minh kh\u00f4ng?<\/span><\/strong><\/p>\n<p>A: C\u00f3, th\u1ebb NFC \u0111\u01b0\u1ee3c thi\u1ebft k\u1ebf \u0111\u1ec3 ho\u1ea1t \u0111\u1ed9ng v\u1edbi h\u1ea7u h\u1ebft c\u00e1c \u0111i\u1ec7n tho\u1ea1i th\u00f4ng minh h\u1ed7 tr\u1ee3 c\u00f4ng ngh\u1ec7 NFC.<\/p>","protected":false},"excerpt":{"rendered":"<p>C\u00e1ch m\u1ea1ng h\u00f3a m\u1ea1ng l\u01b0\u1edbi quan h\u1ec7 v\u1edbi Danh thi\u1ebfp kh\u00f4ng ti\u1ebfp x\u00fac b\u1eb1ng th\u00e9p kh\u00f4ng g\u1ec9 NFC &amp; QR Code c\u1ee7a ch\u00fang t\u00f4i\u2014chia s\u1ebb th\u00f4ng tin d\u1ec5 d\u00e0ng v\u1edbi thi\u1ebft k\u1ebf \u0111\u1eb9p m\u1eaft, c\u00f3 th\u1ec3 t\u00f9y ch\u1ec9nh!<\/p>","protected":false},"featured_media":3448,"template":"","meta":[],"product_brand":[],"product_cat":[46],"product_tag":[],"class_list":{"0":"post-3450","1":"product","2":"type-product","3":"status-publish","4":"has-post-thumbnail","6":"product_cat-nfc-cards","8":"first","9":"instock","10":"shipping-taxable","11":"product-type-simple"},"_links":{"self":[{"href":"https:\/\/nfc-readers.com\/vi\/wp-json\/wp\/v2\/product\/3450","targetHints":{"allow":["GET"]}}],"collection":[{"href":"https:\/\/nfc-readers.com\/vi\/wp-json\/wp\/v2\/product"}],"about":[{"href":"https:\/\/nfc-readers.com\/vi\/wp-json\/wp\/v2\/types\/product"}],"wp:featuredmedia":[{"embeddable":true,"href":"https:\/\/nfc-readers.com\/vi\/wp-json\/wp\/v2\/media\/3448"}],"wp:attachment":[{"href":"https:\/\/nfc-readers.com\/vi\/wp-json\/wp\/v2\/media?parent=3450"}],"wp:term":[{"taxonomy":"product_brand","embeddable":true,"href":"https:\/\/nfc-readers.com\/vi\/wp-json\/wp\/v2\/product_brand?post=3450"},{"taxonomy":"product_cat","embeddable":true,"href":"https:\/\/nfc-readers.com\/vi\/wp-json\/wp\/v2\/product_cat?post=3450"},{"taxonomy":"product_tag","embeddable":true,"href":"https:\/\/nfc-readers.com\/vi\/wp-json\/wp\/v2\/product_tag?post=3450"}],"curies":[{"name":"wp","href":"https:\/\/api.w.org\/{rel}","templated":true}]}}