{"id":3451,"date":"2024-11-03T08:34:25","date_gmt":"2024-11-03T08:34:25","guid":{"rendered":"https:\/\/nfc-readers.com\/?post_type=product&#038;p=3451"},"modified":"2024-11-04T08:44:09","modified_gmt":"2024-11-04T08:44:09","slug":"google-review-ntag213-215-216-nfc-card","status":"publish","type":"product","link":"https:\/\/nfc-readers.com\/vi\/ic-reader\/google-review-ntag213-215-216-nfc-card\/","title":{"rendered":"Th\u1ebb NFC NTAG213 215 216 cho \u0110\u00e1nh gi\u00e1 c\u1ee7a Google"},"content":{"rendered":"<h1><span style=\"color: #000080;\"><strong>Th\u1ebb NFC NTAG213 215 216 cho \u0110\u00e1nh gi\u00e1 c\u1ee7a Google <\/strong><\/span><\/h1>\n<p><span style=\"color: #666699;\">T\u01b0\u01a1ng lai c\u1ee7a m\u1ea1ng th\u00f4ng minhTrong m\u1ed9t th\u1ebf gi\u1edbi ng\u00e0y c\u00e0ng s\u1ed1 h\u00f3a, vi\u1ec7c duy tr\u00ec k\u1ebft n\u1ed1i quan tr\u1ecdng h\u01a1n bao gi\u1edd h\u1ebft. <strong>Th\u1ebb NFC NTAG213 215 216 cho \u0110\u00e1nh gi\u00e1 c\u1ee7a Google<\/strong> \u0111\u00f3ng vai tr\u00f2 l\u00e0 gi\u1ea3i ph\u00e1p m\u1ea1ng l\u01b0\u1edbi s\u00e1ng t\u1ea1o \u0111\u01b0\u1ee3c thi\u1ebft k\u1ebf \u0111\u1ec3 chuy\u1ec3n \u0111\u1ed5i c\u00e1ch c\u00e1c chuy\u00ean gia chia s\u1ebb th\u00f4ng tin li\u00ean l\u1ea1c. Th\u1ebb th\u00f4ng minh n\u00e0y k\u1ebft h\u1ee3p thi\u1ebft k\u1ebf \u0111\u1eb9p m\u1eaft v\u1edbi c\u00f4ng ngh\u1ec7 ti\u00ean ti\u1ebfn, cho ph\u00e9p ng\u01b0\u1eddi d\u00f9ng chia s\u1ebb th\u00f4ng tin c\u1ee7a h\u1ecd m\u1ed9t c\u00e1ch d\u1ec5 d\u00e0ng th\u00f4ng qua ch\u1ee9c n\u0103ng NFC (Giao ti\u1ebfp tr\u01b0\u1eddng g\u1ea7n) kh\u00f4ng ti\u1ebfp x\u00fac v\u00e0 m\u00e3 QR. Cho d\u00f9 b\u1ea1n c\u1ea7n danh thi\u1ebfp th\u00fac \u0111\u1ea9y \u0111\u00e1nh gi\u00e1 n\u0103m sao hay c\u00f4ng c\u1ee5 \u0111a n\u0103ng \u0111\u1ec3 ki\u1ec3m so\u00e1t truy c\u1eadp, th\u1ebb NFC n\u00e0y \u0111\u00e1p \u1ee9ng t\u1ea5t c\u1ea3.<\/span><\/p>\n<hr \/>\n<h2 style=\"text-align: center;\"><em><strong><span style=\"color: #000080;\">L\u1ee3i \u00edch c\u1ee7a s\u1ea3n ph\u1ea9m<\/span><\/strong><\/em><\/h2>\n<h2>\u0110\u1ea7u t\u01b0 v\u00e0o\u00a0<strong>Th\u1ebb NFC NTAG213215216<\/strong>\u00a0mang l\u1ea1i nhi\u1ec1u l\u1ee3i \u00edch:<\/h2>\n<ul>\n<li><strong>M\u1ea1ng l\u01b0\u1edbi li\u1ec1n m\u1ea1ch<\/strong>:Ch\u1ec9 c\u1ea7n m\u1ed9t c\u00fa ch\u1ea1m \u0111\u01a1n gi\u1ea3n, b\u1ea1n c\u00f3 th\u1ec3 chia s\u1ebb th\u00f4ng tin li\u00ean l\u1ea1c, h\u1ed3 s\u01a1 m\u1ea1ng x\u00e3 h\u1ed9i, v.v., gi\u00fap vi\u1ec7c k\u1ebft n\u1ed1i tr\u1edf n\u00ean hi\u1ec7u qu\u1ea3.<\/li>\n<li><strong>T\u00f9y ch\u1ecdn t\u00f9y ch\u1ec9nh<\/strong>:C\u00e1 nh\u00e2n h\u00f3a t\u1ea5m thi\u1ec7p c\u1ee7a b\u1ea1n v\u1edbi k\u00edch th\u01b0\u1edbc, h\u00ecnh in t\u00f9y ch\u1ec9nh v\u00e0 th\u1eadm ch\u00ed l\u00e0 logo \u0111\u1ed9c \u0111\u00e1o c\u1ee7a b\u1ea1n \u2013 \u0111\u1ea3m b\u1ea3o b\u1ea1n t\u1ea1o \u0111\u01b0\u1ee3c \u1ea5n t\u01b0\u1ee3ng \u0111\u00e1ng nh\u1edb.<\/li>\n<li><strong>\u0110\u1ed9 b\u1ec1n v\u00e0 \u0111\u1ed9 tin c\u1eady<\/strong>: \u0110\u01b0\u1ee3c thi\u1ebft k\u1ebf \u0111\u1ec3 ch\u1ecbu \u0111\u01b0\u1ee3c c\u00e1c y\u1ebfu t\u1ed1,\u00a0<strong>kh\u00f4ng th\u1ea5m n\u01b0\u1edbc<\/strong>\u00a0V\u00e0\u00a0<strong>ch\u1ed1ng ch\u1ecbu th\u1eddi ti\u1ebft<\/strong>\u00a0C\u00e1c t\u00ednh n\u0103ng b\u1ea3o v\u1ec7 th\u00f4ng tin c\u1ee7a b\u1ea1n, \u0111\u1ea3m b\u1ea3o th\u00f4ng tin lu\u00f4n nguy\u00ean v\u1eb9n theo th\u1eddi gian.<\/li>\n<li><strong>C\u00f4ng ngh\u1ec7 ti\u00ean ti\u1ebfn<\/strong>:S\u1eed d\u1ee5ng chip NTAG c\u1ee7a NXP, c\u00e1c th\u1ebb n\u00e0y cung c\u1ea5p giao di\u1ec7n truy\u1ec1n th\u00f4ng \u0111\u00e1ng tin c\u1eady, l\u00fd t\u01b0\u1edfng cho nhi\u1ec1u \u1ee9ng d\u1ee5ng kh\u00e1c nhau, t\u1eeb t\u01b0\u01a1ng t\u00e1c th\u00f4ng minh v\u1edbi ng\u01b0\u1eddi ti\u00eau d\u00f9ng \u0111\u1ebfn h\u1ec7 th\u1ed1ng ki\u1ec3m so\u00e1t truy c\u1eadp an to\u00e0n.<\/li>\n<\/ul>\n<p>C\u00e1c\u00a0<strong>\u0110\u00e1nh gi\u00e1 c\u1ee7a Google v\u1ec1 Th\u1ebb NFC NTAG213215216<\/strong> kh\u00f4ng ch\u1ec9 l\u00e0 m\u1ed9t danh thi\u1ebfp; \u0111\u00f3 l\u00e0 m\u1ed9t c\u00f4ng c\u1ee5 \u0111a n\u0103ng gi\u00fap n\u00e2ng cao h\u00ecnh \u1ea3nh chuy\u00ean nghi\u1ec7p c\u1ee7a b\u1ea1n \u0111\u1ed3ng th\u1eddi h\u1ee3p l\u00fd h\u00f3a c\u00e1c t\u01b0\u01a1ng t\u00e1c.<\/p>\n<p>&nbsp;<\/p>\n<h2 style=\"text-align: center;\"><span style=\"color: #000080;\"><em><strong>Th\u00f4ng s\u1ed1 k\u1ef9 thu\u1eadt<\/strong><\/em><\/span><\/h2>\n<p>Sau \u0111\u00e2y l\u00e0 th\u00f4ng s\u1ed1 k\u1ef9 thu\u1eadt chi ti\u1ebft x\u00e1c \u0111\u1ecbnh Th\u1ebb NFC NTAG213 215 216 d\u00e0nh cho \u0110\u00e1nh gi\u00e1 c\u1ee7a Google:<\/p>\n<div class=\"table-with-header rounded-lg border border-solid border-grey-line2-normal w-fit max-w-full mb-2\">\n<div class=\"h-8 items-center flex justify-between px-2 text-xs border-0 border-b border-solid border-grey-line2-normal\">\n<div class=\"h-[26px] w-[26px] text-text-primary-3 cursor-pointer hover:text-text-primary-2 flex-center\"><\/div>\n<\/div>\n<div class=\"overflow-x-auto custom-scrollbar custom-scrollbar-float max-w-full\">\n<table class=\"w-fit !mb-0 !max-w-none\">\n<thead>\n<tr>\n<th><strong>\u0110\u1eb7c \u0111i\u1ec3m k\u1ef9 thu\u1eadt<\/strong><\/th>\n<th><strong>Gi\u00e1 tr\u1ecb<\/strong><\/th>\n<\/tr>\n<\/thead>\n<tbody>\n<tr>\n<td><strong>V\u1eadt li\u1ec7u<\/strong><\/td>\n<td>Epoxy, PVC, Gi\u1ea5y ho\u1eb7c PET<\/td>\n<\/tr>\n<tr>\n<td><strong>T\u00ednh th\u01b0\u1eddng xuy\u00ean<\/strong><\/td>\n<td>13,56MHz<\/td>\n<\/tr>\n<tr>\n<td><strong>K\u00edch c\u1ee1<\/strong><\/td>\n<td>K\u00edch th\u01b0\u1edbc t\u00f9y ch\u1ec9nh c\u00f3 s\u1eb5n<\/td>\n<\/tr>\n<tr>\n<td><strong>\u0111\u1ed9 d\u00e0y<\/strong><\/td>\n<td>K\u00edch th\u01b0\u1edbc t\u00f9y ch\u1ec9nh c\u00f3 s\u1eb5n<\/td>\n<\/tr>\n<tr>\n<td><strong>K\u00fd \u1ee9c<\/strong><\/td>\n<td>144.504 ho\u1eb7c 888 byte<\/td>\n<\/tr>\n<tr>\n<td><strong>T\u00f9y ch\u1ecdn Chip<\/strong><\/td>\n<td>NTAG213, NTAG215, NTAG216<\/td>\n<\/tr>\n<tr>\n<td><strong>C\u00f4ng ngh\u1ec7 in \u1ea5n<\/strong><\/td>\n<td>In Offset CMYK<\/td>\n<\/tr>\n<tr>\n<td><strong>Ki\u1ec3u<\/strong><\/td>\n<td>Di\u1ec5n \u0111\u00e0n NFC Type2<\/td>\n<\/tr>\n<tr>\n<td><strong>T\u00ednh n\u0103ng \u0111\u1eb7c bi\u1ec7t<\/strong><\/td>\n<td>Ch\u1ed1ng th\u1ea5m n\u01b0\u1edbc, Ch\u1ed1ng ch\u1ecbu th\u1eddi ti\u1ebft<\/td>\n<\/tr>\n<\/tbody>\n<\/table>\n<\/div>\n<\/div>\n<p>C\u00e1c th\u00f4ng s\u1ed1 k\u1ef9 thu\u1eadt n\u00e0y minh h\u1ecda cho tr\u00ecnh \u0111\u1ed9 k\u1ef9 thu\u1eadt c\u1ee7a Th\u1ebb NFC NTAG213 215 216 d\u00e0nh cho Google Review, \u0111\u1ea3m b\u1ea3o kh\u1ea3 n\u0103ng s\u1eed d\u1ee5ng v\u00e0 ch\u1ee9c n\u0103ng.<\/p>\n<p>&nbsp;<\/p>\n<h2 style=\"text-align: center;\"><em><span style=\"color: #000080;\"><strong>Ph\u00e1c th\u1ea3o c\u00e1c t\u00ednh n\u0103ng v\u00e0 thu\u1ed9c t\u00ednh<\/strong><\/span><\/em><\/h2>\n<h2 style=\"text-align: center;\"><strong>Thu\u1ed9c t\u00ednh ch\u00ednh c\u1ee7a th\u1ebb NFC<\/strong><\/h2>\n<p>Th\u1ebb NFC NTAG213 215 216 cho \u0110\u00e1nh gi\u00e1 c\u1ee7a Google t\u1ef1 h\u00e0o c\u00f3 m\u1ed9t s\u1ed1 thu\u1ed9c t\u00ednh ch\u00ednh ph\u00e2n bi\u1ec7t n\u00f3 v\u1edbi c\u00e1c th\u1ebb th\u00f4ng th\u01b0\u1eddng. T\u1ea7n s\u1ed1 ho\u1ea1t \u0111\u1ed9ng c\u1ee7a\u00a0<strong>13,56MHz<\/strong>\u00a0\u0111\u1ea3m b\u1ea3o giao ti\u1ebfp nhanh, cho ph\u00e9p c\u00e1c thi\u1ebft b\u1ecb k\u1ebft n\u1ed1i ngay l\u1eadp t\u1ee9c \u0111\u1ec3 c\u00f3 tr\u1ea3i nghi\u1ec7m ng\u01b0\u1eddi d\u00f9ng m\u01b0\u1ee3t m\u00e0 h\u01a1n. C\u00e1c t\u00f9y ch\u1ecdn chip c\u00f3 s\u1eb5n bao g\u1ed3m NTAG213, NTAG215 ho\u1eb7c NTAG216, \u0111\u00e1p \u1ee9ng c\u00e1c y\u00eau c\u1ea7u b\u1ed9 nh\u1edb kh\u00e1c nhau.<\/p>\n<p>&nbsp;<\/p>\n<h2 style=\"text-align: center;\"><span style=\"color: #000080;\"><em><strong>\u1ee8ng d\u1ee5ng c\u1ee5 th\u1ec3 cho ng\u00e0nh<\/strong><\/em><\/span><\/h2>\n<p>Th\u1ebb NFC n\u00e0y kh\u00f4ng ch\u1ec9 \u0111\u01b0\u1ee3c thi\u1ebft k\u1ebf cho m\u1ea1ng l\u01b0\u1edbi kinh doanh. Kh\u1ea3 n\u0103ng th\u00edch \u1ee9ng c\u1ee7a n\u00f3 cho ph\u00e9p s\u1eed d\u1ee5ng trong nhi\u1ec1u ng\u00e0nh c\u00f4ng nghi\u1ec7p kh\u00e1c nhau, ch\u1eb3ng h\u1ea1n nh\u01b0:<\/p>\n<ul>\n<li><strong>Ki\u1ec3m so\u00e1t truy c\u1eadp<\/strong>:T\u00edch h\u1ee3p li\u1ec1n m\u1ea1ch v\u1edbi h\u1ec7 th\u1ed1ng an ninh v\u0103n ph\u00f2ng, cung c\u1ea5p cho nh\u00e2n vi\u00ean l\u1ed1i v\u00e0o an to\u00e0n m\u00e0 kh\u00f4ng c\u1ea7n ch\u00eca kh\u00f3a v\u1eadt l\u00fd.<\/li>\n<li><strong>Giao th\u00f4ng c\u00f4ng c\u1ed9ng<\/strong>:S\u1eed d\u1ee5ng th\u1ebb \u0111\u1ec3 mua v\u00e9, cho ph\u00e9p giao d\u1ecbch ngay l\u1eadp t\u1ee9c v\u00e0 gi\u1ea3m th\u1eddi gian ch\u1edd \u0111\u1ee3i.<\/li>\n<li><strong>Qu\u1ea3n l\u00fd s\u1ef1 ki\u1ec7n<\/strong>: S\u1eed d\u1ee5ng \u0111\u1ec3 ng\u01b0\u1eddi tham d\u1ef1 h\u1ed9i ngh\u1ecb v\u00e0o c\u1eeda; ch\u1ea1m \u0111\u1ec3 v\u00e0o c\u1eeda v\u00e0 thay th\u1ebf v\u00e9 gi\u1ea5y truy\u1ec1n th\u1ed1ng.<\/li>\n<\/ul>\n<p>C\u00e1c <strong>Th\u1ebb NFC NTAG213215216<\/strong>\u00a0c\u00f3 th\u1ec3 \u0111\u01b0\u1ee3c s\u1eed d\u1ee5ng tr\u00ean nhi\u1ec1u \u1ee9ng d\u1ee5ng, th\u1ec3 hi\u1ec7n t\u00ednh linh ho\u1ea1t c\u1ee7a n\u00f3 nh\u01b0 m\u1ed9t gi\u1ea3i ph\u00e1p ti\u1ebfp x\u00fac th\u00f4ng minh.<\/p>\n<p>&nbsp;<\/p>\n<h3 style=\"text-align: center;\"><span style=\"color: #000080;\"><em><strong>C\u00e1c t\u00ednh n\u0103ng \u0111\u1eb7c bi\u1ec7t c\u1ee7a th\u1ebb NFC<\/strong><\/em><\/span><\/h3>\n<p>C\u00e1c\u00a0<strong>kh\u00f4ng th\u1ea5m n\u01b0\u1edbc<\/strong>\u00a0V\u00e0\u00a0<strong>ch\u1ed1ng ch\u1ecbu th\u1eddi ti\u1ebft<\/strong>\u00a0\u0111\u1eb7c \u0111i\u1ec3m c\u1ee7a\u00a0<strong>Th\u1ebb NFC NTAG213215216<\/strong>\u00a0\u0111\u1ea3m b\u1ea3o \u0111\u1ed9 b\u1ec1n, l\u00fd t\u01b0\u1edfng cho nhi\u1ec1u \u0111i\u1ec1u ki\u1ec7n kh\u00e1c nhau. Qu\u00ean \u0111i n\u1ed7i lo l\u1eafng khi v\u00f4 t\u00ecnh ti\u1ebfp x\u00fac v\u1edbi ch\u1ea5t l\u1ecfng \u0111\u1ed5 ho\u1eb7c th\u1eddi ti\u1ebft kh\u1eafc nghi\u1ec7t; t\u00ednh to\u00e0n v\u1eb9n c\u1ee7a th\u1ebb v\u1eabn \u0111\u01b0\u1ee3c gi\u1eef nguy\u00ean.<\/p>\n<p>Ngo\u00e0i ra, \u0111\u1ed9 b\u1ec1n vi\u1ebft c\u1ee7a th\u1ebb l\u00ean \u0111\u1ebfn\u00a0<strong>100.000 l\u1ea7n<\/strong>\u00a0cho ph\u00e9p s\u1eed d\u1ee5ng nhi\u1ec1u l\u1ea7n m\u00e0 kh\u00f4ng \u1ea3nh h\u01b0\u1edfng \u0111\u1ebfn hi\u1ec7u qu\u1ea3. Kh\u1ea3 n\u0103ng l\u01b0u gi\u1eef th\u00f4ng tin trong th\u1eddi gian s\u1eed d\u1ee5ng d\u00e0i \u0111\u1ea3m b\u1ea3o c\u00f4ng c\u1ee5 m\u1ea1ng c\u1ee7a b\u1ea1n v\u1eabn ho\u1ea1t \u0111\u1ed9ng trong nhi\u1ec1u n\u0103m.<\/p>\n<p>&nbsp;<\/p>\n<h2 style=\"text-align: center;\"><span style=\"color: #000080;\"><em><strong>Ph\u01b0\u01a1ng th\u1ee9c giao ti\u1ebfp<\/strong><\/em><\/span><\/h2>\n<h3><strong>K\u1ebft n\u1ed1i li\u1ec1n m\u1ea1ch<\/strong><\/h3>\n<p>\u0110\u01b0\u1ee3c trang b\u1ecb giao di\u1ec7n truy\u1ec1n th\u00f4ng ti\u00ean ti\u1ebfn s\u1eed d\u1ee5ng\u00a0<strong>NFC<\/strong>, Th\u1ebb NFC NTAG213 215 216 d\u00e0nh cho Google Review \u0111\u1ea3m b\u1ea3o k\u1ebft n\u1ed1i g\u1ea7n nh\u01b0 ngay l\u1eadp t\u1ee9c v\u1edbi c\u00e1c thi\u1ebft b\u1ecb t\u01b0\u01a1ng th\u00edch. Ng\u01b0\u1eddi d\u00f9ng c\u00f3 th\u1ec3 ch\u1ea1m \u0111i\u1ec7n tho\u1ea1i th\u00f4ng minh c\u1ee7a m\u00ecnh v\u00e0o th\u1ebb \u0111\u1ec3 l\u1ea5y th\u00f4ng tin li\u00ean l\u1ea1c ngay l\u1eadp t\u1ee9c. M\u00e3 QR \u0111i k\u00e8m cung c\u1ea5p m\u1ed9t gi\u1ea3i ph\u00e1p thay th\u1ebf cho nh\u1eefng ng\u01b0\u1eddi kh\u00f4ng c\u00f3 kh\u1ea3 n\u0103ng NFC, \u0111\u1ea3m b\u1ea3o r\u1eb1ng m\u1ecdi ng\u01b0\u1eddi \u0111\u1ec1u c\u00f3 th\u1ec3 truy c\u1eadp th\u00f4ng tin c\u1ee7a b\u1ea1n m\u00e0 kh\u00f4ng g\u1eb7p r\u1eafc r\u1ed1i.<\/p>","protected":false},"excerpt":{"rendered":"<p>Th\u1ebb NFC NTAG213 215 216 d\u00e0nh cho Google Review cho ph\u00e9p k\u1ebft n\u1ed1i m\u1ea1ng li\u1ec1n m\u1ea1ch v\u1edbi thi\u1ebft k\u1ebf t\u00f9y ch\u1ec9nh, \u0111\u1ed9 b\u1ec1n ch\u1ed1ng th\u1ea5m n\u01b0\u1edbc v\u00e0 c\u00f4ng ngh\u1ec7 NFC ti\u00ean ti\u1ebfn \u0111\u1ec3 k\u1ebft n\u1ed1i nhanh ch\u00f3ng.<\/p>","protected":false},"featured_media":3471,"template":"","meta":[],"product_brand":[],"product_cat":[46],"product_tag":[],"class_list":{"0":"post-3451","1":"product","2":"type-product","3":"status-publish","4":"has-post-thumbnail","6":"product_cat-nfc-cards","8":"first","9":"instock","10":"shipping-taxable","11":"product-type-simple"},"_links":{"self":[{"href":"https:\/\/nfc-readers.com\/vi\/wp-json\/wp\/v2\/product\/3451","targetHints":{"allow":["GET"]}}],"collection":[{"href":"https:\/\/nfc-readers.com\/vi\/wp-json\/wp\/v2\/product"}],"about":[{"href":"https:\/\/nfc-readers.com\/vi\/wp-json\/wp\/v2\/types\/product"}],"wp:featuredmedia":[{"embeddable":true,"href":"https:\/\/nfc-readers.com\/vi\/wp-json\/wp\/v2\/media\/3471"}],"wp:attachment":[{"href":"https:\/\/nfc-readers.com\/vi\/wp-json\/wp\/v2\/media?parent=3451"}],"wp:term":[{"taxonomy":"product_brand","embeddable":true,"href":"https:\/\/nfc-readers.com\/vi\/wp-json\/wp\/v2\/product_brand?post=3451"},{"taxonomy":"product_cat","embeddable":true,"href":"https:\/\/nfc-readers.com\/vi\/wp-json\/wp\/v2\/product_cat?post=3451"},{"taxonomy":"product_tag","embeddable":true,"href":"https:\/\/nfc-readers.com\/vi\/wp-json\/wp\/v2\/product_tag?post=3451"}],"curies":[{"name":"wp","href":"https:\/\/api.w.org\/{rel}","templated":true}]}}