{"id":3460,"date":"2024-11-04T06:26:42","date_gmt":"2024-11-04T06:26:42","guid":{"rendered":"https:\/\/nfc-readers.com\/?post_type=product&#038;p=3460"},"modified":"2024-11-04T08:39:37","modified_gmt":"2024-11-04T08:39:37","slug":"custom-logo-printing-yelptripadvisor-review-nfc-card","status":"publish","type":"product","link":"https:\/\/nfc-readers.com\/vi\/ic-reader\/custom-logo-printing-yelptripadvisor-review-nfc-card\/","title":{"rendered":"Th\u1ebb NFC in logo t\u00f9y ch\u1ec9nh cho \u0110\u00e1nh gi\u00e1 Yelp\\Tripadvisor"},"content":{"rendered":"<h1><span style=\"color: #000080;\"><strong>Th\u1ebb NFC in logo t\u00f9y ch\u1ec9nh cho \u0110\u00e1nh gi\u00e1 Yelp\\Tripadvisor<\/strong><\/span><\/h1>\n<p>&nbsp;<\/p>\n<p><span style=\"color: #666699;\">L\u1ee3i \u00edch c\u1ee7a vi\u1ec7c in logo t\u00f9y ch\u1ec9nh \u0110\u00e1nh gi\u00e1 Yelp\/Tripadvisor Th\u1ebb NFC T\u00edch h\u1ee3p\u00a0<strong>C\u00f4ng ngh\u1ec7 NFC<\/strong>\u00a0v\u00e0o c\u00e1c chi\u1ebfn l\u01b0\u1ee3c thu h\u00fat kh\u00e1ch h\u00e0ng c\u00f3 th\u1ec3 c\u1ea3i thi\u1ec7n \u0111\u00e1ng k\u1ec3 s\u1ef1 ti\u1ec7n l\u1ee3i v\u00e0 thu th\u1eadp ph\u1ea3n h\u1ed3i c\u00f3 gi\u00e1 tr\u1ecb m\u1ed9t c\u00e1ch hi\u1ec7u qu\u1ea3. Nh\u1eefng th\u1ebb n\u00e0y c\u00f3 th\u1ec3 th\u00fac \u0111\u1ea9y c\u00e1c cu\u1ed9c tr\u00f2 chuy\u1ec7n, khuy\u1ebfn kh\u00edch t\u01b0\u01a1ng t\u00e1c c\u1ee7a kh\u00e1ch h\u00e0ng v\u00e0 sau \u0111\u00f3 t\u0103ng th\u1ee9 h\u1ea1ng Yelp ho\u1eb7c TripAdvisor c\u1ee7a b\u1ea1n. V\u1edbi c\u00e1c t\u00ednh n\u0103ng nh\u01b0 \u0111\u1ed9 b\u1ec1n ch\u1ed1ng th\u1ea5m n\u01b0\u1edbc v\u00e0 th\u1eddi ti\u1ebft, nh\u1eefng th\u1ebb n\u00e0y \u0111\u01b0\u1ee3c thi\u1ebft k\u1ebf cho nhi\u1ec1u m\u00f4i tr\u01b0\u1eddng kh\u00e1c nhau, khi\u1ebfn ch\u00fang tr\u1edf th\u00e0nh m\u1ed9t s\u1ef1 b\u1ed5 sung x\u1ee9ng \u0111\u00e1ng cho kho v\u0169 kh\u00ed ti\u1ebfp th\u1ecb c\u1ee7a b\u1ea1n.<\/span><\/p>\n<hr \/>\n<h2><\/h2>\n<h2 style=\"text-align: center;\"><em><strong><span style=\"color: #000080;\">S\u01a1 l\u01b0\u1ee3c s\u1ea3n ph\u1ea9m<\/span><\/strong><\/em><\/h2>\n<h3><span style=\"color: #333399;\"><strong>1. Th\u1ebb NFC c\u00f3 logo t\u00f9y ch\u1ec9nh l\u00e0 g\u00ec?<\/strong><\/span><\/h3>\n<p>Th\u1ebb NFC in logo t\u00f9y ch\u1ec9nh cho \u0110\u00e1nh gi\u00e1 Yelp\\Tripadvisor l\u00e0 th\u1ebb th\u00f4ng minh s\u1eed d\u1ee5ng\u00a0<strong>NFC (Giao ti\u1ebfp t\u1ea7m g\u1ea7n)<\/strong>\u00a0c\u00f4ng ngh\u1ec7 t\u1ea1o \u0111i\u1ec1u ki\u1ec7n cho c\u00e1c t\u01b0\u01a1ng t\u00e1c kh\u00f4ng ti\u1ebfp x\u00fac. Ch\u1ec9 c\u1ea7n ch\u1ea1m th\u1ebb v\u00e0o \u0111i\u1ec7n tho\u1ea1i th\u00f4ng minh t\u01b0\u01a1ng th\u00edch, kh\u00e1ch h\u00e0ng c\u00f3 th\u1ec3 truy c\u1eadp li\u00ean k\u1ebft d\u1eabn tr\u1ef1c ti\u1ebfp \u0111\u1ebfn trang \u0111\u00e1nh gi\u00e1 c\u1ee7a b\u1ea1n. \u0110i\u1ec1u n\u00e0y lo\u1ea1i b\u1ecf nhu c\u1ea7u nh\u1eadp th\u1ee7 c\u00f4ng, h\u1ee3p l\u00fd h\u00f3a quy tr\u00ecnh ph\u1ea3n h\u1ed3i v\u00e0 c\u1ea3i thi\u1ec7n t\u1ef7 l\u1ec7 ph\u1ea3n h\u1ed3i chung.<\/p>\n<p>&nbsp;<\/p>\n<h3><span style=\"color: #333399;\"><strong>2. C\u00e1c t\u00ednh n\u0103ng ch\u00ednh c\u1ee7a th\u1ebb NFC<\/strong><\/span><\/h3>\n<p><strong>Thu\u1ed9c t\u00ednh ch\u00ednh<\/strong>\u00a0th\u1ebb NFC c\u1ee7a ch\u00fang t\u00f4i bao g\u1ed3m:<\/p>\n<ul>\n<li><strong>T\u1ea7n su\u1ea5t ho\u1ea1t \u0111\u1ed9ng<\/strong>:13,56 MHz cho ph\u00e9p truy\u1ec1n th\u00f4ng \u1ed5n \u0111\u1ecbnh.<\/li>\n<li><strong>Kho\u1ea3ng c\u00e1ch \u0111\u1ecdc<\/strong>: Th\u1ebb c\u00f3 th\u1ec3 \u0111\u1ecdc \u0111\u01b0\u1ee3c t\u1eeb kho\u1ea3ng c\u00e1ch 2 \u0111\u1ebfn 10 cm, \u0111\u1ea3m b\u1ea3o d\u1ec5 s\u1eed d\u1ee5ng.<\/li>\n<li><strong>Th\u00e0nh ph\u1ea7n v\u1eadt li\u1ec7u<\/strong>: \u0110\u01b0\u1ee3c l\u00e0m t\u1eeb nh\u1ef1a PVC b\u1ec1n ch\u1eafc, \u0111\u1ea3m b\u1ea3o \u0111\u1ed9 b\u1ec1n l\u00e2u d\u00e0i.<\/li>\n<li><strong>In \u1ea5n t\u00f9y ch\u1ec9nh<\/strong>: C\u00f3 s\u1eb5n h\u1ec7 m\u00e0u in CMYK4C, cho ph\u00e9p in th\u01b0\u01a1ng hi\u1ec7u s\u1ed1ng \u0111\u1ed9ng.<\/li>\n<\/ul>\n<p>&nbsp;<\/p>\n<h3><span style=\"color: #333399;\"><strong>3. L\u1ee3i \u00edch c\u1ee7a vi\u1ec7c s\u1eed d\u1ee5ng th\u1ebb NFC \u0111\u1ec3 \u0111\u00e1nh gi\u00e1 kh\u00e1ch h\u00e0ng<\/strong><\/span><\/h3>\n<p>Th\u1ebb NFC kh\u00f4ng ch\u1ec9 hi\u1ec7u qu\u1ea3 trong vi\u1ec7c thu h\u00fat l\u01b0u l\u01b0\u1ee3ng truy c\u1eadp v\u00e0o trang \u0111\u00e1nh gi\u00e1 c\u1ee7a b\u1ea1n m\u00e0 c\u00f2n n\u00e2ng cao s\u1ef1 h\u00e0i l\u00f2ng c\u1ee7a kh\u00e1ch h\u00e0ng. B\u1eb1ng c\u00e1ch gi\u00fap kh\u00e1ch h\u00e0ng d\u1ec5 d\u00e0ng cung c\u1ea5p ph\u1ea3n h\u1ed3i, b\u1ea1n nhanh ch\u00f3ng thu th\u1eadp th\u00f4ng tin chi ti\u1ebft v\u1ec1 tr\u1ea3i nghi\u1ec7m c\u1ee7a h\u1ecd, d\u1eabn \u0111\u1ebfn c\u1ea3i ti\u1ebfn v\u00e0 th\u1ec3 hi\u1ec7n cam k\u1ebft c\u1ee7a b\u1ea1n \u0111\u1ed1i v\u1edbi d\u1ecbch v\u1ee5 kh\u00e1ch h\u00e0ng.<\/p>\n<p>&nbsp;<\/p>\n<h2><span style=\"color: #333399;\"><strong>4. Th\u00f4ng s\u1ed1 k\u1ef9 thu\u1eadt c\u1ee7a th\u1ebb NFC<\/strong><\/span><\/h2>\n<p>D\u01b0\u1edbi \u0111\u00e2y l\u00e0 c\u00e1c <strong>th\u00f4ng s\u1ed1 k\u1ef9 thu\u1eadt<\/strong> c\u1ee7a Th\u1ebb NFC In Logo T\u00f9y Ch\u1ec9nh c\u1ee7a ch\u00fang t\u00f4i d\u00e0nh cho \u0110\u00e1nh gi\u00e1 Yelp\\Tripadvisor:<\/p>\n<div class=\"table-with-header rounded-lg border border-solid border-grey-line2-normal w-fit max-w-full mb-2\">\n<div class=\"overflow-x-auto custom-scrollbar custom-scrollbar-float max-w-full\">\n<table class=\"w-fit !mb-0 !max-w-none\">\n<thead>\n<tr>\n<th>Thu\u1ed9c t\u00ednh<\/th>\n<th>\u0110\u1eb7c \u0111i\u1ec3m k\u1ef9 thu\u1eadt<\/th>\n<\/tr>\n<\/thead>\n<tbody>\n<tr>\n<td>Ngu\u1ed3n g\u1ed1c<\/td>\n<td>Qu\u1ea3ng \u0110\u00f4ng, Trung Qu\u1ed1c<\/td>\n<\/tr>\n<tr>\n<td>Lo\u1ea1i Chip<\/td>\n<td>NFC213\/215\/216 (NTAG\u00ae)<\/td>\n<\/tr>\n<tr>\n<td>K\u00edch th\u01b0\u1edbc b\u1ed9 nh\u1edb<\/td>\n<td>144\/504\/888 byte<\/td>\n<\/tr>\n<tr>\n<td>K\u00edch c\u1ee1<\/td>\n<td>85,5*54mm\/T\u00f9y ch\u1ec9nh<\/td>\n<\/tr>\n<tr>\n<td>Ph\u01b0\u01a1ng th\u1ee9c giao ti\u1ebfp<\/td>\n<td>RFID, NFC<\/td>\n<\/tr>\n<tr>\n<td>In \u1ea5n<\/td>\n<td>In Offset CMYK<\/td>\n<\/tr>\n<tr>\n<td>S\u1ed1 l\u01b0\u1ee3ng \u0111\u1eb7t h\u00e0ng t\u1ed1i thi\u1ec3u (MOQ)<\/td>\n<td>500<\/td>\n<\/tr>\n<tr>\n<td>T\u00ednh n\u0103ng \u0111\u1eb7c bi\u1ec7t<\/td>\n<td>Ch\u1ed1ng n\u01b0\u1edbc \/ Ch\u1ed1ng ch\u1ecbu th\u1eddi ti\u1ebft, MINI TAG<\/td>\n<\/tr>\n<\/tbody>\n<\/table>\n<\/div>\n<\/div>\n<h3><strong><span style=\"color: #333399;\">5. \u0110i\u1ec3m b\u00e1n h\u00e0ng \u0111\u1ed9c \u0111\u00e1o: <\/span><\/strong><\/h3>\n<h3><strong>Ch\u1ed1ng th\u1ea5m n\u01b0\u1edbc v\u00e0 th\u1eddi ti\u1ebft<\/strong><\/h3>\n<p>M\u1ed9t trong nh\u1eefng m\u1ed1i quan t\u00e2m ch\u00ednh \u0111\u1ed1i v\u1edbi c\u00e1c t\u00e0i li\u1ec7u qu\u1ea3ng c\u00e1o v\u1eadt l\u00fd l\u00e0 \u0111\u1ed9 b\u1ec1n. Th\u1ebb NFC c\u1ee7a ch\u00fang t\u00f4i \u0111i k\u00e8m v\u1edbi <strong>kh\u00f4ng th\u1ea5m n\u01b0\u1edbc v\u00e0 ch\u1ed1ng ch\u1ecbu th\u1eddi ti\u1ebft<\/strong>\u00a0ch\u1ea5t l\u01b0\u1ee3ng, \u0111\u1ea3m b\u1ea3o ch\u00fang t\u1ed3n t\u1ea1i trong nhi\u1ec1u \u0111i\u1ec1u ki\u1ec7n kh\u00e1c nhau, d\u00f9 l\u00e0 trong nh\u00e0 hay ngo\u00e0i tr\u1eddi. T\u00ednh n\u0103ng \u0111\u1eb7c bi\u1ec7t n\u00e0y khi\u1ebfn ch\u00fang ph\u00f9 h\u1ee3p v\u1edbi b\u1ea5t k\u1ef3 chi\u1ebfn d\u1ecbch ti\u1ebfp th\u1ecb n\u00e0o, d\u00f9 l\u00e0 t\u1ea1i nh\u00e0 h\u00e0ng, c\u1eeda h\u00e0ng b\u00e1n l\u1ebb hay s\u1ef1 ki\u1ec7n ngo\u00e0i tr\u1eddi.<\/p>\n<p>&nbsp;<\/p>\n<h2 style=\"text-align: center;\"><em><span style=\"color: #000080;\"><strong>C\u00e1ch s\u1eed d\u1ee5ng Th\u1ebb NFC c\u00f3 Logo t\u00f9y ch\u1ec9nh<\/strong><\/span><\/em><\/h2>\n<p>Vi\u1ec7c s\u1eed d\u1ee5ng th\u1ebb NFC r\u1ea5t \u0111\u01a1n gi\u1ea3n:<\/p>\n<ol>\n<li>Ph\u00e1t th\u1ebb cho kh\u00e1ch h\u00e0ng, \u0111\u1ea3m b\u1ea3o h\u1ecd hi\u1ec3u r\u00f5 m\u1ee5c \u0111\u00edch c\u1ee7a th\u1ebb.<\/li>\n<li>Kh\u00e1ch h\u00e0ng ch\u1ea1m thi\u1ebft b\u1ecb di \u0111\u1ed9ng c\u1ee7a m\u00ecnh v\u00e0o th\u1ebb.<\/li>\n<li>Thi\u1ebft b\u1ecb n\u00e0y li\u00ean k\u1ebft \u0111\u1ebfn trang ph\u1ea3n h\u1ed3i c\u1ee7a b\u1ea1n tr\u00ean c\u00e1c n\u1ec1n t\u1ea3ng nh\u01b0 Yelp ho\u1eb7c TripAdvisor.<\/li>\n<li>Khuy\u1ebfn kh\u00edch h\u1ecd \u0111\u1ec3 l\u1ea1i \u0111\u00e1nh gi\u00e1 \u0111\u1ec3 nh\u1eefng kh\u00e1ch h\u00e0ng kh\u00e1c xem.<\/li>\n<\/ol>\n<p>&nbsp;<\/p>\n<h2 style=\"text-align: center;\"><em><span style=\"color: #000080;\"><strong>Thi\u1ebft k\u1ebf Th\u1ebb NFC Logo T\u00f9y ch\u1ec9nh Ho\u00e0n h\u1ea3o<\/strong><\/span><\/em><\/h2>\n<p>Thi\u1ebft k\u1ebf c\u1ee7a b\u1ea1n <strong>th\u1ebb \u0111\u00e1nh gi\u00e1<\/strong>\u00a0r\u1ea5t quan tr\u1ecdng \u0111\u1ec3 thu h\u00fat s\u1ef1 ch\u00fa \u00fd. K\u1ebft h\u1ee3p m\u00e0u s\u1eafc, logo v\u00e0 l\u1eddi k\u00eau g\u1ecdi h\u00e0nh \u0111\u1ed9ng r\u00f5 r\u00e0ng c\u1ee7a th\u01b0\u01a1ng hi\u1ec7u. In CMYK ch\u1ea5t l\u01b0\u1ee3ng cao \u0111\u1ea3m b\u1ea3o r\u1eb1ng thi\u1ebft k\u1ebf c\u1ee7a b\u1ea1n kh\u00f4ng ch\u1ec9 b\u1eaft m\u1eaft m\u00e0 c\u00f2n ph\u1ea3n \u00e1nh b\u1ea3n s\u1eafc th\u01b0\u01a1ng hi\u1ec7u c\u1ee7a b\u1ea1n, khi\u1ebfn kh\u00e1ch h\u00e0ng h\u00e0o h\u1ee9ng t\u01b0\u01a1ng t\u00e1c v\u1edbi danh thi\u1ebfp c\u1ee7a b\u1ea1n.<\/p>\n<p>&nbsp;<\/p>\n<h2 style=\"text-align: center;\"><em><span style=\"color: #000080;\"><strong>T\u00e1c \u0111\u1ed9ng m\u00f4i tr\u01b0\u1eddng c\u1ee7a th\u1ebb NFC<\/strong><\/span><\/em><\/h2>\n<p>Trong m\u1ed9t th\u1ebf gi\u1edbi thay \u0111\u1ed5i nhanh ch\u00f3ng, t\u00ednh b\u1ec1n v\u1eefng l\u00e0 ch\u00eca kh\u00f3a. Th\u1ebb NFC c\u1ee7a ch\u00fang t\u00f4i \u0111\u01b0\u1ee3c l\u00e0m t\u1eeb v\u1eadt li\u1ec7u PVC th\u00e2n thi\u1ec7n v\u1edbi m\u00f4i tr\u01b0\u1eddng, gi\u1ea3m thi\u1ec3u d\u1ea5u ch\u00e2n m\u00f4i tr\u01b0\u1eddng li\u00ean quan \u0111\u1ebfn c\u00e1c ph\u01b0\u01a1ng ph\u00e1p thu th\u1eadp \u0111\u00e1nh gi\u00e1 truy\u1ec1n th\u1ed1ng. Chuy\u1ec3n \u0111\u1ed5i sang c\u00e1c gi\u1ea3i ph\u00e1p k\u1ef9 thu\u1eadt s\u1ed1 nh\u01b0 <strong>C\u00f4ng ngh\u1ec7 NFC<\/strong>\u00a0g\u00f3p ph\u1ea7n t\u1ea1o n\u00ean m\u00f4 h\u00ecnh kinh doanh b\u1ec1n v\u1eefng h\u01a1n.<\/p>\n<p>&nbsp;<\/p>\n<h2 style=\"text-align: center;\"><em><span style=\"color: #000080;\"><strong>\u0110\u00e1nh gi\u00e1 c\u1ee7a kh\u00e1ch h\u00e0ng<\/strong><\/span><\/em><\/h2>\n<p>Ph\u1ea3n h\u1ed3i th\u1ef1c t\u1ebf t\u1eeb ng\u01b0\u1eddi d\u00f9ngKh\u00e1ch h\u00e0ng \u0111\u00e3 t\u00edch h\u1ee3p <strong>th\u1ebb NFC<\/strong>\u00a0v\u00e0o doanh nghi\u1ec7p c\u1ee7a h\u1ecd b\u00e1o c\u00e1o s\u1ef1 gia t\u0103ng \u0111\u00e1ng k\u1ec3 v\u1ec1 m\u1ee9c \u0111\u1ed9 t\u01b0\u01a1ng t\u00e1c v\u00e0 ch\u1ea5t l\u01b0\u1ee3ng ph\u1ea3n h\u1ed3i. Sau \u0111\u00e2y l\u00e0 m\u1ed9t s\u1ed1 l\u1eddi ch\u1ee9ng th\u1ef1c:<\/p>\n<ul>\n<li><span style=\"color: #008080;\"><strong>\u201cTh\u1ebb NFC gi\u00fap vi\u1ec7c thu th\u1eadp \u0111\u00e1nh gi\u00e1 d\u1ec5 d\u00e0ng h\u01a1n nhi\u1ec1u. Kh\u00e1ch h\u00e0ng c\u1ee7a ch\u00fang t\u00f4i th\u00edch c\u00e1ch th\u1ee9c nhanh ch\u00f3ng v\u00e0 \u0111\u01a1n gi\u1ea3n n\u00e0y!\u201d<\/strong><\/span> \u2013 Emily R.<\/li>\n<li><span style=\"color: #666699;\"><strong>\u201cCh\u00fang t\u00f4i th\u1ea5y a40% t\u0103ng ph\u1ea3n h\u1ed3i sau khi ch\u00fang t\u00f4i b\u1eaft \u0111\u1ea7u s\u1eed d\u1ee5ng th\u1ebb NFC. \u0110i\u1ec1u n\u00e0y th\u1eadt tuy\u1ec7t v\u1eddi cho danh ti\u1ebfng tr\u1ef1c tuy\u1ebfn c\u1ee7a ch\u00fang t\u00f4i.\u201d<\/strong><\/span> \u2013 Mike T.<\/li>\n<\/ul>","protected":false},"excerpt":{"rendered":"<p>Th\u1ebb NFC c\u00f3 logo t\u00f9y ch\u1ec9nh gi\u00fap t\u0103ng c\u01b0\u1eddng s\u1ef1 t\u01b0\u01a1ng t\u00e1c c\u1ee7a kh\u00e1ch h\u00e0ng b\u1eb1ng c\u00e1ch cho ph\u00e9p g\u1eedi \u0111\u00e1nh gi\u00e1 d\u1ec5 d\u00e0ng, kh\u00f4ng ti\u1ebfp x\u00fac, n\u00e2ng cao uy t\u00edn tr\u1ef1c tuy\u1ebfn v\u1edbi \u0111\u1ed9 b\u1ec1n ch\u1ed1ng th\u1ea5m n\u01b0\u1edbc.<\/p>","protected":false},"featured_media":3462,"template":"","meta":[],"product_brand":[],"product_cat":[46],"product_tag":[],"class_list":{"0":"post-3460","1":"product","2":"type-product","3":"status-publish","4":"has-post-thumbnail","6":"product_cat-nfc-cards","8":"first","9":"instock","10":"shipping-taxable","11":"product-type-simple"},"_links":{"self":[{"href":"https:\/\/nfc-readers.com\/vi\/wp-json\/wp\/v2\/product\/3460","targetHints":{"allow":["GET"]}}],"collection":[{"href":"https:\/\/nfc-readers.com\/vi\/wp-json\/wp\/v2\/product"}],"about":[{"href":"https:\/\/nfc-readers.com\/vi\/wp-json\/wp\/v2\/types\/product"}],"wp:featuredmedia":[{"embeddable":true,"href":"https:\/\/nfc-readers.com\/vi\/wp-json\/wp\/v2\/media\/3462"}],"wp:attachment":[{"href":"https:\/\/nfc-readers.com\/vi\/wp-json\/wp\/v2\/media?parent=3460"}],"wp:term":[{"taxonomy":"product_brand","embeddable":true,"href":"https:\/\/nfc-readers.com\/vi\/wp-json\/wp\/v2\/product_brand?post=3460"},{"taxonomy":"product_cat","embeddable":true,"href":"https:\/\/nfc-readers.com\/vi\/wp-json\/wp\/v2\/product_cat?post=3460"},{"taxonomy":"product_tag","embeddable":true,"href":"https:\/\/nfc-readers.com\/vi\/wp-json\/wp\/v2\/product_tag?post=3460"}],"curies":[{"name":"wp","href":"https:\/\/api.w.org\/{rel}","templated":true}]}}